{"id":7907,"date":"2022-02-03T07:44:07","date_gmt":"2022-02-03T06:44:07","guid":{"rendered":"https:\/\/cifre2022.atic.green\/?page_id=7907"},"modified":"2022-04-19T09:42:24","modified_gmt":"2022-04-19T07:42:24","slug":"cifre-group-projects","status":"publish","type":"page","link":"https:\/\/cifreceramica.com\/fr\/cifre-group-projects\/","title":{"rendered":"Cifre Group Projects"},"content":{"rendered":"<p>[vc_row full_width=\u00a0\u00bbstretch_row\u00a0\u00bb full_height=\u00a0\u00bbyes\u00a0\u00bb columns_placement=\u00a0\u00bbbottom\u00a0\u00bb el_class=\u00a0\u00bbslider_home_ancho\u00a0\u00bb][vc_column]\n    <h3 style=\"text-align: left;\">Cifre Cer\u00e1mica et les surfaces Zenon, protagonistes de la nouvelle salle d&rsquo;exposition de Borremans<\/h3>\n    <p style=\"text-align: left;\"><\/p>\n    <script>\n      jQuery(document).ready(function(){\n        jQuery(\".slider_home_ancho\").css(\"background-image\", \"url(https:\/\/cifreceramica.com\/wp-content\/uploads\/2024\/05\/entrada-borremans-principal.jpg)\")\n      });\n    <\/script>[\/vc_column][\/vc_row][vc_row full_width=\u00a0\u00bbstretch_row_content\u00a0\u00bb el_class=\u00a0\u00bbbreadcrumb\u00a0\u00bb][vc_column][\/vc_column][\/vc_row][vc_row el_class=\u00a0\u00bbtitulares_top_new filosofia\u00a0\u00bb][vc_column width=\u00a0\u00bb1\/6&Prime;][\/vc_column][vc_column width=\u00a0\u00bb2\/3&Prime;][vc_column_text]<\/p>\n<h1 style=\"text-align: center;\">Cifre Group Projects<\/h1>\n<p style=\"text-align: center;\">There are materials that become indispensable tools for architects to be able to design with total freedom. And there are also architectural studios that know how to get the most out of these materials. In this section we talk to you about some of these symbioses, about a long-standing collaboration that has given shape to aesthetic and functional projects.<\/p>\n<p>[\/vc_column_text][\/vc_column][vc_column width=\u00a0\u00bb1\/6&Prime;][\/vc_column][\/vc_row][vc_row][vc_column]<div class=\"listado_proyectos\"><div class=\"listado_proyectos_slider\"><div class=\"vc_row wpb_row vc_row-fluid\"><div class=\"item_listado_proyecto wpb_column vc_column_container vc_col-sm-6\"><div class=\"vc_column-inner\"><div class=\"wpb_wrapper\"><a href=\"https:\/\/cifreceramica.com\/fr\/cifre-ceramica-et-les-surfaces-zenon-protagonistes-de-la-nouvelle-salle-dexposition-de-borremans\/\"><img decoding=\"async\" src=\"https:\/\/cifreceramica.com\/wp-content\/uploads\/2024\/05\/entrada-borremans-principal-700x370.jpg\"><h2>Cifre Cer\u00e1mica et les surfaces Zenon, protagonistes de la nouvelle salle d&rsquo;exposition de Borremans<\/h2><\/div><\/div><\/div><div class=\"item_listado_proyecto wpb_column vc_column_container vc_col-sm-6\"><div class=\"vc_column-inner\"><div class=\"wpb_wrapper\"><a href=\"https:\/\/cifreceramica.com\/fr\/projet-capanes-la-personnalite-de-kliff-sand\/\"><img decoding=\"async\" src=\"https:\/\/cifreceramica.com\/wp-content\/uploads\/2023\/03\/portada-capanes_02-700x370.jpg\"><h2>Projet Capanes : la personnalit\u00e9 de Kliff Sand<\/h2><\/div><\/div><\/div><\/div><div class=\"vc_row wpb_row vc_row-fluid\"><div class=\"item_listado_proyecto wpb_column vc_column_container vc_col-sm-6\"><div class=\"vc_column-inner\"><div class=\"wpb_wrapper\"><a href=\"https:\/\/cifreceramica.com\/fr\/granite-white-the-star-material-at-casa-banlusa\/\"><img decoding=\"async\" src=\"https:\/\/cifreceramica.com\/wp-content\/uploads\/2021\/12\/casa_banlusa_presentacion-2.jpg\"><h2>Granite White, the star material at Casa Banlusa<\/h2><\/div><\/div><\/div><div class=\"item_listado_proyecto wpb_column vc_column_container vc_col-sm-6\"><div class=\"vc_column-inner\"><div class=\"wpb_wrapper\"><a href=\"https:\/\/cifreceramica.com\/fr\/vermont-oak-and-sahara-noir-a-winning-combination-in-the-poolhouse-v-project-belgium\/\"><img decoding=\"async\" src=\"https:\/\/cifreceramica.com\/wp-content\/uploads\/2022\/02\/project-poolhouse-principal-700x370.jpg\"><h2>Vermont Oak and Sahara Noir, a winning combination in the Poolhouse V project (Belgium)<\/h2><\/div><\/div><\/div><\/div><div class=\"vc_row wpb_row vc_row-fluid\"><div class=\"item_listado_proyecto wpb_column vc_column_container vc_col-sm-6\"><div class=\"vc_column-inner\"><div class=\"wpb_wrapper\"><a href=\"https:\/\/cifreceramica.com\/fr\/cifre-contract-the-xlife-collection-reinforces-the-urban-character-of-the-protur-naisa-hotel-in-palma-de-mallorca\/\"><img decoding=\"async\" src=\"https:\/\/cifreceramica.com\/wp-content\/uploads\/2019\/12\/principal.jpg\"><h2>Cifre Contract : The XLife collection reinforces the urban character of the Protur Naisa hotel in Palma de Mallorca<\/h2><\/div><\/div><\/div><div class=\"item_listado_proyecto wpb_column vc_column_container vc_col-sm-6\"><div class=\"vc_column-inner\"><div class=\"wpb_wrapper\"><a href=\"https:\/\/cifreceramica.com\/fr\/destudio-arquitectura-and-zenon-a-prolific-collaboration\/\"><img decoding=\"async\" src=\"https:\/\/cifreceramica.com\/wp-content\/uploads\/2021\/09\/portada.jpg\"><h2>D&rsquo;Estudio Arquitectura and Zenon: a prolific collaboration<\/h2><\/div><\/div><\/div><\/div><\/div><div class=\"listado_proyectos_slider\"><div class=\"vc_row wpb_row vc_row-fluid\"><div class=\"item_listado_proyecto wpb_column vc_column_container vc_col-sm-6\"><div class=\"vc_column-inner\"><div class=\"wpb_wrapper\"><a href=\"https:\/\/cifreceramica.com\/fr\/ceramic-facades-cifre-and-the-hotel-tui-blue-don-pedro-in-mallorca\/\"><img decoding=\"async\" src=\"https:\/\/cifreceramica.com\/wp-content\/uploads\/2020\/02\/tui_portada.jpg\"><h2>Ceramic fa\u00e7ades: Cifre and the Hotel TUI Blue Don Pedro in Mallorca<\/h2><\/div><\/div><\/div><div class=\"item_listado_proyecto wpb_column vc_column_container vc_col-sm-6\"><div class=\"vc_column-inner\"><div class=\"wpb_wrapper\"><a href=\"https:\/\/cifreceramica.com\/fr\/cifre-retail-ceramics-to-give-a-new-look-to-your-pharmacy\/\"><img decoding=\"async\" src=\"https:\/\/cifreceramica.com\/wp-content\/uploads\/2019\/12\/principal-1.jpg\"><h2>Cifre retail: ceramics to give a new look to your pharmacy<\/h2><\/div><\/div><\/div><\/div><div class=\"vc_row wpb_row vc_row-fluid\"><div class=\"item_listado_proyecto wpb_column vc_column_container vc_col-sm-6\"><div class=\"vc_column-inner\"><div class=\"wpb_wrapper\"><a href=\"https:\/\/cifreceramica.com\/fr\/renovation-of-a-house-in-barcelona-ceramics-as-an-indispensable-material\/\"><img decoding=\"async\" src=\"https:\/\/cifreceramica.com\/wp-content\/uploads\/2021\/10\/reforma_principal.jpg\"><h2>Renovation of a house in Barcelona: ceramics as an indispensable material<\/h2><\/div><\/div><\/div><div class=\"item_listado_proyecto wpb_column vc_column_container vc_col-sm-6\"><div class=\"vc_column-inner\"><div class=\"wpb_wrapper\"><a href=\"https:\/\/cifreceramica.com\/fr\/cifre-ceramica-consolidates-its-collaboration-with-papa-johns\/\"><img decoding=\"async\" src=\"https:\/\/cifreceramica.com\/wp-content\/uploads\/2021\/10\/principal.jpg\"><h2>Cifre Cer\u00e1mica consolidates its collaboration with Papa John&rsquo;s<\/h2><\/div><\/div><\/div><\/div><div class=\"vc_row wpb_row vc_row-fluid\"><div class=\"item_listado_proyecto wpb_column vc_column_container vc_col-sm-6\"><div class=\"vc_column-inner\"><div class=\"wpb_wrapper\"><a href=\"https:\/\/cifreceramica.com\/fr\/diamond-gold-a-sophisticated-bet-for-your-hairdressing-salon\/\"><img decoding=\"async\" src=\"https:\/\/cifreceramica.com\/wp-content\/uploads\/2021\/11\/serie-golden.jpg\"><h2>Diamond Gold: a sophisticated bet for your hairdressing salon<\/h2><\/div><\/div><\/div><div class=\"item_listado_proyecto wpb_column vc_column_container vc_col-sm-6\"><div class=\"vc_column-inner\"><div class=\"wpb_wrapper\"><a href=\"https:\/\/cifreceramica.com\/fr\/public-works-in-toledo-keystone-as-a-solution-for-captivating-facades\/\"><img decoding=\"async\" src=\"https:\/\/cifreceramica.com\/wp-content\/uploads\/2021\/11\/obra-publica-brick-and-more-1-1-700x370.jpg\"><h2>Public works in Toledo: Keystone as a solution for captivating fa\u00e7ades<\/h2><\/div><\/div><\/div><\/div><\/div><div class=\"listado_proyectos_slider\"><div class=\"vc_row wpb_row vc_row-fluid\"><div class=\"item_listado_proyecto wpb_column vc_column_container vc_col-sm-6\"><div class=\"vc_column-inner\"><div class=\"wpb_wrapper\"><a href=\"https:\/\/cifreceramica.com\/fr\/cifres-ceramics-reinforce-the-urban-character-of-papa-johns-restaurants-in-spain\/\"><img decoding=\"async\" src=\"https:\/\/cifreceramica.com\/wp-content\/uploads\/2021\/02\/principal-1.jpg\"><h2>Cifre&rsquo;s ceramics reinforce the urban character of Papa John&rsquo;s restaurants in Spain.<\/h2><\/div><\/div><\/div><div class=\"item_listado_proyecto wpb_column vc_column_container vc_col-sm-6\"><div class=\"vc_column-inner\"><div class=\"wpb_wrapper\"><a href=\"https:\/\/cifreceramica.com\/fr\/cifreprojects-renovation-of-a-loft-in-valencia-boho-style\/\"><img decoding=\"async\" src=\"https:\/\/cifreceramica.com\/wp-content\/uploads\/2021\/05\/1.jpg\"><h2>#CifreProjects: renovation of a loft in Valencia boho style<\/h2><\/div><\/div><\/div><\/div><\/div><\/div>\n    <script>\n      jQuery(document).ready(function(){\n        jQuery(\".listado_proyectos\").slick({\n          slidesToShow: 1,\n          dots: true,\n          infinite: false,\n          customPaging : function(slider, i) {\n              var thumb = jQuery(slider.$slides[i]).data();\n              return \"<a>\"+(i+1)+\"<\/a>\";\n          }\n        });\n      });\n\n      jQuery(\".listado_proyectos\").on(\"init\", function(event, slick){\n        var $items = slick.$dots.find(\"li\");\n        $items.addClass(\"transparent-circle\");\n\n        $items.find(\"button\").remove();\n      });\n\n      jQuery(document).on(\"click\", \"ul.slick-dots li\", function(){\n        var idElement = \".listado_proyectos\";\n        var aTag = jQuery(idElement);\n\n        jQuery(\"html,body\").animate({scrollTop: aTag.offset().top - 200},\"slow\");\n\n      });\n    <\/script>\n    [\/vc_column][\/vc_row]<\/p>\n","protected":false},"excerpt":{"rendered":"Mixing the traditional architecture of a 1900's house with the most elegant and modern boho design. This is the aim of the renovation project that we present to you today and in which the materials of Cifre Cer\u00e1mica have had a lot to do with it. The property is located in the Cabanyal district of [...]","protected":false},"author":1,"featured_media":0,"parent":0,"menu_order":0,"comment_status":"closed","ping_status":"closed","template":"","meta":{"footnotes":""},"class_list":["post-7907","page","type-page","status-publish","hentry"],"yoast_head":"<!-- This site is optimized with the Yoast SEO plugin v27.3 - https:\/\/yoast.com\/product\/yoast-seo-wordpress\/ -->\n<title>Cifre Group Projects - CIFRE CER\u00c1MICA<\/title>\n<meta name=\"robots\" content=\"index, follow, max-snippet:-1, max-image-preview:large, max-video-preview:-1\" \/>\n<link rel=\"canonical\" href=\"https:\/\/cifreceramica.com\/fr\/cifre-group-projects\/\" \/>\n<meta property=\"og:locale\" content=\"fr_FR\" \/>\n<meta property=\"og:type\" content=\"article\" \/>\n<meta property=\"og:title\" content=\"Cifre Group Projects - CIFRE CER\u00c1MICA\" \/>\n<meta property=\"og:url\" content=\"https:\/\/cifreceramica.com\/fr\/cifre-group-projects\/\" \/>\n<meta property=\"og:site_name\" content=\"CIFRE CER\u00c1MICA\" \/>\n<meta property=\"article:publisher\" content=\"https:\/\/www.facebook.com\/Cifreceramica\/\" \/>\n<meta property=\"article:modified_time\" content=\"2022-04-19T07:42:24+00:00\" \/>\n<meta name=\"twitter:card\" content=\"summary_large_image\" \/>\n<meta name=\"twitter:site\" content=\"@cifreceramica\" \/>\n<meta name=\"twitter:label1\" content=\"Dur\u00e9e de lecture estim\u00e9e\" \/>\n\t<meta name=\"twitter:data1\" content=\"1 minute\" \/>\n<script type=\"application\/ld+json\" class=\"yoast-schema-graph\">{\"@context\":\"https:\\\/\\\/schema.org\",\"@graph\":[{\"@type\":\"WebPage\",\"@id\":\"https:\\\/\\\/cifreceramica.com\\\/fr\\\/cifre-group-projects\\\/\",\"url\":\"https:\\\/\\\/cifreceramica.com\\\/fr\\\/cifre-group-projects\\\/\",\"name\":\"Cifre Group Projects - CIFRE CER\u00c1MICA\",\"isPartOf\":{\"@id\":\"https:\\\/\\\/cifreceramica.com\\\/#website\"},\"datePublished\":\"2022-02-03T06:44:07+00:00\",\"dateModified\":\"2022-04-19T07:42:24+00:00\",\"breadcrumb\":{\"@id\":\"https:\\\/\\\/cifreceramica.com\\\/fr\\\/cifre-group-projects\\\/#breadcrumb\"},\"inLanguage\":\"fr-FR\",\"potentialAction\":[{\"@type\":\"ReadAction\",\"target\":[\"https:\\\/\\\/cifreceramica.com\\\/fr\\\/cifre-group-projects\\\/\"]}]},{\"@type\":\"BreadcrumbList\",\"@id\":\"https:\\\/\\\/cifreceramica.com\\\/fr\\\/cifre-group-projects\\\/#breadcrumb\",\"itemListElement\":[{\"@type\":\"ListItem\",\"position\":1,\"name\":\"Portada\",\"item\":\"https:\\\/\\\/cifreceramica.com\\\/fr\\\/\"},{\"@type\":\"ListItem\",\"position\":2,\"name\":\"Cifre Group Projects\"}]},{\"@type\":\"WebSite\",\"@id\":\"https:\\\/\\\/cifreceramica.com\\\/#website\",\"url\":\"https:\\\/\\\/cifreceramica.com\\\/\",\"name\":\"CIFRE CER\u00c1MICA\",\"description\":\"Azulejo, cer\u00e1mica, decoraci\u00f3n, pavimento, revestimiento\",\"publisher\":{\"@id\":\"https:\\\/\\\/cifreceramica.com\\\/#organization\"},\"potentialAction\":[{\"@type\":\"SearchAction\",\"target\":{\"@type\":\"EntryPoint\",\"urlTemplate\":\"https:\\\/\\\/cifreceramica.com\\\/?s={search_term_string}\"},\"query-input\":{\"@type\":\"PropertyValueSpecification\",\"valueRequired\":true,\"valueName\":\"search_term_string\"}}],\"inLanguage\":\"fr-FR\"},{\"@type\":\"Organization\",\"@id\":\"https:\\\/\\\/cifreceramica.com\\\/#organization\",\"name\":\"CIFRE CERAMICA SL.\",\"url\":\"https:\\\/\\\/cifreceramica.com\\\/\",\"logo\":{\"@type\":\"ImageObject\",\"inLanguage\":\"fr-FR\",\"@id\":\"https:\\\/\\\/cifreceramica.com\\\/#\\\/schema\\\/logo\\\/image\\\/\",\"url\":\"https:\\\/\\\/cifreceramica.com\\\/wp-content\\\/uploads\\\/2020\\\/03\\\/logo-cifre.jpg\",\"contentUrl\":\"https:\\\/\\\/cifreceramica.com\\\/wp-content\\\/uploads\\\/2020\\\/03\\\/logo-cifre.jpg\",\"width\":648,\"height\":320,\"caption\":\"CIFRE CERAMICA SL.\"},\"image\":{\"@id\":\"https:\\\/\\\/cifreceramica.com\\\/#\\\/schema\\\/logo\\\/image\\\/\"},\"sameAs\":[\"https:\\\/\\\/www.facebook.com\\\/Cifreceramica\\\/\",\"https:\\\/\\\/x.com\\\/cifreceramica\",\"https:\\\/\\\/www.instagram.com\\\/cifreceramica\\\/\",\"https:\\\/\\\/www.linkedin.com\\\/cifreceramica\",\"https:\\\/\\\/www.pinterest.es\\\/CifreReport\\\/_created\\\/\",\"https:\\\/\\\/www.youtube.com\\\/channel\\\/UC6T43U-C68ZKx58s-QVY0Eg\"]}]}<\/script>\n<!-- \/ Yoast SEO plugin. -->","yoast_head_json":{"title":"Cifre Group Projects - CIFRE CER\u00c1MICA","robots":{"index":"index","follow":"follow","max-snippet":"max-snippet:-1","max-image-preview":"max-image-preview:large","max-video-preview":"max-video-preview:-1"},"canonical":"https:\/\/cifreceramica.com\/fr\/cifre-group-projects\/","og_locale":"fr_FR","og_type":"article","og_title":"Cifre Group Projects - CIFRE CER\u00c1MICA","og_url":"https:\/\/cifreceramica.com\/fr\/cifre-group-projects\/","og_site_name":"CIFRE CER\u00c1MICA","article_publisher":"https:\/\/www.facebook.com\/Cifreceramica\/","article_modified_time":"2022-04-19T07:42:24+00:00","twitter_card":"summary_large_image","twitter_site":"@cifreceramica","twitter_misc":{"Dur\u00e9e de lecture estim\u00e9e":"1 minute"},"schema":{"@context":"https:\/\/schema.org","@graph":[{"@type":"WebPage","@id":"https:\/\/cifreceramica.com\/fr\/cifre-group-projects\/","url":"https:\/\/cifreceramica.com\/fr\/cifre-group-projects\/","name":"Cifre Group Projects - CIFRE CER\u00c1MICA","isPartOf":{"@id":"https:\/\/cifreceramica.com\/#website"},"datePublished":"2022-02-03T06:44:07+00:00","dateModified":"2022-04-19T07:42:24+00:00","breadcrumb":{"@id":"https:\/\/cifreceramica.com\/fr\/cifre-group-projects\/#breadcrumb"},"inLanguage":"fr-FR","potentialAction":[{"@type":"ReadAction","target":["https:\/\/cifreceramica.com\/fr\/cifre-group-projects\/"]}]},{"@type":"BreadcrumbList","@id":"https:\/\/cifreceramica.com\/fr\/cifre-group-projects\/#breadcrumb","itemListElement":[{"@type":"ListItem","position":1,"name":"Portada","item":"https:\/\/cifreceramica.com\/fr\/"},{"@type":"ListItem","position":2,"name":"Cifre Group Projects"}]},{"@type":"WebSite","@id":"https:\/\/cifreceramica.com\/#website","url":"https:\/\/cifreceramica.com\/","name":"CIFRE CER\u00c1MICA","description":"Azulejo, cer\u00e1mica, decoraci\u00f3n, pavimento, revestimiento","publisher":{"@id":"https:\/\/cifreceramica.com\/#organization"},"potentialAction":[{"@type":"SearchAction","target":{"@type":"EntryPoint","urlTemplate":"https:\/\/cifreceramica.com\/?s={search_term_string}"},"query-input":{"@type":"PropertyValueSpecification","valueRequired":true,"valueName":"search_term_string"}}],"inLanguage":"fr-FR"},{"@type":"Organization","@id":"https:\/\/cifreceramica.com\/#organization","name":"CIFRE CERAMICA SL.","url":"https:\/\/cifreceramica.com\/","logo":{"@type":"ImageObject","inLanguage":"fr-FR","@id":"https:\/\/cifreceramica.com\/#\/schema\/logo\/image\/","url":"https:\/\/cifreceramica.com\/wp-content\/uploads\/2020\/03\/logo-cifre.jpg","contentUrl":"https:\/\/cifreceramica.com\/wp-content\/uploads\/2020\/03\/logo-cifre.jpg","width":648,"height":320,"caption":"CIFRE CERAMICA SL."},"image":{"@id":"https:\/\/cifreceramica.com\/#\/schema\/logo\/image\/"},"sameAs":["https:\/\/www.facebook.com\/Cifreceramica\/","https:\/\/x.com\/cifreceramica","https:\/\/www.instagram.com\/cifreceramica\/","https:\/\/www.linkedin.com\/cifreceramica","https:\/\/www.pinterest.es\/CifreReport\/_created\/","https:\/\/www.youtube.com\/channel\/UC6T43U-C68ZKx58s-QVY0Eg"]}]}},"_links":{"self":[{"href":"https:\/\/cifreceramica.com\/fr\/wp-json\/wp\/v2\/pages\/7907","targetHints":{"allow":["GET"]}}],"collection":[{"href":"https:\/\/cifreceramica.com\/fr\/wp-json\/wp\/v2\/pages"}],"about":[{"href":"https:\/\/cifreceramica.com\/fr\/wp-json\/wp\/v2\/types\/page"}],"author":[{"embeddable":true,"href":"https:\/\/cifreceramica.com\/fr\/wp-json\/wp\/v2\/users\/1"}],"replies":[{"embeddable":true,"href":"https:\/\/cifreceramica.com\/fr\/wp-json\/wp\/v2\/comments?post=7907"}],"version-history":[{"count":6,"href":"https:\/\/cifreceramica.com\/fr\/wp-json\/wp\/v2\/pages\/7907\/revisions"}],"predecessor-version":[{"id":9030,"href":"https:\/\/cifreceramica.com\/fr\/wp-json\/wp\/v2\/pages\/7907\/revisions\/9030"}],"wp:attachment":[{"href":"https:\/\/cifreceramica.com\/fr\/wp-json\/wp\/v2\/media?parent=7907"}],"curies":[{"name":"wp","href":"https:\/\/api.w.org\/{rel}","templated":true}]}}