{"id":2923,"date":"2019-09-25T12:39:02","date_gmt":"2019-09-25T10:39:02","guid":{"rendered":"https:\/\/cifreceramica.com\/feria-ficha-coleccion\/"},"modified":"2022-02-03T12:59:36","modified_gmt":"2022-02-03T11:59:36","slug":"feria-ficha-coleccion-fr","status":"publish","type":"page","link":"https:\/\/cifreceramica.com\/fr\/feria-ficha-coleccion-fr\/","title":{"rendered":"Feria &#8211; Ficha colecci\u00f3n"},"content":{"rendered":"<p>[vc_row full_width=\u00a0\u00bbstretch_row_content\u00a0\u00bb el_class=\u00a0\u00bbbreadcrumb\u00a0\u00bb][vc_column][\/vc_column][\/vc_row][vc_row][vc_column width=\u00a0\u00bb1\/6&Prime;][\/vc_column][vc_column width=\u00a0\u00bb2\/3&Prime;]<div class=\"feria_titular\"><h1><\/h1><p><\/p><a href=\"\/feria-fr\/\"><img decoding=\"async\" src=\"\/wp-content\/uploads\/2022\/02\/flecha-izquierda.svg\"> Retour<\/a><\/div>[\/vc_column][vc_column width=\u00a0\u00bb1\/6&Prime;][\/vc_column][\/vc_row][vc_row full_width=\u00a0\u00bbstretch_row_content_no_spaces\u00a0\u00bb][vc_column]<div class=\"feria_img_destacada\"><img decoding=\"async\" src=\"\" style=\"width:100%;\"><\/div>[\/vc_column][\/vc_row][vc_row][vc_column]<div class=\"feria_contenido\"><div class=\"vc_row\"><div class=\"vc_col-sm-8\"><div class=\"galeria\"><div class=\"slide_galeria\"><\/div><div class=\"navegacion\">1\/3<\/div><div class=\"navegacion-flechas\"><a class=\"prev\" href=\"#\"><img decoding=\"async\" src=\"\/wp-content\/uploads\/2022\/02\/flecha-izquierda.svg\"><\/a> <a class=\"next\" href=\"#\"><img decoding=\"async\" src=\"\/wp-content\/uploads\/2022\/02\/flecha-derecha.svg\"><\/a><\/div><\/div><\/div><div class=\"vc_col-sm-4\"><div class=\"texto\"><p><\/p><\/div><\/div><\/div><\/div>\n          <script>\n            jQuery(document).ready(function(){\n              jQuery(\".slide_galeria\").slick({\n                infinite: false,\n                prevArrow: jQuery(\".prev\"),\n                nextArrow: jQuery(\".next\"),\n              });\n            });\n            jQuery(\".slide_galeria\").on(\"afterChange\", function (event, slick, currentSlide) {\n                let total_images = jQuery(\".slide_galeria img\").length;\n                let current_image = currentSlide + 1;\n\n                jQuery(\".navegacion\").html(current_image + \"\/\" + total_images);\n            });\n            jQuery(\".slide_galeria\").on(\"init\", function (event, slick) {\n                let total_images = jQuery(\".slide_galeria img\").length;\n\n                jQuery(\".navegacion\").html(\"1\/\" + total_images);\n            });\n          <\/script>\n        [\/vc_column][\/vc_row][vc_row full_width=\u00a0\u00bbstretch_row_content\u00a0\u00bb][vc_column]<div class=\"feria_slide\"\"><div class=\"vc_row\"><div class=\"slide_horizontal\"><\/div><\/div><\/div>\n          <script>\n            jQuery(document).ready(function(){\n              jQuery(\".slide_horizontal\").slick({\n                infinite: true,\n                adaptiveHeight:true,\n                slidesToShow: 3,\n\t\t\t\t\t\t\t  slidesToScroll: 3,\n\t\t\t\t\t\t\t  respondTo: \"window\"\n              });\n            });\n          <\/script>\n        [\/vc_column][\/vc_row][vc_row full_width=\u00a0\u00bbstretch_row\u00a0\u00bb css=\u00a0\u00bb.vc_custom_1643879777353{border-top-width: 1px !important;border-bottom-width: 1px !important;border-top-color: #000000 !important;border-top-style: solid !important;border-bottom-color: #000000 !important;border-bottom-style: solid !important;}\u00a0\u00bb][vc_column]<div class=\"feria_colores_formatos\"><div class=\"vc_row\"><div class=\"vc_col-sm-6\"><div class=\"colores\"><h3>Colores disponibles<\/h3><div class=\"vc_row\"><\/div><\/div><\/div><div class=\"vc_col-sm-6\"><div class=\"formatos\"><h3>Formatos disponibles<\/h3><div class=\"vc_row\"><div class=\"vc_col-sm-12\"><p>PORCELANICO<\/p><ul><\/ul><\/div><div class=\"vc_col-sm-12\"><p>6069<\/p><ul><\/ul><\/div><div class=\"vc_col-sm-12\"><p>PAVIMENTO<\/p><ul><\/ul><\/div><\/div><\/div><\/div><\/div><\/div>[\/vc_column][\/vc_row][vc_row full_width=\u00a0\u00bbstretch_row\u00a0\u00bb css=\u00a0\u00bb.vc_custom_1643880516658{border-bottom-width: 1px !important;border-bottom-color: #000000 !important;border-bottom-style: solid !important;}\u00a0\u00bb][vc_column]\n            <p class=\"compartir_feria_ficha\" style=\"text-align:center;\"><span style=\"font-size: 18px; display:block;\">Comparte<\/span><br>\n                <a target=\"_blank\" href=\"https:\/\/www.facebook.com\/sharer\/sharer.php?u=https:\/\/cifreceramica.com\/feria\/\"><img decoding=\"async\" class=\"alignnone size-full wp-image-850\" src=\"\/wp-content\/themes\/atico\/images\/facebook.png\" alt=\"\"  height=\"20\" \/><\/a>\n                <a target=\"_blank\" href=\"https:\/\/www.linkedin.com\/sharing\/share-offsite\/?url=https:\/\/cifreceramica.com\/feria\/\"><img decoding=\"async\" class=\"alignnone size-full wp-image-851\" src=\"\/wp-content\/themes\/atico\/images\/linkedin.png\" alt=\"\"  height=\"20\" \/><\/a>\n                <a target=\"_blank\" href=\"https:\/\/www.pinterest.com\/pin\/create\/button\/?url=https:\/\/cifreceramica.com\/feria\/&description= - \"><img decoding=\"async\" class=\"alignnone size-full wp-image-852\" src=\"\/wp-content\/themes\/atico\/images\/pinterest.png\" alt=\"\"  height=\"20\" \/><\/a>\n                <a target=\"_blank\" href=\"http:\/\/twitter.com\/share?text= - \"><img decoding=\"async\" class=\"alignnone size-full wp-image-853\" src=\"\/wp-content\/themes\/atico\/images\/twitter.png\" alt=\"\"  height=\"16\" \/><\/a>\n                <\/p>\n        [\/vc_column][\/vc_row][vc_row][vc_column]<div class=\"feria_anterior_siguiente\"><div class=\"vc_row\"><div class=\"vc_col-sm-12\"><h2>Otras colecciones<\/h2><\/div><\/div><div class=\"vc_row\"><div class=\"vc_col-sm-6\"><div class=\"otras anterior\"><div class=\"flecha\"><a href=\"https:\/\/cifreceramica.com\/fr\/feria-fr\/\"><img decoding=\"async\" src=\"\/wp-content\/uploads\/2022\/02\/flecha-izquierda.svg\"><\/a> <\/div><div class=\"coleccion_otras\"><a href=\"https:\/\/cifreceramica.com\/fr\/feria-fr\/\"><img decoding=\"async\" style=\"max-height: 327px; width: 600px;\" src=\"\"><p>Colecci\u00f3n anterior - <\/p><\/a><\/div><\/div><\/div><div class=\"vc_col-sm-6\"><div class=\"otras siguiente\"><div class=\"coleccion_otras\"><a href=\"https:\/\/cifreceramica.com\/fr\/feria-fr\/\"><img decoding=\"async\" style=\"max-height: 327px; width: 600px;\" src=\"\"><p>Colecci\u00f3n siguiente - <\/p><\/a><\/div><div class=\"flecha\"><a href=\"https:\/\/cifreceramica.com\/fr\/feria-fr\/\"><img decoding=\"async\" src=\"\/wp-content\/uploads\/2022\/02\/flecha-derecha.svg\"><\/a><\/div><\/div><\/div><\/div><\/div>[\/vc_column][\/vc_row][vc_row disable_element=\u00a0\u00bbyes\u00a0\u00bb el_class=\u00a0\u00bbtitulares_top feria\u00a0\u00bb css=\u00a0\u00bb.vc_custom_1643877425668{padding-top: 20px !important;}\u00a0\u00bb][vc_column]<h1><\/h1>\n               [vc_column_text el_class=\"minititular\"]6069[\/vc_column_text]\n               [vc_column_text]<p style=\"text-align: center; font-size: 20px;\"><\/p>[\/vc_column_text]\n            [\/vc_column][\/vc_row][vc_row disable_element=\u00a0\u00bbyes\u00a0\u00bb el_class=\u00a0\u00bbimagenes_feria\u00a0\u00bb][vc_column width=\u00a0\u00bb1\/12&Prime;][\/vc_column][vc_column width=\u00a0\u00bb10\/12&Prime;][\/vc_column][vc_column width=\u00a0\u00bb1\/12&Prime;][\/vc_column][\/vc_row][vc_row disable_element=\u00a0\u00bbyes\u00a0\u00bb][vc_column]\n            <p class=\"compartir_feria_ficha\" style=\"text-align:center;\"><span style=\"font-size: 18px; display:block;\">Comparte<\/span><br>\n                <a target=\"_blank\" href=\"https:\/\/facebook.com\/share.php?u=https:\/\/cifreceramica.com\/fr\/feria-ficha-coleccion-fr\/\"><img decoding=\"async\" class=\"alignnone size-full wp-image-850\" src=\"https:\/\/cifreceramica.com\/wp-content\/themes\/atico\/images\/facebook.png\" alt=\"\"  height=\"20\" \/><\/a>\n                <a target=\"_blank\" href=\"https:\/\/www.linkedin.com\/shareArticle?url=https:\/\/cifreceramica.com\/fr\/feria-ficha-coleccion-fr\/\"><img decoding=\"async\" class=\"alignnone size-full wp-image-851\" src=\"https:\/\/cifreceramica.com\/wp-content\/themes\/atico\/images\/linkedin.png\" alt=\"\"  height=\"20\" \/><\/a>\n                <a target=\"_blank\" href=\"http:\/\/pinterest.com\/pin\/create\/button\/?url=https:\/\/cifreceramica.com\/fr\/feria-ficha-coleccion-fr\/&description=\"><img decoding=\"async\" class=\"alignnone size-full wp-image-852\" src=\"https:\/\/cifreceramica.com\/wp-content\/themes\/atico\/images\/pinterest.png\" alt=\"\"  height=\"20\" \/><\/a>\n                <a target=\"_blank\" href=\"http:\/\/twitter.com\/share?url=https:\/\/cifreceramica.com\/fr\/feria-ficha-coleccion-fr\/\"><img decoding=\"async\" class=\"alignnone size-full wp-image-853\" src=\"https:\/\/cifreceramica.com\/wp-content\/themes\/atico\/images\/twitter.png\" alt=\"\"  height=\"16\" \/><\/a>\n                <\/p>\n        [\/vc_column][\/vc_row][vc_row full_width=\u00a0\u00bbstretch_row\u00a0\u00bb disable_element=\u00a0\u00bbyes\u00a0\u00bb el_class=\u00a0\u00bbnavegacion_feria\u00a0\u00bb][vc_column width=\u00a0\u00bb1\/12&Prime;][\/vc_column][vc_column width=\u00a0\u00bb10\/12&Prime;]\n            [vc_row_inner]\n                [vc_column_inner el_class=\"left\" width=\"1\/3\"]\n                [\/vc_column_inner]\n                [vc_column_inner width=\"1\/3\"]\n                    <div class=\"vc_btn3-container  boton_negro vc_btn3-center\"><a onmouseleave=\"this.style.borderColor='#0a0a0a'; this.style.backgroundColor='transparent'; this.style.color='#0a0a0a'\" onmouseenter=\"this.style.borderColor='#0a0a0a'; this.style.backgroundColor='#0a0a0a'; this.style.color='#ffffff';\" style=\"border-color: rgb(10, 10, 10); color: rgb(10, 10, 10); background-color: transparent;\" class=\"vc_general vc_btn3 vc_btn3-size-sm vc_btn3-shape-square vc_btn3-style-outline-custom\" href=\"https:\/\/cifreceramica.com\/fr\/feria-fr\/\" title=\"\">Retour<\/a><\/div>\n                [\/vc_column_inner]\n                [vc_column_inner el_class=\"right\" width=\"1\/3\"]\n                        <a href=\"https:\/\/cifreceramica.com\/fr\/feria-fr\/BARS\">\n                        [vc_column_text]Suivant - Bars <img decoding=\"async\" src=\"\/wp-content\/themes\/atico\/images\/right.png\">[\/vc_column_text]\n                        <\/a>\n                        \n                [\/vc_column_inner]\n            [\/vc_row_inner]\n[\/vc_column][vc_column width=\u00a0\u00bb1\/12&Prime;][\/vc_column][\/vc_row]<\/p>\n","protected":false},"excerpt":{"rendered":"<p>[vc_row full_width=\u00a0\u00bbstretch_row_content\u00a0\u00bb el_class=\u00a0\u00bbbreadcrumb\u00a0\u00bb][vc_column][\/vc_column][\/vc_row][vc_row][vc_column width=\u00a0\u00bb1\/6&Prime;][\/vc_column][vc_column width=\u00a0\u00bb2\/3&Prime;][\/vc_column][vc_column width=\u00a0\u00bb1\/6&Prime;][\/vc_column][\/vc_row][vc_row full_width=\u00a0\u00bbstretch_row_content_no_spaces\u00a0\u00bb][vc_column][\/vc_column][\/vc_row][vc_row][vc_column][\/vc_column][\/vc_row][vc_row full_width=\u00a0\u00bbstretch_row_content\u00a0\u00bb][vc_column][\/vc_column][\/vc_row][vc_row full_width=\u00a0\u00bbstretch_row\u00a0\u00bb css=\u00a0\u00bb.vc_custom_1643879777353{border-top-width: 1px !important;border-bottom-width: 1px !important;border-top-color: #000000 !important;border-top-style: solid !important;border-bottom-color: #000000 !important;border-bottom-style: solid !important;}\u00a0\u00bb][vc_column][\/vc_column][\/vc_row][vc_row full_width=\u00a0\u00bbstretch_row\u00a0\u00bb css=\u00a0\u00bb.vc_custom_1643880516658{border-bottom-width: 1px !important;border-bottom-color: #000000 !important;border-bottom-style: solid !important;}\u00a0\u00bb][vc_column][\/vc_column][\/vc_row][vc_row][vc_column][\/vc_column][\/vc_row][vc_row disable_element=\u00a0\u00bbyes\u00a0\u00bb el_class=\u00a0\u00bbtitulares_top feria\u00a0\u00bb css=\u00a0\u00bb.vc_custom_1643877425668{padding-top: 20px !important;}\u00a0\u00bb][vc_column][\/vc_column][\/vc_row][vc_row disable_element=\u00a0\u00bbyes\u00a0\u00bb el_class=\u00a0\u00bbimagenes_feria\u00a0\u00bb][vc_column width=\u00a0\u00bb1\/12&Prime;][\/vc_column][vc_column width=\u00a0\u00bb10\/12&Prime;][\/vc_column][vc_column width=\u00a0\u00bb1\/12&Prime;][\/vc_column][\/vc_row][vc_row disable_element=\u00a0\u00bbyes\u00a0\u00bb][vc_column][\/vc_column][\/vc_row][vc_row full_width=\u00a0\u00bbstretch_row\u00a0\u00bb disable_element=\u00a0\u00bbyes\u00a0\u00bb el_class=\u00a0\u00bbnavegacion_feria\u00a0\u00bb][vc_column width=\u00a0\u00bb1\/12&Prime;][\/vc_column][vc_column width=\u00a0\u00bb10\/12&Prime;][\/vc_column][vc_column width=\u00a0\u00bb1\/12&Prime;][\/vc_column][\/vc_row]<\/p>\n","protected":false},"author":1,"featured_media":0,"parent":0,"menu_order":0,"comment_status":"closed","ping_status":"closed","template":"","meta":{"footnotes":""},"class_list":["post-2923","page","type-page","status-publish","hentry"],"yoast_head":"<!-- This site is optimized with the Yoast SEO plugin v27.4 - https:\/\/yoast.com\/product\/yoast-seo-wordpress\/ -->\n<title>Feria - Ficha colecci\u00f3n - CIFRE CER\u00c1MICA<\/title>\n<meta name=\"robots\" content=\"index, follow, max-snippet:-1, max-image-preview:large, max-video-preview:-1\" \/>\n<link rel=\"canonical\" href=\"https:\/\/cifreceramica.com\/fr\/feria-ficha-coleccion-fr\/\" \/>\n<meta property=\"og:locale\" content=\"fr_FR\" \/>\n<meta property=\"og:type\" content=\"article\" \/>\n<meta property=\"og:title\" content=\"Feria - Ficha colecci\u00f3n - CIFRE CER\u00c1MICA\" \/>\n<meta property=\"og:description\" content=\"[vc_row full_width=\u00a0\u00bbstretch_row_content\u00a0\u00bb el_class=\u00a0\u00bbbreadcrumb\u00a0\u00bb][vc_column][\/vc_column][\/vc_row][vc_row][vc_column width=\u00a0\u00bb1\/6&Prime;][\/vc_column][vc_column width=\u00a0\u00bb2\/3&Prime;][\/vc_column][vc_column width=\u00a0\u00bb1\/6&Prime;][\/vc_column][\/vc_row][vc_row full_width=\u00a0\u00bbstretch_row_content_no_spaces\u00a0\u00bb][vc_column][\/vc_column][\/vc_row][vc_row][vc_column][\/vc_column][\/vc_row][vc_row full_width=\u00a0\u00bbstretch_row_content\u00a0\u00bb][vc_column][\/vc_column][\/vc_row][vc_row full_width=\u00a0\u00bbstretch_row\u00a0\u00bb css=\u00a0\u00bb.vc_custom_1643879777353{border-top-width: 1px !important;border-bottom-width: 1px !important;border-top-color: #000000 !important;border-top-style: solid !important;border-bottom-color: #000000 !important;border-bottom-style: solid !important;}\u00a0\u00bb][vc_column][\/vc_column][\/vc_row][vc_row full_width=\u00a0\u00bbstretch_row\u00a0\u00bb css=\u00a0\u00bb.vc_custom_1643880516658{border-bottom-width: 1px !important;border-bottom-color: #000000 !important;border-bottom-style: solid !important;}\u00a0\u00bb][vc_column][\/vc_column][\/vc_row][vc_row][vc_column][\/vc_column][\/vc_row][vc_row disable_element=\u00a0\u00bbyes\u00a0\u00bb el_class=\u00a0\u00bbtitulares_top feria\u00a0\u00bb css=\u00a0\u00bb.vc_custom_1643877425668{padding-top: 20px !important;}\u00a0\u00bb][vc_column][\/vc_column][\/vc_row][vc_row disable_element=\u00a0\u00bbyes\u00a0\u00bb el_class=\u00a0\u00bbimagenes_feria\u00a0\u00bb][vc_column width=\u00a0\u00bb1\/12&Prime;][\/vc_column][vc_column width=\u00a0\u00bb10\/12&Prime;][\/vc_column][vc_column width=\u00a0\u00bb1\/12&Prime;][\/vc_column][\/vc_row][vc_row disable_element=\u00a0\u00bbyes\u00a0\u00bb][vc_column][\/vc_column][\/vc_row][vc_row full_width=\u00a0\u00bbstretch_row\u00a0\u00bb disable_element=\u00a0\u00bbyes\u00a0\u00bb el_class=\u00a0\u00bbnavegacion_feria\u00a0\u00bb][vc_column width=\u00a0\u00bb1\/12&Prime;][\/vc_column][vc_column width=\u00a0\u00bb10\/12&Prime;][\/vc_column][vc_column width=\u00a0\u00bb1\/12&Prime;][\/vc_column][\/vc_row]\" \/>\n<meta property=\"og:url\" content=\"https:\/\/cifreceramica.com\/fr\/feria-ficha-coleccion-fr\/\" \/>\n<meta property=\"og:site_name\" content=\"CIFRE CER\u00c1MICA\" \/>\n<meta property=\"article:publisher\" content=\"https:\/\/www.facebook.com\/Cifreceramica\/\" \/>\n<meta property=\"article:modified_time\" content=\"2022-02-03T11:59:36+00:00\" \/>\n<meta name=\"twitter:card\" content=\"summary_large_image\" \/>\n<meta name=\"twitter:site\" content=\"@cifreceramica\" \/>\n<meta name=\"twitter:label1\" content=\"Dur\u00e9e de lecture estim\u00e9e\" \/>\n\t<meta name=\"twitter:data1\" content=\"1 minute\" \/>\n<script type=\"application\/ld+json\" class=\"yoast-schema-graph\">{\"@context\":\"https:\\\/\\\/schema.org\",\"@graph\":[{\"@type\":\"WebPage\",\"@id\":\"https:\\\/\\\/cifreceramica.com\\\/fr\\\/feria-ficha-coleccion-fr\\\/\",\"url\":\"https:\\\/\\\/cifreceramica.com\\\/fr\\\/feria-ficha-coleccion-fr\\\/\",\"name\":\"Feria - Ficha colecci\u00f3n - CIFRE CER\u00c1MICA\",\"isPartOf\":{\"@id\":\"https:\\\/\\\/cifreceramica.com\\\/#website\"},\"datePublished\":\"2019-09-25T10:39:02+00:00\",\"dateModified\":\"2022-02-03T11:59:36+00:00\",\"breadcrumb\":{\"@id\":\"https:\\\/\\\/cifreceramica.com\\\/fr\\\/feria-ficha-coleccion-fr\\\/#breadcrumb\"},\"inLanguage\":\"fr-FR\",\"potentialAction\":[{\"@type\":\"ReadAction\",\"target\":[\"https:\\\/\\\/cifreceramica.com\\\/fr\\\/feria-ficha-coleccion-fr\\\/\"]}]},{\"@type\":\"BreadcrumbList\",\"@id\":\"https:\\\/\\\/cifreceramica.com\\\/fr\\\/feria-ficha-coleccion-fr\\\/#breadcrumb\",\"itemListElement\":[{\"@type\":\"ListItem\",\"position\":1,\"name\":\"Portada\",\"item\":\"https:\\\/\\\/cifreceramica.com\\\/fr\\\/\"},{\"@type\":\"ListItem\",\"position\":2,\"name\":\"Feria &#8211; Ficha colecci\u00f3n\"}]},{\"@type\":\"WebSite\",\"@id\":\"https:\\\/\\\/cifreceramica.com\\\/#website\",\"url\":\"https:\\\/\\\/cifreceramica.com\\\/\",\"name\":\"CIFRE CER\u00c1MICA\",\"description\":\"Azulejo, cer\u00e1mica, decoraci\u00f3n, pavimento, revestimiento\",\"publisher\":{\"@id\":\"https:\\\/\\\/cifreceramica.com\\\/#organization\"},\"potentialAction\":[{\"@type\":\"SearchAction\",\"target\":{\"@type\":\"EntryPoint\",\"urlTemplate\":\"https:\\\/\\\/cifreceramica.com\\\/?s={search_term_string}\"},\"query-input\":{\"@type\":\"PropertyValueSpecification\",\"valueRequired\":true,\"valueName\":\"search_term_string\"}}],\"inLanguage\":\"fr-FR\"},{\"@type\":\"Organization\",\"@id\":\"https:\\\/\\\/cifreceramica.com\\\/#organization\",\"name\":\"CIFRE CERAMICA SL.\",\"url\":\"https:\\\/\\\/cifreceramica.com\\\/\",\"logo\":{\"@type\":\"ImageObject\",\"inLanguage\":\"fr-FR\",\"@id\":\"https:\\\/\\\/cifreceramica.com\\\/#\\\/schema\\\/logo\\\/image\\\/\",\"url\":\"https:\\\/\\\/cifreceramica.com\\\/wp-content\\\/uploads\\\/2020\\\/03\\\/logo-cifre.jpg\",\"contentUrl\":\"https:\\\/\\\/cifreceramica.com\\\/wp-content\\\/uploads\\\/2020\\\/03\\\/logo-cifre.jpg\",\"width\":648,\"height\":320,\"caption\":\"CIFRE CERAMICA SL.\"},\"image\":{\"@id\":\"https:\\\/\\\/cifreceramica.com\\\/#\\\/schema\\\/logo\\\/image\\\/\"},\"sameAs\":[\"https:\\\/\\\/www.facebook.com\\\/Cifreceramica\\\/\",\"https:\\\/\\\/x.com\\\/cifreceramica\",\"https:\\\/\\\/www.instagram.com\\\/cifreceramica\\\/\",\"https:\\\/\\\/www.linkedin.com\\\/cifreceramica\",\"https:\\\/\\\/www.pinterest.es\\\/CifreReport\\\/_created\\\/\",\"https:\\\/\\\/www.youtube.com\\\/channel\\\/UC6T43U-C68ZKx58s-QVY0Eg\"]}]}<\/script>\n<!-- \/ Yoast SEO plugin. -->","yoast_head_json":{"title":"Feria - Ficha colecci\u00f3n - CIFRE CER\u00c1MICA","robots":{"index":"index","follow":"follow","max-snippet":"max-snippet:-1","max-image-preview":"max-image-preview:large","max-video-preview":"max-video-preview:-1"},"canonical":"https:\/\/cifreceramica.com\/fr\/feria-ficha-coleccion-fr\/","og_locale":"fr_FR","og_type":"article","og_title":"Feria - Ficha colecci\u00f3n - CIFRE CER\u00c1MICA","og_description":"[vc_row full_width=\u00a0\u00bbstretch_row_content\u00a0\u00bb el_class=\u00a0\u00bbbreadcrumb\u00a0\u00bb][vc_column][\/vc_column][\/vc_row][vc_row][vc_column width=\u00a0\u00bb1\/6&Prime;][\/vc_column][vc_column width=\u00a0\u00bb2\/3&Prime;][\/vc_column][vc_column width=\u00a0\u00bb1\/6&Prime;][\/vc_column][\/vc_row][vc_row full_width=\u00a0\u00bbstretch_row_content_no_spaces\u00a0\u00bb][vc_column][\/vc_column][\/vc_row][vc_row][vc_column][\/vc_column][\/vc_row][vc_row full_width=\u00a0\u00bbstretch_row_content\u00a0\u00bb][vc_column][\/vc_column][\/vc_row][vc_row full_width=\u00a0\u00bbstretch_row\u00a0\u00bb css=\u00a0\u00bb.vc_custom_1643879777353{border-top-width: 1px !important;border-bottom-width: 1px !important;border-top-color: #000000 !important;border-top-style: solid !important;border-bottom-color: #000000 !important;border-bottom-style: solid !important;}\u00a0\u00bb][vc_column][\/vc_column][\/vc_row][vc_row full_width=\u00a0\u00bbstretch_row\u00a0\u00bb css=\u00a0\u00bb.vc_custom_1643880516658{border-bottom-width: 1px !important;border-bottom-color: #000000 !important;border-bottom-style: solid !important;}\u00a0\u00bb][vc_column][\/vc_column][\/vc_row][vc_row][vc_column][\/vc_column][\/vc_row][vc_row disable_element=\u00a0\u00bbyes\u00a0\u00bb el_class=\u00a0\u00bbtitulares_top feria\u00a0\u00bb css=\u00a0\u00bb.vc_custom_1643877425668{padding-top: 20px !important;}\u00a0\u00bb][vc_column][\/vc_column][\/vc_row][vc_row disable_element=\u00a0\u00bbyes\u00a0\u00bb el_class=\u00a0\u00bbimagenes_feria\u00a0\u00bb][vc_column width=\u00a0\u00bb1\/12&Prime;][\/vc_column][vc_column width=\u00a0\u00bb10\/12&Prime;][\/vc_column][vc_column width=\u00a0\u00bb1\/12&Prime;][\/vc_column][\/vc_row][vc_row disable_element=\u00a0\u00bbyes\u00a0\u00bb][vc_column][\/vc_column][\/vc_row][vc_row full_width=\u00a0\u00bbstretch_row\u00a0\u00bb disable_element=\u00a0\u00bbyes\u00a0\u00bb el_class=\u00a0\u00bbnavegacion_feria\u00a0\u00bb][vc_column width=\u00a0\u00bb1\/12&Prime;][\/vc_column][vc_column width=\u00a0\u00bb10\/12&Prime;][\/vc_column][vc_column width=\u00a0\u00bb1\/12&Prime;][\/vc_column][\/vc_row]","og_url":"https:\/\/cifreceramica.com\/fr\/feria-ficha-coleccion-fr\/","og_site_name":"CIFRE CER\u00c1MICA","article_publisher":"https:\/\/www.facebook.com\/Cifreceramica\/","article_modified_time":"2022-02-03T11:59:36+00:00","twitter_card":"summary_large_image","twitter_site":"@cifreceramica","twitter_misc":{"Dur\u00e9e de lecture estim\u00e9e":"1 minute"},"schema":{"@context":"https:\/\/schema.org","@graph":[{"@type":"WebPage","@id":"https:\/\/cifreceramica.com\/fr\/feria-ficha-coleccion-fr\/","url":"https:\/\/cifreceramica.com\/fr\/feria-ficha-coleccion-fr\/","name":"Feria - Ficha colecci\u00f3n - CIFRE CER\u00c1MICA","isPartOf":{"@id":"https:\/\/cifreceramica.com\/#website"},"datePublished":"2019-09-25T10:39:02+00:00","dateModified":"2022-02-03T11:59:36+00:00","breadcrumb":{"@id":"https:\/\/cifreceramica.com\/fr\/feria-ficha-coleccion-fr\/#breadcrumb"},"inLanguage":"fr-FR","potentialAction":[{"@type":"ReadAction","target":["https:\/\/cifreceramica.com\/fr\/feria-ficha-coleccion-fr\/"]}]},{"@type":"BreadcrumbList","@id":"https:\/\/cifreceramica.com\/fr\/feria-ficha-coleccion-fr\/#breadcrumb","itemListElement":[{"@type":"ListItem","position":1,"name":"Portada","item":"https:\/\/cifreceramica.com\/fr\/"},{"@type":"ListItem","position":2,"name":"Feria &#8211; Ficha colecci\u00f3n"}]},{"@type":"WebSite","@id":"https:\/\/cifreceramica.com\/#website","url":"https:\/\/cifreceramica.com\/","name":"CIFRE CER\u00c1MICA","description":"Azulejo, cer\u00e1mica, decoraci\u00f3n, pavimento, revestimiento","publisher":{"@id":"https:\/\/cifreceramica.com\/#organization"},"potentialAction":[{"@type":"SearchAction","target":{"@type":"EntryPoint","urlTemplate":"https:\/\/cifreceramica.com\/?s={search_term_string}"},"query-input":{"@type":"PropertyValueSpecification","valueRequired":true,"valueName":"search_term_string"}}],"inLanguage":"fr-FR"},{"@type":"Organization","@id":"https:\/\/cifreceramica.com\/#organization","name":"CIFRE CERAMICA SL.","url":"https:\/\/cifreceramica.com\/","logo":{"@type":"ImageObject","inLanguage":"fr-FR","@id":"https:\/\/cifreceramica.com\/#\/schema\/logo\/image\/","url":"https:\/\/cifreceramica.com\/wp-content\/uploads\/2020\/03\/logo-cifre.jpg","contentUrl":"https:\/\/cifreceramica.com\/wp-content\/uploads\/2020\/03\/logo-cifre.jpg","width":648,"height":320,"caption":"CIFRE CERAMICA SL."},"image":{"@id":"https:\/\/cifreceramica.com\/#\/schema\/logo\/image\/"},"sameAs":["https:\/\/www.facebook.com\/Cifreceramica\/","https:\/\/x.com\/cifreceramica","https:\/\/www.instagram.com\/cifreceramica\/","https:\/\/www.linkedin.com\/cifreceramica","https:\/\/www.pinterest.es\/CifreReport\/_created\/","https:\/\/www.youtube.com\/channel\/UC6T43U-C68ZKx58s-QVY0Eg"]}]}},"_links":{"self":[{"href":"https:\/\/cifreceramica.com\/fr\/wp-json\/wp\/v2\/pages\/2923","targetHints":{"allow":["GET"]}}],"collection":[{"href":"https:\/\/cifreceramica.com\/fr\/wp-json\/wp\/v2\/pages"}],"about":[{"href":"https:\/\/cifreceramica.com\/fr\/wp-json\/wp\/v2\/types\/page"}],"author":[{"embeddable":true,"href":"https:\/\/cifreceramica.com\/fr\/wp-json\/wp\/v2\/users\/1"}],"replies":[{"embeddable":true,"href":"https:\/\/cifreceramica.com\/fr\/wp-json\/wp\/v2\/comments?post=2923"}],"version-history":[{"count":4,"href":"https:\/\/cifreceramica.com\/fr\/wp-json\/wp\/v2\/pages\/2923\/revisions"}],"predecessor-version":[{"id":8057,"href":"https:\/\/cifreceramica.com\/fr\/wp-json\/wp\/v2\/pages\/2923\/revisions\/8057"}],"wp:attachment":[{"href":"https:\/\/cifreceramica.com\/fr\/wp-json\/wp\/v2\/media?parent=2923"}],"curies":[{"name":"wp","href":"https:\/\/api.w.org\/{rel}","templated":true}]}}