{"id":2918,"date":"2019-09-05T14:54:26","date_gmt":"2019-09-05T12:54:26","guid":{"rendered":"https:\/\/cifreceramica.com\/colecciones-popup-coleccion\/"},"modified":"2019-09-25T14:50:20","modified_gmt":"2019-09-25T12:50:20","slug":"collections-collection-popup","status":"publish","type":"page","link":"https:\/\/cifreceramica.com\/fr\/collections-collection-popup\/","title":{"rendered":"Collections \u2013 Collection Popup"},"content":{"rendered":"<p>[vc_row full_width=\u00a0\u00bbstretch_row_content\u00a0\u00bb el_class=\u00a0\u00bbbreadcrumb\u00a0\u00bb][vc_column][\/vc_column][\/vc_row][vc_row el_class=\u00a0\u00bbpopup_info_coleccion\u00a0\u00bb css=\u00a0\u00bb.vc_custom_1567694572075{margin-top: 40px !important;margin-bottom: 40px !important;}\u00a0\u00bb][vc_column][vc_row_inner][vc_column_inner width=\u00a0\u00bb1\/2&Prime;][vc_single_image image=\u00a0\u00bb1237&Prime; img_size=\u00a0\u00bbfull\u00a0\u00bb alignment=\u00a0\u00bbcenter\u00a0\u00bb][vc_column_text el_class=\u00a0\u00bbpop_caras\u00a0\u00bb]Faces disponibles[\/vc_column_text][\/vc_column_inner][vc_column_inner width=\u00a0\u00bb1\/2&Prime;][vc_column_text el_class=\u00a0\u00bbpop_titulo\u00a0\u00bb]GRANITE CREAM[\/vc_column_text][vc_column_text el_class=\u00a0\u00bbpop_medida\u00a0\u00bb]120X120 \u00b7 48\u201dX48\u201d | G.191[\/vc_column_text][vc_separator color=\u00a0\u00bbblack\u00a0\u00bb][vc_single_image image=\u00a0\u00bb1108&Prime; img_size=\u00a0\u00bbfull\u00a0\u00bb el_class=\u00a0\u00bbpop_iconos\u00a0\u00bb][vc_single_image image=\u00a0\u00bb1108&Prime; img_size=\u00a0\u00bbfull\u00a0\u00bb el_class=\u00a0\u00bbpop_iconos\u00a0\u00bb][vc_single_image image=\u00a0\u00bb1108&Prime; img_size=\u00a0\u00bbfull\u00a0\u00bb el_class=\u00a0\u00bbpop_iconos\u00a0\u00bb][vc_single_image image=\u00a0\u00bb1108&Prime; img_size=\u00a0\u00bbfull\u00a0\u00bb el_class=\u00a0\u00bbpop_iconos\u00a0\u00bb][vc_single_image image=\u00a0\u00bb1108&Prime; img_size=\u00a0\u00bbfull\u00a0\u00bb el_class=\u00a0\u00bbpop_iconos\u00a0\u00bb][vc_separator color=\u00a0\u00bbblack\u00a0\u00bb][vc_column_text el_class=\u00a0\u00bbpop_caracteristicas\u00a0\u00bb]Porcelaine<br \/>\nP\u00e2te Rouge<br \/>\nMate<br \/>\n\u00c9paisseur 9.0[\/vc_column_text][vc_separator color=\u00a0\u00bbblack\u00a0\u00bb][vc_column_text el_class=\u00a0\u00bbpop_descarga\u00a0\u00bb]<strong>Recherche<\/strong>[\/vc_column_text][vc_column_text el_class=\u00a0\u00bbpop_comparte\u00a0\u00bb]Partagez <img loading=\"lazy\" decoding=\"async\" class=\"alignnone size-full wp-image-388\" src=\"https:\/\/cifreceramica.com\/wp-content\/uploads\/2019\/08\/mail.png\" alt=\"\" width=\"18\" height=\"18\" \/> <img loading=\"lazy\" decoding=\"async\" class=\"alignnone size-full wp-image-386\" src=\"https:\/\/cifreceramica.com\/wp-content\/uploads\/2019\/08\/facebook.png\" alt=\"\" width=\"18\" height=\"18\" \/> <img loading=\"lazy\" decoding=\"async\" class=\"alignnone size-full wp-image-390\" src=\"https:\/\/cifreceramica.com\/wp-content\/uploads\/2019\/08\/linkedin-1.png\" alt=\"\" width=\"18\" height=\"18\" \/>[\/vc_column_text][\/vc_column_inner][\/vc_row_inner][vc_row_inner css=\u00a0\u00bb.vc_custom_1567694671580{margin-top: 35px !important;}\u00a0\u00bb][vc_column_inner width=\u00a0\u00bb1\/2&Prime;][vc_raw_html el_class=\u00a0\u00bbpop_tabla\u00a0\u00bb]JTNDZGl2JTIwY2xhc3MlM0QlMjJ0YWJsZS1yZXNwb25zaXZlJTIyJTNFJTBBJTIwJTIwJTNDdGFibGUlMjBjbGFzcyUzRCUyMnRhYmxlJTIyJTIwJTIwY2VsbHNwYWNpbmclM0QlMjIwJTIyJTNFJTBBJTIwJTIwJTIwJTIwJTNDdGhlYWQlM0UlMEElMjAlMjAlMjAlMjAlMjAlMjAlM0N0ciUzRSUwQSUyMCUyMCUyMCUyMCUyMCUyMCUyMCUyMCUzQ3RoJTIwc2NvcGUlM0QlMjJjb2wlMjIlM0VQenMuJTJGY2FqYSUzQyUyRnRoJTNFJTBBJTIwJTIwJTIwJTIwJTIwJTIwJTIwJTIwJTNDdGglMjBzY29wZSUzRCUyMmNvbCUyMiUzRU0yJTJGY2FqYSUzQyUyRnRoJTNFJTBBJTIwJTIwJTIwJTIwJTIwJTIwJTIwJTIwJTNDdGglMjBzY29wZSUzRCUyMmNvbCUyMiUzRUtnJTJGY2FqYSUzQyUyRnRoJTNFJTIwJTBBJTIwJTIwJTIwJTIwJTIwJTIwJTIwJTIwJTNDdGglMjBzY29wZSUzRCUyMmNvbCUyMiUzRUNhamFzJTJGcGFsZXQlM0MlMkZ0aCUzRSUyMCUwQSUyMCUyMCUyMCUyMCUyMCUyMCUzQyUyRnRyJTNFJTBBJTIwJTIwJTIwJTIwJTNDJTJGdGhlYWQlM0UlMEElMjAlMjAlMjAlMjAlM0N0Ym9keSUzRSUwQSUyMCUyMCUyMCUyMCUyMCUyMCUzQ3RyJTNFJTBBJTIwJTIwJTIwJTIwJTIwJTIwJTIwJTIwJTNDdGQlMjBzY29wZSUzRCUyMmNvbCUyMiUzRTElM0MlMkZ0ZCUzRSUwQSUyMCUyMCUyMCUyMCUyMCUyMCUyMCUyMCUzQ3RkJTIwc2NvcGUlM0QlMjJjb2wlMjIlM0UzLjEyJTNDJTJGdGQlM0UlMEElMjAlMjAlMjAlMjAlMjAlMjAlMjAlMjAlM0N0ZCUyMHNjb3BlJTNEJTIyY29sJTIyJTNFNDkuOTglM0MlMkZ0aCUzRSUyMCUwQSUyMCUyMCUyMCUyMCUyMCUyMCUyMCUyMCUzQ3RkJTIwc2NvcGUlM0QlMjJjb2wlMjIlM0UyNCUzQyUyRnRoJTNFJTIwJTBBJTIwJTIwJTIwJTIwJTIwJTIwJTNDJTJGdHIlM0UlMEElMjAlMjAlMjAlMjAlM0MlMkZ0Ym9keSUzRSUwQSUyMCUyMCUzQyUyRnRhYmxlJTNFJTBBJTNDJTJGZGl2JTNFJTBB[\/vc_raw_html][vc_raw_html el_class=\u00a0\u00bbpop_tabla\u00a0\u00bb]JTNDZGl2JTIwY2xhc3MlM0QlMjJ0YWJsZS1yZXNwb25zaXZlJTIyJTNFJTBBJTIwJTIwJTNDdGFibGUlMjBjbGFzcyUzRCUyMnRhYmxlJTIyJTIwJTIwY2VsbHNwYWNpbmclM0QlMjIwJTIyJTNFJTBBJTIwJTIwJTIwJTIwJTNDdGhlYWQlM0UlMEElMjAlMjAlMjAlMjAlMjAlMjAlM0N0ciUzRSUwQSUyMCUyMCUyMCUyMCUyMCUyMCUyMCUyMCUzQ3RoJTIwc2NvcGUlM0QlMjJjb2wlMjIlM0VNMiUyRnBhbGV0JTNDJTJGdGglM0UlMEElMjAlMjAlMjAlMjAlMjAlMjAlMjAlMjAlM0N0aCUyMHNjb3BlJTNEJTIyY29sJTIyJTNFS2clMkZwYWxldCUzQyUyRnRoJTNFJTBBJTIwJTIwJTIwJTIwJTIwJTIwJTIwJTIwJTNDdGglMjBzY29wZSUzRCUyMmNvbCUyMiUzRVRpcG8lMjBkZSUyMHBhbGV0JTNDJTJGdGglM0UlMjAlMEElMjAlMjAlMjAlMjAlMjAlMjAlM0MlMkZ0ciUzRSUwQSUyMCUyMCUyMCUyMCUzQyUyRnRoZWFkJTNFJTBBJTIwJTIwJTIwJTIwJTNDdGJvZHklM0UlMEElMjAlMjAlMjAlMjAlMjAlMjAlM0N0ciUzRSUwQSUwQSUyMCUyMCUyMCUyMCUyMCUyMCUyMCUyMCUzQ3RkJTIwc2NvcGUlM0QlMjJjb2wlMjIlM0U3NC44OCUzQyUyRnRkJTNFJTBBJTIwJTIwJTIwJTIwJTIwJTIwJTIwJTIwJTNDdGQlMjBzY29wZSUzRCUyMmNvbCUyMiUzRTEyMDAlM0MlMkZ0aCUzRSUyMCUwQSUyMCUyMCUyMCUyMCUyMCUyMCUyMCUyMCUzQ3RkJTIwc2NvcGUlM0QlMjJjb2wlMjIlM0UzNXgyNzV4MzglM0MlMkZ0aCUzRSUyMCUwQSUyMCUyMCUyMCUyMCUyMCUyMCUzQyUyRnRyJTNFJTBBJTIwJTIwJTIwJTIwJTNDJTJGdGJvZHklM0UlMEElMjAlMjAlM0MlMkZ0YWJsZSUzRSUwQSUzQyUyRmRpdiUzRSUwQQ==[\/vc_raw_html][vc_column_text el_class=\u00a0\u00bbpop_destacado\u00a0\u00bb]Le contenu de cette liste d&#8217;emballages est donn\u00e9 \u00e0 titre indicatif, les contenus des emballages peut varier. Veuillez contactez nos commerciaux pour avoir les informations exactes.[\/vc_column_text][\/vc_column_inner][vc_column_inner width=\u00a0\u00bb1\/2&Prime;][vc_column_text el_class=\u00a0\u00bbpop_stock\u00a0\u00bb]<\/p>\n<p style=\"text-align: center;\"><strong>Stock: 477.36 m2<\/strong><\/p>\n<p>[\/vc_column_text][vc_column_text el_class=\u00a0\u00bbpop_destacado\u00a0\u00bb]Le stock indiqu\u00e9 est \u00e0 titre indicatif et n&rsquo;est pas affich\u00e9 en temps r\u00e9el. Une diff\u00e9rence de stock peut exister entre le moment o\u00f9 vous passez la commande jusqu&rsquo;\u00e0 ce qu&rsquo;elle soit trait\u00e9e par la soci\u00e9t\u00e9 ou charg\u00e9e.[\/vc_column_text][\/vc_column_inner][\/vc_row_inner][\/vc_column][\/vc_row]<\/p>\n","protected":false},"excerpt":{"rendered":"<p>[vc_row full_width=\u00a0\u00bbstretch_row_content\u00a0\u00bb el_class=\u00a0\u00bbbreadcrumb\u00a0\u00bb][vc_column][\/vc_column][\/vc_row][vc_row el_class=\u00a0\u00bbpopup_info_coleccion\u00a0\u00bb css=\u00a0\u00bb.vc_custom_1567694572075{margin-top: 40px !important;margin-bottom: 40px !important;}\u00a0\u00bb][vc_column][vc_row_inner][vc_column_inner width=\u00a0\u00bb1\/2&Prime;][vc_single_image image=\u00a0\u00bb1237&Prime; img_size=\u00a0\u00bbfull\u00a0\u00bb alignment=\u00a0\u00bbcenter\u00a0\u00bb][vc_column_text el_class=\u00a0\u00bbpop_caras\u00a0\u00bb]Faces disponibles[\/vc_column_text][\/vc_column_inner][vc_column_inner width=\u00a0\u00bb1\/2&Prime;][vc_column_text el_class=\u00a0\u00bbpop_titulo\u00a0\u00bb]GRANITE CREAM[\/vc_column_text][vc_column_text el_class=\u00a0\u00bbpop_medida\u00a0\u00bb]120X120 \u00b7 48\u201dX48\u201d | G.191[\/vc_column_text][vc_separator color=\u00a0\u00bbblack\u00a0\u00bb][vc_single_image image=\u00a0\u00bb1108&Prime; img_size=\u00a0\u00bbfull\u00a0\u00bb el_class=\u00a0\u00bbpop_iconos\u00a0\u00bb][vc_single_image image=\u00a0\u00bb1108&Prime; img_size=\u00a0\u00bbfull\u00a0\u00bb el_class=\u00a0\u00bbpop_iconos\u00a0\u00bb][vc_single_image image=\u00a0\u00bb1108&Prime; img_size=\u00a0\u00bbfull\u00a0\u00bb el_class=\u00a0\u00bbpop_iconos\u00a0\u00bb][vc_single_image image=\u00a0\u00bb1108&Prime; img_size=\u00a0\u00bbfull\u00a0\u00bb el_class=\u00a0\u00bbpop_iconos\u00a0\u00bb][vc_single_image image=\u00a0\u00bb1108&Prime; img_size=\u00a0\u00bbfull\u00a0\u00bb el_class=\u00a0\u00bbpop_iconos\u00a0\u00bb][vc_separator color=\u00a0\u00bbblack\u00a0\u00bb][vc_column_text el_class=\u00a0\u00bbpop_caracteristicas\u00a0\u00bb]Porcelaine P\u00e2te Rouge Mate \u00c9paisseur 9.0[\/vc_column_text][vc_separator color=\u00a0\u00bbblack\u00a0\u00bb][vc_column_text el_class=\u00a0\u00bbpop_descarga\u00a0\u00bb]Recherche[\/vc_column_text][vc_column_text el_class=\u00a0\u00bbpop_comparte\u00a0\u00bb]Partagez [\/vc_column_text][\/vc_column_inner][\/vc_row_inner][vc_row_inner css=\u00a0\u00bb.vc_custom_1567694671580{margin-top: 35px !important;}\u00a0\u00bb][vc_column_inner width=\u00a0\u00bb1\/2&Prime;][vc_raw_html el_class=\u00a0\u00bbpop_tabla\u00a0\u00bb]JTNDZGl2JTIwY2xhc3MlM0QlMjJ0YWJsZS1yZXNwb25zaXZlJTIyJTNFJTBBJTIwJTIwJTNDdGFibGUlMjBjbGFzcyUzRCUyMnRhYmxlJTIyJTIwJTIwY2VsbHNwYWNpbmclM0QlMjIwJTIyJTNFJTBBJTIwJTIwJTIwJTIwJTNDdGhlYWQlM0UlMEElMjAlMjAlMjAlMjAlMjAlMjAlM0N0ciUzRSUwQSUyMCUyMCUyMCUyMCUyMCUyMCUyMCUyMCUzQ3RoJTIwc2NvcGUlM0QlMjJjb2wlMjIlM0VQenMuJTJGY2FqYSUzQyUyRnRoJTNFJTBBJTIwJTIwJTIwJTIwJTIwJTIwJTIwJTIwJTNDdGglMjBzY29wZSUzRCUyMmNvbCUyMiUzRU0yJTJGY2FqYSUzQyUyRnRoJTNFJTBBJTIwJTIwJTIwJTIwJTIwJTIwJTIwJTIwJTNDdGglMjBzY29wZSUzRCUyMmNvbCUyMiUzRUtnJTJGY2FqYSUzQyUyRnRoJTNFJTIwJTBBJTIwJTIwJTIwJTIwJTIwJTIwJTIwJTIwJTNDdGglMjBzY29wZSUzRCUyMmNvbCUyMiUzRUNhamFzJTJGcGFsZXQlM0MlMkZ0aCUzRSUyMCUwQSUyMCUyMCUyMCUyMCUyMCUyMCUzQyUyRnRyJTNFJTBBJTIwJTIwJTIwJTIwJTNDJTJGdGhlYWQlM0UlMEElMjAlMjAlMjAlMjAlM0N0Ym9keSUzRSUwQSUyMCUyMCUyMCUyMCUyMCUyMCUzQ3RyJTNFJTBBJTIwJTIwJTIwJTIwJTIwJTIwJTIwJTIwJTNDdGQlMjBzY29wZSUzRCUyMmNvbCUyMiUzRTElM0MlMkZ0ZCUzRSUwQSUyMCUyMCUyMCUyMCUyMCUyMCUyMCUyMCUzQ3RkJTIwc2NvcGUlM0QlMjJjb2wlMjIlM0UzLjEyJTNDJTJGdGQlM0UlMEElMjAlMjAlMjAlMjAlMjAlMjAlMjAlMjAlM0N0ZCUyMHNjb3BlJTNEJTIyY29sJTIyJTNFNDkuOTglM0MlMkZ0aCUzRSUyMCUwQSUyMCUyMCUyMCUyMCUyMCUyMCUyMCUyMCUzQ3RkJTIwc2NvcGUlM0QlMjJjb2wlMjIlM0UyNCUzQyUyRnRoJTNFJTIwJTBBJTIwJTIwJTIwJTIwJTIwJTIwJTNDJTJGdHIlM0UlMEElMjAlMjAlMjAlMjAlM0MlMkZ0Ym9keSUzRSUwQSUyMCUyMCUzQyUyRnRhYmxlJTNFJTBBJTNDJTJGZGl2JTNFJTBB[\/vc_raw_html][vc_raw_html [&hellip;]<\/p>\n","protected":false},"author":1,"featured_media":0,"parent":0,"menu_order":0,"comment_status":"closed","ping_status":"closed","template":"","meta":{"footnotes":""},"class_list":["post-2918","page","type-page","status-publish","hentry"],"yoast_head":"<!-- This site is optimized with the Yoast SEO plugin v27.3 - https:\/\/yoast.com\/product\/yoast-seo-wordpress\/ -->\n<title>Collections \u2013 Collection Popup - CIFRE CER\u00c1MICA<\/title>\n<meta name=\"robots\" content=\"index, follow, max-snippet:-1, max-image-preview:large, max-video-preview:-1\" \/>\n<link rel=\"canonical\" href=\"https:\/\/cifreceramica.com\/fr\/collections-collection-popup\/\" \/>\n<meta property=\"og:locale\" content=\"fr_FR\" \/>\n<meta property=\"og:type\" content=\"article\" \/>\n<meta property=\"og:title\" content=\"Collections \u2013 Collection Popup - CIFRE CER\u00c1MICA\" \/>\n<meta property=\"og:description\" content=\"[vc_row full_width=\u00a0\u00bbstretch_row_content\u00a0\u00bb el_class=\u00a0\u00bbbreadcrumb\u00a0\u00bb][vc_column][\/vc_column][\/vc_row][vc_row el_class=\u00a0\u00bbpopup_info_coleccion\u00a0\u00bb css=\u00a0\u00bb.vc_custom_1567694572075{margin-top: 40px !important;margin-bottom: 40px !important;}\u00a0\u00bb][vc_column][vc_row_inner][vc_column_inner width=\u00a0\u00bb1\/2&Prime;][vc_single_image image=\u00a0\u00bb1237&Prime; img_size=\u00a0\u00bbfull\u00a0\u00bb alignment=\u00a0\u00bbcenter\u00a0\u00bb][vc_column_text el_class=\u00a0\u00bbpop_caras\u00a0\u00bb]Faces disponibles[\/vc_column_text][\/vc_column_inner][vc_column_inner width=\u00a0\u00bb1\/2&Prime;][vc_column_text el_class=\u00a0\u00bbpop_titulo\u00a0\u00bb]GRANITE CREAM[\/vc_column_text][vc_column_text el_class=\u00a0\u00bbpop_medida\u00a0\u00bb]120X120 \u00b7 48\u201dX48\u201d | G.191[\/vc_column_text][vc_separator color=\u00a0\u00bbblack\u00a0\u00bb][vc_single_image image=\u00a0\u00bb1108&Prime; img_size=\u00a0\u00bbfull\u00a0\u00bb el_class=\u00a0\u00bbpop_iconos\u00a0\u00bb][vc_single_image image=\u00a0\u00bb1108&Prime; img_size=\u00a0\u00bbfull\u00a0\u00bb el_class=\u00a0\u00bbpop_iconos\u00a0\u00bb][vc_single_image image=\u00a0\u00bb1108&Prime; img_size=\u00a0\u00bbfull\u00a0\u00bb el_class=\u00a0\u00bbpop_iconos\u00a0\u00bb][vc_single_image image=\u00a0\u00bb1108&Prime; img_size=\u00a0\u00bbfull\u00a0\u00bb el_class=\u00a0\u00bbpop_iconos\u00a0\u00bb][vc_single_image image=\u00a0\u00bb1108&Prime; img_size=\u00a0\u00bbfull\u00a0\u00bb el_class=\u00a0\u00bbpop_iconos\u00a0\u00bb][vc_separator color=\u00a0\u00bbblack\u00a0\u00bb][vc_column_text el_class=\u00a0\u00bbpop_caracteristicas\u00a0\u00bb]Porcelaine P\u00e2te Rouge Mate \u00c9paisseur 9.0[\/vc_column_text][vc_separator color=\u00a0\u00bbblack\u00a0\u00bb][vc_column_text el_class=\u00a0\u00bbpop_descarga\u00a0\u00bb]Recherche[\/vc_column_text][vc_column_text el_class=\u00a0\u00bbpop_comparte\u00a0\u00bb]Partagez [\/vc_column_text][\/vc_column_inner][\/vc_row_inner][vc_row_inner css=\u00a0\u00bb.vc_custom_1567694671580{margin-top: 35px !important;}\u00a0\u00bb][vc_column_inner width=\u00a0\u00bb1\/2&Prime;][vc_raw_html el_class=\u00a0\u00bbpop_tabla\u00a0\u00bb]JTNDZGl2JTIwY2xhc3MlM0QlMjJ0YWJsZS1yZXNwb25zaXZlJTIyJTNFJTBBJTIwJTIwJTNDdGFibGUlMjBjbGFzcyUzRCUyMnRhYmxlJTIyJTIwJTIwY2VsbHNwYWNpbmclM0QlMjIwJTIyJTNFJTBBJTIwJTIwJTIwJTIwJTNDdGhlYWQlM0UlMEElMjAlMjAlMjAlMjAlMjAlMjAlM0N0ciUzRSUwQSUyMCUyMCUyMCUyMCUyMCUyMCUyMCUyMCUzQ3RoJTIwc2NvcGUlM0QlMjJjb2wlMjIlM0VQenMuJTJGY2FqYSUzQyUyRnRoJTNFJTBBJTIwJTIwJTIwJTIwJTIwJTIwJTIwJTIwJTNDdGglMjBzY29wZSUzRCUyMmNvbCUyMiUzRU0yJTJGY2FqYSUzQyUyRnRoJTNFJTBBJTIwJTIwJTIwJTIwJTIwJTIwJTIwJTIwJTNDdGglMjBzY29wZSUzRCUyMmNvbCUyMiUzRUtnJTJGY2FqYSUzQyUyRnRoJTNFJTIwJTBBJTIwJTIwJTIwJTIwJTIwJTIwJTIwJTIwJTNDdGglMjBzY29wZSUzRCUyMmNvbCUyMiUzRUNhamFzJTJGcGFsZXQlM0MlMkZ0aCUzRSUyMCUwQSUyMCUyMCUyMCUyMCUyMCUyMCUzQyUyRnRyJTNFJTBBJTIwJTIwJTIwJTIwJTNDJTJGdGhlYWQlM0UlMEElMjAlMjAlMjAlMjAlM0N0Ym9keSUzRSUwQSUyMCUyMCUyMCUyMCUyMCUyMCUzQ3RyJTNFJTBBJTIwJTIwJTIwJTIwJTIwJTIwJTIwJTIwJTNDdGQlMjBzY29wZSUzRCUyMmNvbCUyMiUzRTElM0MlMkZ0ZCUzRSUwQSUyMCUyMCUyMCUyMCUyMCUyMCUyMCUyMCUzQ3RkJTIwc2NvcGUlM0QlMjJjb2wlMjIlM0UzLjEyJTNDJTJGdGQlM0UlMEElMjAlMjAlMjAlMjAlMjAlMjAlMjAlMjAlM0N0ZCUyMHNjb3BlJTNEJTIyY29sJTIyJTNFNDkuOTglM0MlMkZ0aCUzRSUyMCUwQSUyMCUyMCUyMCUyMCUyMCUyMCUyMCUyMCUzQ3RkJTIwc2NvcGUlM0QlMjJjb2wlMjIlM0UyNCUzQyUyRnRoJTNFJTIwJTBBJTIwJTIwJTIwJTIwJTIwJTIwJTNDJTJGdHIlM0UlMEElMjAlMjAlMjAlMjAlM0MlMkZ0Ym9keSUzRSUwQSUyMCUyMCUzQyUyRnRhYmxlJTNFJTBBJTNDJTJGZGl2JTNFJTBB[\/vc_raw_html][vc_raw_html [&hellip;]\" \/>\n<meta property=\"og:url\" content=\"https:\/\/cifreceramica.com\/fr\/collections-collection-popup\/\" \/>\n<meta property=\"og:site_name\" content=\"CIFRE CER\u00c1MICA\" \/>\n<meta property=\"article:publisher\" content=\"https:\/\/www.facebook.com\/Cifreceramica\/\" \/>\n<meta property=\"article:modified_time\" content=\"2019-09-25T12:50:20+00:00\" \/>\n<meta property=\"og:image\" content=\"https:\/\/cifreceramica.com\/wp-content\/uploads\/2019\/08\/mail.png\" \/>\n<meta name=\"twitter:card\" content=\"summary_large_image\" \/>\n<meta name=\"twitter:site\" content=\"@cifreceramica\" \/>\n<meta name=\"twitter:label1\" content=\"Dur\u00e9e de lecture estim\u00e9e\" \/>\n\t<meta name=\"twitter:data1\" content=\"2 minutes\" \/>\n<script type=\"application\/ld+json\" class=\"yoast-schema-graph\">{\"@context\":\"https:\\\/\\\/schema.org\",\"@graph\":[{\"@type\":\"WebPage\",\"@id\":\"https:\\\/\\\/cifreceramica.com\\\/fr\\\/collections-collection-popup\\\/\",\"url\":\"https:\\\/\\\/cifreceramica.com\\\/fr\\\/collections-collection-popup\\\/\",\"name\":\"Collections \u2013 Collection Popup - CIFRE CER\u00c1MICA\",\"isPartOf\":{\"@id\":\"https:\\\/\\\/cifreceramica.com\\\/#website\"},\"primaryImageOfPage\":{\"@id\":\"https:\\\/\\\/cifreceramica.com\\\/fr\\\/collections-collection-popup\\\/#primaryimage\"},\"image\":{\"@id\":\"https:\\\/\\\/cifreceramica.com\\\/fr\\\/collections-collection-popup\\\/#primaryimage\"},\"thumbnailUrl\":\"https:\\\/\\\/cifreceramica.com\\\/wp-content\\\/uploads\\\/2019\\\/08\\\/mail.png\",\"datePublished\":\"2019-09-05T12:54:26+00:00\",\"dateModified\":\"2019-09-25T12:50:20+00:00\",\"breadcrumb\":{\"@id\":\"https:\\\/\\\/cifreceramica.com\\\/fr\\\/collections-collection-popup\\\/#breadcrumb\"},\"inLanguage\":\"fr-FR\",\"potentialAction\":[{\"@type\":\"ReadAction\",\"target\":[\"https:\\\/\\\/cifreceramica.com\\\/fr\\\/collections-collection-popup\\\/\"]}]},{\"@type\":\"ImageObject\",\"inLanguage\":\"fr-FR\",\"@id\":\"https:\\\/\\\/cifreceramica.com\\\/fr\\\/collections-collection-popup\\\/#primaryimage\",\"url\":\"https:\\\/\\\/cifreceramica.com\\\/wp-content\\\/uploads\\\/2019\\\/08\\\/mail.png\",\"contentUrl\":\"https:\\\/\\\/cifreceramica.com\\\/wp-content\\\/uploads\\\/2019\\\/08\\\/mail.png\"},{\"@type\":\"BreadcrumbList\",\"@id\":\"https:\\\/\\\/cifreceramica.com\\\/fr\\\/collections-collection-popup\\\/#breadcrumb\",\"itemListElement\":[{\"@type\":\"ListItem\",\"position\":1,\"name\":\"Portada\",\"item\":\"https:\\\/\\\/cifreceramica.com\\\/fr\\\/\"},{\"@type\":\"ListItem\",\"position\":2,\"name\":\"Collections \u2013 Collection Popup\"}]},{\"@type\":\"WebSite\",\"@id\":\"https:\\\/\\\/cifreceramica.com\\\/#website\",\"url\":\"https:\\\/\\\/cifreceramica.com\\\/\",\"name\":\"CIFRE CER\u00c1MICA\",\"description\":\"Azulejo, cer\u00e1mica, decoraci\u00f3n, pavimento, revestimiento\",\"publisher\":{\"@id\":\"https:\\\/\\\/cifreceramica.com\\\/#organization\"},\"potentialAction\":[{\"@type\":\"SearchAction\",\"target\":{\"@type\":\"EntryPoint\",\"urlTemplate\":\"https:\\\/\\\/cifreceramica.com\\\/?s={search_term_string}\"},\"query-input\":{\"@type\":\"PropertyValueSpecification\",\"valueRequired\":true,\"valueName\":\"search_term_string\"}}],\"inLanguage\":\"fr-FR\"},{\"@type\":\"Organization\",\"@id\":\"https:\\\/\\\/cifreceramica.com\\\/#organization\",\"name\":\"CIFRE CERAMICA SL.\",\"url\":\"https:\\\/\\\/cifreceramica.com\\\/\",\"logo\":{\"@type\":\"ImageObject\",\"inLanguage\":\"fr-FR\",\"@id\":\"https:\\\/\\\/cifreceramica.com\\\/#\\\/schema\\\/logo\\\/image\\\/\",\"url\":\"https:\\\/\\\/cifreceramica.com\\\/wp-content\\\/uploads\\\/2020\\\/03\\\/logo-cifre.jpg\",\"contentUrl\":\"https:\\\/\\\/cifreceramica.com\\\/wp-content\\\/uploads\\\/2020\\\/03\\\/logo-cifre.jpg\",\"width\":648,\"height\":320,\"caption\":\"CIFRE CERAMICA SL.\"},\"image\":{\"@id\":\"https:\\\/\\\/cifreceramica.com\\\/#\\\/schema\\\/logo\\\/image\\\/\"},\"sameAs\":[\"https:\\\/\\\/www.facebook.com\\\/Cifreceramica\\\/\",\"https:\\\/\\\/x.com\\\/cifreceramica\",\"https:\\\/\\\/www.instagram.com\\\/cifreceramica\\\/\",\"https:\\\/\\\/www.linkedin.com\\\/cifreceramica\",\"https:\\\/\\\/www.pinterest.es\\\/CifreReport\\\/_created\\\/\",\"https:\\\/\\\/www.youtube.com\\\/channel\\\/UC6T43U-C68ZKx58s-QVY0Eg\"]}]}<\/script>\n<!-- \/ Yoast SEO plugin. -->","yoast_head_json":{"title":"Collections \u2013 Collection Popup - CIFRE CER\u00c1MICA","robots":{"index":"index","follow":"follow","max-snippet":"max-snippet:-1","max-image-preview":"max-image-preview:large","max-video-preview":"max-video-preview:-1"},"canonical":"https:\/\/cifreceramica.com\/fr\/collections-collection-popup\/","og_locale":"fr_FR","og_type":"article","og_title":"Collections \u2013 Collection Popup - CIFRE CER\u00c1MICA","og_description":"[vc_row full_width=\u00a0\u00bbstretch_row_content\u00a0\u00bb el_class=\u00a0\u00bbbreadcrumb\u00a0\u00bb][vc_column][\/vc_column][\/vc_row][vc_row el_class=\u00a0\u00bbpopup_info_coleccion\u00a0\u00bb css=\u00a0\u00bb.vc_custom_1567694572075{margin-top: 40px !important;margin-bottom: 40px !important;}\u00a0\u00bb][vc_column][vc_row_inner][vc_column_inner width=\u00a0\u00bb1\/2&Prime;][vc_single_image image=\u00a0\u00bb1237&Prime; img_size=\u00a0\u00bbfull\u00a0\u00bb alignment=\u00a0\u00bbcenter\u00a0\u00bb][vc_column_text el_class=\u00a0\u00bbpop_caras\u00a0\u00bb]Faces disponibles[\/vc_column_text][\/vc_column_inner][vc_column_inner width=\u00a0\u00bb1\/2&Prime;][vc_column_text el_class=\u00a0\u00bbpop_titulo\u00a0\u00bb]GRANITE CREAM[\/vc_column_text][vc_column_text el_class=\u00a0\u00bbpop_medida\u00a0\u00bb]120X120 \u00b7 48\u201dX48\u201d | G.191[\/vc_column_text][vc_separator color=\u00a0\u00bbblack\u00a0\u00bb][vc_single_image image=\u00a0\u00bb1108&Prime; img_size=\u00a0\u00bbfull\u00a0\u00bb el_class=\u00a0\u00bbpop_iconos\u00a0\u00bb][vc_single_image image=\u00a0\u00bb1108&Prime; img_size=\u00a0\u00bbfull\u00a0\u00bb el_class=\u00a0\u00bbpop_iconos\u00a0\u00bb][vc_single_image image=\u00a0\u00bb1108&Prime; img_size=\u00a0\u00bbfull\u00a0\u00bb el_class=\u00a0\u00bbpop_iconos\u00a0\u00bb][vc_single_image image=\u00a0\u00bb1108&Prime; img_size=\u00a0\u00bbfull\u00a0\u00bb el_class=\u00a0\u00bbpop_iconos\u00a0\u00bb][vc_single_image image=\u00a0\u00bb1108&Prime; img_size=\u00a0\u00bbfull\u00a0\u00bb el_class=\u00a0\u00bbpop_iconos\u00a0\u00bb][vc_separator color=\u00a0\u00bbblack\u00a0\u00bb][vc_column_text el_class=\u00a0\u00bbpop_caracteristicas\u00a0\u00bb]Porcelaine P\u00e2te Rouge Mate \u00c9paisseur 9.0[\/vc_column_text][vc_separator color=\u00a0\u00bbblack\u00a0\u00bb][vc_column_text el_class=\u00a0\u00bbpop_descarga\u00a0\u00bb]Recherche[\/vc_column_text][vc_column_text el_class=\u00a0\u00bbpop_comparte\u00a0\u00bb]Partagez [\/vc_column_text][\/vc_column_inner][\/vc_row_inner][vc_row_inner css=\u00a0\u00bb.vc_custom_1567694671580{margin-top: 35px !important;}\u00a0\u00bb][vc_column_inner width=\u00a0\u00bb1\/2&Prime;][vc_raw_html el_class=\u00a0\u00bbpop_tabla\u00a0\u00bb]JTNDZGl2JTIwY2xhc3MlM0QlMjJ0YWJsZS1yZXNwb25zaXZlJTIyJTNFJTBBJTIwJTIwJTNDdGFibGUlMjBjbGFzcyUzRCUyMnRhYmxlJTIyJTIwJTIwY2VsbHNwYWNpbmclM0QlMjIwJTIyJTNFJTBBJTIwJTIwJTIwJTIwJTNDdGhlYWQlM0UlMEElMjAlMjAlMjAlMjAlMjAlMjAlM0N0ciUzRSUwQSUyMCUyMCUyMCUyMCUyMCUyMCUyMCUyMCUzQ3RoJTIwc2NvcGUlM0QlMjJjb2wlMjIlM0VQenMuJTJGY2FqYSUzQyUyRnRoJTNFJTBBJTIwJTIwJTIwJTIwJTIwJTIwJTIwJTIwJTNDdGglMjBzY29wZSUzRCUyMmNvbCUyMiUzRU0yJTJGY2FqYSUzQyUyRnRoJTNFJTBBJTIwJTIwJTIwJTIwJTIwJTIwJTIwJTIwJTNDdGglMjBzY29wZSUzRCUyMmNvbCUyMiUzRUtnJTJGY2FqYSUzQyUyRnRoJTNFJTIwJTBBJTIwJTIwJTIwJTIwJTIwJTIwJTIwJTIwJTNDdGglMjBzY29wZSUzRCUyMmNvbCUyMiUzRUNhamFzJTJGcGFsZXQlM0MlMkZ0aCUzRSUyMCUwQSUyMCUyMCUyMCUyMCUyMCUyMCUzQyUyRnRyJTNFJTBBJTIwJTIwJTIwJTIwJTNDJTJGdGhlYWQlM0UlMEElMjAlMjAlMjAlMjAlM0N0Ym9keSUzRSUwQSUyMCUyMCUyMCUyMCUyMCUyMCUzQ3RyJTNFJTBBJTIwJTIwJTIwJTIwJTIwJTIwJTIwJTIwJTNDdGQlMjBzY29wZSUzRCUyMmNvbCUyMiUzRTElM0MlMkZ0ZCUzRSUwQSUyMCUyMCUyMCUyMCUyMCUyMCUyMCUyMCUzQ3RkJTIwc2NvcGUlM0QlMjJjb2wlMjIlM0UzLjEyJTNDJTJGdGQlM0UlMEElMjAlMjAlMjAlMjAlMjAlMjAlMjAlMjAlM0N0ZCUyMHNjb3BlJTNEJTIyY29sJTIyJTNFNDkuOTglM0MlMkZ0aCUzRSUyMCUwQSUyMCUyMCUyMCUyMCUyMCUyMCUyMCUyMCUzQ3RkJTIwc2NvcGUlM0QlMjJjb2wlMjIlM0UyNCUzQyUyRnRoJTNFJTIwJTBBJTIwJTIwJTIwJTIwJTIwJTIwJTNDJTJGdHIlM0UlMEElMjAlMjAlMjAlMjAlM0MlMkZ0Ym9keSUzRSUwQSUyMCUyMCUzQyUyRnRhYmxlJTNFJTBBJTNDJTJGZGl2JTNFJTBB[\/vc_raw_html][vc_raw_html [&hellip;]","og_url":"https:\/\/cifreceramica.com\/fr\/collections-collection-popup\/","og_site_name":"CIFRE CER\u00c1MICA","article_publisher":"https:\/\/www.facebook.com\/Cifreceramica\/","article_modified_time":"2019-09-25T12:50:20+00:00","og_image":[{"url":"https:\/\/cifreceramica.com\/wp-content\/uploads\/2019\/08\/mail.png","type":"","width":"","height":""}],"twitter_card":"summary_large_image","twitter_site":"@cifreceramica","twitter_misc":{"Dur\u00e9e de lecture estim\u00e9e":"2 minutes"},"schema":{"@context":"https:\/\/schema.org","@graph":[{"@type":"WebPage","@id":"https:\/\/cifreceramica.com\/fr\/collections-collection-popup\/","url":"https:\/\/cifreceramica.com\/fr\/collections-collection-popup\/","name":"Collections \u2013 Collection Popup - CIFRE CER\u00c1MICA","isPartOf":{"@id":"https:\/\/cifreceramica.com\/#website"},"primaryImageOfPage":{"@id":"https:\/\/cifreceramica.com\/fr\/collections-collection-popup\/#primaryimage"},"image":{"@id":"https:\/\/cifreceramica.com\/fr\/collections-collection-popup\/#primaryimage"},"thumbnailUrl":"https:\/\/cifreceramica.com\/wp-content\/uploads\/2019\/08\/mail.png","datePublished":"2019-09-05T12:54:26+00:00","dateModified":"2019-09-25T12:50:20+00:00","breadcrumb":{"@id":"https:\/\/cifreceramica.com\/fr\/collections-collection-popup\/#breadcrumb"},"inLanguage":"fr-FR","potentialAction":[{"@type":"ReadAction","target":["https:\/\/cifreceramica.com\/fr\/collections-collection-popup\/"]}]},{"@type":"ImageObject","inLanguage":"fr-FR","@id":"https:\/\/cifreceramica.com\/fr\/collections-collection-popup\/#primaryimage","url":"https:\/\/cifreceramica.com\/wp-content\/uploads\/2019\/08\/mail.png","contentUrl":"https:\/\/cifreceramica.com\/wp-content\/uploads\/2019\/08\/mail.png"},{"@type":"BreadcrumbList","@id":"https:\/\/cifreceramica.com\/fr\/collections-collection-popup\/#breadcrumb","itemListElement":[{"@type":"ListItem","position":1,"name":"Portada","item":"https:\/\/cifreceramica.com\/fr\/"},{"@type":"ListItem","position":2,"name":"Collections \u2013 Collection Popup"}]},{"@type":"WebSite","@id":"https:\/\/cifreceramica.com\/#website","url":"https:\/\/cifreceramica.com\/","name":"CIFRE CER\u00c1MICA","description":"Azulejo, cer\u00e1mica, decoraci\u00f3n, pavimento, revestimiento","publisher":{"@id":"https:\/\/cifreceramica.com\/#organization"},"potentialAction":[{"@type":"SearchAction","target":{"@type":"EntryPoint","urlTemplate":"https:\/\/cifreceramica.com\/?s={search_term_string}"},"query-input":{"@type":"PropertyValueSpecification","valueRequired":true,"valueName":"search_term_string"}}],"inLanguage":"fr-FR"},{"@type":"Organization","@id":"https:\/\/cifreceramica.com\/#organization","name":"CIFRE CERAMICA SL.","url":"https:\/\/cifreceramica.com\/","logo":{"@type":"ImageObject","inLanguage":"fr-FR","@id":"https:\/\/cifreceramica.com\/#\/schema\/logo\/image\/","url":"https:\/\/cifreceramica.com\/wp-content\/uploads\/2020\/03\/logo-cifre.jpg","contentUrl":"https:\/\/cifreceramica.com\/wp-content\/uploads\/2020\/03\/logo-cifre.jpg","width":648,"height":320,"caption":"CIFRE CERAMICA SL."},"image":{"@id":"https:\/\/cifreceramica.com\/#\/schema\/logo\/image\/"},"sameAs":["https:\/\/www.facebook.com\/Cifreceramica\/","https:\/\/x.com\/cifreceramica","https:\/\/www.instagram.com\/cifreceramica\/","https:\/\/www.linkedin.com\/cifreceramica","https:\/\/www.pinterest.es\/CifreReport\/_created\/","https:\/\/www.youtube.com\/channel\/UC6T43U-C68ZKx58s-QVY0Eg"]}]}},"_links":{"self":[{"href":"https:\/\/cifreceramica.com\/fr\/wp-json\/wp\/v2\/pages\/2918","targetHints":{"allow":["GET"]}}],"collection":[{"href":"https:\/\/cifreceramica.com\/fr\/wp-json\/wp\/v2\/pages"}],"about":[{"href":"https:\/\/cifreceramica.com\/fr\/wp-json\/wp\/v2\/types\/page"}],"author":[{"embeddable":true,"href":"https:\/\/cifreceramica.com\/fr\/wp-json\/wp\/v2\/users\/1"}],"replies":[{"embeddable":true,"href":"https:\/\/cifreceramica.com\/fr\/wp-json\/wp\/v2\/comments?post=2918"}],"version-history":[{"count":3,"href":"https:\/\/cifreceramica.com\/fr\/wp-json\/wp\/v2\/pages\/2918\/revisions"}],"predecessor-version":[{"id":2930,"href":"https:\/\/cifreceramica.com\/fr\/wp-json\/wp\/v2\/pages\/2918\/revisions\/2930"}],"wp:attachment":[{"href":"https:\/\/cifreceramica.com\/fr\/wp-json\/wp\/v2\/media?parent=2918"}],"curies":[{"name":"wp","href":"https:\/\/api.w.org\/{rel}","templated":true}]}}