{"id":2891,"date":"2019-08-21T08:58:26","date_gmt":"2019-08-21T06:58:26","guid":{"rendered":"https:\/\/cifreceramica.com\/coleccion-busqueda-avanzada-producto\/"},"modified":"2019-09-25T13:53:17","modified_gmt":"2019-09-25T11:53:17","slug":"collection-recherche-de-produit-avancee","status":"publish","type":"page","link":"https:\/\/cifreceramica.com\/fr\/collection-recherche-de-produit-avancee\/","title":{"rendered":"Collection &#8211;  Recherche de produit avanc\u00e9e"},"content":{"rendered":"<p>[vc_row full_width=\u00a0\u00bbstretch_row_content\u00a0\u00bb el_class=\u00a0\u00bbbreadcrumb\u00a0\u00bb][vc_column][\/vc_column][\/vc_row][vc_row full_width=\u00a0\u00bbstretch_row_content\u00a0\u00bb equal_height=\u00a0\u00bbyes\u00a0\u00bb el_class=\u00a0\u00bbbusqueda_coleccion\u00a0\u00bb][vc_column width=\u00a0\u00bb1\/4&Prime; el_class=\u00a0\u00bbfiltros_busqueda\u00a0\u00bb][vc_row_inner el_class=\u00a0\u00bbbloque_filtro\u00a0\u00bb][vc_column_inner][vc_column_text el_class=\u00a0\u00bbtitular\u00a0\u00bb]<strong>Filtres Recherche avanc\u00e9e<\/strong>[\/vc_column_text][\/vc_column_inner][\/vc_row_inner][vc_row_inner el_class=\u00a0\u00bbbloque_filtro\u00a0\u00bb][vc_column_inner][vc_raw_html]JTNDZGl2JTIwY2xhc3MlM0QlMjJjaGVja19maWx0cm8lMjIlM0UlM0NpbnB1dCUyMHR5cGUlM0QlMjJjaGVja2JveCUyMiUzRSUyMCUzQ2xhYmVsJTNFTm92ZWRhZGVzJTIwJTNDc3BhbiUyMGNsYXNzJTNEJTIyY2FudGlkYWQlMjIlM0UlMjgyNCUyOSUzQyUyRnNwYW4lM0UlM0MlMkZsYWJlbCUzRSUzQyUyRmRpdiUzRQ==[\/vc_raw_html][\/vc_column_inner][\/vc_row_inner][vc_row_inner el_class=\u00a0\u00bbbloque_filtro\u00a0\u00bb][vc_column_inner][vc_raw_html]JTNDcCUzRVZpc3VhbGl6YXIlMjBwb3IlM0MlMkZwJTNFJTBBJTNDZGl2JTIwY2xhc3MlM0QlMjJjaGVja19maWx0cm8lMjIlM0UlM0NpbnB1dCUyMHR5cGUlM0QlMjJjaGVja2JveCUyMiUzRSUyMCUzQ2xhYmVsJTNFU2VyaWUlM0MlMkZsYWJlbCUzRSUzQyUyRmRpdiUzRSUwQSUzQ2RpdiUyMGNsYXNzJTNEJTIyY2hlY2tfZmlsdHJvJTIyJTNFJTNDaW5wdXQlMjB0eXBlJTNEJTIyY2hlY2tib3glMjIlM0UlMjAlM0NsYWJlbCUzRVByb2R1Y3RvJTNDJTJGbGFiZWwlM0UlM0MlMkZkaXYlM0U=[\/vc_raw_html][\/vc_column_inner][\/vc_row_inner][vc_row_inner][vc_column_inner][vc_toggle title=\u00a0\u00bb Apparence\u00a0\u00bb style=\u00a0\u00bbsquare\u00a0\u00bb el_class=\u00a0\u00bbacordeon_busqueda_avanzada\u00a0\u00bb]<\/p>\n<div class=\"check_filtro\"><input type=\"checkbox\" \/> <label>Ciments <span class=\"cantidad\">(24)<\/span><\/label><\/div>\n<div class=\"check_filtro\"><input type=\"checkbox\" \/> <label>Bois <span class=\"cantidad\">(24)<\/span><\/label><\/div>\n<div class=\"check_filtro\"><input type=\"checkbox\" \/> <label>Marbres <span class=\"cantidad\">(24)<\/span><\/label><\/div>\n<div class=\"check_filtro\"><input type=\"checkbox\" \/> <label>M\u00e9talliques <span class=\"cantidad\">(24)<\/span><\/label><\/div>\n<div class=\"check_filtro\"><input type=\"checkbox\" \/> <label>Pierres <span class=\"cantidad\">(24)<\/span><\/label><\/div>\n<p>[\/vc_toggle][vc_toggle title=\u00a0\u00bbFiltro\u00a0\u00bb style=\u00a0\u00bbsquare\u00a0\u00bb el_class=\u00a0\u00bbacordeon_busqueda_avanzada\u00a0\u00bb]<\/p>\n<div class=\"check_filtro\"><input type=\"checkbox\" \/> <label>Cementos <span class=\"cantidad\">(24)<\/span><\/label><\/div>\n<div class=\"check_filtro\"><input type=\"checkbox\" \/> <label>Maderas <span class=\"cantidad\">(24)<\/span><\/label><\/div>\n<div class=\"check_filtro\"><input type=\"checkbox\" \/> <label>M\u00e1rmoles <span class=\"cantidad\">(24)<\/span><\/label><\/div>\n<div class=\"check_filtro\"><input type=\"checkbox\" \/> <label>Met\u00e1licos <span class=\"cantidad\">(24)<\/span><\/label><\/div>\n<div class=\"check_filtro\"><input type=\"checkbox\" \/> <label>Piedras <span class=\"cantidad\">(24)<\/span><\/label><\/div>\n<p>[\/vc_toggle][vc_toggle title=\u00a0\u00bbFiltro\u00a0\u00bb style=\u00a0\u00bbsquare\u00a0\u00bb el_class=\u00a0\u00bbacordeon_busqueda_avanzada\u00a0\u00bb]<\/p>\n<div class=\"check_filtro\"><input type=\"checkbox\" \/> <label>Cementos <span class=\"cantidad\">(24)<\/span><\/label><\/div>\n<div class=\"check_filtro\"><input type=\"checkbox\" \/> <label>Maderas <span class=\"cantidad\">(24)<\/span><\/label><\/div>\n<div class=\"check_filtro\"><input type=\"checkbox\" \/> <label>M\u00e1rmoles <span class=\"cantidad\">(24)<\/span><\/label><\/div>\n<div class=\"check_filtro\"><input type=\"checkbox\" \/> <label>Met\u00e1licos <span class=\"cantidad\">(24)<\/span><\/label><\/div>\n<div class=\"check_filtro\"><input type=\"checkbox\" \/> <label>Piedras <span class=\"cantidad\">(24)<\/span><\/label><\/div>\n<p>[\/vc_toggle][vc_toggle title=\u00a0\u00bbFiltro\u00a0\u00bb style=\u00a0\u00bbsquare\u00a0\u00bb el_class=\u00a0\u00bbacordeon_busqueda_avanzada\u00a0\u00bb]<\/p>\n<div class=\"check_filtro\"><input type=\"checkbox\" \/> <label>Cementos <span class=\"cantidad\">(24)<\/span><\/label><\/div>\n<div class=\"check_filtro\"><input type=\"checkbox\" \/> <label>Maderas <span class=\"cantidad\">(24)<\/span><\/label><\/div>\n<div class=\"check_filtro\"><input type=\"checkbox\" \/> <label>M\u00e1rmoles <span class=\"cantidad\">(24)<\/span><\/label><\/div>\n<div class=\"check_filtro\"><input type=\"checkbox\" \/> <label>Met\u00e1licos <span class=\"cantidad\">(24)<\/span><\/label><\/div>\n<div class=\"check_filtro\"><input type=\"checkbox\" \/> <label>Piedras <span class=\"cantidad\">(24)<\/span><\/label><\/div>\n<p>[\/vc_toggle][\/vc_column_inner][\/vc_row_inner][vc_row_inner el_class=\u00a0\u00bbbloque_filtro\u00a0\u00bb][vc_column_inner][vc_raw_html]JTNDZGl2JTIwY2xhc3MlM0QlMjJtdWVzdHJhX2ZpbHRybyUyMiUzRUZpbHRybyUzQyUyRmRpdiUzRSUwQSUzQ2RpdiUyMGNsYXNzJTNEJTIybXVlc3RyYV9maWx0cm8lMjIlM0VGaWx0cm8lM0MlMkZkaXYlM0UlMEElM0NkaXYlMjBjbGFzcyUzRCUyMm11ZXN0cmFfZmlsdHJvJTIyJTNFRmlsdHJvJTNDJTJGZGl2JTNFJTBBJTNDZGl2JTIwY2xhc3MlM0QlMjJtdWVzdHJhX2ZpbHRybyUyMiUzRUZpbHRybyUzQyUyRmRpdiUzRSUwQQ==[\/vc_raw_html][\/vc_column_inner][\/vc_row_inner][vc_row_inner el_class=\u00a0\u00bbbloque_filtro borrar_filtro\u00a0\u00bb][vc_column_inner][vc_column_text]<strong>Tout effacer<\/strong>[\/vc_column_text][\/vc_column_inner][\/vc_row_inner][\/vc_column][vc_column width=\u00a0\u00bb3\/4&Prime; el_class=\u00a0\u00bbresultado_busqueda\u00a0\u00bb][vc_row_inner el_class=\u00a0\u00bbbloque_filtro titular_resultados\u00a0\u00bb][vc_column_inner width=\u00a0\u00bb3\/4&Prime;][vc_column_text]<\/p>\n<p style=\"text-align: center;\"><strong>72 r\u00e9sultats<\/strong><\/p>\n<p>[\/vc_column_text][\/vc_column_inner][vc_column_inner width=\u00a0\u00bb1\/4&Prime;][vc_btn title=\u00a0\u00bbRecherche simple \u00a0\u00bb style=\u00a0\u00bbcustom\u00a0\u00bb custom_background=\u00a0\u00bb#ffffff\u00a0\u00bb custom_text=\u00a0\u00bb#0a0a0a\u00a0\u00bb i_align=\u00a0\u00bbright\u00a0\u00bb i_icon_fontawesome=\u00a0\u00bbfa fa-search\u00a0\u00bb add_icon=\u00a0\u00bbtrue\u00a0\u00bb link=\u00a0\u00bburl:%2Fcolecciones|||\u00a0\u00bb][\/vc_column_inner][\/vc_row_inner][vc_row_inner el_class=\u00a0\u00bbfila_resultado_busqueda\u00a0\u00bb][vc_column_inner][vc_column_text el_class=\u00a0\u00bbresultado_formato\u00a0\u00bb]120X260 \/ 48\u201dX102\u201d[\/vc_column_text][\/vc_column_inner][\/vc_row_inner][vc_row_inner el_class=\u00a0\u00bbfila_resultado_busqueda\u00a0\u00bb][vc_column_inner width=\u00a0\u00bb1\/4&Prime;][vc_single_image image=\u00a0\u00bb1078&Prime; img_size=\u00a0\u00bbfull\u00a0\u00bb][vc_column_text el_class=\u00a0\u00bbnombre_coleccion\u00a0\u00bb]Nombre colecci\u00f3n[\/vc_column_text][\/vc_column_inner][vc_column_inner width=\u00a0\u00bb1\/4&Prime;][vc_single_image image=\u00a0\u00bb1078&Prime; img_size=\u00a0\u00bbfull\u00a0\u00bb][vc_column_text el_class=\u00a0\u00bbnombre_coleccion\u00a0\u00bb]Nombre colecci\u00f3n[\/vc_column_text][\/vc_column_inner][vc_column_inner width=\u00a0\u00bb1\/4&Prime;][vc_single_image image=\u00a0\u00bb1078&Prime; img_size=\u00a0\u00bbfull\u00a0\u00bb][vc_column_text el_class=\u00a0\u00bbnombre_coleccion\u00a0\u00bb]Nombre colecci\u00f3n[\/vc_column_text][\/vc_column_inner][vc_column_inner width=\u00a0\u00bb1\/4&Prime;][vc_single_image image=\u00a0\u00bb1078&Prime; img_size=\u00a0\u00bbfull\u00a0\u00bb][vc_column_text el_class=\u00a0\u00bbnombre_coleccion\u00a0\u00bb]Nombre colecci\u00f3n[\/vc_column_text][\/vc_column_inner][\/vc_row_inner][vc_row_inner el_class=\u00a0\u00bbfila_resultado_busqueda\u00a0\u00bb][vc_column_inner width=\u00a0\u00bb1\/4&Prime;][vc_single_image image=\u00a0\u00bb1078&Prime; img_size=\u00a0\u00bbfull\u00a0\u00bb][vc_column_text el_class=\u00a0\u00bbnombre_coleccion\u00a0\u00bb]Nombre colecci\u00f3n[\/vc_column_text][\/vc_column_inner][vc_column_inner width=\u00a0\u00bb1\/4&Prime;][vc_single_image image=\u00a0\u00bb1078&Prime; img_size=\u00a0\u00bbfull\u00a0\u00bb][vc_column_text el_class=\u00a0\u00bbnombre_coleccion\u00a0\u00bb]Nombre colecci\u00f3n[\/vc_column_text][\/vc_column_inner][vc_column_inner width=\u00a0\u00bb1\/4&Prime;][vc_single_image image=\u00a0\u00bb1078&Prime; img_size=\u00a0\u00bbfull\u00a0\u00bb][vc_column_text el_class=\u00a0\u00bbnombre_coleccion\u00a0\u00bb]Nombre colecci\u00f3n[\/vc_column_text][\/vc_column_inner][vc_column_inner width=\u00a0\u00bb1\/4&Prime;][vc_single_image image=\u00a0\u00bb1078&Prime; img_size=\u00a0\u00bbfull\u00a0\u00bb][vc_column_text el_class=\u00a0\u00bbnombre_coleccion\u00a0\u00bb]Nombre colecci\u00f3n[\/vc_column_text][\/vc_column_inner][\/vc_row_inner][vc_row_inner el_class=\u00a0\u00bbfila_resultado_busqueda\u00a0\u00bb][vc_column_inner][vc_column_text el_class=\u00a0\u00bbresultado_formato\u00a0\u00bb]120X260 \/ 48\u201dX102\u201d[\/vc_column_text][\/vc_column_inner][\/vc_row_inner][vc_row_inner el_class=\u00a0\u00bbfila_resultado_busqueda\u00a0\u00bb][vc_column_inner width=\u00a0\u00bb1\/4&Prime;][vc_single_image image=\u00a0\u00bb1078&Prime; img_size=\u00a0\u00bbfull\u00a0\u00bb][vc_column_text el_class=\u00a0\u00bbnombre_coleccion\u00a0\u00bb]Nombre colecci\u00f3n[\/vc_column_text][\/vc_column_inner][vc_column_inner width=\u00a0\u00bb1\/4&Prime;][vc_single_image image=\u00a0\u00bb1078&Prime; img_size=\u00a0\u00bbfull\u00a0\u00bb][vc_column_text el_class=\u00a0\u00bbnombre_coleccion\u00a0\u00bb]Nombre colecci\u00f3n[\/vc_column_text][\/vc_column_inner][vc_column_inner width=\u00a0\u00bb1\/4&Prime;][vc_single_image image=\u00a0\u00bb1078&Prime; img_size=\u00a0\u00bbfull\u00a0\u00bb][vc_column_text el_class=\u00a0\u00bbnombre_coleccion\u00a0\u00bb]Nombre colecci\u00f3n[\/vc_column_text][\/vc_column_inner][vc_column_inner width=\u00a0\u00bb1\/4&Prime;][vc_single_image image=\u00a0\u00bb1078&Prime; img_size=\u00a0\u00bbfull\u00a0\u00bb][vc_column_text el_class=\u00a0\u00bbnombre_coleccion\u00a0\u00bb]Nombre colecci\u00f3n[\/vc_column_text][\/vc_column_inner][\/vc_row_inner][vc_empty_space height=\u00a0\u00bb45px\u00a0\u00bb][\/vc_column][\/vc_row]<\/p>\n","protected":false},"excerpt":{"rendered":"<p>[vc_row full_width=\u00a0\u00bbstretch_row_content\u00a0\u00bb el_class=\u00a0\u00bbbreadcrumb\u00a0\u00bb][vc_column][\/vc_column][\/vc_row][vc_row full_width=\u00a0\u00bbstretch_row_content\u00a0\u00bb equal_height=\u00a0\u00bbyes\u00a0\u00bb el_class=\u00a0\u00bbbusqueda_coleccion\u00a0\u00bb][vc_column width=\u00a0\u00bb1\/4&Prime; el_class=\u00a0\u00bbfiltros_busqueda\u00a0\u00bb][vc_row_inner el_class=\u00a0\u00bbbloque_filtro\u00a0\u00bb][vc_column_inner][vc_column_text el_class=\u00a0\u00bbtitular\u00a0\u00bb]Filtres Recherche avanc\u00e9e[\/vc_column_text][\/vc_column_inner][\/vc_row_inner][vc_row_inner el_class=\u00a0\u00bbbloque_filtro\u00a0\u00bb][vc_column_inner][vc_raw_html]JTNDZGl2JTIwY2xhc3MlM0QlMjJjaGVja19maWx0cm8lMjIlM0UlM0NpbnB1dCUyMHR5cGUlM0QlMjJjaGVja2JveCUyMiUzRSUyMCUzQ2xhYmVsJTNFTm92ZWRhZGVzJTIwJTNDc3BhbiUyMGNsYXNzJTNEJTIyY2FudGlkYWQlMjIlM0UlMjgyNCUyOSUzQyUyRnNwYW4lM0UlM0MlMkZsYWJlbCUzRSUzQyUyRmRpdiUzRQ==[\/vc_raw_html][\/vc_column_inner][\/vc_row_inner][vc_row_inner el_class=\u00a0\u00bbbloque_filtro\u00a0\u00bb][vc_column_inner][vc_raw_html]JTNDcCUzRVZpc3VhbGl6YXIlMjBwb3IlM0MlMkZwJTNFJTBBJTNDZGl2JTIwY2xhc3MlM0QlMjJjaGVja19maWx0cm8lMjIlM0UlM0NpbnB1dCUyMHR5cGUlM0QlMjJjaGVja2JveCUyMiUzRSUyMCUzQ2xhYmVsJTNFU2VyaWUlM0MlMkZsYWJlbCUzRSUzQyUyRmRpdiUzRSUwQSUzQ2RpdiUyMGNsYXNzJTNEJTIyY2hlY2tfZmlsdHJvJTIyJTNFJTNDaW5wdXQlMjB0eXBlJTNEJTIyY2hlY2tib3glMjIlM0UlMjAlM0NsYWJlbCUzRVByb2R1Y3RvJTNDJTJGbGFiZWwlM0UlM0MlMkZkaXYlM0U=[\/vc_raw_html][\/vc_column_inner][\/vc_row_inner][vc_row_inner][vc_column_inner][vc_toggle title=\u00a0\u00bb Apparence\u00a0\u00bb style=\u00a0\u00bbsquare\u00a0\u00bb el_class=\u00a0\u00bbacordeon_busqueda_avanzada\u00a0\u00bb] Ciments (24) Bois (24) Marbres (24) M\u00e9talliques (24) Pierres (24) [\/vc_toggle][vc_toggle title=\u00a0\u00bbFiltro\u00a0\u00bb style=\u00a0\u00bbsquare\u00a0\u00bb el_class=\u00a0\u00bbacordeon_busqueda_avanzada\u00a0\u00bb] Cementos (24) Maderas (24) M\u00e1rmoles (24) Met\u00e1licos (24) Piedras (24) [\/vc_toggle][vc_toggle title=\u00a0\u00bbFiltro\u00a0\u00bb style=\u00a0\u00bbsquare\u00a0\u00bb el_class=\u00a0\u00bbacordeon_busqueda_avanzada\u00a0\u00bb] Cementos (24) Maderas (24) M\u00e1rmoles (24) Met\u00e1licos (24) Piedras [&hellip;]<\/p>\n","protected":false},"author":1,"featured_media":0,"parent":0,"menu_order":0,"comment_status":"closed","ping_status":"closed","template":"","meta":{"footnotes":""},"class_list":["post-2891","page","type-page","status-publish","hentry"],"yoast_head":"<!-- This site is optimized with the Yoast SEO plugin v27.3 - https:\/\/yoast.com\/product\/yoast-seo-wordpress\/ -->\n<title>Collection - Recherche de produit avanc\u00e9e - CIFRE CER\u00c1MICA<\/title>\n<meta name=\"robots\" content=\"index, follow, max-snippet:-1, max-image-preview:large, max-video-preview:-1\" \/>\n<link rel=\"canonical\" href=\"https:\/\/cifreceramica.com\/fr\/collection-recherche-de-produit-avancee\/\" \/>\n<meta property=\"og:locale\" content=\"fr_FR\" \/>\n<meta property=\"og:type\" content=\"article\" \/>\n<meta property=\"og:title\" content=\"Collection - Recherche de produit avanc\u00e9e - CIFRE CER\u00c1MICA\" \/>\n<meta property=\"og:description\" content=\"[vc_row full_width=\u00a0\u00bbstretch_row_content\u00a0\u00bb el_class=\u00a0\u00bbbreadcrumb\u00a0\u00bb][vc_column][\/vc_column][\/vc_row][vc_row full_width=\u00a0\u00bbstretch_row_content\u00a0\u00bb equal_height=\u00a0\u00bbyes\u00a0\u00bb el_class=\u00a0\u00bbbusqueda_coleccion\u00a0\u00bb][vc_column width=\u00a0\u00bb1\/4&Prime; el_class=\u00a0\u00bbfiltros_busqueda\u00a0\u00bb][vc_row_inner el_class=\u00a0\u00bbbloque_filtro\u00a0\u00bb][vc_column_inner][vc_column_text el_class=\u00a0\u00bbtitular\u00a0\u00bb]Filtres Recherche avanc\u00e9e[\/vc_column_text][\/vc_column_inner][\/vc_row_inner][vc_row_inner el_class=\u00a0\u00bbbloque_filtro\u00a0\u00bb][vc_column_inner][vc_raw_html]JTNDZGl2JTIwY2xhc3MlM0QlMjJjaGVja19maWx0cm8lMjIlM0UlM0NpbnB1dCUyMHR5cGUlM0QlMjJjaGVja2JveCUyMiUzRSUyMCUzQ2xhYmVsJTNFTm92ZWRhZGVzJTIwJTNDc3BhbiUyMGNsYXNzJTNEJTIyY2FudGlkYWQlMjIlM0UlMjgyNCUyOSUzQyUyRnNwYW4lM0UlM0MlMkZsYWJlbCUzRSUzQyUyRmRpdiUzRQ==[\/vc_raw_html][\/vc_column_inner][\/vc_row_inner][vc_row_inner el_class=\u00a0\u00bbbloque_filtro\u00a0\u00bb][vc_column_inner][vc_raw_html]JTNDcCUzRVZpc3VhbGl6YXIlMjBwb3IlM0MlMkZwJTNFJTBBJTNDZGl2JTIwY2xhc3MlM0QlMjJjaGVja19maWx0cm8lMjIlM0UlM0NpbnB1dCUyMHR5cGUlM0QlMjJjaGVja2JveCUyMiUzRSUyMCUzQ2xhYmVsJTNFU2VyaWUlM0MlMkZsYWJlbCUzRSUzQyUyRmRpdiUzRSUwQSUzQ2RpdiUyMGNsYXNzJTNEJTIyY2hlY2tfZmlsdHJvJTIyJTNFJTNDaW5wdXQlMjB0eXBlJTNEJTIyY2hlY2tib3glMjIlM0UlMjAlM0NsYWJlbCUzRVByb2R1Y3RvJTNDJTJGbGFiZWwlM0UlM0MlMkZkaXYlM0U=[\/vc_raw_html][\/vc_column_inner][\/vc_row_inner][vc_row_inner][vc_column_inner][vc_toggle title=\u00a0\u00bb Apparence\u00a0\u00bb style=\u00a0\u00bbsquare\u00a0\u00bb el_class=\u00a0\u00bbacordeon_busqueda_avanzada\u00a0\u00bb] Ciments (24) Bois (24) Marbres (24) M\u00e9talliques (24) Pierres (24) [\/vc_toggle][vc_toggle title=\u00a0\u00bbFiltro\u00a0\u00bb style=\u00a0\u00bbsquare\u00a0\u00bb el_class=\u00a0\u00bbacordeon_busqueda_avanzada\u00a0\u00bb] Cementos (24) Maderas (24) M\u00e1rmoles (24) Met\u00e1licos (24) Piedras (24) [\/vc_toggle][vc_toggle title=\u00a0\u00bbFiltro\u00a0\u00bb style=\u00a0\u00bbsquare\u00a0\u00bb el_class=\u00a0\u00bbacordeon_busqueda_avanzada\u00a0\u00bb] Cementos (24) Maderas (24) M\u00e1rmoles (24) Met\u00e1licos (24) Piedras [&hellip;]\" \/>\n<meta property=\"og:url\" content=\"https:\/\/cifreceramica.com\/fr\/collection-recherche-de-produit-avancee\/\" \/>\n<meta property=\"og:site_name\" content=\"CIFRE CER\u00c1MICA\" \/>\n<meta property=\"article:publisher\" content=\"https:\/\/www.facebook.com\/Cifreceramica\/\" \/>\n<meta property=\"article:modified_time\" content=\"2019-09-25T11:53:17+00:00\" \/>\n<meta name=\"twitter:card\" content=\"summary_large_image\" \/>\n<meta name=\"twitter:site\" content=\"@cifreceramica\" \/>\n<meta name=\"twitter:label1\" content=\"Dur\u00e9e de lecture estim\u00e9e\" \/>\n\t<meta name=\"twitter:data1\" content=\"4 minutes\" \/>\n<script type=\"application\/ld+json\" class=\"yoast-schema-graph\">{\"@context\":\"https:\\\/\\\/schema.org\",\"@graph\":[{\"@type\":\"WebPage\",\"@id\":\"https:\\\/\\\/cifreceramica.com\\\/fr\\\/collection-recherche-de-produit-avancee\\\/\",\"url\":\"https:\\\/\\\/cifreceramica.com\\\/fr\\\/collection-recherche-de-produit-avancee\\\/\",\"name\":\"Collection - Recherche de produit avanc\u00e9e - CIFRE CER\u00c1MICA\",\"isPartOf\":{\"@id\":\"https:\\\/\\\/cifreceramica.com\\\/#website\"},\"datePublished\":\"2019-08-21T06:58:26+00:00\",\"dateModified\":\"2019-09-25T11:53:17+00:00\",\"breadcrumb\":{\"@id\":\"https:\\\/\\\/cifreceramica.com\\\/fr\\\/collection-recherche-de-produit-avancee\\\/#breadcrumb\"},\"inLanguage\":\"fr-FR\",\"potentialAction\":[{\"@type\":\"ReadAction\",\"target\":[\"https:\\\/\\\/cifreceramica.com\\\/fr\\\/collection-recherche-de-produit-avancee\\\/\"]}]},{\"@type\":\"BreadcrumbList\",\"@id\":\"https:\\\/\\\/cifreceramica.com\\\/fr\\\/collection-recherche-de-produit-avancee\\\/#breadcrumb\",\"itemListElement\":[{\"@type\":\"ListItem\",\"position\":1,\"name\":\"Portada\",\"item\":\"https:\\\/\\\/cifreceramica.com\\\/fr\\\/\"},{\"@type\":\"ListItem\",\"position\":2,\"name\":\"Collection &#8211; Recherche de produit avanc\u00e9e\"}]},{\"@type\":\"WebSite\",\"@id\":\"https:\\\/\\\/cifreceramica.com\\\/#website\",\"url\":\"https:\\\/\\\/cifreceramica.com\\\/\",\"name\":\"CIFRE CER\u00c1MICA\",\"description\":\"Azulejo, cer\u00e1mica, decoraci\u00f3n, pavimento, revestimiento\",\"publisher\":{\"@id\":\"https:\\\/\\\/cifreceramica.com\\\/#organization\"},\"potentialAction\":[{\"@type\":\"SearchAction\",\"target\":{\"@type\":\"EntryPoint\",\"urlTemplate\":\"https:\\\/\\\/cifreceramica.com\\\/?s={search_term_string}\"},\"query-input\":{\"@type\":\"PropertyValueSpecification\",\"valueRequired\":true,\"valueName\":\"search_term_string\"}}],\"inLanguage\":\"fr-FR\"},{\"@type\":\"Organization\",\"@id\":\"https:\\\/\\\/cifreceramica.com\\\/#organization\",\"name\":\"CIFRE CERAMICA SL.\",\"url\":\"https:\\\/\\\/cifreceramica.com\\\/\",\"logo\":{\"@type\":\"ImageObject\",\"inLanguage\":\"fr-FR\",\"@id\":\"https:\\\/\\\/cifreceramica.com\\\/#\\\/schema\\\/logo\\\/image\\\/\",\"url\":\"https:\\\/\\\/cifreceramica.com\\\/wp-content\\\/uploads\\\/2020\\\/03\\\/logo-cifre.jpg\",\"contentUrl\":\"https:\\\/\\\/cifreceramica.com\\\/wp-content\\\/uploads\\\/2020\\\/03\\\/logo-cifre.jpg\",\"width\":648,\"height\":320,\"caption\":\"CIFRE CERAMICA SL.\"},\"image\":{\"@id\":\"https:\\\/\\\/cifreceramica.com\\\/#\\\/schema\\\/logo\\\/image\\\/\"},\"sameAs\":[\"https:\\\/\\\/www.facebook.com\\\/Cifreceramica\\\/\",\"https:\\\/\\\/x.com\\\/cifreceramica\",\"https:\\\/\\\/www.instagram.com\\\/cifreceramica\\\/\",\"https:\\\/\\\/www.linkedin.com\\\/cifreceramica\",\"https:\\\/\\\/www.pinterest.es\\\/CifreReport\\\/_created\\\/\",\"https:\\\/\\\/www.youtube.com\\\/channel\\\/UC6T43U-C68ZKx58s-QVY0Eg\"]}]}<\/script>\n<!-- \/ Yoast SEO plugin. -->","yoast_head_json":{"title":"Collection - Recherche de produit avanc\u00e9e - CIFRE CER\u00c1MICA","robots":{"index":"index","follow":"follow","max-snippet":"max-snippet:-1","max-image-preview":"max-image-preview:large","max-video-preview":"max-video-preview:-1"},"canonical":"https:\/\/cifreceramica.com\/fr\/collection-recherche-de-produit-avancee\/","og_locale":"fr_FR","og_type":"article","og_title":"Collection - Recherche de produit avanc\u00e9e - CIFRE CER\u00c1MICA","og_description":"[vc_row full_width=\u00a0\u00bbstretch_row_content\u00a0\u00bb el_class=\u00a0\u00bbbreadcrumb\u00a0\u00bb][vc_column][\/vc_column][\/vc_row][vc_row full_width=\u00a0\u00bbstretch_row_content\u00a0\u00bb equal_height=\u00a0\u00bbyes\u00a0\u00bb el_class=\u00a0\u00bbbusqueda_coleccion\u00a0\u00bb][vc_column width=\u00a0\u00bb1\/4&Prime; el_class=\u00a0\u00bbfiltros_busqueda\u00a0\u00bb][vc_row_inner el_class=\u00a0\u00bbbloque_filtro\u00a0\u00bb][vc_column_inner][vc_column_text el_class=\u00a0\u00bbtitular\u00a0\u00bb]Filtres Recherche avanc\u00e9e[\/vc_column_text][\/vc_column_inner][\/vc_row_inner][vc_row_inner el_class=\u00a0\u00bbbloque_filtro\u00a0\u00bb][vc_column_inner][vc_raw_html]JTNDZGl2JTIwY2xhc3MlM0QlMjJjaGVja19maWx0cm8lMjIlM0UlM0NpbnB1dCUyMHR5cGUlM0QlMjJjaGVja2JveCUyMiUzRSUyMCUzQ2xhYmVsJTNFTm92ZWRhZGVzJTIwJTNDc3BhbiUyMGNsYXNzJTNEJTIyY2FudGlkYWQlMjIlM0UlMjgyNCUyOSUzQyUyRnNwYW4lM0UlM0MlMkZsYWJlbCUzRSUzQyUyRmRpdiUzRQ==[\/vc_raw_html][\/vc_column_inner][\/vc_row_inner][vc_row_inner el_class=\u00a0\u00bbbloque_filtro\u00a0\u00bb][vc_column_inner][vc_raw_html]JTNDcCUzRVZpc3VhbGl6YXIlMjBwb3IlM0MlMkZwJTNFJTBBJTNDZGl2JTIwY2xhc3MlM0QlMjJjaGVja19maWx0cm8lMjIlM0UlM0NpbnB1dCUyMHR5cGUlM0QlMjJjaGVja2JveCUyMiUzRSUyMCUzQ2xhYmVsJTNFU2VyaWUlM0MlMkZsYWJlbCUzRSUzQyUyRmRpdiUzRSUwQSUzQ2RpdiUyMGNsYXNzJTNEJTIyY2hlY2tfZmlsdHJvJTIyJTNFJTNDaW5wdXQlMjB0eXBlJTNEJTIyY2hlY2tib3glMjIlM0UlMjAlM0NsYWJlbCUzRVByb2R1Y3RvJTNDJTJGbGFiZWwlM0UlM0MlMkZkaXYlM0U=[\/vc_raw_html][\/vc_column_inner][\/vc_row_inner][vc_row_inner][vc_column_inner][vc_toggle title=\u00a0\u00bb Apparence\u00a0\u00bb style=\u00a0\u00bbsquare\u00a0\u00bb el_class=\u00a0\u00bbacordeon_busqueda_avanzada\u00a0\u00bb] Ciments (24) Bois (24) Marbres (24) M\u00e9talliques (24) Pierres (24) [\/vc_toggle][vc_toggle title=\u00a0\u00bbFiltro\u00a0\u00bb style=\u00a0\u00bbsquare\u00a0\u00bb el_class=\u00a0\u00bbacordeon_busqueda_avanzada\u00a0\u00bb] Cementos (24) Maderas (24) M\u00e1rmoles (24) Met\u00e1licos (24) Piedras (24) [\/vc_toggle][vc_toggle title=\u00a0\u00bbFiltro\u00a0\u00bb style=\u00a0\u00bbsquare\u00a0\u00bb el_class=\u00a0\u00bbacordeon_busqueda_avanzada\u00a0\u00bb] Cementos (24) Maderas (24) M\u00e1rmoles (24) Met\u00e1licos (24) Piedras [&hellip;]","og_url":"https:\/\/cifreceramica.com\/fr\/collection-recherche-de-produit-avancee\/","og_site_name":"CIFRE CER\u00c1MICA","article_publisher":"https:\/\/www.facebook.com\/Cifreceramica\/","article_modified_time":"2019-09-25T11:53:17+00:00","twitter_card":"summary_large_image","twitter_site":"@cifreceramica","twitter_misc":{"Dur\u00e9e de lecture estim\u00e9e":"4 minutes"},"schema":{"@context":"https:\/\/schema.org","@graph":[{"@type":"WebPage","@id":"https:\/\/cifreceramica.com\/fr\/collection-recherche-de-produit-avancee\/","url":"https:\/\/cifreceramica.com\/fr\/collection-recherche-de-produit-avancee\/","name":"Collection - Recherche de produit avanc\u00e9e - CIFRE CER\u00c1MICA","isPartOf":{"@id":"https:\/\/cifreceramica.com\/#website"},"datePublished":"2019-08-21T06:58:26+00:00","dateModified":"2019-09-25T11:53:17+00:00","breadcrumb":{"@id":"https:\/\/cifreceramica.com\/fr\/collection-recherche-de-produit-avancee\/#breadcrumb"},"inLanguage":"fr-FR","potentialAction":[{"@type":"ReadAction","target":["https:\/\/cifreceramica.com\/fr\/collection-recherche-de-produit-avancee\/"]}]},{"@type":"BreadcrumbList","@id":"https:\/\/cifreceramica.com\/fr\/collection-recherche-de-produit-avancee\/#breadcrumb","itemListElement":[{"@type":"ListItem","position":1,"name":"Portada","item":"https:\/\/cifreceramica.com\/fr\/"},{"@type":"ListItem","position":2,"name":"Collection &#8211; Recherche de produit avanc\u00e9e"}]},{"@type":"WebSite","@id":"https:\/\/cifreceramica.com\/#website","url":"https:\/\/cifreceramica.com\/","name":"CIFRE CER\u00c1MICA","description":"Azulejo, cer\u00e1mica, decoraci\u00f3n, pavimento, revestimiento","publisher":{"@id":"https:\/\/cifreceramica.com\/#organization"},"potentialAction":[{"@type":"SearchAction","target":{"@type":"EntryPoint","urlTemplate":"https:\/\/cifreceramica.com\/?s={search_term_string}"},"query-input":{"@type":"PropertyValueSpecification","valueRequired":true,"valueName":"search_term_string"}}],"inLanguage":"fr-FR"},{"@type":"Organization","@id":"https:\/\/cifreceramica.com\/#organization","name":"CIFRE CERAMICA SL.","url":"https:\/\/cifreceramica.com\/","logo":{"@type":"ImageObject","inLanguage":"fr-FR","@id":"https:\/\/cifreceramica.com\/#\/schema\/logo\/image\/","url":"https:\/\/cifreceramica.com\/wp-content\/uploads\/2020\/03\/logo-cifre.jpg","contentUrl":"https:\/\/cifreceramica.com\/wp-content\/uploads\/2020\/03\/logo-cifre.jpg","width":648,"height":320,"caption":"CIFRE CERAMICA SL."},"image":{"@id":"https:\/\/cifreceramica.com\/#\/schema\/logo\/image\/"},"sameAs":["https:\/\/www.facebook.com\/Cifreceramica\/","https:\/\/x.com\/cifreceramica","https:\/\/www.instagram.com\/cifreceramica\/","https:\/\/www.linkedin.com\/cifreceramica","https:\/\/www.pinterest.es\/CifreReport\/_created\/","https:\/\/www.youtube.com\/channel\/UC6T43U-C68ZKx58s-QVY0Eg"]}]}},"_links":{"self":[{"href":"https:\/\/cifreceramica.com\/fr\/wp-json\/wp\/v2\/pages\/2891","targetHints":{"allow":["GET"]}}],"collection":[{"href":"https:\/\/cifreceramica.com\/fr\/wp-json\/wp\/v2\/pages"}],"about":[{"href":"https:\/\/cifreceramica.com\/fr\/wp-json\/wp\/v2\/types\/page"}],"author":[{"embeddable":true,"href":"https:\/\/cifreceramica.com\/fr\/wp-json\/wp\/v2\/users\/1"}],"replies":[{"embeddable":true,"href":"https:\/\/cifreceramica.com\/fr\/wp-json\/wp\/v2\/comments?post=2891"}],"version-history":[{"count":3,"href":"https:\/\/cifreceramica.com\/fr\/wp-json\/wp\/v2\/pages\/2891\/revisions"}],"predecessor-version":[{"id":2895,"href":"https:\/\/cifreceramica.com\/fr\/wp-json\/wp\/v2\/pages\/2891\/revisions\/2895"}],"wp:attachment":[{"href":"https:\/\/cifreceramica.com\/fr\/wp-json\/wp\/v2\/media?parent=2891"}],"curies":[{"name":"wp","href":"https:\/\/api.w.org\/{rel}","templated":true}]}}