{"id":2772,"date":"2019-09-05T13:48:42","date_gmt":"2019-09-05T11:48:42","guid":{"rendered":"https:\/\/cifreceramica.com\/cifrereport\/"},"modified":"2022-04-12T14:41:01","modified_gmt":"2022-04-12T12:41:01","slug":"cifrereport","status":"publish","type":"page","link":"https:\/\/cifreceramica.com\/fr\/cifrereport\/","title":{"rendered":"CifreReport"},"content":{"rendered":"<p>[vc_row full_width=\u00a0\u00bbstretch_row_content\u00a0\u00bb el_class=\u00a0\u00bbbreadcrumb\u00a0\u00bb][vc_column][\/vc_column][\/vc_row][vc_row el_class=\u00a0\u00bbtitulares_top_new filosofia\u00a0\u00bb][vc_column width=\u00a0\u00bb1\/6&Prime;][\/vc_column][vc_column width=\u00a0\u00bb2\/3&Prime;][vc_column_text]<\/p>\n<h1 style=\"text-align: center;\"><a href=\"https:\/\/cifreceramica.com\/en\/cifrereport\/\">Rapport Cifre<\/a><\/h1>\n<p style=\"text-align: center;\">D\u00e9couvrez les derni\u00e8res tendances en mati\u00e8re de d\u00e9coration et d&rsquo;architecture et laissez-vous inspirer. Dans Cifre Report, nous vous pr\u00e9sentons tous les d\u00e9tails des projets dans lesquels nos mat\u00e9riaux sont impliqu\u00e9s et les derni\u00e8res nouvelles du groupe Cifre.<\/p>\n<p>[\/vc_column_text][\/vc_column][vc_column width=\u00a0\u00bb1\/6&Prime;][\/vc_column][\/vc_row][vc_row full_width=\u00a0\u00bbstretch_row\u00a0\u00bb el_class=\u00a0\u00bbcategorias_report\u00a0\u00bb][vc_column][vc_row][vc_column width=\u00a0\u00bb12\/12&Prime; el_class=\u00a0\u00bblista_categorias\u00a0\u00bb]<ul><li><a href=\"https:\/\/cifreceramica.com\/cifrereport\/page\/1\/cat\/0\">Todo<\/a><\/li><li class=\"\"><a href=\"https:\/\/cifreceramica.com\/fr\/cifrereport\/page\/1\/cat\/166\">[Heart]Ceramics<\/a><\/li><li class=\"\"><a href=\"https:\/\/cifreceramica.com\/fr\/cifrereport\/page\/1\/cat\/157\">CifreProject<\/a><\/li><li class=\"\"><a href=\"https:\/\/cifreceramica.com\/fr\/cifrereport\/page\/1\/cat\/167\">InTheNews<\/a><\/li><li class=\"\"><a href=\"https:\/\/cifreceramica.com\/fr\/cifrereport\/page\/1\/cat\/10\">Non classifi\u00e9(e)<\/a><\/li><li class=\"\"><a href=\"https:\/\/cifreceramica.com\/fr\/cifrereport\/page\/1\/cat\/170\">Projets<\/a><\/li><li class=\"\"><a href=\"https:\/\/cifreceramica.com\/fr\/cifrereport\/page\/1\/cat\/159\">ProTips<\/a><\/li><li class=\"\"><a href=\"https:\/\/cifreceramica.com\/fr\/cifrereport\/page\/1\/cat\/160\">Trend&#039;n&#039;insp<\/a><\/li><li class=\"\"><a href=\"https:\/\/cifreceramica.com\/fr\/cifrereport\/page\/1\/cat\/162\">Zenon Solid Surface<\/a><\/li><\/ul>[\/vc_column][\/vc_row][\/vc_column][\/vc_row][vc_row][vc_column]<div class=\"listado_report\">[vc_row el_class=\u00a0\u00bb\u00a0\u00bb ][vc_column width=\u00a0\u00bb12\/12&Prime; el_class=\u00a0\u00bbitem_listado_report\u00a0\u00bb]<a href=\"https:\/\/cifreceramica.com\/fr\/carreaux-en-gres-cerame-de-14-mm-pour-les-grands-projets\/\"><img decoding=\"async\" class=\"img_report_destacado\" src=\"https:\/\/cifreceramica.com\/wp-content\/uploads\/2025\/11\/pavimento_14_mm_grain_1.jpg\"><p>14\/11\/2025<\/p><h2>Cifre Max : carreaux en gr\u00e8s c\u00e9rame de 14 mm pour les grands projets<\/h2>[\/vc_column][\/vc_row][vc_row el_class=\u00a0\u00bb\u00a0\u00bb ][vc_column width=\u00a0\u00bb6\/12&Prime; el_class=\u00a0\u00bbitem_listado_report\u00a0\u00bb]<a href=\"https:\/\/cifreceramica.com\/fr\/les-nouvelles-serie-brick-more-misent-couleur-relief\/\"><img decoding=\"async\" src=\"https:\/\/cifreceramica.com\/wp-content\/uploads\/2025\/07\/revestimiento_relieve_spaced_principal.jpg\"><p>22\/07\/2025<\/p><h2>Les nouvelles s\u00e9ries Brick&#038;More misent sur la couleur et le relief<\/h2>[\/vc_column][vc_column width=\u00a0\u00bb6\/12&Prime; el_class=\u00a0\u00bbitem_listado_report\u00a0\u00bb]<a href=\"https:\/\/cifreceramica.com\/fr\/carrelage-pour-terrasses-les-meilleures-options\/\"><img decoding=\"async\" src=\"https:\/\/cifreceramica.com\/wp-content\/uploads\/2025\/06\/concorde_cemento_20mm.jpg\"><p>02\/07\/2025<\/p><h2>Carrelage pour terrasses, les meilleures options<\/h2>[\/vc_column][\/vc_row][vc_row el_class=\u00a0\u00bb\u00a0\u00bb ][vc_column width=\u00a0\u00bb6\/12&Prime; el_class=\u00a0\u00bbitem_listado_report\u00a0\u00bb]<a href=\"https:\/\/cifreceramica.com\/fr\/commercial-intelligence-in-action-training-to-grow-from-within\/\"><img decoding=\"async\" src=\"https:\/\/cifreceramica.com\/wp-content\/uploads\/2025\/06\/principal.jpg\"><p>02\/07\/2025<\/p><h2>L&rsquo;intelligence commerciale en action : une formation pour se d\u00e9velopper de l&rsquo;int\u00e9rieur<\/h2>[\/vc_column][vc_column width=\u00a0\u00bb6\/12&Prime; el_class=\u00a0\u00bbitem_listado_report\u00a0\u00bb]<a href=\"https:\/\/cifreceramica.com\/fr\/le-groupe-argenta-acquiert-la-majorite-des-participations-de-mercury-ceramica\/\"><img decoding=\"async\" src=\"https:\/\/cifreceramica.com\/wp-content\/uploads\/2025\/06\/MERCURY_002.jpg\"><p>02\/07\/2025<\/p><h2>Le Groupe Argenta acquiert la majorit\u00e9 des participations de Mercury Cer\u00e1mica.<\/h2>[\/vc_column][\/vc_row][vc_row el_class=\u00a0\u00bb\u00a0\u00bb ][vc_column width=\u00a0\u00bb12\/12&Prime; el_class=\u00a0\u00bbitem_listado_report\u00a0\u00bb]<a href=\"https:\/\/cifreceramica.com\/fr\/grupo-argenta-premier-classe-dans-la-course-des-entreprises-summer-games-2024\/\"><img decoding=\"async\" class=\"img_report_destacado\" src=\"https:\/\/cifreceramica.com\/wp-content\/uploads\/2024\/10\/summer_games_1.jpg\"><p>15\/10\/2024<\/p><h2>Grupo Argenta, premier classe dans la Course des Entreprises, Summer Games 2024<\/h2>[\/vc_column][\/vc_row]<\/div>[vc_row el_class=\u00a0\u00bbpaginador_listado\u00a0\u00bb ][vc_column width=\u00a0\u00bb12\/12&Prime; el_class=\u00a0\u00bblista_paginador\u00a0\u00bb]<ul><li class=\"activo\"><a href=\"https:\/\/cifreceramica.com\/fr\/cifrereport\/page\/1\/cat\/0\">1<\/a><\/li><li class=\"\"><a href=\"https:\/\/cifreceramica.com\/fr\/cifrereport\/page\/2\/cat\/0\">2<\/a><\/li><li class=\"\"><a href=\"https:\/\/cifreceramica.com\/fr\/cifrereport\/page\/3\/cat\/0\">3<\/a><\/li><li class=\"\"><a href=\"https:\/\/cifreceramica.com\/fr\/cifrereport\/page\/4\/cat\/0\">4<\/a><\/li><li class=\"\"><a href=\"https:\/\/cifreceramica.com\/fr\/cifrereport\/page\/5\/cat\/0\">5<\/a><\/li><li class=\"\"><a href=\"https:\/\/cifreceramica.com\/fr\/cifrereport\/page\/6\/cat\/0\">6<\/a><\/li><li class=\"\"><a href=\"https:\/\/cifreceramica.com\/fr\/cifrereport\/page\/7\/cat\/0\">7<\/a><\/li><li class=\"\"><a href=\"https:\/\/cifreceramica.com\/fr\/cifrereport\/page\/8\/cat\/0\">8<\/a><\/li><\/ul>[\/vc_column][\/vc_row][\/vc_column][\/vc_row][vc_row full_width=\u00a0\u00bbstretch_row_content_no_spaces\u00a0\u00bb disable_element=\u00a0\u00bbyes\u00a0\u00bb el_class=\u00a0\u00bbfila_report\u00a0\u00bb][vc_column][vc_basic_grid post_type=\u00a0\u00bbpost\u00a0\u00bb max_items=\u00a0\u00bb1000&Prime; style=\u00a0\u00bbpagination\u00a0\u00bb items_per_page=\u00a0\u00bb6&Prime; show_filter=\u00a0\u00bbyes\u00a0\u00bb filter_color=\u00a0\u00bbwhite\u00a0\u00bb paging_design=\u00a0\u00bbpagination_default\u00a0\u00bb paging_color=\u00a0\u00bbblack\u00a0\u00bb loop=\u00a0\u00bbyes\u00a0\u00bb item=\u00a0\u00bb925&Prime; grid_id=\u00a0\u00bbvc_gid:1649767270455-655db963-b41b-7&Prime; filter_source=\u00a0\u00bbcategory\u00a0\u00bb][\/vc_column][\/vc_row]<\/p>\n","protected":false},"excerpt":{"rendered":"<p>[vc_row full_width=\u00a0\u00bbstretch_row_content\u00a0\u00bb el_class=\u00a0\u00bbbreadcrumb\u00a0\u00bb][vc_column][\/vc_column][\/vc_row][vc_row el_class=\u00a0\u00bbtitulares_top_new filosofia\u00a0\u00bb][vc_column width=\u00a0\u00bb1\/6&Prime;][\/vc_column][vc_column width=\u00a0\u00bb2\/3&Prime;][vc_column_text] Rapport Cifre D\u00e9couvrez les derni\u00e8res tendances en mati\u00e8re de d\u00e9coration et d&rsquo;architecture et laissez-vous inspirer. Dans Cifre Report, nous vous pr\u00e9sentons tous les d\u00e9tails des projets dans lesquels nos mat\u00e9riaux sont impliqu\u00e9s et les derni\u00e8res nouvelles du groupe Cifre. [\/vc_column_text][\/vc_column][vc_column width=\u00a0\u00bb1\/6&Prime;][\/vc_column][\/vc_row][vc_row full_width=\u00a0\u00bbstretch_row\u00a0\u00bb el_class=\u00a0\u00bbcategorias_report\u00a0\u00bb][vc_column][\/vc_column][\/vc_row][vc_row][vc_column][\/vc_column][\/vc_row][vc_row full_width=\u00a0\u00bbstretch_row_content_no_spaces\u00a0\u00bb disable_element=\u00a0\u00bbyes\u00a0\u00bb el_class=\u00a0\u00bbfila_report\u00a0\u00bb][vc_column][vc_basic_grid post_type=\u00a0\u00bbpost\u00a0\u00bb max_items=\u00a0\u00bb1000&Prime; [&hellip;]<\/p>\n","protected":false},"author":1,"featured_media":0,"parent":0,"menu_order":0,"comment_status":"closed","ping_status":"closed","template":"plantilla_cifrereport.php","meta":{"footnotes":""},"class_list":["post-2772","page","type-page","status-publish","hentry"],"yoast_head":"<!-- This site is optimized with the Yoast SEO plugin v27.3 - https:\/\/yoast.com\/product\/yoast-seo-wordpress\/ -->\n<title>CifreReport - CIFRE CER\u00c1MICA<\/title>\n<meta name=\"robots\" content=\"index, follow, max-snippet:-1, max-image-preview:large, max-video-preview:-1\" \/>\n<link rel=\"canonical\" href=\"https:\/\/cifreceramica.com\/fr\/cifrereport\/\" \/>\n<meta property=\"og:locale\" content=\"fr_FR\" \/>\n<meta property=\"og:type\" content=\"article\" \/>\n<meta property=\"og:title\" content=\"CifreReport - CIFRE CER\u00c1MICA\" \/>\n<meta property=\"og:description\" content=\"[vc_row full_width=\u00a0\u00bbstretch_row_content\u00a0\u00bb el_class=\u00a0\u00bbbreadcrumb\u00a0\u00bb][vc_column][\/vc_column][\/vc_row][vc_row el_class=\u00a0\u00bbtitulares_top_new filosofia\u00a0\u00bb][vc_column width=\u00a0\u00bb1\/6&Prime;][\/vc_column][vc_column width=\u00a0\u00bb2\/3&Prime;][vc_column_text] Rapport Cifre D\u00e9couvrez les derni\u00e8res tendances en mati\u00e8re de d\u00e9coration et d&rsquo;architecture et laissez-vous inspirer. Dans Cifre Report, nous vous pr\u00e9sentons tous les d\u00e9tails des projets dans lesquels nos mat\u00e9riaux sont impliqu\u00e9s et les derni\u00e8res nouvelles du groupe Cifre. [\/vc_column_text][\/vc_column][vc_column width=\u00a0\u00bb1\/6&Prime;][\/vc_column][\/vc_row][vc_row full_width=\u00a0\u00bbstretch_row\u00a0\u00bb el_class=\u00a0\u00bbcategorias_report\u00a0\u00bb][vc_column][\/vc_column][\/vc_row][vc_row][vc_column][\/vc_column][\/vc_row][vc_row full_width=\u00a0\u00bbstretch_row_content_no_spaces\u00a0\u00bb disable_element=\u00a0\u00bbyes\u00a0\u00bb el_class=\u00a0\u00bbfila_report\u00a0\u00bb][vc_column][vc_basic_grid post_type=\u00a0\u00bbpost\u00a0\u00bb max_items=\u00a0\u00bb1000&Prime; [&hellip;]\" \/>\n<meta property=\"og:url\" content=\"https:\/\/cifreceramica.com\/fr\/cifrereport\/\" \/>\n<meta property=\"og:site_name\" content=\"CIFRE CER\u00c1MICA\" \/>\n<meta property=\"article:publisher\" content=\"https:\/\/www.facebook.com\/Cifreceramica\/\" \/>\n<meta property=\"article:modified_time\" content=\"2022-04-12T12:41:01+00:00\" \/>\n<meta name=\"twitter:card\" content=\"summary_large_image\" \/>\n<meta name=\"twitter:site\" content=\"@cifreceramica\" \/>\n<meta name=\"twitter:label1\" content=\"Dur\u00e9e de lecture estim\u00e9e\" \/>\n\t<meta name=\"twitter:data1\" content=\"1 minute\" \/>\n<script type=\"application\/ld+json\" class=\"yoast-schema-graph\">{\"@context\":\"https:\\\/\\\/schema.org\",\"@graph\":[{\"@type\":\"WebPage\",\"@id\":\"https:\\\/\\\/cifreceramica.com\\\/fr\\\/cifrereport\\\/\",\"url\":\"https:\\\/\\\/cifreceramica.com\\\/fr\\\/cifrereport\\\/\",\"name\":\"CifreReport - CIFRE CER\u00c1MICA\",\"isPartOf\":{\"@id\":\"https:\\\/\\\/cifreceramica.com\\\/#website\"},\"datePublished\":\"2019-09-05T11:48:42+00:00\",\"dateModified\":\"2022-04-12T12:41:01+00:00\",\"breadcrumb\":{\"@id\":\"https:\\\/\\\/cifreceramica.com\\\/fr\\\/cifrereport\\\/#breadcrumb\"},\"inLanguage\":\"fr-FR\",\"potentialAction\":[{\"@type\":\"ReadAction\",\"target\":[\"https:\\\/\\\/cifreceramica.com\\\/fr\\\/cifrereport\\\/\"]}]},{\"@type\":\"BreadcrumbList\",\"@id\":\"https:\\\/\\\/cifreceramica.com\\\/fr\\\/cifrereport\\\/#breadcrumb\",\"itemListElement\":[{\"@type\":\"ListItem\",\"position\":1,\"name\":\"Portada\",\"item\":\"https:\\\/\\\/cifreceramica.com\\\/fr\\\/\"},{\"@type\":\"ListItem\",\"position\":2,\"name\":\"CifreReport\"}]},{\"@type\":\"WebSite\",\"@id\":\"https:\\\/\\\/cifreceramica.com\\\/#website\",\"url\":\"https:\\\/\\\/cifreceramica.com\\\/\",\"name\":\"CIFRE CER\u00c1MICA\",\"description\":\"Azulejo, cer\u00e1mica, decoraci\u00f3n, pavimento, revestimiento\",\"publisher\":{\"@id\":\"https:\\\/\\\/cifreceramica.com\\\/#organization\"},\"potentialAction\":[{\"@type\":\"SearchAction\",\"target\":{\"@type\":\"EntryPoint\",\"urlTemplate\":\"https:\\\/\\\/cifreceramica.com\\\/?s={search_term_string}\"},\"query-input\":{\"@type\":\"PropertyValueSpecification\",\"valueRequired\":true,\"valueName\":\"search_term_string\"}}],\"inLanguage\":\"fr-FR\"},{\"@type\":\"Organization\",\"@id\":\"https:\\\/\\\/cifreceramica.com\\\/#organization\",\"name\":\"CIFRE CERAMICA SL.\",\"url\":\"https:\\\/\\\/cifreceramica.com\\\/\",\"logo\":{\"@type\":\"ImageObject\",\"inLanguage\":\"fr-FR\",\"@id\":\"https:\\\/\\\/cifreceramica.com\\\/#\\\/schema\\\/logo\\\/image\\\/\",\"url\":\"https:\\\/\\\/cifreceramica.com\\\/wp-content\\\/uploads\\\/2020\\\/03\\\/logo-cifre.jpg\",\"contentUrl\":\"https:\\\/\\\/cifreceramica.com\\\/wp-content\\\/uploads\\\/2020\\\/03\\\/logo-cifre.jpg\",\"width\":648,\"height\":320,\"caption\":\"CIFRE CERAMICA SL.\"},\"image\":{\"@id\":\"https:\\\/\\\/cifreceramica.com\\\/#\\\/schema\\\/logo\\\/image\\\/\"},\"sameAs\":[\"https:\\\/\\\/www.facebook.com\\\/Cifreceramica\\\/\",\"https:\\\/\\\/x.com\\\/cifreceramica\",\"https:\\\/\\\/www.instagram.com\\\/cifreceramica\\\/\",\"https:\\\/\\\/www.linkedin.com\\\/cifreceramica\",\"https:\\\/\\\/www.pinterest.es\\\/CifreReport\\\/_created\\\/\",\"https:\\\/\\\/www.youtube.com\\\/channel\\\/UC6T43U-C68ZKx58s-QVY0Eg\"]}]}<\/script>\n<!-- \/ Yoast SEO plugin. -->","yoast_head_json":{"title":"CifreReport - CIFRE CER\u00c1MICA","robots":{"index":"index","follow":"follow","max-snippet":"max-snippet:-1","max-image-preview":"max-image-preview:large","max-video-preview":"max-video-preview:-1"},"canonical":"https:\/\/cifreceramica.com\/fr\/cifrereport\/","og_locale":"fr_FR","og_type":"article","og_title":"CifreReport - CIFRE CER\u00c1MICA","og_description":"[vc_row full_width=\u00a0\u00bbstretch_row_content\u00a0\u00bb el_class=\u00a0\u00bbbreadcrumb\u00a0\u00bb][vc_column][\/vc_column][\/vc_row][vc_row el_class=\u00a0\u00bbtitulares_top_new filosofia\u00a0\u00bb][vc_column width=\u00a0\u00bb1\/6&Prime;][\/vc_column][vc_column width=\u00a0\u00bb2\/3&Prime;][vc_column_text] Rapport Cifre D\u00e9couvrez les derni\u00e8res tendances en mati\u00e8re de d\u00e9coration et d&rsquo;architecture et laissez-vous inspirer. Dans Cifre Report, nous vous pr\u00e9sentons tous les d\u00e9tails des projets dans lesquels nos mat\u00e9riaux sont impliqu\u00e9s et les derni\u00e8res nouvelles du groupe Cifre. [\/vc_column_text][\/vc_column][vc_column width=\u00a0\u00bb1\/6&Prime;][\/vc_column][\/vc_row][vc_row full_width=\u00a0\u00bbstretch_row\u00a0\u00bb el_class=\u00a0\u00bbcategorias_report\u00a0\u00bb][vc_column][\/vc_column][\/vc_row][vc_row][vc_column][\/vc_column][\/vc_row][vc_row full_width=\u00a0\u00bbstretch_row_content_no_spaces\u00a0\u00bb disable_element=\u00a0\u00bbyes\u00a0\u00bb el_class=\u00a0\u00bbfila_report\u00a0\u00bb][vc_column][vc_basic_grid post_type=\u00a0\u00bbpost\u00a0\u00bb max_items=\u00a0\u00bb1000&Prime; [&hellip;]","og_url":"https:\/\/cifreceramica.com\/fr\/cifrereport\/","og_site_name":"CIFRE CER\u00c1MICA","article_publisher":"https:\/\/www.facebook.com\/Cifreceramica\/","article_modified_time":"2022-04-12T12:41:01+00:00","twitter_card":"summary_large_image","twitter_site":"@cifreceramica","twitter_misc":{"Dur\u00e9e de lecture estim\u00e9e":"1 minute"},"schema":{"@context":"https:\/\/schema.org","@graph":[{"@type":"WebPage","@id":"https:\/\/cifreceramica.com\/fr\/cifrereport\/","url":"https:\/\/cifreceramica.com\/fr\/cifrereport\/","name":"CifreReport - CIFRE CER\u00c1MICA","isPartOf":{"@id":"https:\/\/cifreceramica.com\/#website"},"datePublished":"2019-09-05T11:48:42+00:00","dateModified":"2022-04-12T12:41:01+00:00","breadcrumb":{"@id":"https:\/\/cifreceramica.com\/fr\/cifrereport\/#breadcrumb"},"inLanguage":"fr-FR","potentialAction":[{"@type":"ReadAction","target":["https:\/\/cifreceramica.com\/fr\/cifrereport\/"]}]},{"@type":"BreadcrumbList","@id":"https:\/\/cifreceramica.com\/fr\/cifrereport\/#breadcrumb","itemListElement":[{"@type":"ListItem","position":1,"name":"Portada","item":"https:\/\/cifreceramica.com\/fr\/"},{"@type":"ListItem","position":2,"name":"CifreReport"}]},{"@type":"WebSite","@id":"https:\/\/cifreceramica.com\/#website","url":"https:\/\/cifreceramica.com\/","name":"CIFRE CER\u00c1MICA","description":"Azulejo, cer\u00e1mica, decoraci\u00f3n, pavimento, revestimiento","publisher":{"@id":"https:\/\/cifreceramica.com\/#organization"},"potentialAction":[{"@type":"SearchAction","target":{"@type":"EntryPoint","urlTemplate":"https:\/\/cifreceramica.com\/?s={search_term_string}"},"query-input":{"@type":"PropertyValueSpecification","valueRequired":true,"valueName":"search_term_string"}}],"inLanguage":"fr-FR"},{"@type":"Organization","@id":"https:\/\/cifreceramica.com\/#organization","name":"CIFRE CERAMICA SL.","url":"https:\/\/cifreceramica.com\/","logo":{"@type":"ImageObject","inLanguage":"fr-FR","@id":"https:\/\/cifreceramica.com\/#\/schema\/logo\/image\/","url":"https:\/\/cifreceramica.com\/wp-content\/uploads\/2020\/03\/logo-cifre.jpg","contentUrl":"https:\/\/cifreceramica.com\/wp-content\/uploads\/2020\/03\/logo-cifre.jpg","width":648,"height":320,"caption":"CIFRE CERAMICA SL."},"image":{"@id":"https:\/\/cifreceramica.com\/#\/schema\/logo\/image\/"},"sameAs":["https:\/\/www.facebook.com\/Cifreceramica\/","https:\/\/x.com\/cifreceramica","https:\/\/www.instagram.com\/cifreceramica\/","https:\/\/www.linkedin.com\/cifreceramica","https:\/\/www.pinterest.es\/CifreReport\/_created\/","https:\/\/www.youtube.com\/channel\/UC6T43U-C68ZKx58s-QVY0Eg"]}]}},"_links":{"self":[{"href":"https:\/\/cifreceramica.com\/fr\/wp-json\/wp\/v2\/pages\/2772","targetHints":{"allow":["GET"]}}],"collection":[{"href":"https:\/\/cifreceramica.com\/fr\/wp-json\/wp\/v2\/pages"}],"about":[{"href":"https:\/\/cifreceramica.com\/fr\/wp-json\/wp\/v2\/types\/page"}],"author":[{"embeddable":true,"href":"https:\/\/cifreceramica.com\/fr\/wp-json\/wp\/v2\/users\/1"}],"replies":[{"embeddable":true,"href":"https:\/\/cifreceramica.com\/fr\/wp-json\/wp\/v2\/comments?post=2772"}],"version-history":[{"count":15,"href":"https:\/\/cifreceramica.com\/fr\/wp-json\/wp\/v2\/pages\/2772\/revisions"}],"predecessor-version":[{"id":9004,"href":"https:\/\/cifreceramica.com\/fr\/wp-json\/wp\/v2\/pages\/2772\/revisions\/9004"}],"wp:attachment":[{"href":"https:\/\/cifreceramica.com\/fr\/wp-json\/wp\/v2\/media?parent=2772"}],"curies":[{"name":"wp","href":"https:\/\/api.w.org\/{rel}","templated":true}]}}