{"id":2655,"date":"2019-09-04T12:22:57","date_gmt":"2019-09-04T10:22:57","guid":{"rendered":"https:\/\/cifreceramica.com\/area-reservada-nueva-seleccion\/"},"modified":"2019-09-23T11:03:20","modified_gmt":"2019-09-23T09:03:20","slug":"zone-reserve-nouvelle-selection","status":"publish","type":"page","link":"https:\/\/cifreceramica.com\/fr\/zone-reserve-nouvelle-selection\/","title":{"rendered":"Zone r\u00e9serv\u00e9e &#8211; Nouvelle s\u00e9lection"},"content":{"rendered":"<p>[vc_row full_width=\u00a0\u00bbstretch_row_content\u00a0\u00bb el_class=\u00a0\u00bbbreadcrumb\u00a0\u00bb][vc_column][\/vc_column][\/vc_row][vc_row el_class=\u00a0\u00bbtitulares_top\u00a0\u00bb][vc_column width=\u00a0\u00bb1\/12&Prime;][\/vc_column][vc_column width=\u00a0\u00bb10\/12&Prime;][vc_column_text]<\/p>\n<h1>Nouvelle s\u00e9lection<\/h1>\n<p>[\/vc_column_text][vc_column_text]<\/p>\n<p style=\"text-align: center;\">Liste des \u00e9l\u00e9ments s\u00e9lectionn\u00e9s.<\/p>\n<p>[\/vc_column_text][\/vc_column][vc_column width=\u00a0\u00bb1\/12&Prime;][\/vc_column][\/vc_row][vc_row][vc_column width=\u00a0\u00bb1\/12&Prime;][\/vc_column][vc_column width=\u00a0\u00bb10\/12&Prime; el_class=\u00a0\u00bbseleccion_acciones_top\u00a0\u00bb css=\u00a0\u00bb.vc_custom_1567593541023{padding-top: 0px !important;}\u00a0\u00bb][vc_row_inner][vc_column_inner width=\u00a0\u00bb1\/3&Prime;][vc_raw_html el_class=\u00a0\u00bbguardar_seleccion item\u00a0\u00bb]JTNDYSUyMGRhdGEtdG9nZ2xlJTNEJTIybW9kYWwlMjIlMjBkYXRhLXRhcmdldCUzRCUyMiUyM2d1YXJkYXJfc2VsZWNjaW9uJTIyJTIwY2xhc3MlM0QlMjJndWFyZGFyX3NlbGVjY2lvbiUyMiUzRSUzQ3AlM0UlM0NpbWclMjBjbGFzcyUzRCUyMmFsaWdubm9uZSUyMHNpemUtZnVsbCUyMHdwLWltYWdlLTU2NyUyMiUyMHNyYyUzRCUyMmh0dHBzJTNBJTJGJTJGY2lmcmV3ZWIuYXRpYy5ncmVlbiUyRndwLWNvbnRlbnQlMkZ1cGxvYWRzJTJGMjAxOSUyRjA5JTJGZ3VhcmRhci5wbmclMjIlMjBhbHQlM0QlMjIlMjIlMjB3aWR0aCUzRCUyMjE5JTIyJTIwaGVpZ2h0JTNEJTIyMTglMjIlMjAlMkYlM0VHdWFyZGFyJTNDJTJGcCUzRSUzQyUyRmElM0U=[\/vc_raw_html][\/vc_column_inner][vc_column_inner width=\u00a0\u00bb1\/3&Prime;][vc_raw_html el_class=\u00a0\u00bbdescargar_pdf item\u00a0\u00bb]JTNDYSUyMGhyZWYlM0QlMjIlMkZwZGYtc2VsZWNjaW9uJTIyJTIwdGFyZ2V0JTNEJTIyX2JsYW5rJTIyJTNFJTNDcCUzRSUzQ2ltZyUyMGNsYXNzJTNEJTIyYWxpZ25ub25lJTIwc2l6ZS1mdWxsJTIwd3AtaW1hZ2UtNTY5JTIyJTIwc3JjJTNEJTIyaHR0cHMlM0ElMkYlMkZjaWZyZXdlYi5hdGljLmdyZWVuJTJGd3AtY29udGVudCUyRnVwbG9hZHMlMkYyMDE5JTJGMDklMkZwZGYucG5nJTIyJTIwYWx0JTNEJTIyJTIyJTIwd2lkdGglM0QlMjIxNCUyMiUyMGhlaWdodCUzRCUyMjE3JTIyJTIwJTJGJTNFRGVzY2FyZ2FyJTIwUERGJTNDJTJGcCUzRSUzQyUyRmElM0U=[\/vc_raw_html][\/vc_column_inner][vc_column_inner width=\u00a0\u00bb1\/3&Prime;][vc_raw_html el_class=\u00a0\u00bbdescargar_imagen item\u00a0\u00bb]JTNDYSUyMGhyZWYlM0QlMjIlMkZkZXNjYXJnYS1zZWxlY2Npb24lMjIlM0UlM0NwJTNFJTNDaW1nJTIwY2xhc3MlM0QlMjJhbGlnbm5vbmUlMjBzaXplLWZ1bGwlMjB3cC1pbWFnZS01NzIlMjIlMjBzcmMlM0QlMjJodHRwcyUzQSUyRiUyRmNpZnJld2ViLmF0aWMuZ3JlZW4lMkZ3cC1jb250ZW50JTJGdXBsb2FkcyUyRjIwMTklMkYwOSUyRmltYWdlbi0xLnBuZyUyMiUyMGFsdCUzRCUyMiUyMiUyMHdpZHRoJTNEJTIyMTYlMjIlMjBoZWlnaHQlM0QlMjIxOCUyMiUyMCUyRiUzRURlc2NhcmdhciUyMGltYWdlbiUzQyUyRnAlM0UlM0MlMkZhJTNF[\/vc_raw_html][\/vc_column_inner][\/vc_row_inner][\/vc_column][vc_column width=\u00a0\u00bb1\/12&Prime;][\/vc_column][\/vc_row][vc_row el_class=\u00a0\u00bbseleccion_acciones_bottom\u00a0\u00bb][vc_column width=\u00a0\u00bb1\/12&Prime;][\/vc_column][vc_column width=\u00a0\u00bb10\/12&Prime;][vc_row_inner][vc_column_inner width=\u00a0\u00bb1\/2&Prime;][vc_column_text el_class=\u00a0\u00bbadd_seleccion\u00a0\u00bb]<a href=\"\/colecciones\"><img loading=\"lazy\" decoding=\"async\" class=\"alignnone size-full wp-image-574\" src=\"https:\/\/cifreceramica.com\/wp-content\/uploads\/2019\/09\/add.png\" alt=\"\" width=\"13\" height=\"13\" \/>Ajouter plus d&rsquo;\u00e9l\u00e9ments<\/a>[\/vc_column_text][\/vc_column_inner][vc_column_inner width=\u00a0\u00bb1\/2&Prime;][vc_column_text el_class=\u00a0\u00bbmis_selecciones\u00a0\u00bb]<\/p>\n<p><a href=\"\/area-reservada-mis-selecciones\/\"><img loading=\"lazy\" decoding=\"async\" class=\"alignnone size-full wp-image-575\" src=\"https:\/\/cifreceramica.com\/wp-content\/uploads\/2019\/09\/colecciones.png\" alt=\"\" width=\"5\" height=\"5\" \/>Mes s\u00e9lections<\/a><\/p>\n<p>[\/vc_column_text][\/vc_column_inner][\/vc_row_inner][\/vc_column][vc_column width=\u00a0\u00bb1\/12&Prime;][\/vc_column][\/vc_row][vc_row el_class=\u00a0\u00bbelementos_seleccionados\u00a0\u00bb][vc_column width=\u00a0\u00bb1\/12&Prime;][\/vc_column][vc_column width=\u00a0\u00bb10\/12&Prime;]<a href=\"#\" class=\"deseleccionar_todos_los_productos\" style=\"margin-top:-30px;float:right;margin-right:0px;\">Tout effacer <\/a>[vc_row_inner el_class=\"fila_seleccion\"][\/vc_row_inner][\/vc_column][vc_column width=\u00a0\u00bb1\/12&Prime;][\/vc_column][\/vc_row][vc_row][vc_column]<!-- Modal -->\n\n<div class=\"modal fade\" id=\"guardar_seleccion\" tabindex=\"-1\" role=\"dialog\" aria-labelledby=\"exampleModalLabel\" aria-hidden=\"true\">\n  <div class=\"modal-dialog  modal-md\" role=\"document\" style=\"width:500px;margin-top:100px;\">\n    <div class=\"modal-content\">\n\t<form action=\"\/area-reservada-mis-selecciones\/\" method=\"POST\">\n\t  <div class=\"modal-header\">\n\t\t<h3><span>Sauvegarder:<\/span> Nueva Selecci\u00f3n<\/h3>\n\t  <\/div>\n      <div class=\"modal-body\">\n\t\n\t\t<div class=\"form-group\">\n\t\t<label>Nombre<\/label><br>\n\t\t<input type=\"text\" name=\"nombre\" placeholder=\"Nom\" class=\"form-control\">\n\t\t<\/div>\n\n      <\/div>\n\t\n\t\t<div class=\"modal-footer\">\n\t\t<button class=\"btn-guardar\">Sauvegarder<\/button>\n\t\t<button class=\"btn-cancelar\" data-dismiss=\"modal\" aria-hidden=\"true\">Cancelar<\/button>\n\t\t<\/div>\n\n\t  <\/form>\n\t\t\n    <\/div>\n  <\/div>\n<\/div>\n[\/vc_column][\/vc_row][vc_row][vc_column][vc_column_text][\/vc_column_text][\/vc_column][\/vc_row]<\/p>\n","protected":false},"excerpt":{"rendered":"<p>[vc_row full_width=\u00a0\u00bbstretch_row_content\u00a0\u00bb el_class=\u00a0\u00bbbreadcrumb\u00a0\u00bb][vc_column][\/vc_column][\/vc_row][vc_row el_class=\u00a0\u00bbtitulares_top\u00a0\u00bb][vc_column width=\u00a0\u00bb1\/12&Prime;][\/vc_column][vc_column width=\u00a0\u00bb10\/12&Prime;][vc_column_text] Nouvelle s\u00e9lection [\/vc_column_text][vc_column_text] Liste des \u00e9l\u00e9ments s\u00e9lectionn\u00e9s. [\/vc_column_text][\/vc_column][vc_column width=\u00a0\u00bb1\/12&Prime;][\/vc_column][\/vc_row][vc_row][vc_column width=\u00a0\u00bb1\/12&Prime;][\/vc_column][vc_column width=\u00a0\u00bb10\/12&Prime; el_class=\u00a0\u00bbseleccion_acciones_top\u00a0\u00bb css=\u00a0\u00bb.vc_custom_1567593541023{padding-top: 0px !important;}\u00a0\u00bb][vc_row_inner][vc_column_inner width=\u00a0\u00bb1\/3&Prime;][vc_raw_html el_class=\u00a0\u00bbguardar_seleccion item\u00a0\u00bb]JTNDYSUyMGRhdGEtdG9nZ2xlJTNEJTIybW9kYWwlMjIlMjBkYXRhLXRhcmdldCUzRCUyMiUyM2d1YXJkYXJfc2VsZWNjaW9uJTIyJTIwY2xhc3MlM0QlMjJndWFyZGFyX3NlbGVjY2lvbiUyMiUzRSUzQ3AlM0UlM0NpbWclMjBjbGFzcyUzRCUyMmFsaWdubm9uZSUyMHNpemUtZnVsbCUyMHdwLWltYWdlLTU2NyUyMiUyMHNyYyUzRCUyMmh0dHBzJTNBJTJGJTJGY2lmcmV3ZWIuYXRpYy5ncmVlbiUyRndwLWNvbnRlbnQlMkZ1cGxvYWRzJTJGMjAxOSUyRjA5JTJGZ3VhcmRhci5wbmclMjIlMjBhbHQlM0QlMjIlMjIlMjB3aWR0aCUzRCUyMjE5JTIyJTIwaGVpZ2h0JTNEJTIyMTglMjIlMjAlMkYlM0VHdWFyZGFyJTNDJTJGcCUzRSUzQyUyRmElM0U=[\/vc_raw_html][\/vc_column_inner][vc_column_inner width=\u00a0\u00bb1\/3&Prime;][vc_raw_html el_class=\u00a0\u00bbdescargar_pdf item\u00a0\u00bb]JTNDYSUyMGhyZWYlM0QlMjIlMkZwZGYtc2VsZWNjaW9uJTIyJTIwdGFyZ2V0JTNEJTIyX2JsYW5rJTIyJTNFJTNDcCUzRSUzQ2ltZyUyMGNsYXNzJTNEJTIyYWxpZ25ub25lJTIwc2l6ZS1mdWxsJTIwd3AtaW1hZ2UtNTY5JTIyJTIwc3JjJTNEJTIyaHR0cHMlM0ElMkYlMkZjaWZyZXdlYi5hdGljLmdyZWVuJTJGd3AtY29udGVudCUyRnVwbG9hZHMlMkYyMDE5JTJGMDklMkZwZGYucG5nJTIyJTIwYWx0JTNEJTIyJTIyJTIwd2lkdGglM0QlMjIxNCUyMiUyMGhlaWdodCUzRCUyMjE3JTIyJTIwJTJGJTNFRGVzY2FyZ2FyJTIwUERGJTNDJTJGcCUzRSUzQyUyRmElM0U=[\/vc_raw_html][\/vc_column_inner][vc_column_inner width=\u00a0\u00bb1\/3&Prime;][vc_raw_html el_class=\u00a0\u00bbdescargar_imagen item\u00a0\u00bb]JTNDYSUyMGhyZWYlM0QlMjIlMkZkZXNjYXJnYS1zZWxlY2Npb24lMjIlM0UlM0NwJTNFJTNDaW1nJTIwY2xhc3MlM0QlMjJhbGlnbm5vbmUlMjBzaXplLWZ1bGwlMjB3cC1pbWFnZS01NzIlMjIlMjBzcmMlM0QlMjJodHRwcyUzQSUyRiUyRmNpZnJld2ViLmF0aWMuZ3JlZW4lMkZ3cC1jb250ZW50JTJGdXBsb2FkcyUyRjIwMTklMkYwOSUyRmltYWdlbi0xLnBuZyUyMiUyMGFsdCUzRCUyMiUyMiUyMHdpZHRoJTNEJTIyMTYlMjIlMjBoZWlnaHQlM0QlMjIxOCUyMiUyMCUyRiUzRURlc2NhcmdhciUyMGltYWdlbiUzQyUyRnAlM0UlM0MlMkZhJTNF[\/vc_raw_html][\/vc_column_inner][\/vc_row_inner][\/vc_column][vc_column width=\u00a0\u00bb1\/12&Prime;][\/vc_column][\/vc_row][vc_row el_class=\u00a0\u00bbseleccion_acciones_bottom\u00a0\u00bb][vc_column width=\u00a0\u00bb1\/12&Prime;][\/vc_column][vc_column width=\u00a0\u00bb10\/12&Prime;][vc_row_inner][vc_column_inner width=\u00a0\u00bb1\/2&Prime;][vc_column_text el_class=\u00a0\u00bbadd_seleccion\u00a0\u00bb]Ajouter plus d&rsquo;\u00e9l\u00e9ments[\/vc_column_text][\/vc_column_inner][vc_column_inner width=\u00a0\u00bb1\/2&Prime;][vc_column_text el_class=\u00a0\u00bbmis_selecciones\u00a0\u00bb] Mes s\u00e9lections [\/vc_column_text][\/vc_column_inner][\/vc_row_inner][\/vc_column][vc_column width=\u00a0\u00bb1\/12&Prime;][\/vc_column][\/vc_row][vc_row el_class=\u00a0\u00bbelementos_seleccionados\u00a0\u00bb][vc_column width=\u00a0\u00bb1\/12&Prime;][\/vc_column][vc_column width=\u00a0\u00bb10\/12&Prime;][\/vc_column][vc_column width=\u00a0\u00bb1\/12&Prime;][\/vc_column][\/vc_row][vc_row][vc_column][\/vc_column][\/vc_row][vc_row][vc_column][vc_column_text][\/vc_column_text][\/vc_column][\/vc_row]<\/p>\n","protected":false},"author":1,"featured_media":0,"parent":0,"menu_order":0,"comment_status":"closed","ping_status":"closed","template":"","meta":{"footnotes":""},"class_list":["post-2655","page","type-page","status-publish","hentry"],"yoast_head":"<!-- This site is optimized with the Yoast SEO plugin v27.3 - https:\/\/yoast.com\/product\/yoast-seo-wordpress\/ -->\n<title>Zone r\u00e9serv\u00e9e - Nouvelle s\u00e9lection - CIFRE CER\u00c1MICA<\/title>\n<meta name=\"robots\" content=\"index, follow, max-snippet:-1, max-image-preview:large, max-video-preview:-1\" \/>\n<link rel=\"canonical\" href=\"https:\/\/cifreceramica.com\/fr\/zone-reserve-nouvelle-selection\/\" \/>\n<meta property=\"og:locale\" content=\"fr_FR\" \/>\n<meta property=\"og:type\" content=\"article\" \/>\n<meta property=\"og:title\" content=\"Zone r\u00e9serv\u00e9e - Nouvelle s\u00e9lection - CIFRE CER\u00c1MICA\" \/>\n<meta property=\"og:description\" content=\"[vc_row full_width=\u00a0\u00bbstretch_row_content\u00a0\u00bb el_class=\u00a0\u00bbbreadcrumb\u00a0\u00bb][vc_column][\/vc_column][\/vc_row][vc_row el_class=\u00a0\u00bbtitulares_top\u00a0\u00bb][vc_column width=\u00a0\u00bb1\/12&Prime;][\/vc_column][vc_column width=\u00a0\u00bb10\/12&Prime;][vc_column_text] Nouvelle s\u00e9lection [\/vc_column_text][vc_column_text] Liste des \u00e9l\u00e9ments s\u00e9lectionn\u00e9s. [\/vc_column_text][\/vc_column][vc_column width=\u00a0\u00bb1\/12&Prime;][\/vc_column][\/vc_row][vc_row][vc_column width=\u00a0\u00bb1\/12&Prime;][\/vc_column][vc_column width=\u00a0\u00bb10\/12&Prime; el_class=\u00a0\u00bbseleccion_acciones_top\u00a0\u00bb css=\u00a0\u00bb.vc_custom_1567593541023{padding-top: 0px !important;}\u00a0\u00bb][vc_row_inner][vc_column_inner width=\u00a0\u00bb1\/3&Prime;][vc_raw_html el_class=\u00a0\u00bbguardar_seleccion item\u00a0\u00bb]JTNDYSUyMGRhdGEtdG9nZ2xlJTNEJTIybW9kYWwlMjIlMjBkYXRhLXRhcmdldCUzRCUyMiUyM2d1YXJkYXJfc2VsZWNjaW9uJTIyJTIwY2xhc3MlM0QlMjJndWFyZGFyX3NlbGVjY2lvbiUyMiUzRSUzQ3AlM0UlM0NpbWclMjBjbGFzcyUzRCUyMmFsaWdubm9uZSUyMHNpemUtZnVsbCUyMHdwLWltYWdlLTU2NyUyMiUyMHNyYyUzRCUyMmh0dHBzJTNBJTJGJTJGY2lmcmV3ZWIuYXRpYy5ncmVlbiUyRndwLWNvbnRlbnQlMkZ1cGxvYWRzJTJGMjAxOSUyRjA5JTJGZ3VhcmRhci5wbmclMjIlMjBhbHQlM0QlMjIlMjIlMjB3aWR0aCUzRCUyMjE5JTIyJTIwaGVpZ2h0JTNEJTIyMTglMjIlMjAlMkYlM0VHdWFyZGFyJTNDJTJGcCUzRSUzQyUyRmElM0U=[\/vc_raw_html][\/vc_column_inner][vc_column_inner width=\u00a0\u00bb1\/3&Prime;][vc_raw_html el_class=\u00a0\u00bbdescargar_pdf item\u00a0\u00bb]JTNDYSUyMGhyZWYlM0QlMjIlMkZwZGYtc2VsZWNjaW9uJTIyJTIwdGFyZ2V0JTNEJTIyX2JsYW5rJTIyJTNFJTNDcCUzRSUzQ2ltZyUyMGNsYXNzJTNEJTIyYWxpZ25ub25lJTIwc2l6ZS1mdWxsJTIwd3AtaW1hZ2UtNTY5JTIyJTIwc3JjJTNEJTIyaHR0cHMlM0ElMkYlMkZjaWZyZXdlYi5hdGljLmdyZWVuJTJGd3AtY29udGVudCUyRnVwbG9hZHMlMkYyMDE5JTJGMDklMkZwZGYucG5nJTIyJTIwYWx0JTNEJTIyJTIyJTIwd2lkdGglM0QlMjIxNCUyMiUyMGhlaWdodCUzRCUyMjE3JTIyJTIwJTJGJTNFRGVzY2FyZ2FyJTIwUERGJTNDJTJGcCUzRSUzQyUyRmElM0U=[\/vc_raw_html][\/vc_column_inner][vc_column_inner width=\u00a0\u00bb1\/3&Prime;][vc_raw_html el_class=\u00a0\u00bbdescargar_imagen item\u00a0\u00bb]JTNDYSUyMGhyZWYlM0QlMjIlMkZkZXNjYXJnYS1zZWxlY2Npb24lMjIlM0UlM0NwJTNFJTNDaW1nJTIwY2xhc3MlM0QlMjJhbGlnbm5vbmUlMjBzaXplLWZ1bGwlMjB3cC1pbWFnZS01NzIlMjIlMjBzcmMlM0QlMjJodHRwcyUzQSUyRiUyRmNpZnJld2ViLmF0aWMuZ3JlZW4lMkZ3cC1jb250ZW50JTJGdXBsb2FkcyUyRjIwMTklMkYwOSUyRmltYWdlbi0xLnBuZyUyMiUyMGFsdCUzRCUyMiUyMiUyMHdpZHRoJTNEJTIyMTYlMjIlMjBoZWlnaHQlM0QlMjIxOCUyMiUyMCUyRiUzRURlc2NhcmdhciUyMGltYWdlbiUzQyUyRnAlM0UlM0MlMkZhJTNF[\/vc_raw_html][\/vc_column_inner][\/vc_row_inner][\/vc_column][vc_column width=\u00a0\u00bb1\/12&Prime;][\/vc_column][\/vc_row][vc_row el_class=\u00a0\u00bbseleccion_acciones_bottom\u00a0\u00bb][vc_column width=\u00a0\u00bb1\/12&Prime;][\/vc_column][vc_column width=\u00a0\u00bb10\/12&Prime;][vc_row_inner][vc_column_inner width=\u00a0\u00bb1\/2&Prime;][vc_column_text el_class=\u00a0\u00bbadd_seleccion\u00a0\u00bb]Ajouter plus d&rsquo;\u00e9l\u00e9ments[\/vc_column_text][\/vc_column_inner][vc_column_inner width=\u00a0\u00bb1\/2&Prime;][vc_column_text el_class=\u00a0\u00bbmis_selecciones\u00a0\u00bb] Mes s\u00e9lections [\/vc_column_text][\/vc_column_inner][\/vc_row_inner][\/vc_column][vc_column width=\u00a0\u00bb1\/12&Prime;][\/vc_column][\/vc_row][vc_row el_class=\u00a0\u00bbelementos_seleccionados\u00a0\u00bb][vc_column width=\u00a0\u00bb1\/12&Prime;][\/vc_column][vc_column width=\u00a0\u00bb10\/12&Prime;][\/vc_column][vc_column width=\u00a0\u00bb1\/12&Prime;][\/vc_column][\/vc_row][vc_row][vc_column][\/vc_column][\/vc_row][vc_row][vc_column][vc_column_text][\/vc_column_text][\/vc_column][\/vc_row]\" \/>\n<meta property=\"og:url\" content=\"https:\/\/cifreceramica.com\/fr\/zone-reserve-nouvelle-selection\/\" \/>\n<meta property=\"og:site_name\" content=\"CIFRE CER\u00c1MICA\" \/>\n<meta property=\"article:publisher\" content=\"https:\/\/www.facebook.com\/Cifreceramica\/\" \/>\n<meta property=\"article:modified_time\" content=\"2019-09-23T09:03:20+00:00\" \/>\n<meta property=\"og:image\" content=\"https:\/\/cifreceramica.com\/wp-content\/uploads\/2019\/09\/add.png\" \/>\n<meta name=\"twitter:card\" content=\"summary_large_image\" \/>\n<meta name=\"twitter:site\" content=\"@cifreceramica\" \/>\n<meta name=\"twitter:label1\" content=\"Dur\u00e9e de lecture estim\u00e9e\" \/>\n\t<meta name=\"twitter:data1\" content=\"2 minutes\" \/>\n<script type=\"application\/ld+json\" class=\"yoast-schema-graph\">{\"@context\":\"https:\\\/\\\/schema.org\",\"@graph\":[{\"@type\":\"WebPage\",\"@id\":\"https:\\\/\\\/cifreceramica.com\\\/fr\\\/zone-reserve-nouvelle-selection\\\/\",\"url\":\"https:\\\/\\\/cifreceramica.com\\\/fr\\\/zone-reserve-nouvelle-selection\\\/\",\"name\":\"Zone r\u00e9serv\u00e9e - Nouvelle s\u00e9lection - CIFRE CER\u00c1MICA\",\"isPartOf\":{\"@id\":\"https:\\\/\\\/cifreceramica.com\\\/#website\"},\"primaryImageOfPage\":{\"@id\":\"https:\\\/\\\/cifreceramica.com\\\/fr\\\/zone-reserve-nouvelle-selection\\\/#primaryimage\"},\"image\":{\"@id\":\"https:\\\/\\\/cifreceramica.com\\\/fr\\\/zone-reserve-nouvelle-selection\\\/#primaryimage\"},\"thumbnailUrl\":\"https:\\\/\\\/cifreceramica.com\\\/wp-content\\\/uploads\\\/2019\\\/09\\\/add.png\",\"datePublished\":\"2019-09-04T10:22:57+00:00\",\"dateModified\":\"2019-09-23T09:03:20+00:00\",\"breadcrumb\":{\"@id\":\"https:\\\/\\\/cifreceramica.com\\\/fr\\\/zone-reserve-nouvelle-selection\\\/#breadcrumb\"},\"inLanguage\":\"fr-FR\",\"potentialAction\":[{\"@type\":\"ReadAction\",\"target\":[\"https:\\\/\\\/cifreceramica.com\\\/fr\\\/zone-reserve-nouvelle-selection\\\/\"]}]},{\"@type\":\"ImageObject\",\"inLanguage\":\"fr-FR\",\"@id\":\"https:\\\/\\\/cifreceramica.com\\\/fr\\\/zone-reserve-nouvelle-selection\\\/#primaryimage\",\"url\":\"https:\\\/\\\/cifreceramica.com\\\/wp-content\\\/uploads\\\/2019\\\/09\\\/add.png\",\"contentUrl\":\"https:\\\/\\\/cifreceramica.com\\\/wp-content\\\/uploads\\\/2019\\\/09\\\/add.png\"},{\"@type\":\"BreadcrumbList\",\"@id\":\"https:\\\/\\\/cifreceramica.com\\\/fr\\\/zone-reserve-nouvelle-selection\\\/#breadcrumb\",\"itemListElement\":[{\"@type\":\"ListItem\",\"position\":1,\"name\":\"Portada\",\"item\":\"https:\\\/\\\/cifreceramica.com\\\/fr\\\/\"},{\"@type\":\"ListItem\",\"position\":2,\"name\":\"Zone r\u00e9serv\u00e9e &#8211; Nouvelle s\u00e9lection\"}]},{\"@type\":\"WebSite\",\"@id\":\"https:\\\/\\\/cifreceramica.com\\\/#website\",\"url\":\"https:\\\/\\\/cifreceramica.com\\\/\",\"name\":\"CIFRE CER\u00c1MICA\",\"description\":\"Azulejo, cer\u00e1mica, decoraci\u00f3n, pavimento, revestimiento\",\"publisher\":{\"@id\":\"https:\\\/\\\/cifreceramica.com\\\/#organization\"},\"potentialAction\":[{\"@type\":\"SearchAction\",\"target\":{\"@type\":\"EntryPoint\",\"urlTemplate\":\"https:\\\/\\\/cifreceramica.com\\\/?s={search_term_string}\"},\"query-input\":{\"@type\":\"PropertyValueSpecification\",\"valueRequired\":true,\"valueName\":\"search_term_string\"}}],\"inLanguage\":\"fr-FR\"},{\"@type\":\"Organization\",\"@id\":\"https:\\\/\\\/cifreceramica.com\\\/#organization\",\"name\":\"CIFRE CERAMICA SL.\",\"url\":\"https:\\\/\\\/cifreceramica.com\\\/\",\"logo\":{\"@type\":\"ImageObject\",\"inLanguage\":\"fr-FR\",\"@id\":\"https:\\\/\\\/cifreceramica.com\\\/#\\\/schema\\\/logo\\\/image\\\/\",\"url\":\"https:\\\/\\\/cifreceramica.com\\\/wp-content\\\/uploads\\\/2020\\\/03\\\/logo-cifre.jpg\",\"contentUrl\":\"https:\\\/\\\/cifreceramica.com\\\/wp-content\\\/uploads\\\/2020\\\/03\\\/logo-cifre.jpg\",\"width\":648,\"height\":320,\"caption\":\"CIFRE CERAMICA SL.\"},\"image\":{\"@id\":\"https:\\\/\\\/cifreceramica.com\\\/#\\\/schema\\\/logo\\\/image\\\/\"},\"sameAs\":[\"https:\\\/\\\/www.facebook.com\\\/Cifreceramica\\\/\",\"https:\\\/\\\/x.com\\\/cifreceramica\",\"https:\\\/\\\/www.instagram.com\\\/cifreceramica\\\/\",\"https:\\\/\\\/www.linkedin.com\\\/cifreceramica\",\"https:\\\/\\\/www.pinterest.es\\\/CifreReport\\\/_created\\\/\",\"https:\\\/\\\/www.youtube.com\\\/channel\\\/UC6T43U-C68ZKx58s-QVY0Eg\"]}]}<\/script>\n<!-- \/ Yoast SEO plugin. -->","yoast_head_json":{"title":"Zone r\u00e9serv\u00e9e - Nouvelle s\u00e9lection - CIFRE CER\u00c1MICA","robots":{"index":"index","follow":"follow","max-snippet":"max-snippet:-1","max-image-preview":"max-image-preview:large","max-video-preview":"max-video-preview:-1"},"canonical":"https:\/\/cifreceramica.com\/fr\/zone-reserve-nouvelle-selection\/","og_locale":"fr_FR","og_type":"article","og_title":"Zone r\u00e9serv\u00e9e - Nouvelle s\u00e9lection - CIFRE CER\u00c1MICA","og_description":"[vc_row full_width=\u00a0\u00bbstretch_row_content\u00a0\u00bb el_class=\u00a0\u00bbbreadcrumb\u00a0\u00bb][vc_column][\/vc_column][\/vc_row][vc_row el_class=\u00a0\u00bbtitulares_top\u00a0\u00bb][vc_column width=\u00a0\u00bb1\/12&Prime;][\/vc_column][vc_column width=\u00a0\u00bb10\/12&Prime;][vc_column_text] Nouvelle s\u00e9lection [\/vc_column_text][vc_column_text] Liste des \u00e9l\u00e9ments s\u00e9lectionn\u00e9s. [\/vc_column_text][\/vc_column][vc_column width=\u00a0\u00bb1\/12&Prime;][\/vc_column][\/vc_row][vc_row][vc_column width=\u00a0\u00bb1\/12&Prime;][\/vc_column][vc_column width=\u00a0\u00bb10\/12&Prime; el_class=\u00a0\u00bbseleccion_acciones_top\u00a0\u00bb css=\u00a0\u00bb.vc_custom_1567593541023{padding-top: 0px !important;}\u00a0\u00bb][vc_row_inner][vc_column_inner width=\u00a0\u00bb1\/3&Prime;][vc_raw_html el_class=\u00a0\u00bbguardar_seleccion item\u00a0\u00bb]JTNDYSUyMGRhdGEtdG9nZ2xlJTNEJTIybW9kYWwlMjIlMjBkYXRhLXRhcmdldCUzRCUyMiUyM2d1YXJkYXJfc2VsZWNjaW9uJTIyJTIwY2xhc3MlM0QlMjJndWFyZGFyX3NlbGVjY2lvbiUyMiUzRSUzQ3AlM0UlM0NpbWclMjBjbGFzcyUzRCUyMmFsaWdubm9uZSUyMHNpemUtZnVsbCUyMHdwLWltYWdlLTU2NyUyMiUyMHNyYyUzRCUyMmh0dHBzJTNBJTJGJTJGY2lmcmV3ZWIuYXRpYy5ncmVlbiUyRndwLWNvbnRlbnQlMkZ1cGxvYWRzJTJGMjAxOSUyRjA5JTJGZ3VhcmRhci5wbmclMjIlMjBhbHQlM0QlMjIlMjIlMjB3aWR0aCUzRCUyMjE5JTIyJTIwaGVpZ2h0JTNEJTIyMTglMjIlMjAlMkYlM0VHdWFyZGFyJTNDJTJGcCUzRSUzQyUyRmElM0U=[\/vc_raw_html][\/vc_column_inner][vc_column_inner width=\u00a0\u00bb1\/3&Prime;][vc_raw_html el_class=\u00a0\u00bbdescargar_pdf item\u00a0\u00bb]JTNDYSUyMGhyZWYlM0QlMjIlMkZwZGYtc2VsZWNjaW9uJTIyJTIwdGFyZ2V0JTNEJTIyX2JsYW5rJTIyJTNFJTNDcCUzRSUzQ2ltZyUyMGNsYXNzJTNEJTIyYWxpZ25ub25lJTIwc2l6ZS1mdWxsJTIwd3AtaW1hZ2UtNTY5JTIyJTIwc3JjJTNEJTIyaHR0cHMlM0ElMkYlMkZjaWZyZXdlYi5hdGljLmdyZWVuJTJGd3AtY29udGVudCUyRnVwbG9hZHMlMkYyMDE5JTJGMDklMkZwZGYucG5nJTIyJTIwYWx0JTNEJTIyJTIyJTIwd2lkdGglM0QlMjIxNCUyMiUyMGhlaWdodCUzRCUyMjE3JTIyJTIwJTJGJTNFRGVzY2FyZ2FyJTIwUERGJTNDJTJGcCUzRSUzQyUyRmElM0U=[\/vc_raw_html][\/vc_column_inner][vc_column_inner width=\u00a0\u00bb1\/3&Prime;][vc_raw_html el_class=\u00a0\u00bbdescargar_imagen item\u00a0\u00bb]JTNDYSUyMGhyZWYlM0QlMjIlMkZkZXNjYXJnYS1zZWxlY2Npb24lMjIlM0UlM0NwJTNFJTNDaW1nJTIwY2xhc3MlM0QlMjJhbGlnbm5vbmUlMjBzaXplLWZ1bGwlMjB3cC1pbWFnZS01NzIlMjIlMjBzcmMlM0QlMjJodHRwcyUzQSUyRiUyRmNpZnJld2ViLmF0aWMuZ3JlZW4lMkZ3cC1jb250ZW50JTJGdXBsb2FkcyUyRjIwMTklMkYwOSUyRmltYWdlbi0xLnBuZyUyMiUyMGFsdCUzRCUyMiUyMiUyMHdpZHRoJTNEJTIyMTYlMjIlMjBoZWlnaHQlM0QlMjIxOCUyMiUyMCUyRiUzRURlc2NhcmdhciUyMGltYWdlbiUzQyUyRnAlM0UlM0MlMkZhJTNF[\/vc_raw_html][\/vc_column_inner][\/vc_row_inner][\/vc_column][vc_column width=\u00a0\u00bb1\/12&Prime;][\/vc_column][\/vc_row][vc_row el_class=\u00a0\u00bbseleccion_acciones_bottom\u00a0\u00bb][vc_column width=\u00a0\u00bb1\/12&Prime;][\/vc_column][vc_column width=\u00a0\u00bb10\/12&Prime;][vc_row_inner][vc_column_inner width=\u00a0\u00bb1\/2&Prime;][vc_column_text el_class=\u00a0\u00bbadd_seleccion\u00a0\u00bb]Ajouter plus d&rsquo;\u00e9l\u00e9ments[\/vc_column_text][\/vc_column_inner][vc_column_inner width=\u00a0\u00bb1\/2&Prime;][vc_column_text el_class=\u00a0\u00bbmis_selecciones\u00a0\u00bb] Mes s\u00e9lections [\/vc_column_text][\/vc_column_inner][\/vc_row_inner][\/vc_column][vc_column width=\u00a0\u00bb1\/12&Prime;][\/vc_column][\/vc_row][vc_row el_class=\u00a0\u00bbelementos_seleccionados\u00a0\u00bb][vc_column width=\u00a0\u00bb1\/12&Prime;][\/vc_column][vc_column width=\u00a0\u00bb10\/12&Prime;][\/vc_column][vc_column width=\u00a0\u00bb1\/12&Prime;][\/vc_column][\/vc_row][vc_row][vc_column][\/vc_column][\/vc_row][vc_row][vc_column][vc_column_text][\/vc_column_text][\/vc_column][\/vc_row]","og_url":"https:\/\/cifreceramica.com\/fr\/zone-reserve-nouvelle-selection\/","og_site_name":"CIFRE CER\u00c1MICA","article_publisher":"https:\/\/www.facebook.com\/Cifreceramica\/","article_modified_time":"2019-09-23T09:03:20+00:00","og_image":[{"url":"https:\/\/cifreceramica.com\/wp-content\/uploads\/2019\/09\/add.png","type":"","width":"","height":""}],"twitter_card":"summary_large_image","twitter_site":"@cifreceramica","twitter_misc":{"Dur\u00e9e de lecture estim\u00e9e":"2 minutes"},"schema":{"@context":"https:\/\/schema.org","@graph":[{"@type":"WebPage","@id":"https:\/\/cifreceramica.com\/fr\/zone-reserve-nouvelle-selection\/","url":"https:\/\/cifreceramica.com\/fr\/zone-reserve-nouvelle-selection\/","name":"Zone r\u00e9serv\u00e9e - Nouvelle s\u00e9lection - CIFRE CER\u00c1MICA","isPartOf":{"@id":"https:\/\/cifreceramica.com\/#website"},"primaryImageOfPage":{"@id":"https:\/\/cifreceramica.com\/fr\/zone-reserve-nouvelle-selection\/#primaryimage"},"image":{"@id":"https:\/\/cifreceramica.com\/fr\/zone-reserve-nouvelle-selection\/#primaryimage"},"thumbnailUrl":"https:\/\/cifreceramica.com\/wp-content\/uploads\/2019\/09\/add.png","datePublished":"2019-09-04T10:22:57+00:00","dateModified":"2019-09-23T09:03:20+00:00","breadcrumb":{"@id":"https:\/\/cifreceramica.com\/fr\/zone-reserve-nouvelle-selection\/#breadcrumb"},"inLanguage":"fr-FR","potentialAction":[{"@type":"ReadAction","target":["https:\/\/cifreceramica.com\/fr\/zone-reserve-nouvelle-selection\/"]}]},{"@type":"ImageObject","inLanguage":"fr-FR","@id":"https:\/\/cifreceramica.com\/fr\/zone-reserve-nouvelle-selection\/#primaryimage","url":"https:\/\/cifreceramica.com\/wp-content\/uploads\/2019\/09\/add.png","contentUrl":"https:\/\/cifreceramica.com\/wp-content\/uploads\/2019\/09\/add.png"},{"@type":"BreadcrumbList","@id":"https:\/\/cifreceramica.com\/fr\/zone-reserve-nouvelle-selection\/#breadcrumb","itemListElement":[{"@type":"ListItem","position":1,"name":"Portada","item":"https:\/\/cifreceramica.com\/fr\/"},{"@type":"ListItem","position":2,"name":"Zone r\u00e9serv\u00e9e &#8211; Nouvelle s\u00e9lection"}]},{"@type":"WebSite","@id":"https:\/\/cifreceramica.com\/#website","url":"https:\/\/cifreceramica.com\/","name":"CIFRE CER\u00c1MICA","description":"Azulejo, cer\u00e1mica, decoraci\u00f3n, pavimento, revestimiento","publisher":{"@id":"https:\/\/cifreceramica.com\/#organization"},"potentialAction":[{"@type":"SearchAction","target":{"@type":"EntryPoint","urlTemplate":"https:\/\/cifreceramica.com\/?s={search_term_string}"},"query-input":{"@type":"PropertyValueSpecification","valueRequired":true,"valueName":"search_term_string"}}],"inLanguage":"fr-FR"},{"@type":"Organization","@id":"https:\/\/cifreceramica.com\/#organization","name":"CIFRE CERAMICA SL.","url":"https:\/\/cifreceramica.com\/","logo":{"@type":"ImageObject","inLanguage":"fr-FR","@id":"https:\/\/cifreceramica.com\/#\/schema\/logo\/image\/","url":"https:\/\/cifreceramica.com\/wp-content\/uploads\/2020\/03\/logo-cifre.jpg","contentUrl":"https:\/\/cifreceramica.com\/wp-content\/uploads\/2020\/03\/logo-cifre.jpg","width":648,"height":320,"caption":"CIFRE CERAMICA SL."},"image":{"@id":"https:\/\/cifreceramica.com\/#\/schema\/logo\/image\/"},"sameAs":["https:\/\/www.facebook.com\/Cifreceramica\/","https:\/\/x.com\/cifreceramica","https:\/\/www.instagram.com\/cifreceramica\/","https:\/\/www.linkedin.com\/cifreceramica","https:\/\/www.pinterest.es\/CifreReport\/_created\/","https:\/\/www.youtube.com\/channel\/UC6T43U-C68ZKx58s-QVY0Eg"]}]}},"_links":{"self":[{"href":"https:\/\/cifreceramica.com\/fr\/wp-json\/wp\/v2\/pages\/2655","targetHints":{"allow":["GET"]}}],"collection":[{"href":"https:\/\/cifreceramica.com\/fr\/wp-json\/wp\/v2\/pages"}],"about":[{"href":"https:\/\/cifreceramica.com\/fr\/wp-json\/wp\/v2\/types\/page"}],"author":[{"embeddable":true,"href":"https:\/\/cifreceramica.com\/fr\/wp-json\/wp\/v2\/users\/1"}],"replies":[{"embeddable":true,"href":"https:\/\/cifreceramica.com\/fr\/wp-json\/wp\/v2\/comments?post=2655"}],"version-history":[{"count":4,"href":"https:\/\/cifreceramica.com\/fr\/wp-json\/wp\/v2\/pages\/2655\/revisions"}],"predecessor-version":[{"id":2677,"href":"https:\/\/cifreceramica.com\/fr\/wp-json\/wp\/v2\/pages\/2655\/revisions\/2677"}],"wp:attachment":[{"href":"https:\/\/cifreceramica.com\/fr\/wp-json\/wp\/v2\/media?parent=2655"}],"curies":[{"name":"wp","href":"https:\/\/api.w.org\/{rel}","templated":true}]}}