{"id":2523,"date":"2019-08-19T12:32:05","date_gmt":"2019-08-19T10:32:05","guid":{"rendered":"https:\/\/cifreceramica.com\/descarga-certificados\/"},"modified":"2026-04-15T14:58:43","modified_gmt":"2026-04-15T12:58:43","slug":"telechargements-certificats","status":"publish","type":"page","link":"https:\/\/cifreceramica.com\/fr\/telechargements-certificats\/","title":{"rendered":"T\u00e9l\u00e9chargements Certificats"},"content":{"rendered":"<p>[vc_row el_class=\u00a0\u00bbtitulares_top\u00a0\u00bb][vc_column][\/vc_column][\/vc_row][vc_row full_width=\u00a0\u00bbstretch_row_content\u00a0\u00bb el_class=\u00a0\u00bbbreadcrumb\u00a0\u00bb][vc_column][\/vc_column][\/vc_row][vc_row el_class=\u00a0\u00bbtitulares_top_new\u00a0\u00bb][vc_column width=\u00a0\u00bb1\/6&Prime;][\/vc_column][vc_column width=\u00a0\u00bb2\/3&Prime;][vc_column_text]<\/p>\n<h1 style=\"text-align: center;\">Certificats et manuels<\/h1>\n<p>[\/vc_column_text][vc_column_text]<\/p>\n<p style=\"text-align: center;\">Ici vous pouvez consulter et t\u00e9l\u00e9charger nos certificats.<\/p>\n<p>[\/vc_column_text][\/vc_column][vc_column width=\u00a0\u00bb1\/6&Prime;][\/vc_column][\/vc_row][vc_row el_class=\u00a0\u00bbmenu_descargar_page\u00a0\u00bb][vc_column][vc_wp_custommenu nav_menu=\u00a0\u00bb214&Prime;][\/vc_column][\/vc_row][vc_row el_class=\u00a0\u00bbtitulares_top_new\u00a0\u00bb][vc_column width=\u00a0\u00bb1\/6&Prime;][\/vc_column][vc_column width=\u00a0\u00bb2\/3&Prime;][vc_column_text]<\/p>\n<h1 style=\"text-align: center;\">Packing List formats<\/h1>\n<p>[\/vc_column_text][\/vc_column][vc_column width=\u00a0\u00bb1\/6&Prime;][\/vc_column][\/vc_row][vc_row el_class=\u00a0\u00bbdescarga_certificados_page\u00a0\u00bb][vc_column width=\u00a0\u00bb1\/3&Prime; css=\u00a0\u00bb.vc_custom_1565779469805{padding-top: 0px !important;}\u00a0\u00bb][vc_btn title=\u00a0\u00bbPacking List | Sept 2025&Prime; style=\u00a0\u00bboutline-custom\u00a0\u00bb outline_custom_color=\u00a0\u00bb#0a0a0a\u00a0\u00bb outline_custom_hover_background=\u00a0\u00bb#0a0a0a\u00a0\u00bb outline_custom_hover_text=\u00a0\u00bb#ffffff\u00a0\u00bb shape=\u00a0\u00bbsquare\u00a0\u00bb size=\u00a0\u00bbsm\u00a0\u00bb align=\u00a0\u00bbcenter\u00a0\u00bb el_class=\u00a0\u00bbboton_descarga_certificado\u00a0\u00bb link=\u00a0\u00bburl:https%3A%2F%2Fcifreceramica.com%2Fwp-content%2Fuploads%2F2025%2F10%2FPACKING_LIST_CIFRECERAMICA_SEPT25_V2.pdf|target:_blank\u00a0\u00bb][\/vc_column][vc_column width=\u00a0\u00bb1\/3&Prime;][\/vc_column][vc_column width=\u00a0\u00bb1\/3&Prime;][\/vc_column][\/vc_row][vc_row el_class=\u00a0\u00bbtitulares_top_new\u00a0\u00bb][vc_column width=\u00a0\u00bb1\/6&Prime;][\/vc_column][vc_column width=\u00a0\u00bb2\/3&Prime;][vc_column_text]<\/p>\n<h1 style=\"text-align: center;\">Certificats UPEC<\/h1>\n<p>[\/vc_column_text][\/vc_column][vc_column width=\u00a0\u00bb1\/6&Prime;][\/vc_column][\/vc_row][vc_row el_class=\u00a0\u00bbdescarga_certificados_page\u00a0\u00bb][vc_column width=\u00a0\u00bb1\/3&Prime; css=\u00a0\u00bb.vc_custom_1565779469805{padding-top: 0px !important;}\u00a0\u00bb][vc_btn title=\u00a0\u00bbCertification de l&rsquo;UPEC Pulsar, Concorde, Acron et Nexus\u00a0\u00bb style=\u00a0\u00bboutline-custom\u00a0\u00bb outline_custom_color=\u00a0\u00bb#0a0a0a\u00a0\u00bb outline_custom_hover_background=\u00a0\u00bb#0a0a0a\u00a0\u00bb outline_custom_hover_text=\u00a0\u00bb#ffffff\u00a0\u00bb shape=\u00a0\u00bbsquare\u00a0\u00bb size=\u00a0\u00bbsm\u00a0\u00bb align=\u00a0\u00bbcenter\u00a0\u00bb el_class=\u00a0\u00bbboton_descarga_certificado\u00a0\u00bb link=\u00a0\u00bburl:https%3A%2F%2Fcifreceramica.com%2Fwp-content%2Fuploads%2F2025%2F02%2FUPEC_ACRON_CONCORDE_NEXUS_PULSAR.pdf|target:_blank\u00a0\u00bb][\/vc_column][vc_column width=\u00a0\u00bb1\/3&Prime;][vc_btn title=\u00a0\u00bbCertification de l&rsquo;UPEC Midtown, Cricket, Nebraska et Vermont\u00a0\u00bb style=\u00a0\u00bboutline-custom\u00a0\u00bb outline_custom_color=\u00a0\u00bb#0a0a0a\u00a0\u00bb outline_custom_hover_background=\u00a0\u00bb#0a0a0a\u00a0\u00bb outline_custom_hover_text=\u00a0\u00bb#ffffff\u00a0\u00bb shape=\u00a0\u00bbsquare\u00a0\u00bb size=\u00a0\u00bbsm\u00a0\u00bb align=\u00a0\u00bbcenter\u00a0\u00bb el_class=\u00a0\u00bbboton_descarga_certificado\u00a0\u00bb link=\u00a0\u00bburl:https%3A%2F%2Fcifreceramica.com%2Fwp-content%2Fuploads%2F2025%2F12%2FQB32-6650aff32a53f60eba943753.pdf|target:_blank\u00a0\u00bb][\/vc_column][vc_column width=\u00a0\u00bb1\/3&Prime;][vc_btn title=\u00a0\u00bbCertification de l&rsquo;UPEC Concorde 45&#215;45&Prime; style=\u00a0\u00bboutline-custom\u00a0\u00bb outline_custom_color=\u00a0\u00bb#0a0a0a\u00a0\u00bb outline_custom_hover_background=\u00a0\u00bb#0a0a0a\u00a0\u00bb outline_custom_hover_text=\u00a0\u00bb#ffffff\u00a0\u00bb shape=\u00a0\u00bbsquare\u00a0\u00bb size=\u00a0\u00bbsm\u00a0\u00bb align=\u00a0\u00bbcenter\u00a0\u00bb el_class=\u00a0\u00bbboton_descarga_certificado\u00a0\u00bb link=\u00a0\u00bburl:https%3A%2F%2Fcifreceramica.com%2Fwp-content%2Fuploads%2F2025%2F07%2FUPEC-CONCORDE-45X45.pdf|target:_blank\u00a0\u00bb][\/vc_column][\/vc_row][vc_row el_class=\u00a0\u00bbtitulares_top_new\u00a0\u00bb][vc_column width=\u00a0\u00bb1\/6&Prime;][\/vc_column][vc_column width=\u00a0\u00bb2\/3&Prime;][vc_column_text]<\/p>\n<h1 style=\"text-align: center;\">Certificats DAP<\/h1>\n<p>[\/vc_column_text][\/vc_column][vc_column width=\u00a0\u00bb1\/6&Prime;][\/vc_column][\/vc_row][vc_row el_class=\u00a0\u00bbdescarga_certificados_page\u00a0\u00bb][vc_column width=\u00a0\u00bb1\/3&Prime; css=\u00a0\u00bb.vc_custom_1565779469805{padding-top: 0px !important;}\u00a0\u00bb][vc_btn title=\u00a0\u00bbD\u00e9claration environnementale (EPD | Bla) (English version)\u00a0\u00bb style=\u00a0\u00bboutline-custom\u00a0\u00bb outline_custom_color=\u00a0\u00bb#0a0a0a\u00a0\u00bb outline_custom_hover_background=\u00a0\u00bb#0a0a0a\u00a0\u00bb outline_custom_hover_text=\u00a0\u00bb#ffffff\u00a0\u00bb shape=\u00a0\u00bbsquare\u00a0\u00bb size=\u00a0\u00bbsm\u00a0\u00bb align=\u00a0\u00bbcenter\u00a0\u00bb el_class=\u00a0\u00bbboton_descarga_certificado\u00a0\u00bb link=\u00a0\u00bburl:https%3A%2F%2Fcifreceramica.com%2Fwp-content%2Fuploads%2F2024%2F09%2FGlobalEPD-EN-17160-032-CIFRE-Porcelanic-stoneware-BIa-EN.pdf|target:_blank\u00a0\u00bb][\/vc_column][vc_column width=\u00a0\u00bb1\/3&Prime;][vc_btn title=\u00a0\u00bbD\u00e9claration environnementale (EPD | Blb) (English version)\u00a0\u00bb style=\u00a0\u00bboutline-custom\u00a0\u00bb outline_custom_color=\u00a0\u00bb#0a0a0a\u00a0\u00bb outline_custom_hover_background=\u00a0\u00bb#0a0a0a\u00a0\u00bb outline_custom_hover_text=\u00a0\u00bb#ffffff\u00a0\u00bb shape=\u00a0\u00bbsquare\u00a0\u00bb size=\u00a0\u00bbsm\u00a0\u00bb align=\u00a0\u00bbcenter\u00a0\u00bb el_class=\u00a0\u00bbboton_descarga_certificado\u00a0\u00bb link=\u00a0\u00bburl:https%3A%2F%2Fcifreceramica.com%2Fwp-content%2Fuploads%2F2024%2F09%2FGlobalEPD-EN-17160-033-CIFRE-Glazed-stoneware-BIb-EN.pdf|target:_blank\u00a0\u00bb][\/vc_column][vc_column width=\u00a0\u00bb1\/3&Prime;][vc_btn title=\u00a0\u00bbD\u00e9claration environnementale (EPD | Blll) (English version)\u00a0\u00bb style=\u00a0\u00bboutline-custom\u00a0\u00bb outline_custom_color=\u00a0\u00bb#0a0a0a\u00a0\u00bb outline_custom_hover_background=\u00a0\u00bb#0a0a0a\u00a0\u00bb outline_custom_hover_text=\u00a0\u00bb#ffffff\u00a0\u00bb shape=\u00a0\u00bbsquare\u00a0\u00bb size=\u00a0\u00bbsm\u00a0\u00bb align=\u00a0\u00bbcenter\u00a0\u00bb el_class=\u00a0\u00bbboton_descarga_certificado\u00a0\u00bb link=\u00a0\u00bburl:https%3A%2F%2Fcifreceramica.com%2Fwp-content%2Fuploads%2F2024%2F09%2FGlobalEPD-EN-17160-034-CIFRE-Tile-BIII-EN.pdf|target:_blank\u00a0\u00bb][\/vc_column][\/vc_row][vc_row el_class=\u00a0\u00bbtitulares_top_new\u00a0\u00bb][vc_column width=\u00a0\u00bb1\/6&Prime;][\/vc_column][vc_column width=\u00a0\u00bb2\/3&Prime;][vc_column_text]<\/p>\n<h1 style=\"text-align: center;\">D\u00e9claration des performances<\/h1>\n<p>[\/vc_column_text][\/vc_column][vc_column width=\u00a0\u00bb1\/6&Prime;][\/vc_column][\/vc_row][vc_row el_class=\u00a0\u00bbdescarga_certificados_page\u00a0\u00bb][vc_column width=\u00a0\u00bb1\/3&Prime; css=\u00a0\u00bb.vc_custom_1565779469805{padding-top: 0px !important;}\u00a0\u00bb][vc_btn title=\u00a0\u00bbD\u00e9claration des performances\u00a0\u00bb style=\u00a0\u00bboutline-custom\u00a0\u00bb outline_custom_color=\u00a0\u00bb#0a0a0a\u00a0\u00bb outline_custom_hover_background=\u00a0\u00bb#0a0a0a\u00a0\u00bb outline_custom_hover_text=\u00a0\u00bb#ffffff\u00a0\u00bb shape=\u00a0\u00bbsquare\u00a0\u00bb size=\u00a0\u00bbsm\u00a0\u00bb align=\u00a0\u00bbcenter\u00a0\u00bb el_class=\u00a0\u00bbboton_descarga_certificado\u00a0\u00bb link=\u00a0\u00bburl:https%3A%2F%2Fcifreceramica.com%2Fwp-content%2Fuploads%2F2024%2F10%2FDECLARACION-DE-PRESTACIONES-FRANCES_2024.pdf|target:_blank\u00a0\u00bb][\/vc_column][vc_column width=\u00a0\u00bb1\/3&Prime;][vc_btn title=\u00a0\u00bbD\u00e9claration des performances PLAY CERAMIC\u00a0\u00bb style=\u00a0\u00bboutline-custom\u00a0\u00bb outline_custom_color=\u00a0\u00bb#0a0a0a\u00a0\u00bb outline_custom_hover_background=\u00a0\u00bb#0a0a0a\u00a0\u00bb outline_custom_hover_text=\u00a0\u00bb#ffffff\u00a0\u00bb shape=\u00a0\u00bbsquare\u00a0\u00bb size=\u00a0\u00bbsm\u00a0\u00bb align=\u00a0\u00bbcenter\u00a0\u00bb el_class=\u00a0\u00bbboton_descarga_certificado\u00a0\u00bb link=\u00a0\u00bburl:https%3A%2F%2Fcifreceramica.com%2Fwp-content%2Fuploads%2F2019%2F09%2FDECLARACION-DE-PRESTACIONES-PLAY-CERAMIC-ESPA%C3%91OL_2019.pdf||target:%20_blank|\u00a0\u00bb][\/vc_column][vc_column width=\u00a0\u00bb1\/3&Prime;][\/vc_column][\/vc_row][vc_row el_class=\u00a0\u00bbtitulares_top_new\u00a0\u00bb][vc_column width=\u00a0\u00bb1\/6&Prime;][\/vc_column][vc_column width=\u00a0\u00bb2\/3&Prime;][vc_column_text]<\/p>\n<h1 style=\"text-align: center;\">Divers<\/h1>\n<p>[\/vc_column_text][\/vc_column][vc_column width=\u00a0\u00bb1\/6&Prime;][\/vc_column][\/vc_row][vc_row el_class=\u00a0\u00bbdescarga_certificados_page\u00a0\u00bb][vc_column width=\u00a0\u00bb1\/3&Prime; css=\u00a0\u00bb.vc_custom_1565779469805{padding-top: 0px !important;}\u00a0\u00bb][vc_btn title=\u00a0\u00bbCertificat ISO 9001 CIFRE CERAMICA\u00a0\u00bb style=\u00a0\u00bboutline-custom\u00a0\u00bb outline_custom_color=\u00a0\u00bb#0a0a0a\u00a0\u00bb outline_custom_hover_background=\u00a0\u00bb#0a0a0a\u00a0\u00bb outline_custom_hover_text=\u00a0\u00bb#ffffff\u00a0\u00bb shape=\u00a0\u00bbsquare\u00a0\u00bb size=\u00a0\u00bbsm\u00a0\u00bb align=\u00a0\u00bbcenter\u00a0\u00bb el_class=\u00a0\u00bbboton_descarga_certificado\u00a0\u00bb link=\u00a0\u00bburl:https%3A%2F%2Fcifreceramica.com%2Fwp-content%2Fuploads%2F2025%2F02%2FESCAS_003348_GenericCertificate_Final-ENG.pdf|title:CERTIFICAT%20ISO%209001%20CIFRE%20CERAMICA|target:_blank\u00a0\u00bb][\/vc_column][vc_column width=\u00a0\u00bb1\/3&Prime;][vc_btn title=\u00a0\u00bbConsignes de s\u00e9curit\u00e9 (anglais)\u00a0\u00bb style=\u00a0\u00bboutline-custom\u00a0\u00bb outline_custom_color=\u00a0\u00bb#0a0a0a\u00a0\u00bb outline_custom_hover_background=\u00a0\u00bb#0a0a0a\u00a0\u00bb outline_custom_hover_text=\u00a0\u00bb#ffffff\u00a0\u00bb shape=\u00a0\u00bbsquare\u00a0\u00bb size=\u00a0\u00bbsm\u00a0\u00bb align=\u00a0\u00bbcenter\u00a0\u00bb el_class=\u00a0\u00bbboton_descarga_certificado\u00a0\u00bb link=\u00a0\u00bburl:https%3A%2F%2Fcifreceramica.com%2Fwp-content%2Fuploads%2F2025%2F07%2FInstrucciones_seguridad_Safety_instructions.pdf|target:_blank\u00a0\u00bb][\/vc_column][vc_column width=\u00a0\u00bb1\/3&Prime;][vc_btn title=\u00a0\u00bbPolitique de gestion de la qualit\u00e9\u00a0\u00bb style=\u00a0\u00bboutline-custom\u00a0\u00bb outline_custom_color=\u00a0\u00bb#0a0a0a\u00a0\u00bb outline_custom_hover_background=\u00a0\u00bb#0a0a0a\u00a0\u00bb outline_custom_hover_text=\u00a0\u00bb#ffffff\u00a0\u00bb shape=\u00a0\u00bbsquare\u00a0\u00bb size=\u00a0\u00bbsm\u00a0\u00bb align=\u00a0\u00bbcenter\u00a0\u00bb el_class=\u00a0\u00bbboton_descarga_certificado\u00a0\u00bb link=\u00a0\u00bburl:https%3A%2F%2Fcifreceramica.com%2Fwp-content%2Fuploads%2F2025%2F03%2FPOLITICA-GESTION-CALIDAD-2025_FR.pdf|target:_blank\u00a0\u00bb][\/vc_column][\/vc_row][vc_row el_class=\u00a0\u00bbdescarga_certificados_page\u00a0\u00bb][vc_column width=\u00a0\u00bb1\/3&Prime; css=\u00a0\u00bb.vc_custom_1565779469805{padding-top: 0px !important;}\u00a0\u00bb][vc_btn title=\u00a0\u00bbEssais Plateaux de douche Imagine (Espagnol)\u00a0\u00bb style=\u00a0\u00bboutline-custom\u00a0\u00bb outline_custom_color=\u00a0\u00bb#0a0a0a\u00a0\u00bb outline_custom_hover_background=\u00a0\u00bb#0a0a0a\u00a0\u00bb outline_custom_hover_text=\u00a0\u00bb#ffffff\u00a0\u00bb shape=\u00a0\u00bbsquare\u00a0\u00bb size=\u00a0\u00bbsm\u00a0\u00bb align=\u00a0\u00bbcenter\u00a0\u00bb el_class=\u00a0\u00bbboton_descarga_certificado\u00a0\u00bb link=\u00a0\u00bburl:https%3A%2F%2Fcifreceramica.com%2Fwp-content%2Fuploads%2F2023%2F02%2FFichaTecnica-ZENON-IMAGINE.pdf|title:fiche%20d&rsquo;information%20imagine|target:_blank\u00a0\u00bb][\/vc_column][vc_column width=\u00a0\u00bb1\/3&Prime;][vc_btn title=\u00a0\u00bbTest d&rsquo;efficacit\u00e9 antibact\u00e9rienne | Gravity collection\u00a0\u00bb style=\u00a0\u00bboutline-custom\u00a0\u00bb outline_custom_color=\u00a0\u00bb#0a0a0a\u00a0\u00bb outline_custom_hover_background=\u00a0\u00bb#0a0a0a\u00a0\u00bb outline_custom_hover_text=\u00a0\u00bb#ffffff\u00a0\u00bb shape=\u00a0\u00bbsquare\u00a0\u00bb size=\u00a0\u00bbsm\u00a0\u00bb align=\u00a0\u00bbcenter\u00a0\u00bb el_class=\u00a0\u00bbboton_descarga_certificado\u00a0\u00bb link=\u00a0\u00bburl:https%3A%2F%2Fcifreceramica.com%2Fwp-content%2Fuploads%2F2022%2F11%2F22_111240-GRAVITY-ENG.pdf|target:_blank\u00a0\u00bb][\/vc_column][vc_column width=\u00a0\u00bb1\/3&Prime;][\/vc_column][\/vc_row]<\/p>\n","protected":false},"excerpt":{"rendered":"<p>[vc_row el_class=\u00a0\u00bbtitulares_top\u00a0\u00bb][vc_column][\/vc_column][\/vc_row][vc_row full_width=\u00a0\u00bbstretch_row_content\u00a0\u00bb el_class=\u00a0\u00bbbreadcrumb\u00a0\u00bb][vc_column][\/vc_column][\/vc_row][vc_row el_class=\u00a0\u00bbtitulares_top_new\u00a0\u00bb][vc_column width=\u00a0\u00bb1\/6&Prime;][\/vc_column][vc_column width=\u00a0\u00bb2\/3&Prime;][vc_column_text] Certificats et manuels [\/vc_column_text][vc_column_text] Ici vous pouvez consulter et t\u00e9l\u00e9charger nos certificats. [\/vc_column_text][\/vc_column][vc_column width=\u00a0\u00bb1\/6&Prime;][\/vc_column][\/vc_row][vc_row el_class=\u00a0\u00bbmenu_descargar_page\u00a0\u00bb][vc_column][vc_wp_custommenu nav_menu=\u00a0\u00bb214&Prime;][\/vc_column][\/vc_row][vc_row el_class=\u00a0\u00bbtitulares_top_new\u00a0\u00bb][vc_column width=\u00a0\u00bb1\/6&Prime;][\/vc_column][vc_column width=\u00a0\u00bb2\/3&Prime;][vc_column_text] Packing List formats [\/vc_column_text][\/vc_column][vc_column width=\u00a0\u00bb1\/6&Prime;][\/vc_column][\/vc_row][vc_row el_class=\u00a0\u00bbdescarga_certificados_page\u00a0\u00bb][vc_column width=\u00a0\u00bb1\/3&Prime; css=\u00a0\u00bb.vc_custom_1565779469805{padding-top: 0px !important;}\u00a0\u00bb][vc_btn title=\u00a0\u00bbPacking List | Sept 2025&Prime; style=\u00a0\u00bboutline-custom\u00a0\u00bb outline_custom_color=\u00a0\u00bb#0a0a0a\u00a0\u00bb outline_custom_hover_background=\u00a0\u00bb#0a0a0a\u00a0\u00bb outline_custom_hover_text=\u00a0\u00bb#ffffff\u00a0\u00bb shape=\u00a0\u00bbsquare\u00a0\u00bb size=\u00a0\u00bbsm\u00a0\u00bb align=\u00a0\u00bbcenter\u00a0\u00bb el_class=\u00a0\u00bbboton_descarga_certificado\u00a0\u00bb link=\u00a0\u00bburl:https%3A%2F%2Fcifreceramica.com%2Fwp-content%2Fuploads%2F2025%2F10%2FPACKING_LIST_CIFRECERAMICA_SEPT25_V2.pdf|target:_blank\u00a0\u00bb][\/vc_column][vc_column width=\u00a0\u00bb1\/3&Prime;][\/vc_column][vc_column width=\u00a0\u00bb1\/3&Prime;][\/vc_column][\/vc_row][vc_row el_class=\u00a0\u00bbtitulares_top_new\u00a0\u00bb][vc_column width=\u00a0\u00bb1\/6&Prime;][\/vc_column][vc_column width=\u00a0\u00bb2\/3&Prime;][vc_column_text] [&hellip;]<\/p>\n","protected":false},"author":1,"featured_media":0,"parent":0,"menu_order":0,"comment_status":"closed","ping_status":"closed","template":"","meta":{"footnotes":""},"class_list":["post-2523","page","type-page","status-publish","hentry"],"yoast_head":"<!-- This site is optimized with the Yoast SEO plugin v27.4 - https:\/\/yoast.com\/product\/yoast-seo-wordpress\/ -->\n<title>T\u00e9l\u00e9chargements Certificats - CIFRE CER\u00c1MICA<\/title>\n<meta name=\"description\" content=\"T\u00e9l\u00e9chargez nos informations techniques et les certificats de Cifre Cer\u00e1mica.\" \/>\n<meta name=\"robots\" content=\"index, follow, max-snippet:-1, max-image-preview:large, max-video-preview:-1\" \/>\n<link rel=\"canonical\" href=\"https:\/\/cifreceramica.com\/fr\/telechargements-certificats\/\" \/>\n<meta property=\"og:locale\" content=\"fr_FR\" \/>\n<meta property=\"og:type\" content=\"article\" \/>\n<meta property=\"og:title\" content=\"T\u00e9l\u00e9chargements Certificats - CIFRE CER\u00c1MICA\" \/>\n<meta property=\"og:description\" content=\"T\u00e9l\u00e9chargez nos informations techniques et les certificats de Cifre Cer\u00e1mica.\" \/>\n<meta property=\"og:url\" content=\"https:\/\/cifreceramica.com\/fr\/telechargements-certificats\/\" \/>\n<meta property=\"og:site_name\" content=\"CIFRE CER\u00c1MICA\" \/>\n<meta property=\"article:publisher\" content=\"https:\/\/www.facebook.com\/Cifreceramica\/\" \/>\n<meta property=\"article:modified_time\" content=\"2026-04-15T12:58:43+00:00\" \/>\n<meta name=\"twitter:card\" content=\"summary_large_image\" \/>\n<meta name=\"twitter:site\" content=\"@cifreceramica\" \/>\n<meta name=\"twitter:label1\" content=\"Dur\u00e9e de lecture estim\u00e9e\" \/>\n\t<meta name=\"twitter:data1\" content=\"2 minutes\" \/>\n<script type=\"application\/ld+json\" class=\"yoast-schema-graph\">{\"@context\":\"https:\\\/\\\/schema.org\",\"@graph\":[{\"@type\":\"WebPage\",\"@id\":\"https:\\\/\\\/cifreceramica.com\\\/fr\\\/telechargements-certificats\\\/\",\"url\":\"https:\\\/\\\/cifreceramica.com\\\/fr\\\/telechargements-certificats\\\/\",\"name\":\"T\u00e9l\u00e9chargements Certificats - CIFRE CER\u00c1MICA\",\"isPartOf\":{\"@id\":\"https:\\\/\\\/cifreceramica.com\\\/#website\"},\"datePublished\":\"2019-08-19T10:32:05+00:00\",\"dateModified\":\"2026-04-15T12:58:43+00:00\",\"description\":\"T\u00e9l\u00e9chargez nos informations techniques et les certificats de Cifre Cer\u00e1mica.\",\"breadcrumb\":{\"@id\":\"https:\\\/\\\/cifreceramica.com\\\/fr\\\/telechargements-certificats\\\/#breadcrumb\"},\"inLanguage\":\"fr-FR\",\"potentialAction\":[{\"@type\":\"ReadAction\",\"target\":[\"https:\\\/\\\/cifreceramica.com\\\/fr\\\/telechargements-certificats\\\/\"]}]},{\"@type\":\"BreadcrumbList\",\"@id\":\"https:\\\/\\\/cifreceramica.com\\\/fr\\\/telechargements-certificats\\\/#breadcrumb\",\"itemListElement\":[{\"@type\":\"ListItem\",\"position\":1,\"name\":\"Portada\",\"item\":\"https:\\\/\\\/cifreceramica.com\\\/fr\\\/\"},{\"@type\":\"ListItem\",\"position\":2,\"name\":\"T\u00e9l\u00e9chargements Certificats\"}]},{\"@type\":\"WebSite\",\"@id\":\"https:\\\/\\\/cifreceramica.com\\\/#website\",\"url\":\"https:\\\/\\\/cifreceramica.com\\\/\",\"name\":\"CIFRE CER\u00c1MICA\",\"description\":\"Azulejo, cer\u00e1mica, decoraci\u00f3n, pavimento, revestimiento\",\"publisher\":{\"@id\":\"https:\\\/\\\/cifreceramica.com\\\/#organization\"},\"potentialAction\":[{\"@type\":\"SearchAction\",\"target\":{\"@type\":\"EntryPoint\",\"urlTemplate\":\"https:\\\/\\\/cifreceramica.com\\\/?s={search_term_string}\"},\"query-input\":{\"@type\":\"PropertyValueSpecification\",\"valueRequired\":true,\"valueName\":\"search_term_string\"}}],\"inLanguage\":\"fr-FR\"},{\"@type\":\"Organization\",\"@id\":\"https:\\\/\\\/cifreceramica.com\\\/#organization\",\"name\":\"CIFRE CERAMICA SL.\",\"url\":\"https:\\\/\\\/cifreceramica.com\\\/\",\"logo\":{\"@type\":\"ImageObject\",\"inLanguage\":\"fr-FR\",\"@id\":\"https:\\\/\\\/cifreceramica.com\\\/#\\\/schema\\\/logo\\\/image\\\/\",\"url\":\"https:\\\/\\\/cifreceramica.com\\\/wp-content\\\/uploads\\\/2020\\\/03\\\/logo-cifre.jpg\",\"contentUrl\":\"https:\\\/\\\/cifreceramica.com\\\/wp-content\\\/uploads\\\/2020\\\/03\\\/logo-cifre.jpg\",\"width\":648,\"height\":320,\"caption\":\"CIFRE CERAMICA SL.\"},\"image\":{\"@id\":\"https:\\\/\\\/cifreceramica.com\\\/#\\\/schema\\\/logo\\\/image\\\/\"},\"sameAs\":[\"https:\\\/\\\/www.facebook.com\\\/Cifreceramica\\\/\",\"https:\\\/\\\/x.com\\\/cifreceramica\",\"https:\\\/\\\/www.instagram.com\\\/cifreceramica\\\/\",\"https:\\\/\\\/www.linkedin.com\\\/cifreceramica\",\"https:\\\/\\\/www.pinterest.es\\\/CifreReport\\\/_created\\\/\",\"https:\\\/\\\/www.youtube.com\\\/channel\\\/UC6T43U-C68ZKx58s-QVY0Eg\"]}]}<\/script>\n<!-- \/ Yoast SEO plugin. -->","yoast_head_json":{"title":"T\u00e9l\u00e9chargements Certificats - CIFRE CER\u00c1MICA","description":"T\u00e9l\u00e9chargez nos informations techniques et les certificats de Cifre Cer\u00e1mica.","robots":{"index":"index","follow":"follow","max-snippet":"max-snippet:-1","max-image-preview":"max-image-preview:large","max-video-preview":"max-video-preview:-1"},"canonical":"https:\/\/cifreceramica.com\/fr\/telechargements-certificats\/","og_locale":"fr_FR","og_type":"article","og_title":"T\u00e9l\u00e9chargements Certificats - CIFRE CER\u00c1MICA","og_description":"T\u00e9l\u00e9chargez nos informations techniques et les certificats de Cifre Cer\u00e1mica.","og_url":"https:\/\/cifreceramica.com\/fr\/telechargements-certificats\/","og_site_name":"CIFRE CER\u00c1MICA","article_publisher":"https:\/\/www.facebook.com\/Cifreceramica\/","article_modified_time":"2026-04-15T12:58:43+00:00","twitter_card":"summary_large_image","twitter_site":"@cifreceramica","twitter_misc":{"Dur\u00e9e de lecture estim\u00e9e":"2 minutes"},"schema":{"@context":"https:\/\/schema.org","@graph":[{"@type":"WebPage","@id":"https:\/\/cifreceramica.com\/fr\/telechargements-certificats\/","url":"https:\/\/cifreceramica.com\/fr\/telechargements-certificats\/","name":"T\u00e9l\u00e9chargements Certificats - CIFRE CER\u00c1MICA","isPartOf":{"@id":"https:\/\/cifreceramica.com\/#website"},"datePublished":"2019-08-19T10:32:05+00:00","dateModified":"2026-04-15T12:58:43+00:00","description":"T\u00e9l\u00e9chargez nos informations techniques et les certificats de Cifre Cer\u00e1mica.","breadcrumb":{"@id":"https:\/\/cifreceramica.com\/fr\/telechargements-certificats\/#breadcrumb"},"inLanguage":"fr-FR","potentialAction":[{"@type":"ReadAction","target":["https:\/\/cifreceramica.com\/fr\/telechargements-certificats\/"]}]},{"@type":"BreadcrumbList","@id":"https:\/\/cifreceramica.com\/fr\/telechargements-certificats\/#breadcrumb","itemListElement":[{"@type":"ListItem","position":1,"name":"Portada","item":"https:\/\/cifreceramica.com\/fr\/"},{"@type":"ListItem","position":2,"name":"T\u00e9l\u00e9chargements Certificats"}]},{"@type":"WebSite","@id":"https:\/\/cifreceramica.com\/#website","url":"https:\/\/cifreceramica.com\/","name":"CIFRE CER\u00c1MICA","description":"Azulejo, cer\u00e1mica, decoraci\u00f3n, pavimento, revestimiento","publisher":{"@id":"https:\/\/cifreceramica.com\/#organization"},"potentialAction":[{"@type":"SearchAction","target":{"@type":"EntryPoint","urlTemplate":"https:\/\/cifreceramica.com\/?s={search_term_string}"},"query-input":{"@type":"PropertyValueSpecification","valueRequired":true,"valueName":"search_term_string"}}],"inLanguage":"fr-FR"},{"@type":"Organization","@id":"https:\/\/cifreceramica.com\/#organization","name":"CIFRE CERAMICA SL.","url":"https:\/\/cifreceramica.com\/","logo":{"@type":"ImageObject","inLanguage":"fr-FR","@id":"https:\/\/cifreceramica.com\/#\/schema\/logo\/image\/","url":"https:\/\/cifreceramica.com\/wp-content\/uploads\/2020\/03\/logo-cifre.jpg","contentUrl":"https:\/\/cifreceramica.com\/wp-content\/uploads\/2020\/03\/logo-cifre.jpg","width":648,"height":320,"caption":"CIFRE CERAMICA SL."},"image":{"@id":"https:\/\/cifreceramica.com\/#\/schema\/logo\/image\/"},"sameAs":["https:\/\/www.facebook.com\/Cifreceramica\/","https:\/\/x.com\/cifreceramica","https:\/\/www.instagram.com\/cifreceramica\/","https:\/\/www.linkedin.com\/cifreceramica","https:\/\/www.pinterest.es\/CifreReport\/_created\/","https:\/\/www.youtube.com\/channel\/UC6T43U-C68ZKx58s-QVY0Eg"]}]}},"_links":{"self":[{"href":"https:\/\/cifreceramica.com\/fr\/wp-json\/wp\/v2\/pages\/2523","targetHints":{"allow":["GET"]}}],"collection":[{"href":"https:\/\/cifreceramica.com\/fr\/wp-json\/wp\/v2\/pages"}],"about":[{"href":"https:\/\/cifreceramica.com\/fr\/wp-json\/wp\/v2\/types\/page"}],"author":[{"embeddable":true,"href":"https:\/\/cifreceramica.com\/fr\/wp-json\/wp\/v2\/users\/1"}],"replies":[{"embeddable":true,"href":"https:\/\/cifreceramica.com\/fr\/wp-json\/wp\/v2\/comments?post=2523"}],"version-history":[{"count":45,"href":"https:\/\/cifreceramica.com\/fr\/wp-json\/wp\/v2\/pages\/2523\/revisions"}],"predecessor-version":[{"id":13830,"href":"https:\/\/cifreceramica.com\/fr\/wp-json\/wp\/v2\/pages\/2523\/revisions\/13830"}],"wp:attachment":[{"href":"https:\/\/cifreceramica.com\/fr\/wp-json\/wp\/v2\/media?parent=2523"}],"curies":[{"name":"wp","href":"https:\/\/api.w.org\/{rel}","templated":true}]}}