{"id":2486,"date":"2019-08-16T13:29:17","date_gmt":"2019-08-16T11:29:17","guid":{"rendered":"https:\/\/cifreceramica.com\/contacto\/"},"modified":"2023-06-26T10:23:59","modified_gmt":"2023-06-26T08:23:59","slug":"contact","status":"publish","type":"page","link":"https:\/\/cifreceramica.com\/fr\/contact\/","title":{"rendered":"Contacto"},"content":{"rendered":"<p>[vc_row full_width=\u00a0\u00bbstretch_row_content\u00a0\u00bb el_class=\u00a0\u00bbbreadcrumb\u00a0\u00bb][vc_column][\/vc_column][\/vc_row][vc_row el_class=\u00a0\u00bbbloque formulario_contacto_page\u00a0\u00bb css=\u00a0\u00bb.vc_custom_1641889975676{margin-top: 0px !important;}\u00a0\u00bb][vc_column width=\u00a0\u00bb1\/12&Prime; el_class=\u00a0\u00bbmapa_contacto\u00a0\u00bb][\/vc_column][vc_column width=\u00a0\u00bb10\/12&Prime;][vc_column_text]<\/p>\n<h2 style=\"text-align: center;\">Contactez nous<\/h2>\n<p>[\/vc_column_text]<form id=\"solicita_informacion\"><div id=\"mensaje_solicitud\"><\/div><div class=\"vc_row\"><div class=\"vc_col-sm-12 radio-contacto-form\"><input type=\"radio\" id=\"empresa\" name=\"perfil\" value=\"empresa\"> <label for=\"empresa\">Je suis une soci\u00e9t\u00e9<\/label><input type=\"radio\" id=\"particular\" name=\"perfil\" value=\"particular\"> <label for=\"particular\">Je suis un particulier\n<\/label><\/div><\/div><div class=\"vc_row\"><div class=\"vc_col-sm-12\"><input name=\"nombre\" type=\"text\" placeholder=\"Nom*\"><input name=\"email\" type=\"text\" placeholder=\"Email*\"><input name=\"telefono\" type=\"text\" placeholder=\"t\u00e9l\u00e9phone\"><input name=\"poblacion\" type=\"text\" placeholder=\"Ville\"><input name=\"pais\" type=\"text\" placeholder=\"Pays\"><textarea name=\"comentario\" placeholder=\"Commentaire*\"><\/textarea><\/div><\/div><div class=\"vc_row\"><div class=\"vc_col-sm-8\"><p><input type=\"checkbox\" name=\"acepto\"> J'ai lu et j'accepte la <a href=\"https:\/\/cifreceramica.com\/fr\/contact\/\" target=\"_blank\">politique de confidentialit\u00e9.<\/a><\/a><\/p><p><input type=\"checkbox\" name=\"acepto_info_comercial\"> Acepto recibir informaci\u00f3n comercial de Cifre Ceramica.<\/p><\/div><div class=\"vc_col-sm-4\"><p id=\"boton_enviar\"><input type=\"submit\" value=\"Envoyer\"><\/p><\/div><\/div><\/form>[\/vc_column][vc_column width=\u00a0\u00bb1\/12&Prime;][\/vc_column][\/vc_row][vc_row full_width=\u00a0\u00bbstretch_row_content_no_spaces\u00a0\u00bb][vc_column][vc_gmaps link=\u00a0\u00bb#E-8_JTNDaWZyYW1lJTIwc3JjJTNEJTIyaHR0cHMlM0ElMkYlMkZ3d3cuZ29vZ2xlLmNvbSUyRm1hcHMlMkZlbWJlZCUzRnBiJTNEJTIxMW0xOCUyMTFtMTIlMjExbTMlMjExZDMwNTguMjgyMjQxMTk1MTEzJTIxMmQtMC4yMTE5Mzk2ODQzMDM0ODQ2JTIxM2QzOS45NTc0NDE5OTEzNjcwOCUyMTJtMyUyMTFmMCUyMTJmMCUyMTNmMCUyMTNtMiUyMTFpMTAyNCUyMTJpNzY4JTIxNGYxMy4xJTIxM20zJTIxMW0yJTIxMXMweGQ2MDA5OTQ2NWE1NmU1ZCUyNTNBMHg1YjMwMTAxZTE1OGIxMTE5JTIxMnNDSUZSRSUyQkNFUkFNSUNBJTIxNWUwJTIxM20yJTIxMXNlcyUyMTJzZXMlMjE0djE1NjU5NTYwODE0MTUlMjE1bTIlMjExc2VzJTIxMnNlcyUyMiUyMHdpZHRoJTNEJTIyNjAwJTIyJTIwaGVpZ2h0JTNEJTIyNTUwJTIyJTIwZnJhbWVib3JkZXIlM0QlMjIwJTIyJTIwc3R5bGUlM0QlMjJib3JkZXIlM0EwJTIyJTIwYWxsb3dmdWxsc2NyZWVuJTNFJTNDJTJGaWZyYW1lJTNF\u00a0\u00bb][\/vc_column][\/vc_row][vc_row][vc_column][vc_column_text]<\/p>\n<h1 style=\"text-align: center;\">Coordonn\u00e9es GPS.<\/h1>\n<p style=\"text-align: center;\">(Degr\u00e9s d\u00e9cimaux, (DD)<\/p>\n<p style=\"text-align: center;\"><strong>Si\u00e8ge:<\/strong>\u00a0 39.95748, -0.20977\u00a0 \u00a0|\u00a0 <strong>Centre logistique\u00a0CL1:<\/strong>\u00a0 39.95812, -0.20853\u00a0 |\u00a0 <strong>Centre logistique CL2:<\/strong> 39.9561, -0.20593\u00a0 \u00a0|\u00a0 <strong> Centre logistique CL3:<\/strong> 39.95581, -0.20601<\/p>\n<p>[\/vc_column_text][\/vc_column][\/vc_row]<\/p>\n","protected":false},"excerpt":{"rendered":"<p>[vc_row full_width=\u00a0\u00bbstretch_row_content\u00a0\u00bb el_class=\u00a0\u00bbbreadcrumb\u00a0\u00bb][vc_column][\/vc_column][\/vc_row][vc_row el_class=\u00a0\u00bbbloque formulario_contacto_page\u00a0\u00bb css=\u00a0\u00bb.vc_custom_1641889975676{margin-top: 0px !important;}\u00a0\u00bb][vc_column width=\u00a0\u00bb1\/12&Prime; el_class=\u00a0\u00bbmapa_contacto\u00a0\u00bb][\/vc_column][vc_column width=\u00a0\u00bb10\/12&Prime;][vc_column_text] Contactez nous [\/vc_column_text][\/vc_column][vc_column width=\u00a0\u00bb1\/12&Prime;][\/vc_column][\/vc_row][vc_row full_width=\u00a0\u00bbstretch_row_content_no_spaces\u00a0\u00bb][vc_column][vc_gmaps link=\u00a0\u00bb#E-8_JTNDaWZyYW1lJTIwc3JjJTNEJTIyaHR0cHMlM0ElMkYlMkZ3d3cuZ29vZ2xlLmNvbSUyRm1hcHMlMkZlbWJlZCUzRnBiJTNEJTIxMW0xOCUyMTFtMTIlMjExbTMlMjExZDMwNTguMjgyMjQxMTk1MTEzJTIxMmQtMC4yMTE5Mzk2ODQzMDM0ODQ2JTIxM2QzOS45NTc0NDE5OTEzNjcwOCUyMTJtMyUyMTFmMCUyMTJmMCUyMTNmMCUyMTNtMiUyMTFpMTAyNCUyMTJpNzY4JTIxNGYxMy4xJTIxM20zJTIxMW0yJTIxMXMweGQ2MDA5OTQ2NWE1NmU1ZCUyNTNBMHg1YjMwMTAxZTE1OGIxMTE5JTIxMnNDSUZSRSUyQkNFUkFNSUNBJTIxNWUwJTIxM20yJTIxMXNlcyUyMTJzZXMlMjE0djE1NjU5NTYwODE0MTUlMjE1bTIlMjExc2VzJTIxMnNlcyUyMiUyMHdpZHRoJTNEJTIyNjAwJTIyJTIwaGVpZ2h0JTNEJTIyNTUwJTIyJTIwZnJhbWVib3JkZXIlM0QlMjIwJTIyJTIwc3R5bGUlM0QlMjJib3JkZXIlM0EwJTIyJTIwYWxsb3dmdWxsc2NyZWVuJTNFJTNDJTJGaWZyYW1lJTNF\u00a0\u00bb][\/vc_column][\/vc_row][vc_row][vc_column][vc_column_text] Coordonn\u00e9es GPS. (Degr\u00e9s d\u00e9cimaux, (DD) Si\u00e8ge:\u00a0 39.95748, -0.20977\u00a0 \u00a0|\u00a0 Centre logistique\u00a0CL1:\u00a0 39.95812, -0.20853\u00a0 |\u00a0 Centre logistique CL2: 39.9561, -0.20593\u00a0 \u00a0|\u00a0 Centre logistique CL3: 39.95581, -0.20601 [\/vc_column_text][\/vc_column][\/vc_row]<\/p>\n","protected":false},"author":1,"featured_media":0,"parent":0,"menu_order":0,"comment_status":"closed","ping_status":"closed","template":"","meta":{"footnotes":""},"class_list":["post-2486","page","type-page","status-publish","hentry"],"yoast_head":"<!-- This site is optimized with the Yoast SEO plugin v27.3 - https:\/\/yoast.com\/product\/yoast-seo-wordpress\/ -->\n<title>Contacto - CIFRE CER\u00c1MICA<\/title>\n<meta name=\"robots\" content=\"index, follow, max-snippet:-1, max-image-preview:large, max-video-preview:-1\" \/>\n<link rel=\"canonical\" href=\"https:\/\/cifreceramica.com\/fr\/contact\/\" \/>\n<meta property=\"og:locale\" content=\"fr_FR\" \/>\n<meta property=\"og:type\" content=\"article\" \/>\n<meta property=\"og:title\" content=\"Contacto - CIFRE CER\u00c1MICA\" \/>\n<meta property=\"og:description\" content=\"[vc_row full_width=\u00a0\u00bbstretch_row_content\u00a0\u00bb el_class=\u00a0\u00bbbreadcrumb\u00a0\u00bb][vc_column][\/vc_column][\/vc_row][vc_row el_class=\u00a0\u00bbbloque formulario_contacto_page\u00a0\u00bb css=\u00a0\u00bb.vc_custom_1641889975676{margin-top: 0px !important;}\u00a0\u00bb][vc_column width=\u00a0\u00bb1\/12&Prime; el_class=\u00a0\u00bbmapa_contacto\u00a0\u00bb][\/vc_column][vc_column width=\u00a0\u00bb10\/12&Prime;][vc_column_text] Contactez nous [\/vc_column_text][\/vc_column][vc_column width=\u00a0\u00bb1\/12&Prime;][\/vc_column][\/vc_row][vc_row full_width=\u00a0\u00bbstretch_row_content_no_spaces\u00a0\u00bb][vc_column][vc_gmaps link=\u00a0\u00bb#E-8_JTNDaWZyYW1lJTIwc3JjJTNEJTIyaHR0cHMlM0ElMkYlMkZ3d3cuZ29vZ2xlLmNvbSUyRm1hcHMlMkZlbWJlZCUzRnBiJTNEJTIxMW0xOCUyMTFtMTIlMjExbTMlMjExZDMwNTguMjgyMjQxMTk1MTEzJTIxMmQtMC4yMTE5Mzk2ODQzMDM0ODQ2JTIxM2QzOS45NTc0NDE5OTEzNjcwOCUyMTJtMyUyMTFmMCUyMTJmMCUyMTNmMCUyMTNtMiUyMTFpMTAyNCUyMTJpNzY4JTIxNGYxMy4xJTIxM20zJTIxMW0yJTIxMXMweGQ2MDA5OTQ2NWE1NmU1ZCUyNTNBMHg1YjMwMTAxZTE1OGIxMTE5JTIxMnNDSUZSRSUyQkNFUkFNSUNBJTIxNWUwJTIxM20yJTIxMXNlcyUyMTJzZXMlMjE0djE1NjU5NTYwODE0MTUlMjE1bTIlMjExc2VzJTIxMnNlcyUyMiUyMHdpZHRoJTNEJTIyNjAwJTIyJTIwaGVpZ2h0JTNEJTIyNTUwJTIyJTIwZnJhbWVib3JkZXIlM0QlMjIwJTIyJTIwc3R5bGUlM0QlMjJib3JkZXIlM0EwJTIyJTIwYWxsb3dmdWxsc2NyZWVuJTNFJTNDJTJGaWZyYW1lJTNF\u00a0\u00bb][\/vc_column][\/vc_row][vc_row][vc_column][vc_column_text] Coordonn\u00e9es GPS. (Degr\u00e9s d\u00e9cimaux, (DD) Si\u00e8ge:\u00a0 39.95748, -0.20977\u00a0 \u00a0|\u00a0 Centre logistique\u00a0CL1:\u00a0 39.95812, -0.20853\u00a0 |\u00a0 Centre logistique CL2: 39.9561, -0.20593\u00a0 \u00a0|\u00a0 Centre logistique CL3: 39.95581, -0.20601 [\/vc_column_text][\/vc_column][\/vc_row]\" \/>\n<meta property=\"og:url\" content=\"https:\/\/cifreceramica.com\/fr\/contact\/\" \/>\n<meta property=\"og:site_name\" content=\"CIFRE CER\u00c1MICA\" \/>\n<meta property=\"article:publisher\" content=\"https:\/\/www.facebook.com\/Cifreceramica\/\" \/>\n<meta property=\"article:modified_time\" content=\"2023-06-26T08:23:59+00:00\" \/>\n<meta name=\"twitter:card\" content=\"summary_large_image\" \/>\n<meta name=\"twitter:site\" content=\"@cifreceramica\" \/>\n<meta name=\"twitter:label1\" content=\"Dur\u00e9e de lecture estim\u00e9e\" \/>\n\t<meta name=\"twitter:data1\" content=\"1 minute\" \/>\n<script type=\"application\/ld+json\" class=\"yoast-schema-graph\">{\"@context\":\"https:\\\/\\\/schema.org\",\"@graph\":[{\"@type\":\"WebPage\",\"@id\":\"https:\\\/\\\/cifreceramica.com\\\/fr\\\/contact\\\/\",\"url\":\"https:\\\/\\\/cifreceramica.com\\\/fr\\\/contact\\\/\",\"name\":\"Contacto - CIFRE CER\u00c1MICA\",\"isPartOf\":{\"@id\":\"https:\\\/\\\/cifreceramica.com\\\/#website\"},\"datePublished\":\"2019-08-16T11:29:17+00:00\",\"dateModified\":\"2023-06-26T08:23:59+00:00\",\"breadcrumb\":{\"@id\":\"https:\\\/\\\/cifreceramica.com\\\/fr\\\/contact\\\/#breadcrumb\"},\"inLanguage\":\"fr-FR\",\"potentialAction\":[{\"@type\":\"ReadAction\",\"target\":[\"https:\\\/\\\/cifreceramica.com\\\/fr\\\/contact\\\/\"]}]},{\"@type\":\"BreadcrumbList\",\"@id\":\"https:\\\/\\\/cifreceramica.com\\\/fr\\\/contact\\\/#breadcrumb\",\"itemListElement\":[{\"@type\":\"ListItem\",\"position\":1,\"name\":\"Portada\",\"item\":\"https:\\\/\\\/cifreceramica.com\\\/fr\\\/\"},{\"@type\":\"ListItem\",\"position\":2,\"name\":\"Contacto\"}]},{\"@type\":\"WebSite\",\"@id\":\"https:\\\/\\\/cifreceramica.com\\\/#website\",\"url\":\"https:\\\/\\\/cifreceramica.com\\\/\",\"name\":\"CIFRE CER\u00c1MICA\",\"description\":\"Azulejo, cer\u00e1mica, decoraci\u00f3n, pavimento, revestimiento\",\"publisher\":{\"@id\":\"https:\\\/\\\/cifreceramica.com\\\/#organization\"},\"potentialAction\":[{\"@type\":\"SearchAction\",\"target\":{\"@type\":\"EntryPoint\",\"urlTemplate\":\"https:\\\/\\\/cifreceramica.com\\\/?s={search_term_string}\"},\"query-input\":{\"@type\":\"PropertyValueSpecification\",\"valueRequired\":true,\"valueName\":\"search_term_string\"}}],\"inLanguage\":\"fr-FR\"},{\"@type\":\"Organization\",\"@id\":\"https:\\\/\\\/cifreceramica.com\\\/#organization\",\"name\":\"CIFRE CERAMICA SL.\",\"url\":\"https:\\\/\\\/cifreceramica.com\\\/\",\"logo\":{\"@type\":\"ImageObject\",\"inLanguage\":\"fr-FR\",\"@id\":\"https:\\\/\\\/cifreceramica.com\\\/#\\\/schema\\\/logo\\\/image\\\/\",\"url\":\"https:\\\/\\\/cifreceramica.com\\\/wp-content\\\/uploads\\\/2020\\\/03\\\/logo-cifre.jpg\",\"contentUrl\":\"https:\\\/\\\/cifreceramica.com\\\/wp-content\\\/uploads\\\/2020\\\/03\\\/logo-cifre.jpg\",\"width\":648,\"height\":320,\"caption\":\"CIFRE CERAMICA SL.\"},\"image\":{\"@id\":\"https:\\\/\\\/cifreceramica.com\\\/#\\\/schema\\\/logo\\\/image\\\/\"},\"sameAs\":[\"https:\\\/\\\/www.facebook.com\\\/Cifreceramica\\\/\",\"https:\\\/\\\/x.com\\\/cifreceramica\",\"https:\\\/\\\/www.instagram.com\\\/cifreceramica\\\/\",\"https:\\\/\\\/www.linkedin.com\\\/cifreceramica\",\"https:\\\/\\\/www.pinterest.es\\\/CifreReport\\\/_created\\\/\",\"https:\\\/\\\/www.youtube.com\\\/channel\\\/UC6T43U-C68ZKx58s-QVY0Eg\"]}]}<\/script>\n<!-- \/ Yoast SEO plugin. -->","yoast_head_json":{"title":"Contacto - CIFRE CER\u00c1MICA","robots":{"index":"index","follow":"follow","max-snippet":"max-snippet:-1","max-image-preview":"max-image-preview:large","max-video-preview":"max-video-preview:-1"},"canonical":"https:\/\/cifreceramica.com\/fr\/contact\/","og_locale":"fr_FR","og_type":"article","og_title":"Contacto - CIFRE CER\u00c1MICA","og_description":"[vc_row full_width=\u00a0\u00bbstretch_row_content\u00a0\u00bb el_class=\u00a0\u00bbbreadcrumb\u00a0\u00bb][vc_column][\/vc_column][\/vc_row][vc_row el_class=\u00a0\u00bbbloque formulario_contacto_page\u00a0\u00bb css=\u00a0\u00bb.vc_custom_1641889975676{margin-top: 0px !important;}\u00a0\u00bb][vc_column width=\u00a0\u00bb1\/12&Prime; el_class=\u00a0\u00bbmapa_contacto\u00a0\u00bb][\/vc_column][vc_column width=\u00a0\u00bb10\/12&Prime;][vc_column_text] Contactez nous [\/vc_column_text][\/vc_column][vc_column width=\u00a0\u00bb1\/12&Prime;][\/vc_column][\/vc_row][vc_row full_width=\u00a0\u00bbstretch_row_content_no_spaces\u00a0\u00bb][vc_column][vc_gmaps link=\u00a0\u00bb#E-8_JTNDaWZyYW1lJTIwc3JjJTNEJTIyaHR0cHMlM0ElMkYlMkZ3d3cuZ29vZ2xlLmNvbSUyRm1hcHMlMkZlbWJlZCUzRnBiJTNEJTIxMW0xOCUyMTFtMTIlMjExbTMlMjExZDMwNTguMjgyMjQxMTk1MTEzJTIxMmQtMC4yMTE5Mzk2ODQzMDM0ODQ2JTIxM2QzOS45NTc0NDE5OTEzNjcwOCUyMTJtMyUyMTFmMCUyMTJmMCUyMTNmMCUyMTNtMiUyMTFpMTAyNCUyMTJpNzY4JTIxNGYxMy4xJTIxM20zJTIxMW0yJTIxMXMweGQ2MDA5OTQ2NWE1NmU1ZCUyNTNBMHg1YjMwMTAxZTE1OGIxMTE5JTIxMnNDSUZSRSUyQkNFUkFNSUNBJTIxNWUwJTIxM20yJTIxMXNlcyUyMTJzZXMlMjE0djE1NjU5NTYwODE0MTUlMjE1bTIlMjExc2VzJTIxMnNlcyUyMiUyMHdpZHRoJTNEJTIyNjAwJTIyJTIwaGVpZ2h0JTNEJTIyNTUwJTIyJTIwZnJhbWVib3JkZXIlM0QlMjIwJTIyJTIwc3R5bGUlM0QlMjJib3JkZXIlM0EwJTIyJTIwYWxsb3dmdWxsc2NyZWVuJTNFJTNDJTJGaWZyYW1lJTNF\u00a0\u00bb][\/vc_column][\/vc_row][vc_row][vc_column][vc_column_text] Coordonn\u00e9es GPS. (Degr\u00e9s d\u00e9cimaux, (DD) Si\u00e8ge:\u00a0 39.95748, -0.20977\u00a0 \u00a0|\u00a0 Centre logistique\u00a0CL1:\u00a0 39.95812, -0.20853\u00a0 |\u00a0 Centre logistique CL2: 39.9561, -0.20593\u00a0 \u00a0|\u00a0 Centre logistique CL3: 39.95581, -0.20601 [\/vc_column_text][\/vc_column][\/vc_row]","og_url":"https:\/\/cifreceramica.com\/fr\/contact\/","og_site_name":"CIFRE CER\u00c1MICA","article_publisher":"https:\/\/www.facebook.com\/Cifreceramica\/","article_modified_time":"2023-06-26T08:23:59+00:00","twitter_card":"summary_large_image","twitter_site":"@cifreceramica","twitter_misc":{"Dur\u00e9e de lecture estim\u00e9e":"1 minute"},"schema":{"@context":"https:\/\/schema.org","@graph":[{"@type":"WebPage","@id":"https:\/\/cifreceramica.com\/fr\/contact\/","url":"https:\/\/cifreceramica.com\/fr\/contact\/","name":"Contacto - CIFRE CER\u00c1MICA","isPartOf":{"@id":"https:\/\/cifreceramica.com\/#website"},"datePublished":"2019-08-16T11:29:17+00:00","dateModified":"2023-06-26T08:23:59+00:00","breadcrumb":{"@id":"https:\/\/cifreceramica.com\/fr\/contact\/#breadcrumb"},"inLanguage":"fr-FR","potentialAction":[{"@type":"ReadAction","target":["https:\/\/cifreceramica.com\/fr\/contact\/"]}]},{"@type":"BreadcrumbList","@id":"https:\/\/cifreceramica.com\/fr\/contact\/#breadcrumb","itemListElement":[{"@type":"ListItem","position":1,"name":"Portada","item":"https:\/\/cifreceramica.com\/fr\/"},{"@type":"ListItem","position":2,"name":"Contacto"}]},{"@type":"WebSite","@id":"https:\/\/cifreceramica.com\/#website","url":"https:\/\/cifreceramica.com\/","name":"CIFRE CER\u00c1MICA","description":"Azulejo, cer\u00e1mica, decoraci\u00f3n, pavimento, revestimiento","publisher":{"@id":"https:\/\/cifreceramica.com\/#organization"},"potentialAction":[{"@type":"SearchAction","target":{"@type":"EntryPoint","urlTemplate":"https:\/\/cifreceramica.com\/?s={search_term_string}"},"query-input":{"@type":"PropertyValueSpecification","valueRequired":true,"valueName":"search_term_string"}}],"inLanguage":"fr-FR"},{"@type":"Organization","@id":"https:\/\/cifreceramica.com\/#organization","name":"CIFRE CERAMICA SL.","url":"https:\/\/cifreceramica.com\/","logo":{"@type":"ImageObject","inLanguage":"fr-FR","@id":"https:\/\/cifreceramica.com\/#\/schema\/logo\/image\/","url":"https:\/\/cifreceramica.com\/wp-content\/uploads\/2020\/03\/logo-cifre.jpg","contentUrl":"https:\/\/cifreceramica.com\/wp-content\/uploads\/2020\/03\/logo-cifre.jpg","width":648,"height":320,"caption":"CIFRE CERAMICA SL."},"image":{"@id":"https:\/\/cifreceramica.com\/#\/schema\/logo\/image\/"},"sameAs":["https:\/\/www.facebook.com\/Cifreceramica\/","https:\/\/x.com\/cifreceramica","https:\/\/www.instagram.com\/cifreceramica\/","https:\/\/www.linkedin.com\/cifreceramica","https:\/\/www.pinterest.es\/CifreReport\/_created\/","https:\/\/www.youtube.com\/channel\/UC6T43U-C68ZKx58s-QVY0Eg"]}]}},"_links":{"self":[{"href":"https:\/\/cifreceramica.com\/fr\/wp-json\/wp\/v2\/pages\/2486","targetHints":{"allow":["GET"]}}],"collection":[{"href":"https:\/\/cifreceramica.com\/fr\/wp-json\/wp\/v2\/pages"}],"about":[{"href":"https:\/\/cifreceramica.com\/fr\/wp-json\/wp\/v2\/types\/page"}],"author":[{"embeddable":true,"href":"https:\/\/cifreceramica.com\/fr\/wp-json\/wp\/v2\/users\/1"}],"replies":[{"embeddable":true,"href":"https:\/\/cifreceramica.com\/fr\/wp-json\/wp\/v2\/comments?post=2486"}],"version-history":[{"count":9,"href":"https:\/\/cifreceramica.com\/fr\/wp-json\/wp\/v2\/pages\/2486\/revisions"}],"predecessor-version":[{"id":10135,"href":"https:\/\/cifreceramica.com\/fr\/wp-json\/wp\/v2\/pages\/2486\/revisions\/10135"}],"wp:attachment":[{"href":"https:\/\/cifreceramica.com\/fr\/wp-json\/wp\/v2\/media?parent=2486"}],"curies":[{"name":"wp","href":"https:\/\/api.w.org\/{rel}","templated":true}]}}