{"id":1389,"date":"2019-02-28T15:03:30","date_gmt":"2019-02-28T14:03:30","guid":{"rendered":"https:\/\/cifreceramica.com\/politica-privacidad\/"},"modified":"2025-01-15T16:22:33","modified_gmt":"2025-01-15T15:22:33","slug":"politica-privacidad","status":"publish","type":"page","link":"https:\/\/cifreceramica.com\/fr\/politica-privacidad\/","title":{"rendered":"Politique de confidentialit\u00e9"},"content":{"rendered":"<p>[vc_row full_width=\u00a0\u00bbstretch_row_content\u00a0\u00bb el_class=\u00a0\u00bbbreadcrumb\u00a0\u00bb][vc_column][\/vc_column][\/vc_row][vc_row el_class=\u00a0\u00bbtexto_legal bloque\u00a0\u00bb css=\u00a0\u00bb.vc_custom_1568796243304{margin-top: 40px !important;}\u00a0\u00bb][vc_column width=\u00a0\u00bb1\/4&Prime;][\/vc_column][vc_column width=\u00a0\u00bb1\/2&Prime;][vc_column_text]<\/p>\n<h1>Politique de confidentialit\u00e9<\/h1>\n<p>[\/vc_column_text][\/vc_column][vc_column width=\u00a0\u00bb1\/4&Prime;][\/vc_column][\/vc_row][vc_row][vc_column width=\u00a0\u00bb1\/4&Prime;][\/vc_column][vc_column width=\u00a0\u00bb1\/2&Prime;][vc_column_text]Chez CIFRE CERAMICA SL, nous nous soucions de la confidentialit\u00e9 et de la transparence.<\/p>\n<p>Ci-dessous, nous indiquons en d\u00e9tail les traitements de donn\u00e9es personnelles que nous effectuons, ainsi que toutes les informations qui s&rsquo;y rapportent.<\/p>\n<p>&nbsp;<\/p>\n<p>Informations compl\u00e8tes sur la protection des donn\u00e9es<\/p>\n<p><strong>Qui est responsable du traitement de vos donn\u00e9es ?<\/strong><\/p>\n<p>CIFRE CERAMICA SL<\/p>\n<p>ES B12284634<\/p>\n<p>Ctra. Villarreal &#8211; Onda,\u00a0 KM 10.<\/p>\n<p>CP. 12200 &#8211; Onda, Castell\u00f3n de la Plana<\/p>\n<p>Spain<\/p>\n<p>+34 964 50 69 69<\/p>\n<p><a href=\"mailto:rgpd@grupoargenta.com\">rgpd@grupoargenta.com<\/a><\/p>\n<p><strong>Dans quel but traitons-nous vos donn\u00e9es personnelles ?<\/strong><\/p>\n<p>Chez CIFRE CERAMICA SL, nous traitons les informations fournies par les int\u00e9ress\u00e9s afin d&rsquo;effectuer la gestion administrative, commerciale ou professionnelle selon le consentement obtenu.<\/p>\n<p><strong>Combien de temps conserverons-nous vos donn\u00e9es ?<\/strong><\/p>\n<p>Les donn\u00e9es seront conserv\u00e9es conform\u00e9ment \u00e0 la l\u00e9gislation applicable, notamment la l\u00e9gislation fiscale, commerciale et du travail, tant que la relation contractuelle se poursuit ou que l&rsquo;int\u00e9ress\u00e9 ne manifeste pas son opposition au traitement des donn\u00e9es. Dans tous les cas, ces donn\u00e9es seront conserv\u00e9es au moins pendant les deux premi\u00e8res ann\u00e9es, ainsi que pendant les ann\u00e9es n\u00e9cessaires au respect des obligations l\u00e9gales et \u00e0 la d\u00e9termination des responsabilit\u00e9s \u00e9ventuelles.<\/p>\n<p><strong>Quelle est la l\u00e9gitimit\u00e9 du traitement de vos donn\u00e9es ?<\/strong><\/p>\n<p>CIFRE CERAMICA SL est l\u00e9gitim\u00e9e \u00e0 traiter les donn\u00e9es personnelles, sur la base de l&rsquo;ex\u00e9cution d&rsquo;un contrat et du consentement donn\u00e9 par l&rsquo;int\u00e9ress\u00e9 en signant ou en acceptant les formulaires ou les contrats, pour une ou plusieurs finalit\u00e9s sp\u00e9cifiques, comme indiqu\u00e9 \u00e0 l&rsquo;article 6.1 a) du R\u00e8glement g\u00e9n\u00e9ral sur la protection des donn\u00e9es personnelles. Pour s&rsquo;inscrire en tant qu&rsquo;utilisateur sur les plateformes num\u00e9riques de CIFRE CERAMICA SL, il est exig\u00e9 la manifestation de la majorit\u00e9 de l&rsquo;\u00e2ge des utilisateurs car il est restreint pour les mineurs, donc vous manifestez et garantissez avec votre inscription que vous \u00eates d&rsquo;\u00e2ge l\u00e9gal. Dans tous les cas, CIFRE CERAMICA SL s&rsquo;exon\u00e8re du traitement des donn\u00e9es effectu\u00e9 sur les mineurs sans le consentement de leurs parents ou tuteurs. Dans le respect de ce qui est \u00e9tabli dans les articles 8 du RGPD et 13 du RDLOPD, seules les personnes \u00e2g\u00e9es de plus de 14 ans pourront donner leur consentement pour le traitement de leurs donn\u00e9es personnelles de mani\u00e8re licite. Dans le cas d&rsquo;un mineur de moins de 14 ans, le consentement des parents ou des tuteurs est requis pour le traitement, et celui-ci n&rsquo;est consid\u00e9r\u00e9 comme licite que dans la mesure o\u00f9 ils l&rsquo;ont autoris\u00e9.<\/p>\n<p><strong>\u00c0 quels destinataires vos donn\u00e9es seront-elles divulgu\u00e9es ?<\/strong><\/p>\n<p>Les donn\u00e9es personnelles ne seront pas transf\u00e9r\u00e9es ou communiqu\u00e9es \u00e0 des tiers, sauf dans les cas n\u00e9cessaires au d\u00e9veloppement, au contr\u00f4le et \u00e0 l&rsquo;accomplissement des finalit\u00e9s exprim\u00e9es, dans les cas pr\u00e9vus par la loi. En tout \u00e9tat de cause, les donn\u00e9es peuvent \u00eatre communiqu\u00e9es aux destinataires suivants :<\/p>\n<p>&#8211; l&rsquo;Agence des imp\u00f4ts, dans le but de se conformer aux obligations fiscales.<\/p>\n<p>&#8211; Les institutions financi\u00e8res, afin d&rsquo;effectuer les paiements correspondants.<\/p>\n<p>&#8211; Entit\u00e9s priv\u00e9es qui effectuent des travaux comptables, fiscaux, juridiques, etc., n\u00e9cessaires pour respecter les obligations l\u00e9gales et offrir une prestation optimale du service demand\u00e9.<\/p>\n<p>&#8211; Les administrations publiques comp\u00e9tentes en la mati\u00e8re.<\/p>\n<p><strong>Transferts de donn\u00e9es vers des pays tiers<\/strong><\/p>\n<p>Les transferts de donn\u00e9es vers des pays tiers ne sont pas pr\u00e9vus. Si le responsable du traitement a l&rsquo;intention de transf\u00e9rer des donn\u00e9es \u00e0 caract\u00e8re personnel \u00e0 un pays tiers ou \u00e0 une organisation internationale, l&rsquo;utilisateur sera inform\u00e9, au moment o\u00f9 les donn\u00e9es \u00e0 caract\u00e8re personnel sont obtenues, du pays tiers ou de l&rsquo;organisation internationale auquel il est pr\u00e9vu de transf\u00e9rer les donn\u00e9es, ainsi que de l&rsquo;existence ou de l&rsquo;absence d&rsquo;une d\u00e9cision d&rsquo;ad\u00e9quation de la Commission.<\/p>\n<p><strong>\u00a0Quels sont vos droits lorsque vous nous communiquez vos donn\u00e9es ?<\/strong><\/p>\n<p>L&rsquo;int\u00e9ress\u00e9 aux donn\u00e9es personnelles, dans tous les cas, pourra exercer les droits dont il dispose, conform\u00e9ment au r\u00e8glement g\u00e9n\u00e9ral sur la protection des donn\u00e9es, qui sont :<\/p>\n<p><strong>Droit d&rsquo;acc\u00e8s:<\/strong> Il s&rsquo;agit du droit de l&rsquo;utilisateur d&rsquo;obtenir la confirmation que CIFRE CERAMICA SL, traite ou non ses donn\u00e9es personnelles et, dans l&rsquo;affirmative, d&rsquo;obtenir des informations sur ses donn\u00e9es personnelles sp\u00e9cifiques et sur le traitement que CIFRE CERAMICA SL, a effectu\u00e9 ou effectuera, ainsi que, entre autres, les informations disponibles sur l&rsquo;origine de ces donn\u00e9es et les destinataires des communications pr\u00e9vues de celles-ci.<\/p>\n<p><strong>Droits de rectification:<\/strong> Il s&rsquo;agit du droit de l&rsquo;Utilisateur de faire modifier ses donn\u00e9es personnelles qui s&rsquo;av\u00e8rent inexactes, compte tenu des finalit\u00e9s du traitement, incompl\u00e8tes.<\/p>\n<p><strong>Droits d&rsquo;effacement (\u00ab\u00a0droit \u00e0 l&rsquo;oubli\u00a0\u00bb):<\/strong> Il s&rsquo;agit du droit de l&rsquo;Utilisateur, sauf disposition contraire de la loi applicable, d&rsquo;obtenir l&rsquo;effacement de ses donn\u00e9es personnelles lorsqu&rsquo;elles ne sont plus n\u00e9cessaires aux fins pour lesquelles elles ont \u00e9t\u00e9 collect\u00e9es ou trait\u00e9es ; l&rsquo;Utilisateur a retir\u00e9 son consentement au traitement et le traitement n&rsquo;a pas d&rsquo;autre base juridique ; l&rsquo;utilisateur s&rsquo;oppose au traitement et il n&rsquo;y a pas d&rsquo;autre motif l\u00e9gitime pour poursuivre le traitement ; les donn\u00e9es \u00e0 caract\u00e8re personnel ont \u00e9t\u00e9 trait\u00e9es ill\u00e9galement ; les donn\u00e9es \u00e0 caract\u00e8re personnel doivent \u00eatre supprim\u00e9es conform\u00e9ment \u00e0 une obligation l\u00e9gale ; ou les donn\u00e9es \u00e0 caract\u00e8re personnel ont \u00e9t\u00e9 obtenues \u00e0 la suite d&rsquo;une offre directe de services de la soci\u00e9t\u00e9 de l&rsquo;information \u00e0 un enfant de moins de 14 ans. Outre l&rsquo;effacement, le responsable du traitement prend, compte tenu de la technologie disponible et du co\u00fbt de sa mise en \u0153uvre, des mesures raisonnables pour informer les responsables du traitement des donn\u00e9es \u00e0 caract\u00e8re personnel de la demande d&rsquo;effacement de la personne concern\u00e9e de tout lien avec ces donn\u00e9es \u00e0 caract\u00e8re personnel.<\/p>\n<p><strong>Droit \u00e0 la limitation du traitement:<\/strong> il s&rsquo;agit du droit de l&rsquo;utilisateur de limiter le traitement de ses donn\u00e9es personnelles. L&rsquo;Utilisateur a le droit d&rsquo;obtenir la limitation du traitement lorsqu&rsquo;il conteste l&rsquo;exactitude de ses donn\u00e9es personnelles ; le traitement est ill\u00e9gal ; le Contr\u00f4leur n&rsquo;a plus besoin de ces donn\u00e9es, mais l&rsquo;Utilisateur en a besoin pour faire des r\u00e9clamations ; et lorsque l&rsquo;Utilisateur s&rsquo;est oppos\u00e9 au traitement.<\/p>\n<p><strong>Droit \u00e0 la portabilit\u00e9 des donn\u00e9es:<\/strong> Lorsque le traitement est effectu\u00e9 par des moyens automatis\u00e9s, l&rsquo;utilisateur a le droit de recevoir du responsable du traitement ses donn\u00e9es personnelles dans un format structur\u00e9, couramment utilis\u00e9 et lisible par machine et de les transmettre \u00e0 un autre responsable du traitement. Lorsque cela est techniquement possible, le contr\u00f4leur transmet les donn\u00e9es directement \u00e0 cet autre contr\u00f4leur.<\/p>\n<p><strong>Droit d&rsquo;opposition:<\/strong> Il s&rsquo;agit du droit de l&rsquo;utilisateur de ne pas faire traiter ses donn\u00e9es personnelles ou de faire cesser le traitement de ces donn\u00e9es par CIFRE CERAMICA SL.<\/p>\n<p><strong>Droit de ne pas faire l&rsquo;objet d&rsquo;une d\u00e9cision fond\u00e9e uniquement sur un traitement automatis\u00e9, y compris le profilage:<\/strong> Il s&rsquo;agit du droit de l&rsquo;Utilisateur de ne pas faire l&rsquo;objet d&rsquo;une d\u00e9cision individualis\u00e9e fond\u00e9e uniquement sur un traitement automatis\u00e9 de ses donn\u00e9es personnelles, y compris le profilage, sauf si la l\u00e9gislation en vigueur en dispose autrement.<\/p>\n<p><strong>Vous pouvez exercer vos droits mat\u00e9riels de la mani\u00e8re suivante:<\/strong> L&rsquo;int\u00e9ress\u00e9, pour exercer ses droits d&rsquo;acc\u00e8s, de rectification, d&rsquo;effacement, de portabilit\u00e9 et de limitation ou d&rsquo;opposition au traitement, peut s&rsquo;adresser \u00e0 <a href=\"mailto:rgpd@grupoargenta.com\">rgpd@grupoargenta.com<\/a>.<\/p>\n<p>Lorsque des communications commerciales sont envoy\u00e9es en utilisant l&rsquo;int\u00e9r\u00eat l\u00e9gitime du responsable du traitement des donn\u00e9es comme base juridique, la personne concern\u00e9e peut s&rsquo;opposer au traitement de ses donn\u00e9es \u00e0 cette fin.<\/p>\n<p>Si vous avez donn\u00e9 votre consentement pour une finalit\u00e9 sp\u00e9cifique, vous avez le droit de retirer le consentement donn\u00e9 \u00e0 tout moment, sans que cela n&rsquo;affecte la lic\u00e9it\u00e9 du traitement fond\u00e9 sur le consentement avant son retrait.<\/p>\n<p>Si vous estimez que vos droits concernant la protection de vos donn\u00e9es personnelles ont \u00e9t\u00e9 viol\u00e9s, notamment lorsque vous n&rsquo;avez pas obtenu satisfaction dans l&rsquo;exercice de vos droits, vous pouvez d\u00e9poser une plainte aupr\u00e8s de l&rsquo;autorit\u00e9 de contr\u00f4le de la protection des donn\u00e9es comp\u00e9tente via son site web : <a href=\"http:\/\/www.agpd.es\">www.agpd.es<\/a>.<\/p>\n<p><strong>Comment avons-nous obtenu vos donn\u00e9es ?<\/strong><\/p>\n<p>Les donn\u00e9es personnelles que nous traitons \u00e0 CIFRE CERAMICA SL proviennent de : La personne concern\u00e9e elle-m\u00eame.<\/p>\n<p>Les cat\u00e9gories de donn\u00e9es trait\u00e9es sont :<\/p>\n<p>&#8211; Donn\u00e9es d&rsquo;identification.<\/p>\n<p>&#8211; Adresses postale et \u00e9lectronique.<\/p>\n<p>&#8211; Informations commerciales.<\/p>\n<p>&#8211; Coordonn\u00e9es bancaires (cartes de cr\u00e9dit, num\u00e9ros de compte, etc.).<\/p>\n<p><strong>Modifications de notre politique de protection des donn\u00e9es et de la vie priv\u00e9e.<\/strong><\/p>\n<p>CIFRE CERAMICA SL se r\u00e9serve le droit de modifier cette Politique, afin de l&rsquo;adapter aux nouvelles l\u00e9gislations, crit\u00e8res jurisprudentiels, pratiques du secteur, ou int\u00e9r\u00eats de l&rsquo;entit\u00e9. Veuillez consulter r\u00e9guli\u00e8rement cette section pour prendre connaissance des changements qui ont pu \u00eatre apport\u00e9s et de la mani\u00e8re dont ils peuvent vous affecter.<\/p>\n<p>Pour toute question relative \u00e0 notre politique de protection des donn\u00e9es, veuillez contacter la soci\u00e9t\u00e9 \u00e0 l&rsquo;adresse indiqu\u00e9e dans la premi\u00e8re section et nous serons heureux de vous aider et de r\u00e9pondre \u00e0 toute question suppl\u00e9mentaire que vous pourriez avoir.<\/p>\n<p><strong>Loi sur les services de la soci\u00e9t\u00e9 de l&rsquo;information et le commerce \u00e9lectronique (LSSI).<\/strong><\/p>\n<p>Conform\u00e9ment \u00e0 la loi 34\/2002, du 11 juillet, des services de la soci\u00e9t\u00e9 de l&rsquo;information et du commerce \u00e9lectronique, CIFRE CERAMICA SL s&rsquo;engage \u00e0 ne pas envoyer de publicit\u00e9 par courrier \u00e9lectronique sans avoir obtenu au pr\u00e9alable l&rsquo;autorisation expresse du destinataire. L&rsquo;Utilisateur pourra s&rsquo;opposer \u00e0 l&rsquo;envoi de publicit\u00e9 en cochant la case correspondante.<\/p>\n<p><strong>Cookies<\/strong><\/p>\n<p>Notre site web utilise des cookies. Pour plus d&rsquo;informations sur les cookies, veuillez vous reporter \u00e0 notre d\u00e9claration sur la<a href=\"https:\/\/cifreceramica.com\/fr\/politique-en-matiere-de-cookies-ue\/\"> politique en mati\u00e8re de cookies<\/a>. Nous avons conclu un accord de traitement des donn\u00e9es avec Google. Google ne peut pas utiliser ces donn\u00e9es pour d&rsquo;autres services Google.<\/p>\n<p><strong>S\u00e9curit\u00e9<\/strong><\/p>\n<p>Nous nous engageons \u00e0 assurer la s\u00e9curit\u00e9 des donn\u00e9es personnelles. Nous prenons des mesures de s\u00e9curit\u00e9 appropri\u00e9es pour limiter les abus et les acc\u00e8s non autoris\u00e9s aux donn\u00e9es personnelles. Cela garantit que seules les personnes n\u00e9cessaires ont acc\u00e8s \u00e0 vos donn\u00e9es, que l&rsquo;acc\u00e8s aux donn\u00e9es est prot\u00e9g\u00e9 et que nos mesures de s\u00e9curit\u00e9 sont r\u00e9guli\u00e8rement r\u00e9vis\u00e9es.<\/p>\n<p><strong>Sites web de tiers<\/strong><\/p>\n<p>La pr\u00e9sente d\u00e9claration de confidentialit\u00e9 ne s&rsquo;applique pas aux sites web de tiers li\u00e9s \u00e0 notre site web. Nous ne pouvons pas garantir que ces tiers traitent vos donn\u00e9es personnelles de mani\u00e8re fiable ou s\u00fbre. Nous vous recommandons de lire les d\u00e9clarations de confidentialit\u00e9 de ces sites web avant de les utiliser[\/vc_column_text][\/vc_column][vc_column width=\u00a0\u00bb1\/4&Prime;][\/vc_column][\/vc_row]<\/p>\n","protected":false},"excerpt":{"rendered":"<p>[vc_row full_width=\u00a0\u00bbstretch_row_content\u00a0\u00bb el_class=\u00a0\u00bbbreadcrumb\u00a0\u00bb][vc_column][\/vc_column][\/vc_row][vc_row el_class=\u00a0\u00bbtexto_legal bloque\u00a0\u00bb css=\u00a0\u00bb.vc_custom_1568796243304{margin-top: 40px !important;}\u00a0\u00bb][vc_column width=\u00a0\u00bb1\/4&Prime;][\/vc_column][vc_column width=\u00a0\u00bb1\/2&Prime;][vc_column_text] Politique de confidentialit\u00e9 [\/vc_column_text][\/vc_column][vc_column width=\u00a0\u00bb1\/4&Prime;][\/vc_column][\/vc_row][vc_row][vc_column width=\u00a0\u00bb1\/4&Prime;][\/vc_column][vc_column width=\u00a0\u00bb1\/2&Prime;][vc_column_text]Chez CIFRE CERAMICA SL, nous nous soucions de la confidentialit\u00e9 et de la transparence. Ci-dessous, nous indiquons en d\u00e9tail les traitements de donn\u00e9es personnelles que nous effectuons, ainsi que toutes les informations qui s&rsquo;y rapportent. &nbsp; Informations compl\u00e8tes sur [&hellip;]<\/p>\n","protected":false},"author":1,"featured_media":0,"parent":0,"menu_order":0,"comment_status":"closed","ping_status":"closed","template":"","meta":{"footnotes":""},"class_list":["post-1389","page","type-page","status-publish","hentry"],"yoast_head":"<!-- This site is optimized with the Yoast SEO plugin v27.3 - https:\/\/yoast.com\/product\/yoast-seo-wordpress\/ -->\n<title>Politique de confidentialit\u00e9 - CIFRE CER\u00c1MICA<\/title>\n<meta name=\"robots\" content=\"index, nofollow, max-snippet:-1, max-image-preview:large, max-video-preview:-1\" \/>\n<link rel=\"canonical\" href=\"https:\/\/cifreceramica.com\/fr\/politica-privacidad\/\" \/>\n<meta property=\"og:locale\" content=\"fr_FR\" \/>\n<meta property=\"og:type\" content=\"article\" \/>\n<meta property=\"og:title\" content=\"Politique de confidentialit\u00e9 - CIFRE CER\u00c1MICA\" \/>\n<meta property=\"og:description\" content=\"[vc_row full_width=\u00a0\u00bbstretch_row_content\u00a0\u00bb el_class=\u00a0\u00bbbreadcrumb\u00a0\u00bb][vc_column][\/vc_column][\/vc_row][vc_row el_class=\u00a0\u00bbtexto_legal bloque\u00a0\u00bb css=\u00a0\u00bb.vc_custom_1568796243304{margin-top: 40px !important;}\u00a0\u00bb][vc_column width=\u00a0\u00bb1\/4&Prime;][\/vc_column][vc_column width=\u00a0\u00bb1\/2&Prime;][vc_column_text] Politique de confidentialit\u00e9 [\/vc_column_text][\/vc_column][vc_column width=\u00a0\u00bb1\/4&Prime;][\/vc_column][\/vc_row][vc_row][vc_column width=\u00a0\u00bb1\/4&Prime;][\/vc_column][vc_column width=\u00a0\u00bb1\/2&Prime;][vc_column_text]Chez CIFRE CERAMICA SL, nous nous soucions de la confidentialit\u00e9 et de la transparence. Ci-dessous, nous indiquons en d\u00e9tail les traitements de donn\u00e9es personnelles que nous effectuons, ainsi que toutes les informations qui s&rsquo;y rapportent. &nbsp; Informations compl\u00e8tes sur [&hellip;]\" \/>\n<meta property=\"og:url\" content=\"https:\/\/cifreceramica.com\/fr\/politica-privacidad\/\" \/>\n<meta property=\"og:site_name\" content=\"CIFRE CER\u00c1MICA\" \/>\n<meta property=\"article:publisher\" content=\"https:\/\/www.facebook.com\/Cifreceramica\/\" \/>\n<meta property=\"article:modified_time\" content=\"2025-01-15T15:22:33+00:00\" \/>\n<meta name=\"twitter:card\" content=\"summary_large_image\" \/>\n<meta name=\"twitter:site\" content=\"@cifreceramica\" \/>\n<meta name=\"twitter:label1\" content=\"Dur\u00e9e de lecture estim\u00e9e\" \/>\n\t<meta name=\"twitter:data1\" content=\"8 minutes\" \/>\n<script type=\"application\/ld+json\" class=\"yoast-schema-graph\">{\"@context\":\"https:\\\/\\\/schema.org\",\"@graph\":[{\"@type\":\"WebPage\",\"@id\":\"https:\\\/\\\/cifreceramica.com\\\/fr\\\/politica-privacidad\\\/\",\"url\":\"https:\\\/\\\/cifreceramica.com\\\/fr\\\/politica-privacidad\\\/\",\"name\":\"Politique de confidentialit\u00e9 - CIFRE CER\u00c1MICA\",\"isPartOf\":{\"@id\":\"https:\\\/\\\/cifreceramica.com\\\/#website\"},\"datePublished\":\"2019-02-28T14:03:30+00:00\",\"dateModified\":\"2025-01-15T15:22:33+00:00\",\"breadcrumb\":{\"@id\":\"https:\\\/\\\/cifreceramica.com\\\/fr\\\/politica-privacidad\\\/#breadcrumb\"},\"inLanguage\":\"fr-FR\",\"potentialAction\":[{\"@type\":\"ReadAction\",\"target\":[\"https:\\\/\\\/cifreceramica.com\\\/fr\\\/politica-privacidad\\\/\"]}]},{\"@type\":\"BreadcrumbList\",\"@id\":\"https:\\\/\\\/cifreceramica.com\\\/fr\\\/politica-privacidad\\\/#breadcrumb\",\"itemListElement\":[{\"@type\":\"ListItem\",\"position\":1,\"name\":\"Portada\",\"item\":\"https:\\\/\\\/cifreceramica.com\\\/fr\\\/\"},{\"@type\":\"ListItem\",\"position\":2,\"name\":\"Politique de confidentialit\u00e9\"}]},{\"@type\":\"WebSite\",\"@id\":\"https:\\\/\\\/cifreceramica.com\\\/#website\",\"url\":\"https:\\\/\\\/cifreceramica.com\\\/\",\"name\":\"CIFRE CER\u00c1MICA\",\"description\":\"Azulejo, cer\u00e1mica, decoraci\u00f3n, pavimento, revestimiento\",\"publisher\":{\"@id\":\"https:\\\/\\\/cifreceramica.com\\\/#organization\"},\"potentialAction\":[{\"@type\":\"SearchAction\",\"target\":{\"@type\":\"EntryPoint\",\"urlTemplate\":\"https:\\\/\\\/cifreceramica.com\\\/?s={search_term_string}\"},\"query-input\":{\"@type\":\"PropertyValueSpecification\",\"valueRequired\":true,\"valueName\":\"search_term_string\"}}],\"inLanguage\":\"fr-FR\"},{\"@type\":\"Organization\",\"@id\":\"https:\\\/\\\/cifreceramica.com\\\/#organization\",\"name\":\"CIFRE CERAMICA SL.\",\"url\":\"https:\\\/\\\/cifreceramica.com\\\/\",\"logo\":{\"@type\":\"ImageObject\",\"inLanguage\":\"fr-FR\",\"@id\":\"https:\\\/\\\/cifreceramica.com\\\/#\\\/schema\\\/logo\\\/image\\\/\",\"url\":\"https:\\\/\\\/cifreceramica.com\\\/wp-content\\\/uploads\\\/2020\\\/03\\\/logo-cifre.jpg\",\"contentUrl\":\"https:\\\/\\\/cifreceramica.com\\\/wp-content\\\/uploads\\\/2020\\\/03\\\/logo-cifre.jpg\",\"width\":648,\"height\":320,\"caption\":\"CIFRE CERAMICA SL.\"},\"image\":{\"@id\":\"https:\\\/\\\/cifreceramica.com\\\/#\\\/schema\\\/logo\\\/image\\\/\"},\"sameAs\":[\"https:\\\/\\\/www.facebook.com\\\/Cifreceramica\\\/\",\"https:\\\/\\\/x.com\\\/cifreceramica\",\"https:\\\/\\\/www.instagram.com\\\/cifreceramica\\\/\",\"https:\\\/\\\/www.linkedin.com\\\/cifreceramica\",\"https:\\\/\\\/www.pinterest.es\\\/CifreReport\\\/_created\\\/\",\"https:\\\/\\\/www.youtube.com\\\/channel\\\/UC6T43U-C68ZKx58s-QVY0Eg\"]}]}<\/script>\n<!-- \/ Yoast SEO plugin. -->","yoast_head_json":{"title":"Politique de confidentialit\u00e9 - CIFRE CER\u00c1MICA","robots":{"index":"index","follow":"nofollow","max-snippet":"max-snippet:-1","max-image-preview":"max-image-preview:large","max-video-preview":"max-video-preview:-1"},"canonical":"https:\/\/cifreceramica.com\/fr\/politica-privacidad\/","og_locale":"fr_FR","og_type":"article","og_title":"Politique de confidentialit\u00e9 - CIFRE CER\u00c1MICA","og_description":"[vc_row full_width=\u00a0\u00bbstretch_row_content\u00a0\u00bb el_class=\u00a0\u00bbbreadcrumb\u00a0\u00bb][vc_column][\/vc_column][\/vc_row][vc_row el_class=\u00a0\u00bbtexto_legal bloque\u00a0\u00bb css=\u00a0\u00bb.vc_custom_1568796243304{margin-top: 40px !important;}\u00a0\u00bb][vc_column width=\u00a0\u00bb1\/4&Prime;][\/vc_column][vc_column width=\u00a0\u00bb1\/2&Prime;][vc_column_text] Politique de confidentialit\u00e9 [\/vc_column_text][\/vc_column][vc_column width=\u00a0\u00bb1\/4&Prime;][\/vc_column][\/vc_row][vc_row][vc_column width=\u00a0\u00bb1\/4&Prime;][\/vc_column][vc_column width=\u00a0\u00bb1\/2&Prime;][vc_column_text]Chez CIFRE CERAMICA SL, nous nous soucions de la confidentialit\u00e9 et de la transparence. Ci-dessous, nous indiquons en d\u00e9tail les traitements de donn\u00e9es personnelles que nous effectuons, ainsi que toutes les informations qui s&rsquo;y rapportent. &nbsp; Informations compl\u00e8tes sur [&hellip;]","og_url":"https:\/\/cifreceramica.com\/fr\/politica-privacidad\/","og_site_name":"CIFRE CER\u00c1MICA","article_publisher":"https:\/\/www.facebook.com\/Cifreceramica\/","article_modified_time":"2025-01-15T15:22:33+00:00","twitter_card":"summary_large_image","twitter_site":"@cifreceramica","twitter_misc":{"Dur\u00e9e de lecture estim\u00e9e":"8 minutes"},"schema":{"@context":"https:\/\/schema.org","@graph":[{"@type":"WebPage","@id":"https:\/\/cifreceramica.com\/fr\/politica-privacidad\/","url":"https:\/\/cifreceramica.com\/fr\/politica-privacidad\/","name":"Politique de confidentialit\u00e9 - CIFRE CER\u00c1MICA","isPartOf":{"@id":"https:\/\/cifreceramica.com\/#website"},"datePublished":"2019-02-28T14:03:30+00:00","dateModified":"2025-01-15T15:22:33+00:00","breadcrumb":{"@id":"https:\/\/cifreceramica.com\/fr\/politica-privacidad\/#breadcrumb"},"inLanguage":"fr-FR","potentialAction":[{"@type":"ReadAction","target":["https:\/\/cifreceramica.com\/fr\/politica-privacidad\/"]}]},{"@type":"BreadcrumbList","@id":"https:\/\/cifreceramica.com\/fr\/politica-privacidad\/#breadcrumb","itemListElement":[{"@type":"ListItem","position":1,"name":"Portada","item":"https:\/\/cifreceramica.com\/fr\/"},{"@type":"ListItem","position":2,"name":"Politique de confidentialit\u00e9"}]},{"@type":"WebSite","@id":"https:\/\/cifreceramica.com\/#website","url":"https:\/\/cifreceramica.com\/","name":"CIFRE CER\u00c1MICA","description":"Azulejo, cer\u00e1mica, decoraci\u00f3n, pavimento, revestimiento","publisher":{"@id":"https:\/\/cifreceramica.com\/#organization"},"potentialAction":[{"@type":"SearchAction","target":{"@type":"EntryPoint","urlTemplate":"https:\/\/cifreceramica.com\/?s={search_term_string}"},"query-input":{"@type":"PropertyValueSpecification","valueRequired":true,"valueName":"search_term_string"}}],"inLanguage":"fr-FR"},{"@type":"Organization","@id":"https:\/\/cifreceramica.com\/#organization","name":"CIFRE CERAMICA SL.","url":"https:\/\/cifreceramica.com\/","logo":{"@type":"ImageObject","inLanguage":"fr-FR","@id":"https:\/\/cifreceramica.com\/#\/schema\/logo\/image\/","url":"https:\/\/cifreceramica.com\/wp-content\/uploads\/2020\/03\/logo-cifre.jpg","contentUrl":"https:\/\/cifreceramica.com\/wp-content\/uploads\/2020\/03\/logo-cifre.jpg","width":648,"height":320,"caption":"CIFRE CERAMICA SL."},"image":{"@id":"https:\/\/cifreceramica.com\/#\/schema\/logo\/image\/"},"sameAs":["https:\/\/www.facebook.com\/Cifreceramica\/","https:\/\/x.com\/cifreceramica","https:\/\/www.instagram.com\/cifreceramica\/","https:\/\/www.linkedin.com\/cifreceramica","https:\/\/www.pinterest.es\/CifreReport\/_created\/","https:\/\/www.youtube.com\/channel\/UC6T43U-C68ZKx58s-QVY0Eg"]}]}},"_links":{"self":[{"href":"https:\/\/cifreceramica.com\/fr\/wp-json\/wp\/v2\/pages\/1389","targetHints":{"allow":["GET"]}}],"collection":[{"href":"https:\/\/cifreceramica.com\/fr\/wp-json\/wp\/v2\/pages"}],"about":[{"href":"https:\/\/cifreceramica.com\/fr\/wp-json\/wp\/v2\/types\/page"}],"author":[{"embeddable":true,"href":"https:\/\/cifreceramica.com\/fr\/wp-json\/wp\/v2\/users\/1"}],"replies":[{"embeddable":true,"href":"https:\/\/cifreceramica.com\/fr\/wp-json\/wp\/v2\/comments?post=1389"}],"version-history":[{"count":9,"href":"https:\/\/cifreceramica.com\/fr\/wp-json\/wp\/v2\/pages\/1389\/revisions"}],"predecessor-version":[{"id":12374,"href":"https:\/\/cifreceramica.com\/fr\/wp-json\/wp\/v2\/pages\/1389\/revisions\/12374"}],"wp:attachment":[{"href":"https:\/\/cifreceramica.com\/fr\/wp-json\/wp\/v2\/media?parent=1389"}],"curies":[{"name":"wp","href":"https:\/\/api.w.org\/{rel}","templated":true}]}}