{"id":13255,"date":"2025-10-29T15:49:58","date_gmt":"2025-10-29T14:49:58","guid":{"rendered":"https:\/\/cifreceramica.com\/?page_id=13255"},"modified":"2025-10-30T09:39:32","modified_gmt":"2025-10-30T08:39:32","slug":"stand-cersaie-2025","status":"publish","type":"page","link":"https:\/\/cifreceramica.com\/fr\/stand-cersaie-2025\/","title":{"rendered":"Stand Cersaie 2025"},"content":{"rendered":"<p>[vc_row full_width=\u00a0\u00bbstretch_row_content\u00a0\u00bb el_class=\u00a0\u00bbbreadcrumb\u00a0\u00bb][vc_column][\/vc_column][\/vc_row][vc_row full_width=\u00a0\u00bbstretch_row_content\u00a0\u00bb css=\u00a0\u00bb.vc_custom_1761746186476{margin-top: 40px !important;}\u00a0\u00bb][vc_column width=\u00a0\u00bb1\/4&Prime;][\/vc_column][vc_column width=\u00a0\u00bb1\/2&Prime;][vc_single_image image=\u00a0\u00bb11830&Prime; img_size=\u00a0\u00bbfull\u00a0\u00bb alignment=\u00a0\u00bbcenter\u00a0\u00bb][vc_column_text]<\/p>\n<h1 style=\"text-align: center;\">Cersaie 2025 \u00b7 Innovation, material and form.<\/h1>\n<p style=\"text-align: center;\">Un espace o\u00f9 le design est mis en valeur, o\u00f9 les textures inspirent et o\u00f9 chaque surface red\u00e9finit la fa\u00e7on dont nous habitons notre environnement.<\/p>\n<p>[\/vc_column_text][\/vc_column][vc_column width=\u00a0\u00bb1\/4&Prime;][\/vc_column][\/vc_row][vc_row css=\u00a0\u00bb.vc_custom_1761745882291{margin-bottom: 40px !important;}\u00a0\u00bb][vc_column][vc_single_image image=\u00a0\u00bb13240&Prime; img_size=\u00a0\u00bbfull\u00a0\u00bb alignment=\u00a0\u00bbcenter\u00a0\u00bb][\/vc_column][\/vc_row][vc_row css=\u00a0\u00bb.vc_custom_1761749068280{margin-bottom: 40px !important;}\u00a0\u00bb][vc_column width=\u00a0\u00bb1\/4&Prime;][\/vc_column][vc_column width=\u00a0\u00bb1\/4&Prime;][vc_single_image image=\u00a0\u00bb13009&Prime; img_size=\u00a0\u00bbfull\u00a0\u00bb][\/vc_column][vc_column width=\u00a0\u00bb1\/4&Prime;][vc_column_text]<strong>\u00ab\u00a0Shaping the Space\u00a0\u00bb<\/strong><\/p>\n<p><b>Cifre Cer\u00e1mica<\/b> a pr\u00e9sent\u00e9 un espace qui refl\u00e9tait son engagement en faveur de l&rsquo;<b>innovation, du design et de l&rsquo;architecture contemporaine<\/b>. Un stand con\u00e7u pour inspirer, o\u00f9 chaque collection <b>prenait vie \u00e0 travers les mat\u00e9riaux, la lumi\u00e8re et l&rsquo;\u00e9quilibre<\/b>. Un point de rencontre entre <b>la cr\u00e9ativit\u00e9, la technique et la vision de l&rsquo;avenir<\/b>.[\/vc_column_text][\/vc_column][vc_column width=\u00a0\u00bb1\/4&Prime;][\/vc_column][\/vc_row][vc_row css=\u00a0\u00bb.vc_custom_1761747024822{margin-bottom: 40px !important;}\u00a0\u00bb][vc_column width=\u00a0\u00bb1\/4&Prime;][vc_column_text]Cette ann\u00e9e, le stand s&rsquo;inspire de <b>Kumo<\/b>, le nuage qui fa\u00e7onne l&rsquo;espace et symbolise la l\u00e9g\u00e8ret\u00e9, le changement et l&rsquo;harmonie. Une proposition qui interpr\u00e8te la c\u00e9ramique comme un mat\u00e9riau vivant, capable de s&rsquo;adapter et de transformer les environnements contemporains. \u00c0 travers des volumes \u00e9th\u00e9r\u00e9s, des g\u00e9om\u00e9tries fluides et une atmosph\u00e8re enveloppante, l&rsquo;espace exprime la capacit\u00e9 du mat\u00e9riau \u00e0 \u00e9voluer, \u00e0 se connecter et \u00e0 g\u00e9n\u00e9rer de nouvelles exp\u00e9riences architecturales.[\/vc_column_text][\/vc_column][vc_column width=\u00a0\u00bb1\/4&Prime;][vc_single_image image=\u00a0\u00bb13034&Prime; img_size=\u00a0\u00bbfull\u00a0\u00bb][\/vc_column][vc_column width=\u00a0\u00bb1\/4&Prime;][vc_single_image image=\u00a0\u00bb13072&Prime; img_size=\u00a0\u00bbfull\u00a0\u00bb][\/vc_column][vc_column width=\u00a0\u00bb1\/4&Prime;][vc_single_image image=\u00a0\u00bb13029&Prime; img_size=\u00a0\u00bbfull\u00a0\u00bb][\/vc_column][\/vc_row][vc_row css=\u00a0\u00bb.vc_custom_1761747030386{margin-bottom: 40px !important;}\u00a0\u00bb][vc_column width=\u00a0\u00bb1\/4&Prime;][vc_single_image image=\u00a0\u00bb13063&Prime; img_size=\u00a0\u00bbfull\u00a0\u00bb][\/vc_column][vc_column width=\u00a0\u00bb1\/4&Prime;][vc_single_image image=\u00a0\u00bb13059&Prime; img_size=\u00a0\u00bbfull\u00a0\u00bb][\/vc_column][vc_column width=\u00a0\u00bb1\/4&Prime;][vc_single_image image=\u00a0\u00bb13055&Prime; img_size=\u00a0\u00bbfull\u00a0\u00bb][\/vc_column][vc_column width=\u00a0\u00bb1\/4&Prime;][vc_column_text]Au salon <b>Cersaie 2025<\/b>, <b>nous avons pr\u00e9sent\u00e9 deux espaces d&rsquo;exposition<\/b> : l&rsquo;un d\u00e9di\u00e9 \u00e0 nos <b>nouveaux produits en grands formats et surfaces architecturales<\/b>, renfor\u00e7ant ainsi notre r\u00f4le de marque de r\u00e9f\u00e9rence en mati\u00e8re d&rsquo;<b>innovation et de design pour les projets haut de gamme<\/b> ; et l&rsquo;autre consacr\u00e9 \u00e0 <b>Brick&amp;More<\/b>, la marque du groupe \u00e0 travers laquelle nous promouvons les <b>carreaux c\u00e9ramiques de petit format<\/b>, un segment en plein essor cr\u00e9atif et dot\u00e9 d&rsquo;une identit\u00e9 propre en constante \u00e9volution.[\/vc_column_text][\/vc_column][\/vc_row][vc_row css=\u00a0\u00bb.vc_custom_1761747024822{margin-bottom: 40px !important;}\u00a0\u00bb][vc_column width=\u00a0\u00bb1\/4&Prime;][vc_column_text]La proposition <b>s&rsquo;articulait autour d&rsquo;une double strat\u00e9gie<\/b> : un univers conceptuel unique qui <b>se manifestait dans deux espaces compl\u00e9mentaires<\/b>. Cette d\u00e9cision <b>n&rsquo;impliquait pas une s\u00e9paration<\/b>, mais <b>une solution de conception pens\u00e9e pour explorer la c\u00e9ramique dans toute son ampleur<\/b>, offrant au visiteur <b>un parcours complet \u00e0 travers les \u00e9chelles de la conception<\/b>, de <b>la structure architecturale au d\u00e9tail le plus expressif<\/b>.[\/vc_column_text][\/vc_column][vc_column width=\u00a0\u00bb1\/4&Prime;][vc_single_image image=\u00a0\u00bb13177&Prime; img_size=\u00a0\u00bbfull\u00a0\u00bb][\/vc_column][vc_column width=\u00a0\u00bb1\/4&Prime;][vc_single_image image=\u00a0\u00bb13181&Prime; img_size=\u00a0\u00bbfull\u00a0\u00bb][\/vc_column][vc_column width=\u00a0\u00bb1\/4&Prime;][vc_single_image image=\u00a0\u00bb13213&Prime; img_size=\u00a0\u00bbfull\u00a0\u00bb][\/vc_column][\/vc_row][vc_row][vc_column width=\u00a0\u00bb1\/4&Prime;][\/vc_column][vc_column width=\u00a0\u00bb1\/2&Prime;][vc_gallery interval=\u00a0\u00bb5&Prime; images=\u00a0\u00bb13080,13084,13088,13092,13096,13100,13104,13108,13112,13116,13120,13124,13128,13132,13136,13140,13144,13148,13152,13156,13063,13068,13072,13076,13161,13165,13169,13173,13177,13181,13185,13189,13193,13197,13201,13205,13209,13213,13217,13221,13225,13229,13233&Prime; img_size=\u00a0\u00bblarge\u00a0\u00bb onclick=\u00a0\u00bbimg_link_large\u00a0\u00bb custom_links_target=\u00a0\u00bb_blank\u00a0\u00bb][\/vc_column][vc_column width=\u00a0\u00bb1\/4&Prime;][\/vc_column][\/vc_row]<\/p>\n","protected":false},"excerpt":{"rendered":"<p>[vc_row full_width=\u00a0\u00bbstretch_row_content\u00a0\u00bb el_class=\u00a0\u00bbbreadcrumb\u00a0\u00bb][vc_column][\/vc_column][\/vc_row][vc_row full_width=\u00a0\u00bbstretch_row_content\u00a0\u00bb css=\u00a0\u00bb.vc_custom_1761746186476{margin-top: 40px !important;}\u00a0\u00bb][vc_column width=\u00a0\u00bb1\/4&Prime;][\/vc_column][vc_column width=\u00a0\u00bb1\/2&Prime;][vc_single_image image=\u00a0\u00bb11830&Prime; img_size=\u00a0\u00bbfull\u00a0\u00bb alignment=\u00a0\u00bbcenter\u00a0\u00bb][vc_column_text] Cersaie 2025 \u00b7 Innovation, material and form. Un espace o\u00f9 le design est mis en valeur, o\u00f9 les textures inspirent et o\u00f9 chaque surface red\u00e9finit la fa\u00e7on dont nous habitons notre environnement. [\/vc_column_text][\/vc_column][vc_column width=\u00a0\u00bb1\/4&Prime;][\/vc_column][\/vc_row][vc_row css=\u00a0\u00bb.vc_custom_1761745882291{margin-bottom: 40px !important;}\u00a0\u00bb][vc_column][vc_single_image image=\u00a0\u00bb13240&Prime; img_size=\u00a0\u00bbfull\u00a0\u00bb alignment=\u00a0\u00bbcenter\u00a0\u00bb][\/vc_column][\/vc_row][vc_row css=\u00a0\u00bb.vc_custom_1761749068280{margin-bottom: 40px !important;}\u00a0\u00bb][vc_column [&hellip;]<\/p>\n","protected":false},"author":3,"featured_media":0,"parent":0,"menu_order":0,"comment_status":"closed","ping_status":"closed","template":"","meta":{"footnotes":""},"class_list":["post-13255","page","type-page","status-publish","hentry"],"yoast_head":"<!-- This site is optimized with the Yoast SEO plugin v27.3 - https:\/\/yoast.com\/product\/yoast-seo-wordpress\/ -->\n<title>Stand Cersaie 2025 - CIFRE CER\u00c1MICA<\/title>\n<meta name=\"robots\" content=\"index, follow, max-snippet:-1, max-image-preview:large, max-video-preview:-1\" \/>\n<link rel=\"canonical\" href=\"https:\/\/cifreceramica.com\/fr\/stand-cersaie-2025\/\" \/>\n<meta property=\"og:locale\" content=\"fr_FR\" \/>\n<meta property=\"og:type\" content=\"article\" \/>\n<meta property=\"og:title\" content=\"Stand Cersaie 2025 - CIFRE CER\u00c1MICA\" \/>\n<meta property=\"og:description\" content=\"[vc_row full_width=\u00a0\u00bbstretch_row_content\u00a0\u00bb el_class=\u00a0\u00bbbreadcrumb\u00a0\u00bb][vc_column][\/vc_column][\/vc_row][vc_row full_width=\u00a0\u00bbstretch_row_content\u00a0\u00bb css=\u00a0\u00bb.vc_custom_1761746186476{margin-top: 40px !important;}\u00a0\u00bb][vc_column width=\u00a0\u00bb1\/4&Prime;][\/vc_column][vc_column width=\u00a0\u00bb1\/2&Prime;][vc_single_image image=\u00a0\u00bb11830&Prime; img_size=\u00a0\u00bbfull\u00a0\u00bb alignment=\u00a0\u00bbcenter\u00a0\u00bb][vc_column_text] Cersaie 2025 \u00b7 Innovation, material and form. Un espace o\u00f9 le design est mis en valeur, o\u00f9 les textures inspirent et o\u00f9 chaque surface red\u00e9finit la fa\u00e7on dont nous habitons notre environnement. [\/vc_column_text][\/vc_column][vc_column width=\u00a0\u00bb1\/4&Prime;][\/vc_column][\/vc_row][vc_row css=\u00a0\u00bb.vc_custom_1761745882291{margin-bottom: 40px !important;}\u00a0\u00bb][vc_column][vc_single_image image=\u00a0\u00bb13240&Prime; img_size=\u00a0\u00bbfull\u00a0\u00bb alignment=\u00a0\u00bbcenter\u00a0\u00bb][\/vc_column][\/vc_row][vc_row css=\u00a0\u00bb.vc_custom_1761749068280{margin-bottom: 40px !important;}\u00a0\u00bb][vc_column [&hellip;]\" \/>\n<meta property=\"og:url\" content=\"https:\/\/cifreceramica.com\/fr\/stand-cersaie-2025\/\" \/>\n<meta property=\"og:site_name\" content=\"CIFRE CER\u00c1MICA\" \/>\n<meta property=\"article:publisher\" content=\"https:\/\/www.facebook.com\/Cifreceramica\/\" \/>\n<meta property=\"article:modified_time\" content=\"2025-10-30T08:39:32+00:00\" \/>\n<meta name=\"twitter:card\" content=\"summary_large_image\" \/>\n<meta name=\"twitter:site\" content=\"@cifreceramica\" \/>\n<meta name=\"twitter:label1\" content=\"Dur\u00e9e de lecture estim\u00e9e\" \/>\n\t<meta name=\"twitter:data1\" content=\"13 minutes\" \/>\n<script type=\"application\/ld+json\" class=\"yoast-schema-graph\">{\"@context\":\"https:\\\/\\\/schema.org\",\"@graph\":[{\"@type\":\"WebPage\",\"@id\":\"https:\\\/\\\/cifreceramica.com\\\/fr\\\/stand-cersaie-2025\\\/\",\"url\":\"https:\\\/\\\/cifreceramica.com\\\/fr\\\/stand-cersaie-2025\\\/\",\"name\":\"Stand Cersaie 2025 - CIFRE CER\u00c1MICA\",\"isPartOf\":{\"@id\":\"https:\\\/\\\/cifreceramica.com\\\/#website\"},\"datePublished\":\"2025-10-29T14:49:58+00:00\",\"dateModified\":\"2025-10-30T08:39:32+00:00\",\"breadcrumb\":{\"@id\":\"https:\\\/\\\/cifreceramica.com\\\/fr\\\/stand-cersaie-2025\\\/#breadcrumb\"},\"inLanguage\":\"fr-FR\",\"potentialAction\":[{\"@type\":\"ReadAction\",\"target\":[\"https:\\\/\\\/cifreceramica.com\\\/fr\\\/stand-cersaie-2025\\\/\"]}]},{\"@type\":\"BreadcrumbList\",\"@id\":\"https:\\\/\\\/cifreceramica.com\\\/fr\\\/stand-cersaie-2025\\\/#breadcrumb\",\"itemListElement\":[{\"@type\":\"ListItem\",\"position\":1,\"name\":\"Portada\",\"item\":\"https:\\\/\\\/cifreceramica.com\\\/fr\\\/\"},{\"@type\":\"ListItem\",\"position\":2,\"name\":\"Stand Cersaie 2025\"}]},{\"@type\":\"WebSite\",\"@id\":\"https:\\\/\\\/cifreceramica.com\\\/#website\",\"url\":\"https:\\\/\\\/cifreceramica.com\\\/\",\"name\":\"CIFRE CER\u00c1MICA\",\"description\":\"Azulejo, cer\u00e1mica, decoraci\u00f3n, pavimento, revestimiento\",\"publisher\":{\"@id\":\"https:\\\/\\\/cifreceramica.com\\\/#organization\"},\"potentialAction\":[{\"@type\":\"SearchAction\",\"target\":{\"@type\":\"EntryPoint\",\"urlTemplate\":\"https:\\\/\\\/cifreceramica.com\\\/?s={search_term_string}\"},\"query-input\":{\"@type\":\"PropertyValueSpecification\",\"valueRequired\":true,\"valueName\":\"search_term_string\"}}],\"inLanguage\":\"fr-FR\"},{\"@type\":\"Organization\",\"@id\":\"https:\\\/\\\/cifreceramica.com\\\/#organization\",\"name\":\"CIFRE CERAMICA SL.\",\"url\":\"https:\\\/\\\/cifreceramica.com\\\/\",\"logo\":{\"@type\":\"ImageObject\",\"inLanguage\":\"fr-FR\",\"@id\":\"https:\\\/\\\/cifreceramica.com\\\/#\\\/schema\\\/logo\\\/image\\\/\",\"url\":\"https:\\\/\\\/cifreceramica.com\\\/wp-content\\\/uploads\\\/2020\\\/03\\\/logo-cifre.jpg\",\"contentUrl\":\"https:\\\/\\\/cifreceramica.com\\\/wp-content\\\/uploads\\\/2020\\\/03\\\/logo-cifre.jpg\",\"width\":648,\"height\":320,\"caption\":\"CIFRE CERAMICA SL.\"},\"image\":{\"@id\":\"https:\\\/\\\/cifreceramica.com\\\/#\\\/schema\\\/logo\\\/image\\\/\"},\"sameAs\":[\"https:\\\/\\\/www.facebook.com\\\/Cifreceramica\\\/\",\"https:\\\/\\\/x.com\\\/cifreceramica\",\"https:\\\/\\\/www.instagram.com\\\/cifreceramica\\\/\",\"https:\\\/\\\/www.linkedin.com\\\/cifreceramica\",\"https:\\\/\\\/www.pinterest.es\\\/CifreReport\\\/_created\\\/\",\"https:\\\/\\\/www.youtube.com\\\/channel\\\/UC6T43U-C68ZKx58s-QVY0Eg\"]}]}<\/script>\n<!-- \/ Yoast SEO plugin. -->","yoast_head_json":{"title":"Stand Cersaie 2025 - CIFRE CER\u00c1MICA","robots":{"index":"index","follow":"follow","max-snippet":"max-snippet:-1","max-image-preview":"max-image-preview:large","max-video-preview":"max-video-preview:-1"},"canonical":"https:\/\/cifreceramica.com\/fr\/stand-cersaie-2025\/","og_locale":"fr_FR","og_type":"article","og_title":"Stand Cersaie 2025 - CIFRE CER\u00c1MICA","og_description":"[vc_row full_width=\u00a0\u00bbstretch_row_content\u00a0\u00bb el_class=\u00a0\u00bbbreadcrumb\u00a0\u00bb][vc_column][\/vc_column][\/vc_row][vc_row full_width=\u00a0\u00bbstretch_row_content\u00a0\u00bb css=\u00a0\u00bb.vc_custom_1761746186476{margin-top: 40px !important;}\u00a0\u00bb][vc_column width=\u00a0\u00bb1\/4&Prime;][\/vc_column][vc_column width=\u00a0\u00bb1\/2&Prime;][vc_single_image image=\u00a0\u00bb11830&Prime; img_size=\u00a0\u00bbfull\u00a0\u00bb alignment=\u00a0\u00bbcenter\u00a0\u00bb][vc_column_text] Cersaie 2025 \u00b7 Innovation, material and form. Un espace o\u00f9 le design est mis en valeur, o\u00f9 les textures inspirent et o\u00f9 chaque surface red\u00e9finit la fa\u00e7on dont nous habitons notre environnement. [\/vc_column_text][\/vc_column][vc_column width=\u00a0\u00bb1\/4&Prime;][\/vc_column][\/vc_row][vc_row css=\u00a0\u00bb.vc_custom_1761745882291{margin-bottom: 40px !important;}\u00a0\u00bb][vc_column][vc_single_image image=\u00a0\u00bb13240&Prime; img_size=\u00a0\u00bbfull\u00a0\u00bb alignment=\u00a0\u00bbcenter\u00a0\u00bb][\/vc_column][\/vc_row][vc_row css=\u00a0\u00bb.vc_custom_1761749068280{margin-bottom: 40px !important;}\u00a0\u00bb][vc_column [&hellip;]","og_url":"https:\/\/cifreceramica.com\/fr\/stand-cersaie-2025\/","og_site_name":"CIFRE CER\u00c1MICA","article_publisher":"https:\/\/www.facebook.com\/Cifreceramica\/","article_modified_time":"2025-10-30T08:39:32+00:00","twitter_card":"summary_large_image","twitter_site":"@cifreceramica","twitter_misc":{"Dur\u00e9e de lecture estim\u00e9e":"13 minutes"},"schema":{"@context":"https:\/\/schema.org","@graph":[{"@type":"WebPage","@id":"https:\/\/cifreceramica.com\/fr\/stand-cersaie-2025\/","url":"https:\/\/cifreceramica.com\/fr\/stand-cersaie-2025\/","name":"Stand Cersaie 2025 - CIFRE CER\u00c1MICA","isPartOf":{"@id":"https:\/\/cifreceramica.com\/#website"},"datePublished":"2025-10-29T14:49:58+00:00","dateModified":"2025-10-30T08:39:32+00:00","breadcrumb":{"@id":"https:\/\/cifreceramica.com\/fr\/stand-cersaie-2025\/#breadcrumb"},"inLanguage":"fr-FR","potentialAction":[{"@type":"ReadAction","target":["https:\/\/cifreceramica.com\/fr\/stand-cersaie-2025\/"]}]},{"@type":"BreadcrumbList","@id":"https:\/\/cifreceramica.com\/fr\/stand-cersaie-2025\/#breadcrumb","itemListElement":[{"@type":"ListItem","position":1,"name":"Portada","item":"https:\/\/cifreceramica.com\/fr\/"},{"@type":"ListItem","position":2,"name":"Stand Cersaie 2025"}]},{"@type":"WebSite","@id":"https:\/\/cifreceramica.com\/#website","url":"https:\/\/cifreceramica.com\/","name":"CIFRE CER\u00c1MICA","description":"Azulejo, cer\u00e1mica, decoraci\u00f3n, pavimento, revestimiento","publisher":{"@id":"https:\/\/cifreceramica.com\/#organization"},"potentialAction":[{"@type":"SearchAction","target":{"@type":"EntryPoint","urlTemplate":"https:\/\/cifreceramica.com\/?s={search_term_string}"},"query-input":{"@type":"PropertyValueSpecification","valueRequired":true,"valueName":"search_term_string"}}],"inLanguage":"fr-FR"},{"@type":"Organization","@id":"https:\/\/cifreceramica.com\/#organization","name":"CIFRE CERAMICA SL.","url":"https:\/\/cifreceramica.com\/","logo":{"@type":"ImageObject","inLanguage":"fr-FR","@id":"https:\/\/cifreceramica.com\/#\/schema\/logo\/image\/","url":"https:\/\/cifreceramica.com\/wp-content\/uploads\/2020\/03\/logo-cifre.jpg","contentUrl":"https:\/\/cifreceramica.com\/wp-content\/uploads\/2020\/03\/logo-cifre.jpg","width":648,"height":320,"caption":"CIFRE CERAMICA SL."},"image":{"@id":"https:\/\/cifreceramica.com\/#\/schema\/logo\/image\/"},"sameAs":["https:\/\/www.facebook.com\/Cifreceramica\/","https:\/\/x.com\/cifreceramica","https:\/\/www.instagram.com\/cifreceramica\/","https:\/\/www.linkedin.com\/cifreceramica","https:\/\/www.pinterest.es\/CifreReport\/_created\/","https:\/\/www.youtube.com\/channel\/UC6T43U-C68ZKx58s-QVY0Eg"]}]}},"_links":{"self":[{"href":"https:\/\/cifreceramica.com\/fr\/wp-json\/wp\/v2\/pages\/13255","targetHints":{"allow":["GET"]}}],"collection":[{"href":"https:\/\/cifreceramica.com\/fr\/wp-json\/wp\/v2\/pages"}],"about":[{"href":"https:\/\/cifreceramica.com\/fr\/wp-json\/wp\/v2\/types\/page"}],"author":[{"embeddable":true,"href":"https:\/\/cifreceramica.com\/fr\/wp-json\/wp\/v2\/users\/3"}],"replies":[{"embeddable":true,"href":"https:\/\/cifreceramica.com\/fr\/wp-json\/wp\/v2\/comments?post=13255"}],"version-history":[{"count":4,"href":"https:\/\/cifreceramica.com\/fr\/wp-json\/wp\/v2\/pages\/13255\/revisions"}],"predecessor-version":[{"id":13282,"href":"https:\/\/cifreceramica.com\/fr\/wp-json\/wp\/v2\/pages\/13255\/revisions\/13282"}],"wp:attachment":[{"href":"https:\/\/cifreceramica.com\/fr\/wp-json\/wp\/v2\/media?parent=13255"}],"curies":[{"name":"wp","href":"https:\/\/api.w.org\/{rel}","templated":true}]}}