{"id":11987,"date":"2024-07-16T16:13:45","date_gmt":"2024-07-16T14:13:45","guid":{"rendered":"https:\/\/cifreceramica.com\/?page_id=11987"},"modified":"2024-07-16T16:55:23","modified_gmt":"2024-07-16T14:55:23","slug":"speciales-pose-carreaux-dexposition-leau","status":"publish","type":"page","link":"https:\/\/cifreceramica.com\/fr\/speciales-pose-carreaux-dexposition-leau\/","title":{"rendered":"Recommandations sp\u00e9ciales pour la pose de carreaux en cas d\u2019exposition \u00e0 l\u2019eau:"},"content":{"rendered":"<p>[vc_row el_class=\u00a0\u00bbbreadcrumb\u00a0\u00bb][vc_column][\/vc_column][\/vc_row][vc_row][vc_column width=\u00a0\u00bb1\/3&Prime;][\/vc_column][vc_column width=\u00a0\u00bb1\/3&Prime;][vc_column_text]<\/p>\n<h1 style=\"text-align: center;\">Recommandations sp\u00e9ciales pour la pose de carreaux en cas d\u2019exposition \u00e0 l\u2019eau:<\/h1>\n<p>[\/vc_column_text][\/vc_column][vc_column width=\u00a0\u00bb1\/3&Prime;][\/vc_column][\/vc_row][vc_row][vc_column width=\u00a0\u00bb1\/3&Prime;][\/vc_column][vc_column width=\u00a0\u00bb1\/3&Prime;][vc_empty_space height=\u00a0\u00bb52px\u00a0\u00bb][vc_column_text]Quel que soit le type de mat\u00e9riau c\u00e9ramique choisi, il est essentiel que la pose du carrelage soit effectu\u00e9e avec les produits (colle et coulis) adapt\u00e9s \u00e0 ce type d\u2019application et en suivant une s\u00e9rie de recommandations pour \u00e9viter que l\u2019eau ne p\u00e9n\u00e8tre \u00e0 l\u2019int\u00e9rieur du carreau.<\/p>\n<p><strong>Colle:<\/strong><\/p>\n<p><em>Choix du produit:<\/em><\/p>\n<p>&#8211; En ce qui concerne le choix de l\u2019adh\u00e9sif, il convient d\u2019opter pour la d\u00e9nomination C2 ou C1, en choisissant la plus appropri\u00e9e en fonction des caract\u00e9ristiques du produit (format et absorption d\u2019eau) et du type de support (brique, b\u00e9ton, ciment, pl\u00e2tre, etc.). La norme UNE 138002 peut servir de support.<\/p>\n<p><em>Recommandations:<\/em><\/p>\n<p>&#8211; Inspecter les pi\u00e8ces avant la pose pour \u00e9viter qu\u2019elles ne soient mouill\u00e9es.<\/p>\n<p>&#8211; NE PAS pr\u00e9tremper les pi\u00e8ces avant l\u2019installation afin d\u2019obtenir une meilleure adh\u00e9rence.<\/p>\n<p>&#8211; M\u00e9langer avec la quantit\u00e9 d\u2019eau recommand\u00e9e par le fabricant.<\/p>\n<p>&#8211; Utiliser les millim\u00e8tres recommand\u00e9s par le fabricant dans la couche de colle.<\/p>\n<p><strong>Jointoiement:<\/strong><\/p>\n<p>Dans ce type d\u2019applications o\u00f9 le mat\u00e9riau sera en contact avec l\u2019eau pendant son utilisation (salles de bains, douches, etc.), le jointoiement rev\u00eat une importance particuli\u00e8re et c\u2019est pourquoi nous rassemblons dans ce document une s\u00e9rie de produits et de techniques importants \u00e0 prendre en compte pour que l\u2019eau ne p\u00e9n\u00e8tre pas \u00e0 l\u2019int\u00e9rieur du carreau en cr\u00e9ant des taches d\u2019humidit\u00e9 visibles ou en g\u00e9n\u00e9rant de la moisissure dans les joints.<\/p>\n<p><em>S\u00e9lection des produits:<\/em><\/p>\n<p>&#8211; Dans les conditions d\u2019utilisation domestique dans les pi\u00e8ces humides, nous utiliserons un coulis \u00e0 base de ciment am\u00e9lior\u00e9 avec des propri\u00e9t\u00e9s suppl\u00e9mentaires de prise rapide, d\u2019absorption d\u2019eau r\u00e9duite et de r\u00e9sistance \u00e0 l\u2019abrasion \u00e9lev\u00e9e CG2FWA.<\/p>\n<p>&#8211; Pour les rev\u00eatements n\u00e9cessitant une \u00e9tanch\u00e9it\u00e9 \u00e0 l\u2019eau et \u00e0 la vapeur, nous utiliserons un mortier de jointoiement \u00e0 base de r\u00e9sine r\u00e9active RG, car il s\u2019agit de deux des caract\u00e9ristiques que pr\u00e9sentent ces mat\u00e9riaux en particulier : l\u2019\u00e9tanch\u00e9it\u00e9 \u00e0 l\u2019eau et \u00e0 la vapeur.<\/p>\n<p><em>Recommandations:<\/em><\/p>\n<p>&#8211; La r\u00e9sine r\u00e9active de type \u00e9poxy RG sera toujours plus \u00e9tanche que le coulis CG2FWA, mais il faudra \u00e9galement utiliser plus d\u2019eau pour le nettoyage apr\u00e8s le travail et cela pourrait poser des probl\u00e8mes dans des cas particuliers o\u00f9 le mat\u00e9riau rectifi\u00e9 ou les c\u00f4t\u00e9s fra\u00eechement coup\u00e9s pourraient absorber de l\u2019eau au niveau du bord de la surface.<\/p>\n<p>&#8211; Le m\u00e9lange doit \u00eatre effectu\u00e9 conform\u00e9ment aux recommandations du fabricant, sans ajouter plus ou moins d\u2019eau.<\/p>\n<p>&#8211; Le m\u00e9lange doit \u00eatre bien agit\u00e9 pour s\u2019assurer que tout le coulis a les m\u00eames propri\u00e9t\u00e9s.<\/p>\n<p>&#8211; Le joint doit \u00eatre rempli de mat\u00e9riau sur toute sa profondeur, au ras du bord de la pi\u00e8ce, et il faut veiller \u00e0 nettoyer et \u00e0 ne pas enlever de mat\u00e9riau.<\/p>\n<p>&nbsp;<\/p>\n<p>Voici deux coulis recommand\u00e9s par MAPEI. Un exemple de chaque type :[\/vc_column_text][\/vc_column][vc_column width=\u00a0\u00bb1\/3&Prime;][\/vc_column][\/vc_row][vc_row][vc_column width=\u00a0\u00bb1\/6&Prime;][\/vc_column][vc_column width=\u00a0\u00bb1\/6&Prime;][\/vc_column][vc_column width=\u00a0\u00bb1\/6&Prime;][vc_column_text]<a href=\"https:\/\/www.mapei.com\/es\/es\/productos-y-soluciones\/lista-de-productos\/detalles-del-producto\/ultracolor-plus\">ULTRACOLOR PLUS CG2FWA<\/a>[\/vc_column_text][vc_single_image image=\u00a0\u00bb11973&Prime; img_size=\u00a0\u00bbmedium\u00a0\u00bb][\/vc_column][vc_column width=\u00a0\u00bb1\/6&Prime;][vc_column_text]<a href=\"https:\/\/www.mapei.com\/es\/es\/productos-y-soluciones\/lista-de-productos\/detalles-del-producto\/kerapoxy-easy-design\">KERAPOXY EASY DESIGN RG<\/a>[\/vc_column_text][vc_single_image image=\u00a0\u00bb11977&Prime;][\/vc_column][vc_column width=\u00a0\u00bb1\/6&Prime;][\/vc_column][vc_column width=\u00a0\u00bb1\/6&Prime;][\/vc_column][\/vc_row]<\/p>\n","protected":false},"excerpt":{"rendered":"<p>[vc_row el_class=\u00a0\u00bbbreadcrumb\u00a0\u00bb][vc_column][\/vc_column][\/vc_row][vc_row][vc_column width=\u00a0\u00bb1\/3&Prime;][\/vc_column][vc_column width=\u00a0\u00bb1\/3&Prime;][vc_column_text] Recommandations sp\u00e9ciales pour la pose de carreaux en cas d\u2019exposition \u00e0 l\u2019eau: [\/vc_column_text][\/vc_column][vc_column width=\u00a0\u00bb1\/3&Prime;][\/vc_column][\/vc_row][vc_row][vc_column width=\u00a0\u00bb1\/3&Prime;][\/vc_column][vc_column width=\u00a0\u00bb1\/3&Prime;][vc_empty_space height=\u00a0\u00bb52px\u00a0\u00bb][vc_column_text]Quel que soit le type de mat\u00e9riau c\u00e9ramique choisi, il est essentiel que la pose du carrelage soit effectu\u00e9e avec les produits (colle et coulis) adapt\u00e9s \u00e0 ce type d\u2019application et en suivant une s\u00e9rie [&hellip;]<\/p>\n","protected":false},"author":3,"featured_media":0,"parent":0,"menu_order":0,"comment_status":"closed","ping_status":"closed","template":"","meta":{"footnotes":""},"class_list":["post-11987","page","type-page","status-publish","hentry"],"yoast_head":"<!-- This site is optimized with the Yoast SEO plugin v27.4 - https:\/\/yoast.com\/product\/yoast-seo-wordpress\/ -->\n<title>Recommandations sp\u00e9ciales pour la pose de carreaux en cas d\u2019exposition \u00e0 l\u2019eau: - CIFRE CER\u00c1MICA<\/title>\n<meta name=\"robots\" content=\"index, follow, max-snippet:-1, max-image-preview:large, max-video-preview:-1\" \/>\n<link rel=\"canonical\" href=\"https:\/\/cifreceramica.com\/fr\/speciales-pose-carreaux-dexposition-leau\/\" \/>\n<meta property=\"og:locale\" content=\"fr_FR\" \/>\n<meta property=\"og:type\" content=\"article\" \/>\n<meta property=\"og:title\" content=\"Recommandations sp\u00e9ciales pour la pose de carreaux en cas d\u2019exposition \u00e0 l\u2019eau: - CIFRE CER\u00c1MICA\" \/>\n<meta property=\"og:description\" content=\"[vc_row el_class=\u00a0\u00bbbreadcrumb\u00a0\u00bb][vc_column][\/vc_column][\/vc_row][vc_row][vc_column width=\u00a0\u00bb1\/3&Prime;][\/vc_column][vc_column width=\u00a0\u00bb1\/3&Prime;][vc_column_text] Recommandations sp\u00e9ciales pour la pose de carreaux en cas d\u2019exposition \u00e0 l\u2019eau: [\/vc_column_text][\/vc_column][vc_column width=\u00a0\u00bb1\/3&Prime;][\/vc_column][\/vc_row][vc_row][vc_column width=\u00a0\u00bb1\/3&Prime;][\/vc_column][vc_column width=\u00a0\u00bb1\/3&Prime;][vc_empty_space height=\u00a0\u00bb52px\u00a0\u00bb][vc_column_text]Quel que soit le type de mat\u00e9riau c\u00e9ramique choisi, il est essentiel que la pose du carrelage soit effectu\u00e9e avec les produits (colle et coulis) adapt\u00e9s \u00e0 ce type d\u2019application et en suivant une s\u00e9rie [&hellip;]\" \/>\n<meta property=\"og:url\" content=\"https:\/\/cifreceramica.com\/fr\/speciales-pose-carreaux-dexposition-leau\/\" \/>\n<meta property=\"og:site_name\" content=\"CIFRE CER\u00c1MICA\" \/>\n<meta property=\"article:publisher\" content=\"https:\/\/www.facebook.com\/Cifreceramica\/\" \/>\n<meta property=\"article:modified_time\" content=\"2024-07-16T14:55:23+00:00\" \/>\n<meta name=\"twitter:card\" content=\"summary_large_image\" \/>\n<meta name=\"twitter:site\" content=\"@cifreceramica\" \/>\n<meta name=\"twitter:label1\" content=\"Dur\u00e9e de lecture estim\u00e9e\" \/>\n\t<meta name=\"twitter:data1\" content=\"3 minutes\" \/>\n<script type=\"application\/ld+json\" class=\"yoast-schema-graph\">{\"@context\":\"https:\\\/\\\/schema.org\",\"@graph\":[{\"@type\":\"WebPage\",\"@id\":\"https:\\\/\\\/cifreceramica.com\\\/fr\\\/speciales-pose-carreaux-dexposition-leau\\\/\",\"url\":\"https:\\\/\\\/cifreceramica.com\\\/fr\\\/speciales-pose-carreaux-dexposition-leau\\\/\",\"name\":\"Recommandations sp\u00e9ciales pour la pose de carreaux en cas d\u2019exposition \u00e0 l\u2019eau: - CIFRE CER\u00c1MICA\",\"isPartOf\":{\"@id\":\"https:\\\/\\\/cifreceramica.com\\\/#website\"},\"datePublished\":\"2024-07-16T14:13:45+00:00\",\"dateModified\":\"2024-07-16T14:55:23+00:00\",\"breadcrumb\":{\"@id\":\"https:\\\/\\\/cifreceramica.com\\\/fr\\\/speciales-pose-carreaux-dexposition-leau\\\/#breadcrumb\"},\"inLanguage\":\"fr-FR\",\"potentialAction\":[{\"@type\":\"ReadAction\",\"target\":[\"https:\\\/\\\/cifreceramica.com\\\/fr\\\/speciales-pose-carreaux-dexposition-leau\\\/\"]}]},{\"@type\":\"BreadcrumbList\",\"@id\":\"https:\\\/\\\/cifreceramica.com\\\/fr\\\/speciales-pose-carreaux-dexposition-leau\\\/#breadcrumb\",\"itemListElement\":[{\"@type\":\"ListItem\",\"position\":1,\"name\":\"Portada\",\"item\":\"https:\\\/\\\/cifreceramica.com\\\/fr\\\/\"},{\"@type\":\"ListItem\",\"position\":2,\"name\":\"Recommandations sp\u00e9ciales pour la pose de carreaux en cas d\u2019exposition \u00e0 l\u2019eau:\"}]},{\"@type\":\"WebSite\",\"@id\":\"https:\\\/\\\/cifreceramica.com\\\/#website\",\"url\":\"https:\\\/\\\/cifreceramica.com\\\/\",\"name\":\"CIFRE CER\u00c1MICA\",\"description\":\"Azulejo, cer\u00e1mica, decoraci\u00f3n, pavimento, revestimiento\",\"publisher\":{\"@id\":\"https:\\\/\\\/cifreceramica.com\\\/#organization\"},\"potentialAction\":[{\"@type\":\"SearchAction\",\"target\":{\"@type\":\"EntryPoint\",\"urlTemplate\":\"https:\\\/\\\/cifreceramica.com\\\/?s={search_term_string}\"},\"query-input\":{\"@type\":\"PropertyValueSpecification\",\"valueRequired\":true,\"valueName\":\"search_term_string\"}}],\"inLanguage\":\"fr-FR\"},{\"@type\":\"Organization\",\"@id\":\"https:\\\/\\\/cifreceramica.com\\\/#organization\",\"name\":\"CIFRE CERAMICA SL.\",\"url\":\"https:\\\/\\\/cifreceramica.com\\\/\",\"logo\":{\"@type\":\"ImageObject\",\"inLanguage\":\"fr-FR\",\"@id\":\"https:\\\/\\\/cifreceramica.com\\\/#\\\/schema\\\/logo\\\/image\\\/\",\"url\":\"https:\\\/\\\/cifreceramica.com\\\/wp-content\\\/uploads\\\/2020\\\/03\\\/logo-cifre.jpg\",\"contentUrl\":\"https:\\\/\\\/cifreceramica.com\\\/wp-content\\\/uploads\\\/2020\\\/03\\\/logo-cifre.jpg\",\"width\":648,\"height\":320,\"caption\":\"CIFRE CERAMICA SL.\"},\"image\":{\"@id\":\"https:\\\/\\\/cifreceramica.com\\\/#\\\/schema\\\/logo\\\/image\\\/\"},\"sameAs\":[\"https:\\\/\\\/www.facebook.com\\\/Cifreceramica\\\/\",\"https:\\\/\\\/x.com\\\/cifreceramica\",\"https:\\\/\\\/www.instagram.com\\\/cifreceramica\\\/\",\"https:\\\/\\\/www.linkedin.com\\\/cifreceramica\",\"https:\\\/\\\/www.pinterest.es\\\/CifreReport\\\/_created\\\/\",\"https:\\\/\\\/www.youtube.com\\\/channel\\\/UC6T43U-C68ZKx58s-QVY0Eg\"]}]}<\/script>\n<!-- \/ Yoast SEO plugin. -->","yoast_head_json":{"title":"Recommandations sp\u00e9ciales pour la pose de carreaux en cas d\u2019exposition \u00e0 l\u2019eau: - CIFRE CER\u00c1MICA","robots":{"index":"index","follow":"follow","max-snippet":"max-snippet:-1","max-image-preview":"max-image-preview:large","max-video-preview":"max-video-preview:-1"},"canonical":"https:\/\/cifreceramica.com\/fr\/speciales-pose-carreaux-dexposition-leau\/","og_locale":"fr_FR","og_type":"article","og_title":"Recommandations sp\u00e9ciales pour la pose de carreaux en cas d\u2019exposition \u00e0 l\u2019eau: - CIFRE CER\u00c1MICA","og_description":"[vc_row el_class=\u00a0\u00bbbreadcrumb\u00a0\u00bb][vc_column][\/vc_column][\/vc_row][vc_row][vc_column width=\u00a0\u00bb1\/3&Prime;][\/vc_column][vc_column width=\u00a0\u00bb1\/3&Prime;][vc_column_text] Recommandations sp\u00e9ciales pour la pose de carreaux en cas d\u2019exposition \u00e0 l\u2019eau: [\/vc_column_text][\/vc_column][vc_column width=\u00a0\u00bb1\/3&Prime;][\/vc_column][\/vc_row][vc_row][vc_column width=\u00a0\u00bb1\/3&Prime;][\/vc_column][vc_column width=\u00a0\u00bb1\/3&Prime;][vc_empty_space height=\u00a0\u00bb52px\u00a0\u00bb][vc_column_text]Quel que soit le type de mat\u00e9riau c\u00e9ramique choisi, il est essentiel que la pose du carrelage soit effectu\u00e9e avec les produits (colle et coulis) adapt\u00e9s \u00e0 ce type d\u2019application et en suivant une s\u00e9rie [&hellip;]","og_url":"https:\/\/cifreceramica.com\/fr\/speciales-pose-carreaux-dexposition-leau\/","og_site_name":"CIFRE CER\u00c1MICA","article_publisher":"https:\/\/www.facebook.com\/Cifreceramica\/","article_modified_time":"2024-07-16T14:55:23+00:00","twitter_card":"summary_large_image","twitter_site":"@cifreceramica","twitter_misc":{"Dur\u00e9e de lecture estim\u00e9e":"3 minutes"},"schema":{"@context":"https:\/\/schema.org","@graph":[{"@type":"WebPage","@id":"https:\/\/cifreceramica.com\/fr\/speciales-pose-carreaux-dexposition-leau\/","url":"https:\/\/cifreceramica.com\/fr\/speciales-pose-carreaux-dexposition-leau\/","name":"Recommandations sp\u00e9ciales pour la pose de carreaux en cas d\u2019exposition \u00e0 l\u2019eau: - CIFRE CER\u00c1MICA","isPartOf":{"@id":"https:\/\/cifreceramica.com\/#website"},"datePublished":"2024-07-16T14:13:45+00:00","dateModified":"2024-07-16T14:55:23+00:00","breadcrumb":{"@id":"https:\/\/cifreceramica.com\/fr\/speciales-pose-carreaux-dexposition-leau\/#breadcrumb"},"inLanguage":"fr-FR","potentialAction":[{"@type":"ReadAction","target":["https:\/\/cifreceramica.com\/fr\/speciales-pose-carreaux-dexposition-leau\/"]}]},{"@type":"BreadcrumbList","@id":"https:\/\/cifreceramica.com\/fr\/speciales-pose-carreaux-dexposition-leau\/#breadcrumb","itemListElement":[{"@type":"ListItem","position":1,"name":"Portada","item":"https:\/\/cifreceramica.com\/fr\/"},{"@type":"ListItem","position":2,"name":"Recommandations sp\u00e9ciales pour la pose de carreaux en cas d\u2019exposition \u00e0 l\u2019eau:"}]},{"@type":"WebSite","@id":"https:\/\/cifreceramica.com\/#website","url":"https:\/\/cifreceramica.com\/","name":"CIFRE CER\u00c1MICA","description":"Azulejo, cer\u00e1mica, decoraci\u00f3n, pavimento, revestimiento","publisher":{"@id":"https:\/\/cifreceramica.com\/#organization"},"potentialAction":[{"@type":"SearchAction","target":{"@type":"EntryPoint","urlTemplate":"https:\/\/cifreceramica.com\/?s={search_term_string}"},"query-input":{"@type":"PropertyValueSpecification","valueRequired":true,"valueName":"search_term_string"}}],"inLanguage":"fr-FR"},{"@type":"Organization","@id":"https:\/\/cifreceramica.com\/#organization","name":"CIFRE CERAMICA SL.","url":"https:\/\/cifreceramica.com\/","logo":{"@type":"ImageObject","inLanguage":"fr-FR","@id":"https:\/\/cifreceramica.com\/#\/schema\/logo\/image\/","url":"https:\/\/cifreceramica.com\/wp-content\/uploads\/2020\/03\/logo-cifre.jpg","contentUrl":"https:\/\/cifreceramica.com\/wp-content\/uploads\/2020\/03\/logo-cifre.jpg","width":648,"height":320,"caption":"CIFRE CERAMICA SL."},"image":{"@id":"https:\/\/cifreceramica.com\/#\/schema\/logo\/image\/"},"sameAs":["https:\/\/www.facebook.com\/Cifreceramica\/","https:\/\/x.com\/cifreceramica","https:\/\/www.instagram.com\/cifreceramica\/","https:\/\/www.linkedin.com\/cifreceramica","https:\/\/www.pinterest.es\/CifreReport\/_created\/","https:\/\/www.youtube.com\/channel\/UC6T43U-C68ZKx58s-QVY0Eg"]}]}},"_links":{"self":[{"href":"https:\/\/cifreceramica.com\/fr\/wp-json\/wp\/v2\/pages\/11987","targetHints":{"allow":["GET"]}}],"collection":[{"href":"https:\/\/cifreceramica.com\/fr\/wp-json\/wp\/v2\/pages"}],"about":[{"href":"https:\/\/cifreceramica.com\/fr\/wp-json\/wp\/v2\/types\/page"}],"author":[{"embeddable":true,"href":"https:\/\/cifreceramica.com\/fr\/wp-json\/wp\/v2\/users\/3"}],"replies":[{"embeddable":true,"href":"https:\/\/cifreceramica.com\/fr\/wp-json\/wp\/v2\/comments?post=11987"}],"version-history":[{"count":7,"href":"https:\/\/cifreceramica.com\/fr\/wp-json\/wp\/v2\/pages\/11987\/revisions"}],"predecessor-version":[{"id":12007,"href":"https:\/\/cifreceramica.com\/fr\/wp-json\/wp\/v2\/pages\/11987\/revisions\/12007"}],"wp:attachment":[{"href":"https:\/\/cifreceramica.com\/fr\/wp-json\/wp\/v2\/media?parent=11987"}],"curies":[{"name":"wp","href":"https:\/\/api.w.org\/{rel}","templated":true}]}}