{"id":10826,"date":"2023-09-21T16:07:28","date_gmt":"2023-09-21T14:07:28","guid":{"rendered":"https:\/\/cifreceramica.com\/?page_id=10826"},"modified":"2023-09-22T08:22:35","modified_gmt":"2023-09-22T06:22:35","slug":"stock-tiendas","status":"publish","type":"page","link":"https:\/\/cifreceramica.com\/fr\/stock-tiendas\/","title":{"rendered":"Stock Tiendas"},"content":{"rendered":"<p>[vc_row full_width=\u00a0\u00bbstretch_row_content\u00a0\u00bb el_class=\u00a0\u00bbbreadcrumb\u00a0\u00bb][vc_column][\/vc_column][\/vc_row][vc_row][vc_column width=\u00a0\u00bb1\/3&Prime;][\/vc_column][vc_column width=\u00a0\u00bb1\/3&Prime;][vc_column_text]<\/p>\n<h1 style=\"text-align: center;\">Stock dans les magasins<\/h1>\n<p style=\"text-align: center;\">Cifre Cer\u00e1mica offre aux distributeurs Cifre Stock, un nouvel outil num\u00e9rique pour conna\u00eetre le stock de produits.<\/p>\n<p style=\"text-align: center;\">Ce site est con\u00e7u pour fonctionner avec des mobiles ou des tablettes, copiez ce lien dans le navigateur de votre mobile ou tablette et sauvegardez-le dans vos favoris. Vous acc\u00e9derez ainsi plus rapidement au site.<\/p>\n<p style=\"text-align: center;\"><a href=\"https:\/\/cifreceramica.com\/tiendas.\"><strong>https:\/\/cifreceramica.com\/tiendas.<\/strong><\/a><\/p>\n<p>[\/vc_column_text][\/vc_column][vc_column width=\u00a0\u00bb1\/3&Prime;][\/vc_column][\/vc_row][vc_row el_class=\u00a0\u00bbbloque\u00a0\u00bb][vc_column][vc_single_image image=\u00a0\u00bb10809&Prime; img_size=\u00a0\u00bbfull\u00a0\u00bb alignment=\u00a0\u00bbcenter\u00a0\u00bb][\/vc_column][\/vc_row][vc_row full_width=\u00a0\u00bbstretch_row\u00a0\u00bb][vc_column width=\u00a0\u00bb1\/4&Prime;][\/vc_column][vc_column width=\u00a0\u00bb1\/2&Prime;][vc_column_text]<\/p>\n<p style=\"text-align: center;\">Cette nouvelle fonctionnalit\u00e9, h\u00e9berg\u00e9e sur le web, fonctionne gr\u00e2ce aux QR codes situ\u00e9s sur les panneaux des magasins.<\/p>\n<p style=\"text-align: center;\">Ainsi, pour conna\u00eetre le stock d&rsquo;une pi\u00e8ce, il suffit de scanner le code \u00e0 l&rsquo;aide de son t\u00e9l\u00e9phone portable. Une fois dans l&rsquo;application, l&rsquo;utilisateur peut choisir le mod\u00e8le sp\u00e9cifique ou filtrer par des param\u00e8tres tels que le format, la finition ou la couleur. En plus du stock, l&rsquo;utilisateur peut consulter d&rsquo;autres informations sur les caract\u00e9ristiques techniques de chaque produit.<\/p>\n<p style=\"text-align: center;\">Avec ce nouvel outil, Cifre Cer\u00e1mica souhaite faciliter l&rsquo;information du personnel de l&rsquo;\u00e9tablissement, ainsi qu&rsquo;acc\u00e9l\u00e9rer les commandes.<\/p>\n<p style=\"text-align: center;\">De plus, il permet de conna\u00eetre, m\u00eame en pr\u00e9sence du client, le stock disponible. Cela facilite le travail des distributeurs et acc\u00e9l\u00e8re les ventes.<\/p>\n<p style=\"text-align: center;\">L&rsquo;acc\u00e8s \u00e0 CifreStock se fait \u00e0 partir du menu de notre site web ou via l&rsquo;adresse suivante : https:\/\/cifreceramica.com\/tiendas.<\/p>\n<p style=\"text-align: center;\">L&rsquo;utilisation de l&rsquo;outil est gratuite et il n&rsquo;est pas n\u00e9cessaire d&rsquo;avoir un nom d&rsquo;utilisateur et un mot de passe, il suffit d&rsquo;acc\u00e9der \u00e0 l&rsquo;url et de suivre les \u00e9tapes indiqu\u00e9es dans l&rsquo;interface.<\/p>\n<p style=\"text-align: center;\">Le site est disponible en 4 langues : espagnol, anglais, fran\u00e7ais et allemand.<\/p>\n<p>[\/vc_column_text][\/vc_column][vc_column width=\u00a0\u00bb1\/4&Prime;][\/vc_column][\/vc_row][vc_row full_width=\u00a0\u00bbstretch_row_content\u00a0\u00bb el_class=\u00a0\u00bbboton_negro\u00a0\u00bb][vc_column][vc_btn title=\u00a0\u00bbT\u00e9l\u00e9charger le manuel\u00a0\u00bb align=\u00a0\u00bbcenter\u00a0\u00bb css_animation=\u00a0\u00bbnone\u00a0\u00bb link=\u00a0\u00bburl:https%3A%2F%2Fcifreceramica.com%2Fwp-content%2Fuploads%2F2023%2F09%2FMANUAL_APP_TIENDAS_FR.pdf|target:_blank\u00a0\u00bb][\/vc_column][\/vc_row]<\/p>\n","protected":false},"excerpt":{"rendered":"<p>[vc_row full_width=\u00a0\u00bbstretch_row_content\u00a0\u00bb el_class=\u00a0\u00bbbreadcrumb\u00a0\u00bb][vc_column][\/vc_column][\/vc_row][vc_row][vc_column width=\u00a0\u00bb1\/3&Prime;][\/vc_column][vc_column width=\u00a0\u00bb1\/3&Prime;][vc_column_text] Stock dans les magasins Cifre Cer\u00e1mica offre aux distributeurs Cifre Stock, un nouvel outil num\u00e9rique pour conna\u00eetre le stock de produits. Ce site est con\u00e7u pour fonctionner avec des mobiles ou des tablettes, copiez ce lien dans le navigateur de votre mobile ou tablette et sauvegardez-le dans vos favoris. Vous [&hellip;]<\/p>\n","protected":false},"author":3,"featured_media":0,"parent":0,"menu_order":0,"comment_status":"closed","ping_status":"closed","template":"","meta":{"footnotes":""},"class_list":["post-10826","page","type-page","status-publish","hentry"],"yoast_head":"<!-- This site is optimized with the Yoast SEO plugin v27.4 - https:\/\/yoast.com\/product\/yoast-seo-wordpress\/ -->\n<title>Stock Tiendas - CIFRE CER\u00c1MICA<\/title>\n<meta name=\"robots\" content=\"index, follow, max-snippet:-1, max-image-preview:large, max-video-preview:-1\" \/>\n<link rel=\"canonical\" href=\"https:\/\/cifreceramica.com\/fr\/stock-tiendas\/\" \/>\n<meta property=\"og:locale\" content=\"fr_FR\" \/>\n<meta property=\"og:type\" content=\"article\" \/>\n<meta property=\"og:title\" content=\"Stock Tiendas - CIFRE CER\u00c1MICA\" \/>\n<meta property=\"og:description\" content=\"[vc_row full_width=\u00a0\u00bbstretch_row_content\u00a0\u00bb el_class=\u00a0\u00bbbreadcrumb\u00a0\u00bb][vc_column][\/vc_column][\/vc_row][vc_row][vc_column width=\u00a0\u00bb1\/3&Prime;][\/vc_column][vc_column width=\u00a0\u00bb1\/3&Prime;][vc_column_text] Stock dans les magasins Cifre Cer\u00e1mica offre aux distributeurs Cifre Stock, un nouvel outil num\u00e9rique pour conna\u00eetre le stock de produits. Ce site est con\u00e7u pour fonctionner avec des mobiles ou des tablettes, copiez ce lien dans le navigateur de votre mobile ou tablette et sauvegardez-le dans vos favoris. Vous [&hellip;]\" \/>\n<meta property=\"og:url\" content=\"https:\/\/cifreceramica.com\/fr\/stock-tiendas\/\" \/>\n<meta property=\"og:site_name\" content=\"CIFRE CER\u00c1MICA\" \/>\n<meta property=\"article:publisher\" content=\"https:\/\/www.facebook.com\/Cifreceramica\/\" \/>\n<meta property=\"article:modified_time\" content=\"2023-09-22T06:22:35+00:00\" \/>\n<meta name=\"twitter:card\" content=\"summary_large_image\" \/>\n<meta name=\"twitter:site\" content=\"@cifreceramica\" \/>\n<meta name=\"twitter:label1\" content=\"Dur\u00e9e de lecture estim\u00e9e\" \/>\n\t<meta name=\"twitter:data1\" content=\"2 minutes\" \/>\n<script type=\"application\/ld+json\" class=\"yoast-schema-graph\">{\"@context\":\"https:\\\/\\\/schema.org\",\"@graph\":[{\"@type\":\"WebPage\",\"@id\":\"https:\\\/\\\/cifreceramica.com\\\/fr\\\/stock-tiendas\\\/\",\"url\":\"https:\\\/\\\/cifreceramica.com\\\/fr\\\/stock-tiendas\\\/\",\"name\":\"Stock Tiendas - CIFRE CER\u00c1MICA\",\"isPartOf\":{\"@id\":\"https:\\\/\\\/cifreceramica.com\\\/#website\"},\"datePublished\":\"2023-09-21T14:07:28+00:00\",\"dateModified\":\"2023-09-22T06:22:35+00:00\",\"breadcrumb\":{\"@id\":\"https:\\\/\\\/cifreceramica.com\\\/fr\\\/stock-tiendas\\\/#breadcrumb\"},\"inLanguage\":\"fr-FR\",\"potentialAction\":[{\"@type\":\"ReadAction\",\"target\":[\"https:\\\/\\\/cifreceramica.com\\\/fr\\\/stock-tiendas\\\/\"]}]},{\"@type\":\"BreadcrumbList\",\"@id\":\"https:\\\/\\\/cifreceramica.com\\\/fr\\\/stock-tiendas\\\/#breadcrumb\",\"itemListElement\":[{\"@type\":\"ListItem\",\"position\":1,\"name\":\"Portada\",\"item\":\"https:\\\/\\\/cifreceramica.com\\\/fr\\\/\"},{\"@type\":\"ListItem\",\"position\":2,\"name\":\"Stock Tiendas\"}]},{\"@type\":\"WebSite\",\"@id\":\"https:\\\/\\\/cifreceramica.com\\\/#website\",\"url\":\"https:\\\/\\\/cifreceramica.com\\\/\",\"name\":\"CIFRE CER\u00c1MICA\",\"description\":\"Azulejo, cer\u00e1mica, decoraci\u00f3n, pavimento, revestimiento\",\"publisher\":{\"@id\":\"https:\\\/\\\/cifreceramica.com\\\/#organization\"},\"potentialAction\":[{\"@type\":\"SearchAction\",\"target\":{\"@type\":\"EntryPoint\",\"urlTemplate\":\"https:\\\/\\\/cifreceramica.com\\\/?s={search_term_string}\"},\"query-input\":{\"@type\":\"PropertyValueSpecification\",\"valueRequired\":true,\"valueName\":\"search_term_string\"}}],\"inLanguage\":\"fr-FR\"},{\"@type\":\"Organization\",\"@id\":\"https:\\\/\\\/cifreceramica.com\\\/#organization\",\"name\":\"CIFRE CERAMICA SL.\",\"url\":\"https:\\\/\\\/cifreceramica.com\\\/\",\"logo\":{\"@type\":\"ImageObject\",\"inLanguage\":\"fr-FR\",\"@id\":\"https:\\\/\\\/cifreceramica.com\\\/#\\\/schema\\\/logo\\\/image\\\/\",\"url\":\"https:\\\/\\\/cifreceramica.com\\\/wp-content\\\/uploads\\\/2020\\\/03\\\/logo-cifre.jpg\",\"contentUrl\":\"https:\\\/\\\/cifreceramica.com\\\/wp-content\\\/uploads\\\/2020\\\/03\\\/logo-cifre.jpg\",\"width\":648,\"height\":320,\"caption\":\"CIFRE CERAMICA SL.\"},\"image\":{\"@id\":\"https:\\\/\\\/cifreceramica.com\\\/#\\\/schema\\\/logo\\\/image\\\/\"},\"sameAs\":[\"https:\\\/\\\/www.facebook.com\\\/Cifreceramica\\\/\",\"https:\\\/\\\/x.com\\\/cifreceramica\",\"https:\\\/\\\/www.instagram.com\\\/cifreceramica\\\/\",\"https:\\\/\\\/www.linkedin.com\\\/cifreceramica\",\"https:\\\/\\\/www.pinterest.es\\\/CifreReport\\\/_created\\\/\",\"https:\\\/\\\/www.youtube.com\\\/channel\\\/UC6T43U-C68ZKx58s-QVY0Eg\"]}]}<\/script>\n<!-- \/ Yoast SEO plugin. -->","yoast_head_json":{"title":"Stock Tiendas - CIFRE CER\u00c1MICA","robots":{"index":"index","follow":"follow","max-snippet":"max-snippet:-1","max-image-preview":"max-image-preview:large","max-video-preview":"max-video-preview:-1"},"canonical":"https:\/\/cifreceramica.com\/fr\/stock-tiendas\/","og_locale":"fr_FR","og_type":"article","og_title":"Stock Tiendas - CIFRE CER\u00c1MICA","og_description":"[vc_row full_width=\u00a0\u00bbstretch_row_content\u00a0\u00bb el_class=\u00a0\u00bbbreadcrumb\u00a0\u00bb][vc_column][\/vc_column][\/vc_row][vc_row][vc_column width=\u00a0\u00bb1\/3&Prime;][\/vc_column][vc_column width=\u00a0\u00bb1\/3&Prime;][vc_column_text] Stock dans les magasins Cifre Cer\u00e1mica offre aux distributeurs Cifre Stock, un nouvel outil num\u00e9rique pour conna\u00eetre le stock de produits. Ce site est con\u00e7u pour fonctionner avec des mobiles ou des tablettes, copiez ce lien dans le navigateur de votre mobile ou tablette et sauvegardez-le dans vos favoris. Vous [&hellip;]","og_url":"https:\/\/cifreceramica.com\/fr\/stock-tiendas\/","og_site_name":"CIFRE CER\u00c1MICA","article_publisher":"https:\/\/www.facebook.com\/Cifreceramica\/","article_modified_time":"2023-09-22T06:22:35+00:00","twitter_card":"summary_large_image","twitter_site":"@cifreceramica","twitter_misc":{"Dur\u00e9e de lecture estim\u00e9e":"2 minutes"},"schema":{"@context":"https:\/\/schema.org","@graph":[{"@type":"WebPage","@id":"https:\/\/cifreceramica.com\/fr\/stock-tiendas\/","url":"https:\/\/cifreceramica.com\/fr\/stock-tiendas\/","name":"Stock Tiendas - CIFRE CER\u00c1MICA","isPartOf":{"@id":"https:\/\/cifreceramica.com\/#website"},"datePublished":"2023-09-21T14:07:28+00:00","dateModified":"2023-09-22T06:22:35+00:00","breadcrumb":{"@id":"https:\/\/cifreceramica.com\/fr\/stock-tiendas\/#breadcrumb"},"inLanguage":"fr-FR","potentialAction":[{"@type":"ReadAction","target":["https:\/\/cifreceramica.com\/fr\/stock-tiendas\/"]}]},{"@type":"BreadcrumbList","@id":"https:\/\/cifreceramica.com\/fr\/stock-tiendas\/#breadcrumb","itemListElement":[{"@type":"ListItem","position":1,"name":"Portada","item":"https:\/\/cifreceramica.com\/fr\/"},{"@type":"ListItem","position":2,"name":"Stock Tiendas"}]},{"@type":"WebSite","@id":"https:\/\/cifreceramica.com\/#website","url":"https:\/\/cifreceramica.com\/","name":"CIFRE CER\u00c1MICA","description":"Azulejo, cer\u00e1mica, decoraci\u00f3n, pavimento, revestimiento","publisher":{"@id":"https:\/\/cifreceramica.com\/#organization"},"potentialAction":[{"@type":"SearchAction","target":{"@type":"EntryPoint","urlTemplate":"https:\/\/cifreceramica.com\/?s={search_term_string}"},"query-input":{"@type":"PropertyValueSpecification","valueRequired":true,"valueName":"search_term_string"}}],"inLanguage":"fr-FR"},{"@type":"Organization","@id":"https:\/\/cifreceramica.com\/#organization","name":"CIFRE CERAMICA SL.","url":"https:\/\/cifreceramica.com\/","logo":{"@type":"ImageObject","inLanguage":"fr-FR","@id":"https:\/\/cifreceramica.com\/#\/schema\/logo\/image\/","url":"https:\/\/cifreceramica.com\/wp-content\/uploads\/2020\/03\/logo-cifre.jpg","contentUrl":"https:\/\/cifreceramica.com\/wp-content\/uploads\/2020\/03\/logo-cifre.jpg","width":648,"height":320,"caption":"CIFRE CERAMICA SL."},"image":{"@id":"https:\/\/cifreceramica.com\/#\/schema\/logo\/image\/"},"sameAs":["https:\/\/www.facebook.com\/Cifreceramica\/","https:\/\/x.com\/cifreceramica","https:\/\/www.instagram.com\/cifreceramica\/","https:\/\/www.linkedin.com\/cifreceramica","https:\/\/www.pinterest.es\/CifreReport\/_created\/","https:\/\/www.youtube.com\/channel\/UC6T43U-C68ZKx58s-QVY0Eg"]}]}},"_links":{"self":[{"href":"https:\/\/cifreceramica.com\/fr\/wp-json\/wp\/v2\/pages\/10826","targetHints":{"allow":["GET"]}}],"collection":[{"href":"https:\/\/cifreceramica.com\/fr\/wp-json\/wp\/v2\/pages"}],"about":[{"href":"https:\/\/cifreceramica.com\/fr\/wp-json\/wp\/v2\/types\/page"}],"author":[{"embeddable":true,"href":"https:\/\/cifreceramica.com\/fr\/wp-json\/wp\/v2\/users\/3"}],"replies":[{"embeddable":true,"href":"https:\/\/cifreceramica.com\/fr\/wp-json\/wp\/v2\/comments?post=10826"}],"version-history":[{"count":5,"href":"https:\/\/cifreceramica.com\/fr\/wp-json\/wp\/v2\/pages\/10826\/revisions"}],"predecessor-version":[{"id":10854,"href":"https:\/\/cifreceramica.com\/fr\/wp-json\/wp\/v2\/pages\/10826\/revisions\/10854"}],"wp:attachment":[{"href":"https:\/\/cifreceramica.com\/fr\/wp-json\/wp\/v2\/media?parent=10826"}],"curies":[{"name":"wp","href":"https:\/\/api.w.org\/{rel}","templated":true}]}}