{"id":6827,"date":"2021-09-21T11:47:14","date_gmt":"2021-09-21T09:47:14","guid":{"rendered":"https:\/\/cifreceramica.com\/?page_id=6827"},"modified":"2022-04-19T09:41:32","modified_gmt":"2022-04-19T07:41:32","slug":"projects-cifre","status":"publish","type":"page","link":"https:\/\/cifreceramica.com\/en\/projects-cifre\/","title":{"rendered":"Projects"},"content":{"rendered":"<p>[vc_row full_width=&#8221;stretch_row&#8221; full_height=&#8221;yes&#8221; columns_placement=&#8221;bottom&#8221; el_class=&#8221;slider_home_ancho&#8221;][vc_column]\n    <h3 style=\"text-align: left;\">Capanes project: the personality of Kliff Sand<\/h3>\n    <p style=\"text-align: left;\"><\/p>\n    <script>\n      jQuery(document).ready(function(){\n        jQuery(\".slider_home_ancho\").css(\"background-image\", \"url(https:\/\/cifreceramica.com\/wp-content\/uploads\/2023\/03\/portada-capanes_02-scaled.jpg)\")\n      });\n    <\/script>[\/vc_column][\/vc_row][vc_row full_width=&#8221;stretch_row_content&#8221; el_class=&#8221;breadcrumb&#8221;][vc_column][\/vc_column][\/vc_row][vc_row el_class=&#8221;titulares_top_new filosofia&#8221;][vc_column width=&#8221;1\/6&#8243;][\/vc_column][vc_column width=&#8221;2\/3&#8243;][vc_column_text]<\/p>\n<h1 style=\"text-align: center;\">Cifre Group Projects<\/h1>\n<p style=\"text-align: center;\">There are materials that become indispensable tools for architects to be able to design with total freedom. And there are also architectural studios that know how to get the most out of these materials. In this section we talk to you about some of these symbioses, about a long-standing collaboration that has given shape to aesthetic and functional projects.<\/p>\n<p>[\/vc_column_text][\/vc_column][vc_column width=&#8221;1\/6&#8243;][\/vc_column][\/vc_row][vc_row][vc_column]<div class=\"listado_proyectos\"><div class=\"listado_proyectos_slider\"><div class=\"vc_row wpb_row vc_row-fluid\"><div class=\"item_listado_proyecto wpb_column vc_column_container vc_col-sm-6\"><div class=\"vc_column-inner\"><div class=\"wpb_wrapper\"><a href=\"https:\/\/cifreceramica.com\/en\/capanes-project-the-personality-of-kliff-sand\/\"><img decoding=\"async\" src=\"https:\/\/cifreceramica.com\/wp-content\/uploads\/2023\/03\/portada-capanes_02-700x370.jpg\"><h2>Capanes project: the personality of Kliff Sand<\/h2><\/div><\/div><\/div><div class=\"item_listado_proyecto wpb_column vc_column_container vc_col-sm-6\"><div class=\"vc_column-inner\"><div class=\"wpb_wrapper\"><a href=\"https:\/\/cifreceramica.com\/en\/granite-white-the-star-material-at-casa-banlusa\/\"><img decoding=\"async\" src=\"https:\/\/cifreceramica.com\/wp-content\/uploads\/2021\/12\/casa_banlusa_presentacion-2.jpg\"><h2>Granite White, the star material at Casa Banlusa<\/h2><\/div><\/div><\/div><\/div><div class=\"vc_row wpb_row vc_row-fluid\"><div class=\"item_listado_proyecto wpb_column vc_column_container vc_col-sm-6\"><div class=\"vc_column-inner\"><div class=\"wpb_wrapper\"><a href=\"https:\/\/cifreceramica.com\/en\/poolhouse-v-vermont-sahara-noir\/\"><img decoding=\"async\" src=\"https:\/\/cifreceramica.com\/wp-content\/uploads\/2022\/02\/project-poolhouse-principal-700x370.jpg\"><h2>Vermont Oak and Sahara Noir, a winning combination in the Poolhouse V project (Belgium)<\/h2><\/div><\/div><\/div><div class=\"item_listado_proyecto wpb_column vc_column_container vc_col-sm-6\"><div class=\"vc_column-inner\"><div class=\"wpb_wrapper\"><a href=\"https:\/\/cifreceramica.com\/en\/obra-publica-en-toledo-keystone-como-solucion-para-fachadas-cautivadoras\/\"><img decoding=\"async\" src=\"https:\/\/cifreceramica.com\/wp-content\/uploads\/2021\/11\/obra-publica-brick-and-more-1-1-700x370.jpg\"><h2>Public works in Toledo: Keystone as a solution for captivating fa\u00e7ades<\/h2><\/div><\/div><\/div><\/div><div class=\"vc_row wpb_row vc_row-fluid\"><div class=\"item_listado_proyecto wpb_column vc_column_container vc_col-sm-6\"><div class=\"vc_column-inner\"><div class=\"wpb_wrapper\"><a href=\"https:\/\/cifreceramica.com\/en\/diamond-gold-a-sophisticated-bet\/\"><img decoding=\"async\" src=\"https:\/\/cifreceramica.com\/wp-content\/uploads\/2021\/11\/serie-golden.jpg\"><h2>Diamond Gold: a sophisticated bet for your hairdressing salon<\/h2><\/div><\/div><\/div><div class=\"item_listado_proyecto wpb_column vc_column_container vc_col-sm-6\"><div class=\"vc_column-inner\"><div class=\"wpb_wrapper\"><a href=\"https:\/\/cifreceramica.com\/en\/cifre-ceramica-consolidates-its-collaboration-with-papa-johns\/\"><img decoding=\"async\" src=\"https:\/\/cifreceramica.com\/wp-content\/uploads\/2021\/10\/principal.jpg\"><h2>Cifre Cer\u00e1mica consolidates its collaboration with Papa John&#8217;s<\/h2><\/div><\/div><\/div><\/div><\/div><div class=\"listado_proyectos_slider\"><div class=\"vc_row wpb_row vc_row-fluid\"><div class=\"item_listado_proyecto wpb_column vc_column_container vc_col-sm-6\"><div class=\"vc_column-inner\"><div class=\"wpb_wrapper\"><a href=\"https:\/\/cifreceramica.com\/en\/renovation-of-a-house-in-barcelona\/\"><img decoding=\"async\" src=\"https:\/\/cifreceramica.com\/wp-content\/uploads\/2021\/10\/reforma_principal.jpg\"><h2>Renovation of a house in Barcelona: ceramics as an indispensable material<\/h2><\/div><\/div><\/div><div class=\"item_listado_proyecto wpb_column vc_column_container vc_col-sm-6\"><div class=\"vc_column-inner\"><div class=\"wpb_wrapper\"><a href=\"https:\/\/cifreceramica.com\/en\/cifre-retail-ceramics-to-give-a-new-look-to-your-pharmacy\/\"><img decoding=\"async\" src=\"https:\/\/cifreceramica.com\/wp-content\/uploads\/2019\/12\/principal-1.jpg\"><h2>Cifre retail: ceramics to give a new look to your pharmacy<\/h2><\/div><\/div><\/div><\/div><div class=\"vc_row wpb_row vc_row-fluid\"><div class=\"item_listado_proyecto wpb_column vc_column_container vc_col-sm-6\"><div class=\"vc_column-inner\"><div class=\"wpb_wrapper\"><a href=\"https:\/\/cifreceramica.com\/en\/facades-with-personality-zenon-in-the-miamio-jewellery-shop-in-castellon\/\"><img decoding=\"async\" src=\"https:\/\/cifreceramica.com\/wp-content\/uploads\/2020\/08\/principal.jpg\"><h2>Fa\u00e7ades with personality: Zenon in the MiaMio jewellery shop in Castell\u00f3n<\/h2><\/div><\/div><\/div><div class=\"item_listado_proyecto wpb_column vc_column_container vc_col-sm-6\"><div class=\"vc_column-inner\"><div class=\"wpb_wrapper\"><a href=\"https:\/\/cifreceramica.com\/en\/refurbishment-of-a-house-in-castellon-the-strength-of-statuario\/\"><img decoding=\"async\" src=\"https:\/\/cifreceramica.com\/wp-content\/uploads\/2020\/09\/principal-1.jpg\"><h2>Refurbishment of a house in Castell\u00f3n: the strength of Statuario<\/h2><\/div><\/div><\/div><\/div><div class=\"vc_row wpb_row vc_row-fluid\"><div class=\"item_listado_proyecto wpb_column vc_column_container vc_col-sm-6\"><div class=\"vc_column-inner\"><div class=\"wpb_wrapper\"><a href=\"https:\/\/cifreceramica.com\/en\/proyectos-cifre-a-minimalist-and-functional-home-with-views-of-the-mediterranean-sea\/\"><img decoding=\"async\" src=\"https:\/\/cifreceramica.com\/wp-content\/uploads\/2020\/10\/principal.jpg\"><h2>Proyectos Cifre: a minimalist and functional home with views of the Mediterranean Sea<\/h2><\/div><\/div><\/div><div class=\"item_listado_proyecto wpb_column vc_column_container vc_col-sm-6\"><div class=\"vc_column-inner\"><div class=\"wpb_wrapper\"><a href=\"https:\/\/cifreceramica.com\/en\/castelar-dental-clinic-the-ideal-habitat-for-contract-white\/\"><img decoding=\"async\" src=\"https:\/\/cifreceramica.com\/wp-content\/uploads\/2021\/08\/principal-1.jpg\"><h2>Castelar Dental Clinic, the ideal habitat for Contract White<\/h2><\/div><\/div><\/div><\/div><\/div><div class=\"listado_proyectos_slider\"><div class=\"vc_row wpb_row vc_row-fluid\"><div class=\"item_listado_proyecto wpb_column vc_column_container vc_col-sm-6\"><div class=\"vc_column-inner\"><div class=\"wpb_wrapper\"><a href=\"https:\/\/cifreceramica.com\/en\/ceramic-facades-cifre-and-the-hotel-tui-blue-don-pedro-in-mallorca\/\"><img decoding=\"async\" src=\"https:\/\/cifreceramica.com\/wp-content\/uploads\/2020\/02\/tui_portada.jpg\"><h2>Ceramic fa\u00e7ades: Cifre and the Hotel TUI Blue Don Pedro in Mallorca<\/h2><\/div><\/div><\/div><div class=\"item_listado_proyecto wpb_column vc_column_container vc_col-sm-6\"><div class=\"vc_column-inner\"><div class=\"wpb_wrapper\"><a href=\"https:\/\/cifreceramica.com\/en\/destudio-arquitectura-and-zenon-a-prolific-collaboration\/\"><img decoding=\"async\" src=\"https:\/\/cifreceramica.com\/wp-content\/uploads\/2021\/09\/portada.jpg\"><h2>D&#8217;Estudio Arquitectura and Zenon: a prolific collaboration<\/h2><\/div><\/div><\/div><\/div><div class=\"vc_row wpb_row vc_row-fluid\"><div class=\"item_listado_proyecto wpb_column vc_column_container vc_col-sm-6\"><div class=\"vc_column-inner\"><div class=\"wpb_wrapper\"><a href=\"https:\/\/cifreceramica.com\/en\/cifreprojects-loft-renovation-valencia\/\"><img decoding=\"async\" src=\"https:\/\/cifreceramica.com\/wp-content\/uploads\/2021\/05\/1.jpg\"><h2>#CifreProjects: renovation of a loft in Valencia boho style<\/h2><\/div><\/div><\/div><div class=\"item_listado_proyecto wpb_column vc_column_container vc_col-sm-6\"><div class=\"vc_column-inner\"><div class=\"wpb_wrapper\"><a href=\"https:\/\/cifreceramica.com\/en\/cifres-ceramics-reinforce-the-urban-character-of-papa-johns-restaurants-in-spain\/\"><img decoding=\"async\" src=\"https:\/\/cifreceramica.com\/wp-content\/uploads\/2021\/02\/principal-1.jpg\"><h2>Cifre&#8217;s ceramics reinforce the urban character of Papa John&#8217;s restaurants in Spain.<\/h2><\/div><\/div><\/div><\/div><div class=\"vc_row wpb_row vc_row-fluid\"><div class=\"item_listado_proyecto wpb_column vc_column_container vc_col-sm-6\"><div class=\"vc_column-inner\"><div class=\"wpb_wrapper\"><a href=\"https:\/\/cifreceramica.com\/en\/cifre-contract-the-xlife-collection-reinforces-the-urban-character-of-the-protur-naisa-hotel-in-palma-de-mallorca\/\"><img decoding=\"async\" src=\"https:\/\/cifreceramica.com\/wp-content\/uploads\/2019\/12\/principal.jpg\"><h2>Cifre Contract : The XLife collection reinforces the urban character of the Protur Naisa hotel in Palma de Mallorca<\/h2><\/div><\/div><\/div><\/div><\/div><\/div>\n    <script>\n      jQuery(document).ready(function(){\n        jQuery(\".listado_proyectos\").slick({\n          slidesToShow: 1,\n          dots: true,\n          infinite: false,\n          customPaging : function(slider, i) {\n              var thumb = jQuery(slider.$slides[i]).data();\n              return \"<a>\"+(i+1)+\"<\/a>\";\n          }\n        });\n      });\n\n      jQuery(\".listado_proyectos\").on(\"init\", function(event, slick){\n        var $items = slick.$dots.find(\"li\");\n        $items.addClass(\"transparent-circle\");\n\n        $items.find(\"button\").remove();\n      });\n\n      jQuery(document).on(\"click\", \"ul.slick-dots li\", function(){\n        var idElement = \".listado_proyectos\";\n        var aTag = jQuery(idElement);\n\n        jQuery(\"html,body\").animate({scrollTop: aTag.offset().top - 200},\"slow\");\n\n      });\n    <\/script>\n    [\/vc_column][\/vc_row]<\/p>\n","protected":false},"excerpt":{"rendered":"Series like Nexus and Granite stand out in contract spaces and noble areas of this boutique hotel At the beginning of the year the\u00a0Naisa\u00a0Hotel\u00a0opened its doors in Palma de Mallorca\u00a0with\u00a0a double objective.\u00a0On the one hand, become the flagship of the\u00a0Protur\u00a0hotel chain.\u00a0And on the other, to take a place in the competitive scene of\u00a0urban hotels in [...]","protected":false},"author":3,"featured_media":0,"parent":0,"menu_order":0,"comment_status":"closed","ping_status":"closed","template":"","meta":{"footnotes":""},"class_list":["post-6827","page","type-page","status-publish","hentry"],"yoast_head":"<!-- This site is optimized with the Yoast SEO plugin v27.2 - https:\/\/yoast.com\/product\/yoast-seo-wordpress\/ -->\n<title>Projects - CIFRE CER\u00c1MICA<\/title>\n<meta name=\"robots\" content=\"index, follow, max-snippet:-1, max-image-preview:large, max-video-preview:-1\" \/>\n<link rel=\"canonical\" href=\"https:\/\/cifreceramica.com\/en\/projects-cifre\/\" \/>\n<meta property=\"og:locale\" content=\"en_US\" \/>\n<meta property=\"og:type\" content=\"article\" \/>\n<meta property=\"og:title\" content=\"Projects - CIFRE CER\u00c1MICA\" \/>\n<meta property=\"og:url\" content=\"https:\/\/cifreceramica.com\/en\/projects-cifre\/\" \/>\n<meta property=\"og:site_name\" content=\"CIFRE CER\u00c1MICA\" \/>\n<meta property=\"article:publisher\" content=\"https:\/\/www.facebook.com\/Cifreceramica\/\" \/>\n<meta property=\"article:modified_time\" content=\"2022-04-19T07:41:32+00:00\" \/>\n<meta name=\"twitter:card\" content=\"summary_large_image\" \/>\n<meta name=\"twitter:site\" content=\"@cifreceramica\" \/>\n<meta name=\"twitter:label1\" content=\"Est. reading time\" \/>\n\t<meta name=\"twitter:data1\" content=\"1 minute\" \/>\n<script type=\"application\/ld+json\" class=\"yoast-schema-graph\">{\"@context\":\"https:\/\/schema.org\",\"@graph\":[{\"@type\":\"WebPage\",\"@id\":\"https:\/\/cifreceramica.com\/en\/projects-cifre\/\",\"url\":\"https:\/\/cifreceramica.com\/en\/projects-cifre\/\",\"name\":\"Projects - CIFRE CER\u00c1MICA\",\"isPartOf\":{\"@id\":\"https:\/\/cifreceramica.com\/#website\"},\"datePublished\":\"2021-09-21T09:47:14+00:00\",\"dateModified\":\"2022-04-19T07:41:32+00:00\",\"breadcrumb\":{\"@id\":\"https:\/\/cifreceramica.com\/en\/projects-cifre\/#breadcrumb\"},\"inLanguage\":\"en-US\",\"potentialAction\":[{\"@type\":\"ReadAction\",\"target\":[\"https:\/\/cifreceramica.com\/en\/projects-cifre\/\"]}]},{\"@type\":\"BreadcrumbList\",\"@id\":\"https:\/\/cifreceramica.com\/en\/projects-cifre\/#breadcrumb\",\"itemListElement\":[{\"@type\":\"ListItem\",\"position\":1,\"name\":\"Portada\",\"item\":\"https:\/\/cifreceramica.com\/en\/\"},{\"@type\":\"ListItem\",\"position\":2,\"name\":\"Projects\"}]},{\"@type\":\"WebSite\",\"@id\":\"https:\/\/cifreceramica.com\/#website\",\"url\":\"https:\/\/cifreceramica.com\/\",\"name\":\"CIFRE CER\u00c1MICA\",\"description\":\"Azulejo, cer\u00e1mica, decoraci\u00f3n, pavimento, revestimiento\",\"publisher\":{\"@id\":\"https:\/\/cifreceramica.com\/#organization\"},\"potentialAction\":[{\"@type\":\"SearchAction\",\"target\":{\"@type\":\"EntryPoint\",\"urlTemplate\":\"https:\/\/cifreceramica.com\/?s={search_term_string}\"},\"query-input\":{\"@type\":\"PropertyValueSpecification\",\"valueRequired\":true,\"valueName\":\"search_term_string\"}}],\"inLanguage\":\"en-US\"},{\"@type\":\"Organization\",\"@id\":\"https:\/\/cifreceramica.com\/#organization\",\"name\":\"CIFRE CERAMICA SL.\",\"url\":\"https:\/\/cifreceramica.com\/\",\"logo\":{\"@type\":\"ImageObject\",\"inLanguage\":\"en-US\",\"@id\":\"https:\/\/cifreceramica.com\/#\/schema\/logo\/image\/\",\"url\":\"https:\/\/cifreceramica.com\/wp-content\/uploads\/2020\/03\/logo-cifre.jpg\",\"contentUrl\":\"https:\/\/cifreceramica.com\/wp-content\/uploads\/2020\/03\/logo-cifre.jpg\",\"width\":648,\"height\":320,\"caption\":\"CIFRE CERAMICA SL.\"},\"image\":{\"@id\":\"https:\/\/cifreceramica.com\/#\/schema\/logo\/image\/\"},\"sameAs\":[\"https:\/\/www.facebook.com\/Cifreceramica\/\",\"https:\/\/x.com\/cifreceramica\",\"https:\/\/www.instagram.com\/cifreceramica\/\",\"https:\/\/www.linkedin.com\/cifreceramica\",\"https:\/\/www.pinterest.es\/CifreReport\/_created\/\",\"https:\/\/www.youtube.com\/channel\/UC6T43U-C68ZKx58s-QVY0Eg\"]}]}<\/script>\n<!-- \/ Yoast SEO plugin. -->","yoast_head_json":{"title":"Projects - CIFRE CER\u00c1MICA","robots":{"index":"index","follow":"follow","max-snippet":"max-snippet:-1","max-image-preview":"max-image-preview:large","max-video-preview":"max-video-preview:-1"},"canonical":"https:\/\/cifreceramica.com\/en\/projects-cifre\/","og_locale":"en_US","og_type":"article","og_title":"Projects - CIFRE CER\u00c1MICA","og_url":"https:\/\/cifreceramica.com\/en\/projects-cifre\/","og_site_name":"CIFRE CER\u00c1MICA","article_publisher":"https:\/\/www.facebook.com\/Cifreceramica\/","article_modified_time":"2022-04-19T07:41:32+00:00","twitter_card":"summary_large_image","twitter_site":"@cifreceramica","twitter_misc":{"Est. reading time":"1 minute"},"schema":{"@context":"https:\/\/schema.org","@graph":[{"@type":"WebPage","@id":"https:\/\/cifreceramica.com\/en\/projects-cifre\/","url":"https:\/\/cifreceramica.com\/en\/projects-cifre\/","name":"Projects - CIFRE CER\u00c1MICA","isPartOf":{"@id":"https:\/\/cifreceramica.com\/#website"},"datePublished":"2021-09-21T09:47:14+00:00","dateModified":"2022-04-19T07:41:32+00:00","breadcrumb":{"@id":"https:\/\/cifreceramica.com\/en\/projects-cifre\/#breadcrumb"},"inLanguage":"en-US","potentialAction":[{"@type":"ReadAction","target":["https:\/\/cifreceramica.com\/en\/projects-cifre\/"]}]},{"@type":"BreadcrumbList","@id":"https:\/\/cifreceramica.com\/en\/projects-cifre\/#breadcrumb","itemListElement":[{"@type":"ListItem","position":1,"name":"Portada","item":"https:\/\/cifreceramica.com\/en\/"},{"@type":"ListItem","position":2,"name":"Projects"}]},{"@type":"WebSite","@id":"https:\/\/cifreceramica.com\/#website","url":"https:\/\/cifreceramica.com\/","name":"CIFRE CER\u00c1MICA","description":"Azulejo, cer\u00e1mica, decoraci\u00f3n, pavimento, revestimiento","publisher":{"@id":"https:\/\/cifreceramica.com\/#organization"},"potentialAction":[{"@type":"SearchAction","target":{"@type":"EntryPoint","urlTemplate":"https:\/\/cifreceramica.com\/?s={search_term_string}"},"query-input":{"@type":"PropertyValueSpecification","valueRequired":true,"valueName":"search_term_string"}}],"inLanguage":"en-US"},{"@type":"Organization","@id":"https:\/\/cifreceramica.com\/#organization","name":"CIFRE CERAMICA SL.","url":"https:\/\/cifreceramica.com\/","logo":{"@type":"ImageObject","inLanguage":"en-US","@id":"https:\/\/cifreceramica.com\/#\/schema\/logo\/image\/","url":"https:\/\/cifreceramica.com\/wp-content\/uploads\/2020\/03\/logo-cifre.jpg","contentUrl":"https:\/\/cifreceramica.com\/wp-content\/uploads\/2020\/03\/logo-cifre.jpg","width":648,"height":320,"caption":"CIFRE CERAMICA SL."},"image":{"@id":"https:\/\/cifreceramica.com\/#\/schema\/logo\/image\/"},"sameAs":["https:\/\/www.facebook.com\/Cifreceramica\/","https:\/\/x.com\/cifreceramica","https:\/\/www.instagram.com\/cifreceramica\/","https:\/\/www.linkedin.com\/cifreceramica","https:\/\/www.pinterest.es\/CifreReport\/_created\/","https:\/\/www.youtube.com\/channel\/UC6T43U-C68ZKx58s-QVY0Eg"]}]}},"_links":{"self":[{"href":"https:\/\/cifreceramica.com\/en\/wp-json\/wp\/v2\/pages\/6827","targetHints":{"allow":["GET"]}}],"collection":[{"href":"https:\/\/cifreceramica.com\/en\/wp-json\/wp\/v2\/pages"}],"about":[{"href":"https:\/\/cifreceramica.com\/en\/wp-json\/wp\/v2\/types\/page"}],"author":[{"embeddable":true,"href":"https:\/\/cifreceramica.com\/en\/wp-json\/wp\/v2\/users\/3"}],"replies":[{"embeddable":true,"href":"https:\/\/cifreceramica.com\/en\/wp-json\/wp\/v2\/comments?post=6827"}],"version-history":[{"count":20,"href":"https:\/\/cifreceramica.com\/en\/wp-json\/wp\/v2\/pages\/6827\/revisions"}],"predecessor-version":[{"id":9029,"href":"https:\/\/cifreceramica.com\/en\/wp-json\/wp\/v2\/pages\/6827\/revisions\/9029"}],"wp:attachment":[{"href":"https:\/\/cifreceramica.com\/en\/wp-json\/wp\/v2\/media?parent=6827"}],"curies":[{"name":"wp","href":"https:\/\/api.w.org\/{rel}","templated":true}]}}