{"id":6614,"date":"2021-08-05T16:49:13","date_gmt":"2021-08-05T14:49:13","guid":{"rendered":"https:\/\/cifreceramica.com\/?page_id=6614"},"modified":"2022-02-07T11:45:39","modified_gmt":"2022-02-07T10:45:39","slug":"cleaning-and-maintenance-tips","status":"publish","type":"page","link":"https:\/\/cifreceramica.com\/en\/cleaning-and-maintenance-tips\/","title":{"rendered":"Cleaning and maintenance tips"},"content":{"rendered":"<p>[vc_row el_class=&#8221;breadcrumb&#8221;][vc_column][\/vc_column][\/vc_row][vc_row full_width=&#8221;stretch_row&#8221; el_class=&#8221;titulo_tecnica&#8221; css=&#8221;.vc_custom_1644215572717{margin-bottom: 40px !important;border-top-width: 1px !important;border-bottom-width: 1px !important;padding-top: 10px !important;padding-bottom: 20px !important;border-top-color: #000000 !important;border-top-style: solid !important;border-bottom-color: #000000 !important;border-bottom-style: solid !important;}&#8221;][vc_column][vc_column_text]<\/p>\n<h1 style=\"text-align: center;\">Cleaning and maintenance tips.<\/h1>\n<p>[\/vc_column_text][\/vc_column][\/vc_row][vc_row][vc_column width=&#8221;1\/3&#8243;][vc_column_text css=&#8221;.vc_custom_1628175123604{padding-right: 40px !important;}&#8221;]<strong>During the installation of ceramic tiles<\/strong>, it is recommended to <strong>clean the surface as it is being laid<\/strong> to prevent the products from adhering too much.<\/p>\n<p>It is essential to remove cement residues in order to maintain the desired aesthetic effect.<br \/>\nRemains of cement, lime or mortar are removed with acid cleaners (such as Fila&#8217;s Deterdek Pro). Follow the manufacturer&#8217;s recommendations for use and rinse with plenty of water after cleaning.<\/p>\n<p>If there are traces of epoxy products, they should be cleaned with water and a sponge during installation. Finally, an alkaline cleaner (such as FILA CR10) should be used.<\/p>\n<p><strong>Before using chemical cleaners, it is important to test a corner to ensure that the cleaner will not damage the parts.<\/strong><\/p>\n<p><strong>Any spillage<\/strong> of oil, fizzy or alcoholic drinks, acid, etc. <strong>should be cleaned immediately<\/strong> to minimise exposure time and ensure the correct appearance of the ceramic surface, <strong>especially when polished.<\/strong>[\/vc_column_text][\/vc_column][vc_column width=&#8221;1\/3&#8243;][vc_column_text]<\/p>\n<h3>Cleaning after laying<\/h3>\n<p><strong>We suggest a good initial cleaning after the laying on the floor or wall<\/strong>, this is very important for removing residual grouting and the normal dirt coming from the building works.<br \/>\nWe suggest the use of our product <strong>FILA DETERDEK PRO<\/strong>, that is a lightly acid product that doesn\u2019t emit fumes that are harmful for the user and that can attacks joints.<\/p>\n<p>In case of material layed with epoxy or resinous grouting, we recommend to clean after laying with our specific detergent <strong>FILACR 10.<\/strong>[\/vc_column_text][vc_column_text]<\/p>\n<h3>In case of encrusted dirt, it is recommended:<\/h3>\n<p><strong>DETERDEK PRO\u00a0 \u00a0<a href=\"https:\/\/www.filasolutions.com\/spa\/productos\/gama-completa\/limpieza\/detergentes\/deterdek?linea=professional\"> +Info<\/a> |\u00a0<\/strong><a href=\"https:\/\/www.youtube.com\/watch?v=Syo4yXpMlb4&amp;t=1s\"><img loading=\"lazy\" decoding=\"async\" class=\"alignnone wp-image-6404\" src=\"https:\/\/cifreceramica.com\/wp-content\/uploads\/2021\/07\/ICONO-PLAY.png\" alt=\"\" width=\"17\" height=\"17\" \/><strong>\u00a0Video<\/strong><\/a><\/p>\n<p>Laying cement residues, calcareous residues, metal streaks, oxide deposits.<\/p>\n<p><strong>FILA CR10 \u00a0<a href=\"https:\/\/www.filasolutions.com\/spa\/productos\/gama-completa\/limpieza\/detergentes\/filacr10?linea=professional\"> +Info<\/a> |<a href=\"https:\/\/www.youtube.com\/watch?v=xDT_iWrkHOw\"><img loading=\"lazy\" decoding=\"async\" class=\"alignnone wp-image-6404\" src=\"https:\/\/cifreceramica.com\/wp-content\/uploads\/2021\/07\/ICONO-PLAY.png\" alt=\"\" width=\"17\" height=\"17\" \/>\u00a0Video<\/a><\/strong><\/p>\n<p>Epoxy, vitrified, resinous gasket residues.<\/p>\n<p><strong>FILA CLEANER PRO \u00a0<a href=\"https:\/\/www.filasolutions.com\/spa\/productos\/gama-completa\/limpieza\/detergentes\/filacleaner?linea=professional\"> +Info<\/a>\u00a0 |\u00a0<a href=\"https:\/\/www.youtube.com\/watch?v=pUf4dPCIz5Y&amp;t=6s\"><img loading=\"lazy\" decoding=\"async\" class=\"alignnone wp-image-6404\" src=\"https:\/\/cifreceramica.com\/wp-content\/uploads\/2021\/07\/ICONO-PLAY.png\" alt=\"\" width=\"17\" height=\"17\" \/>\u00a0Video<\/a><\/strong><\/p>\n<p>Light organic soiling (daily cleaning).<\/p>\n<p><strong>FILA PS87 PRO \u00a0<a href=\"https:\/\/www.filasolutions.com\/spa\/productos\/gama-completa\/limpieza\/detergentes\/filaps87?linea=professional\"> +Info<\/a>\u00a0 |\u00a0<a href=\"https:\/\/www.youtube.com\/watch?v=mB35KG5t4EA\"><img loading=\"lazy\" decoding=\"async\" class=\"alignnone wp-image-6404\" src=\"https:\/\/cifreceramica.com\/wp-content\/uploads\/2021\/07\/ICONO-PLAY.png\" alt=\"\" width=\"17\" height=\"17\" \/>\u00a0Video<\/a><\/strong><\/p>\n<p>Heavy organic soiling (food, grease, oil), detergent and soap residues, rubber, tyres, dyes, marker pen, plastic paint.<\/p>\n<p><strong>FILA NOPAINT STAR \u00a0 <a href=\"https:\/\/www.filasolutions.com\/spa\/productos\/gama-completa\/limpieza\/detergentes\/filanopaint-star?linea=professional\">+Info<\/a><\/strong><\/p>\n<p>Graffiti, acrylic, alkyd and nitro synthetic sprays.<\/p>\n<p><strong>FILA ALGACID \u00a0<a href=\"https:\/\/www.filasolutions.com\/spa\/productos\/gama-completa\/limpieza\/listos-para-el-uso\/filaalgae-net?linea=professional\"> +Info<\/a><\/strong><\/p>\n<p>Verd\u00edn, algae, mosses, lichens and blackened outdoors.<\/p>\n<p><strong>FILA NOMOLDE \u00a0<a href=\"https:\/\/www.filasolutions.com\/spa\/productos\/gama-completa\/limpieza\/listos-para-el-uso\/filaactive1?linea=fai-da-te\"> +Info<\/a><\/strong><\/p>\n<p>Indoor mould due to condensation.<\/p>\n<p><strong>FILA ZERO SIL\u00a0 \u00a0<a href=\"https:\/\/www.filasolutions.com\/spa\/productos\/gama-completa\/limpieza\/quitamanchas\/filazero-sil?linea=professional\"> +Info<\/a> |\u00a0<a href=\"https:\/\/www.youtube.com\/watch?v=hLeW1Uu34YY\"><img loading=\"lazy\" decoding=\"async\" class=\"alignnone wp-image-6404\" src=\"https:\/\/cifreceramica.com\/wp-content\/uploads\/2021\/07\/ICONO-PLAY.png\" alt=\"\" width=\"17\" height=\"17\" \/>\u00a0Video<\/a><\/strong><\/p>\n<p>Silicone waste, candle wax, tree resins, adhesive tape waste, polyurethane foam waste, glue waste etc.[\/vc_column_text][vc_empty_space height=&#8221;52px&#8221;][\/vc_column][vc_column width=&#8221;1\/3&#8243;][vc_column_text css=&#8221;.vc_custom_1628175202604{padding-left: 40px !important;}&#8221;]<\/p>\n<h3><strong>Regular maintenance<\/strong><\/h3>\n<p>For a good cleaning of the floor we suggest the use of our product <strong>FILA CLEANER PRO<\/strong>. it\u2019s a natural detergent with a high cleaning power.<br \/>\nIn case of strong dirty and encrusted by the time, we recommend to consult the following scheme to find the perfect solution to every situation.[\/vc_column_text][vc_video link=&#8221;https:\/\/www.youtube.com\/watch?v=pUf4dPCIz5Y&amp;t=6s&#8221; css=&#8221;.vc_custom_1627563866454{padding-left: 40px !important;}&#8221;][\/vc_column][\/vc_row]<\/p>\n","protected":false},"excerpt":{"rendered":"<p>[vc_row el_class=&#8221;breadcrumb&#8221;][vc_column][\/vc_column][\/vc_row][vc_row full_width=&#8221;stretch_row&#8221; el_class=&#8221;titulo_tecnica&#8221; css=&#8221;.vc_custom_1644215572717{margin-bottom: 40px !important;border-top-width: 1px !important;border-bottom-width: 1px !important;padding-top: 10px !important;padding-bottom: 20px !important;border-top-color: #000000 !important;border-top-style: solid !important;border-bottom-color: #000000 !important;border-bottom-style: solid !important;}&#8221;][vc_column][vc_column_text] Cleaning and maintenance tips. [\/vc_column_text][\/vc_column][\/vc_row][vc_row][vc_column width=&#8221;1\/3&#8243;][vc_column_text css=&#8221;.vc_custom_1628175123604{padding-right: 40px !important;}&#8221;]During the installation of ceramic tiles, it is recommended to clean the surface as it is being laid to prevent the products from adhering [&hellip;]<\/p>\n","protected":false},"author":3,"featured_media":0,"parent":0,"menu_order":0,"comment_status":"closed","ping_status":"closed","template":"","meta":{"footnotes":""},"class_list":["post-6614","page","type-page","status-publish","hentry"],"yoast_head":"<!-- This site is optimized with the Yoast SEO plugin v27.3 - https:\/\/yoast.com\/product\/yoast-seo-wordpress\/ -->\n<title>Cleaning and maintenance tips - CIFRE CER\u00c1MICA<\/title>\n<meta name=\"robots\" content=\"index, follow, max-snippet:-1, max-image-preview:large, max-video-preview:-1\" \/>\n<link rel=\"canonical\" href=\"https:\/\/cifreceramica.com\/en\/cleaning-and-maintenance-tips\/\" \/>\n<meta property=\"og:locale\" content=\"en_US\" \/>\n<meta property=\"og:type\" content=\"article\" \/>\n<meta property=\"og:title\" content=\"Cleaning and maintenance tips - CIFRE CER\u00c1MICA\" \/>\n<meta property=\"og:description\" content=\"[vc_row el_class=&#8221;breadcrumb&#8221;][vc_column][\/vc_column][\/vc_row][vc_row full_width=&#8221;stretch_row&#8221; el_class=&#8221;titulo_tecnica&#8221; css=&#8221;.vc_custom_1644215572717{margin-bottom: 40px !important;border-top-width: 1px !important;border-bottom-width: 1px !important;padding-top: 10px !important;padding-bottom: 20px !important;border-top-color: #000000 !important;border-top-style: solid !important;border-bottom-color: #000000 !important;border-bottom-style: solid !important;}&#8221;][vc_column][vc_column_text] Cleaning and maintenance tips. [\/vc_column_text][\/vc_column][\/vc_row][vc_row][vc_column width=&#8221;1\/3&#8243;][vc_column_text css=&#8221;.vc_custom_1628175123604{padding-right: 40px !important;}&#8221;]During the installation of ceramic tiles, it is recommended to clean the surface as it is being laid to prevent the products from adhering [&hellip;]\" \/>\n<meta property=\"og:url\" content=\"https:\/\/cifreceramica.com\/en\/cleaning-and-maintenance-tips\/\" \/>\n<meta property=\"og:site_name\" content=\"CIFRE CER\u00c1MICA\" \/>\n<meta property=\"article:publisher\" content=\"https:\/\/www.facebook.com\/Cifreceramica\/\" \/>\n<meta property=\"article:modified_time\" content=\"2022-02-07T10:45:39+00:00\" \/>\n<meta property=\"og:image\" content=\"https:\/\/cifreceramica.com\/wp-content\/uploads\/2021\/07\/ICONO-PLAY.png\" \/>\n<meta name=\"twitter:card\" content=\"summary_large_image\" \/>\n<meta name=\"twitter:site\" content=\"@cifreceramica\" \/>\n<meta name=\"twitter:label1\" content=\"Est. reading time\" \/>\n\t<meta name=\"twitter:data1\" content=\"3 minutes\" \/>\n<script type=\"application\/ld+json\" class=\"yoast-schema-graph\">{\"@context\":\"https:\\\/\\\/schema.org\",\"@graph\":[{\"@type\":\"WebPage\",\"@id\":\"https:\\\/\\\/cifreceramica.com\\\/en\\\/cleaning-and-maintenance-tips\\\/\",\"url\":\"https:\\\/\\\/cifreceramica.com\\\/en\\\/cleaning-and-maintenance-tips\\\/\",\"name\":\"Cleaning and maintenance tips - CIFRE CER\u00c1MICA\",\"isPartOf\":{\"@id\":\"https:\\\/\\\/cifreceramica.com\\\/#website\"},\"primaryImageOfPage\":{\"@id\":\"https:\\\/\\\/cifreceramica.com\\\/en\\\/cleaning-and-maintenance-tips\\\/#primaryimage\"},\"image\":{\"@id\":\"https:\\\/\\\/cifreceramica.com\\\/en\\\/cleaning-and-maintenance-tips\\\/#primaryimage\"},\"thumbnailUrl\":\"https:\\\/\\\/cifreceramica.com\\\/wp-content\\\/uploads\\\/2021\\\/07\\\/ICONO-PLAY.png\",\"datePublished\":\"2021-08-05T14:49:13+00:00\",\"dateModified\":\"2022-02-07T10:45:39+00:00\",\"breadcrumb\":{\"@id\":\"https:\\\/\\\/cifreceramica.com\\\/en\\\/cleaning-and-maintenance-tips\\\/#breadcrumb\"},\"inLanguage\":\"en-US\",\"potentialAction\":[{\"@type\":\"ReadAction\",\"target\":[\"https:\\\/\\\/cifreceramica.com\\\/en\\\/cleaning-and-maintenance-tips\\\/\"]}]},{\"@type\":\"ImageObject\",\"inLanguage\":\"en-US\",\"@id\":\"https:\\\/\\\/cifreceramica.com\\\/en\\\/cleaning-and-maintenance-tips\\\/#primaryimage\",\"url\":\"https:\\\/\\\/cifreceramica.com\\\/wp-content\\\/uploads\\\/2021\\\/07\\\/ICONO-PLAY.png\",\"contentUrl\":\"https:\\\/\\\/cifreceramica.com\\\/wp-content\\\/uploads\\\/2021\\\/07\\\/ICONO-PLAY.png\"},{\"@type\":\"BreadcrumbList\",\"@id\":\"https:\\\/\\\/cifreceramica.com\\\/en\\\/cleaning-and-maintenance-tips\\\/#breadcrumb\",\"itemListElement\":[{\"@type\":\"ListItem\",\"position\":1,\"name\":\"Portada\",\"item\":\"https:\\\/\\\/cifreceramica.com\\\/en\\\/\"},{\"@type\":\"ListItem\",\"position\":2,\"name\":\"Cleaning and maintenance tips\"}]},{\"@type\":\"WebSite\",\"@id\":\"https:\\\/\\\/cifreceramica.com\\\/#website\",\"url\":\"https:\\\/\\\/cifreceramica.com\\\/\",\"name\":\"CIFRE CER\u00c1MICA\",\"description\":\"Azulejo, cer\u00e1mica, decoraci\u00f3n, pavimento, revestimiento\",\"publisher\":{\"@id\":\"https:\\\/\\\/cifreceramica.com\\\/#organization\"},\"potentialAction\":[{\"@type\":\"SearchAction\",\"target\":{\"@type\":\"EntryPoint\",\"urlTemplate\":\"https:\\\/\\\/cifreceramica.com\\\/?s={search_term_string}\"},\"query-input\":{\"@type\":\"PropertyValueSpecification\",\"valueRequired\":true,\"valueName\":\"search_term_string\"}}],\"inLanguage\":\"en-US\"},{\"@type\":\"Organization\",\"@id\":\"https:\\\/\\\/cifreceramica.com\\\/#organization\",\"name\":\"CIFRE CERAMICA SL.\",\"url\":\"https:\\\/\\\/cifreceramica.com\\\/\",\"logo\":{\"@type\":\"ImageObject\",\"inLanguage\":\"en-US\",\"@id\":\"https:\\\/\\\/cifreceramica.com\\\/#\\\/schema\\\/logo\\\/image\\\/\",\"url\":\"https:\\\/\\\/cifreceramica.com\\\/wp-content\\\/uploads\\\/2020\\\/03\\\/logo-cifre.jpg\",\"contentUrl\":\"https:\\\/\\\/cifreceramica.com\\\/wp-content\\\/uploads\\\/2020\\\/03\\\/logo-cifre.jpg\",\"width\":648,\"height\":320,\"caption\":\"CIFRE CERAMICA SL.\"},\"image\":{\"@id\":\"https:\\\/\\\/cifreceramica.com\\\/#\\\/schema\\\/logo\\\/image\\\/\"},\"sameAs\":[\"https:\\\/\\\/www.facebook.com\\\/Cifreceramica\\\/\",\"https:\\\/\\\/x.com\\\/cifreceramica\",\"https:\\\/\\\/www.instagram.com\\\/cifreceramica\\\/\",\"https:\\\/\\\/www.linkedin.com\\\/cifreceramica\",\"https:\\\/\\\/www.pinterest.es\\\/CifreReport\\\/_created\\\/\",\"https:\\\/\\\/www.youtube.com\\\/channel\\\/UC6T43U-C68ZKx58s-QVY0Eg\"]}]}<\/script>\n<!-- \/ Yoast SEO plugin. -->","yoast_head_json":{"title":"Cleaning and maintenance tips - CIFRE CER\u00c1MICA","robots":{"index":"index","follow":"follow","max-snippet":"max-snippet:-1","max-image-preview":"max-image-preview:large","max-video-preview":"max-video-preview:-1"},"canonical":"https:\/\/cifreceramica.com\/en\/cleaning-and-maintenance-tips\/","og_locale":"en_US","og_type":"article","og_title":"Cleaning and maintenance tips - CIFRE CER\u00c1MICA","og_description":"[vc_row el_class=&#8221;breadcrumb&#8221;][vc_column][\/vc_column][\/vc_row][vc_row full_width=&#8221;stretch_row&#8221; el_class=&#8221;titulo_tecnica&#8221; css=&#8221;.vc_custom_1644215572717{margin-bottom: 40px !important;border-top-width: 1px !important;border-bottom-width: 1px !important;padding-top: 10px !important;padding-bottom: 20px !important;border-top-color: #000000 !important;border-top-style: solid !important;border-bottom-color: #000000 !important;border-bottom-style: solid !important;}&#8221;][vc_column][vc_column_text] Cleaning and maintenance tips. [\/vc_column_text][\/vc_column][\/vc_row][vc_row][vc_column width=&#8221;1\/3&#8243;][vc_column_text css=&#8221;.vc_custom_1628175123604{padding-right: 40px !important;}&#8221;]During the installation of ceramic tiles, it is recommended to clean the surface as it is being laid to prevent the products from adhering [&hellip;]","og_url":"https:\/\/cifreceramica.com\/en\/cleaning-and-maintenance-tips\/","og_site_name":"CIFRE CER\u00c1MICA","article_publisher":"https:\/\/www.facebook.com\/Cifreceramica\/","article_modified_time":"2022-02-07T10:45:39+00:00","og_image":[{"url":"https:\/\/cifreceramica.com\/wp-content\/uploads\/2021\/07\/ICONO-PLAY.png","type":"","width":"","height":""}],"twitter_card":"summary_large_image","twitter_site":"@cifreceramica","twitter_misc":{"Est. reading time":"3 minutes"},"schema":{"@context":"https:\/\/schema.org","@graph":[{"@type":"WebPage","@id":"https:\/\/cifreceramica.com\/en\/cleaning-and-maintenance-tips\/","url":"https:\/\/cifreceramica.com\/en\/cleaning-and-maintenance-tips\/","name":"Cleaning and maintenance tips - CIFRE CER\u00c1MICA","isPartOf":{"@id":"https:\/\/cifreceramica.com\/#website"},"primaryImageOfPage":{"@id":"https:\/\/cifreceramica.com\/en\/cleaning-and-maintenance-tips\/#primaryimage"},"image":{"@id":"https:\/\/cifreceramica.com\/en\/cleaning-and-maintenance-tips\/#primaryimage"},"thumbnailUrl":"https:\/\/cifreceramica.com\/wp-content\/uploads\/2021\/07\/ICONO-PLAY.png","datePublished":"2021-08-05T14:49:13+00:00","dateModified":"2022-02-07T10:45:39+00:00","breadcrumb":{"@id":"https:\/\/cifreceramica.com\/en\/cleaning-and-maintenance-tips\/#breadcrumb"},"inLanguage":"en-US","potentialAction":[{"@type":"ReadAction","target":["https:\/\/cifreceramica.com\/en\/cleaning-and-maintenance-tips\/"]}]},{"@type":"ImageObject","inLanguage":"en-US","@id":"https:\/\/cifreceramica.com\/en\/cleaning-and-maintenance-tips\/#primaryimage","url":"https:\/\/cifreceramica.com\/wp-content\/uploads\/2021\/07\/ICONO-PLAY.png","contentUrl":"https:\/\/cifreceramica.com\/wp-content\/uploads\/2021\/07\/ICONO-PLAY.png"},{"@type":"BreadcrumbList","@id":"https:\/\/cifreceramica.com\/en\/cleaning-and-maintenance-tips\/#breadcrumb","itemListElement":[{"@type":"ListItem","position":1,"name":"Portada","item":"https:\/\/cifreceramica.com\/en\/"},{"@type":"ListItem","position":2,"name":"Cleaning and maintenance tips"}]},{"@type":"WebSite","@id":"https:\/\/cifreceramica.com\/#website","url":"https:\/\/cifreceramica.com\/","name":"CIFRE CER\u00c1MICA","description":"Azulejo, cer\u00e1mica, decoraci\u00f3n, pavimento, revestimiento","publisher":{"@id":"https:\/\/cifreceramica.com\/#organization"},"potentialAction":[{"@type":"SearchAction","target":{"@type":"EntryPoint","urlTemplate":"https:\/\/cifreceramica.com\/?s={search_term_string}"},"query-input":{"@type":"PropertyValueSpecification","valueRequired":true,"valueName":"search_term_string"}}],"inLanguage":"en-US"},{"@type":"Organization","@id":"https:\/\/cifreceramica.com\/#organization","name":"CIFRE CERAMICA SL.","url":"https:\/\/cifreceramica.com\/","logo":{"@type":"ImageObject","inLanguage":"en-US","@id":"https:\/\/cifreceramica.com\/#\/schema\/logo\/image\/","url":"https:\/\/cifreceramica.com\/wp-content\/uploads\/2020\/03\/logo-cifre.jpg","contentUrl":"https:\/\/cifreceramica.com\/wp-content\/uploads\/2020\/03\/logo-cifre.jpg","width":648,"height":320,"caption":"CIFRE CERAMICA SL."},"image":{"@id":"https:\/\/cifreceramica.com\/#\/schema\/logo\/image\/"},"sameAs":["https:\/\/www.facebook.com\/Cifreceramica\/","https:\/\/x.com\/cifreceramica","https:\/\/www.instagram.com\/cifreceramica\/","https:\/\/www.linkedin.com\/cifreceramica","https:\/\/www.pinterest.es\/CifreReport\/_created\/","https:\/\/www.youtube.com\/channel\/UC6T43U-C68ZKx58s-QVY0Eg"]}]}},"_links":{"self":[{"href":"https:\/\/cifreceramica.com\/en\/wp-json\/wp\/v2\/pages\/6614","targetHints":{"allow":["GET"]}}],"collection":[{"href":"https:\/\/cifreceramica.com\/en\/wp-json\/wp\/v2\/pages"}],"about":[{"href":"https:\/\/cifreceramica.com\/en\/wp-json\/wp\/v2\/types\/page"}],"author":[{"embeddable":true,"href":"https:\/\/cifreceramica.com\/en\/wp-json\/wp\/v2\/users\/3"}],"replies":[{"embeddable":true,"href":"https:\/\/cifreceramica.com\/en\/wp-json\/wp\/v2\/comments?post=6614"}],"version-history":[{"count":10,"href":"https:\/\/cifreceramica.com\/en\/wp-json\/wp\/v2\/pages\/6614\/revisions"}],"predecessor-version":[{"id":8353,"href":"https:\/\/cifreceramica.com\/en\/wp-json\/wp\/v2\/pages\/6614\/revisions\/8353"}],"wp:attachment":[{"href":"https:\/\/cifreceramica.com\/en\/wp-json\/wp\/v2\/media?parent=6614"}],"curies":[{"name":"wp","href":"https:\/\/api.w.org\/{rel}","templated":true}]}}