{"id":6568,"date":"2021-08-05T16:00:12","date_gmt":"2021-08-05T14:00:12","guid":{"rendered":"https:\/\/cifreceramica.com\/?page_id=6568"},"modified":"2022-02-07T11:43:17","modified_gmt":"2022-02-07T10:43:17","slug":"laying-recommendation-large-formats","status":"publish","type":"page","link":"https:\/\/cifreceramica.com\/en\/laying-recommendation-large-formats\/","title":{"rendered":"Laying recommendation for large formats"},"content":{"rendered":"<p>[vc_row el_class=&#8221;breadcrumb&#8221;][vc_column][\/vc_column][\/vc_row][vc_row full_width=&#8221;stretch_row&#8221; el_class=&#8221;titulo_tecnica&#8221; css=&#8221;.vc_custom_1644215572717{margin-bottom: 40px !important;border-top-width: 1px !important;border-bottom-width: 1px !important;padding-top: 10px !important;padding-bottom: 20px !important;border-top-color: #000000 !important;border-top-style: solid !important;border-bottom-color: #000000 !important;border-bottom-style: solid !important;}&#8221;][vc_column][vc_column_text]<\/p>\n<h1 style=\"text-align: center;\">Laying recommendation for large formats.<\/h1>\n<p>[\/vc_column_text][\/vc_column][\/vc_row][vc_row][vc_column width=&#8221;1\/2&#8243;][vc_column_text]<\/p>\n<h2>Planning<\/h2>\n<p>[\/vc_column_text][\/vc_column][vc_column width=&#8221;1\/2&#8243;][\/vc_column][\/vc_row][vc_row][vc_column css=&#8221;.vc_custom_1628172202128{margin-right: 0px !important;}&#8221;][vc_column_text css=&#8221;.vc_custom_1628172196387{margin-right: 200px !important;}&#8221;]<\/p>\n<h3>To obtain the best technical and aesthetic result with XLIFE slabs, the work and installation must be planned correctly, taking into account the material and conditions of the surface where the slab is to be placed, the cleaning, preparation of the pieces and grouts and glues.<\/h3>\n<p>[\/vc_column_text][vc_column_text]<\/p>\n<h3><strong>For that we recommend.<\/strong><\/h3>\n<p>\u00b7 Rely on professionals with proven experience in the installation of large format porcelain tiles.<br \/>\n\u00b7 Observe the manufacturer\u2019s recommendations.<br \/>\n\u00b7 Review the information contained in data sheets or packaging before using any product.<br \/>\n\u00b7 Use the right tools for the right type of work.<br \/>\n\u00b7 Enable a clean and spacious workspace.<br \/>\n\u00b7 Pay attention to good lighting.<br \/>\n\u00b7 Prepare a workbench for the slab preparation and gluing operations.<br \/>\n\u00b7 Evaluate the condition of the spaces to be covered, the substrate and the fixing surface.<br \/>\n\u00b7 Recosider of the space to be covered, taking into account the variations of the model so as not to repeat the graph consecutively.[\/vc_column_text][\/vc_column][\/vc_row][vc_row][vc_column][vc_empty_space height=&#8221;52px&#8221;][vc_column_text]<\/p>\n<h2>Necessary tools<\/h2>\n<p>[\/vc_column_text][vc_empty_space height=&#8221;52px&#8221;][\/vc_column][\/vc_row][vc_row][vc_column width=&#8221;1\/3&#8243;][vc_column_text]<\/p>\n<h3><\/h3>\n<p>\u00b7 Rigid frame orsuction cups for handling<\/p>\n<p>\u00b7 Working Table<\/p>\n<p>\u00b7 Cutting Guide<\/p>\n<p>\u00b7 Blender<\/p>\n<p>\u00b7 Bubble level<\/p>\n<p>\u00b7 Different trowels for laying and grouting<\/p>\n<p>\u00b7 Maceador (trowel for part hitting)<\/p>\n<p>\u00b7 Spatula[\/vc_column_text][\/vc_column][vc_column width=&#8221;1\/3&#8243;][vc_column_text]\u00b7 Bucket.<\/p>\n<p>\u00b7 Tansport trolley for large format parts<\/p>\n<p>\u00b7 Vibrator<\/p>\n<p>\u00b7 Cutting radius with speed adjustment<\/p>\n<p>\u00b7 Cutting discs &#8211; Diamond bits.<\/p>\n<p>\u00b7 Material polishing discs<\/p>\n<p>\u00b7 Separation crossovers.<\/p>\n<p>\u00b7 Leveling System[\/vc_column_text][\/vc_column][vc_column width=&#8221;1\/3&#8243;][vc_images_carousel images=&#8221;5963,5959,5955,5951,5947,5943,5939,5935,5931,5927,5923,5919,5915&#8243; img_size=&#8221;medium&#8221; autoplay=&#8221;yes&#8221; hide_prev_next_buttons=&#8221;yes&#8221; wrap=&#8221;yes&#8221;][\/vc_column][\/vc_row][vc_row][vc_column][vc_empty_space height=&#8221;52px&#8221;][vc_column_text]<\/p>\n<h2>Work start<\/h2>\n<p>[\/vc_column_text][vc_empty_space height=&#8221;52px&#8221;][\/vc_column][\/vc_row][vc_row][vc_column][vc_row_inner][vc_column_inner width=&#8221;1\/3&#8243;][vc_column_text]Before starting, it is essential to work on the installation, a good rething can mean a considerable saving in material and execution time.<br \/>\nAdjust the initial design and continue the layout on site.<br \/>\nStipulate each and every step to be taken.<\/p>\n<p><strong>With proper rethinking:<\/strong><br \/>\n\u00b7 Cutting operations are simplified.<br \/>\n\u00b7 Narrow strips are avoided and the cutting geometry is optimized.<br \/>\n\u00b7 Material losses are reduced.<br \/>\n\u00b7 Asymmetries and incorrect optical effects are avoided.<br \/>\n\u00b7 The movement joints in the space to be covered must be integrated in the layout.<br \/>\n\u00b7 The laying sequence of the slats must be scheduled to avoid stepping on the slats that have already been laid (Flooring).[\/vc_column_text][\/vc_column_inner][vc_column_inner width=&#8221;1\/3&#8243;][vc_column_text]<strong>Control and preparation of the substrate.<\/strong><\/p>\n<p>It is based on the materials and technology used to lay the ceramic tiles.<br \/>\nYou need a professional tiler with training and experience.<br \/>\nFor the process of laying and installation of ceramic slabs, a part of the equipment and tool is required similar to that used for the laying of any other type of ceramic tile.<\/p>\n<p>Another part of the equipment, tools and machines specifically developed for the laying of ceramic slabs is also required, such as the specific cutting tools and the suction cups or fixed frames for the handling of ceramic slabs.<\/p>\n<p>It is necessary to check that the surface is free of dust, grease, oil, paint, cement, resin or any other particles.<\/p>\n<p>Before laying, ensure that the previous flooring is properly cleaned. In the case of ceramic, marble, terracotta or PVC, oil, wax or grease residues must be removed. For this purpose, it is recommended to start with plenty of water and caustic soda or mechanical abrasion with the appropriate tools. In the case of parquet or natural wood flooring, sanding is recommended to remove the treated layers.<br \/>\nAfter cleaning, allow the surface to dry completely before starting installation.[\/vc_column_text][\/vc_column_inner][vc_column_inner width=&#8221;1\/3&#8243;][vc_column_text]<strong>The surface to be covered must be completely flat.<\/strong><\/p>\n<p>The planimetry of the substrate must be taken into account. If the substrate is not flat, its planimetry must be corrected as much as possible before starting to install with regulating mortar or other self-levelling products.<\/p>\n<p><strong>Supports that comply: (check leveling)<\/strong><br \/>\nAntique ceramics, plasterboard, self-levelling mortar, plastered and plastered.<\/p>\n<p><strong>Supports that do not comply: (mandatory leveling)<\/strong><br \/>\nMortar cementitious coatings, Cement cementitious coatings, Unplastered partition walls.<\/p>\n<p>The UNE 138002 APDO. 6.1.1 standard regarding the stability of the base substrate indicates that a maximum surface flatness of 1.5 mm must be required, measured with a 2 m ruler with level as specified in section 7.10.5.4.[\/vc_column_text][vc_single_image image=&#8221;6576&#8243; img_size=&#8221;medium&#8221; onclick=&#8221;link_image&#8221;][\/vc_column_inner][\/vc_row_inner][vc_column_text]<\/p>\n<h2>Placement process<\/h2>\n<p>[\/vc_column_text][vc_empty_space height=&#8221;52px&#8221;][\/vc_column][\/vc_row][vc_row][vc_column width=&#8221;1\/3&#8243;][vc_column_text]It is advisable to clean the back of the parts before cleaning them in order to remove any traces of material from the manufacturing and grinding process.<br \/>\nFor Xlife large format parts, the contact between the part and the support or substrate must be total (100%), so all corners must be covered to avoid air gaps, so the double gluing method is recommended.<\/p>\n<h3><strong>Double gluing method<\/strong><\/h3>\n<p>The double-gluing method must always be applied when laying ceramic slabs. The adhesive should be applied both on the backing and on the back of the plate, using a notched trowel to ensure 100% wetting of the plates.<br \/>\nDouble gluing is necessary and indispensable in order to avoid any problem of holes on the back of the tile and, therefore, the stagnation of rainwater which could create dangerous tensions in the event of frost, which in turn could cause the tiles to detach. Double gluing is also necessary in order to distribute uniformly over a larger surface area the stresses caused by differential movements between the coating and the substrate, for example due to thermal variations.[\/vc_column_text][\/vc_column][vc_column width=&#8221;1\/3&#8243;][vc_column_text]<strong>Use of the double gluing technique<\/strong><\/p>\n<p><strong>1.-<\/strong> Prepare the adhesive with a blender.<\/p>\n<p><strong>2.-<\/strong> First apply the adhesive on the fixing surface. It is first spread with the smooth part of the trowel and then the adhesive is always combed in a straight line, perpendicular to the long edge of the tile. An 8 mm trowel is recommended.<\/p>\n<p><strong>3.-<\/strong> Secondly, the adhesive is applied to the back of the ceramic slab to complete the double gluing. This operation must be carried out with the smooth part of the trowel so that the entire back of the ceramic slab is impregnated with the adhesive in a thin layer.<\/p>\n<p>Then the piece is combed with the trowel.<\/p>\n<p>Spread the glue in the same direction on the workpiece and on the support.<\/p>\n<p>Carry out the operation in the shortest possible time to avoid the expiration of the maximum open time of the adhesive.After gluing the substrate and the back of the ceramic slab and within the open time of the adhesive, the slab will be placed.<\/p>\n<p><strong>4.- <\/strong>This operation must be carried out by a team of at least two installers.<\/p>\n<p>The use of the frame with suction cups is recommended for holding Xlife parts so that they can be handled more easily and without breakage.<\/p>\n<p>It must be checked beforehand that there are no obstacles to the correct handling of the plate on its way from the workbench to its final location.<\/p>\n<p><strong>5.-<\/strong> To proceed with the placement of the XLIFE slab, the piece is gently supported, keeping it slightly inclined.<\/p>\n<p><strong>6.-<\/strong> With the plate in place and the adhesive fresh, the tapping operation is performed to readjust the slab definitively and form a uniform and well compacted layer of adhesive. For this, rubber trowels will be used and the use of the rubber mallet will be avoided.<\/p>\n<p><strong>7.-<\/strong> Air holes under the tile can cause problems. A vibrator or a dough mixer is used to improve the adhesion of the glue by forming a uniform, well compacted layer of the adhesive, to facilitate the escape of air and to be able to readjust the film definitively.<\/p>\n<p>Pressures should be made from the center of the plate to the outside sides.<\/p>\n<p>After installation, the workpiece with the spacer bars is adjusted to the adjacent workpiece.<\/p>\n<p><strong>8.-<\/strong> Clean any excess adhesive from the joints before setting the adhesive.<\/p>\n<p><strong>9.-<\/strong> It is essential to apply the levelling system to each ceramic slab installed and always within the rectification or retouching time indicated by the manufacturer of the adhesives to prevent it from negatively affecting the adhesive bond.<br \/>\nInsert the spacers to create the desired joint. As a general rule, it is not recommended to leave tile-to-tile joints of less than 3 mm indoors and 6 mm outdoors, unstable substrates or on floors with underfloor heating.<br \/>\nThe grouting operation is of great importance for the final result.<\/p>\n<p><strong>10.-<\/strong> It is recommended to wait as long as possible before grouting the coating to ensure the setting and drying of the bonding material.<br \/>\nThe tile-to-tile joints must be dry, clean and empty before sealing.<br \/>\nIt is important to carry out a complete cleaning after finishing the job.<br \/>\nThis operation is the best prevention to avoid surface and stain problems in the future.<\/p>\n<p>The application of double gluing must not exceed the recommended thickness for the adhesive layer recommended by the manufacturer.[\/vc_column_text][\/vc_column][vc_column width=&#8221;1\/3&#8243;][vc_media_grid element_width=&#8221;3&#8243; gap=&#8221;10&#8243; grid_id=&#8221;vc_gid:1644228774754-563e23e4-f551-1&#8243; include=&#8221;6012,6016,6020,5972,6024,5976,5980,5984,5988,5992,5996,6004,6008&#8243;][\/vc_column][\/vc_row]<\/p>\n","protected":false},"excerpt":{"rendered":"<p>[vc_row el_class=&#8221;breadcrumb&#8221;][vc_column][\/vc_column][\/vc_row][vc_row full_width=&#8221;stretch_row&#8221; el_class=&#8221;titulo_tecnica&#8221; css=&#8221;.vc_custom_1644215572717{margin-bottom: 40px !important;border-top-width: 1px !important;border-bottom-width: 1px !important;padding-top: 10px !important;padding-bottom: 20px !important;border-top-color: #000000 !important;border-top-style: solid !important;border-bottom-color: #000000 !important;border-bottom-style: solid !important;}&#8221;][vc_column][vc_column_text] Laying recommendation for large formats. [\/vc_column_text][\/vc_column][\/vc_row][vc_row][vc_column width=&#8221;1\/2&#8243;][vc_column_text] Planning [\/vc_column_text][\/vc_column][vc_column width=&#8221;1\/2&#8243;][\/vc_column][\/vc_row][vc_row][vc_column css=&#8221;.vc_custom_1628172202128{margin-right: 0px !important;}&#8221;][vc_column_text css=&#8221;.vc_custom_1628172196387{margin-right: 200px !important;}&#8221;] To obtain the best technical and aesthetic result with XLIFE slabs, the work and installation must [&hellip;]<\/p>\n","protected":false},"author":3,"featured_media":0,"parent":0,"menu_order":0,"comment_status":"closed","ping_status":"closed","template":"","meta":{"footnotes":""},"class_list":["post-6568","page","type-page","status-publish","hentry"],"yoast_head":"<!-- This site is optimized with the Yoast SEO plugin v27.3 - https:\/\/yoast.com\/product\/yoast-seo-wordpress\/ -->\n<title>Laying recommendation for large formats - CIFRE CER\u00c1MICA<\/title>\n<meta name=\"robots\" content=\"index, follow, max-snippet:-1, max-image-preview:large, max-video-preview:-1\" \/>\n<link rel=\"canonical\" href=\"https:\/\/cifreceramica.com\/en\/laying-recommendation-large-formats\/\" \/>\n<meta property=\"og:locale\" content=\"en_US\" \/>\n<meta property=\"og:type\" content=\"article\" \/>\n<meta property=\"og:title\" content=\"Laying recommendation for large formats - CIFRE CER\u00c1MICA\" \/>\n<meta property=\"og:description\" content=\"[vc_row el_class=&#8221;breadcrumb&#8221;][vc_column][\/vc_column][\/vc_row][vc_row full_width=&#8221;stretch_row&#8221; el_class=&#8221;titulo_tecnica&#8221; css=&#8221;.vc_custom_1644215572717{margin-bottom: 40px !important;border-top-width: 1px !important;border-bottom-width: 1px !important;padding-top: 10px !important;padding-bottom: 20px !important;border-top-color: #000000 !important;border-top-style: solid !important;border-bottom-color: #000000 !important;border-bottom-style: solid !important;}&#8221;][vc_column][vc_column_text] Laying recommendation for large formats. [\/vc_column_text][\/vc_column][\/vc_row][vc_row][vc_column width=&#8221;1\/2&#8243;][vc_column_text] Planning [\/vc_column_text][\/vc_column][vc_column width=&#8221;1\/2&#8243;][\/vc_column][\/vc_row][vc_row][vc_column css=&#8221;.vc_custom_1628172202128{margin-right: 0px !important;}&#8221;][vc_column_text css=&#8221;.vc_custom_1628172196387{margin-right: 200px !important;}&#8221;] To obtain the best technical and aesthetic result with XLIFE slabs, the work and installation must [&hellip;]\" \/>\n<meta property=\"og:url\" content=\"https:\/\/cifreceramica.com\/en\/laying-recommendation-large-formats\/\" \/>\n<meta property=\"og:site_name\" content=\"CIFRE CER\u00c1MICA\" \/>\n<meta property=\"article:publisher\" content=\"https:\/\/www.facebook.com\/Cifreceramica\/\" \/>\n<meta property=\"article:modified_time\" content=\"2022-02-07T10:43:17+00:00\" \/>\n<meta name=\"twitter:card\" content=\"summary_large_image\" \/>\n<meta name=\"twitter:site\" content=\"@cifreceramica\" \/>\n<meta name=\"twitter:label1\" content=\"Est. reading time\" \/>\n\t<meta name=\"twitter:data1\" content=\"7 minutes\" \/>\n<script type=\"application\/ld+json\" class=\"yoast-schema-graph\">{\"@context\":\"https:\\\/\\\/schema.org\",\"@graph\":[{\"@type\":\"WebPage\",\"@id\":\"https:\\\/\\\/cifreceramica.com\\\/en\\\/laying-recommendation-large-formats\\\/\",\"url\":\"https:\\\/\\\/cifreceramica.com\\\/en\\\/laying-recommendation-large-formats\\\/\",\"name\":\"Laying recommendation for large formats - CIFRE CER\u00c1MICA\",\"isPartOf\":{\"@id\":\"https:\\\/\\\/cifreceramica.com\\\/#website\"},\"datePublished\":\"2021-08-05T14:00:12+00:00\",\"dateModified\":\"2022-02-07T10:43:17+00:00\",\"breadcrumb\":{\"@id\":\"https:\\\/\\\/cifreceramica.com\\\/en\\\/laying-recommendation-large-formats\\\/#breadcrumb\"},\"inLanguage\":\"en-US\",\"potentialAction\":[{\"@type\":\"ReadAction\",\"target\":[\"https:\\\/\\\/cifreceramica.com\\\/en\\\/laying-recommendation-large-formats\\\/\"]}]},{\"@type\":\"BreadcrumbList\",\"@id\":\"https:\\\/\\\/cifreceramica.com\\\/en\\\/laying-recommendation-large-formats\\\/#breadcrumb\",\"itemListElement\":[{\"@type\":\"ListItem\",\"position\":1,\"name\":\"Portada\",\"item\":\"https:\\\/\\\/cifreceramica.com\\\/en\\\/\"},{\"@type\":\"ListItem\",\"position\":2,\"name\":\"Laying recommendation for large formats\"}]},{\"@type\":\"WebSite\",\"@id\":\"https:\\\/\\\/cifreceramica.com\\\/#website\",\"url\":\"https:\\\/\\\/cifreceramica.com\\\/\",\"name\":\"CIFRE CER\u00c1MICA\",\"description\":\"Azulejo, cer\u00e1mica, decoraci\u00f3n, pavimento, revestimiento\",\"publisher\":{\"@id\":\"https:\\\/\\\/cifreceramica.com\\\/#organization\"},\"potentialAction\":[{\"@type\":\"SearchAction\",\"target\":{\"@type\":\"EntryPoint\",\"urlTemplate\":\"https:\\\/\\\/cifreceramica.com\\\/?s={search_term_string}\"},\"query-input\":{\"@type\":\"PropertyValueSpecification\",\"valueRequired\":true,\"valueName\":\"search_term_string\"}}],\"inLanguage\":\"en-US\"},{\"@type\":\"Organization\",\"@id\":\"https:\\\/\\\/cifreceramica.com\\\/#organization\",\"name\":\"CIFRE CERAMICA SL.\",\"url\":\"https:\\\/\\\/cifreceramica.com\\\/\",\"logo\":{\"@type\":\"ImageObject\",\"inLanguage\":\"en-US\",\"@id\":\"https:\\\/\\\/cifreceramica.com\\\/#\\\/schema\\\/logo\\\/image\\\/\",\"url\":\"https:\\\/\\\/cifreceramica.com\\\/wp-content\\\/uploads\\\/2020\\\/03\\\/logo-cifre.jpg\",\"contentUrl\":\"https:\\\/\\\/cifreceramica.com\\\/wp-content\\\/uploads\\\/2020\\\/03\\\/logo-cifre.jpg\",\"width\":648,\"height\":320,\"caption\":\"CIFRE CERAMICA SL.\"},\"image\":{\"@id\":\"https:\\\/\\\/cifreceramica.com\\\/#\\\/schema\\\/logo\\\/image\\\/\"},\"sameAs\":[\"https:\\\/\\\/www.facebook.com\\\/Cifreceramica\\\/\",\"https:\\\/\\\/x.com\\\/cifreceramica\",\"https:\\\/\\\/www.instagram.com\\\/cifreceramica\\\/\",\"https:\\\/\\\/www.linkedin.com\\\/cifreceramica\",\"https:\\\/\\\/www.pinterest.es\\\/CifreReport\\\/_created\\\/\",\"https:\\\/\\\/www.youtube.com\\\/channel\\\/UC6T43U-C68ZKx58s-QVY0Eg\"]}]}<\/script>\n<!-- \/ Yoast SEO plugin. -->","yoast_head_json":{"title":"Laying recommendation for large formats - CIFRE CER\u00c1MICA","robots":{"index":"index","follow":"follow","max-snippet":"max-snippet:-1","max-image-preview":"max-image-preview:large","max-video-preview":"max-video-preview:-1"},"canonical":"https:\/\/cifreceramica.com\/en\/laying-recommendation-large-formats\/","og_locale":"en_US","og_type":"article","og_title":"Laying recommendation for large formats - CIFRE CER\u00c1MICA","og_description":"[vc_row el_class=&#8221;breadcrumb&#8221;][vc_column][\/vc_column][\/vc_row][vc_row full_width=&#8221;stretch_row&#8221; el_class=&#8221;titulo_tecnica&#8221; css=&#8221;.vc_custom_1644215572717{margin-bottom: 40px !important;border-top-width: 1px !important;border-bottom-width: 1px !important;padding-top: 10px !important;padding-bottom: 20px !important;border-top-color: #000000 !important;border-top-style: solid !important;border-bottom-color: #000000 !important;border-bottom-style: solid !important;}&#8221;][vc_column][vc_column_text] Laying recommendation for large formats. [\/vc_column_text][\/vc_column][\/vc_row][vc_row][vc_column width=&#8221;1\/2&#8243;][vc_column_text] Planning [\/vc_column_text][\/vc_column][vc_column width=&#8221;1\/2&#8243;][\/vc_column][\/vc_row][vc_row][vc_column css=&#8221;.vc_custom_1628172202128{margin-right: 0px !important;}&#8221;][vc_column_text css=&#8221;.vc_custom_1628172196387{margin-right: 200px !important;}&#8221;] To obtain the best technical and aesthetic result with XLIFE slabs, the work and installation must [&hellip;]","og_url":"https:\/\/cifreceramica.com\/en\/laying-recommendation-large-formats\/","og_site_name":"CIFRE CER\u00c1MICA","article_publisher":"https:\/\/www.facebook.com\/Cifreceramica\/","article_modified_time":"2022-02-07T10:43:17+00:00","twitter_card":"summary_large_image","twitter_site":"@cifreceramica","twitter_misc":{"Est. reading time":"7 minutes"},"schema":{"@context":"https:\/\/schema.org","@graph":[{"@type":"WebPage","@id":"https:\/\/cifreceramica.com\/en\/laying-recommendation-large-formats\/","url":"https:\/\/cifreceramica.com\/en\/laying-recommendation-large-formats\/","name":"Laying recommendation for large formats - CIFRE CER\u00c1MICA","isPartOf":{"@id":"https:\/\/cifreceramica.com\/#website"},"datePublished":"2021-08-05T14:00:12+00:00","dateModified":"2022-02-07T10:43:17+00:00","breadcrumb":{"@id":"https:\/\/cifreceramica.com\/en\/laying-recommendation-large-formats\/#breadcrumb"},"inLanguage":"en-US","potentialAction":[{"@type":"ReadAction","target":["https:\/\/cifreceramica.com\/en\/laying-recommendation-large-formats\/"]}]},{"@type":"BreadcrumbList","@id":"https:\/\/cifreceramica.com\/en\/laying-recommendation-large-formats\/#breadcrumb","itemListElement":[{"@type":"ListItem","position":1,"name":"Portada","item":"https:\/\/cifreceramica.com\/en\/"},{"@type":"ListItem","position":2,"name":"Laying recommendation for large formats"}]},{"@type":"WebSite","@id":"https:\/\/cifreceramica.com\/#website","url":"https:\/\/cifreceramica.com\/","name":"CIFRE CER\u00c1MICA","description":"Azulejo, cer\u00e1mica, decoraci\u00f3n, pavimento, revestimiento","publisher":{"@id":"https:\/\/cifreceramica.com\/#organization"},"potentialAction":[{"@type":"SearchAction","target":{"@type":"EntryPoint","urlTemplate":"https:\/\/cifreceramica.com\/?s={search_term_string}"},"query-input":{"@type":"PropertyValueSpecification","valueRequired":true,"valueName":"search_term_string"}}],"inLanguage":"en-US"},{"@type":"Organization","@id":"https:\/\/cifreceramica.com\/#organization","name":"CIFRE CERAMICA SL.","url":"https:\/\/cifreceramica.com\/","logo":{"@type":"ImageObject","inLanguage":"en-US","@id":"https:\/\/cifreceramica.com\/#\/schema\/logo\/image\/","url":"https:\/\/cifreceramica.com\/wp-content\/uploads\/2020\/03\/logo-cifre.jpg","contentUrl":"https:\/\/cifreceramica.com\/wp-content\/uploads\/2020\/03\/logo-cifre.jpg","width":648,"height":320,"caption":"CIFRE CERAMICA SL."},"image":{"@id":"https:\/\/cifreceramica.com\/#\/schema\/logo\/image\/"},"sameAs":["https:\/\/www.facebook.com\/Cifreceramica\/","https:\/\/x.com\/cifreceramica","https:\/\/www.instagram.com\/cifreceramica\/","https:\/\/www.linkedin.com\/cifreceramica","https:\/\/www.pinterest.es\/CifreReport\/_created\/","https:\/\/www.youtube.com\/channel\/UC6T43U-C68ZKx58s-QVY0Eg"]}]}},"_links":{"self":[{"href":"https:\/\/cifreceramica.com\/en\/wp-json\/wp\/v2\/pages\/6568","targetHints":{"allow":["GET"]}}],"collection":[{"href":"https:\/\/cifreceramica.com\/en\/wp-json\/wp\/v2\/pages"}],"about":[{"href":"https:\/\/cifreceramica.com\/en\/wp-json\/wp\/v2\/types\/page"}],"author":[{"embeddable":true,"href":"https:\/\/cifreceramica.com\/en\/wp-json\/wp\/v2\/users\/3"}],"replies":[{"embeddable":true,"href":"https:\/\/cifreceramica.com\/en\/wp-json\/wp\/v2\/comments?post=6568"}],"version-history":[{"count":16,"href":"https:\/\/cifreceramica.com\/en\/wp-json\/wp\/v2\/pages\/6568\/revisions"}],"predecessor-version":[{"id":8349,"href":"https:\/\/cifreceramica.com\/en\/wp-json\/wp\/v2\/pages\/6568\/revisions\/8349"}],"wp:attachment":[{"href":"https:\/\/cifreceramica.com\/en\/wp-json\/wp\/v2\/media?parent=6568"}],"curies":[{"name":"wp","href":"https:\/\/api.w.org\/{rel}","templated":true}]}}