{"id":6563,"date":"2021-08-05T12:30:16","date_gmt":"2021-08-05T10:30:16","guid":{"rendered":"https:\/\/cifreceramica.com\/?page_id=6563"},"modified":"2022-02-07T10:43:00","modified_gmt":"2022-02-07T09:43:00","slug":"laying-recommendations","status":"publish","type":"page","link":"https:\/\/cifreceramica.com\/en\/laying-recommendations\/","title":{"rendered":"Laying recommendations"},"content":{"rendered":"<p>[vc_row el_class=&#8221;breadcrumb&#8221;][vc_column][\/vc_column][\/vc_row][vc_row full_width=&#8221;stretch_row&#8221; el_class=&#8221;titulo_tecnica&#8221; css=&#8221;.vc_custom_1644215572717{margin-bottom: 40px !important;border-top-width: 1px !important;border-bottom-width: 1px !important;padding-top: 10px !important;padding-bottom: 20px !important;border-top-color: #000000 !important;border-top-style: solid !important;border-bottom-color: #000000 !important;border-bottom-style: solid !important;}&#8221;][vc_column][vc_column_text]<\/p>\n<h1 style=\"text-align: center;\">Laying recommendations<\/h1>\n<p>[\/vc_column_text][\/vc_column][\/vc_row][vc_row][vc_column][vc_empty_space height=&#8221;52px&#8221;][vc_column_text]For a proper use of our products it is neccesary to pay attention on the installation. In this sense, in order to help customers, Cifre Cer\u00e1mica, s.l. indicates in the general catalogue, besides to each product, symbols corresponding to each of the 5 classified groups.<br \/>\nThe recommended minimum space between the tiles is set at 1.5 mm; smaller joints may cause tension accumulation due to contact between them without permitting the proper grout installation.<\/p>\n<p><strong>Preparation for the tile setting<\/strong><\/p>\n<p>The laying of ceramic tiles must always be carried out by an experienced professional.<br \/>\nA regulating or levelling mortar can be used, or even water-proofing or drainage layers, etc., if the situation requires it.<br \/>\nThe surfaces must be completely clean and dry before applying the mortar or the adhesive.<\/p>\n<p><strong>Choice of adhesive and method of application<\/strong><\/p>\n<p>The choice of adhesive is defined by the type of ceramic tile (the group to which it belongs and its format), the type of surface to be covered (material) and purpose of the tiled area.<br \/>\nThe choice of tilling method depends on the location of the site (outside or inside) and the dimensions of the ceramic tiles.<br \/>\nIt is recommended to use the adhesive with buttering and floating installation for more than 30 cm tile. This technique is achieved by placing adhesive both on the tile setter and on the tile, completely covering their surface.<br \/>\nIt is recommended to contact the dealer and to follow the instructions of the manufacturer.<\/p>\n<p><strong>Special care during setting<\/strong><\/p>\n<p>Due to the shrinkage of the mortar during setting, watch carefully the pauses during setting, so that this change of level can be foreseen when restarting the work.<br \/>\nRectified tiles need to be handled with especial care in order to avoid cuts to the hands and chipping and breaking to the edges of the tiles.<br \/>\nUse crossheds and spacers according to the joint, in order to maintain the orthogonality on the installation.<br \/>\nIn a brickbond fitting, it is recommended not to surpass 25% of the longest side.<\/p>\n<p><strong>Grouting<\/strong><\/p>\n<p>There are various types of joints in a site:<br \/>\n<strong>Structural Joints:<\/strong> these are designed to absorb movements in the building and must always be respected. They can be covered with adequate profiles and filed with the indicated materials.<br \/>\n<strong>Perimeter Joints:<\/strong> all joints where the wall meets the floor. The minimum width will be 8 mm and emptied or filled with a deformable material. They can be concealed with the skirting board or the wall tile.<br \/>\n<strong>Setting Joints:<\/strong> These are the spaces left between tiles. According to the UNE 138002 standard, a minimum joint is defined as one that oscillates between: 1.5 and 3 mm, an open joint that oscillates between 3 and 5 mm, and a very open joint that has + 5 mm.The minimum joint for outdoor installation should be 5mm.<br \/>\nBefore starting to apply the grout around the tiles, ensure that the mortar or adhesive is completely hard.<br \/>\nThe joints must be completely clean and without from dust and particles.<br \/>\nFill or seal the joints with grout using a grout float of hard rubber, without leaving spaces or uneven levels.<br \/>\nRemove any excess grout from the surface by moving the grout float in a motion diagonal to the joints, while the mixture is still fresh.<\/p>\n<p><strong>Finish the job<\/strong><\/p>\n<p>Cleaning the joints: respect the times advised by the manufacturer, clean the whole surface with a damp linen cloth, incluiding the grout.Clean the rest of the site with the appropriate products. Contact the dealer and never use products that contain Hydroflouric Acid HF.<\/p>\n<h3><strong>Cleaning and maintenance of the material<\/strong><\/h3>\n<p>Once the material is placed and grouted, it needs to be properly clean. An incorrect cleaning can leave remains of products used for installing or protecting the tiles such as cement, epoxy resins, grouting material, waxes, or grease. It is very important to do a first cleaning before the grout sets completely. Always follow the grout manufacturer\u2019s recommendations. For an optimal cleaning after installing, in case of heavy and embedded dirt accumulated over time, and for its maintenance, it is necessary to use the right products.<\/p>\n<p>It is recommended to test the cleaning products in a poorly visible area to ensure that they do not damage the ceramic material.<\/p>\n<p>For regular cleaning of the floors we recommend the use of a neutral detergent with high cleaning power, avoiding acidic and abrasive products. Some types of dirt (gravel, sand&#8230;), increase the abrasive effect of pedestrian traffic.<\/p>\n<p>Therefore, we recommend keeping the floor as clean as possible, protecting the entrances to circulation areas with doormats. Ceramic floors have moderate shock resistance. We shall therefore prevent the fall of heavy or sharp objects.<\/p>\n<p><strong>Drilling porcelain tiles<\/strong><\/p>\n<p>For an effective drilling, we shall use an appropriate drill for porcelain tiles, as well as a correct drilling technique.<\/p>\n<p>Tools needed:<br \/>\nDrill: with power greater than or equal to 600 W.<br \/>\nBits:<br \/>\n\u2022 Special tungsten carbide drill bit for porcelain tile: special spiral or arrowhead end.<br \/>\n\u2022 Diamond drill bit: cylindrical or crown end.<\/p>\n<p><strong>Cutting porcelain tiles<\/strong><\/p>\n<p>There are various tools that can be used for cutting porcelain tiles. We provide some indications on each of them below:<\/p>\n<p><strong>Manual cutting<\/strong><\/p>\n<p>The tool used shall have suitable characteristics for the formats, piece thicknesses, and job to carry out. Depending on the size of the roller, we recommend using an 8-mm diameter for pieces with smooth surface and an 18 mm diameter for rough surfaces.<\/p>\n<p><strong>Electric cutting<\/strong><\/p>\n<p>This tool has a diamond disc and water refrigeration system. It allows for precise cuts with some complexity, on very hard materials. It shall have suitable characteristics for the formats, piece thickness, and work to carry out. The diamond disc shall include wet and continuous band cutting. This tool is ideal for making any type of cut to porcelain tiles.<\/p>\n<p><strong>Grinder<\/strong><\/p>\n<p>It has a diamond disc. We recommend using a low-power 600-1100W approx. grinder, which uses a blade with a 115 or 125 mm diameter. The diamond disc shall include dry and continuous band cutting.[\/vc_column_text][vc_empty_space height=&#8221;52px&#8221;][\/vc_column][\/vc_row]<\/p>\n","protected":false},"excerpt":{"rendered":"<p>[vc_row el_class=&#8221;breadcrumb&#8221;][vc_column][\/vc_column][\/vc_row][vc_row full_width=&#8221;stretch_row&#8221; el_class=&#8221;titulo_tecnica&#8221; css=&#8221;.vc_custom_1644215572717{margin-bottom: 40px !important;border-top-width: 1px !important;border-bottom-width: 1px !important;padding-top: 10px !important;padding-bottom: 20px !important;border-top-color: #000000 !important;border-top-style: solid !important;border-bottom-color: #000000 !important;border-bottom-style: solid !important;}&#8221;][vc_column][vc_column_text] Laying recommendations [\/vc_column_text][\/vc_column][\/vc_row][vc_row][vc_column][vc_empty_space height=&#8221;52px&#8221;][vc_column_text]For a proper use of our products it is neccesary to pay attention on the installation. In this sense, in order to help customers, Cifre Cer\u00e1mica, s.l. indicates in [&hellip;]<\/p>\n","protected":false},"author":3,"featured_media":0,"parent":0,"menu_order":0,"comment_status":"closed","ping_status":"closed","template":"","meta":{"footnotes":""},"class_list":["post-6563","page","type-page","status-publish","hentry"],"yoast_head":"<!-- This site is optimized with the Yoast SEO plugin v27.3 - https:\/\/yoast.com\/product\/yoast-seo-wordpress\/ -->\n<title>Laying recommendations - CIFRE CER\u00c1MICA<\/title>\n<meta name=\"robots\" content=\"index, follow, max-snippet:-1, max-image-preview:large, max-video-preview:-1\" \/>\n<link rel=\"canonical\" href=\"https:\/\/cifreceramica.com\/en\/laying-recommendations\/\" \/>\n<meta property=\"og:locale\" content=\"en_US\" \/>\n<meta property=\"og:type\" content=\"article\" \/>\n<meta property=\"og:title\" content=\"Laying recommendations - CIFRE CER\u00c1MICA\" \/>\n<meta property=\"og:description\" content=\"[vc_row el_class=&#8221;breadcrumb&#8221;][vc_column][\/vc_column][\/vc_row][vc_row full_width=&#8221;stretch_row&#8221; el_class=&#8221;titulo_tecnica&#8221; css=&#8221;.vc_custom_1644215572717{margin-bottom: 40px !important;border-top-width: 1px !important;border-bottom-width: 1px !important;padding-top: 10px !important;padding-bottom: 20px !important;border-top-color: #000000 !important;border-top-style: solid !important;border-bottom-color: #000000 !important;border-bottom-style: solid !important;}&#8221;][vc_column][vc_column_text] Laying recommendations [\/vc_column_text][\/vc_column][\/vc_row][vc_row][vc_column][vc_empty_space height=&#8221;52px&#8221;][vc_column_text]For a proper use of our products it is neccesary to pay attention on the installation. In this sense, in order to help customers, Cifre Cer\u00e1mica, s.l. indicates in [&hellip;]\" \/>\n<meta property=\"og:url\" content=\"https:\/\/cifreceramica.com\/en\/laying-recommendations\/\" \/>\n<meta property=\"og:site_name\" content=\"CIFRE CER\u00c1MICA\" \/>\n<meta property=\"article:publisher\" content=\"https:\/\/www.facebook.com\/Cifreceramica\/\" \/>\n<meta property=\"article:modified_time\" content=\"2022-02-07T09:43:00+00:00\" \/>\n<meta name=\"twitter:card\" content=\"summary_large_image\" \/>\n<meta name=\"twitter:site\" content=\"@cifreceramica\" \/>\n<meta name=\"twitter:label1\" content=\"Est. reading time\" \/>\n\t<meta name=\"twitter:data1\" content=\"5 minutes\" \/>\n<script type=\"application\/ld+json\" class=\"yoast-schema-graph\">{\"@context\":\"https:\\\/\\\/schema.org\",\"@graph\":[{\"@type\":\"WebPage\",\"@id\":\"https:\\\/\\\/cifreceramica.com\\\/en\\\/laying-recommendations\\\/\",\"url\":\"https:\\\/\\\/cifreceramica.com\\\/en\\\/laying-recommendations\\\/\",\"name\":\"Laying recommendations - CIFRE CER\u00c1MICA\",\"isPartOf\":{\"@id\":\"https:\\\/\\\/cifreceramica.com\\\/#website\"},\"datePublished\":\"2021-08-05T10:30:16+00:00\",\"dateModified\":\"2022-02-07T09:43:00+00:00\",\"breadcrumb\":{\"@id\":\"https:\\\/\\\/cifreceramica.com\\\/en\\\/laying-recommendations\\\/#breadcrumb\"},\"inLanguage\":\"en-US\",\"potentialAction\":[{\"@type\":\"ReadAction\",\"target\":[\"https:\\\/\\\/cifreceramica.com\\\/en\\\/laying-recommendations\\\/\"]}]},{\"@type\":\"BreadcrumbList\",\"@id\":\"https:\\\/\\\/cifreceramica.com\\\/en\\\/laying-recommendations\\\/#breadcrumb\",\"itemListElement\":[{\"@type\":\"ListItem\",\"position\":1,\"name\":\"Portada\",\"item\":\"https:\\\/\\\/cifreceramica.com\\\/en\\\/\"},{\"@type\":\"ListItem\",\"position\":2,\"name\":\"Laying recommendations\"}]},{\"@type\":\"WebSite\",\"@id\":\"https:\\\/\\\/cifreceramica.com\\\/#website\",\"url\":\"https:\\\/\\\/cifreceramica.com\\\/\",\"name\":\"CIFRE CER\u00c1MICA\",\"description\":\"Azulejo, cer\u00e1mica, decoraci\u00f3n, pavimento, revestimiento\",\"publisher\":{\"@id\":\"https:\\\/\\\/cifreceramica.com\\\/#organization\"},\"potentialAction\":[{\"@type\":\"SearchAction\",\"target\":{\"@type\":\"EntryPoint\",\"urlTemplate\":\"https:\\\/\\\/cifreceramica.com\\\/?s={search_term_string}\"},\"query-input\":{\"@type\":\"PropertyValueSpecification\",\"valueRequired\":true,\"valueName\":\"search_term_string\"}}],\"inLanguage\":\"en-US\"},{\"@type\":\"Organization\",\"@id\":\"https:\\\/\\\/cifreceramica.com\\\/#organization\",\"name\":\"CIFRE CERAMICA SL.\",\"url\":\"https:\\\/\\\/cifreceramica.com\\\/\",\"logo\":{\"@type\":\"ImageObject\",\"inLanguage\":\"en-US\",\"@id\":\"https:\\\/\\\/cifreceramica.com\\\/#\\\/schema\\\/logo\\\/image\\\/\",\"url\":\"https:\\\/\\\/cifreceramica.com\\\/wp-content\\\/uploads\\\/2020\\\/03\\\/logo-cifre.jpg\",\"contentUrl\":\"https:\\\/\\\/cifreceramica.com\\\/wp-content\\\/uploads\\\/2020\\\/03\\\/logo-cifre.jpg\",\"width\":648,\"height\":320,\"caption\":\"CIFRE CERAMICA SL.\"},\"image\":{\"@id\":\"https:\\\/\\\/cifreceramica.com\\\/#\\\/schema\\\/logo\\\/image\\\/\"},\"sameAs\":[\"https:\\\/\\\/www.facebook.com\\\/Cifreceramica\\\/\",\"https:\\\/\\\/x.com\\\/cifreceramica\",\"https:\\\/\\\/www.instagram.com\\\/cifreceramica\\\/\",\"https:\\\/\\\/www.linkedin.com\\\/cifreceramica\",\"https:\\\/\\\/www.pinterest.es\\\/CifreReport\\\/_created\\\/\",\"https:\\\/\\\/www.youtube.com\\\/channel\\\/UC6T43U-C68ZKx58s-QVY0Eg\"]}]}<\/script>\n<!-- \/ Yoast SEO plugin. -->","yoast_head_json":{"title":"Laying recommendations - CIFRE CER\u00c1MICA","robots":{"index":"index","follow":"follow","max-snippet":"max-snippet:-1","max-image-preview":"max-image-preview:large","max-video-preview":"max-video-preview:-1"},"canonical":"https:\/\/cifreceramica.com\/en\/laying-recommendations\/","og_locale":"en_US","og_type":"article","og_title":"Laying recommendations - CIFRE CER\u00c1MICA","og_description":"[vc_row el_class=&#8221;breadcrumb&#8221;][vc_column][\/vc_column][\/vc_row][vc_row full_width=&#8221;stretch_row&#8221; el_class=&#8221;titulo_tecnica&#8221; css=&#8221;.vc_custom_1644215572717{margin-bottom: 40px !important;border-top-width: 1px !important;border-bottom-width: 1px !important;padding-top: 10px !important;padding-bottom: 20px !important;border-top-color: #000000 !important;border-top-style: solid !important;border-bottom-color: #000000 !important;border-bottom-style: solid !important;}&#8221;][vc_column][vc_column_text] Laying recommendations [\/vc_column_text][\/vc_column][\/vc_row][vc_row][vc_column][vc_empty_space height=&#8221;52px&#8221;][vc_column_text]For a proper use of our products it is neccesary to pay attention on the installation. In this sense, in order to help customers, Cifre Cer\u00e1mica, s.l. indicates in [&hellip;]","og_url":"https:\/\/cifreceramica.com\/en\/laying-recommendations\/","og_site_name":"CIFRE CER\u00c1MICA","article_publisher":"https:\/\/www.facebook.com\/Cifreceramica\/","article_modified_time":"2022-02-07T09:43:00+00:00","twitter_card":"summary_large_image","twitter_site":"@cifreceramica","twitter_misc":{"Est. reading time":"5 minutes"},"schema":{"@context":"https:\/\/schema.org","@graph":[{"@type":"WebPage","@id":"https:\/\/cifreceramica.com\/en\/laying-recommendations\/","url":"https:\/\/cifreceramica.com\/en\/laying-recommendations\/","name":"Laying recommendations - CIFRE CER\u00c1MICA","isPartOf":{"@id":"https:\/\/cifreceramica.com\/#website"},"datePublished":"2021-08-05T10:30:16+00:00","dateModified":"2022-02-07T09:43:00+00:00","breadcrumb":{"@id":"https:\/\/cifreceramica.com\/en\/laying-recommendations\/#breadcrumb"},"inLanguage":"en-US","potentialAction":[{"@type":"ReadAction","target":["https:\/\/cifreceramica.com\/en\/laying-recommendations\/"]}]},{"@type":"BreadcrumbList","@id":"https:\/\/cifreceramica.com\/en\/laying-recommendations\/#breadcrumb","itemListElement":[{"@type":"ListItem","position":1,"name":"Portada","item":"https:\/\/cifreceramica.com\/en\/"},{"@type":"ListItem","position":2,"name":"Laying recommendations"}]},{"@type":"WebSite","@id":"https:\/\/cifreceramica.com\/#website","url":"https:\/\/cifreceramica.com\/","name":"CIFRE CER\u00c1MICA","description":"Azulejo, cer\u00e1mica, decoraci\u00f3n, pavimento, revestimiento","publisher":{"@id":"https:\/\/cifreceramica.com\/#organization"},"potentialAction":[{"@type":"SearchAction","target":{"@type":"EntryPoint","urlTemplate":"https:\/\/cifreceramica.com\/?s={search_term_string}"},"query-input":{"@type":"PropertyValueSpecification","valueRequired":true,"valueName":"search_term_string"}}],"inLanguage":"en-US"},{"@type":"Organization","@id":"https:\/\/cifreceramica.com\/#organization","name":"CIFRE CERAMICA SL.","url":"https:\/\/cifreceramica.com\/","logo":{"@type":"ImageObject","inLanguage":"en-US","@id":"https:\/\/cifreceramica.com\/#\/schema\/logo\/image\/","url":"https:\/\/cifreceramica.com\/wp-content\/uploads\/2020\/03\/logo-cifre.jpg","contentUrl":"https:\/\/cifreceramica.com\/wp-content\/uploads\/2020\/03\/logo-cifre.jpg","width":648,"height":320,"caption":"CIFRE CERAMICA SL."},"image":{"@id":"https:\/\/cifreceramica.com\/#\/schema\/logo\/image\/"},"sameAs":["https:\/\/www.facebook.com\/Cifreceramica\/","https:\/\/x.com\/cifreceramica","https:\/\/www.instagram.com\/cifreceramica\/","https:\/\/www.linkedin.com\/cifreceramica","https:\/\/www.pinterest.es\/CifreReport\/_created\/","https:\/\/www.youtube.com\/channel\/UC6T43U-C68ZKx58s-QVY0Eg"]}]}},"_links":{"self":[{"href":"https:\/\/cifreceramica.com\/en\/wp-json\/wp\/v2\/pages\/6563","targetHints":{"allow":["GET"]}}],"collection":[{"href":"https:\/\/cifreceramica.com\/en\/wp-json\/wp\/v2\/pages"}],"about":[{"href":"https:\/\/cifreceramica.com\/en\/wp-json\/wp\/v2\/types\/page"}],"author":[{"embeddable":true,"href":"https:\/\/cifreceramica.com\/en\/wp-json\/wp\/v2\/users\/3"}],"replies":[{"embeddable":true,"href":"https:\/\/cifreceramica.com\/en\/wp-json\/wp\/v2\/comments?post=6563"}],"version-history":[{"count":9,"href":"https:\/\/cifreceramica.com\/en\/wp-json\/wp\/v2\/pages\/6563\/revisions"}],"predecessor-version":[{"id":8343,"href":"https:\/\/cifreceramica.com\/en\/wp-json\/wp\/v2\/pages\/6563\/revisions\/8343"}],"wp:attachment":[{"href":"https:\/\/cifreceramica.com\/en\/wp-json\/wp\/v2\/media?parent=6563"}],"curies":[{"name":"wp","href":"https:\/\/api.w.org\/{rel}","templated":true}]}}