{"id":4468,"date":"2020-06-29T21:48:42","date_gmt":"2020-06-29T19:48:42","guid":{"rendered":"https:\/\/cifreceramica.com\/xlifefusion\/"},"modified":"2024-04-09T14:48:21","modified_gmt":"2024-04-09T12:48:21","slug":"xlifefusion","status":"publish","type":"page","link":"https:\/\/cifreceramica.com\/en\/xlifefusion\/","title":{"rendered":"XlifeFusion"},"content":{"rendered":"<p>[vc_row full_width=&#8221;stretch_row_content&#8221; el_class=&#8221;breadcrumb&#8221;][vc_column][\/vc_column][\/vc_row][vc_row][vc_column][vc_single_image image=&#8221;4318&#8243; img_size=&#8221;full&#8221; alignment=&#8221;center&#8221;][\/vc_column][\/vc_row][vc_row el_class=&#8221;menu-fusion&#8221;][vc_column][vc_column_text]<\/p>\n<ul>\n<li class=\"activo\"><a href=\"\/en\/xlifefusion\/\">Xlife Fusion<\/a><\/li>\n<li><a href=\"\/en\/xlifefusion-acabados\/\">Finishes<\/a><\/li>\n<li><a href=\"\/en\/xlifefusion-productos\/\">Products<\/a><\/li>\n<li><a href=\"\/en\/xlifefusion-descargas\/\">Downloads<\/a><\/li>\n<\/ul>\n<p>[\/vc_column_text][\/vc_column][\/vc_row][vc_row][vc_column width=&#8221;1\/6&#8243;][\/vc_column][vc_column width=&#8221;2\/3&#8243;][vc_column_text el_class=&#8221;texto_xlife&#8221;]<\/p>\n<p style=\"text-align: center;\"><span style=\"color: #ffffff;\">XLIFE Fusion is born from the link of ceramic slab and design. Cifre Cer\u00e1mica&#8217;s most select materials join design and technology to make architectural and interior projects unique and exclusive.<\/span><\/p>\n<p style=\"text-align: center;\"><span style=\"color: #ffffff;\">The trend of Cifre Cer\u00e1mica in its search for new products for professionals, manages to bring together the most cutting-edge trends in decoration (large formats) and their most direct applications for the professional<\/span><\/p>\n<p>[\/vc_column_text][\/vc_column][vc_column width=&#8221;1\/6&#8243;][\/vc_column][\/vc_row][vc_row css=&#8221;.vc_custom_1642423188628{margin-top: 50px !important;}&#8221;][vc_column][vc_single_image image=&#8221;7577&#8243; img_size=&#8221;full&#8221; alignment=&#8221;center&#8221;][\/vc_column][\/vc_row][vc_row full_width=&#8221;stretch_row&#8221; el_class=&#8221;tabs-fusion&#8221;][vc_column][vc_tta_tabs style=&#8221;modern&#8221; shape=&#8221;square&#8221; color=&#8221;black&#8221; active_section=&#8221;1&#8243;][vc_tta_section title=&#8221;Countertops&#8221; tab_id=&#8221;1592556458473-2590b7cc-0c6c44e9-edb8&#8243;][vc_row_inner][vc_column_inner width=&#8221;1\/6&#8243;][\/vc_column_inner][vc_column_inner width=&#8221;2\/3&#8243;][vc_column_text]<\/p>\n<h2>Countertops<\/h2>\n<p>Customization is an essential factor in XLIFE Fusion&#8217;s worktop collection, as it follows a contemporary and elegant line, presenting pieces that are related to Cifre Cer\u00e1mica&#8217;s ceramic finishes, the possibilities of the finishes and the great range of Xlife products makes customization the main feature in this project.<\/p>\n<p>Versatile and functional pieces that easily adapt to the available space.[\/vc_column_text][\/vc_column_inner][vc_column_inner width=&#8221;1\/6&#8243;][\/vc_column_inner][\/vc_row_inner][vc_row_inner equal_height=&#8221;yes&#8221; el_class=&#8221;slide-fusion&#8221;][vc_column_inner width=&#8221;1\/12&#8243;][\/vc_column_inner][vc_column_inner width=&#8221;10\/12&#8243;][vc_single_image image=&#8221;4404&#8243; img_size=&#8221;full&#8221;][\/vc_column_inner][vc_column_inner width=&#8221;1\/12&#8243;][\/vc_column_inner][\/vc_row_inner][\/vc_tta_section][vc_tta_section title=&#8221;Washbasins&#8221; tab_id=&#8221;1592556457177-e23cb43b-e92144e9-edb8&#8243;][vc_row_inner][vc_column_inner width=&#8221;1\/6&#8243;][\/vc_column_inner][vc_column_inner width=&#8221;2\/3&#8243;][vc_column_text]<\/p>\n<h2>Washbasins<\/h2>\n<p>With this collection of ceramic bathroom furniture, Cifre Cer\u00e1mica gives the clues that illustrate how far this material can go. Our XLIFE pieces are the only protagonist of these bathroom furniture made entirely of porcelain and available both in freestand format and in a design ready to be placed on our furniture.[\/vc_column_text][\/vc_column_inner][vc_column_inner width=&#8221;1\/6&#8243;][\/vc_column_inner][\/vc_row_inner][vc_row_inner equal_height=&#8221;yes&#8221; el_class=&#8221;slide-fusion&#8221;][vc_column_inner width=&#8221;1\/12&#8243;][\/vc_column_inner][vc_column_inner width=&#8221;10\/12&#8243;][vc_single_image image=&#8221;4417&#8243; img_size=&#8221;full&#8221;][\/vc_column_inner][vc_column_inner width=&#8221;1\/12&#8243;][\/vc_column_inner][\/vc_row_inner][\/vc_tta_section][\/vc_tta_tabs][\/vc_column][\/vc_row]<\/p>\n","protected":false},"excerpt":{"rendered":"<p>[vc_row full_width=&#8221;stretch_row_content&#8221; el_class=&#8221;breadcrumb&#8221;][vc_column][\/vc_column][\/vc_row][vc_row][vc_column][vc_single_image image=&#8221;4318&#8243; img_size=&#8221;full&#8221; alignment=&#8221;center&#8221;][\/vc_column][\/vc_row][vc_row el_class=&#8221;menu-fusion&#8221;][vc_column][vc_column_text] Xlife Fusion Finishes Products Downloads [\/vc_column_text][\/vc_column][\/vc_row][vc_row][vc_column width=&#8221;1\/6&#8243;][\/vc_column][vc_column width=&#8221;2\/3&#8243;][vc_column_text el_class=&#8221;texto_xlife&#8221;] XLIFE Fusion is born from the link of ceramic slab and design. Cifre Cer\u00e1mica&#8217;s most select materials join design and technology to make architectural and interior projects unique and exclusive. The trend of Cifre Cer\u00e1mica in its search for [&hellip;]<\/p>\n","protected":false},"author":1,"featured_media":0,"parent":0,"menu_order":0,"comment_status":"closed","ping_status":"closed","template":"","meta":{"footnotes":""},"class_list":["post-4468","page","type-page","status-publish","hentry"],"yoast_head":"<!-- This site is optimized with the Yoast SEO plugin v27.3 - https:\/\/yoast.com\/product\/yoast-seo-wordpress\/ -->\n<title>XlifeFusion - CIFRE CER\u00c1MICA<\/title>\n<meta name=\"description\" content=\"Come in and discover our collection of designer bathroom furniture. A new concept: furniture, shower trays, washbasin made with our slabs.\" \/>\n<meta name=\"robots\" content=\"index, follow, max-snippet:-1, max-image-preview:large, max-video-preview:-1\" \/>\n<link rel=\"canonical\" href=\"https:\/\/cifreceramica.com\/en\/xlifefusion\/\" \/>\n<meta property=\"og:locale\" content=\"en_US\" \/>\n<meta property=\"og:type\" content=\"article\" \/>\n<meta property=\"og:title\" content=\"XlifeFusion - CIFRE CER\u00c1MICA\" \/>\n<meta property=\"og:description\" content=\"Come in and discover our collection of designer bathroom furniture. A new concept: furniture, shower trays, washbasin made with our slabs.\" \/>\n<meta property=\"og:url\" content=\"https:\/\/cifreceramica.com\/en\/xlifefusion\/\" \/>\n<meta property=\"og:site_name\" content=\"CIFRE CER\u00c1MICA\" \/>\n<meta property=\"article:publisher\" content=\"https:\/\/www.facebook.com\/Cifreceramica\/\" \/>\n<meta property=\"article:modified_time\" content=\"2024-04-09T12:48:21+00:00\" \/>\n<meta name=\"twitter:card\" content=\"summary_large_image\" \/>\n<meta name=\"twitter:site\" content=\"@cifreceramica\" \/>\n<meta name=\"twitter:label1\" content=\"Est. reading time\" \/>\n\t<meta name=\"twitter:data1\" content=\"2 minutes\" \/>\n<script type=\"application\/ld+json\" class=\"yoast-schema-graph\">{\"@context\":\"https:\\\/\\\/schema.org\",\"@graph\":[{\"@type\":\"WebPage\",\"@id\":\"https:\\\/\\\/cifreceramica.com\\\/en\\\/xlifefusion\\\/\",\"url\":\"https:\\\/\\\/cifreceramica.com\\\/en\\\/xlifefusion\\\/\",\"name\":\"XlifeFusion - CIFRE CER\u00c1MICA\",\"isPartOf\":{\"@id\":\"https:\\\/\\\/cifreceramica.com\\\/#website\"},\"datePublished\":\"2020-06-29T19:48:42+00:00\",\"dateModified\":\"2024-04-09T12:48:21+00:00\",\"description\":\"Come in and discover our collection of designer bathroom furniture. A new concept: furniture, shower trays, washbasin made with our slabs.\",\"breadcrumb\":{\"@id\":\"https:\\\/\\\/cifreceramica.com\\\/en\\\/xlifefusion\\\/#breadcrumb\"},\"inLanguage\":\"en-US\",\"potentialAction\":[{\"@type\":\"ReadAction\",\"target\":[\"https:\\\/\\\/cifreceramica.com\\\/en\\\/xlifefusion\\\/\"]}]},{\"@type\":\"BreadcrumbList\",\"@id\":\"https:\\\/\\\/cifreceramica.com\\\/en\\\/xlifefusion\\\/#breadcrumb\",\"itemListElement\":[{\"@type\":\"ListItem\",\"position\":1,\"name\":\"Portada\",\"item\":\"https:\\\/\\\/cifreceramica.com\\\/en\\\/\"},{\"@type\":\"ListItem\",\"position\":2,\"name\":\"XlifeFusion\"}]},{\"@type\":\"WebSite\",\"@id\":\"https:\\\/\\\/cifreceramica.com\\\/#website\",\"url\":\"https:\\\/\\\/cifreceramica.com\\\/\",\"name\":\"CIFRE CER\u00c1MICA\",\"description\":\"Azulejo, cer\u00e1mica, decoraci\u00f3n, pavimento, revestimiento\",\"publisher\":{\"@id\":\"https:\\\/\\\/cifreceramica.com\\\/#organization\"},\"potentialAction\":[{\"@type\":\"SearchAction\",\"target\":{\"@type\":\"EntryPoint\",\"urlTemplate\":\"https:\\\/\\\/cifreceramica.com\\\/?s={search_term_string}\"},\"query-input\":{\"@type\":\"PropertyValueSpecification\",\"valueRequired\":true,\"valueName\":\"search_term_string\"}}],\"inLanguage\":\"en-US\"},{\"@type\":\"Organization\",\"@id\":\"https:\\\/\\\/cifreceramica.com\\\/#organization\",\"name\":\"CIFRE CERAMICA SL.\",\"url\":\"https:\\\/\\\/cifreceramica.com\\\/\",\"logo\":{\"@type\":\"ImageObject\",\"inLanguage\":\"en-US\",\"@id\":\"https:\\\/\\\/cifreceramica.com\\\/#\\\/schema\\\/logo\\\/image\\\/\",\"url\":\"https:\\\/\\\/cifreceramica.com\\\/wp-content\\\/uploads\\\/2020\\\/03\\\/logo-cifre.jpg\",\"contentUrl\":\"https:\\\/\\\/cifreceramica.com\\\/wp-content\\\/uploads\\\/2020\\\/03\\\/logo-cifre.jpg\",\"width\":648,\"height\":320,\"caption\":\"CIFRE CERAMICA SL.\"},\"image\":{\"@id\":\"https:\\\/\\\/cifreceramica.com\\\/#\\\/schema\\\/logo\\\/image\\\/\"},\"sameAs\":[\"https:\\\/\\\/www.facebook.com\\\/Cifreceramica\\\/\",\"https:\\\/\\\/x.com\\\/cifreceramica\",\"https:\\\/\\\/www.instagram.com\\\/cifreceramica\\\/\",\"https:\\\/\\\/www.linkedin.com\\\/cifreceramica\",\"https:\\\/\\\/www.pinterest.es\\\/CifreReport\\\/_created\\\/\",\"https:\\\/\\\/www.youtube.com\\\/channel\\\/UC6T43U-C68ZKx58s-QVY0Eg\"]}]}<\/script>\n<!-- \/ Yoast SEO plugin. -->","yoast_head_json":{"title":"XlifeFusion - CIFRE CER\u00c1MICA","description":"Come in and discover our collection of designer bathroom furniture. A new concept: furniture, shower trays, washbasin made with our slabs.","robots":{"index":"index","follow":"follow","max-snippet":"max-snippet:-1","max-image-preview":"max-image-preview:large","max-video-preview":"max-video-preview:-1"},"canonical":"https:\/\/cifreceramica.com\/en\/xlifefusion\/","og_locale":"en_US","og_type":"article","og_title":"XlifeFusion - CIFRE CER\u00c1MICA","og_description":"Come in and discover our collection of designer bathroom furniture. A new concept: furniture, shower trays, washbasin made with our slabs.","og_url":"https:\/\/cifreceramica.com\/en\/xlifefusion\/","og_site_name":"CIFRE CER\u00c1MICA","article_publisher":"https:\/\/www.facebook.com\/Cifreceramica\/","article_modified_time":"2024-04-09T12:48:21+00:00","twitter_card":"summary_large_image","twitter_site":"@cifreceramica","twitter_misc":{"Est. reading time":"2 minutes"},"schema":{"@context":"https:\/\/schema.org","@graph":[{"@type":"WebPage","@id":"https:\/\/cifreceramica.com\/en\/xlifefusion\/","url":"https:\/\/cifreceramica.com\/en\/xlifefusion\/","name":"XlifeFusion - CIFRE CER\u00c1MICA","isPartOf":{"@id":"https:\/\/cifreceramica.com\/#website"},"datePublished":"2020-06-29T19:48:42+00:00","dateModified":"2024-04-09T12:48:21+00:00","description":"Come in and discover our collection of designer bathroom furniture. A new concept: furniture, shower trays, washbasin made with our slabs.","breadcrumb":{"@id":"https:\/\/cifreceramica.com\/en\/xlifefusion\/#breadcrumb"},"inLanguage":"en-US","potentialAction":[{"@type":"ReadAction","target":["https:\/\/cifreceramica.com\/en\/xlifefusion\/"]}]},{"@type":"BreadcrumbList","@id":"https:\/\/cifreceramica.com\/en\/xlifefusion\/#breadcrumb","itemListElement":[{"@type":"ListItem","position":1,"name":"Portada","item":"https:\/\/cifreceramica.com\/en\/"},{"@type":"ListItem","position":2,"name":"XlifeFusion"}]},{"@type":"WebSite","@id":"https:\/\/cifreceramica.com\/#website","url":"https:\/\/cifreceramica.com\/","name":"CIFRE CER\u00c1MICA","description":"Azulejo, cer\u00e1mica, decoraci\u00f3n, pavimento, revestimiento","publisher":{"@id":"https:\/\/cifreceramica.com\/#organization"},"potentialAction":[{"@type":"SearchAction","target":{"@type":"EntryPoint","urlTemplate":"https:\/\/cifreceramica.com\/?s={search_term_string}"},"query-input":{"@type":"PropertyValueSpecification","valueRequired":true,"valueName":"search_term_string"}}],"inLanguage":"en-US"},{"@type":"Organization","@id":"https:\/\/cifreceramica.com\/#organization","name":"CIFRE CERAMICA SL.","url":"https:\/\/cifreceramica.com\/","logo":{"@type":"ImageObject","inLanguage":"en-US","@id":"https:\/\/cifreceramica.com\/#\/schema\/logo\/image\/","url":"https:\/\/cifreceramica.com\/wp-content\/uploads\/2020\/03\/logo-cifre.jpg","contentUrl":"https:\/\/cifreceramica.com\/wp-content\/uploads\/2020\/03\/logo-cifre.jpg","width":648,"height":320,"caption":"CIFRE CERAMICA SL."},"image":{"@id":"https:\/\/cifreceramica.com\/#\/schema\/logo\/image\/"},"sameAs":["https:\/\/www.facebook.com\/Cifreceramica\/","https:\/\/x.com\/cifreceramica","https:\/\/www.instagram.com\/cifreceramica\/","https:\/\/www.linkedin.com\/cifreceramica","https:\/\/www.pinterest.es\/CifreReport\/_created\/","https:\/\/www.youtube.com\/channel\/UC6T43U-C68ZKx58s-QVY0Eg"]}]}},"_links":{"self":[{"href":"https:\/\/cifreceramica.com\/en\/wp-json\/wp\/v2\/pages\/4468","targetHints":{"allow":["GET"]}}],"collection":[{"href":"https:\/\/cifreceramica.com\/en\/wp-json\/wp\/v2\/pages"}],"about":[{"href":"https:\/\/cifreceramica.com\/en\/wp-json\/wp\/v2\/types\/page"}],"author":[{"embeddable":true,"href":"https:\/\/cifreceramica.com\/en\/wp-json\/wp\/v2\/users\/1"}],"replies":[{"embeddable":true,"href":"https:\/\/cifreceramica.com\/en\/wp-json\/wp\/v2\/comments?post=4468"}],"version-history":[{"count":10,"href":"https:\/\/cifreceramica.com\/en\/wp-json\/wp\/v2\/pages\/4468\/revisions"}],"predecessor-version":[{"id":11723,"href":"https:\/\/cifreceramica.com\/en\/wp-json\/wp\/v2\/pages\/4468\/revisions\/11723"}],"wp:attachment":[{"href":"https:\/\/cifreceramica.com\/en\/wp-json\/wp\/v2\/media?parent=4468"}],"curies":[{"name":"wp","href":"https:\/\/api.w.org\/{rel}","templated":true}]}}