{"id":2844,"date":"2019-09-06T10:02:01","date_gmt":"2019-09-06T08:02:01","guid":{"rendered":"https:\/\/cifreceramica.com\/cifrereport-noticia-individual\/"},"modified":"2019-09-25T12:38:17","modified_gmt":"2019-09-25T10:38:17","slug":"cifrereport-individual-news","status":"publish","type":"page","link":"https:\/\/cifreceramica.com\/en\/cifrereport-individual-news\/","title":{"rendered":"CifreReport &#8211; Individual news"},"content":{"rendered":"<p>[vc_row full_width=&#8221;stretch_row_content&#8221; el_class=&#8221;breadcrumb&#8221;][vc_column][\/vc_column][\/vc_row][vc_row full_width=&#8221;stretch_row_content_no_spaces&#8221; el_class=&#8221;titulares_top&#8221; css=&#8221;.vc_custom_1567696989223{border-bottom-width: 1px !important;padding-top: 40px !important;padding-bottom: 40px !important;border-bottom-color: #0a0a0a !important;border-bottom-style: solid !important;}&#8221;][vc_column css=&#8221;.vc_custom_1567696982567{padding-top: 0px !important;}&#8221;][vc_single_image image=&#8221;1233&#8243; img_size=&#8221;full&#8221; alignment=&#8221;center&#8221;][\/vc_column][\/vc_row][vc_row el_class=&#8221;report_categorias&#8221;][vc_column css=&#8221;.vc_custom_1567696954448{padding-top: 0px !important;}&#8221;][vc_column_text]<\/p>\n<ul>\n<li>All<\/li>\n<li>News<\/li>\n<li>Tips<\/li>\n<li>Ceramics<\/li>\n<li>Trend<\/li>\n<\/ul>\n<p>[\/vc_column_text][\/vc_column][\/vc_row][vc_row el_class=&#8221;noticia_individual&#8221;][vc_column][vc_row_inner el_class=&#8221;info_noticia&#8221;][vc_column_inner width=&#8221;1\/6&#8243;][\/vc_column_inner][vc_column_inner width=&#8221;1\/3&#8243;][vc_column_text]<span class=\"categoria\">Noticias<\/span> 1 de agosto de 2019[\/vc_column_text][\/vc_column_inner][vc_column_inner width=&#8221;1\/3&#8243;][vc_column_text]<\/p>\n<p style=\"text-align: right;\">Share\u00a0 <img loading=\"lazy\" decoding=\"async\" class=\"alignnone size-full wp-image-850\" src=\"https:\/\/cifreceramica.com\/wp-content\/uploads\/2019\/09\/facebook.png\" alt=\"\" width=\"20\" height=\"20\" \/> <img loading=\"lazy\" decoding=\"async\" class=\"alignnone size-medium wp-image-851\" src=\"https:\/\/cifreceramica.com\/wp-content\/uploads\/2019\/09\/linkedin.png\" alt=\"\" width=\"20\" height=\"20\" \/> <img loading=\"lazy\" decoding=\"async\" class=\"alignnone size-medium wp-image-852\" src=\"https:\/\/cifreceramica.com\/wp-content\/uploads\/2019\/09\/pinterest.png\" alt=\"\" width=\"20\" height=\"20\" \/> <img loading=\"lazy\" decoding=\"async\" class=\"alignnone size-medium wp-image-853\" src=\"https:\/\/cifreceramica.com\/wp-content\/uploads\/2019\/09\/twitter.png\" alt=\"\" width=\"20\" height=\"20\" \/><\/p>\n<p>[\/vc_column_text][\/vc_column_inner][vc_column_inner width=&#8221;1\/6&#8243;][\/vc_column_inner][\/vc_row_inner][vc_row_inner el_class=&#8221;imagen_destacada&#8221;][vc_column_inner width=&#8221;1\/6&#8243;][\/vc_column_inner][vc_column_inner width=&#8221;2\/3&#8243;][vc_single_image image=&#8221;1041&#8243; img_size=&#8221;full&#8221; alignment=&#8221;center&#8221;][\/vc_column_inner][vc_column_inner width=&#8221;1\/6&#8243;][\/vc_column_inner][\/vc_row_inner][vc_row_inner][vc_column_inner width=&#8221;1\/4&#8243;][\/vc_column_inner][vc_column_inner width=&#8221;1\/2&#8243;][vc_column_text el_class=&#8221;titulo_report_individual&#8221;]Cifre refuerza su compromiso con el medio ambiente al registrar una nueva Declaraci\u00f3n Ambiental de Producto[\/vc_column_text][vc_column_text el_class=&#8221;texto_report_individual&#8221;]Cifre Cer\u00e1mica ha dado estos d\u00edas un paso m\u00e1s en su compromiso para salvaguardar el medio ambiente al registrar una nueva Declaraci\u00f3n Ambiental de Producto con el programa DAPconstrucci\u00f3n\u00ae.<\/p>\n<p>En concreto, la declaraci\u00f3n incluye el producto DAPcons\u00ae 002.023 referente a un tipo e gres porcel\u00e1nico medio disponible en diferentes formatos. A nivel t\u00e9cnico, las variaciones en los resultados de la Evaluaci\u00f3n de Inventario de Ciclo de Vida (EICV) en ning\u00fan caso supera el 10%.<\/p>\n<p>La empresa Rema Ingenier\u00eda SL, miembro afiliado al programa DAPconstrucci\u00f3n\u00ae, ha sido la encargada de elaborar el An\u00e1lisis de Ciclo de Vida (ACV). La declaraci\u00f3n es v\u00e1lida hasta mayo de 2024 y se basa en las Reglas de Categor\u00eda de Producto RCP 002 para productos de revestimiento cer\u00e1mico.<br \/>\nEn este caso, se trata de un An\u00e1lisis de Ciclo de Vida de cuna a tumba, es decir, donde se analizan los impactos generados durante la fase de fabricaci\u00f3n, las etapas de construcci\u00f3n, el uso y el fin de vida del producto.<\/p>\n<p>El programa DAPconstrucci\u00f3n\u00ae se cre\u00f3 en 2008 y est\u00e1 especializado en productos de la construcci\u00f3n con el objetivo de aglutinar empresas fabricantes que desean avanzar en el an\u00e1lisis de los impactos ambientales de sus productos. Es el caso de Cifre Cer\u00e1mica, comprometida desde sus inicios con la mejora ambiental.[\/vc_column_text][\/vc_column_inner][vc_column_inner width=&#8221;1\/4&#8243;][\/vc_column_inner][\/vc_row_inner][\/vc_column][\/vc_row][vc_row el_class=&#8221;noticia_individual_otras&#8221;][vc_column][vc_row_inner][vc_column_inner width=&#8221;1\/4&#8243;][\/vc_column_inner][vc_column_inner width=&#8221;1\/2&#8243;][vc_column_text el_class=&#8221;volver_noticia_individual&#8221;]<a href=\"#\"><strong><img loading=\"lazy\" decoding=\"async\" class=\"alignnone size-full wp-image-825\" src=\"https:\/\/cifreceramica.com\/wp-content\/uploads\/2019\/09\/volver.png\" alt=\"\" width=\"5\" height=\"5\" \/>Back <\/strong><\/a>[\/vc_column_text][vc_column_text el_class=&#8221;otras_individual&#8221;]<span class=\"otra\">Previous<\/span><br \/>\n<strong>Cifre refuerza su compromiso con el medio ambiente<\/strong>[\/vc_column_text][vc_column_text el_class=&#8221;otras_individual&#8221;]<span class=\"otra\">Next<\/span><br \/>\n<strong>Cifre refuerza su compromiso con el medio ambiente<\/strong>[\/vc_column_text][\/vc_column_inner][vc_column_inner width=&#8221;1\/4&#8243;][\/vc_column_inner][\/vc_row_inner][\/vc_column][\/vc_row]<\/p>\n","protected":false},"excerpt":{"rendered":"<p>[vc_row full_width=&#8221;stretch_row_content&#8221; el_class=&#8221;breadcrumb&#8221;][vc_column][\/vc_column][\/vc_row][vc_row full_width=&#8221;stretch_row_content_no_spaces&#8221; el_class=&#8221;titulares_top&#8221; css=&#8221;.vc_custom_1567696989223{border-bottom-width: 1px !important;padding-top: 40px !important;padding-bottom: 40px !important;border-bottom-color: #0a0a0a !important;border-bottom-style: solid !important;}&#8221;][vc_column css=&#8221;.vc_custom_1567696982567{padding-top: 0px !important;}&#8221;][vc_single_image image=&#8221;1233&#8243; img_size=&#8221;full&#8221; alignment=&#8221;center&#8221;][\/vc_column][\/vc_row][vc_row el_class=&#8221;report_categorias&#8221;][vc_column css=&#8221;.vc_custom_1567696954448{padding-top: 0px !important;}&#8221;][vc_column_text] All News Tips Ceramics Trend [\/vc_column_text][\/vc_column][\/vc_row][vc_row el_class=&#8221;noticia_individual&#8221;][vc_column][vc_row_inner el_class=&#8221;info_noticia&#8221;][vc_column_inner width=&#8221;1\/6&#8243;][\/vc_column_inner][vc_column_inner width=&#8221;1\/3&#8243;][vc_column_text]Noticias 1 de agosto de 2019[\/vc_column_text][\/vc_column_inner][vc_column_inner width=&#8221;1\/3&#8243;][vc_column_text] Share\u00a0 [\/vc_column_text][\/vc_column_inner][vc_column_inner width=&#8221;1\/6&#8243;][\/vc_column_inner][\/vc_row_inner][vc_row_inner el_class=&#8221;imagen_destacada&#8221;][vc_column_inner width=&#8221;1\/6&#8243;][\/vc_column_inner][vc_column_inner width=&#8221;2\/3&#8243;][vc_single_image image=&#8221;1041&#8243; img_size=&#8221;full&#8221; alignment=&#8221;center&#8221;][\/vc_column_inner][vc_column_inner width=&#8221;1\/6&#8243;][\/vc_column_inner][\/vc_row_inner][vc_row_inner][vc_column_inner width=&#8221;1\/4&#8243;][\/vc_column_inner][vc_column_inner width=&#8221;1\/2&#8243;][vc_column_text el_class=&#8221;titulo_report_individual&#8221;]Cifre [&hellip;]<\/p>\n","protected":false},"author":1,"featured_media":0,"parent":0,"menu_order":0,"comment_status":"closed","ping_status":"closed","template":"","meta":{"footnotes":""},"class_list":["post-2844","page","type-page","status-publish","hentry"],"yoast_head":"<!-- This site is optimized with the Yoast SEO plugin v27.3 - https:\/\/yoast.com\/product\/yoast-seo-wordpress\/ -->\n<title>CifreReport - Individual news - CIFRE CER\u00c1MICA<\/title>\n<meta name=\"robots\" content=\"index, follow, max-snippet:-1, max-image-preview:large, max-video-preview:-1\" \/>\n<link rel=\"canonical\" href=\"https:\/\/cifreceramica.com\/en\/cifrereport-individual-news\/\" \/>\n<meta property=\"og:locale\" content=\"en_US\" \/>\n<meta property=\"og:type\" content=\"article\" \/>\n<meta property=\"og:title\" content=\"CifreReport - Individual news - CIFRE CER\u00c1MICA\" \/>\n<meta property=\"og:description\" content=\"[vc_row full_width=&#8221;stretch_row_content&#8221; el_class=&#8221;breadcrumb&#8221;][vc_column][\/vc_column][\/vc_row][vc_row full_width=&#8221;stretch_row_content_no_spaces&#8221; el_class=&#8221;titulares_top&#8221; css=&#8221;.vc_custom_1567696989223{border-bottom-width: 1px !important;padding-top: 40px !important;padding-bottom: 40px !important;border-bottom-color: #0a0a0a !important;border-bottom-style: solid !important;}&#8221;][vc_column css=&#8221;.vc_custom_1567696982567{padding-top: 0px !important;}&#8221;][vc_single_image image=&#8221;1233&#8243; img_size=&#8221;full&#8221; alignment=&#8221;center&#8221;][\/vc_column][\/vc_row][vc_row el_class=&#8221;report_categorias&#8221;][vc_column css=&#8221;.vc_custom_1567696954448{padding-top: 0px !important;}&#8221;][vc_column_text] All News Tips Ceramics Trend [\/vc_column_text][\/vc_column][\/vc_row][vc_row el_class=&#8221;noticia_individual&#8221;][vc_column][vc_row_inner el_class=&#8221;info_noticia&#8221;][vc_column_inner width=&#8221;1\/6&#8243;][\/vc_column_inner][vc_column_inner width=&#8221;1\/3&#8243;][vc_column_text]Noticias 1 de agosto de 2019[\/vc_column_text][\/vc_column_inner][vc_column_inner width=&#8221;1\/3&#8243;][vc_column_text] Share\u00a0 [\/vc_column_text][\/vc_column_inner][vc_column_inner width=&#8221;1\/6&#8243;][\/vc_column_inner][\/vc_row_inner][vc_row_inner el_class=&#8221;imagen_destacada&#8221;][vc_column_inner width=&#8221;1\/6&#8243;][\/vc_column_inner][vc_column_inner width=&#8221;2\/3&#8243;][vc_single_image image=&#8221;1041&#8243; img_size=&#8221;full&#8221; alignment=&#8221;center&#8221;][\/vc_column_inner][vc_column_inner width=&#8221;1\/6&#8243;][\/vc_column_inner][\/vc_row_inner][vc_row_inner][vc_column_inner width=&#8221;1\/4&#8243;][\/vc_column_inner][vc_column_inner width=&#8221;1\/2&#8243;][vc_column_text el_class=&#8221;titulo_report_individual&#8221;]Cifre [&hellip;]\" \/>\n<meta property=\"og:url\" content=\"https:\/\/cifreceramica.com\/en\/cifrereport-individual-news\/\" \/>\n<meta property=\"og:site_name\" content=\"CIFRE CER\u00c1MICA\" \/>\n<meta property=\"article:publisher\" content=\"https:\/\/www.facebook.com\/Cifreceramica\/\" \/>\n<meta property=\"article:modified_time\" content=\"2019-09-25T10:38:17+00:00\" \/>\n<meta property=\"og:image\" content=\"https:\/\/cifreceramica.com\/wp-content\/uploads\/2019\/09\/facebook.png\" \/>\n<meta name=\"twitter:card\" content=\"summary_large_image\" \/>\n<meta name=\"twitter:site\" content=\"@cifreceramica\" \/>\n<meta name=\"twitter:label1\" content=\"Est. reading time\" \/>\n\t<meta name=\"twitter:data1\" content=\"3 minutes\" \/>\n<script type=\"application\/ld+json\" class=\"yoast-schema-graph\">{\"@context\":\"https:\\\/\\\/schema.org\",\"@graph\":[{\"@type\":\"WebPage\",\"@id\":\"https:\\\/\\\/cifreceramica.com\\\/en\\\/cifrereport-individual-news\\\/\",\"url\":\"https:\\\/\\\/cifreceramica.com\\\/en\\\/cifrereport-individual-news\\\/\",\"name\":\"CifreReport - Individual news - CIFRE CER\u00c1MICA\",\"isPartOf\":{\"@id\":\"https:\\\/\\\/cifreceramica.com\\\/#website\"},\"primaryImageOfPage\":{\"@id\":\"https:\\\/\\\/cifreceramica.com\\\/en\\\/cifrereport-individual-news\\\/#primaryimage\"},\"image\":{\"@id\":\"https:\\\/\\\/cifreceramica.com\\\/en\\\/cifrereport-individual-news\\\/#primaryimage\"},\"thumbnailUrl\":\"https:\\\/\\\/cifreceramica.com\\\/wp-content\\\/uploads\\\/2019\\\/09\\\/facebook.png\",\"datePublished\":\"2019-09-06T08:02:01+00:00\",\"dateModified\":\"2019-09-25T10:38:17+00:00\",\"breadcrumb\":{\"@id\":\"https:\\\/\\\/cifreceramica.com\\\/en\\\/cifrereport-individual-news\\\/#breadcrumb\"},\"inLanguage\":\"en-US\",\"potentialAction\":[{\"@type\":\"ReadAction\",\"target\":[\"https:\\\/\\\/cifreceramica.com\\\/en\\\/cifrereport-individual-news\\\/\"]}]},{\"@type\":\"ImageObject\",\"inLanguage\":\"en-US\",\"@id\":\"https:\\\/\\\/cifreceramica.com\\\/en\\\/cifrereport-individual-news\\\/#primaryimage\",\"url\":\"https:\\\/\\\/cifreceramica.com\\\/wp-content\\\/uploads\\\/2019\\\/09\\\/facebook.png\",\"contentUrl\":\"https:\\\/\\\/cifreceramica.com\\\/wp-content\\\/uploads\\\/2019\\\/09\\\/facebook.png\"},{\"@type\":\"BreadcrumbList\",\"@id\":\"https:\\\/\\\/cifreceramica.com\\\/en\\\/cifrereport-individual-news\\\/#breadcrumb\",\"itemListElement\":[{\"@type\":\"ListItem\",\"position\":1,\"name\":\"Portada\",\"item\":\"https:\\\/\\\/cifreceramica.com\\\/en\\\/\"},{\"@type\":\"ListItem\",\"position\":2,\"name\":\"CifreReport &#8211; Individual news\"}]},{\"@type\":\"WebSite\",\"@id\":\"https:\\\/\\\/cifreceramica.com\\\/#website\",\"url\":\"https:\\\/\\\/cifreceramica.com\\\/\",\"name\":\"CIFRE CER\u00c1MICA\",\"description\":\"Azulejo, cer\u00e1mica, decoraci\u00f3n, pavimento, revestimiento\",\"publisher\":{\"@id\":\"https:\\\/\\\/cifreceramica.com\\\/#organization\"},\"potentialAction\":[{\"@type\":\"SearchAction\",\"target\":{\"@type\":\"EntryPoint\",\"urlTemplate\":\"https:\\\/\\\/cifreceramica.com\\\/?s={search_term_string}\"},\"query-input\":{\"@type\":\"PropertyValueSpecification\",\"valueRequired\":true,\"valueName\":\"search_term_string\"}}],\"inLanguage\":\"en-US\"},{\"@type\":\"Organization\",\"@id\":\"https:\\\/\\\/cifreceramica.com\\\/#organization\",\"name\":\"CIFRE CERAMICA SL.\",\"url\":\"https:\\\/\\\/cifreceramica.com\\\/\",\"logo\":{\"@type\":\"ImageObject\",\"inLanguage\":\"en-US\",\"@id\":\"https:\\\/\\\/cifreceramica.com\\\/#\\\/schema\\\/logo\\\/image\\\/\",\"url\":\"https:\\\/\\\/cifreceramica.com\\\/wp-content\\\/uploads\\\/2020\\\/03\\\/logo-cifre.jpg\",\"contentUrl\":\"https:\\\/\\\/cifreceramica.com\\\/wp-content\\\/uploads\\\/2020\\\/03\\\/logo-cifre.jpg\",\"width\":648,\"height\":320,\"caption\":\"CIFRE CERAMICA SL.\"},\"image\":{\"@id\":\"https:\\\/\\\/cifreceramica.com\\\/#\\\/schema\\\/logo\\\/image\\\/\"},\"sameAs\":[\"https:\\\/\\\/www.facebook.com\\\/Cifreceramica\\\/\",\"https:\\\/\\\/x.com\\\/cifreceramica\",\"https:\\\/\\\/www.instagram.com\\\/cifreceramica\\\/\",\"https:\\\/\\\/www.linkedin.com\\\/cifreceramica\",\"https:\\\/\\\/www.pinterest.es\\\/CifreReport\\\/_created\\\/\",\"https:\\\/\\\/www.youtube.com\\\/channel\\\/UC6T43U-C68ZKx58s-QVY0Eg\"]}]}<\/script>\n<!-- \/ Yoast SEO plugin. -->","yoast_head_json":{"title":"CifreReport - Individual news - CIFRE CER\u00c1MICA","robots":{"index":"index","follow":"follow","max-snippet":"max-snippet:-1","max-image-preview":"max-image-preview:large","max-video-preview":"max-video-preview:-1"},"canonical":"https:\/\/cifreceramica.com\/en\/cifrereport-individual-news\/","og_locale":"en_US","og_type":"article","og_title":"CifreReport - Individual news - CIFRE CER\u00c1MICA","og_description":"[vc_row full_width=&#8221;stretch_row_content&#8221; el_class=&#8221;breadcrumb&#8221;][vc_column][\/vc_column][\/vc_row][vc_row full_width=&#8221;stretch_row_content_no_spaces&#8221; el_class=&#8221;titulares_top&#8221; css=&#8221;.vc_custom_1567696989223{border-bottom-width: 1px !important;padding-top: 40px !important;padding-bottom: 40px !important;border-bottom-color: #0a0a0a !important;border-bottom-style: solid !important;}&#8221;][vc_column css=&#8221;.vc_custom_1567696982567{padding-top: 0px !important;}&#8221;][vc_single_image image=&#8221;1233&#8243; img_size=&#8221;full&#8221; alignment=&#8221;center&#8221;][\/vc_column][\/vc_row][vc_row el_class=&#8221;report_categorias&#8221;][vc_column css=&#8221;.vc_custom_1567696954448{padding-top: 0px !important;}&#8221;][vc_column_text] All News Tips Ceramics Trend [\/vc_column_text][\/vc_column][\/vc_row][vc_row el_class=&#8221;noticia_individual&#8221;][vc_column][vc_row_inner el_class=&#8221;info_noticia&#8221;][vc_column_inner width=&#8221;1\/6&#8243;][\/vc_column_inner][vc_column_inner width=&#8221;1\/3&#8243;][vc_column_text]Noticias 1 de agosto de 2019[\/vc_column_text][\/vc_column_inner][vc_column_inner width=&#8221;1\/3&#8243;][vc_column_text] Share\u00a0 [\/vc_column_text][\/vc_column_inner][vc_column_inner width=&#8221;1\/6&#8243;][\/vc_column_inner][\/vc_row_inner][vc_row_inner el_class=&#8221;imagen_destacada&#8221;][vc_column_inner width=&#8221;1\/6&#8243;][\/vc_column_inner][vc_column_inner width=&#8221;2\/3&#8243;][vc_single_image image=&#8221;1041&#8243; img_size=&#8221;full&#8221; alignment=&#8221;center&#8221;][\/vc_column_inner][vc_column_inner width=&#8221;1\/6&#8243;][\/vc_column_inner][\/vc_row_inner][vc_row_inner][vc_column_inner width=&#8221;1\/4&#8243;][\/vc_column_inner][vc_column_inner width=&#8221;1\/2&#8243;][vc_column_text el_class=&#8221;titulo_report_individual&#8221;]Cifre [&hellip;]","og_url":"https:\/\/cifreceramica.com\/en\/cifrereport-individual-news\/","og_site_name":"CIFRE CER\u00c1MICA","article_publisher":"https:\/\/www.facebook.com\/Cifreceramica\/","article_modified_time":"2019-09-25T10:38:17+00:00","og_image":[{"url":"https:\/\/cifreceramica.com\/wp-content\/uploads\/2019\/09\/facebook.png","type":"","width":"","height":""}],"twitter_card":"summary_large_image","twitter_site":"@cifreceramica","twitter_misc":{"Est. reading time":"3 minutes"},"schema":{"@context":"https:\/\/schema.org","@graph":[{"@type":"WebPage","@id":"https:\/\/cifreceramica.com\/en\/cifrereport-individual-news\/","url":"https:\/\/cifreceramica.com\/en\/cifrereport-individual-news\/","name":"CifreReport - Individual news - CIFRE CER\u00c1MICA","isPartOf":{"@id":"https:\/\/cifreceramica.com\/#website"},"primaryImageOfPage":{"@id":"https:\/\/cifreceramica.com\/en\/cifrereport-individual-news\/#primaryimage"},"image":{"@id":"https:\/\/cifreceramica.com\/en\/cifrereport-individual-news\/#primaryimage"},"thumbnailUrl":"https:\/\/cifreceramica.com\/wp-content\/uploads\/2019\/09\/facebook.png","datePublished":"2019-09-06T08:02:01+00:00","dateModified":"2019-09-25T10:38:17+00:00","breadcrumb":{"@id":"https:\/\/cifreceramica.com\/en\/cifrereport-individual-news\/#breadcrumb"},"inLanguage":"en-US","potentialAction":[{"@type":"ReadAction","target":["https:\/\/cifreceramica.com\/en\/cifrereport-individual-news\/"]}]},{"@type":"ImageObject","inLanguage":"en-US","@id":"https:\/\/cifreceramica.com\/en\/cifrereport-individual-news\/#primaryimage","url":"https:\/\/cifreceramica.com\/wp-content\/uploads\/2019\/09\/facebook.png","contentUrl":"https:\/\/cifreceramica.com\/wp-content\/uploads\/2019\/09\/facebook.png"},{"@type":"BreadcrumbList","@id":"https:\/\/cifreceramica.com\/en\/cifrereport-individual-news\/#breadcrumb","itemListElement":[{"@type":"ListItem","position":1,"name":"Portada","item":"https:\/\/cifreceramica.com\/en\/"},{"@type":"ListItem","position":2,"name":"CifreReport &#8211; Individual news"}]},{"@type":"WebSite","@id":"https:\/\/cifreceramica.com\/#website","url":"https:\/\/cifreceramica.com\/","name":"CIFRE CER\u00c1MICA","description":"Azulejo, cer\u00e1mica, decoraci\u00f3n, pavimento, revestimiento","publisher":{"@id":"https:\/\/cifreceramica.com\/#organization"},"potentialAction":[{"@type":"SearchAction","target":{"@type":"EntryPoint","urlTemplate":"https:\/\/cifreceramica.com\/?s={search_term_string}"},"query-input":{"@type":"PropertyValueSpecification","valueRequired":true,"valueName":"search_term_string"}}],"inLanguage":"en-US"},{"@type":"Organization","@id":"https:\/\/cifreceramica.com\/#organization","name":"CIFRE CERAMICA SL.","url":"https:\/\/cifreceramica.com\/","logo":{"@type":"ImageObject","inLanguage":"en-US","@id":"https:\/\/cifreceramica.com\/#\/schema\/logo\/image\/","url":"https:\/\/cifreceramica.com\/wp-content\/uploads\/2020\/03\/logo-cifre.jpg","contentUrl":"https:\/\/cifreceramica.com\/wp-content\/uploads\/2020\/03\/logo-cifre.jpg","width":648,"height":320,"caption":"CIFRE CERAMICA SL."},"image":{"@id":"https:\/\/cifreceramica.com\/#\/schema\/logo\/image\/"},"sameAs":["https:\/\/www.facebook.com\/Cifreceramica\/","https:\/\/x.com\/cifreceramica","https:\/\/www.instagram.com\/cifreceramica\/","https:\/\/www.linkedin.com\/cifreceramica","https:\/\/www.pinterest.es\/CifreReport\/_created\/","https:\/\/www.youtube.com\/channel\/UC6T43U-C68ZKx58s-QVY0Eg"]}]}},"_links":{"self":[{"href":"https:\/\/cifreceramica.com\/en\/wp-json\/wp\/v2\/pages\/2844","targetHints":{"allow":["GET"]}}],"collection":[{"href":"https:\/\/cifreceramica.com\/en\/wp-json\/wp\/v2\/pages"}],"about":[{"href":"https:\/\/cifreceramica.com\/en\/wp-json\/wp\/v2\/types\/page"}],"author":[{"embeddable":true,"href":"https:\/\/cifreceramica.com\/en\/wp-json\/wp\/v2\/users\/1"}],"replies":[{"embeddable":true,"href":"https:\/\/cifreceramica.com\/en\/wp-json\/wp\/v2\/comments?post=2844"}],"version-history":[{"count":3,"href":"https:\/\/cifreceramica.com\/en\/wp-json\/wp\/v2\/pages\/2844\/revisions"}],"predecessor-version":[{"id":2847,"href":"https:\/\/cifreceramica.com\/en\/wp-json\/wp\/v2\/pages\/2844\/revisions\/2847"}],"wp:attachment":[{"href":"https:\/\/cifreceramica.com\/en\/wp-json\/wp\/v2\/media?parent=2844"}],"curies":[{"name":"wp","href":"https:\/\/api.w.org\/{rel}","templated":true}]}}