{"id":1753,"date":"2019-09-06T12:55:07","date_gmt":"2019-09-06T10:55:07","guid":{"rendered":"https:\/\/cifreceramica.com\/feria-coleccion\/"},"modified":"2019-09-19T15:25:23","modified_gmt":"2019-09-19T13:25:23","slug":"feria-coleccion","status":"publish","type":"page","link":"https:\/\/cifreceramica.com\/en\/feria-coleccion\/","title":{"rendered":"Feria Colecci\u00f3n"},"content":{"rendered":"<p>[vc_row full_width=&#8221;stretch_row_content&#8221; el_class=&#8221;breadcrumb&#8221;][vc_column][\/vc_column][\/vc_row][vc_row el_class=&#8221;bloque&#8221;][vc_column][\/vc_column][\/vc_row][vc_row][vc_column width=&#8221;1\/12&#8243;][\/vc_column][vc_column width=&#8221;10\/12&#8243; el_class=&#8221;seleccion_acciones_top&#8221; css=&#8221;.vc_custom_1567593541023{padding-top: 0px !important;}&#8221;][vc_row_inner][vc_column_inner width=&#8221;1\/5&#8243;][\/vc_column_inner][vc_column_inner width=&#8221;1\/5&#8243;][\/vc_column_inner][vc_column_inner width=&#8221;1\/5&#8243;][vc_column_text el_class=&#8221;guardar_seleccion item&#8221;]Cersaie 2019[\/vc_column_text][\/vc_column_inner][vc_column_inner width=&#8221;1\/5&#8243;][\/vc_column_inner][vc_column_inner width=&#8221;1\/5&#8243;][\/vc_column_inner][\/vc_row_inner][\/vc_column][vc_column width=&#8221;1\/12&#8243;][\/vc_column][\/vc_row][vc_row el_class=&#8221;titulares_top feria&#8221; css=&#8221;.vc_custom_1567767875927{padding-top: 20px !important;}&#8221;][vc_column][vc_column_text]<\/p>\n<h1>Nombre colecci\u00f3n<\/h1>\n<p>[\/vc_column_text][vc_column_text el_class=&#8221;minititular&#8221;]porcel\u00e1nico[\/vc_column_text][vc_column_text]<\/p>\n<p style=\"text-align: center; font-size: 12px;\">20\u00d7120 \/ <span class=\"tipo\">8\u201dx48\u201d<\/span> \u00b7 60\u00d7120 \/ <span class=\"tipo\">24\u201dx48\u201d<\/span> \u00b7 60\u00d760 \/ <span class=\"tipo\">24\u201dx24\u201d<\/span> \u00b7 30\u00d760 \/ <span class=\"tipo\">12\u201dx24\u201d<\/span> \u00b7 10\u00d760 \/ <span class=\"tipo\">4\u201dx24\u201d<\/span><\/p>\n<p>[\/vc_column_text][\/vc_column][\/vc_row][vc_row el_class=&#8221;bloque imagenes_feria&#8221;][vc_column width=&#8221;1\/6&#8243;][\/vc_column][vc_column width=&#8221;2\/3&#8243;][vc_single_image image=&#8221;1245&#8243; img_size=&#8221;full&#8221; alignment=&#8221;center&#8221; css=&#8221;.vc_custom_1567767470481{margin-bottom: 10px !important;}&#8221;][vc_single_image image=&#8221;1245&#8243; img_size=&#8221;full&#8221; alignment=&#8221;center&#8221; css=&#8221;.vc_custom_1567767470481{margin-bottom: 10px !important;}&#8221;][vc_single_image image=&#8221;1245&#8243; img_size=&#8221;full&#8221; alignment=&#8221;center&#8221; css=&#8221;.vc_custom_1567767470481{margin-bottom: 10px !important;}&#8221;][vc_single_image image=&#8221;1245&#8243; img_size=&#8221;full&#8221; alignment=&#8221;center&#8221; css=&#8221;.vc_custom_1567767470481{margin-bottom: 10px !important;}&#8221;][\/vc_column][vc_column width=&#8221;1\/6&#8243;][\/vc_column][\/vc_row][vc_row el_class=&#8221;bloque&#8221;][vc_column][vc_column_text]<\/p>\n<p style=\"font-size: 12px; text-align: center;\">Share<br \/>\n<img loading=\"lazy\" decoding=\"async\" class=\"alignnone size-full wp-image-853\" src=\"https:\/\/cifreceramica.com\/wp-content\/uploads\/2019\/09\/twitter.png\" alt=\"\" width=\"20\" height=\"20\" \/> <img loading=\"lazy\" decoding=\"async\" class=\"alignnone size-full wp-image-851\" src=\"https:\/\/cifreceramica.com\/wp-content\/uploads\/2019\/09\/linkedin.png\" alt=\"\" width=\"20\" height=\"20\" \/> <img loading=\"lazy\" decoding=\"async\" class=\"alignnone size-full wp-image-852\" src=\"https:\/\/cifreceramica.com\/wp-content\/uploads\/2019\/09\/pinterest.png\" alt=\"\" width=\"20\" height=\"20\" \/> <img loading=\"lazy\" decoding=\"async\" class=\"alignnone size-full wp-image-850\" src=\"https:\/\/cifreceramica.com\/wp-content\/uploads\/2019\/09\/facebook.png\" alt=\"\" width=\"20\" height=\"20\" \/><\/p>\n<p>[\/vc_column_text][\/vc_column][\/vc_row][vc_row full_width=&#8221;stretch_row&#8221; css=&#8221;.vc_custom_1567768678556{border-top-width: 1px !important;border-top-color: #0a0a0a !important;border-top-style: solid !important;}&#8221; el_class=&#8221;navegacion_feria&#8221;][vc_column width=&#8221;1\/6&#8243;][\/vc_column][vc_column width=&#8221;2\/3&#8243;][vc_row_inner][vc_column_inner el_class=&#8221;left&#8221; width=&#8221;1\/3&#8243;][vc_single_image image=&#8221;1263&#8243; img_size=&#8221;full&#8221;][vc_column_text]PREVIOUS COLLECTION[\/vc_column_text][vc_column_text]<strong>Nombre<\/strong>[\/vc_column_text][\/vc_column_inner][vc_column_inner width=&#8221;1\/3&#8243;][vc_btn title=&#8221;BACK&#8221; style=&#8221;outline-custom&#8221; outline_custom_color=&#8221;#0a0a0a&#8221; outline_custom_hover_background=&#8221;#0a0a0a&#8221; outline_custom_hover_text=&#8221;#ffffff&#8221; shape=&#8221;square&#8221; size=&#8221;sm&#8221; align=&#8221;center&#8221; el_class=&#8221;boton_negro&#8221; link=&#8221;url:%23|||&#8221;][\/vc_column_inner][vc_column_inner el_class=&#8221;right&#8221; width=&#8221;1\/3&#8243;][vc_single_image image=&#8221;1266&#8243; img_size=&#8221;full&#8221;][vc_column_text]NEXT COLLECTION[\/vc_column_text][vc_column_text]<strong>Nombre<\/strong>[\/vc_column_text][\/vc_column_inner][\/vc_row_inner][\/vc_column][vc_column width=&#8221;1\/6&#8243;][\/vc_column][\/vc_row]<\/p>\n","protected":false},"excerpt":{"rendered":"<p>[vc_row full_width=&#8221;stretch_row_content&#8221; el_class=&#8221;breadcrumb&#8221;][vc_column][\/vc_column][\/vc_row][vc_row el_class=&#8221;bloque&#8221;][vc_column][\/vc_column][\/vc_row][vc_row][vc_column width=&#8221;1\/12&#8243;][\/vc_column][vc_column width=&#8221;10\/12&#8243; el_class=&#8221;seleccion_acciones_top&#8221; css=&#8221;.vc_custom_1567593541023{padding-top: 0px !important;}&#8221;][vc_row_inner][vc_column_inner width=&#8221;1\/5&#8243;][\/vc_column_inner][vc_column_inner width=&#8221;1\/5&#8243;][\/vc_column_inner][vc_column_inner width=&#8221;1\/5&#8243;][vc_column_text el_class=&#8221;guardar_seleccion item&#8221;]Cersaie 2019[\/vc_column_text][\/vc_column_inner][vc_column_inner width=&#8221;1\/5&#8243;][\/vc_column_inner][vc_column_inner width=&#8221;1\/5&#8243;][\/vc_column_inner][\/vc_row_inner][\/vc_column][vc_column width=&#8221;1\/12&#8243;][\/vc_column][\/vc_row][vc_row el_class=&#8221;titulares_top feria&#8221; css=&#8221;.vc_custom_1567767875927{padding-top: 20px !important;}&#8221;][vc_column][vc_column_text] Nombre colecci\u00f3n [\/vc_column_text][vc_column_text el_class=&#8221;minititular&#8221;]porcel\u00e1nico[\/vc_column_text][vc_column_text] 20\u00d7120 \/ 8\u201dx48\u201d \u00b7 60\u00d7120 \/ 24\u201dx48\u201d \u00b7 60\u00d760 \/ 24\u201dx24\u201d \u00b7 30\u00d760 \/ 12\u201dx24\u201d \u00b7 10\u00d760 \/ 4\u201dx24\u201d [\/vc_column_text][\/vc_column][\/vc_row][vc_row el_class=&#8221;bloque imagenes_feria&#8221;][vc_column width=&#8221;1\/6&#8243;][\/vc_column][vc_column width=&#8221;2\/3&#8243;][vc_single_image image=&#8221;1245&#8243; img_size=&#8221;full&#8221; alignment=&#8221;center&#8221; [&hellip;]<\/p>\n","protected":false},"author":1,"featured_media":0,"parent":0,"menu_order":0,"comment_status":"closed","ping_status":"closed","template":"","meta":{"footnotes":""},"class_list":["post-1753","page","type-page","status-publish","hentry"],"yoast_head":"<!-- This site is optimized with the Yoast SEO plugin v27.3 - https:\/\/yoast.com\/product\/yoast-seo-wordpress\/ -->\n<title>Feria Colecci\u00f3n - CIFRE CER\u00c1MICA<\/title>\n<meta name=\"robots\" content=\"index, follow, max-snippet:-1, max-image-preview:large, max-video-preview:-1\" \/>\n<link rel=\"canonical\" href=\"https:\/\/cifreceramica.com\/en\/feria-coleccion\/\" \/>\n<meta property=\"og:locale\" content=\"en_US\" \/>\n<meta property=\"og:type\" content=\"article\" \/>\n<meta property=\"og:title\" content=\"Feria Colecci\u00f3n - CIFRE CER\u00c1MICA\" \/>\n<meta property=\"og:description\" content=\"[vc_row full_width=&#8221;stretch_row_content&#8221; el_class=&#8221;breadcrumb&#8221;][vc_column][\/vc_column][\/vc_row][vc_row el_class=&#8221;bloque&#8221;][vc_column][\/vc_column][\/vc_row][vc_row][vc_column width=&#8221;1\/12&#8243;][\/vc_column][vc_column width=&#8221;10\/12&#8243; el_class=&#8221;seleccion_acciones_top&#8221; css=&#8221;.vc_custom_1567593541023{padding-top: 0px !important;}&#8221;][vc_row_inner][vc_column_inner width=&#8221;1\/5&#8243;][\/vc_column_inner][vc_column_inner width=&#8221;1\/5&#8243;][\/vc_column_inner][vc_column_inner width=&#8221;1\/5&#8243;][vc_column_text el_class=&#8221;guardar_seleccion item&#8221;]Cersaie 2019[\/vc_column_text][\/vc_column_inner][vc_column_inner width=&#8221;1\/5&#8243;][\/vc_column_inner][vc_column_inner width=&#8221;1\/5&#8243;][\/vc_column_inner][\/vc_row_inner][\/vc_column][vc_column width=&#8221;1\/12&#8243;][\/vc_column][\/vc_row][vc_row el_class=&#8221;titulares_top feria&#8221; css=&#8221;.vc_custom_1567767875927{padding-top: 20px !important;}&#8221;][vc_column][vc_column_text] Nombre colecci\u00f3n [\/vc_column_text][vc_column_text el_class=&#8221;minititular&#8221;]porcel\u00e1nico[\/vc_column_text][vc_column_text] 20\u00d7120 \/ 8\u201dx48\u201d \u00b7 60\u00d7120 \/ 24\u201dx48\u201d \u00b7 60\u00d760 \/ 24\u201dx24\u201d \u00b7 30\u00d760 \/ 12\u201dx24\u201d \u00b7 10\u00d760 \/ 4\u201dx24\u201d [\/vc_column_text][\/vc_column][\/vc_row][vc_row el_class=&#8221;bloque imagenes_feria&#8221;][vc_column width=&#8221;1\/6&#8243;][\/vc_column][vc_column width=&#8221;2\/3&#8243;][vc_single_image image=&#8221;1245&#8243; img_size=&#8221;full&#8221; alignment=&#8221;center&#8221; [&hellip;]\" \/>\n<meta property=\"og:url\" content=\"https:\/\/cifreceramica.com\/en\/feria-coleccion\/\" \/>\n<meta property=\"og:site_name\" content=\"CIFRE CER\u00c1MICA\" \/>\n<meta property=\"article:publisher\" content=\"https:\/\/www.facebook.com\/Cifreceramica\/\" \/>\n<meta property=\"article:modified_time\" content=\"2019-09-19T13:25:23+00:00\" \/>\n<meta property=\"og:image\" content=\"https:\/\/cifreceramica.com\/wp-content\/uploads\/2019\/09\/twitter.png\" \/>\n<meta name=\"twitter:card\" content=\"summary_large_image\" \/>\n<meta name=\"twitter:site\" content=\"@cifreceramica\" \/>\n<meta name=\"twitter:label1\" content=\"Est. reading time\" \/>\n\t<meta name=\"twitter:data1\" content=\"2 minutes\" \/>\n<script type=\"application\/ld+json\" class=\"yoast-schema-graph\">{\"@context\":\"https:\\\/\\\/schema.org\",\"@graph\":[{\"@type\":\"WebPage\",\"@id\":\"https:\\\/\\\/cifreceramica.com\\\/en\\\/feria-coleccion\\\/\",\"url\":\"https:\\\/\\\/cifreceramica.com\\\/en\\\/feria-coleccion\\\/\",\"name\":\"Feria Colecci\u00f3n - CIFRE CER\u00c1MICA\",\"isPartOf\":{\"@id\":\"https:\\\/\\\/cifreceramica.com\\\/#website\"},\"primaryImageOfPage\":{\"@id\":\"https:\\\/\\\/cifreceramica.com\\\/en\\\/feria-coleccion\\\/#primaryimage\"},\"image\":{\"@id\":\"https:\\\/\\\/cifreceramica.com\\\/en\\\/feria-coleccion\\\/#primaryimage\"},\"thumbnailUrl\":\"https:\\\/\\\/cifreceramica.com\\\/wp-content\\\/uploads\\\/2019\\\/09\\\/twitter.png\",\"datePublished\":\"2019-09-06T10:55:07+00:00\",\"dateModified\":\"2019-09-19T13:25:23+00:00\",\"breadcrumb\":{\"@id\":\"https:\\\/\\\/cifreceramica.com\\\/en\\\/feria-coleccion\\\/#breadcrumb\"},\"inLanguage\":\"en-US\",\"potentialAction\":[{\"@type\":\"ReadAction\",\"target\":[\"https:\\\/\\\/cifreceramica.com\\\/en\\\/feria-coleccion\\\/\"]}]},{\"@type\":\"ImageObject\",\"inLanguage\":\"en-US\",\"@id\":\"https:\\\/\\\/cifreceramica.com\\\/en\\\/feria-coleccion\\\/#primaryimage\",\"url\":\"https:\\\/\\\/cifreceramica.com\\\/wp-content\\\/uploads\\\/2019\\\/09\\\/twitter.png\",\"contentUrl\":\"https:\\\/\\\/cifreceramica.com\\\/wp-content\\\/uploads\\\/2019\\\/09\\\/twitter.png\"},{\"@type\":\"BreadcrumbList\",\"@id\":\"https:\\\/\\\/cifreceramica.com\\\/en\\\/feria-coleccion\\\/#breadcrumb\",\"itemListElement\":[{\"@type\":\"ListItem\",\"position\":1,\"name\":\"Portada\",\"item\":\"https:\\\/\\\/cifreceramica.com\\\/en\\\/\"},{\"@type\":\"ListItem\",\"position\":2,\"name\":\"Feria Colecci\u00f3n\"}]},{\"@type\":\"WebSite\",\"@id\":\"https:\\\/\\\/cifreceramica.com\\\/#website\",\"url\":\"https:\\\/\\\/cifreceramica.com\\\/\",\"name\":\"CIFRE CER\u00c1MICA\",\"description\":\"Azulejo, cer\u00e1mica, decoraci\u00f3n, pavimento, revestimiento\",\"publisher\":{\"@id\":\"https:\\\/\\\/cifreceramica.com\\\/#organization\"},\"potentialAction\":[{\"@type\":\"SearchAction\",\"target\":{\"@type\":\"EntryPoint\",\"urlTemplate\":\"https:\\\/\\\/cifreceramica.com\\\/?s={search_term_string}\"},\"query-input\":{\"@type\":\"PropertyValueSpecification\",\"valueRequired\":true,\"valueName\":\"search_term_string\"}}],\"inLanguage\":\"en-US\"},{\"@type\":\"Organization\",\"@id\":\"https:\\\/\\\/cifreceramica.com\\\/#organization\",\"name\":\"CIFRE CERAMICA SL.\",\"url\":\"https:\\\/\\\/cifreceramica.com\\\/\",\"logo\":{\"@type\":\"ImageObject\",\"inLanguage\":\"en-US\",\"@id\":\"https:\\\/\\\/cifreceramica.com\\\/#\\\/schema\\\/logo\\\/image\\\/\",\"url\":\"https:\\\/\\\/cifreceramica.com\\\/wp-content\\\/uploads\\\/2020\\\/03\\\/logo-cifre.jpg\",\"contentUrl\":\"https:\\\/\\\/cifreceramica.com\\\/wp-content\\\/uploads\\\/2020\\\/03\\\/logo-cifre.jpg\",\"width\":648,\"height\":320,\"caption\":\"CIFRE CERAMICA SL.\"},\"image\":{\"@id\":\"https:\\\/\\\/cifreceramica.com\\\/#\\\/schema\\\/logo\\\/image\\\/\"},\"sameAs\":[\"https:\\\/\\\/www.facebook.com\\\/Cifreceramica\\\/\",\"https:\\\/\\\/x.com\\\/cifreceramica\",\"https:\\\/\\\/www.instagram.com\\\/cifreceramica\\\/\",\"https:\\\/\\\/www.linkedin.com\\\/cifreceramica\",\"https:\\\/\\\/www.pinterest.es\\\/CifreReport\\\/_created\\\/\",\"https:\\\/\\\/www.youtube.com\\\/channel\\\/UC6T43U-C68ZKx58s-QVY0Eg\"]}]}<\/script>\n<!-- \/ Yoast SEO plugin. -->","yoast_head_json":{"title":"Feria Colecci\u00f3n - CIFRE CER\u00c1MICA","robots":{"index":"index","follow":"follow","max-snippet":"max-snippet:-1","max-image-preview":"max-image-preview:large","max-video-preview":"max-video-preview:-1"},"canonical":"https:\/\/cifreceramica.com\/en\/feria-coleccion\/","og_locale":"en_US","og_type":"article","og_title":"Feria Colecci\u00f3n - CIFRE CER\u00c1MICA","og_description":"[vc_row full_width=&#8221;stretch_row_content&#8221; el_class=&#8221;breadcrumb&#8221;][vc_column][\/vc_column][\/vc_row][vc_row el_class=&#8221;bloque&#8221;][vc_column][\/vc_column][\/vc_row][vc_row][vc_column width=&#8221;1\/12&#8243;][\/vc_column][vc_column width=&#8221;10\/12&#8243; el_class=&#8221;seleccion_acciones_top&#8221; css=&#8221;.vc_custom_1567593541023{padding-top: 0px !important;}&#8221;][vc_row_inner][vc_column_inner width=&#8221;1\/5&#8243;][\/vc_column_inner][vc_column_inner width=&#8221;1\/5&#8243;][\/vc_column_inner][vc_column_inner width=&#8221;1\/5&#8243;][vc_column_text el_class=&#8221;guardar_seleccion item&#8221;]Cersaie 2019[\/vc_column_text][\/vc_column_inner][vc_column_inner width=&#8221;1\/5&#8243;][\/vc_column_inner][vc_column_inner width=&#8221;1\/5&#8243;][\/vc_column_inner][\/vc_row_inner][\/vc_column][vc_column width=&#8221;1\/12&#8243;][\/vc_column][\/vc_row][vc_row el_class=&#8221;titulares_top feria&#8221; css=&#8221;.vc_custom_1567767875927{padding-top: 20px !important;}&#8221;][vc_column][vc_column_text] Nombre colecci\u00f3n [\/vc_column_text][vc_column_text el_class=&#8221;minititular&#8221;]porcel\u00e1nico[\/vc_column_text][vc_column_text] 20\u00d7120 \/ 8\u201dx48\u201d \u00b7 60\u00d7120 \/ 24\u201dx48\u201d \u00b7 60\u00d760 \/ 24\u201dx24\u201d \u00b7 30\u00d760 \/ 12\u201dx24\u201d \u00b7 10\u00d760 \/ 4\u201dx24\u201d [\/vc_column_text][\/vc_column][\/vc_row][vc_row el_class=&#8221;bloque imagenes_feria&#8221;][vc_column width=&#8221;1\/6&#8243;][\/vc_column][vc_column width=&#8221;2\/3&#8243;][vc_single_image image=&#8221;1245&#8243; img_size=&#8221;full&#8221; alignment=&#8221;center&#8221; [&hellip;]","og_url":"https:\/\/cifreceramica.com\/en\/feria-coleccion\/","og_site_name":"CIFRE CER\u00c1MICA","article_publisher":"https:\/\/www.facebook.com\/Cifreceramica\/","article_modified_time":"2019-09-19T13:25:23+00:00","og_image":[{"url":"https:\/\/cifreceramica.com\/wp-content\/uploads\/2019\/09\/twitter.png","type":"","width":"","height":""}],"twitter_card":"summary_large_image","twitter_site":"@cifreceramica","twitter_misc":{"Est. reading time":"2 minutes"},"schema":{"@context":"https:\/\/schema.org","@graph":[{"@type":"WebPage","@id":"https:\/\/cifreceramica.com\/en\/feria-coleccion\/","url":"https:\/\/cifreceramica.com\/en\/feria-coleccion\/","name":"Feria Colecci\u00f3n - CIFRE CER\u00c1MICA","isPartOf":{"@id":"https:\/\/cifreceramica.com\/#website"},"primaryImageOfPage":{"@id":"https:\/\/cifreceramica.com\/en\/feria-coleccion\/#primaryimage"},"image":{"@id":"https:\/\/cifreceramica.com\/en\/feria-coleccion\/#primaryimage"},"thumbnailUrl":"https:\/\/cifreceramica.com\/wp-content\/uploads\/2019\/09\/twitter.png","datePublished":"2019-09-06T10:55:07+00:00","dateModified":"2019-09-19T13:25:23+00:00","breadcrumb":{"@id":"https:\/\/cifreceramica.com\/en\/feria-coleccion\/#breadcrumb"},"inLanguage":"en-US","potentialAction":[{"@type":"ReadAction","target":["https:\/\/cifreceramica.com\/en\/feria-coleccion\/"]}]},{"@type":"ImageObject","inLanguage":"en-US","@id":"https:\/\/cifreceramica.com\/en\/feria-coleccion\/#primaryimage","url":"https:\/\/cifreceramica.com\/wp-content\/uploads\/2019\/09\/twitter.png","contentUrl":"https:\/\/cifreceramica.com\/wp-content\/uploads\/2019\/09\/twitter.png"},{"@type":"BreadcrumbList","@id":"https:\/\/cifreceramica.com\/en\/feria-coleccion\/#breadcrumb","itemListElement":[{"@type":"ListItem","position":1,"name":"Portada","item":"https:\/\/cifreceramica.com\/en\/"},{"@type":"ListItem","position":2,"name":"Feria Colecci\u00f3n"}]},{"@type":"WebSite","@id":"https:\/\/cifreceramica.com\/#website","url":"https:\/\/cifreceramica.com\/","name":"CIFRE CER\u00c1MICA","description":"Azulejo, cer\u00e1mica, decoraci\u00f3n, pavimento, revestimiento","publisher":{"@id":"https:\/\/cifreceramica.com\/#organization"},"potentialAction":[{"@type":"SearchAction","target":{"@type":"EntryPoint","urlTemplate":"https:\/\/cifreceramica.com\/?s={search_term_string}"},"query-input":{"@type":"PropertyValueSpecification","valueRequired":true,"valueName":"search_term_string"}}],"inLanguage":"en-US"},{"@type":"Organization","@id":"https:\/\/cifreceramica.com\/#organization","name":"CIFRE CERAMICA SL.","url":"https:\/\/cifreceramica.com\/","logo":{"@type":"ImageObject","inLanguage":"en-US","@id":"https:\/\/cifreceramica.com\/#\/schema\/logo\/image\/","url":"https:\/\/cifreceramica.com\/wp-content\/uploads\/2020\/03\/logo-cifre.jpg","contentUrl":"https:\/\/cifreceramica.com\/wp-content\/uploads\/2020\/03\/logo-cifre.jpg","width":648,"height":320,"caption":"CIFRE CERAMICA SL."},"image":{"@id":"https:\/\/cifreceramica.com\/#\/schema\/logo\/image\/"},"sameAs":["https:\/\/www.facebook.com\/Cifreceramica\/","https:\/\/x.com\/cifreceramica","https:\/\/www.instagram.com\/cifreceramica\/","https:\/\/www.linkedin.com\/cifreceramica","https:\/\/www.pinterest.es\/CifreReport\/_created\/","https:\/\/www.youtube.com\/channel\/UC6T43U-C68ZKx58s-QVY0Eg"]}]}},"_links":{"self":[{"href":"https:\/\/cifreceramica.com\/en\/wp-json\/wp\/v2\/pages\/1753","targetHints":{"allow":["GET"]}}],"collection":[{"href":"https:\/\/cifreceramica.com\/en\/wp-json\/wp\/v2\/pages"}],"about":[{"href":"https:\/\/cifreceramica.com\/en\/wp-json\/wp\/v2\/types\/page"}],"author":[{"embeddable":true,"href":"https:\/\/cifreceramica.com\/en\/wp-json\/wp\/v2\/users\/1"}],"replies":[{"embeddable":true,"href":"https:\/\/cifreceramica.com\/en\/wp-json\/wp\/v2\/comments?post=1753"}],"version-history":[{"count":3,"href":"https:\/\/cifreceramica.com\/en\/wp-json\/wp\/v2\/pages\/1753\/revisions"}],"predecessor-version":[{"id":1756,"href":"https:\/\/cifreceramica.com\/en\/wp-json\/wp\/v2\/pages\/1753\/revisions\/1756"}],"wp:attachment":[{"href":"https:\/\/cifreceramica.com\/en\/wp-json\/wp\/v2\/media?parent=1753"}],"curies":[{"name":"wp","href":"https:\/\/api.w.org\/{rel}","templated":true}]}}