{"id":1750,"date":"2019-09-06T12:19:25","date_gmt":"2019-09-06T10:19:25","guid":{"rendered":"https:\/\/cifreceramica.com\/feria\/"},"modified":"2026-02-21T10:20:26","modified_gmt":"2026-02-21T09:20:26","slug":"feria-en","status":"publish","type":"page","link":"https:\/\/cifreceramica.com\/en\/feria-en\/","title":{"rendered":"Feria"},"content":{"rendered":"<p>[vc_row full_width=&#8221;stretch_row_content&#8221; el_class=&#8221;breadcrumb&#8221;][vc_column][\/vc_column][\/vc_row][vc_row el_class=&#8221;titulares_top_new filosofia&#8221;][vc_column width=&#8221;1\/6&#8243;][\/vc_column][vc_column width=&#8221;2\/3&#8243;][vc_column_text]<\/p>\n<h1 style=\"text-align: center;\">At Home Together 2026 | Novelties<\/h1>\n<p style=\"text-align: center;\">Here you can discover all our new products launched for our trade fair<\/p>\n<p>[\/vc_column_text][\/vc_column][vc_column width=&#8221;1\/6&#8243;][\/vc_column][\/vc_row][vc_row full_width=&#8221;stretch_row_content_no_spaces&#8221; el_class=&#8221;bloque colecciones-feria&#8221;][vc_column]<div class=\"slider_feria slider_wrapper \"\"><div class=\"full-width-ambiente\"><div style=\"background-image:url('https:\/\/d7rh5s3nxmpy4.cloudfront.net\/CMP8489\/QYMH2674BI79380_BARS_01_AMBIENTE_BARS_SAND_40X120_RESTAURANTE_IMD.jpg');\" class=\"full-width-ambiente\" ><\/div><div class=\"info\"><H2 class=\"titulo_slide_home\"><a class=\"enlace_slide_home\" href=\"https:\/\/cifreceramica.com\/en\/feria-en\/BARS\"><span>Bars<\/span><\/a><\/H2><a class=\"enlace_slide_home\" href=\"https:\/\/cifreceramica.com\/en\/feria-en\/BARS\">+<\/a><\/div><\/div><div class=\"full-width-ambiente\"><div style=\"background-image:url('https:\/\/d7rh5s3nxmpy4.cloudfront.net\/CMP8489\/QYMH2667BI79370_CALA_01_AMBIENTE_CALA_SAND_BRUSHED_120X120_TERRAZA_EXTERIOR_IMD.jpg');\" class=\"full-width-ambiente\" ><\/div><div class=\"info\"><H2 class=\"titulo_slide_home\"><a class=\"enlace_slide_home\" href=\"https:\/\/cifreceramica.com\/en\/feria-en\/CALA\"><span>Cala<\/span><\/a><\/H2><a class=\"enlace_slide_home\" href=\"https:\/\/cifreceramica.com\/en\/feria-en\/CALA\">+<\/a><\/div><\/div><div class=\"full-width-ambiente\"><div style=\"background-image:url('https:\/\/d7rh5s3nxmpy4.cloudfront.net\/CMP8489\/QYMH2682BI79543_CHESS_01_AMBIENTE_CHESS_MARQUINA_CHESS_CALACATA_20X20_BANERA_HERITA_IMD.jpg');\" class=\"full-width-ambiente\" ><\/div><div class=\"info\"><H2 class=\"titulo_slide_home\"><a class=\"enlace_slide_home\" href=\"https:\/\/cifreceramica.com\/en\/feria-en\/CHESS\"><span>Chess<\/span><\/a><\/H2><a class=\"enlace_slide_home\" href=\"https:\/\/cifreceramica.com\/en\/feria-en\/CHESS\">+<\/a><\/div><\/div><div class=\"full-width-ambiente\"><div style=\"background-image:url('https:\/\/d7rh5s3nxmpy4.cloudfront.net\/CMP8489\/QYMH2681BI79530_COVER_01_AMBIENTE_COVER_SAND_40X120_COCINA_IMD.jpg');\" class=\"full-width-ambiente\" ><\/div><div class=\"info\"><H2 class=\"titulo_slide_home\"><a class=\"enlace_slide_home\" href=\"https:\/\/cifreceramica.com\/en\/feria-en\/COVER\"><span>Cover<\/span><\/a><\/H2><a class=\"enlace_slide_home\" href=\"https:\/\/cifreceramica.com\/en\/feria-en\/COVER\">+<\/a><\/div><\/div><div class=\"full-width-ambiente\"><div style=\"background-image:url('https:\/\/d7rh5s3nxmpy4.cloudfront.net\/CMP8489\/QYMH2659BI79362_CRISTALLO_01_AMBIENTE_CRISTALLO_NATURALE_POLISHED_NIOX_120X280_PAV_C_IMD.jpg');\" class=\"full-width-ambiente\" ><\/div><div class=\"info\"><H2 class=\"titulo_slide_home\"><a class=\"enlace_slide_home\" href=\"https:\/\/cifreceramica.com\/en\/feria-en\/CRISTALLO\"><span>Cristallo<\/span><\/a><\/H2><a class=\"enlace_slide_home\" href=\"https:\/\/cifreceramica.com\/en\/feria-en\/CRISTALLO\">+<\/a><\/div><\/div><div class=\"full-width-ambiente\"><div style=\"background-image:url('https:\/\/d7rh5s3nxmpy4.cloudfront.net\/CMP8489\/QYMH2678BI79384_DART_01_AMBIENTE_DART_NUT_60X120_REV_PAV_ORIGIN_BONE_60X120_BANO_IMD.jpg');\" class=\"full-width-ambiente\" ><\/div><div class=\"info\"><H2 class=\"titulo_slide_home\"><a class=\"enlace_slide_home\" href=\"https:\/\/cifreceramica.com\/en\/feria-en\/DART\"><span>Dart<\/span><\/a><\/H2><a class=\"enlace_slide_home\" href=\"https:\/\/cifreceramica.com\/en\/feria-en\/DART\">+<\/a><\/div><\/div><div class=\"full-width-ambiente\"><div style=\"background-image:url('https:\/\/d7rh5s3nxmpy4.cloudfront.net\/CMP8489\/QYMH2661BI79364_INFINITY_01_AMBIENTE_INFINITY_BROWN_BRUSHED_120X280_PAV_INFINITY_SAN_IMD.jpg');\" class=\"full-width-ambiente\" ><\/div><div class=\"info\"><H2 class=\"titulo_slide_home\"><a class=\"enlace_slide_home\" href=\"https:\/\/cifreceramica.com\/en\/feria-en\/INFINITY\"><span>Infinity<\/span><\/a><\/H2><a class=\"enlace_slide_home\" href=\"https:\/\/cifreceramica.com\/en\/feria-en\/INFINITY\">+<\/a><\/div><\/div><div class=\"full-width-ambiente\"><div style=\"background-image:url('https:\/\/d7rh5s3nxmpy4.cloudfront.net\/CMP8489\/QYMH2677BI79383_JARA_01_AMBIENTE_JARA_SAND_40X120_COCINA_IMD.jpg');\" class=\"full-width-ambiente\" ><\/div><div class=\"info\"><H2 class=\"titulo_slide_home\"><a class=\"enlace_slide_home\" href=\"https:\/\/cifreceramica.com\/en\/feria-en\/JARA\"><span>Jara<\/span><\/a><\/H2><a class=\"enlace_slide_home\" href=\"https:\/\/cifreceramica.com\/en\/feria-en\/JARA\">+<\/a><\/div><\/div><div class=\"full-width-ambiente\"><div style=\"background-image:url('https:\/\/d7rh5s3nxmpy4.cloudfront.net\/CMP8489\/QYMH2684BI79572_MALBEC_AMBIENTE_MALBEC_ALMOND_MALBEC_DECOR_20X20_PAV_MALBEC_NUT_20X2_IMD.jpg');\" class=\"full-width-ambiente\" ><\/div><div class=\"info\"><H2 class=\"titulo_slide_home\"><a class=\"enlace_slide_home\" href=\"https:\/\/cifreceramica.com\/en\/feria-en\/MALBEC\"><span>Malbec<\/span><\/a><\/H2><a class=\"enlace_slide_home\" href=\"https:\/\/cifreceramica.com\/en\/feria-en\/MALBEC\">+<\/a><\/div><\/div><div class=\"full-width-ambiente\"><div style=\"background-image:url('https:\/\/d7rh5s3nxmpy4.cloudfront.net\/CMP8489\/QYMH2680BI79529_MARMA_01_AMBIENTE_DETALLE_MARMA_ROSSO_10X10_BANO_IMD.jpg');\" class=\"full-width-ambiente\" ><\/div><div class=\"info\"><H2 class=\"titulo_slide_home\"><a class=\"enlace_slide_home\" href=\"https:\/\/cifreceramica.com\/en\/feria-en\/MARMA\"><span>Marma<\/span><\/a><\/H2><a class=\"enlace_slide_home\" href=\"https:\/\/cifreceramica.com\/en\/feria-en\/MARMA\">+<\/a><\/div><\/div><div class=\"full-width-ambiente\"><div style=\"background-image:url('https:\/\/d7rh5s3nxmpy4.cloudfront.net\/CMP8489\/QYMH2671BI79374_NIRVANA_01_AMBIENTE_NIRVANA_WHITE_MATT_120X280_NIRVANA_CLEFT_WHITE_M_IMD.jpg');\" class=\"full-width-ambiente\" ><\/div><div class=\"info\"><H2 class=\"titulo_slide_home\"><a class=\"enlace_slide_home\" href=\"https:\/\/cifreceramica.com\/en\/feria-en\/NIRVANA\"><span>Nirvana<\/span><\/a><\/H2><a class=\"enlace_slide_home\" href=\"https:\/\/cifreceramica.com\/en\/feria-en\/NIRVANA\">+<\/a><\/div><\/div><div class=\"full-width-ambiente\"><div style=\"background-image:url('https:\/\/d7rh5s3nxmpy4.cloudfront.net\/CMP8489\/QYMH2664BI79367_RENOIR_01_AMBIENTE_RENOIR_BLACK_MATT_RENOIR_CLEFT_MATT_120X280_RENOI_IMD.jpg');\" class=\"full-width-ambiente\" ><\/div><div class=\"info\"><H2 class=\"titulo_slide_home\"><a class=\"enlace_slide_home\" href=\"https:\/\/cifreceramica.com\/en\/feria-en\/RENOIR\"><span>Renoir<\/span><\/a><\/H2><a class=\"enlace_slide_home\" href=\"https:\/\/cifreceramica.com\/en\/feria-en\/RENOIR\">+<\/a><\/div><\/div><div class=\"full-width-ambiente\"><div style=\"background-image:url('https:\/\/d7rh5s3nxmpy4.cloudfront.net\/CMP8489\/QYMH2676BI79382_SLANT_01_AMBIENTE_SLANT_TAUPE_40X120_REV_PAV_ORIGIN_BONE_60X120_BAN_IMD.jpg');\" class=\"full-width-ambiente\" ><\/div><div class=\"info\"><H2 class=\"titulo_slide_home\"><a class=\"enlace_slide_home\" href=\"https:\/\/cifreceramica.com\/en\/feria-en\/SLANT\"><span>Slant<\/span><\/a><\/H2><a class=\"enlace_slide_home\" href=\"https:\/\/cifreceramica.com\/en\/feria-en\/SLANT\">+<\/a><\/div><\/div><div class=\"full-width-ambiente\"><div style=\"background-image:url('https:\/\/d7rh5s3nxmpy4.cloudfront.net\/CMP8489\/QYMH2669BI79372_TRENT_01_AMBIENTE_TRENT_WHITE_120X120_REV_TRENT_WHITE_60X120_BANO_IMD.jpg');\" class=\"full-width-ambiente\" ><\/div><div class=\"info\"><H2 class=\"titulo_slide_home\"><a class=\"enlace_slide_home\" href=\"https:\/\/cifreceramica.com\/en\/feria-en\/TRENT\"><span>Trent<\/span><\/a><\/H2><a class=\"enlace_slide_home\" href=\"https:\/\/cifreceramica.com\/en\/feria-en\/TRENT\">+<\/a><\/div><\/div><div class=\"full-width-ambiente\"><div style=\"background-image:url('https:\/\/d7rh5s3nxmpy4.cloudfront.net\/CMP8489\/QYMH2679BI79525_VINCE_01_AMBIENTE_VINCE_DECOR_SHINE_20X2O_VINCE_TEAL_WHITE_20X20_PAV_IMD.jpg');\" class=\"full-width-ambiente\" ><\/div><div class=\"info\"><H2 class=\"titulo_slide_home\"><a class=\"enlace_slide_home\" href=\"https:\/\/cifreceramica.com\/en\/feria-en\/VINCE\"><span>Vince<\/span><\/a><\/H2><a class=\"enlace_slide_home\" href=\"https:\/\/cifreceramica.com\/en\/feria-en\/VINCE\">+<\/a><\/div><\/div><\/div><script>\n\t\tjQuery( document ).ready( function (  ) { jQuery( '.slider_wrapper' ).bxSlider(\n\t\t{\n\t\t\tauto:true,\n                        shrinkItems:true,\n\t\t\tcontrols:true,\n\t\t\tpager:true,\n                        pagerType:\"full\",\n                        wrapperClass:\"bx-wrapper slider_feria_wrapper\",\n                        touchEnabled: false\n\t\t}); });\n\t<\/script>[\/vc_column][\/vc_row][vc_row full_width=&#8221;stretch_row&#8221; el_class=&#8221;btn_descargar_feria&#8221;][vc_column el_class=&#8221;seleccion_acciones_top feria&#8221;][vc_row_inner][vc_column_inner][vc_column_text el_class=&#8221;descargar_cat_feria izq&#8221;]<\/p>\n<p style=\"text-align: center;\"><a href=\"https:\/\/d7rh5s3nxmpy4.cloudfront.net\/CMP8489\/files\/CATALOGO_CIFRE_SERIES_AHT_2026_web.pdf\" target=\"_blank\" rel=\"noopener\">Descargar Cat\u00e1logo Porcel\u00e1nicos<\/a><\/p>\n<p style=\"text-align: center;\"><a href=\"https:\/\/d7rh5s3nxmpy4.cloudfront.net\/CMP8489\/files\/CATALOGO_CIFRE_SERIES_B%26M_AHT_2026.pdf\" target=\"_blank\" rel=\"noopener\">Descargar Cat\u00e1logo Brick &amp; More<\/a><\/p>\n<p>[\/vc_column_text][\/vc_column_inner][\/vc_row_inner][\/vc_column][\/vc_row][vc_row css=&#8221;.vc_custom_1642060842701{margin-top: 30px !important;}&#8221;][vc_column][vc_column_text]<\/p>\n<h1 style=\"text-align: center;\">At Home Together 2026<\/h1>\n<p>[\/vc_column_text]<div class=\"listado_ferias\">[vc_row el_class=&#8221;&#8221; ][vc_column width=&#8221;4\/12&#8243; el_class=&#8221;item_listado_ferias&#8221;]<a href=\"https:\/\/cifreceramica.com\/en\/feria-en\/BARS\"><img decoding=\"async\" height=\"350\" src=\"https:\/\/d7rh5s3nxmpy4.cloudfront.net\/CMP8489\/QYMH2674BI79380_BARS_01_AMBIENTE_BARS_SAND_40X120_RESTAURANTE_IMD.jpg\"><h2>Bars<\/h2>[\/vc_column][vc_column width=&#8221;4\/12&#8243; el_class=&#8221;item_listado_ferias&#8221;]<a href=\"https:\/\/cifreceramica.com\/en\/feria-en\/CALA\"><img decoding=\"async\" height=\"350\" src=\"https:\/\/d7rh5s3nxmpy4.cloudfront.net\/CMP8489\/QYMH2667BI79370_CALA_01_AMBIENTE_CALA_SAND_BRUSHED_120X120_TERRAZA_EXTERIOR_IMD.jpg\"><h2>Cala<\/h2>[\/vc_column][vc_column width=&#8221;4\/12&#8243; el_class=&#8221;item_listado_ferias&#8221;]<a href=\"https:\/\/cifreceramica.com\/en\/feria-en\/CHESS\"><img decoding=\"async\" height=\"350\" src=\"https:\/\/d7rh5s3nxmpy4.cloudfront.net\/CMP8489\/QYMH2682BI79543_CHESS_01_AMBIENTE_CHESS_MARQUINA_CHESS_CALACATA_20X20_BANERA_HERITA_IMD.jpg\"><h2>Chess<\/h2>[\/vc_column][\/vc_row][vc_row el_class=&#8221;&#8221; ][vc_column width=&#8221;4\/12&#8243; el_class=&#8221;item_listado_ferias&#8221;]<a href=\"https:\/\/cifreceramica.com\/en\/feria-en\/COVER\"><img decoding=\"async\" height=\"350\" src=\"https:\/\/d7rh5s3nxmpy4.cloudfront.net\/CMP8489\/QYMH2681BI79530_COVER_01_AMBIENTE_COVER_SAND_40X120_COCINA_IMD.jpg\"><h2>Cover<\/h2>[\/vc_column][vc_column width=&#8221;4\/12&#8243; el_class=&#8221;item_listado_ferias&#8221;]<a href=\"https:\/\/cifreceramica.com\/en\/feria-en\/CRISTALLO\"><img decoding=\"async\" height=\"350\" src=\"https:\/\/d7rh5s3nxmpy4.cloudfront.net\/CMP8489\/QYMH2659BI79362_CRISTALLO_01_AMBIENTE_CRISTALLO_NATURALE_POLISHED_NIOX_120X280_PAV_C_IMD.jpg\"><h2>Cristallo<\/h2>[\/vc_column][vc_column width=&#8221;4\/12&#8243; el_class=&#8221;item_listado_ferias&#8221;]<a href=\"https:\/\/cifreceramica.com\/en\/feria-en\/DART\"><img decoding=\"async\" height=\"350\" src=\"https:\/\/d7rh5s3nxmpy4.cloudfront.net\/CMP8489\/QYMH2678BI79384_DART_01_AMBIENTE_DART_NUT_60X120_REV_PAV_ORIGIN_BONE_60X120_BANO_IMD.jpg\"><h2>Dart<\/h2>[\/vc_column][\/vc_row][vc_row el_class=&#8221;&#8221; ][vc_column width=&#8221;4\/12&#8243; el_class=&#8221;item_listado_ferias&#8221;]<a href=\"https:\/\/cifreceramica.com\/en\/feria-en\/INFINITY\"><img decoding=\"async\" height=\"350\" src=\"https:\/\/d7rh5s3nxmpy4.cloudfront.net\/CMP8489\/QYMH2661BI79364_INFINITY_01_AMBIENTE_INFINITY_BROWN_BRUSHED_120X280_PAV_INFINITY_SAN_IMD.jpg\"><h2>Infinity<\/h2>[\/vc_column][vc_column width=&#8221;4\/12&#8243; el_class=&#8221;item_listado_ferias&#8221;]<a href=\"https:\/\/cifreceramica.com\/en\/feria-en\/JARA\"><img decoding=\"async\" height=\"350\" src=\"https:\/\/d7rh5s3nxmpy4.cloudfront.net\/CMP8489\/QYMH2677BI79383_JARA_01_AMBIENTE_JARA_SAND_40X120_COCINA_IMD.jpg\"><h2>Jara<\/h2>[\/vc_column][vc_column width=&#8221;4\/12&#8243; el_class=&#8221;item_listado_ferias&#8221;]<a href=\"https:\/\/cifreceramica.com\/en\/feria-en\/MALBEC\"><img decoding=\"async\" height=\"350\" src=\"https:\/\/d7rh5s3nxmpy4.cloudfront.net\/CMP8489\/QYMH2684BI79572_MALBEC_AMBIENTE_MALBEC_ALMOND_MALBEC_DECOR_20X20_PAV_MALBEC_NUT_20X2_IMD.jpg\"><h2>Malbec<\/h2>[\/vc_column][\/vc_row][vc_row el_class=&#8221;&#8221; ][vc_column width=&#8221;4\/12&#8243; el_class=&#8221;item_listado_ferias&#8221;]<a href=\"https:\/\/cifreceramica.com\/en\/feria-en\/MARMA\"><img decoding=\"async\" height=\"350\" src=\"https:\/\/d7rh5s3nxmpy4.cloudfront.net\/CMP8489\/QYMH2680BI79529_MARMA_01_AMBIENTE_DETALLE_MARMA_ROSSO_10X10_BANO_IMD.jpg\"><h2>Marma<\/h2>[\/vc_column][vc_column width=&#8221;4\/12&#8243; el_class=&#8221;item_listado_ferias&#8221;]<a href=\"https:\/\/cifreceramica.com\/en\/feria-en\/NIRVANA\"><img decoding=\"async\" height=\"350\" src=\"https:\/\/d7rh5s3nxmpy4.cloudfront.net\/CMP8489\/QYMH2671BI79374_NIRVANA_01_AMBIENTE_NIRVANA_WHITE_MATT_120X280_NIRVANA_CLEFT_WHITE_M_IMD.jpg\"><h2>Nirvana<\/h2>[\/vc_column][vc_column width=&#8221;4\/12&#8243; el_class=&#8221;item_listado_ferias&#8221;]<a href=\"https:\/\/cifreceramica.com\/en\/feria-en\/RENOIR\"><img decoding=\"async\" height=\"350\" src=\"https:\/\/d7rh5s3nxmpy4.cloudfront.net\/CMP8489\/QYMH2664BI79367_RENOIR_01_AMBIENTE_RENOIR_BLACK_MATT_RENOIR_CLEFT_MATT_120X280_RENOI_IMD.jpg\"><h2>Renoir<\/h2>[\/vc_column][\/vc_row][vc_row el_class=&#8221;&#8221; ][vc_column width=&#8221;4\/12&#8243; el_class=&#8221;item_listado_ferias&#8221;]<a href=\"https:\/\/cifreceramica.com\/en\/feria-en\/SLANT\"><img decoding=\"async\" height=\"350\" src=\"https:\/\/d7rh5s3nxmpy4.cloudfront.net\/CMP8489\/QYMH2676BI79382_SLANT_01_AMBIENTE_SLANT_TAUPE_40X120_REV_PAV_ORIGIN_BONE_60X120_BAN_IMD.jpg\"><h2>Slant<\/h2>[\/vc_column][vc_column width=&#8221;4\/12&#8243; el_class=&#8221;item_listado_ferias&#8221;]<a href=\"https:\/\/cifreceramica.com\/en\/feria-en\/TRENT\"><img decoding=\"async\" height=\"350\" src=\"https:\/\/d7rh5s3nxmpy4.cloudfront.net\/CMP8489\/QYMH2669BI79372_TRENT_01_AMBIENTE_TRENT_WHITE_120X120_REV_TRENT_WHITE_60X120_BANO_IMD.jpg\"><h2>Trent<\/h2>[\/vc_column][vc_column width=&#8221;4\/12&#8243; el_class=&#8221;item_listado_ferias&#8221;]<a href=\"https:\/\/cifreceramica.com\/en\/feria-en\/VINCE\"><img decoding=\"async\" height=\"350\" src=\"https:\/\/d7rh5s3nxmpy4.cloudfront.net\/CMP8489\/QYMH2679BI79525_VINCE_01_AMBIENTE_VINCE_DECOR_SHINE_20X2O_VINCE_TEAL_WHITE_20X20_PAV_IMD.jpg\"><h2>Vince<\/h2>[\/vc_column][\/vc_row][vc_row el_class=&#8221;&#8221; ][\/vc_row]<\/div>[\/vc_column][\/vc_row]<\/p>\n","protected":false},"excerpt":{"rendered":"<p>[vc_row full_width=&#8221;stretch_row_content&#8221; el_class=&#8221;breadcrumb&#8221;][vc_column][\/vc_column][\/vc_row][vc_row el_class=&#8221;titulares_top_new filosofia&#8221;][vc_column width=&#8221;1\/6&#8243;][\/vc_column][vc_column width=&#8221;2\/3&#8243;][vc_column_text] At Home Together 2026 | Novelties Here you can discover all our new products launched for our trade fair [\/vc_column_text][\/vc_column][vc_column width=&#8221;1\/6&#8243;][\/vc_column][\/vc_row][vc_row full_width=&#8221;stretch_row_content_no_spaces&#8221; el_class=&#8221;bloque colecciones-feria&#8221;][vc_column][\/vc_column][\/vc_row][vc_row full_width=&#8221;stretch_row&#8221; el_class=&#8221;btn_descargar_feria&#8221;][vc_column el_class=&#8221;seleccion_acciones_top feria&#8221;][vc_row_inner][vc_column_inner][vc_column_text el_class=&#8221;descargar_cat_feria izq&#8221;] Descargar Cat\u00e1logo Porcel\u00e1nicos Descargar Cat\u00e1logo Brick &amp; More [\/vc_column_text][\/vc_column_inner][\/vc_row_inner][\/vc_column][\/vc_row][vc_row css=&#8221;.vc_custom_1642060842701{margin-top: 30px !important;}&#8221;][vc_column][vc_column_text] At Home Together 2026 [\/vc_column_text][\/vc_column][\/vc_row]<\/p>\n","protected":false},"author":1,"featured_media":0,"parent":0,"menu_order":0,"comment_status":"closed","ping_status":"closed","template":"","meta":{"footnotes":""},"class_list":["post-1750","page","type-page","status-publish","hentry"],"yoast_head":"<!-- This site is optimized with the Yoast SEO plugin v27.4 - https:\/\/yoast.com\/product\/yoast-seo-wordpress\/ -->\n<title>Feria - CIFRE CER\u00c1MICA<\/title>\n<meta name=\"robots\" content=\"index, follow, max-snippet:-1, max-image-preview:large, max-video-preview:-1\" \/>\n<link rel=\"canonical\" href=\"https:\/\/cifreceramica.com\/en\/feria-en\/\" \/>\n<meta property=\"og:locale\" content=\"en_US\" \/>\n<meta property=\"og:type\" content=\"article\" \/>\n<meta property=\"og:title\" content=\"Feria - CIFRE CER\u00c1MICA\" \/>\n<meta property=\"og:description\" content=\"[vc_row full_width=&#8221;stretch_row_content&#8221; el_class=&#8221;breadcrumb&#8221;][vc_column][\/vc_column][\/vc_row][vc_row el_class=&#8221;titulares_top_new filosofia&#8221;][vc_column width=&#8221;1\/6&#8243;][\/vc_column][vc_column width=&#8221;2\/3&#8243;][vc_column_text] At Home Together 2026 | Novelties Here you can discover all our new products launched for our trade fair [\/vc_column_text][\/vc_column][vc_column width=&#8221;1\/6&#8243;][\/vc_column][\/vc_row][vc_row full_width=&#8221;stretch_row_content_no_spaces&#8221; el_class=&#8221;bloque colecciones-feria&#8221;][vc_column][\/vc_column][\/vc_row][vc_row full_width=&#8221;stretch_row&#8221; el_class=&#8221;btn_descargar_feria&#8221;][vc_column el_class=&#8221;seleccion_acciones_top feria&#8221;][vc_row_inner][vc_column_inner][vc_column_text el_class=&#8221;descargar_cat_feria izq&#8221;] Descargar Cat\u00e1logo Porcel\u00e1nicos Descargar Cat\u00e1logo Brick &amp; More [\/vc_column_text][\/vc_column_inner][\/vc_row_inner][\/vc_column][\/vc_row][vc_row css=&#8221;.vc_custom_1642060842701{margin-top: 30px !important;}&#8221;][vc_column][vc_column_text] At Home Together 2026 [\/vc_column_text][\/vc_column][\/vc_row]\" \/>\n<meta property=\"og:url\" content=\"https:\/\/cifreceramica.com\/en\/feria-en\/\" \/>\n<meta property=\"og:site_name\" content=\"CIFRE CER\u00c1MICA\" \/>\n<meta property=\"article:publisher\" content=\"https:\/\/www.facebook.com\/Cifreceramica\/\" \/>\n<meta property=\"article:modified_time\" content=\"2026-02-21T09:20:26+00:00\" \/>\n<meta name=\"twitter:card\" content=\"summary_large_image\" \/>\n<meta name=\"twitter:site\" content=\"@cifreceramica\" \/>\n<meta name=\"twitter:label1\" content=\"Est. reading time\" \/>\n\t<meta name=\"twitter:data1\" content=\"1 minute\" \/>\n<script type=\"application\/ld+json\" class=\"yoast-schema-graph\">{\"@context\":\"https:\\\/\\\/schema.org\",\"@graph\":[{\"@type\":\"WebPage\",\"@id\":\"https:\\\/\\\/cifreceramica.com\\\/en\\\/feria-en\\\/\",\"url\":\"https:\\\/\\\/cifreceramica.com\\\/en\\\/feria-en\\\/\",\"name\":\"Feria - CIFRE CER\u00c1MICA\",\"isPartOf\":{\"@id\":\"https:\\\/\\\/cifreceramica.com\\\/#website\"},\"datePublished\":\"2019-09-06T10:19:25+00:00\",\"dateModified\":\"2026-02-21T09:20:26+00:00\",\"breadcrumb\":{\"@id\":\"https:\\\/\\\/cifreceramica.com\\\/en\\\/feria-en\\\/#breadcrumb\"},\"inLanguage\":\"en-US\",\"potentialAction\":[{\"@type\":\"ReadAction\",\"target\":[\"https:\\\/\\\/cifreceramica.com\\\/en\\\/feria-en\\\/\"]}]},{\"@type\":\"BreadcrumbList\",\"@id\":\"https:\\\/\\\/cifreceramica.com\\\/en\\\/feria-en\\\/#breadcrumb\",\"itemListElement\":[{\"@type\":\"ListItem\",\"position\":1,\"name\":\"Portada\",\"item\":\"https:\\\/\\\/cifreceramica.com\\\/en\\\/\"},{\"@type\":\"ListItem\",\"position\":2,\"name\":\"Feria\"}]},{\"@type\":\"WebSite\",\"@id\":\"https:\\\/\\\/cifreceramica.com\\\/#website\",\"url\":\"https:\\\/\\\/cifreceramica.com\\\/\",\"name\":\"CIFRE CER\u00c1MICA\",\"description\":\"Azulejo, cer\u00e1mica, decoraci\u00f3n, pavimento, revestimiento\",\"publisher\":{\"@id\":\"https:\\\/\\\/cifreceramica.com\\\/#organization\"},\"potentialAction\":[{\"@type\":\"SearchAction\",\"target\":{\"@type\":\"EntryPoint\",\"urlTemplate\":\"https:\\\/\\\/cifreceramica.com\\\/?s={search_term_string}\"},\"query-input\":{\"@type\":\"PropertyValueSpecification\",\"valueRequired\":true,\"valueName\":\"search_term_string\"}}],\"inLanguage\":\"en-US\"},{\"@type\":\"Organization\",\"@id\":\"https:\\\/\\\/cifreceramica.com\\\/#organization\",\"name\":\"CIFRE CERAMICA SL.\",\"url\":\"https:\\\/\\\/cifreceramica.com\\\/\",\"logo\":{\"@type\":\"ImageObject\",\"inLanguage\":\"en-US\",\"@id\":\"https:\\\/\\\/cifreceramica.com\\\/#\\\/schema\\\/logo\\\/image\\\/\",\"url\":\"https:\\\/\\\/cifreceramica.com\\\/wp-content\\\/uploads\\\/2020\\\/03\\\/logo-cifre.jpg\",\"contentUrl\":\"https:\\\/\\\/cifreceramica.com\\\/wp-content\\\/uploads\\\/2020\\\/03\\\/logo-cifre.jpg\",\"width\":648,\"height\":320,\"caption\":\"CIFRE CERAMICA SL.\"},\"image\":{\"@id\":\"https:\\\/\\\/cifreceramica.com\\\/#\\\/schema\\\/logo\\\/image\\\/\"},\"sameAs\":[\"https:\\\/\\\/www.facebook.com\\\/Cifreceramica\\\/\",\"https:\\\/\\\/x.com\\\/cifreceramica\",\"https:\\\/\\\/www.instagram.com\\\/cifreceramica\\\/\",\"https:\\\/\\\/www.linkedin.com\\\/cifreceramica\",\"https:\\\/\\\/www.pinterest.es\\\/CifreReport\\\/_created\\\/\",\"https:\\\/\\\/www.youtube.com\\\/channel\\\/UC6T43U-C68ZKx58s-QVY0Eg\"]}]}<\/script>\n<!-- \/ Yoast SEO plugin. -->","yoast_head_json":{"title":"Feria - CIFRE CER\u00c1MICA","robots":{"index":"index","follow":"follow","max-snippet":"max-snippet:-1","max-image-preview":"max-image-preview:large","max-video-preview":"max-video-preview:-1"},"canonical":"https:\/\/cifreceramica.com\/en\/feria-en\/","og_locale":"en_US","og_type":"article","og_title":"Feria - CIFRE CER\u00c1MICA","og_description":"[vc_row full_width=&#8221;stretch_row_content&#8221; el_class=&#8221;breadcrumb&#8221;][vc_column][\/vc_column][\/vc_row][vc_row el_class=&#8221;titulares_top_new filosofia&#8221;][vc_column width=&#8221;1\/6&#8243;][\/vc_column][vc_column width=&#8221;2\/3&#8243;][vc_column_text] At Home Together 2026 | Novelties Here you can discover all our new products launched for our trade fair [\/vc_column_text][\/vc_column][vc_column width=&#8221;1\/6&#8243;][\/vc_column][\/vc_row][vc_row full_width=&#8221;stretch_row_content_no_spaces&#8221; el_class=&#8221;bloque colecciones-feria&#8221;][vc_column][\/vc_column][\/vc_row][vc_row full_width=&#8221;stretch_row&#8221; el_class=&#8221;btn_descargar_feria&#8221;][vc_column el_class=&#8221;seleccion_acciones_top feria&#8221;][vc_row_inner][vc_column_inner][vc_column_text el_class=&#8221;descargar_cat_feria izq&#8221;] Descargar Cat\u00e1logo Porcel\u00e1nicos Descargar Cat\u00e1logo Brick &amp; More [\/vc_column_text][\/vc_column_inner][\/vc_row_inner][\/vc_column][\/vc_row][vc_row css=&#8221;.vc_custom_1642060842701{margin-top: 30px !important;}&#8221;][vc_column][vc_column_text] At Home Together 2026 [\/vc_column_text][\/vc_column][\/vc_row]","og_url":"https:\/\/cifreceramica.com\/en\/feria-en\/","og_site_name":"CIFRE CER\u00c1MICA","article_publisher":"https:\/\/www.facebook.com\/Cifreceramica\/","article_modified_time":"2026-02-21T09:20:26+00:00","twitter_card":"summary_large_image","twitter_site":"@cifreceramica","twitter_misc":{"Est. reading time":"1 minute"},"schema":{"@context":"https:\/\/schema.org","@graph":[{"@type":"WebPage","@id":"https:\/\/cifreceramica.com\/en\/feria-en\/","url":"https:\/\/cifreceramica.com\/en\/feria-en\/","name":"Feria - CIFRE CER\u00c1MICA","isPartOf":{"@id":"https:\/\/cifreceramica.com\/#website"},"datePublished":"2019-09-06T10:19:25+00:00","dateModified":"2026-02-21T09:20:26+00:00","breadcrumb":{"@id":"https:\/\/cifreceramica.com\/en\/feria-en\/#breadcrumb"},"inLanguage":"en-US","potentialAction":[{"@type":"ReadAction","target":["https:\/\/cifreceramica.com\/en\/feria-en\/"]}]},{"@type":"BreadcrumbList","@id":"https:\/\/cifreceramica.com\/en\/feria-en\/#breadcrumb","itemListElement":[{"@type":"ListItem","position":1,"name":"Portada","item":"https:\/\/cifreceramica.com\/en\/"},{"@type":"ListItem","position":2,"name":"Feria"}]},{"@type":"WebSite","@id":"https:\/\/cifreceramica.com\/#website","url":"https:\/\/cifreceramica.com\/","name":"CIFRE CER\u00c1MICA","description":"Azulejo, cer\u00e1mica, decoraci\u00f3n, pavimento, revestimiento","publisher":{"@id":"https:\/\/cifreceramica.com\/#organization"},"potentialAction":[{"@type":"SearchAction","target":{"@type":"EntryPoint","urlTemplate":"https:\/\/cifreceramica.com\/?s={search_term_string}"},"query-input":{"@type":"PropertyValueSpecification","valueRequired":true,"valueName":"search_term_string"}}],"inLanguage":"en-US"},{"@type":"Organization","@id":"https:\/\/cifreceramica.com\/#organization","name":"CIFRE CERAMICA SL.","url":"https:\/\/cifreceramica.com\/","logo":{"@type":"ImageObject","inLanguage":"en-US","@id":"https:\/\/cifreceramica.com\/#\/schema\/logo\/image\/","url":"https:\/\/cifreceramica.com\/wp-content\/uploads\/2020\/03\/logo-cifre.jpg","contentUrl":"https:\/\/cifreceramica.com\/wp-content\/uploads\/2020\/03\/logo-cifre.jpg","width":648,"height":320,"caption":"CIFRE CERAMICA SL."},"image":{"@id":"https:\/\/cifreceramica.com\/#\/schema\/logo\/image\/"},"sameAs":["https:\/\/www.facebook.com\/Cifreceramica\/","https:\/\/x.com\/cifreceramica","https:\/\/www.instagram.com\/cifreceramica\/","https:\/\/www.linkedin.com\/cifreceramica","https:\/\/www.pinterest.es\/CifreReport\/_created\/","https:\/\/www.youtube.com\/channel\/UC6T43U-C68ZKx58s-QVY0Eg"]}]}},"_links":{"self":[{"href":"https:\/\/cifreceramica.com\/en\/wp-json\/wp\/v2\/pages\/1750","targetHints":{"allow":["GET"]}}],"collection":[{"href":"https:\/\/cifreceramica.com\/en\/wp-json\/wp\/v2\/pages"}],"about":[{"href":"https:\/\/cifreceramica.com\/en\/wp-json\/wp\/v2\/types\/page"}],"author":[{"embeddable":true,"href":"https:\/\/cifreceramica.com\/en\/wp-json\/wp\/v2\/users\/1"}],"replies":[{"embeddable":true,"href":"https:\/\/cifreceramica.com\/en\/wp-json\/wp\/v2\/comments?post=1750"}],"version-history":[{"count":39,"href":"https:\/\/cifreceramica.com\/en\/wp-json\/wp\/v2\/pages\/1750\/revisions"}],"predecessor-version":[{"id":13747,"href":"https:\/\/cifreceramica.com\/en\/wp-json\/wp\/v2\/pages\/1750\/revisions\/13747"}],"wp:attachment":[{"href":"https:\/\/cifreceramica.com\/en\/wp-json\/wp\/v2\/media?parent=1750"}],"curies":[{"name":"wp","href":"https:\/\/api.w.org\/{rel}","templated":true}]}}