{"id":1742,"date":"2019-09-05T14:54:26","date_gmt":"2019-09-05T12:54:26","guid":{"rendered":"https:\/\/cifreceramica.com\/colecciones-popup-coleccion\/"},"modified":"2019-09-19T15:15:11","modified_gmt":"2019-09-19T13:15:11","slug":"collections-popup-collection","status":"publish","type":"page","link":"https:\/\/cifreceramica.com\/en\/collections-popup-collection\/","title":{"rendered":"Collections \u2013 Popup collection"},"content":{"rendered":"<p>[vc_row full_width=&#8221;stretch_row_content&#8221; el_class=&#8221;breadcrumb&#8221;][vc_column][\/vc_column][\/vc_row][vc_row el_class=&#8221;popup_info_coleccion&#8221; css=&#8221;.vc_custom_1567694572075{margin-top: 40px !important;margin-bottom: 40px !important;}&#8221;][vc_column][vc_row_inner][vc_column_inner width=&#8221;1\/2&#8243;][vc_single_image image=&#8221;1236&#8243; img_size=&#8221;full&#8221; alignment=&#8221;center&#8221;][vc_column_text el_class=&#8221;pop_caras&#8221;]Available faces[\/vc_column_text][\/vc_column_inner][vc_column_inner width=&#8221;1\/2&#8243;][vc_column_text el_class=&#8221;pop_titulo&#8221;]GRANITE CREAM[\/vc_column_text][vc_column_text el_class=&#8221;pop_medida&#8221;]120X120 \u00b7 48\u201dX48\u201d | G.191[\/vc_column_text][vc_separator color=&#8221;black&#8221;][vc_single_image image=&#8221;1107&#8243; img_size=&#8221;full&#8221; el_class=&#8221;pop_iconos&#8221;][vc_single_image image=&#8221;1107&#8243; img_size=&#8221;full&#8221; el_class=&#8221;pop_iconos&#8221;][vc_single_image image=&#8221;1107&#8243; img_size=&#8221;full&#8221; el_class=&#8221;pop_iconos&#8221;][vc_single_image image=&#8221;1107&#8243; img_size=&#8221;full&#8221; el_class=&#8221;pop_iconos&#8221;][vc_single_image image=&#8221;1107&#8243; img_size=&#8221;full&#8221; el_class=&#8221;pop_iconos&#8221;][vc_separator color=&#8221;black&#8221;][vc_column_text el_class=&#8221;pop_caracteristicas&#8221;]Porcelain<br \/>\nColoured mass<br \/>\nMate<br \/>\nThickness 9.0[\/vc_column_text][vc_separator color=&#8221;black&#8221;][vc_column_text el_class=&#8221;pop_descarga&#8221;]<strong>Download<\/strong>[\/vc_column_text][vc_column_text el_class=&#8221;pop_comparte&#8221;]Share <img loading=\"lazy\" decoding=\"async\" class=\"alignnone size-full wp-image-388\" src=\"https:\/\/cifreceramica.com\/wp-content\/uploads\/2019\/08\/mail.png\" alt=\"\" width=\"18\" height=\"18\" \/> <img loading=\"lazy\" decoding=\"async\" class=\"alignnone size-full wp-image-386\" src=\"https:\/\/cifreceramica.com\/wp-content\/uploads\/2019\/08\/facebook.png\" alt=\"\" width=\"18\" height=\"18\" \/> <img loading=\"lazy\" decoding=\"async\" class=\"alignnone size-full wp-image-390\" src=\"https:\/\/cifreceramica.com\/wp-content\/uploads\/2019\/08\/linkedin-1.png\" alt=\"\" width=\"18\" height=\"18\" \/>[\/vc_column_text][\/vc_column_inner][\/vc_row_inner][vc_row_inner css=&#8221;.vc_custom_1567694671580{margin-top: 35px !important;}&#8221;][vc_column_inner width=&#8221;1\/2&#8243;][vc_raw_html el_class=&#8221;pop_tabla&#8221;]JTNDZGl2JTIwY2xhc3MlM0QlMjJ0YWJsZS1yZXNwb25zaXZlJTIyJTNFJTBBJTIwJTIwJTNDdGFibGUlMjBjbGFzcyUzRCUyMnRhYmxlJTIyJTIwJTIwY2VsbHNwYWNpbmclM0QlMjIwJTIyJTNFJTBBJTIwJTIwJTIwJTIwJTNDdGhlYWQlM0UlMEElMjAlMjAlMjAlMjAlMjAlMjAlM0N0ciUzRSUwQSUyMCUyMCUyMCUyMCUyMCUyMCUyMCUyMCUzQ3RoJTIwc2NvcGUlM0QlMjJjb2wlMjIlM0VQenMuJTJGY2FqYSUzQyUyRnRoJTNFJTBBJTIwJTIwJTIwJTIwJTIwJTIwJTIwJTIwJTNDdGglMjBzY29wZSUzRCUyMmNvbCUyMiUzRU0yJTJGY2FqYSUzQyUyRnRoJTNFJTBBJTIwJTIwJTIwJTIwJTIwJTIwJTIwJTIwJTNDdGglMjBzY29wZSUzRCUyMmNvbCUyMiUzRUtnJTJGY2FqYSUzQyUyRnRoJTNFJTIwJTBBJTIwJTIwJTIwJTIwJTIwJTIwJTIwJTIwJTNDdGglMjBzY29wZSUzRCUyMmNvbCUyMiUzRUNhamFzJTJGcGFsZXQlM0MlMkZ0aCUzRSUyMCUwQSUyMCUyMCUyMCUyMCUyMCUyMCUzQyUyRnRyJTNFJTBBJTIwJTIwJTIwJTIwJTNDJTJGdGhlYWQlM0UlMEElMjAlMjAlMjAlMjAlM0N0Ym9keSUzRSUwQSUyMCUyMCUyMCUyMCUyMCUyMCUzQ3RyJTNFJTBBJTIwJTIwJTIwJTIwJTIwJTIwJTIwJTIwJTNDdGQlMjBzY29wZSUzRCUyMmNvbCUyMiUzRTElM0MlMkZ0ZCUzRSUwQSUyMCUyMCUyMCUyMCUyMCUyMCUyMCUyMCUzQ3RkJTIwc2NvcGUlM0QlMjJjb2wlMjIlM0UzLjEyJTNDJTJGdGQlM0UlMEElMjAlMjAlMjAlMjAlMjAlMjAlMjAlMjAlM0N0ZCUyMHNjb3BlJTNEJTIyY29sJTIyJTNFNDkuOTglM0MlMkZ0aCUzRSUyMCUwQSUyMCUyMCUyMCUyMCUyMCUyMCUyMCUyMCUzQ3RkJTIwc2NvcGUlM0QlMjJjb2wlMjIlM0UyNCUzQyUyRnRoJTNFJTIwJTBBJTIwJTIwJTIwJTIwJTIwJTIwJTNDJTJGdHIlM0UlMEElMjAlMjAlMjAlMjAlM0MlMkZ0Ym9keSUzRSUwQSUyMCUyMCUzQyUyRnRhYmxlJTNFJTBBJTNDJTJGZGl2JTNFJTBB[\/vc_raw_html][vc_raw_html el_class=&#8221;pop_tabla&#8221;]JTNDZGl2JTIwY2xhc3MlM0QlMjJ0YWJsZS1yZXNwb25zaXZlJTIyJTNFJTBBJTIwJTIwJTNDdGFibGUlMjBjbGFzcyUzRCUyMnRhYmxlJTIyJTIwJTIwY2VsbHNwYWNpbmclM0QlMjIwJTIyJTNFJTBBJTIwJTIwJTIwJTIwJTNDdGhlYWQlM0UlMEElMjAlMjAlMjAlMjAlMjAlMjAlM0N0ciUzRSUwQSUyMCUyMCUyMCUyMCUyMCUyMCUyMCUyMCUzQ3RoJTIwc2NvcGUlM0QlMjJjb2wlMjIlM0VNMiUyRnBhbGV0JTNDJTJGdGglM0UlMEElMjAlMjAlMjAlMjAlMjAlMjAlMjAlMjAlM0N0aCUyMHNjb3BlJTNEJTIyY29sJTIyJTNFS2clMkZwYWxldCUzQyUyRnRoJTNFJTBBJTIwJTIwJTIwJTIwJTIwJTIwJTIwJTIwJTNDdGglMjBzY29wZSUzRCUyMmNvbCUyMiUzRVRpcG8lMjBkZSUyMHBhbGV0JTNDJTJGdGglM0UlMjAlMEElMjAlMjAlMjAlMjAlMjAlMjAlM0MlMkZ0ciUzRSUwQSUyMCUyMCUyMCUyMCUzQyUyRnRoZWFkJTNFJTBBJTIwJTIwJTIwJTIwJTNDdGJvZHklM0UlMEElMjAlMjAlMjAlMjAlMjAlMjAlM0N0ciUzRSUwQSUwQSUyMCUyMCUyMCUyMCUyMCUyMCUyMCUyMCUzQ3RkJTIwc2NvcGUlM0QlMjJjb2wlMjIlM0U3NC44OCUzQyUyRnRkJTNFJTBBJTIwJTIwJTIwJTIwJTIwJTIwJTIwJTIwJTNDdGQlMjBzY29wZSUzRCUyMmNvbCUyMiUzRTEyMDAlM0MlMkZ0aCUzRSUyMCUwQSUyMCUyMCUyMCUyMCUyMCUyMCUyMCUyMCUzQ3RkJTIwc2NvcGUlM0QlMjJjb2wlMjIlM0UzNXgyNzV4MzglM0MlMkZ0aCUzRSUyMCUwQSUyMCUyMCUyMCUyMCUyMCUyMCUzQyUyRnRyJTNFJTBBJTIwJTIwJTIwJTIwJTNDJTJGdGJvZHklM0UlMEElMjAlMjAlM0MlMkZ0YWJsZSUzRSUwQSUzQyUyRmRpdiUzRSUwQQ==[\/vc_raw_html][vc_column_text el_class=&#8221;pop_destacado&#8221;]The content of this list of packaging is indicative and the content of the packages may vary. Please check with our sales team for the exact list.[\/vc_column_text][\/vc_column_inner][vc_column_inner width=&#8221;1\/2&#8243;][vc_column_text el_class=&#8221;pop_stock&#8221;]<\/p>\n<p style=\"text-align: center;\"><strong>Stock: 477.36 m2<\/strong><\/p>\n<p>[\/vc_column_text][vc_column_text el_class=&#8221;pop_destacado&#8221;]The stock shown is indicative and is not displayed in real time. There may be variations from when you formalise the product order until it is processed by the company or prepared for loading.[\/vc_column_text][\/vc_column_inner][\/vc_row_inner][\/vc_column][\/vc_row]<\/p>\n","protected":false},"excerpt":{"rendered":"<p>[vc_row full_width=&#8221;stretch_row_content&#8221; el_class=&#8221;breadcrumb&#8221;][vc_column][\/vc_column][\/vc_row][vc_row el_class=&#8221;popup_info_coleccion&#8221; css=&#8221;.vc_custom_1567694572075{margin-top: 40px !important;margin-bottom: 40px !important;}&#8221;][vc_column][vc_row_inner][vc_column_inner width=&#8221;1\/2&#8243;][vc_single_image image=&#8221;1236&#8243; img_size=&#8221;full&#8221; alignment=&#8221;center&#8221;][vc_column_text el_class=&#8221;pop_caras&#8221;]Available faces[\/vc_column_text][\/vc_column_inner][vc_column_inner width=&#8221;1\/2&#8243;][vc_column_text el_class=&#8221;pop_titulo&#8221;]GRANITE CREAM[\/vc_column_text][vc_column_text el_class=&#8221;pop_medida&#8221;]120X120 \u00b7 48\u201dX48\u201d | G.191[\/vc_column_text][vc_separator color=&#8221;black&#8221;][vc_single_image image=&#8221;1107&#8243; img_size=&#8221;full&#8221; el_class=&#8221;pop_iconos&#8221;][vc_single_image image=&#8221;1107&#8243; img_size=&#8221;full&#8221; el_class=&#8221;pop_iconos&#8221;][vc_single_image image=&#8221;1107&#8243; img_size=&#8221;full&#8221; el_class=&#8221;pop_iconos&#8221;][vc_single_image image=&#8221;1107&#8243; img_size=&#8221;full&#8221; el_class=&#8221;pop_iconos&#8221;][vc_single_image image=&#8221;1107&#8243; img_size=&#8221;full&#8221; el_class=&#8221;pop_iconos&#8221;][vc_separator color=&#8221;black&#8221;][vc_column_text el_class=&#8221;pop_caracteristicas&#8221;]Porcelain Coloured mass Mate Thickness 9.0[\/vc_column_text][vc_separator color=&#8221;black&#8221;][vc_column_text el_class=&#8221;pop_descarga&#8221;]Download[\/vc_column_text][vc_column_text el_class=&#8221;pop_comparte&#8221;]Share [\/vc_column_text][\/vc_column_inner][\/vc_row_inner][vc_row_inner css=&#8221;.vc_custom_1567694671580{margin-top: 35px !important;}&#8221;][vc_column_inner width=&#8221;1\/2&#8243;][vc_raw_html el_class=&#8221;pop_tabla&#8221;]JTNDZGl2JTIwY2xhc3MlM0QlMjJ0YWJsZS1yZXNwb25zaXZlJTIyJTNFJTBBJTIwJTIwJTNDdGFibGUlMjBjbGFzcyUzRCUyMnRhYmxlJTIyJTIwJTIwY2VsbHNwYWNpbmclM0QlMjIwJTIyJTNFJTBBJTIwJTIwJTIwJTIwJTNDdGhlYWQlM0UlMEElMjAlMjAlMjAlMjAlMjAlMjAlM0N0ciUzRSUwQSUyMCUyMCUyMCUyMCUyMCUyMCUyMCUyMCUzQ3RoJTIwc2NvcGUlM0QlMjJjb2wlMjIlM0VQenMuJTJGY2FqYSUzQyUyRnRoJTNFJTBBJTIwJTIwJTIwJTIwJTIwJTIwJTIwJTIwJTNDdGglMjBzY29wZSUzRCUyMmNvbCUyMiUzRU0yJTJGY2FqYSUzQyUyRnRoJTNFJTBBJTIwJTIwJTIwJTIwJTIwJTIwJTIwJTIwJTNDdGglMjBzY29wZSUzRCUyMmNvbCUyMiUzRUtnJTJGY2FqYSUzQyUyRnRoJTNFJTIwJTBBJTIwJTIwJTIwJTIwJTIwJTIwJTIwJTIwJTNDdGglMjBzY29wZSUzRCUyMmNvbCUyMiUzRUNhamFzJTJGcGFsZXQlM0MlMkZ0aCUzRSUyMCUwQSUyMCUyMCUyMCUyMCUyMCUyMCUzQyUyRnRyJTNFJTBBJTIwJTIwJTIwJTIwJTNDJTJGdGhlYWQlM0UlMEElMjAlMjAlMjAlMjAlM0N0Ym9keSUzRSUwQSUyMCUyMCUyMCUyMCUyMCUyMCUzQ3RyJTNFJTBBJTIwJTIwJTIwJTIwJTIwJTIwJTIwJTIwJTNDdGQlMjBzY29wZSUzRCUyMmNvbCUyMiUzRTElM0MlMkZ0ZCUzRSUwQSUyMCUyMCUyMCUyMCUyMCUyMCUyMCUyMCUzQ3RkJTIwc2NvcGUlM0QlMjJjb2wlMjIlM0UzLjEyJTNDJTJGdGQlM0UlMEElMjAlMjAlMjAlMjAlMjAlMjAlMjAlMjAlM0N0ZCUyMHNjb3BlJTNEJTIyY29sJTIyJTNFNDkuOTglM0MlMkZ0aCUzRSUyMCUwQSUyMCUyMCUyMCUyMCUyMCUyMCUyMCUyMCUzQ3RkJTIwc2NvcGUlM0QlMjJjb2wlMjIlM0UyNCUzQyUyRnRoJTNFJTIwJTBBJTIwJTIwJTIwJTIwJTIwJTIwJTNDJTJGdHIlM0UlMEElMjAlMjAlMjAlMjAlM0MlMkZ0Ym9keSUzRSUwQSUyMCUyMCUzQyUyRnRhYmxlJTNFJTBBJTNDJTJGZGl2JTNFJTBB[\/vc_raw_html][vc_raw_html [&hellip;]<\/p>\n","protected":false},"author":1,"featured_media":0,"parent":0,"menu_order":0,"comment_status":"closed","ping_status":"closed","template":"","meta":{"footnotes":""},"class_list":["post-1742","page","type-page","status-publish","hentry"],"yoast_head":"<!-- This site is optimized with the Yoast SEO plugin v27.3 - https:\/\/yoast.com\/product\/yoast-seo-wordpress\/ -->\n<title>Collections \u2013 Popup collection - CIFRE CER\u00c1MICA<\/title>\n<meta name=\"robots\" content=\"index, follow, max-snippet:-1, max-image-preview:large, max-video-preview:-1\" \/>\n<link rel=\"canonical\" href=\"https:\/\/cifreceramica.com\/en\/collections-popup-collection\/\" \/>\n<meta property=\"og:locale\" content=\"en_US\" \/>\n<meta property=\"og:type\" content=\"article\" \/>\n<meta property=\"og:title\" content=\"Collections \u2013 Popup collection - CIFRE CER\u00c1MICA\" \/>\n<meta property=\"og:description\" content=\"[vc_row full_width=&#8221;stretch_row_content&#8221; el_class=&#8221;breadcrumb&#8221;][vc_column][\/vc_column][\/vc_row][vc_row el_class=&#8221;popup_info_coleccion&#8221; css=&#8221;.vc_custom_1567694572075{margin-top: 40px !important;margin-bottom: 40px !important;}&#8221;][vc_column][vc_row_inner][vc_column_inner width=&#8221;1\/2&#8243;][vc_single_image image=&#8221;1236&#8243; img_size=&#8221;full&#8221; alignment=&#8221;center&#8221;][vc_column_text el_class=&#8221;pop_caras&#8221;]Available faces[\/vc_column_text][\/vc_column_inner][vc_column_inner width=&#8221;1\/2&#8243;][vc_column_text el_class=&#8221;pop_titulo&#8221;]GRANITE CREAM[\/vc_column_text][vc_column_text el_class=&#8221;pop_medida&#8221;]120X120 \u00b7 48\u201dX48\u201d | G.191[\/vc_column_text][vc_separator color=&#8221;black&#8221;][vc_single_image image=&#8221;1107&#8243; img_size=&#8221;full&#8221; el_class=&#8221;pop_iconos&#8221;][vc_single_image image=&#8221;1107&#8243; img_size=&#8221;full&#8221; el_class=&#8221;pop_iconos&#8221;][vc_single_image image=&#8221;1107&#8243; img_size=&#8221;full&#8221; el_class=&#8221;pop_iconos&#8221;][vc_single_image image=&#8221;1107&#8243; img_size=&#8221;full&#8221; el_class=&#8221;pop_iconos&#8221;][vc_single_image image=&#8221;1107&#8243; img_size=&#8221;full&#8221; el_class=&#8221;pop_iconos&#8221;][vc_separator color=&#8221;black&#8221;][vc_column_text el_class=&#8221;pop_caracteristicas&#8221;]Porcelain Coloured mass Mate Thickness 9.0[\/vc_column_text][vc_separator color=&#8221;black&#8221;][vc_column_text el_class=&#8221;pop_descarga&#8221;]Download[\/vc_column_text][vc_column_text el_class=&#8221;pop_comparte&#8221;]Share [\/vc_column_text][\/vc_column_inner][\/vc_row_inner][vc_row_inner css=&#8221;.vc_custom_1567694671580{margin-top: 35px !important;}&#8221;][vc_column_inner width=&#8221;1\/2&#8243;][vc_raw_html el_class=&#8221;pop_tabla&#8221;]JTNDZGl2JTIwY2xhc3MlM0QlMjJ0YWJsZS1yZXNwb25zaXZlJTIyJTNFJTBBJTIwJTIwJTNDdGFibGUlMjBjbGFzcyUzRCUyMnRhYmxlJTIyJTIwJTIwY2VsbHNwYWNpbmclM0QlMjIwJTIyJTNFJTBBJTIwJTIwJTIwJTIwJTNDdGhlYWQlM0UlMEElMjAlMjAlMjAlMjAlMjAlMjAlM0N0ciUzRSUwQSUyMCUyMCUyMCUyMCUyMCUyMCUyMCUyMCUzQ3RoJTIwc2NvcGUlM0QlMjJjb2wlMjIlM0VQenMuJTJGY2FqYSUzQyUyRnRoJTNFJTBBJTIwJTIwJTIwJTIwJTIwJTIwJTIwJTIwJTNDdGglMjBzY29wZSUzRCUyMmNvbCUyMiUzRU0yJTJGY2FqYSUzQyUyRnRoJTNFJTBBJTIwJTIwJTIwJTIwJTIwJTIwJTIwJTIwJTNDdGglMjBzY29wZSUzRCUyMmNvbCUyMiUzRUtnJTJGY2FqYSUzQyUyRnRoJTNFJTIwJTBBJTIwJTIwJTIwJTIwJTIwJTIwJTIwJTIwJTNDdGglMjBzY29wZSUzRCUyMmNvbCUyMiUzRUNhamFzJTJGcGFsZXQlM0MlMkZ0aCUzRSUyMCUwQSUyMCUyMCUyMCUyMCUyMCUyMCUzQyUyRnRyJTNFJTBBJTIwJTIwJTIwJTIwJTNDJTJGdGhlYWQlM0UlMEElMjAlMjAlMjAlMjAlM0N0Ym9keSUzRSUwQSUyMCUyMCUyMCUyMCUyMCUyMCUzQ3RyJTNFJTBBJTIwJTIwJTIwJTIwJTIwJTIwJTIwJTIwJTNDdGQlMjBzY29wZSUzRCUyMmNvbCUyMiUzRTElM0MlMkZ0ZCUzRSUwQSUyMCUyMCUyMCUyMCUyMCUyMCUyMCUyMCUzQ3RkJTIwc2NvcGUlM0QlMjJjb2wlMjIlM0UzLjEyJTNDJTJGdGQlM0UlMEElMjAlMjAlMjAlMjAlMjAlMjAlMjAlMjAlM0N0ZCUyMHNjb3BlJTNEJTIyY29sJTIyJTNFNDkuOTglM0MlMkZ0aCUzRSUyMCUwQSUyMCUyMCUyMCUyMCUyMCUyMCUyMCUyMCUzQ3RkJTIwc2NvcGUlM0QlMjJjb2wlMjIlM0UyNCUzQyUyRnRoJTNFJTIwJTBBJTIwJTIwJTIwJTIwJTIwJTIwJTNDJTJGdHIlM0UlMEElMjAlMjAlMjAlMjAlM0MlMkZ0Ym9keSUzRSUwQSUyMCUyMCUzQyUyRnRhYmxlJTNFJTBBJTNDJTJGZGl2JTNFJTBB[\/vc_raw_html][vc_raw_html [&hellip;]\" \/>\n<meta property=\"og:url\" content=\"https:\/\/cifreceramica.com\/en\/collections-popup-collection\/\" \/>\n<meta property=\"og:site_name\" content=\"CIFRE CER\u00c1MICA\" \/>\n<meta property=\"article:publisher\" content=\"https:\/\/www.facebook.com\/Cifreceramica\/\" \/>\n<meta property=\"article:modified_time\" content=\"2019-09-19T13:15:11+00:00\" \/>\n<meta property=\"og:image\" content=\"https:\/\/cifreceramica.com\/wp-content\/uploads\/2019\/08\/mail.png\" \/>\n<meta name=\"twitter:card\" content=\"summary_large_image\" \/>\n<meta name=\"twitter:site\" content=\"@cifreceramica\" \/>\n<meta name=\"twitter:label1\" content=\"Est. reading time\" \/>\n\t<meta name=\"twitter:data1\" content=\"2 minutes\" \/>\n<script type=\"application\/ld+json\" class=\"yoast-schema-graph\">{\"@context\":\"https:\\\/\\\/schema.org\",\"@graph\":[{\"@type\":\"WebPage\",\"@id\":\"https:\\\/\\\/cifreceramica.com\\\/en\\\/collections-popup-collection\\\/\",\"url\":\"https:\\\/\\\/cifreceramica.com\\\/en\\\/collections-popup-collection\\\/\",\"name\":\"Collections \u2013 Popup collection - CIFRE CER\u00c1MICA\",\"isPartOf\":{\"@id\":\"https:\\\/\\\/cifreceramica.com\\\/#website\"},\"primaryImageOfPage\":{\"@id\":\"https:\\\/\\\/cifreceramica.com\\\/en\\\/collections-popup-collection\\\/#primaryimage\"},\"image\":{\"@id\":\"https:\\\/\\\/cifreceramica.com\\\/en\\\/collections-popup-collection\\\/#primaryimage\"},\"thumbnailUrl\":\"https:\\\/\\\/cifreceramica.com\\\/wp-content\\\/uploads\\\/2019\\\/08\\\/mail.png\",\"datePublished\":\"2019-09-05T12:54:26+00:00\",\"dateModified\":\"2019-09-19T13:15:11+00:00\",\"breadcrumb\":{\"@id\":\"https:\\\/\\\/cifreceramica.com\\\/en\\\/collections-popup-collection\\\/#breadcrumb\"},\"inLanguage\":\"en-US\",\"potentialAction\":[{\"@type\":\"ReadAction\",\"target\":[\"https:\\\/\\\/cifreceramica.com\\\/en\\\/collections-popup-collection\\\/\"]}]},{\"@type\":\"ImageObject\",\"inLanguage\":\"en-US\",\"@id\":\"https:\\\/\\\/cifreceramica.com\\\/en\\\/collections-popup-collection\\\/#primaryimage\",\"url\":\"https:\\\/\\\/cifreceramica.com\\\/wp-content\\\/uploads\\\/2019\\\/08\\\/mail.png\",\"contentUrl\":\"https:\\\/\\\/cifreceramica.com\\\/wp-content\\\/uploads\\\/2019\\\/08\\\/mail.png\"},{\"@type\":\"BreadcrumbList\",\"@id\":\"https:\\\/\\\/cifreceramica.com\\\/en\\\/collections-popup-collection\\\/#breadcrumb\",\"itemListElement\":[{\"@type\":\"ListItem\",\"position\":1,\"name\":\"Portada\",\"item\":\"https:\\\/\\\/cifreceramica.com\\\/en\\\/\"},{\"@type\":\"ListItem\",\"position\":2,\"name\":\"Collections \u2013 Popup collection\"}]},{\"@type\":\"WebSite\",\"@id\":\"https:\\\/\\\/cifreceramica.com\\\/#website\",\"url\":\"https:\\\/\\\/cifreceramica.com\\\/\",\"name\":\"CIFRE CER\u00c1MICA\",\"description\":\"Azulejo, cer\u00e1mica, decoraci\u00f3n, pavimento, revestimiento\",\"publisher\":{\"@id\":\"https:\\\/\\\/cifreceramica.com\\\/#organization\"},\"potentialAction\":[{\"@type\":\"SearchAction\",\"target\":{\"@type\":\"EntryPoint\",\"urlTemplate\":\"https:\\\/\\\/cifreceramica.com\\\/?s={search_term_string}\"},\"query-input\":{\"@type\":\"PropertyValueSpecification\",\"valueRequired\":true,\"valueName\":\"search_term_string\"}}],\"inLanguage\":\"en-US\"},{\"@type\":\"Organization\",\"@id\":\"https:\\\/\\\/cifreceramica.com\\\/#organization\",\"name\":\"CIFRE CERAMICA SL.\",\"url\":\"https:\\\/\\\/cifreceramica.com\\\/\",\"logo\":{\"@type\":\"ImageObject\",\"inLanguage\":\"en-US\",\"@id\":\"https:\\\/\\\/cifreceramica.com\\\/#\\\/schema\\\/logo\\\/image\\\/\",\"url\":\"https:\\\/\\\/cifreceramica.com\\\/wp-content\\\/uploads\\\/2020\\\/03\\\/logo-cifre.jpg\",\"contentUrl\":\"https:\\\/\\\/cifreceramica.com\\\/wp-content\\\/uploads\\\/2020\\\/03\\\/logo-cifre.jpg\",\"width\":648,\"height\":320,\"caption\":\"CIFRE CERAMICA SL.\"},\"image\":{\"@id\":\"https:\\\/\\\/cifreceramica.com\\\/#\\\/schema\\\/logo\\\/image\\\/\"},\"sameAs\":[\"https:\\\/\\\/www.facebook.com\\\/Cifreceramica\\\/\",\"https:\\\/\\\/x.com\\\/cifreceramica\",\"https:\\\/\\\/www.instagram.com\\\/cifreceramica\\\/\",\"https:\\\/\\\/www.linkedin.com\\\/cifreceramica\",\"https:\\\/\\\/www.pinterest.es\\\/CifreReport\\\/_created\\\/\",\"https:\\\/\\\/www.youtube.com\\\/channel\\\/UC6T43U-C68ZKx58s-QVY0Eg\"]}]}<\/script>\n<!-- \/ Yoast SEO plugin. -->","yoast_head_json":{"title":"Collections \u2013 Popup collection - CIFRE CER\u00c1MICA","robots":{"index":"index","follow":"follow","max-snippet":"max-snippet:-1","max-image-preview":"max-image-preview:large","max-video-preview":"max-video-preview:-1"},"canonical":"https:\/\/cifreceramica.com\/en\/collections-popup-collection\/","og_locale":"en_US","og_type":"article","og_title":"Collections \u2013 Popup collection - CIFRE CER\u00c1MICA","og_description":"[vc_row full_width=&#8221;stretch_row_content&#8221; el_class=&#8221;breadcrumb&#8221;][vc_column][\/vc_column][\/vc_row][vc_row el_class=&#8221;popup_info_coleccion&#8221; css=&#8221;.vc_custom_1567694572075{margin-top: 40px !important;margin-bottom: 40px !important;}&#8221;][vc_column][vc_row_inner][vc_column_inner width=&#8221;1\/2&#8243;][vc_single_image image=&#8221;1236&#8243; img_size=&#8221;full&#8221; alignment=&#8221;center&#8221;][vc_column_text el_class=&#8221;pop_caras&#8221;]Available faces[\/vc_column_text][\/vc_column_inner][vc_column_inner width=&#8221;1\/2&#8243;][vc_column_text el_class=&#8221;pop_titulo&#8221;]GRANITE CREAM[\/vc_column_text][vc_column_text el_class=&#8221;pop_medida&#8221;]120X120 \u00b7 48\u201dX48\u201d | G.191[\/vc_column_text][vc_separator color=&#8221;black&#8221;][vc_single_image image=&#8221;1107&#8243; img_size=&#8221;full&#8221; el_class=&#8221;pop_iconos&#8221;][vc_single_image image=&#8221;1107&#8243; img_size=&#8221;full&#8221; el_class=&#8221;pop_iconos&#8221;][vc_single_image image=&#8221;1107&#8243; img_size=&#8221;full&#8221; el_class=&#8221;pop_iconos&#8221;][vc_single_image image=&#8221;1107&#8243; img_size=&#8221;full&#8221; el_class=&#8221;pop_iconos&#8221;][vc_single_image image=&#8221;1107&#8243; img_size=&#8221;full&#8221; el_class=&#8221;pop_iconos&#8221;][vc_separator color=&#8221;black&#8221;][vc_column_text el_class=&#8221;pop_caracteristicas&#8221;]Porcelain Coloured mass Mate Thickness 9.0[\/vc_column_text][vc_separator color=&#8221;black&#8221;][vc_column_text el_class=&#8221;pop_descarga&#8221;]Download[\/vc_column_text][vc_column_text el_class=&#8221;pop_comparte&#8221;]Share [\/vc_column_text][\/vc_column_inner][\/vc_row_inner][vc_row_inner css=&#8221;.vc_custom_1567694671580{margin-top: 35px !important;}&#8221;][vc_column_inner width=&#8221;1\/2&#8243;][vc_raw_html el_class=&#8221;pop_tabla&#8221;]JTNDZGl2JTIwY2xhc3MlM0QlMjJ0YWJsZS1yZXNwb25zaXZlJTIyJTNFJTBBJTIwJTIwJTNDdGFibGUlMjBjbGFzcyUzRCUyMnRhYmxlJTIyJTIwJTIwY2VsbHNwYWNpbmclM0QlMjIwJTIyJTNFJTBBJTIwJTIwJTIwJTIwJTNDdGhlYWQlM0UlMEElMjAlMjAlMjAlMjAlMjAlMjAlM0N0ciUzRSUwQSUyMCUyMCUyMCUyMCUyMCUyMCUyMCUyMCUzQ3RoJTIwc2NvcGUlM0QlMjJjb2wlMjIlM0VQenMuJTJGY2FqYSUzQyUyRnRoJTNFJTBBJTIwJTIwJTIwJTIwJTIwJTIwJTIwJTIwJTNDdGglMjBzY29wZSUzRCUyMmNvbCUyMiUzRU0yJTJGY2FqYSUzQyUyRnRoJTNFJTBBJTIwJTIwJTIwJTIwJTIwJTIwJTIwJTIwJTNDdGglMjBzY29wZSUzRCUyMmNvbCUyMiUzRUtnJTJGY2FqYSUzQyUyRnRoJTNFJTIwJTBBJTIwJTIwJTIwJTIwJTIwJTIwJTIwJTIwJTNDdGglMjBzY29wZSUzRCUyMmNvbCUyMiUzRUNhamFzJTJGcGFsZXQlM0MlMkZ0aCUzRSUyMCUwQSUyMCUyMCUyMCUyMCUyMCUyMCUzQyUyRnRyJTNFJTBBJTIwJTIwJTIwJTIwJTNDJTJGdGhlYWQlM0UlMEElMjAlMjAlMjAlMjAlM0N0Ym9keSUzRSUwQSUyMCUyMCUyMCUyMCUyMCUyMCUzQ3RyJTNFJTBBJTIwJTIwJTIwJTIwJTIwJTIwJTIwJTIwJTNDdGQlMjBzY29wZSUzRCUyMmNvbCUyMiUzRTElM0MlMkZ0ZCUzRSUwQSUyMCUyMCUyMCUyMCUyMCUyMCUyMCUyMCUzQ3RkJTIwc2NvcGUlM0QlMjJjb2wlMjIlM0UzLjEyJTNDJTJGdGQlM0UlMEElMjAlMjAlMjAlMjAlMjAlMjAlMjAlMjAlM0N0ZCUyMHNjb3BlJTNEJTIyY29sJTIyJTNFNDkuOTglM0MlMkZ0aCUzRSUyMCUwQSUyMCUyMCUyMCUyMCUyMCUyMCUyMCUyMCUzQ3RkJTIwc2NvcGUlM0QlMjJjb2wlMjIlM0UyNCUzQyUyRnRoJTNFJTIwJTBBJTIwJTIwJTIwJTIwJTIwJTIwJTNDJTJGdHIlM0UlMEElMjAlMjAlMjAlMjAlM0MlMkZ0Ym9keSUzRSUwQSUyMCUyMCUzQyUyRnRhYmxlJTNFJTBBJTNDJTJGZGl2JTNFJTBB[\/vc_raw_html][vc_raw_html [&hellip;]","og_url":"https:\/\/cifreceramica.com\/en\/collections-popup-collection\/","og_site_name":"CIFRE CER\u00c1MICA","article_publisher":"https:\/\/www.facebook.com\/Cifreceramica\/","article_modified_time":"2019-09-19T13:15:11+00:00","og_image":[{"url":"https:\/\/cifreceramica.com\/wp-content\/uploads\/2019\/08\/mail.png","type":"","width":"","height":""}],"twitter_card":"summary_large_image","twitter_site":"@cifreceramica","twitter_misc":{"Est. reading time":"2 minutes"},"schema":{"@context":"https:\/\/schema.org","@graph":[{"@type":"WebPage","@id":"https:\/\/cifreceramica.com\/en\/collections-popup-collection\/","url":"https:\/\/cifreceramica.com\/en\/collections-popup-collection\/","name":"Collections \u2013 Popup collection - CIFRE CER\u00c1MICA","isPartOf":{"@id":"https:\/\/cifreceramica.com\/#website"},"primaryImageOfPage":{"@id":"https:\/\/cifreceramica.com\/en\/collections-popup-collection\/#primaryimage"},"image":{"@id":"https:\/\/cifreceramica.com\/en\/collections-popup-collection\/#primaryimage"},"thumbnailUrl":"https:\/\/cifreceramica.com\/wp-content\/uploads\/2019\/08\/mail.png","datePublished":"2019-09-05T12:54:26+00:00","dateModified":"2019-09-19T13:15:11+00:00","breadcrumb":{"@id":"https:\/\/cifreceramica.com\/en\/collections-popup-collection\/#breadcrumb"},"inLanguage":"en-US","potentialAction":[{"@type":"ReadAction","target":["https:\/\/cifreceramica.com\/en\/collections-popup-collection\/"]}]},{"@type":"ImageObject","inLanguage":"en-US","@id":"https:\/\/cifreceramica.com\/en\/collections-popup-collection\/#primaryimage","url":"https:\/\/cifreceramica.com\/wp-content\/uploads\/2019\/08\/mail.png","contentUrl":"https:\/\/cifreceramica.com\/wp-content\/uploads\/2019\/08\/mail.png"},{"@type":"BreadcrumbList","@id":"https:\/\/cifreceramica.com\/en\/collections-popup-collection\/#breadcrumb","itemListElement":[{"@type":"ListItem","position":1,"name":"Portada","item":"https:\/\/cifreceramica.com\/en\/"},{"@type":"ListItem","position":2,"name":"Collections \u2013 Popup collection"}]},{"@type":"WebSite","@id":"https:\/\/cifreceramica.com\/#website","url":"https:\/\/cifreceramica.com\/","name":"CIFRE CER\u00c1MICA","description":"Azulejo, cer\u00e1mica, decoraci\u00f3n, pavimento, revestimiento","publisher":{"@id":"https:\/\/cifreceramica.com\/#organization"},"potentialAction":[{"@type":"SearchAction","target":{"@type":"EntryPoint","urlTemplate":"https:\/\/cifreceramica.com\/?s={search_term_string}"},"query-input":{"@type":"PropertyValueSpecification","valueRequired":true,"valueName":"search_term_string"}}],"inLanguage":"en-US"},{"@type":"Organization","@id":"https:\/\/cifreceramica.com\/#organization","name":"CIFRE CERAMICA SL.","url":"https:\/\/cifreceramica.com\/","logo":{"@type":"ImageObject","inLanguage":"en-US","@id":"https:\/\/cifreceramica.com\/#\/schema\/logo\/image\/","url":"https:\/\/cifreceramica.com\/wp-content\/uploads\/2020\/03\/logo-cifre.jpg","contentUrl":"https:\/\/cifreceramica.com\/wp-content\/uploads\/2020\/03\/logo-cifre.jpg","width":648,"height":320,"caption":"CIFRE CERAMICA SL."},"image":{"@id":"https:\/\/cifreceramica.com\/#\/schema\/logo\/image\/"},"sameAs":["https:\/\/www.facebook.com\/Cifreceramica\/","https:\/\/x.com\/cifreceramica","https:\/\/www.instagram.com\/cifreceramica\/","https:\/\/www.linkedin.com\/cifreceramica","https:\/\/www.pinterest.es\/CifreReport\/_created\/","https:\/\/www.youtube.com\/channel\/UC6T43U-C68ZKx58s-QVY0Eg"]}]}},"_links":{"self":[{"href":"https:\/\/cifreceramica.com\/en\/wp-json\/wp\/v2\/pages\/1742","targetHints":{"allow":["GET"]}}],"collection":[{"href":"https:\/\/cifreceramica.com\/en\/wp-json\/wp\/v2\/pages"}],"about":[{"href":"https:\/\/cifreceramica.com\/en\/wp-json\/wp\/v2\/types\/page"}],"author":[{"embeddable":true,"href":"https:\/\/cifreceramica.com\/en\/wp-json\/wp\/v2\/users\/1"}],"replies":[{"embeddable":true,"href":"https:\/\/cifreceramica.com\/en\/wp-json\/wp\/v2\/comments?post=1742"}],"version-history":[{"count":3,"href":"https:\/\/cifreceramica.com\/en\/wp-json\/wp\/v2\/pages\/1742\/revisions"}],"predecessor-version":[{"id":1745,"href":"https:\/\/cifreceramica.com\/en\/wp-json\/wp\/v2\/pages\/1742\/revisions\/1745"}],"wp:attachment":[{"href":"https:\/\/cifreceramica.com\/en\/wp-json\/wp\/v2\/media?parent=1742"}],"curies":[{"name":"wp","href":"https:\/\/api.w.org\/{rel}","templated":true}]}}