{"id":1724,"date":"2019-08-21T08:58:26","date_gmt":"2019-08-21T06:58:26","guid":{"rendered":"https:\/\/cifreceramica.com\/coleccion-busqueda-avanzada-producto\/"},"modified":"2019-09-19T14:40:42","modified_gmt":"2019-09-19T12:40:42","slug":"collection-advanced-product-search","status":"publish","type":"page","link":"https:\/\/cifreceramica.com\/en\/collection-advanced-product-search\/","title":{"rendered":"Collection &#8211; Advanced product search"},"content":{"rendered":"<p>[vc_row full_width=&#8221;stretch_row_content&#8221; el_class=&#8221;breadcrumb&#8221;][vc_column][\/vc_column][\/vc_row][vc_row full_width=&#8221;stretch_row_content&#8221; equal_height=&#8221;yes&#8221; el_class=&#8221;busqueda_coleccion&#8221;][vc_column width=&#8221;1\/4&#8243; el_class=&#8221;filtros_busqueda&#8221;][vc_row_inner el_class=&#8221;bloque_filtro&#8221;][vc_column_inner][vc_column_text el_class=&#8221;titular&#8221;]<strong>Advanced search filters<\/strong>[\/vc_column_text][\/vc_column_inner][\/vc_row_inner][vc_row_inner el_class=&#8221;bloque_filtro&#8221;][vc_column_inner][vc_raw_html]JTNDZGl2JTIwY2xhc3MlM0QlMjJjaGVja19maWx0cm8lMjIlM0UlM0NpbnB1dCUyMHR5cGUlM0QlMjJjaGVja2JveCUyMiUzRSUyMCUzQ2xhYmVsJTNFTm92ZWRhZGVzJTIwJTNDc3BhbiUyMGNsYXNzJTNEJTIyY2FudGlkYWQlMjIlM0UlMjgyNCUyOSUzQyUyRnNwYW4lM0UlM0MlMkZsYWJlbCUzRSUzQyUyRmRpdiUzRQ==[\/vc_raw_html][\/vc_column_inner][\/vc_row_inner][vc_row_inner el_class=&#8221;bloque_filtro&#8221;][vc_column_inner][vc_raw_html]JTNDcCUzRVZpc3VhbGl6YXIlMjBwb3IlM0MlMkZwJTNFJTBBJTNDZGl2JTIwY2xhc3MlM0QlMjJjaGVja19maWx0cm8lMjIlM0UlM0NpbnB1dCUyMHR5cGUlM0QlMjJjaGVja2JveCUyMiUzRSUyMCUzQ2xhYmVsJTNFU2VyaWUlM0MlMkZsYWJlbCUzRSUzQyUyRmRpdiUzRSUwQSUzQ2RpdiUyMGNsYXNzJTNEJTIyY2hlY2tfZmlsdHJvJTIyJTNFJTNDaW5wdXQlMjB0eXBlJTNEJTIyY2hlY2tib3glMjIlM0UlMjAlM0NsYWJlbCUzRVByb2R1Y3RvJTNDJTJGbGFiZWwlM0UlM0MlMkZkaXYlM0U=[\/vc_raw_html][\/vc_column_inner][\/vc_row_inner][vc_row_inner][vc_column_inner][vc_toggle title=&#8221;Aspecto&#8221; style=&#8221;square&#8221; el_class=&#8221;acordeon_busqueda_avanzada&#8221;]<\/p>\n<div class=\"check_filtro\"><input type=\"checkbox\" \/> <label>Cementos <span class=\"cantidad\">(24)<\/span><\/label><\/div>\n<div class=\"check_filtro\"><input type=\"checkbox\" \/> <label>Maderas <span class=\"cantidad\">(24)<\/span><\/label><\/div>\n<div class=\"check_filtro\"><input type=\"checkbox\" \/> <label>M\u00e1rmoles <span class=\"cantidad\">(24)<\/span><\/label><\/div>\n<div class=\"check_filtro\"><input type=\"checkbox\" \/> <label>Met\u00e1licos <span class=\"cantidad\">(24)<\/span><\/label><\/div>\n<div class=\"check_filtro\"><input type=\"checkbox\" \/> <label>Piedras <span class=\"cantidad\">(24)<\/span><\/label><\/div>\n<p>[\/vc_toggle][vc_toggle title=&#8221;Filtro&#8221; style=&#8221;square&#8221; el_class=&#8221;acordeon_busqueda_avanzada&#8221;]<\/p>\n<div class=\"check_filtro\"><input type=\"checkbox\" \/> <label>Cementos <span class=\"cantidad\">(24)<\/span><\/label><\/div>\n<div class=\"check_filtro\"><input type=\"checkbox\" \/> <label>Maderas <span class=\"cantidad\">(24)<\/span><\/label><\/div>\n<div class=\"check_filtro\"><input type=\"checkbox\" \/> <label>M\u00e1rmoles <span class=\"cantidad\">(24)<\/span><\/label><\/div>\n<div class=\"check_filtro\"><input type=\"checkbox\" \/> <label>Met\u00e1licos <span class=\"cantidad\">(24)<\/span><\/label><\/div>\n<div class=\"check_filtro\"><input type=\"checkbox\" \/> <label>Piedras <span class=\"cantidad\">(24)<\/span><\/label><\/div>\n<p>[\/vc_toggle][vc_toggle title=&#8221;Filtro&#8221; style=&#8221;square&#8221; el_class=&#8221;acordeon_busqueda_avanzada&#8221;]<\/p>\n<div class=\"check_filtro\"><input type=\"checkbox\" \/> <label>Cementos <span class=\"cantidad\">(24)<\/span><\/label><\/div>\n<div class=\"check_filtro\"><input type=\"checkbox\" \/> <label>Maderas <span class=\"cantidad\">(24)<\/span><\/label><\/div>\n<div class=\"check_filtro\"><input type=\"checkbox\" \/> <label>M\u00e1rmoles <span class=\"cantidad\">(24)<\/span><\/label><\/div>\n<div class=\"check_filtro\"><input type=\"checkbox\" \/> <label>Met\u00e1licos <span class=\"cantidad\">(24)<\/span><\/label><\/div>\n<div class=\"check_filtro\"><input type=\"checkbox\" \/> <label>Piedras <span class=\"cantidad\">(24)<\/span><\/label><\/div>\n<p>[\/vc_toggle][vc_toggle title=&#8221;Filtro&#8221; style=&#8221;square&#8221; el_class=&#8221;acordeon_busqueda_avanzada&#8221;]<\/p>\n<div class=\"check_filtro\"><input type=\"checkbox\" \/> <label>Cementos <span class=\"cantidad\">(24)<\/span><\/label><\/div>\n<div class=\"check_filtro\"><input type=\"checkbox\" \/> <label>Maderas <span class=\"cantidad\">(24)<\/span><\/label><\/div>\n<div class=\"check_filtro\"><input type=\"checkbox\" \/> <label>M\u00e1rmoles <span class=\"cantidad\">(24)<\/span><\/label><\/div>\n<div class=\"check_filtro\"><input type=\"checkbox\" \/> <label>Met\u00e1licos <span class=\"cantidad\">(24)<\/span><\/label><\/div>\n<div class=\"check_filtro\"><input type=\"checkbox\" \/> <label>Piedras <span class=\"cantidad\">(24)<\/span><\/label><\/div>\n<p>[\/vc_toggle][\/vc_column_inner][\/vc_row_inner][vc_row_inner el_class=&#8221;bloque_filtro&#8221;][vc_column_inner][vc_raw_html]JTNDZGl2JTIwY2xhc3MlM0QlMjJtdWVzdHJhX2ZpbHRybyUyMiUzRUZpbHRybyUzQyUyRmRpdiUzRSUwQSUzQ2RpdiUyMGNsYXNzJTNEJTIybXVlc3RyYV9maWx0cm8lMjIlM0VGaWx0cm8lM0MlMkZkaXYlM0UlMEElM0NkaXYlMjBjbGFzcyUzRCUyMm11ZXN0cmFfZmlsdHJvJTIyJTNFRmlsdHJvJTNDJTJGZGl2JTNFJTBBJTNDZGl2JTIwY2xhc3MlM0QlMjJtdWVzdHJhX2ZpbHRybyUyMiUzRUZpbHRybyUzQyUyRmRpdiUzRSUwQQ==[\/vc_raw_html][\/vc_column_inner][\/vc_row_inner][vc_row_inner el_class=&#8221;bloque_filtro borrar_filtro&#8221;][vc_column_inner][vc_column_text]<strong>Delete all<\/strong>[\/vc_column_text][\/vc_column_inner][\/vc_row_inner][\/vc_column][vc_column width=&#8221;3\/4&#8243; el_class=&#8221;resultado_busqueda&#8221;][vc_row_inner el_class=&#8221;bloque_filtro titular_resultados&#8221;][vc_column_inner width=&#8221;3\/4&#8243;][vc_column_text]<\/p>\n<p style=\"text-align: center;\"><strong>72 results<\/strong><\/p>\n<p>[\/vc_column_text][\/vc_column_inner][vc_column_inner width=&#8221;1\/4&#8243;][vc_btn title=&#8221;Basic search &#8221; style=&#8221;custom&#8221; custom_background=&#8221;#ffffff&#8221; custom_text=&#8221;#0a0a0a&#8221; i_align=&#8221;right&#8221; i_icon_fontawesome=&#8221;fa fa-search&#8221; add_icon=&#8221;true&#8221; link=&#8221;url:%2Fcolecciones|||&#8221;][\/vc_column_inner][\/vc_row_inner][vc_row_inner el_class=&#8221;fila_resultado_busqueda&#8221;][vc_column_inner][vc_column_text el_class=&#8221;resultado_formato&#8221;]120X260 \/ 48\u201dX102\u201d[\/vc_column_text][\/vc_column_inner][\/vc_row_inner][vc_row_inner el_class=&#8221;fila_resultado_busqueda&#8221;][vc_column_inner width=&#8221;1\/4&#8243;][vc_single_image image=&#8221;1077&#8243; img_size=&#8221;full&#8221;][vc_column_text el_class=&#8221;nombre_coleccion&#8221;]Nombre colecci\u00f3n[\/vc_column_text][\/vc_column_inner][vc_column_inner width=&#8221;1\/4&#8243;][vc_single_image image=&#8221;1077&#8243; img_size=&#8221;full&#8221;][vc_column_text el_class=&#8221;nombre_coleccion&#8221;]Nombre colecci\u00f3n[\/vc_column_text][\/vc_column_inner][vc_column_inner width=&#8221;1\/4&#8243;][vc_single_image image=&#8221;1077&#8243; img_size=&#8221;full&#8221;][vc_column_text el_class=&#8221;nombre_coleccion&#8221;]Nombre colecci\u00f3n[\/vc_column_text][\/vc_column_inner][vc_column_inner width=&#8221;1\/4&#8243;][vc_single_image image=&#8221;1077&#8243; img_size=&#8221;full&#8221;][vc_column_text el_class=&#8221;nombre_coleccion&#8221;]Nombre colecci\u00f3n[\/vc_column_text][\/vc_column_inner][\/vc_row_inner][vc_row_inner el_class=&#8221;fila_resultado_busqueda&#8221;][vc_column_inner width=&#8221;1\/4&#8243;][vc_single_image image=&#8221;1077&#8243; img_size=&#8221;full&#8221;][vc_column_text el_class=&#8221;nombre_coleccion&#8221;]Nombre colecci\u00f3n[\/vc_column_text][\/vc_column_inner][vc_column_inner width=&#8221;1\/4&#8243;][vc_single_image image=&#8221;1077&#8243; img_size=&#8221;full&#8221;][vc_column_text el_class=&#8221;nombre_coleccion&#8221;]Nombre colecci\u00f3n[\/vc_column_text][\/vc_column_inner][vc_column_inner width=&#8221;1\/4&#8243;][vc_single_image image=&#8221;1077&#8243; img_size=&#8221;full&#8221;][vc_column_text el_class=&#8221;nombre_coleccion&#8221;]Nombre colecci\u00f3n[\/vc_column_text][\/vc_column_inner][vc_column_inner width=&#8221;1\/4&#8243;][vc_single_image image=&#8221;1077&#8243; img_size=&#8221;full&#8221;][vc_column_text el_class=&#8221;nombre_coleccion&#8221;]Nombre colecci\u00f3n[\/vc_column_text][\/vc_column_inner][\/vc_row_inner][vc_row_inner el_class=&#8221;fila_resultado_busqueda&#8221;][vc_column_inner][vc_column_text el_class=&#8221;resultado_formato&#8221;]120X260 \/ 48\u201dX102\u201d[\/vc_column_text][\/vc_column_inner][\/vc_row_inner][vc_row_inner el_class=&#8221;fila_resultado_busqueda&#8221;][vc_column_inner width=&#8221;1\/4&#8243;][vc_single_image image=&#8221;1077&#8243; img_size=&#8221;full&#8221;][vc_column_text el_class=&#8221;nombre_coleccion&#8221;]Nombre colecci\u00f3n[\/vc_column_text][\/vc_column_inner][vc_column_inner width=&#8221;1\/4&#8243;][vc_single_image image=&#8221;1077&#8243; img_size=&#8221;full&#8221;][vc_column_text el_class=&#8221;nombre_coleccion&#8221;]Nombre colecci\u00f3n[\/vc_column_text][\/vc_column_inner][vc_column_inner width=&#8221;1\/4&#8243;][vc_single_image image=&#8221;1077&#8243; img_size=&#8221;full&#8221;][vc_column_text el_class=&#8221;nombre_coleccion&#8221;]Nombre colecci\u00f3n[\/vc_column_text][\/vc_column_inner][vc_column_inner width=&#8221;1\/4&#8243;][vc_single_image image=&#8221;1077&#8243; img_size=&#8221;full&#8221;][vc_column_text el_class=&#8221;nombre_coleccion&#8221;]Nombre colecci\u00f3n[\/vc_column_text][\/vc_column_inner][\/vc_row_inner][vc_empty_space height=&#8221;45px&#8221;][\/vc_column][\/vc_row]<\/p>\n","protected":false},"excerpt":{"rendered":"<p>[vc_row full_width=&#8221;stretch_row_content&#8221; el_class=&#8221;breadcrumb&#8221;][vc_column][\/vc_column][\/vc_row][vc_row full_width=&#8221;stretch_row_content&#8221; equal_height=&#8221;yes&#8221; el_class=&#8221;busqueda_coleccion&#8221;][vc_column width=&#8221;1\/4&#8243; el_class=&#8221;filtros_busqueda&#8221;][vc_row_inner el_class=&#8221;bloque_filtro&#8221;][vc_column_inner][vc_column_text el_class=&#8221;titular&#8221;]Advanced search filters[\/vc_column_text][\/vc_column_inner][\/vc_row_inner][vc_row_inner el_class=&#8221;bloque_filtro&#8221;][vc_column_inner][vc_raw_html]JTNDZGl2JTIwY2xhc3MlM0QlMjJjaGVja19maWx0cm8lMjIlM0UlM0NpbnB1dCUyMHR5cGUlM0QlMjJjaGVja2JveCUyMiUzRSUyMCUzQ2xhYmVsJTNFTm92ZWRhZGVzJTIwJTNDc3BhbiUyMGNsYXNzJTNEJTIyY2FudGlkYWQlMjIlM0UlMjgyNCUyOSUzQyUyRnNwYW4lM0UlM0MlMkZsYWJlbCUzRSUzQyUyRmRpdiUzRQ==[\/vc_raw_html][\/vc_column_inner][\/vc_row_inner][vc_row_inner el_class=&#8221;bloque_filtro&#8221;][vc_column_inner][vc_raw_html]JTNDcCUzRVZpc3VhbGl6YXIlMjBwb3IlM0MlMkZwJTNFJTBBJTNDZGl2JTIwY2xhc3MlM0QlMjJjaGVja19maWx0cm8lMjIlM0UlM0NpbnB1dCUyMHR5cGUlM0QlMjJjaGVja2JveCUyMiUzRSUyMCUzQ2xhYmVsJTNFU2VyaWUlM0MlMkZsYWJlbCUzRSUzQyUyRmRpdiUzRSUwQSUzQ2RpdiUyMGNsYXNzJTNEJTIyY2hlY2tfZmlsdHJvJTIyJTNFJTNDaW5wdXQlMjB0eXBlJTNEJTIyY2hlY2tib3glMjIlM0UlMjAlM0NsYWJlbCUzRVByb2R1Y3RvJTNDJTJGbGFiZWwlM0UlM0MlMkZkaXYlM0U=[\/vc_raw_html][\/vc_column_inner][\/vc_row_inner][vc_row_inner][vc_column_inner][vc_toggle title=&#8221;Aspecto&#8221; style=&#8221;square&#8221; el_class=&#8221;acordeon_busqueda_avanzada&#8221;] Cementos (24) Maderas (24) M\u00e1rmoles (24) Met\u00e1licos (24) Piedras (24) [\/vc_toggle][vc_toggle title=&#8221;Filtro&#8221; style=&#8221;square&#8221; el_class=&#8221;acordeon_busqueda_avanzada&#8221;] Cementos (24) Maderas (24) M\u00e1rmoles (24) Met\u00e1licos (24) Piedras (24) [\/vc_toggle][vc_toggle title=&#8221;Filtro&#8221; style=&#8221;square&#8221; el_class=&#8221;acordeon_busqueda_avanzada&#8221;] Cementos (24) Maderas (24) M\u00e1rmoles (24) Met\u00e1licos (24) Piedras (24) [&hellip;]<\/p>\n","protected":false},"author":1,"featured_media":0,"parent":0,"menu_order":0,"comment_status":"closed","ping_status":"closed","template":"","meta":{"footnotes":""},"class_list":["post-1724","page","type-page","status-publish","hentry"],"yoast_head":"<!-- This site is optimized with the Yoast SEO plugin v27.3 - https:\/\/yoast.com\/product\/yoast-seo-wordpress\/ -->\n<title>Collection - Advanced product search - CIFRE CER\u00c1MICA<\/title>\n<meta name=\"robots\" content=\"index, follow, max-snippet:-1, max-image-preview:large, max-video-preview:-1\" \/>\n<link rel=\"canonical\" href=\"https:\/\/cifreceramica.com\/en\/collection-advanced-product-search\/\" \/>\n<meta property=\"og:locale\" content=\"en_US\" \/>\n<meta property=\"og:type\" content=\"article\" \/>\n<meta property=\"og:title\" content=\"Collection - Advanced product search - CIFRE CER\u00c1MICA\" \/>\n<meta property=\"og:description\" content=\"[vc_row full_width=&#8221;stretch_row_content&#8221; el_class=&#8221;breadcrumb&#8221;][vc_column][\/vc_column][\/vc_row][vc_row full_width=&#8221;stretch_row_content&#8221; equal_height=&#8221;yes&#8221; el_class=&#8221;busqueda_coleccion&#8221;][vc_column width=&#8221;1\/4&#8243; el_class=&#8221;filtros_busqueda&#8221;][vc_row_inner el_class=&#8221;bloque_filtro&#8221;][vc_column_inner][vc_column_text el_class=&#8221;titular&#8221;]Advanced search filters[\/vc_column_text][\/vc_column_inner][\/vc_row_inner][vc_row_inner el_class=&#8221;bloque_filtro&#8221;][vc_column_inner][vc_raw_html]JTNDZGl2JTIwY2xhc3MlM0QlMjJjaGVja19maWx0cm8lMjIlM0UlM0NpbnB1dCUyMHR5cGUlM0QlMjJjaGVja2JveCUyMiUzRSUyMCUzQ2xhYmVsJTNFTm92ZWRhZGVzJTIwJTNDc3BhbiUyMGNsYXNzJTNEJTIyY2FudGlkYWQlMjIlM0UlMjgyNCUyOSUzQyUyRnNwYW4lM0UlM0MlMkZsYWJlbCUzRSUzQyUyRmRpdiUzRQ==[\/vc_raw_html][\/vc_column_inner][\/vc_row_inner][vc_row_inner el_class=&#8221;bloque_filtro&#8221;][vc_column_inner][vc_raw_html]JTNDcCUzRVZpc3VhbGl6YXIlMjBwb3IlM0MlMkZwJTNFJTBBJTNDZGl2JTIwY2xhc3MlM0QlMjJjaGVja19maWx0cm8lMjIlM0UlM0NpbnB1dCUyMHR5cGUlM0QlMjJjaGVja2JveCUyMiUzRSUyMCUzQ2xhYmVsJTNFU2VyaWUlM0MlMkZsYWJlbCUzRSUzQyUyRmRpdiUzRSUwQSUzQ2RpdiUyMGNsYXNzJTNEJTIyY2hlY2tfZmlsdHJvJTIyJTNFJTNDaW5wdXQlMjB0eXBlJTNEJTIyY2hlY2tib3glMjIlM0UlMjAlM0NsYWJlbCUzRVByb2R1Y3RvJTNDJTJGbGFiZWwlM0UlM0MlMkZkaXYlM0U=[\/vc_raw_html][\/vc_column_inner][\/vc_row_inner][vc_row_inner][vc_column_inner][vc_toggle title=&#8221;Aspecto&#8221; style=&#8221;square&#8221; el_class=&#8221;acordeon_busqueda_avanzada&#8221;] Cementos (24) Maderas (24) M\u00e1rmoles (24) Met\u00e1licos (24) Piedras (24) [\/vc_toggle][vc_toggle title=&#8221;Filtro&#8221; style=&#8221;square&#8221; el_class=&#8221;acordeon_busqueda_avanzada&#8221;] Cementos (24) Maderas (24) M\u00e1rmoles (24) Met\u00e1licos (24) Piedras (24) [\/vc_toggle][vc_toggle title=&#8221;Filtro&#8221; style=&#8221;square&#8221; el_class=&#8221;acordeon_busqueda_avanzada&#8221;] Cementos (24) Maderas (24) M\u00e1rmoles (24) Met\u00e1licos (24) Piedras (24) [&hellip;]\" \/>\n<meta property=\"og:url\" content=\"https:\/\/cifreceramica.com\/en\/collection-advanced-product-search\/\" \/>\n<meta property=\"og:site_name\" content=\"CIFRE CER\u00c1MICA\" \/>\n<meta property=\"article:publisher\" content=\"https:\/\/www.facebook.com\/Cifreceramica\/\" \/>\n<meta property=\"article:modified_time\" content=\"2019-09-19T12:40:42+00:00\" \/>\n<meta name=\"twitter:card\" content=\"summary_large_image\" \/>\n<meta name=\"twitter:site\" content=\"@cifreceramica\" \/>\n<meta name=\"twitter:label1\" content=\"Est. reading time\" \/>\n\t<meta name=\"twitter:data1\" content=\"4 minutes\" \/>\n<script type=\"application\/ld+json\" class=\"yoast-schema-graph\">{\"@context\":\"https:\\\/\\\/schema.org\",\"@graph\":[{\"@type\":\"WebPage\",\"@id\":\"https:\\\/\\\/cifreceramica.com\\\/en\\\/collection-advanced-product-search\\\/\",\"url\":\"https:\\\/\\\/cifreceramica.com\\\/en\\\/collection-advanced-product-search\\\/\",\"name\":\"Collection - Advanced product search - CIFRE CER\u00c1MICA\",\"isPartOf\":{\"@id\":\"https:\\\/\\\/cifreceramica.com\\\/#website\"},\"datePublished\":\"2019-08-21T06:58:26+00:00\",\"dateModified\":\"2019-09-19T12:40:42+00:00\",\"breadcrumb\":{\"@id\":\"https:\\\/\\\/cifreceramica.com\\\/en\\\/collection-advanced-product-search\\\/#breadcrumb\"},\"inLanguage\":\"en-US\",\"potentialAction\":[{\"@type\":\"ReadAction\",\"target\":[\"https:\\\/\\\/cifreceramica.com\\\/en\\\/collection-advanced-product-search\\\/\"]}]},{\"@type\":\"BreadcrumbList\",\"@id\":\"https:\\\/\\\/cifreceramica.com\\\/en\\\/collection-advanced-product-search\\\/#breadcrumb\",\"itemListElement\":[{\"@type\":\"ListItem\",\"position\":1,\"name\":\"Portada\",\"item\":\"https:\\\/\\\/cifreceramica.com\\\/en\\\/\"},{\"@type\":\"ListItem\",\"position\":2,\"name\":\"Collection &#8211; Advanced product search\"}]},{\"@type\":\"WebSite\",\"@id\":\"https:\\\/\\\/cifreceramica.com\\\/#website\",\"url\":\"https:\\\/\\\/cifreceramica.com\\\/\",\"name\":\"CIFRE CER\u00c1MICA\",\"description\":\"Azulejo, cer\u00e1mica, decoraci\u00f3n, pavimento, revestimiento\",\"publisher\":{\"@id\":\"https:\\\/\\\/cifreceramica.com\\\/#organization\"},\"potentialAction\":[{\"@type\":\"SearchAction\",\"target\":{\"@type\":\"EntryPoint\",\"urlTemplate\":\"https:\\\/\\\/cifreceramica.com\\\/?s={search_term_string}\"},\"query-input\":{\"@type\":\"PropertyValueSpecification\",\"valueRequired\":true,\"valueName\":\"search_term_string\"}}],\"inLanguage\":\"en-US\"},{\"@type\":\"Organization\",\"@id\":\"https:\\\/\\\/cifreceramica.com\\\/#organization\",\"name\":\"CIFRE CERAMICA SL.\",\"url\":\"https:\\\/\\\/cifreceramica.com\\\/\",\"logo\":{\"@type\":\"ImageObject\",\"inLanguage\":\"en-US\",\"@id\":\"https:\\\/\\\/cifreceramica.com\\\/#\\\/schema\\\/logo\\\/image\\\/\",\"url\":\"https:\\\/\\\/cifreceramica.com\\\/wp-content\\\/uploads\\\/2020\\\/03\\\/logo-cifre.jpg\",\"contentUrl\":\"https:\\\/\\\/cifreceramica.com\\\/wp-content\\\/uploads\\\/2020\\\/03\\\/logo-cifre.jpg\",\"width\":648,\"height\":320,\"caption\":\"CIFRE CERAMICA SL.\"},\"image\":{\"@id\":\"https:\\\/\\\/cifreceramica.com\\\/#\\\/schema\\\/logo\\\/image\\\/\"},\"sameAs\":[\"https:\\\/\\\/www.facebook.com\\\/Cifreceramica\\\/\",\"https:\\\/\\\/x.com\\\/cifreceramica\",\"https:\\\/\\\/www.instagram.com\\\/cifreceramica\\\/\",\"https:\\\/\\\/www.linkedin.com\\\/cifreceramica\",\"https:\\\/\\\/www.pinterest.es\\\/CifreReport\\\/_created\\\/\",\"https:\\\/\\\/www.youtube.com\\\/channel\\\/UC6T43U-C68ZKx58s-QVY0Eg\"]}]}<\/script>\n<!-- \/ Yoast SEO plugin. -->","yoast_head_json":{"title":"Collection - Advanced product search - CIFRE CER\u00c1MICA","robots":{"index":"index","follow":"follow","max-snippet":"max-snippet:-1","max-image-preview":"max-image-preview:large","max-video-preview":"max-video-preview:-1"},"canonical":"https:\/\/cifreceramica.com\/en\/collection-advanced-product-search\/","og_locale":"en_US","og_type":"article","og_title":"Collection - Advanced product search - CIFRE CER\u00c1MICA","og_description":"[vc_row full_width=&#8221;stretch_row_content&#8221; el_class=&#8221;breadcrumb&#8221;][vc_column][\/vc_column][\/vc_row][vc_row full_width=&#8221;stretch_row_content&#8221; equal_height=&#8221;yes&#8221; el_class=&#8221;busqueda_coleccion&#8221;][vc_column width=&#8221;1\/4&#8243; el_class=&#8221;filtros_busqueda&#8221;][vc_row_inner el_class=&#8221;bloque_filtro&#8221;][vc_column_inner][vc_column_text el_class=&#8221;titular&#8221;]Advanced search filters[\/vc_column_text][\/vc_column_inner][\/vc_row_inner][vc_row_inner el_class=&#8221;bloque_filtro&#8221;][vc_column_inner][vc_raw_html]JTNDZGl2JTIwY2xhc3MlM0QlMjJjaGVja19maWx0cm8lMjIlM0UlM0NpbnB1dCUyMHR5cGUlM0QlMjJjaGVja2JveCUyMiUzRSUyMCUzQ2xhYmVsJTNFTm92ZWRhZGVzJTIwJTNDc3BhbiUyMGNsYXNzJTNEJTIyY2FudGlkYWQlMjIlM0UlMjgyNCUyOSUzQyUyRnNwYW4lM0UlM0MlMkZsYWJlbCUzRSUzQyUyRmRpdiUzRQ==[\/vc_raw_html][\/vc_column_inner][\/vc_row_inner][vc_row_inner el_class=&#8221;bloque_filtro&#8221;][vc_column_inner][vc_raw_html]JTNDcCUzRVZpc3VhbGl6YXIlMjBwb3IlM0MlMkZwJTNFJTBBJTNDZGl2JTIwY2xhc3MlM0QlMjJjaGVja19maWx0cm8lMjIlM0UlM0NpbnB1dCUyMHR5cGUlM0QlMjJjaGVja2JveCUyMiUzRSUyMCUzQ2xhYmVsJTNFU2VyaWUlM0MlMkZsYWJlbCUzRSUzQyUyRmRpdiUzRSUwQSUzQ2RpdiUyMGNsYXNzJTNEJTIyY2hlY2tfZmlsdHJvJTIyJTNFJTNDaW5wdXQlMjB0eXBlJTNEJTIyY2hlY2tib3glMjIlM0UlMjAlM0NsYWJlbCUzRVByb2R1Y3RvJTNDJTJGbGFiZWwlM0UlM0MlMkZkaXYlM0U=[\/vc_raw_html][\/vc_column_inner][\/vc_row_inner][vc_row_inner][vc_column_inner][vc_toggle title=&#8221;Aspecto&#8221; style=&#8221;square&#8221; el_class=&#8221;acordeon_busqueda_avanzada&#8221;] Cementos (24) Maderas (24) M\u00e1rmoles (24) Met\u00e1licos (24) Piedras (24) [\/vc_toggle][vc_toggle title=&#8221;Filtro&#8221; style=&#8221;square&#8221; el_class=&#8221;acordeon_busqueda_avanzada&#8221;] Cementos (24) Maderas (24) M\u00e1rmoles (24) Met\u00e1licos (24) Piedras (24) [\/vc_toggle][vc_toggle title=&#8221;Filtro&#8221; style=&#8221;square&#8221; el_class=&#8221;acordeon_busqueda_avanzada&#8221;] Cementos (24) Maderas (24) M\u00e1rmoles (24) Met\u00e1licos (24) Piedras (24) [&hellip;]","og_url":"https:\/\/cifreceramica.com\/en\/collection-advanced-product-search\/","og_site_name":"CIFRE CER\u00c1MICA","article_publisher":"https:\/\/www.facebook.com\/Cifreceramica\/","article_modified_time":"2019-09-19T12:40:42+00:00","twitter_card":"summary_large_image","twitter_site":"@cifreceramica","twitter_misc":{"Est. reading time":"4 minutes"},"schema":{"@context":"https:\/\/schema.org","@graph":[{"@type":"WebPage","@id":"https:\/\/cifreceramica.com\/en\/collection-advanced-product-search\/","url":"https:\/\/cifreceramica.com\/en\/collection-advanced-product-search\/","name":"Collection - Advanced product search - CIFRE CER\u00c1MICA","isPartOf":{"@id":"https:\/\/cifreceramica.com\/#website"},"datePublished":"2019-08-21T06:58:26+00:00","dateModified":"2019-09-19T12:40:42+00:00","breadcrumb":{"@id":"https:\/\/cifreceramica.com\/en\/collection-advanced-product-search\/#breadcrumb"},"inLanguage":"en-US","potentialAction":[{"@type":"ReadAction","target":["https:\/\/cifreceramica.com\/en\/collection-advanced-product-search\/"]}]},{"@type":"BreadcrumbList","@id":"https:\/\/cifreceramica.com\/en\/collection-advanced-product-search\/#breadcrumb","itemListElement":[{"@type":"ListItem","position":1,"name":"Portada","item":"https:\/\/cifreceramica.com\/en\/"},{"@type":"ListItem","position":2,"name":"Collection &#8211; Advanced product search"}]},{"@type":"WebSite","@id":"https:\/\/cifreceramica.com\/#website","url":"https:\/\/cifreceramica.com\/","name":"CIFRE CER\u00c1MICA","description":"Azulejo, cer\u00e1mica, decoraci\u00f3n, pavimento, revestimiento","publisher":{"@id":"https:\/\/cifreceramica.com\/#organization"},"potentialAction":[{"@type":"SearchAction","target":{"@type":"EntryPoint","urlTemplate":"https:\/\/cifreceramica.com\/?s={search_term_string}"},"query-input":{"@type":"PropertyValueSpecification","valueRequired":true,"valueName":"search_term_string"}}],"inLanguage":"en-US"},{"@type":"Organization","@id":"https:\/\/cifreceramica.com\/#organization","name":"CIFRE CERAMICA SL.","url":"https:\/\/cifreceramica.com\/","logo":{"@type":"ImageObject","inLanguage":"en-US","@id":"https:\/\/cifreceramica.com\/#\/schema\/logo\/image\/","url":"https:\/\/cifreceramica.com\/wp-content\/uploads\/2020\/03\/logo-cifre.jpg","contentUrl":"https:\/\/cifreceramica.com\/wp-content\/uploads\/2020\/03\/logo-cifre.jpg","width":648,"height":320,"caption":"CIFRE CERAMICA SL."},"image":{"@id":"https:\/\/cifreceramica.com\/#\/schema\/logo\/image\/"},"sameAs":["https:\/\/www.facebook.com\/Cifreceramica\/","https:\/\/x.com\/cifreceramica","https:\/\/www.instagram.com\/cifreceramica\/","https:\/\/www.linkedin.com\/cifreceramica","https:\/\/www.pinterest.es\/CifreReport\/_created\/","https:\/\/www.youtube.com\/channel\/UC6T43U-C68ZKx58s-QVY0Eg"]}]}},"_links":{"self":[{"href":"https:\/\/cifreceramica.com\/en\/wp-json\/wp\/v2\/pages\/1724","targetHints":{"allow":["GET"]}}],"collection":[{"href":"https:\/\/cifreceramica.com\/en\/wp-json\/wp\/v2\/pages"}],"about":[{"href":"https:\/\/cifreceramica.com\/en\/wp-json\/wp\/v2\/types\/page"}],"author":[{"embeddable":true,"href":"https:\/\/cifreceramica.com\/en\/wp-json\/wp\/v2\/users\/1"}],"replies":[{"embeddable":true,"href":"https:\/\/cifreceramica.com\/en\/wp-json\/wp\/v2\/comments?post=1724"}],"version-history":[{"count":3,"href":"https:\/\/cifreceramica.com\/en\/wp-json\/wp\/v2\/pages\/1724\/revisions"}],"predecessor-version":[{"id":1727,"href":"https:\/\/cifreceramica.com\/en\/wp-json\/wp\/v2\/pages\/1724\/revisions\/1727"}],"wp:attachment":[{"href":"https:\/\/cifreceramica.com\/en\/wp-json\/wp\/v2\/media?parent=1724"}],"curies":[{"name":"wp","href":"https:\/\/api.w.org\/{rel}","templated":true}]}}