{"id":1691,"date":"2019-09-05T13:48:42","date_gmt":"2019-09-05T11:48:42","guid":{"rendered":"https:\/\/cifreceramica.com\/cifrereport\/"},"modified":"2022-04-12T14:40:40","modified_gmt":"2022-04-12T12:40:40","slug":"cifrereport","status":"publish","type":"page","link":"https:\/\/cifreceramica.com\/en\/cifrereport\/","title":{"rendered":"CifreReport"},"content":{"rendered":"<p>[vc_row full_width=&#8221;stretch_row_content&#8221; el_class=&#8221;breadcrumb&#8221;][vc_column][\/vc_column][\/vc_row][vc_row el_class=&#8221;titulares_top_new filosofia&#8221;][vc_column width=&#8221;1\/6&#8243;][\/vc_column][vc_column width=&#8221;2\/3&#8243;][vc_column_text]<\/p>\n<h1 style=\"text-align: center;\"><a href=\"https:\/\/cifreceramica.com\/en\/cifrereport\/\">Cifre Report<\/a><\/h1>\n<p style=\"text-align: center;\">Find out about the latest trends in decoration and architecture and let yourself be inspired. In Cifre Report we tell you all the details of the projects in which our materials are involved and the latest news about Cifre Group..<\/p>\n<p>[\/vc_column_text][\/vc_column][vc_column width=&#8221;1\/6&#8243;][\/vc_column][\/vc_row][vc_row full_width=&#8221;stretch_row&#8221; el_class=&#8221;categorias_report&#8221;][vc_column][vc_row][vc_column width=&#8221;12\/12&#8243; el_class=&#8221;lista_categorias&#8221;]<ul><li><a href=\"https:\/\/cifreceramica.com\/cifrereport\/page\/1\/cat\/0\">Todo<\/a><\/li><li class=\"\"><a href=\"https:\/\/cifreceramica.com\/en\/cifrereport\/page\/1\/cat\/99\">[Heart]Ceramics<\/a><\/li><li class=\"\"><a href=\"https:\/\/cifreceramica.com\/en\/cifrereport\/page\/1\/cat\/126\">Cifre Project<\/a><\/li><li class=\"\"><a href=\"https:\/\/cifreceramica.com\/en\/cifrereport\/page\/1\/cat\/155\">CifreProject<\/a><\/li><li class=\"\"><a href=\"https:\/\/cifreceramica.com\/en\/cifrereport\/page\/1\/cat\/98\">InTheNews<\/a><\/li><li class=\"\"><a href=\"https:\/\/cifreceramica.com\/en\/cifrereport\/page\/1\/cat\/169\">Projects<\/a><\/li><li class=\"\"><a href=\"https:\/\/cifreceramica.com\/en\/cifrereport\/page\/1\/cat\/101\">ProTips<\/a><\/li><li class=\"\"><a href=\"https:\/\/cifreceramica.com\/en\/cifrereport\/page\/1\/cat\/100\">Trend&#039;n&#039;insp<\/a><\/li><li class=\"\"><a href=\"https:\/\/cifreceramica.com\/en\/cifrereport\/page\/1\/cat\/164\">Zenon Solid Surface<\/a><\/li><\/ul>[\/vc_column][\/vc_row][\/vc_column][\/vc_row][vc_row][vc_column]<div class=\"listado_report\">[vc_row el_class=&#8221;&#8221; ][vc_column width=&#8221;12\/12&#8243; el_class=&#8221;item_listado_report&#8221;]<a href=\"https:\/\/cifreceramica.com\/en\/cifre-ceramica-recibe-el-prestigioso-if-design-award-2026\/\"><img decoding=\"async\" class=\"img_report_destacado\" src=\"https:\/\/cifreceramica.com\/wp-content\/uploads\/2026\/03\/1-stand-cersaie2026-portada.jpg\"><p>24\/03\/2026<\/p><h2>Cifre Cer\u00e1mica wins the 2026 iF Design Award for its booth at Cersaie<\/h2>[\/vc_column][\/vc_row][vc_row el_class=&#8221;&#8221; ][vc_column width=&#8221;6\/12&#8243; el_class=&#8221;item_listado_report&#8221;]<a href=\"https:\/\/cifreceramica.com\/en\/tiles-for-kitchen-backsplashes-features-and-designs\/\"><img decoding=\"async\" src=\"https:\/\/cifreceramica.com\/wp-content\/uploads\/2026\/01\/salpicadero-azulejo-sage_principal.jpg\"><p>16\/01\/2026<\/p><h2>Tiles for kitchen backsplashes: features and designs<\/h2>[\/vc_column][vc_column width=&#8221;6\/12&#8243; el_class=&#8221;item_listado_report&#8221;]<a href=\"https:\/\/cifreceramica.com\/en\/cifre-max-14-mm-porcelain-tiles-for-large-projects\/\"><img decoding=\"async\" src=\"https:\/\/cifreceramica.com\/wp-content\/uploads\/2025\/11\/pavimento_14_mm_grain_1.jpg\"><p>13\/11\/2025<\/p><h2>Cifre Max: 14 mm porcelain tiles for large projects<\/h2>[\/vc_column][\/vc_row][vc_row el_class=&#8221;&#8221; ][vc_column width=&#8221;6\/12&#8243; el_class=&#8221;item_listado_report&#8221;]<a href=\"https:\/\/cifreceramica.com\/en\/the-new-brickmore-series-bet-on-color-and-relief\/\"><img decoding=\"async\" src=\"https:\/\/cifreceramica.com\/wp-content\/uploads\/2025\/07\/revestimiento_relieve_spaced_principal.jpg\"><p>16\/07\/2025<\/p><h2>The new Brick&#038;More series bet on color and relief<\/h2>[\/vc_column][vc_column width=&#8221;6\/12&#8243; el_class=&#8221;item_listado_report&#8221;]<a href=\"https:\/\/cifreceramica.com\/en\/commercial-intelligence-in-action-training-to-grow-from-within\/\"><img decoding=\"async\" src=\"https:\/\/cifreceramica.com\/wp-content\/uploads\/2025\/06\/principal.jpg\"><p>02\/07\/2025<\/p><h2>Commercial intelligence in action: training to grow from within<\/h2>[\/vc_column][\/vc_row][vc_row el_class=&#8221;&#8221; ][vc_column width=&#8221;12\/12&#8243; el_class=&#8221;item_listado_report&#8221;]<a href=\"https:\/\/cifreceramica.com\/en\/argenta-group-acquires-majority-shareholding-in-mercury-ceramica\/\"><img decoding=\"async\" class=\"img_report_destacado\" src=\"https:\/\/cifreceramica.com\/wp-content\/uploads\/2025\/06\/MERCURY_002.jpg\"><p>02\/07\/2025<\/p><h2>Argenta Group acquires majority shareholding in Mercury Cer\u00e1mica<\/h2>[\/vc_column][\/vc_row]<\/div>[vc_row el_class=&#8221;paginador_listado&#8221; ][vc_column width=&#8221;12\/12&#8243; el_class=&#8221;lista_paginador&#8221;]<ul><li class=\"activo\"><a href=\"https:\/\/cifreceramica.com\/en\/cifrereport\/page\/1\/cat\/0\">1<\/a><\/li><li class=\"\"><a href=\"https:\/\/cifreceramica.com\/en\/cifrereport\/page\/2\/cat\/0\">2<\/a><\/li><li class=\"\"><a href=\"https:\/\/cifreceramica.com\/en\/cifrereport\/page\/3\/cat\/0\">3<\/a><\/li><li class=\"\"><a href=\"https:\/\/cifreceramica.com\/en\/cifrereport\/page\/4\/cat\/0\">4<\/a><\/li><li class=\"\"><a href=\"https:\/\/cifreceramica.com\/en\/cifrereport\/page\/5\/cat\/0\">5<\/a><\/li><li class=\"\"><a href=\"https:\/\/cifreceramica.com\/en\/cifrereport\/page\/6\/cat\/0\">6<\/a><\/li><li class=\"\"><a href=\"https:\/\/cifreceramica.com\/en\/cifrereport\/page\/7\/cat\/0\">7<\/a><\/li><li class=\"\"><a href=\"https:\/\/cifreceramica.com\/en\/cifrereport\/page\/8\/cat\/0\">8<\/a><\/li><li class=\"\"><a href=\"https:\/\/cifreceramica.com\/en\/cifrereport\/page\/9\/cat\/0\">9<\/a><\/li><li class=\"\"><a href=\"https:\/\/cifreceramica.com\/en\/cifrereport\/page\/10\/cat\/0\">10<\/a><\/li><li class=\"\"><a href=\"https:\/\/cifreceramica.com\/en\/cifrereport\/page\/11\/cat\/0\">11<\/a><\/li><li class=\"\"><a href=\"https:\/\/cifreceramica.com\/en\/cifrereport\/page\/12\/cat\/0\">12<\/a><\/li><\/ul>[\/vc_column][\/vc_row][\/vc_column][\/vc_row]<\/p>\n","protected":false},"excerpt":{"rendered":"<p>[vc_row full_width=&#8221;stretch_row_content&#8221; el_class=&#8221;breadcrumb&#8221;][vc_column][\/vc_column][\/vc_row][vc_row el_class=&#8221;titulares_top_new filosofia&#8221;][vc_column width=&#8221;1\/6&#8243;][\/vc_column][vc_column width=&#8221;2\/3&#8243;][vc_column_text] Cifre Report Find out about the latest trends in decoration and architecture and let yourself be inspired. In Cifre Report we tell you all the details of the projects in which our materials are involved and the latest news about Cifre Group.. [\/vc_column_text][\/vc_column][vc_column width=&#8221;1\/6&#8243;][\/vc_column][\/vc_row][vc_row full_width=&#8221;stretch_row&#8221; el_class=&#8221;categorias_report&#8221;][vc_column][\/vc_column][\/vc_row][vc_row][vc_column][\/vc_column][\/vc_row]<\/p>\n","protected":false},"author":1,"featured_media":0,"parent":0,"menu_order":0,"comment_status":"closed","ping_status":"closed","template":"plantilla_cifrereport.php","meta":{"footnotes":""},"class_list":["post-1691","page","type-page","status-publish","hentry"],"yoast_head":"<!-- This site is optimized with the Yoast SEO plugin v27.3 - https:\/\/yoast.com\/product\/yoast-seo-wordpress\/ -->\n<title>CifreReport - CIFRE CER\u00c1MICA<\/title>\n<meta name=\"robots\" content=\"index, follow, max-snippet:-1, max-image-preview:large, max-video-preview:-1\" \/>\n<link rel=\"canonical\" href=\"https:\/\/cifreceramica.com\/en\/cifrereport\/\" \/>\n<meta property=\"og:locale\" content=\"en_US\" \/>\n<meta property=\"og:type\" content=\"article\" \/>\n<meta property=\"og:title\" content=\"CifreReport - CIFRE CER\u00c1MICA\" \/>\n<meta property=\"og:description\" content=\"[vc_row full_width=&#8221;stretch_row_content&#8221; el_class=&#8221;breadcrumb&#8221;][vc_column][\/vc_column][\/vc_row][vc_row el_class=&#8221;titulares_top_new filosofia&#8221;][vc_column width=&#8221;1\/6&#8243;][\/vc_column][vc_column width=&#8221;2\/3&#8243;][vc_column_text] Cifre Report Find out about the latest trends in decoration and architecture and let yourself be inspired. In Cifre Report we tell you all the details of the projects in which our materials are involved and the latest news about Cifre Group.. [\/vc_column_text][\/vc_column][vc_column width=&#8221;1\/6&#8243;][\/vc_column][\/vc_row][vc_row full_width=&#8221;stretch_row&#8221; el_class=&#8221;categorias_report&#8221;][vc_column][\/vc_column][\/vc_row][vc_row][vc_column][\/vc_column][\/vc_row]\" \/>\n<meta property=\"og:url\" content=\"https:\/\/cifreceramica.com\/en\/cifrereport\/\" \/>\n<meta property=\"og:site_name\" content=\"CIFRE CER\u00c1MICA\" \/>\n<meta property=\"article:publisher\" content=\"https:\/\/www.facebook.com\/Cifreceramica\/\" \/>\n<meta property=\"article:modified_time\" content=\"2022-04-12T12:40:40+00:00\" \/>\n<meta name=\"twitter:card\" content=\"summary_large_image\" \/>\n<meta name=\"twitter:site\" content=\"@cifreceramica\" \/>\n<meta name=\"twitter:label1\" content=\"Est. reading time\" \/>\n\t<meta name=\"twitter:data1\" content=\"1 minute\" \/>\n<script type=\"application\/ld+json\" class=\"yoast-schema-graph\">{\"@context\":\"https:\\\/\\\/schema.org\",\"@graph\":[{\"@type\":\"WebPage\",\"@id\":\"https:\\\/\\\/cifreceramica.com\\\/en\\\/cifrereport\\\/\",\"url\":\"https:\\\/\\\/cifreceramica.com\\\/en\\\/cifrereport\\\/\",\"name\":\"CifreReport - CIFRE CER\u00c1MICA\",\"isPartOf\":{\"@id\":\"https:\\\/\\\/cifreceramica.com\\\/#website\"},\"datePublished\":\"2019-09-05T11:48:42+00:00\",\"dateModified\":\"2022-04-12T12:40:40+00:00\",\"breadcrumb\":{\"@id\":\"https:\\\/\\\/cifreceramica.com\\\/en\\\/cifrereport\\\/#breadcrumb\"},\"inLanguage\":\"en-US\",\"potentialAction\":[{\"@type\":\"ReadAction\",\"target\":[\"https:\\\/\\\/cifreceramica.com\\\/en\\\/cifrereport\\\/\"]}]},{\"@type\":\"BreadcrumbList\",\"@id\":\"https:\\\/\\\/cifreceramica.com\\\/en\\\/cifrereport\\\/#breadcrumb\",\"itemListElement\":[{\"@type\":\"ListItem\",\"position\":1,\"name\":\"Portada\",\"item\":\"https:\\\/\\\/cifreceramica.com\\\/en\\\/\"},{\"@type\":\"ListItem\",\"position\":2,\"name\":\"CifreReport\"}]},{\"@type\":\"WebSite\",\"@id\":\"https:\\\/\\\/cifreceramica.com\\\/#website\",\"url\":\"https:\\\/\\\/cifreceramica.com\\\/\",\"name\":\"CIFRE CER\u00c1MICA\",\"description\":\"Azulejo, cer\u00e1mica, decoraci\u00f3n, pavimento, revestimiento\",\"publisher\":{\"@id\":\"https:\\\/\\\/cifreceramica.com\\\/#organization\"},\"potentialAction\":[{\"@type\":\"SearchAction\",\"target\":{\"@type\":\"EntryPoint\",\"urlTemplate\":\"https:\\\/\\\/cifreceramica.com\\\/?s={search_term_string}\"},\"query-input\":{\"@type\":\"PropertyValueSpecification\",\"valueRequired\":true,\"valueName\":\"search_term_string\"}}],\"inLanguage\":\"en-US\"},{\"@type\":\"Organization\",\"@id\":\"https:\\\/\\\/cifreceramica.com\\\/#organization\",\"name\":\"CIFRE CERAMICA SL.\",\"url\":\"https:\\\/\\\/cifreceramica.com\\\/\",\"logo\":{\"@type\":\"ImageObject\",\"inLanguage\":\"en-US\",\"@id\":\"https:\\\/\\\/cifreceramica.com\\\/#\\\/schema\\\/logo\\\/image\\\/\",\"url\":\"https:\\\/\\\/cifreceramica.com\\\/wp-content\\\/uploads\\\/2020\\\/03\\\/logo-cifre.jpg\",\"contentUrl\":\"https:\\\/\\\/cifreceramica.com\\\/wp-content\\\/uploads\\\/2020\\\/03\\\/logo-cifre.jpg\",\"width\":648,\"height\":320,\"caption\":\"CIFRE CERAMICA SL.\"},\"image\":{\"@id\":\"https:\\\/\\\/cifreceramica.com\\\/#\\\/schema\\\/logo\\\/image\\\/\"},\"sameAs\":[\"https:\\\/\\\/www.facebook.com\\\/Cifreceramica\\\/\",\"https:\\\/\\\/x.com\\\/cifreceramica\",\"https:\\\/\\\/www.instagram.com\\\/cifreceramica\\\/\",\"https:\\\/\\\/www.linkedin.com\\\/cifreceramica\",\"https:\\\/\\\/www.pinterest.es\\\/CifreReport\\\/_created\\\/\",\"https:\\\/\\\/www.youtube.com\\\/channel\\\/UC6T43U-C68ZKx58s-QVY0Eg\"]}]}<\/script>\n<!-- \/ Yoast SEO plugin. -->","yoast_head_json":{"title":"CifreReport - CIFRE CER\u00c1MICA","robots":{"index":"index","follow":"follow","max-snippet":"max-snippet:-1","max-image-preview":"max-image-preview:large","max-video-preview":"max-video-preview:-1"},"canonical":"https:\/\/cifreceramica.com\/en\/cifrereport\/","og_locale":"en_US","og_type":"article","og_title":"CifreReport - CIFRE CER\u00c1MICA","og_description":"[vc_row full_width=&#8221;stretch_row_content&#8221; el_class=&#8221;breadcrumb&#8221;][vc_column][\/vc_column][\/vc_row][vc_row el_class=&#8221;titulares_top_new filosofia&#8221;][vc_column width=&#8221;1\/6&#8243;][\/vc_column][vc_column width=&#8221;2\/3&#8243;][vc_column_text] Cifre Report Find out about the latest trends in decoration and architecture and let yourself be inspired. In Cifre Report we tell you all the details of the projects in which our materials are involved and the latest news about Cifre Group.. [\/vc_column_text][\/vc_column][vc_column width=&#8221;1\/6&#8243;][\/vc_column][\/vc_row][vc_row full_width=&#8221;stretch_row&#8221; el_class=&#8221;categorias_report&#8221;][vc_column][\/vc_column][\/vc_row][vc_row][vc_column][\/vc_column][\/vc_row]","og_url":"https:\/\/cifreceramica.com\/en\/cifrereport\/","og_site_name":"CIFRE CER\u00c1MICA","article_publisher":"https:\/\/www.facebook.com\/Cifreceramica\/","article_modified_time":"2022-04-12T12:40:40+00:00","twitter_card":"summary_large_image","twitter_site":"@cifreceramica","twitter_misc":{"Est. reading time":"1 minute"},"schema":{"@context":"https:\/\/schema.org","@graph":[{"@type":"WebPage","@id":"https:\/\/cifreceramica.com\/en\/cifrereport\/","url":"https:\/\/cifreceramica.com\/en\/cifrereport\/","name":"CifreReport - CIFRE CER\u00c1MICA","isPartOf":{"@id":"https:\/\/cifreceramica.com\/#website"},"datePublished":"2019-09-05T11:48:42+00:00","dateModified":"2022-04-12T12:40:40+00:00","breadcrumb":{"@id":"https:\/\/cifreceramica.com\/en\/cifrereport\/#breadcrumb"},"inLanguage":"en-US","potentialAction":[{"@type":"ReadAction","target":["https:\/\/cifreceramica.com\/en\/cifrereport\/"]}]},{"@type":"BreadcrumbList","@id":"https:\/\/cifreceramica.com\/en\/cifrereport\/#breadcrumb","itemListElement":[{"@type":"ListItem","position":1,"name":"Portada","item":"https:\/\/cifreceramica.com\/en\/"},{"@type":"ListItem","position":2,"name":"CifreReport"}]},{"@type":"WebSite","@id":"https:\/\/cifreceramica.com\/#website","url":"https:\/\/cifreceramica.com\/","name":"CIFRE CER\u00c1MICA","description":"Azulejo, cer\u00e1mica, decoraci\u00f3n, pavimento, revestimiento","publisher":{"@id":"https:\/\/cifreceramica.com\/#organization"},"potentialAction":[{"@type":"SearchAction","target":{"@type":"EntryPoint","urlTemplate":"https:\/\/cifreceramica.com\/?s={search_term_string}"},"query-input":{"@type":"PropertyValueSpecification","valueRequired":true,"valueName":"search_term_string"}}],"inLanguage":"en-US"},{"@type":"Organization","@id":"https:\/\/cifreceramica.com\/#organization","name":"CIFRE CERAMICA SL.","url":"https:\/\/cifreceramica.com\/","logo":{"@type":"ImageObject","inLanguage":"en-US","@id":"https:\/\/cifreceramica.com\/#\/schema\/logo\/image\/","url":"https:\/\/cifreceramica.com\/wp-content\/uploads\/2020\/03\/logo-cifre.jpg","contentUrl":"https:\/\/cifreceramica.com\/wp-content\/uploads\/2020\/03\/logo-cifre.jpg","width":648,"height":320,"caption":"CIFRE CERAMICA SL."},"image":{"@id":"https:\/\/cifreceramica.com\/#\/schema\/logo\/image\/"},"sameAs":["https:\/\/www.facebook.com\/Cifreceramica\/","https:\/\/x.com\/cifreceramica","https:\/\/www.instagram.com\/cifreceramica\/","https:\/\/www.linkedin.com\/cifreceramica","https:\/\/www.pinterest.es\/CifreReport\/_created\/","https:\/\/www.youtube.com\/channel\/UC6T43U-C68ZKx58s-QVY0Eg"]}]}},"_links":{"self":[{"href":"https:\/\/cifreceramica.com\/en\/wp-json\/wp\/v2\/pages\/1691","targetHints":{"allow":["GET"]}}],"collection":[{"href":"https:\/\/cifreceramica.com\/en\/wp-json\/wp\/v2\/pages"}],"about":[{"href":"https:\/\/cifreceramica.com\/en\/wp-json\/wp\/v2\/types\/page"}],"author":[{"embeddable":true,"href":"https:\/\/cifreceramica.com\/en\/wp-json\/wp\/v2\/users\/1"}],"replies":[{"embeddable":true,"href":"https:\/\/cifreceramica.com\/en\/wp-json\/wp\/v2\/comments?post=1691"}],"version-history":[{"count":8,"href":"https:\/\/cifreceramica.com\/en\/wp-json\/wp\/v2\/pages\/1691\/revisions"}],"predecessor-version":[{"id":4748,"href":"https:\/\/cifreceramica.com\/en\/wp-json\/wp\/v2\/pages\/1691\/revisions\/4748"}],"wp:attachment":[{"href":"https:\/\/cifreceramica.com\/en\/wp-json\/wp\/v2\/media?parent=1691"}],"curies":[{"name":"wp","href":"https:\/\/api.w.org\/{rel}","templated":true}]}}