{"id":1439,"date":"2019-09-04T14:20:30","date_gmt":"2019-09-04T12:20:30","guid":{"rendered":"https:\/\/cifreceramica.com\/area-reservada-seleccion-guardada\/"},"modified":"2019-09-18T14:50:44","modified_gmt":"2019-09-18T12:50:44","slug":"area-reservada-seleccion-guardada","status":"publish","type":"page","link":"https:\/\/cifreceramica.com\/en\/area-reservada-seleccion-guardada\/","title":{"rendered":"\u00c1rea reservada &#8211; Selecci\u00f3n guardada"},"content":{"rendered":"<p>[vc_row full_width=&#8221;stretch_row_content&#8221; el_class=&#8221;breadcrumb&#8221;][vc_column][\/vc_column][\/vc_row][vc_row el_class=&#8221;titulares_top&#8221;][vc_column width=&#8221;1\/12&#8243;][\/vc_column][vc_column width=&#8221;10\/12&#8243;][vc_column_text]<\/p>\n<h1>Selecci\u00f3n guardada<\/h1>\n<p>[\/vc_column_text][vc_column_text]<\/p>\n<p style=\"text-align: center;\">Listado de elementos seleccionados<\/p>\n<p>[\/vc_column_text][\/vc_column][vc_column width=&#8221;1\/12&#8243;][\/vc_column][\/vc_row][vc_row][vc_column width=&#8221;1\/12&#8243;][\/vc_column][vc_column width=&#8221;10\/12&#8243; el_class=&#8221;seleccion_acciones_top&#8221; css=&#8221;.vc_custom_1567593541023{padding-top: 0px !important;}&#8221;][vc_row_inner][vc_column_inner width=&#8221;1\/4&#8243;][vc_column_text el_class=&#8221;guardar_seleccion item&#8221;]<img loading=\"lazy\" decoding=\"async\" class=\"alignnone size-full wp-image-567\" src=\"https:\/\/cifreceramica.com\/wp-content\/uploads\/2019\/09\/guardar.png\" alt=\"\" width=\"19\" height=\"18\" \/>Guardar[\/vc_column_text][\/vc_column_inner][vc_column_inner width=&#8221;1\/4&#8243;][vc_column_text el_class=&#8221;compartir_seleccion item&#8221;]<img loading=\"lazy\" decoding=\"async\" class=\"alignnone size-full wp-image-566\" src=\"https:\/\/cifreceramica.com\/wp-content\/uploads\/2019\/09\/compartir.png\" alt=\"\" width=\"20\" height=\"21\" \/>Compartir[\/vc_column_text][\/vc_column_inner][vc_column_inner width=&#8221;1\/4&#8243;][vc_column_text el_class=&#8221;descargar_pdf item&#8221;]<img loading=\"lazy\" decoding=\"async\" class=\"alignnone size-full wp-image-569\" src=\"https:\/\/cifreceramica.com\/wp-content\/uploads\/2019\/09\/pdf.png\" alt=\"\" width=\"14\" height=\"17\" \/>Descargar PDF[\/vc_column_text][\/vc_column_inner][vc_column_inner width=&#8221;1\/4&#8243;][vc_column_text el_class=&#8221;descargar_imagen item&#8221;]<img loading=\"lazy\" decoding=\"async\" class=\"alignnone size-full wp-image-572\" src=\"https:\/\/cifreceramica.com\/wp-content\/uploads\/2019\/09\/imagen-1.png\" alt=\"\" width=\"16\" height=\"18\" \/>Descargar imagen[\/vc_column_text][\/vc_column_inner][\/vc_row_inner][\/vc_column][vc_column width=&#8221;1\/12&#8243;][\/vc_column][\/vc_row][vc_row el_class=&#8221;seleccion_acciones_bottom&#8221;][vc_column width=&#8221;1\/12&#8243;][\/vc_column][vc_column width=&#8221;10\/12&#8243;][vc_row_inner][vc_column_inner width=&#8221;1\/2&#8243;][vc_column_text el_class=&#8221;add_seleccion&#8221;]<img loading=\"lazy\" decoding=\"async\" class=\"alignnone size-full wp-image-574\" src=\"https:\/\/cifreceramica.com\/wp-content\/uploads\/2019\/09\/add.png\" alt=\"\" width=\"13\" height=\"13\" \/>A\u00f1adir m\u00e1s elementos[\/vc_column_text][vc_column_text el_class=&#8221;eliminar_seleccion&#8221;]<img loading=\"lazy\" decoding=\"async\" class=\"alignnone size-full wp-image-590\" src=\"https:\/\/cifreceramica.com\/wp-content\/uploads\/2019\/09\/delete-1.png\" alt=\"\" width=\"12\" height=\"13\" \/>Eliminar[\/vc_column_text][vc_column_text el_class=&#8221;renombrar_seleccion&#8221;]<img loading=\"lazy\" decoding=\"async\" class=\"alignnone size-full wp-image-591\" src=\"https:\/\/cifreceramica.com\/wp-content\/uploads\/2019\/09\/renombrar.png\" alt=\"\" width=\"13\" height=\"13\" \/>Renombrar[\/vc_column_text][\/vc_column_inner][vc_column_inner width=&#8221;1\/2&#8243;][vc_column_text el_class=&#8221;mis_selecciones&#8221;]<img loading=\"lazy\" decoding=\"async\" class=\"alignnone size-full wp-image-575\" src=\"https:\/\/cifreceramica.com\/wp-content\/uploads\/2019\/09\/colecciones.png\" alt=\"\" width=\"5\" height=\"5\" \/>Mis selecciones[\/vc_column_text][\/vc_column_inner][\/vc_row_inner][\/vc_column][vc_column width=&#8221;1\/12&#8243;][\/vc_column][\/vc_row][vc_row el_class=&#8221;elementos_seleccionados&#8221;][vc_column width=&#8221;1\/12&#8243;][\/vc_column][vc_column width=&#8221;10\/12&#8243;][vc_row_inner el_class=&#8221;fila_seleccion&#8221;][vc_column_inner el_class=&#8221;item_seleccion&#8221; width=&#8221;1\/4&#8243;][vc_single_image image=&#8221;1170&#8243; img_size=&#8221;full&#8221; alignment=&#8221;right&#8221; el_class=&#8221;delete_seleccion&#8221;][vc_single_image image=&#8221;1173&#8243; img_size=&#8221;full&#8221;][vc_column_text el_class=&#8221;tag_seleccion&#8221;]Colecci\u00f3n completa[\/vc_column_text][vc_column_text el_class=&#8221;titulo_seleccion&#8221;]Nombre colecci\u00f3n[\/vc_column_text][\/vc_column_inner][vc_column_inner el_class=&#8221;item_seleccion&#8221; width=&#8221;1\/4&#8243;][vc_single_image image=&#8221;1170&#8243; img_size=&#8221;full&#8221; alignment=&#8221;right&#8221; el_class=&#8221;delete_seleccion&#8221;][vc_single_image image=&#8221;1173&#8243; img_size=&#8221;full&#8221;][vc_column_text el_class=&#8221;tag_seleccion&#8221;]Colecci\u00f3n completa[\/vc_column_text][vc_column_text el_class=&#8221;titulo_seleccion&#8221;]Nombre colecci\u00f3n[\/vc_column_text][\/vc_column_inner][vc_column_inner el_class=&#8221;item_seleccion&#8221; width=&#8221;1\/4&#8243;][vc_single_image image=&#8221;1170&#8243; img_size=&#8221;full&#8221; alignment=&#8221;right&#8221; el_class=&#8221;delete_seleccion&#8221;][vc_single_image image=&#8221;1173&#8243; img_size=&#8221;full&#8221;][vc_column_text el_class=&#8221;tag_seleccion&#8221;]Colecci\u00f3n completa[\/vc_column_text][vc_column_text el_class=&#8221;titulo_seleccion&#8221;]Nombre colecci\u00f3n[\/vc_column_text][\/vc_column_inner][vc_column_inner el_class=&#8221;item_seleccion&#8221; width=&#8221;1\/4&#8243;][vc_single_image image=&#8221;1170&#8243; img_size=&#8221;full&#8221; alignment=&#8221;right&#8221; el_class=&#8221;delete_seleccion&#8221;][vc_single_image image=&#8221;1173&#8243; img_size=&#8221;full&#8221;][vc_column_text el_class=&#8221;tag_seleccion&#8221;]Colecci\u00f3n completa[\/vc_column_text][vc_column_text el_class=&#8221;titulo_seleccion&#8221;]Nombre colecci\u00f3n[\/vc_column_text][\/vc_column_inner][\/vc_row_inner][vc_row_inner el_class=&#8221;fila_seleccion&#8221;][vc_column_inner el_class=&#8221;item_seleccion&#8221; width=&#8221;1\/4&#8243;][vc_single_image image=&#8221;1170&#8243; img_size=&#8221;full&#8221; alignment=&#8221;right&#8221; el_class=&#8221;delete_seleccion&#8221;][vc_single_image image=&#8221;1173&#8243; img_size=&#8221;full&#8221;][vc_column_text el_class=&#8221;tag_seleccion&#8221;]Colecci\u00f3n completa[\/vc_column_text][vc_column_text el_class=&#8221;titulo_seleccion&#8221;]Nombre colecci\u00f3n[\/vc_column_text][\/vc_column_inner][vc_column_inner el_class=&#8221;item_seleccion&#8221; width=&#8221;1\/4&#8243;][vc_single_image image=&#8221;1170&#8243; img_size=&#8221;full&#8221; alignment=&#8221;right&#8221; el_class=&#8221;delete_seleccion&#8221;][vc_single_image image=&#8221;1173&#8243; img_size=&#8221;full&#8221;][vc_column_text el_class=&#8221;tag_seleccion&#8221;]Colecci\u00f3n completa[\/vc_column_text][vc_column_text el_class=&#8221;titulo_seleccion&#8221;]Nombre colecci\u00f3n[\/vc_column_text][\/vc_column_inner][vc_column_inner el_class=&#8221;item_seleccion&#8221; width=&#8221;1\/4&#8243;][vc_single_image image=&#8221;1170&#8243; img_size=&#8221;full&#8221; alignment=&#8221;right&#8221; el_class=&#8221;delete_seleccion&#8221;][vc_single_image image=&#8221;1173&#8243; img_size=&#8221;full&#8221;][vc_column_text el_class=&#8221;tag_seleccion&#8221;]Colecci\u00f3n completa[\/vc_column_text][vc_column_text el_class=&#8221;titulo_seleccion&#8221;]Nombre colecci\u00f3n[\/vc_column_text][\/vc_column_inner][vc_column_inner el_class=&#8221;item_seleccion&#8221; width=&#8221;1\/4&#8243;][vc_single_image image=&#8221;1170&#8243; img_size=&#8221;full&#8221; alignment=&#8221;right&#8221; el_class=&#8221;delete_seleccion&#8221;][vc_single_image image=&#8221;1173&#8243; img_size=&#8221;full&#8221;][vc_column_text el_class=&#8221;tag_seleccion&#8221;]Colecci\u00f3n completa[\/vc_column_text][vc_column_text el_class=&#8221;titulo_seleccion&#8221;]Nombre colecci\u00f3n[\/vc_column_text][\/vc_column_inner][\/vc_row_inner][\/vc_column][vc_column width=&#8221;1\/12&#8243;][\/vc_column][\/vc_row]<\/p>\n","protected":false},"excerpt":{"rendered":"<p>[vc_row full_width=&#8221;stretch_row_content&#8221; el_class=&#8221;breadcrumb&#8221;][vc_column][\/vc_column][\/vc_row][vc_row el_class=&#8221;titulares_top&#8221;][vc_column width=&#8221;1\/12&#8243;][\/vc_column][vc_column width=&#8221;10\/12&#8243;][vc_column_text] Selecci\u00f3n guardada [\/vc_column_text][vc_column_text] Listado de elementos seleccionados [\/vc_column_text][\/vc_column][vc_column width=&#8221;1\/12&#8243;][\/vc_column][\/vc_row][vc_row][vc_column width=&#8221;1\/12&#8243;][\/vc_column][vc_column width=&#8221;10\/12&#8243; el_class=&#8221;seleccion_acciones_top&#8221; css=&#8221;.vc_custom_1567593541023{padding-top: 0px !important;}&#8221;][vc_row_inner][vc_column_inner width=&#8221;1\/4&#8243;][vc_column_text el_class=&#8221;guardar_seleccion item&#8221;]Guardar[\/vc_column_text][\/vc_column_inner][vc_column_inner width=&#8221;1\/4&#8243;][vc_column_text el_class=&#8221;compartir_seleccion item&#8221;]Compartir[\/vc_column_text][\/vc_column_inner][vc_column_inner width=&#8221;1\/4&#8243;][vc_column_text el_class=&#8221;descargar_pdf item&#8221;]Descargar PDF[\/vc_column_text][\/vc_column_inner][vc_column_inner width=&#8221;1\/4&#8243;][vc_column_text el_class=&#8221;descargar_imagen item&#8221;]Descargar imagen[\/vc_column_text][\/vc_column_inner][\/vc_row_inner][\/vc_column][vc_column width=&#8221;1\/12&#8243;][\/vc_column][\/vc_row][vc_row el_class=&#8221;seleccion_acciones_bottom&#8221;][vc_column width=&#8221;1\/12&#8243;][\/vc_column][vc_column width=&#8221;10\/12&#8243;][vc_row_inner][vc_column_inner width=&#8221;1\/2&#8243;][vc_column_text el_class=&#8221;add_seleccion&#8221;]A\u00f1adir m\u00e1s elementos[\/vc_column_text][vc_column_text el_class=&#8221;eliminar_seleccion&#8221;]Eliminar[\/vc_column_text][vc_column_text el_class=&#8221;renombrar_seleccion&#8221;]Renombrar[\/vc_column_text][\/vc_column_inner][vc_column_inner width=&#8221;1\/2&#8243;][vc_column_text el_class=&#8221;mis_selecciones&#8221;]Mis selecciones[\/vc_column_text][\/vc_column_inner][\/vc_row_inner][\/vc_column][vc_column width=&#8221;1\/12&#8243;][\/vc_column][\/vc_row][vc_row el_class=&#8221;elementos_seleccionados&#8221;][vc_column width=&#8221;1\/12&#8243;][\/vc_column][vc_column width=&#8221;10\/12&#8243;][vc_row_inner el_class=&#8221;fila_seleccion&#8221;][vc_column_inner el_class=&#8221;item_seleccion&#8221; width=&#8221;1\/4&#8243;][vc_single_image [&hellip;]<\/p>\n","protected":false},"author":1,"featured_media":0,"parent":0,"menu_order":0,"comment_status":"closed","ping_status":"closed","template":"","meta":{"footnotes":""},"class_list":["post-1439","page","type-page","status-publish","hentry"],"yoast_head":"<!-- This site is optimized with the Yoast SEO plugin v27.4 - https:\/\/yoast.com\/product\/yoast-seo-wordpress\/ -->\n<title>\u00c1rea reservada - Selecci\u00f3n guardada - CIFRE CER\u00c1MICA<\/title>\n<meta name=\"robots\" content=\"index, follow, max-snippet:-1, max-image-preview:large, max-video-preview:-1\" \/>\n<link rel=\"canonical\" href=\"https:\/\/cifreceramica.com\/en\/area-reservada-seleccion-guardada\/\" \/>\n<meta property=\"og:locale\" content=\"en_US\" \/>\n<meta property=\"og:type\" content=\"article\" \/>\n<meta property=\"og:title\" content=\"\u00c1rea reservada - Selecci\u00f3n guardada - CIFRE CER\u00c1MICA\" \/>\n<meta property=\"og:description\" content=\"[vc_row full_width=&#8221;stretch_row_content&#8221; el_class=&#8221;breadcrumb&#8221;][vc_column][\/vc_column][\/vc_row][vc_row el_class=&#8221;titulares_top&#8221;][vc_column width=&#8221;1\/12&#8243;][\/vc_column][vc_column width=&#8221;10\/12&#8243;][vc_column_text] Selecci\u00f3n guardada [\/vc_column_text][vc_column_text] Listado de elementos seleccionados [\/vc_column_text][\/vc_column][vc_column width=&#8221;1\/12&#8243;][\/vc_column][\/vc_row][vc_row][vc_column width=&#8221;1\/12&#8243;][\/vc_column][vc_column width=&#8221;10\/12&#8243; el_class=&#8221;seleccion_acciones_top&#8221; css=&#8221;.vc_custom_1567593541023{padding-top: 0px !important;}&#8221;][vc_row_inner][vc_column_inner width=&#8221;1\/4&#8243;][vc_column_text el_class=&#8221;guardar_seleccion item&#8221;]Guardar[\/vc_column_text][\/vc_column_inner][vc_column_inner width=&#8221;1\/4&#8243;][vc_column_text el_class=&#8221;compartir_seleccion item&#8221;]Compartir[\/vc_column_text][\/vc_column_inner][vc_column_inner width=&#8221;1\/4&#8243;][vc_column_text el_class=&#8221;descargar_pdf item&#8221;]Descargar PDF[\/vc_column_text][\/vc_column_inner][vc_column_inner width=&#8221;1\/4&#8243;][vc_column_text el_class=&#8221;descargar_imagen item&#8221;]Descargar imagen[\/vc_column_text][\/vc_column_inner][\/vc_row_inner][\/vc_column][vc_column width=&#8221;1\/12&#8243;][\/vc_column][\/vc_row][vc_row el_class=&#8221;seleccion_acciones_bottom&#8221;][vc_column width=&#8221;1\/12&#8243;][\/vc_column][vc_column width=&#8221;10\/12&#8243;][vc_row_inner][vc_column_inner width=&#8221;1\/2&#8243;][vc_column_text el_class=&#8221;add_seleccion&#8221;]A\u00f1adir m\u00e1s elementos[\/vc_column_text][vc_column_text el_class=&#8221;eliminar_seleccion&#8221;]Eliminar[\/vc_column_text][vc_column_text el_class=&#8221;renombrar_seleccion&#8221;]Renombrar[\/vc_column_text][\/vc_column_inner][vc_column_inner width=&#8221;1\/2&#8243;][vc_column_text el_class=&#8221;mis_selecciones&#8221;]Mis selecciones[\/vc_column_text][\/vc_column_inner][\/vc_row_inner][\/vc_column][vc_column width=&#8221;1\/12&#8243;][\/vc_column][\/vc_row][vc_row el_class=&#8221;elementos_seleccionados&#8221;][vc_column width=&#8221;1\/12&#8243;][\/vc_column][vc_column width=&#8221;10\/12&#8243;][vc_row_inner el_class=&#8221;fila_seleccion&#8221;][vc_column_inner el_class=&#8221;item_seleccion&#8221; width=&#8221;1\/4&#8243;][vc_single_image [&hellip;]\" \/>\n<meta property=\"og:url\" content=\"https:\/\/cifreceramica.com\/en\/area-reservada-seleccion-guardada\/\" \/>\n<meta property=\"og:site_name\" content=\"CIFRE CER\u00c1MICA\" \/>\n<meta property=\"article:publisher\" content=\"https:\/\/www.facebook.com\/Cifreceramica\/\" \/>\n<meta property=\"article:modified_time\" content=\"2019-09-18T12:50:44+00:00\" \/>\n<meta property=\"og:image\" content=\"https:\/\/cifreceramica.com\/wp-content\/uploads\/2019\/09\/guardar.png\" \/>\n<meta name=\"twitter:card\" content=\"summary_large_image\" \/>\n<meta name=\"twitter:site\" content=\"@cifreceramica\" \/>\n<meta name=\"twitter:label1\" content=\"Est. reading time\" \/>\n\t<meta name=\"twitter:data1\" content=\"4 minutes\" \/>\n<script type=\"application\/ld+json\" class=\"yoast-schema-graph\">{\"@context\":\"https:\\\/\\\/schema.org\",\"@graph\":[{\"@type\":\"WebPage\",\"@id\":\"https:\\\/\\\/cifreceramica.com\\\/en\\\/area-reservada-seleccion-guardada\\\/\",\"url\":\"https:\\\/\\\/cifreceramica.com\\\/en\\\/area-reservada-seleccion-guardada\\\/\",\"name\":\"\u00c1rea reservada - Selecci\u00f3n guardada - CIFRE CER\u00c1MICA\",\"isPartOf\":{\"@id\":\"https:\\\/\\\/cifreceramica.com\\\/#website\"},\"primaryImageOfPage\":{\"@id\":\"https:\\\/\\\/cifreceramica.com\\\/en\\\/area-reservada-seleccion-guardada\\\/#primaryimage\"},\"image\":{\"@id\":\"https:\\\/\\\/cifreceramica.com\\\/en\\\/area-reservada-seleccion-guardada\\\/#primaryimage\"},\"thumbnailUrl\":\"https:\\\/\\\/cifreceramica.com\\\/wp-content\\\/uploads\\\/2019\\\/09\\\/guardar.png\",\"datePublished\":\"2019-09-04T12:20:30+00:00\",\"dateModified\":\"2019-09-18T12:50:44+00:00\",\"breadcrumb\":{\"@id\":\"https:\\\/\\\/cifreceramica.com\\\/en\\\/area-reservada-seleccion-guardada\\\/#breadcrumb\"},\"inLanguage\":\"en-US\",\"potentialAction\":[{\"@type\":\"ReadAction\",\"target\":[\"https:\\\/\\\/cifreceramica.com\\\/en\\\/area-reservada-seleccion-guardada\\\/\"]}]},{\"@type\":\"ImageObject\",\"inLanguage\":\"en-US\",\"@id\":\"https:\\\/\\\/cifreceramica.com\\\/en\\\/area-reservada-seleccion-guardada\\\/#primaryimage\",\"url\":\"https:\\\/\\\/cifreceramica.com\\\/wp-content\\\/uploads\\\/2019\\\/09\\\/guardar.png\",\"contentUrl\":\"https:\\\/\\\/cifreceramica.com\\\/wp-content\\\/uploads\\\/2019\\\/09\\\/guardar.png\"},{\"@type\":\"BreadcrumbList\",\"@id\":\"https:\\\/\\\/cifreceramica.com\\\/en\\\/area-reservada-seleccion-guardada\\\/#breadcrumb\",\"itemListElement\":[{\"@type\":\"ListItem\",\"position\":1,\"name\":\"Portada\",\"item\":\"https:\\\/\\\/cifreceramica.com\\\/en\\\/\"},{\"@type\":\"ListItem\",\"position\":2,\"name\":\"\u00c1rea reservada &#8211; Selecci\u00f3n guardada\"}]},{\"@type\":\"WebSite\",\"@id\":\"https:\\\/\\\/cifreceramica.com\\\/#website\",\"url\":\"https:\\\/\\\/cifreceramica.com\\\/\",\"name\":\"CIFRE CER\u00c1MICA\",\"description\":\"Azulejo, cer\u00e1mica, decoraci\u00f3n, pavimento, revestimiento\",\"publisher\":{\"@id\":\"https:\\\/\\\/cifreceramica.com\\\/#organization\"},\"potentialAction\":[{\"@type\":\"SearchAction\",\"target\":{\"@type\":\"EntryPoint\",\"urlTemplate\":\"https:\\\/\\\/cifreceramica.com\\\/?s={search_term_string}\"},\"query-input\":{\"@type\":\"PropertyValueSpecification\",\"valueRequired\":true,\"valueName\":\"search_term_string\"}}],\"inLanguage\":\"en-US\"},{\"@type\":\"Organization\",\"@id\":\"https:\\\/\\\/cifreceramica.com\\\/#organization\",\"name\":\"CIFRE CERAMICA SL.\",\"url\":\"https:\\\/\\\/cifreceramica.com\\\/\",\"logo\":{\"@type\":\"ImageObject\",\"inLanguage\":\"en-US\",\"@id\":\"https:\\\/\\\/cifreceramica.com\\\/#\\\/schema\\\/logo\\\/image\\\/\",\"url\":\"https:\\\/\\\/cifreceramica.com\\\/wp-content\\\/uploads\\\/2020\\\/03\\\/logo-cifre.jpg\",\"contentUrl\":\"https:\\\/\\\/cifreceramica.com\\\/wp-content\\\/uploads\\\/2020\\\/03\\\/logo-cifre.jpg\",\"width\":648,\"height\":320,\"caption\":\"CIFRE CERAMICA SL.\"},\"image\":{\"@id\":\"https:\\\/\\\/cifreceramica.com\\\/#\\\/schema\\\/logo\\\/image\\\/\"},\"sameAs\":[\"https:\\\/\\\/www.facebook.com\\\/Cifreceramica\\\/\",\"https:\\\/\\\/x.com\\\/cifreceramica\",\"https:\\\/\\\/www.instagram.com\\\/cifreceramica\\\/\",\"https:\\\/\\\/www.linkedin.com\\\/cifreceramica\",\"https:\\\/\\\/www.pinterest.es\\\/CifreReport\\\/_created\\\/\",\"https:\\\/\\\/www.youtube.com\\\/channel\\\/UC6T43U-C68ZKx58s-QVY0Eg\"]}]}<\/script>\n<!-- \/ Yoast SEO plugin. -->","yoast_head_json":{"title":"\u00c1rea reservada - Selecci\u00f3n guardada - CIFRE CER\u00c1MICA","robots":{"index":"index","follow":"follow","max-snippet":"max-snippet:-1","max-image-preview":"max-image-preview:large","max-video-preview":"max-video-preview:-1"},"canonical":"https:\/\/cifreceramica.com\/en\/area-reservada-seleccion-guardada\/","og_locale":"en_US","og_type":"article","og_title":"\u00c1rea reservada - Selecci\u00f3n guardada - CIFRE CER\u00c1MICA","og_description":"[vc_row full_width=&#8221;stretch_row_content&#8221; el_class=&#8221;breadcrumb&#8221;][vc_column][\/vc_column][\/vc_row][vc_row el_class=&#8221;titulares_top&#8221;][vc_column width=&#8221;1\/12&#8243;][\/vc_column][vc_column width=&#8221;10\/12&#8243;][vc_column_text] Selecci\u00f3n guardada [\/vc_column_text][vc_column_text] Listado de elementos seleccionados [\/vc_column_text][\/vc_column][vc_column width=&#8221;1\/12&#8243;][\/vc_column][\/vc_row][vc_row][vc_column width=&#8221;1\/12&#8243;][\/vc_column][vc_column width=&#8221;10\/12&#8243; el_class=&#8221;seleccion_acciones_top&#8221; css=&#8221;.vc_custom_1567593541023{padding-top: 0px !important;}&#8221;][vc_row_inner][vc_column_inner width=&#8221;1\/4&#8243;][vc_column_text el_class=&#8221;guardar_seleccion item&#8221;]Guardar[\/vc_column_text][\/vc_column_inner][vc_column_inner width=&#8221;1\/4&#8243;][vc_column_text el_class=&#8221;compartir_seleccion item&#8221;]Compartir[\/vc_column_text][\/vc_column_inner][vc_column_inner width=&#8221;1\/4&#8243;][vc_column_text el_class=&#8221;descargar_pdf item&#8221;]Descargar PDF[\/vc_column_text][\/vc_column_inner][vc_column_inner width=&#8221;1\/4&#8243;][vc_column_text el_class=&#8221;descargar_imagen item&#8221;]Descargar imagen[\/vc_column_text][\/vc_column_inner][\/vc_row_inner][\/vc_column][vc_column width=&#8221;1\/12&#8243;][\/vc_column][\/vc_row][vc_row el_class=&#8221;seleccion_acciones_bottom&#8221;][vc_column width=&#8221;1\/12&#8243;][\/vc_column][vc_column width=&#8221;10\/12&#8243;][vc_row_inner][vc_column_inner width=&#8221;1\/2&#8243;][vc_column_text el_class=&#8221;add_seleccion&#8221;]A\u00f1adir m\u00e1s elementos[\/vc_column_text][vc_column_text el_class=&#8221;eliminar_seleccion&#8221;]Eliminar[\/vc_column_text][vc_column_text el_class=&#8221;renombrar_seleccion&#8221;]Renombrar[\/vc_column_text][\/vc_column_inner][vc_column_inner width=&#8221;1\/2&#8243;][vc_column_text el_class=&#8221;mis_selecciones&#8221;]Mis selecciones[\/vc_column_text][\/vc_column_inner][\/vc_row_inner][\/vc_column][vc_column width=&#8221;1\/12&#8243;][\/vc_column][\/vc_row][vc_row el_class=&#8221;elementos_seleccionados&#8221;][vc_column width=&#8221;1\/12&#8243;][\/vc_column][vc_column width=&#8221;10\/12&#8243;][vc_row_inner el_class=&#8221;fila_seleccion&#8221;][vc_column_inner el_class=&#8221;item_seleccion&#8221; width=&#8221;1\/4&#8243;][vc_single_image [&hellip;]","og_url":"https:\/\/cifreceramica.com\/en\/area-reservada-seleccion-guardada\/","og_site_name":"CIFRE CER\u00c1MICA","article_publisher":"https:\/\/www.facebook.com\/Cifreceramica\/","article_modified_time":"2019-09-18T12:50:44+00:00","og_image":[{"url":"https:\/\/cifreceramica.com\/wp-content\/uploads\/2019\/09\/guardar.png","type":"","width":"","height":""}],"twitter_card":"summary_large_image","twitter_site":"@cifreceramica","twitter_misc":{"Est. reading time":"4 minutes"},"schema":{"@context":"https:\/\/schema.org","@graph":[{"@type":"WebPage","@id":"https:\/\/cifreceramica.com\/en\/area-reservada-seleccion-guardada\/","url":"https:\/\/cifreceramica.com\/en\/area-reservada-seleccion-guardada\/","name":"\u00c1rea reservada - Selecci\u00f3n guardada - CIFRE CER\u00c1MICA","isPartOf":{"@id":"https:\/\/cifreceramica.com\/#website"},"primaryImageOfPage":{"@id":"https:\/\/cifreceramica.com\/en\/area-reservada-seleccion-guardada\/#primaryimage"},"image":{"@id":"https:\/\/cifreceramica.com\/en\/area-reservada-seleccion-guardada\/#primaryimage"},"thumbnailUrl":"https:\/\/cifreceramica.com\/wp-content\/uploads\/2019\/09\/guardar.png","datePublished":"2019-09-04T12:20:30+00:00","dateModified":"2019-09-18T12:50:44+00:00","breadcrumb":{"@id":"https:\/\/cifreceramica.com\/en\/area-reservada-seleccion-guardada\/#breadcrumb"},"inLanguage":"en-US","potentialAction":[{"@type":"ReadAction","target":["https:\/\/cifreceramica.com\/en\/area-reservada-seleccion-guardada\/"]}]},{"@type":"ImageObject","inLanguage":"en-US","@id":"https:\/\/cifreceramica.com\/en\/area-reservada-seleccion-guardada\/#primaryimage","url":"https:\/\/cifreceramica.com\/wp-content\/uploads\/2019\/09\/guardar.png","contentUrl":"https:\/\/cifreceramica.com\/wp-content\/uploads\/2019\/09\/guardar.png"},{"@type":"BreadcrumbList","@id":"https:\/\/cifreceramica.com\/en\/area-reservada-seleccion-guardada\/#breadcrumb","itemListElement":[{"@type":"ListItem","position":1,"name":"Portada","item":"https:\/\/cifreceramica.com\/en\/"},{"@type":"ListItem","position":2,"name":"\u00c1rea reservada &#8211; Selecci\u00f3n guardada"}]},{"@type":"WebSite","@id":"https:\/\/cifreceramica.com\/#website","url":"https:\/\/cifreceramica.com\/","name":"CIFRE CER\u00c1MICA","description":"Azulejo, cer\u00e1mica, decoraci\u00f3n, pavimento, revestimiento","publisher":{"@id":"https:\/\/cifreceramica.com\/#organization"},"potentialAction":[{"@type":"SearchAction","target":{"@type":"EntryPoint","urlTemplate":"https:\/\/cifreceramica.com\/?s={search_term_string}"},"query-input":{"@type":"PropertyValueSpecification","valueRequired":true,"valueName":"search_term_string"}}],"inLanguage":"en-US"},{"@type":"Organization","@id":"https:\/\/cifreceramica.com\/#organization","name":"CIFRE CERAMICA SL.","url":"https:\/\/cifreceramica.com\/","logo":{"@type":"ImageObject","inLanguage":"en-US","@id":"https:\/\/cifreceramica.com\/#\/schema\/logo\/image\/","url":"https:\/\/cifreceramica.com\/wp-content\/uploads\/2020\/03\/logo-cifre.jpg","contentUrl":"https:\/\/cifreceramica.com\/wp-content\/uploads\/2020\/03\/logo-cifre.jpg","width":648,"height":320,"caption":"CIFRE CERAMICA SL."},"image":{"@id":"https:\/\/cifreceramica.com\/#\/schema\/logo\/image\/"},"sameAs":["https:\/\/www.facebook.com\/Cifreceramica\/","https:\/\/x.com\/cifreceramica","https:\/\/www.instagram.com\/cifreceramica\/","https:\/\/www.linkedin.com\/cifreceramica","https:\/\/www.pinterest.es\/CifreReport\/_created\/","https:\/\/www.youtube.com\/channel\/UC6T43U-C68ZKx58s-QVY0Eg"]}]}},"_links":{"self":[{"href":"https:\/\/cifreceramica.com\/en\/wp-json\/wp\/v2\/pages\/1439","targetHints":{"allow":["GET"]}}],"collection":[{"href":"https:\/\/cifreceramica.com\/en\/wp-json\/wp\/v2\/pages"}],"about":[{"href":"https:\/\/cifreceramica.com\/en\/wp-json\/wp\/v2\/types\/page"}],"author":[{"embeddable":true,"href":"https:\/\/cifreceramica.com\/en\/wp-json\/wp\/v2\/users\/1"}],"replies":[{"embeddable":true,"href":"https:\/\/cifreceramica.com\/en\/wp-json\/wp\/v2\/comments?post=1439"}],"version-history":[{"count":1,"href":"https:\/\/cifreceramica.com\/en\/wp-json\/wp\/v2\/pages\/1439\/revisions"}],"predecessor-version":[{"id":1440,"href":"https:\/\/cifreceramica.com\/en\/wp-json\/wp\/v2\/pages\/1439\/revisions\/1440"}],"wp:attachment":[{"href":"https:\/\/cifreceramica.com\/en\/wp-json\/wp\/v2\/media?parent=1439"}],"curies":[{"name":"wp","href":"https:\/\/api.w.org\/{rel}","templated":true}]}}