{"id":1423,"date":"2019-09-04T12:22:57","date_gmt":"2019-09-04T10:22:57","guid":{"rendered":"https:\/\/cifreceramica.com\/area-reservada-nueva-seleccion\/"},"modified":"2019-09-23T06:22:31","modified_gmt":"2019-09-23T04:22:31","slug":"area-reservada-nueva-seleccion","status":"publish","type":"page","link":"https:\/\/cifreceramica.com\/en\/area-reservada-nueva-seleccion\/","title":{"rendered":"Customer area &#8211; New selection"},"content":{"rendered":"<p>[vc_row full_width=&#8221;stretch_row_content&#8221; el_class=&#8221;breadcrumb&#8221;][vc_column][\/vc_column][\/vc_row][vc_row el_class=&#8221;titulares_top&#8221;][vc_column width=&#8221;1\/12&#8243;][\/vc_column][vc_column width=&#8221;10\/12&#8243;][vc_column_text]<\/p>\n<h1>New Selection<\/h1>\n<p>[\/vc_column_text][vc_column_text]<\/p>\n<p style=\"text-align: center;\">List of selected items<\/p>\n<p>[\/vc_column_text][\/vc_column][vc_column width=&#8221;1\/12&#8243;][\/vc_column][\/vc_row][vc_row][vc_column width=&#8221;1\/12&#8243;][\/vc_column][vc_column width=&#8221;10\/12&#8243; el_class=&#8221;seleccion_acciones_top&#8221; css=&#8221;.vc_custom_1567593541023{padding-top: 0px !important;}&#8221;][vc_row_inner][vc_column_inner width=&#8221;1\/3&#8243;][vc_raw_html el_class=&#8221;guardar_seleccion item&#8221;]JTNDYSUyMGRhdGEtdG9nZ2xlJTNEJTIybW9kYWwlMjIlMjBkYXRhLXRhcmdldCUzRCUyMiUyM2d1YXJkYXJfc2VsZWNjaW9uJTIyJTIwY2xhc3MlM0QlMjJndWFyZGFyX3NlbGVjY2lvbiUyMiUzRSUzQ3AlM0UlM0NpbWclMjBjbGFzcyUzRCUyMmFsaWdubm9uZSUyMHNpemUtZnVsbCUyMHdwLWltYWdlLTU2NyUyMiUyMHNyYyUzRCUyMmh0dHBzJTNBJTJGJTJGY2lmcmV3ZWIuYXRpYy5ncmVlbiUyRndwLWNvbnRlbnQlMkZ1cGxvYWRzJTJGMjAxOSUyRjA5JTJGZ3VhcmRhci5wbmclMjIlMjBhbHQlM0QlMjIlMjIlMjB3aWR0aCUzRCUyMjE5JTIyJTIwaGVpZ2h0JTNEJTIyMTglMjIlMjAlMkYlM0VTYXZlJTNDJTJGcCUzRSUzQyUyRmElM0U=[\/vc_raw_html][\/vc_column_inner][vc_column_inner width=&#8221;1\/3&#8243;][vc_raw_html el_class=&#8221;descargar_pdf item&#8221;]JTNDYSUyMGhyZWYlM0QlMjIlMkZwZGYtc2VsZWNjaW9uJTIyJTIwdGFyZ2V0JTNEJTIyX2JsYW5rJTIyJTNFJTNDcCUzRSUzQ2ltZyUyMGNsYXNzJTNEJTIyYWxpZ25ub25lJTIwc2l6ZS1mdWxsJTIwd3AtaW1hZ2UtNTY5JTIyJTIwc3JjJTNEJTIyaHR0cHMlM0ElMkYlMkZjaWZyZXdlYi5hdGljLmdyZWVuJTJGd3AtY29udGVudCUyRnVwbG9hZHMlMkYyMDE5JTJGMDklMkZwZGYucG5nJTIyJTIwYWx0JTNEJTIyJTIyJTIwd2lkdGglM0QlMjIxNCUyMiUyMGhlaWdodCUzRCUyMjE3JTIyJTIwJTJGJTNFRG93bmxvYWQlMjBQREYlM0MlMkZwJTNFJTNDJTJGYSUzRQ==[\/vc_raw_html][\/vc_column_inner][vc_column_inner width=&#8221;1\/3&#8243;][vc_raw_html el_class=&#8221;descargar_imagen item&#8221;]JTNDYSUyMGhyZWYlM0QlMjIlMkZkZXNjYXJnYS1zZWxlY2Npb24lMjIlM0UlM0NwJTNFJTNDaW1nJTIwY2xhc3MlM0QlMjJhbGlnbm5vbmUlMjBzaXplLWZ1bGwlMjB3cC1pbWFnZS01NzIlMjIlMjBzcmMlM0QlMjJodHRwcyUzQSUyRiUyRmNpZnJld2ViLmF0aWMuZ3JlZW4lMkZ3cC1jb250ZW50JTJGdXBsb2FkcyUyRjIwMTklMkYwOSUyRmltYWdlbi0xLnBuZyUyMiUyMGFsdCUzRCUyMiUyMiUyMHdpZHRoJTNEJTIyMTYlMjIlMjBoZWlnaHQlM0QlMjIxOCUyMiUyMCUyRiUzRURvd25sb2FkJTIwaW1hZ2VzJTNDJTJGcCUzRSUzQyUyRmElM0U=[\/vc_raw_html][\/vc_column_inner][\/vc_row_inner][\/vc_column][vc_column width=&#8221;1\/12&#8243;][\/vc_column][\/vc_row][vc_row el_class=&#8221;seleccion_acciones_bottom&#8221;][vc_column width=&#8221;1\/12&#8243;][\/vc_column][vc_column width=&#8221;10\/12&#8243;][vc_row_inner][vc_column_inner width=&#8221;1\/2&#8243;][vc_column_text el_class=&#8221;add_seleccion&#8221;]<a href=\"\/en\/collections\"><img loading=\"lazy\" decoding=\"async\" class=\"alignnone size-full wp-image-574\" src=\"https:\/\/cifreceramica.com\/wp-content\/uploads\/2019\/09\/add.png\" alt=\"\" width=\"13\" height=\"13\" \/>Add more items<\/a>[\/vc_column_text][\/vc_column_inner][vc_column_inner width=&#8221;1\/2&#8243;][vc_column_text el_class=&#8221;mis_selecciones&#8221;]<a href=\"https:\/\/cifreceramica.com\/en\/customer-area-my-selections\/\"><img loading=\"lazy\" decoding=\"async\" class=\"alignnone size-full wp-image-575\" src=\"https:\/\/cifreceramica.com\/wp-content\/uploads\/2019\/09\/colecciones.png\" alt=\"\" width=\"5\" height=\"5\" \/>My selections<\/a>[\/vc_column_text][\/vc_column_inner][\/vc_row_inner][\/vc_column][vc_column width=&#8221;1\/12&#8243;][\/vc_column][\/vc_row][vc_row el_class=&#8221;elementos_seleccionados&#8221;][vc_column width=&#8221;1\/12&#8243;][\/vc_column][vc_column width=&#8221;10\/12&#8243;]<a href=\"#\" class=\"deseleccionar_todos_los_productos\" style=\"margin-top:-30px;float:right;margin-right:0px;\">Delete all <\/a>[vc_row_inner el_class=\"fila_seleccion\"][\/vc_row_inner][\/vc_column][vc_column width=&#8221;1\/12&#8243;][\/vc_column][\/vc_row][vc_row][vc_column]<!-- Modal -->\n\n<div class=\"modal fade\" id=\"guardar_seleccion\" tabindex=\"-1\" role=\"dialog\" aria-labelledby=\"exampleModalLabel\" aria-hidden=\"true\">\n  <div class=\"modal-dialog  modal-md\" role=\"document\" style=\"width:500px;margin-top:100px;\">\n    <div class=\"modal-content\">\n\t<form action=\"\/area-reservada-mis-selecciones\/\" method=\"POST\">\n\t  <div class=\"modal-header\">\n\t\t<h3><span>Save:<\/span> New Selection<\/h3>\n\t  <\/div>\n      <div class=\"modal-body\">\n\t\n\t\t<div class=\"form-group\">\n\t\t<label>Nombre<\/label><br>\n\t\t<input type=\"text\" name=\"nombre\" placeholder=\"Name\" class=\"form-control\">\n\t\t<\/div>\n\n      <\/div>\n\t\n\t\t<div class=\"modal-footer\">\n\t\t<button class=\"btn-guardar\">Save<\/button>\n\t\t<button class=\"btn-cancelar\" data-dismiss=\"modal\" aria-hidden=\"true\">Cancel<\/button>\n\t\t<\/div>\n\n\t  <\/form>\n\t\t\n    <\/div>\n  <\/div>\n<\/div>\n[\/vc_column][\/vc_row]<\/p>\n","protected":false},"excerpt":{"rendered":"<p>[vc_row full_width=&#8221;stretch_row_content&#8221; el_class=&#8221;breadcrumb&#8221;][vc_column][\/vc_column][\/vc_row][vc_row el_class=&#8221;titulares_top&#8221;][vc_column width=&#8221;1\/12&#8243;][\/vc_column][vc_column width=&#8221;10\/12&#8243;][vc_column_text] New Selection [\/vc_column_text][vc_column_text] List of selected items [\/vc_column_text][\/vc_column][vc_column width=&#8221;1\/12&#8243;][\/vc_column][\/vc_row][vc_row][vc_column width=&#8221;1\/12&#8243;][\/vc_column][vc_column width=&#8221;10\/12&#8243; el_class=&#8221;seleccion_acciones_top&#8221; css=&#8221;.vc_custom_1567593541023{padding-top: 0px !important;}&#8221;][vc_row_inner][vc_column_inner width=&#8221;1\/3&#8243;][vc_raw_html el_class=&#8221;guardar_seleccion item&#8221;]JTNDYSUyMGRhdGEtdG9nZ2xlJTNEJTIybW9kYWwlMjIlMjBkYXRhLXRhcmdldCUzRCUyMiUyM2d1YXJkYXJfc2VsZWNjaW9uJTIyJTIwY2xhc3MlM0QlMjJndWFyZGFyX3NlbGVjY2lvbiUyMiUzRSUzQ3AlM0UlM0NpbWclMjBjbGFzcyUzRCUyMmFsaWdubm9uZSUyMHNpemUtZnVsbCUyMHdwLWltYWdlLTU2NyUyMiUyMHNyYyUzRCUyMmh0dHBzJTNBJTJGJTJGY2lmcmV3ZWIuYXRpYy5ncmVlbiUyRndwLWNvbnRlbnQlMkZ1cGxvYWRzJTJGMjAxOSUyRjA5JTJGZ3VhcmRhci5wbmclMjIlMjBhbHQlM0QlMjIlMjIlMjB3aWR0aCUzRCUyMjE5JTIyJTIwaGVpZ2h0JTNEJTIyMTglMjIlMjAlMkYlM0VTYXZlJTNDJTJGcCUzRSUzQyUyRmElM0U=[\/vc_raw_html][\/vc_column_inner][vc_column_inner width=&#8221;1\/3&#8243;][vc_raw_html el_class=&#8221;descargar_pdf item&#8221;]JTNDYSUyMGhyZWYlM0QlMjIlMkZwZGYtc2VsZWNjaW9uJTIyJTIwdGFyZ2V0JTNEJTIyX2JsYW5rJTIyJTNFJTNDcCUzRSUzQ2ltZyUyMGNsYXNzJTNEJTIyYWxpZ25ub25lJTIwc2l6ZS1mdWxsJTIwd3AtaW1hZ2UtNTY5JTIyJTIwc3JjJTNEJTIyaHR0cHMlM0ElMkYlMkZjaWZyZXdlYi5hdGljLmdyZWVuJTJGd3AtY29udGVudCUyRnVwbG9hZHMlMkYyMDE5JTJGMDklMkZwZGYucG5nJTIyJTIwYWx0JTNEJTIyJTIyJTIwd2lkdGglM0QlMjIxNCUyMiUyMGhlaWdodCUzRCUyMjE3JTIyJTIwJTJGJTNFRG93bmxvYWQlMjBQREYlM0MlMkZwJTNFJTNDJTJGYSUzRQ==[\/vc_raw_html][\/vc_column_inner][vc_column_inner width=&#8221;1\/3&#8243;][vc_raw_html el_class=&#8221;descargar_imagen item&#8221;]JTNDYSUyMGhyZWYlM0QlMjIlMkZkZXNjYXJnYS1zZWxlY2Npb24lMjIlM0UlM0NwJTNFJTNDaW1nJTIwY2xhc3MlM0QlMjJhbGlnbm5vbmUlMjBzaXplLWZ1bGwlMjB3cC1pbWFnZS01NzIlMjIlMjBzcmMlM0QlMjJodHRwcyUzQSUyRiUyRmNpZnJld2ViLmF0aWMuZ3JlZW4lMkZ3cC1jb250ZW50JTJGdXBsb2FkcyUyRjIwMTklMkYwOSUyRmltYWdlbi0xLnBuZyUyMiUyMGFsdCUzRCUyMiUyMiUyMHdpZHRoJTNEJTIyMTYlMjIlMjBoZWlnaHQlM0QlMjIxOCUyMiUyMCUyRiUzRURvd25sb2FkJTIwaW1hZ2VzJTNDJTJGcCUzRSUzQyUyRmElM0U=[\/vc_raw_html][\/vc_column_inner][\/vc_row_inner][\/vc_column][vc_column width=&#8221;1\/12&#8243;][\/vc_column][\/vc_row][vc_row el_class=&#8221;seleccion_acciones_bottom&#8221;][vc_column width=&#8221;1\/12&#8243;][\/vc_column][vc_column width=&#8221;10\/12&#8243;][vc_row_inner][vc_column_inner width=&#8221;1\/2&#8243;][vc_column_text el_class=&#8221;add_seleccion&#8221;]Add more items[\/vc_column_text][\/vc_column_inner][vc_column_inner width=&#8221;1\/2&#8243;][vc_column_text el_class=&#8221;mis_selecciones&#8221;]My selections[\/vc_column_text][\/vc_column_inner][\/vc_row_inner][\/vc_column][vc_column width=&#8221;1\/12&#8243;][\/vc_column][\/vc_row][vc_row el_class=&#8221;elementos_seleccionados&#8221;][vc_column width=&#8221;1\/12&#8243;][\/vc_column][vc_column width=&#8221;10\/12&#8243;][\/vc_column][vc_column width=&#8221;1\/12&#8243;][\/vc_column][\/vc_row][vc_row][vc_column][\/vc_column][\/vc_row]<\/p>\n","protected":false},"author":1,"featured_media":0,"parent":0,"menu_order":0,"comment_status":"closed","ping_status":"closed","template":"","meta":{"footnotes":""},"class_list":["post-1423","page","type-page","status-publish","hentry"],"yoast_head":"<!-- This site is optimized with the Yoast SEO plugin v27.3 - https:\/\/yoast.com\/product\/yoast-seo-wordpress\/ -->\n<title>Customer area - New selection - CIFRE CER\u00c1MICA<\/title>\n<meta name=\"robots\" content=\"index, follow, max-snippet:-1, max-image-preview:large, max-video-preview:-1\" \/>\n<link rel=\"canonical\" href=\"https:\/\/cifreceramica.com\/en\/area-reservada-nueva-seleccion\/\" \/>\n<meta property=\"og:locale\" content=\"en_US\" \/>\n<meta property=\"og:type\" content=\"article\" \/>\n<meta property=\"og:title\" content=\"Customer area - New selection - CIFRE CER\u00c1MICA\" \/>\n<meta property=\"og:description\" content=\"[vc_row full_width=&#8221;stretch_row_content&#8221; el_class=&#8221;breadcrumb&#8221;][vc_column][\/vc_column][\/vc_row][vc_row el_class=&#8221;titulares_top&#8221;][vc_column width=&#8221;1\/12&#8243;][\/vc_column][vc_column width=&#8221;10\/12&#8243;][vc_column_text] New Selection [\/vc_column_text][vc_column_text] List of selected items [\/vc_column_text][\/vc_column][vc_column width=&#8221;1\/12&#8243;][\/vc_column][\/vc_row][vc_row][vc_column width=&#8221;1\/12&#8243;][\/vc_column][vc_column width=&#8221;10\/12&#8243; el_class=&#8221;seleccion_acciones_top&#8221; css=&#8221;.vc_custom_1567593541023{padding-top: 0px !important;}&#8221;][vc_row_inner][vc_column_inner width=&#8221;1\/3&#8243;][vc_raw_html el_class=&#8221;guardar_seleccion item&#8221;]JTNDYSUyMGRhdGEtdG9nZ2xlJTNEJTIybW9kYWwlMjIlMjBkYXRhLXRhcmdldCUzRCUyMiUyM2d1YXJkYXJfc2VsZWNjaW9uJTIyJTIwY2xhc3MlM0QlMjJndWFyZGFyX3NlbGVjY2lvbiUyMiUzRSUzQ3AlM0UlM0NpbWclMjBjbGFzcyUzRCUyMmFsaWdubm9uZSUyMHNpemUtZnVsbCUyMHdwLWltYWdlLTU2NyUyMiUyMHNyYyUzRCUyMmh0dHBzJTNBJTJGJTJGY2lmcmV3ZWIuYXRpYy5ncmVlbiUyRndwLWNvbnRlbnQlMkZ1cGxvYWRzJTJGMjAxOSUyRjA5JTJGZ3VhcmRhci5wbmclMjIlMjBhbHQlM0QlMjIlMjIlMjB3aWR0aCUzRCUyMjE5JTIyJTIwaGVpZ2h0JTNEJTIyMTglMjIlMjAlMkYlM0VTYXZlJTNDJTJGcCUzRSUzQyUyRmElM0U=[\/vc_raw_html][\/vc_column_inner][vc_column_inner width=&#8221;1\/3&#8243;][vc_raw_html el_class=&#8221;descargar_pdf item&#8221;]JTNDYSUyMGhyZWYlM0QlMjIlMkZwZGYtc2VsZWNjaW9uJTIyJTIwdGFyZ2V0JTNEJTIyX2JsYW5rJTIyJTNFJTNDcCUzRSUzQ2ltZyUyMGNsYXNzJTNEJTIyYWxpZ25ub25lJTIwc2l6ZS1mdWxsJTIwd3AtaW1hZ2UtNTY5JTIyJTIwc3JjJTNEJTIyaHR0cHMlM0ElMkYlMkZjaWZyZXdlYi5hdGljLmdyZWVuJTJGd3AtY29udGVudCUyRnVwbG9hZHMlMkYyMDE5JTJGMDklMkZwZGYucG5nJTIyJTIwYWx0JTNEJTIyJTIyJTIwd2lkdGglM0QlMjIxNCUyMiUyMGhlaWdodCUzRCUyMjE3JTIyJTIwJTJGJTNFRG93bmxvYWQlMjBQREYlM0MlMkZwJTNFJTNDJTJGYSUzRQ==[\/vc_raw_html][\/vc_column_inner][vc_column_inner width=&#8221;1\/3&#8243;][vc_raw_html el_class=&#8221;descargar_imagen item&#8221;]JTNDYSUyMGhyZWYlM0QlMjIlMkZkZXNjYXJnYS1zZWxlY2Npb24lMjIlM0UlM0NwJTNFJTNDaW1nJTIwY2xhc3MlM0QlMjJhbGlnbm5vbmUlMjBzaXplLWZ1bGwlMjB3cC1pbWFnZS01NzIlMjIlMjBzcmMlM0QlMjJodHRwcyUzQSUyRiUyRmNpZnJld2ViLmF0aWMuZ3JlZW4lMkZ3cC1jb250ZW50JTJGdXBsb2FkcyUyRjIwMTklMkYwOSUyRmltYWdlbi0xLnBuZyUyMiUyMGFsdCUzRCUyMiUyMiUyMHdpZHRoJTNEJTIyMTYlMjIlMjBoZWlnaHQlM0QlMjIxOCUyMiUyMCUyRiUzRURvd25sb2FkJTIwaW1hZ2VzJTNDJTJGcCUzRSUzQyUyRmElM0U=[\/vc_raw_html][\/vc_column_inner][\/vc_row_inner][\/vc_column][vc_column width=&#8221;1\/12&#8243;][\/vc_column][\/vc_row][vc_row el_class=&#8221;seleccion_acciones_bottom&#8221;][vc_column width=&#8221;1\/12&#8243;][\/vc_column][vc_column width=&#8221;10\/12&#8243;][vc_row_inner][vc_column_inner width=&#8221;1\/2&#8243;][vc_column_text el_class=&#8221;add_seleccion&#8221;]Add more items[\/vc_column_text][\/vc_column_inner][vc_column_inner width=&#8221;1\/2&#8243;][vc_column_text el_class=&#8221;mis_selecciones&#8221;]My selections[\/vc_column_text][\/vc_column_inner][\/vc_row_inner][\/vc_column][vc_column width=&#8221;1\/12&#8243;][\/vc_column][\/vc_row][vc_row el_class=&#8221;elementos_seleccionados&#8221;][vc_column width=&#8221;1\/12&#8243;][\/vc_column][vc_column width=&#8221;10\/12&#8243;][\/vc_column][vc_column width=&#8221;1\/12&#8243;][\/vc_column][\/vc_row][vc_row][vc_column][\/vc_column][\/vc_row]\" \/>\n<meta property=\"og:url\" content=\"https:\/\/cifreceramica.com\/en\/area-reservada-nueva-seleccion\/\" \/>\n<meta property=\"og:site_name\" content=\"CIFRE CER\u00c1MICA\" \/>\n<meta property=\"article:publisher\" content=\"https:\/\/www.facebook.com\/Cifreceramica\/\" \/>\n<meta property=\"article:modified_time\" content=\"2019-09-23T04:22:31+00:00\" \/>\n<meta property=\"og:image\" content=\"https:\/\/cifreceramica.com\/wp-content\/uploads\/2019\/09\/add.png\" \/>\n<meta name=\"twitter:card\" content=\"summary_large_image\" \/>\n<meta name=\"twitter:site\" content=\"@cifreceramica\" \/>\n<meta name=\"twitter:label1\" content=\"Est. reading time\" \/>\n\t<meta name=\"twitter:data1\" content=\"2 minutes\" \/>\n<script type=\"application\/ld+json\" class=\"yoast-schema-graph\">{\"@context\":\"https:\\\/\\\/schema.org\",\"@graph\":[{\"@type\":\"WebPage\",\"@id\":\"https:\\\/\\\/cifreceramica.com\\\/en\\\/area-reservada-nueva-seleccion\\\/\",\"url\":\"https:\\\/\\\/cifreceramica.com\\\/en\\\/area-reservada-nueva-seleccion\\\/\",\"name\":\"Customer area - New selection - CIFRE CER\u00c1MICA\",\"isPartOf\":{\"@id\":\"https:\\\/\\\/cifreceramica.com\\\/#website\"},\"primaryImageOfPage\":{\"@id\":\"https:\\\/\\\/cifreceramica.com\\\/en\\\/area-reservada-nueva-seleccion\\\/#primaryimage\"},\"image\":{\"@id\":\"https:\\\/\\\/cifreceramica.com\\\/en\\\/area-reservada-nueva-seleccion\\\/#primaryimage\"},\"thumbnailUrl\":\"https:\\\/\\\/cifreceramica.com\\\/wp-content\\\/uploads\\\/2019\\\/09\\\/add.png\",\"datePublished\":\"2019-09-04T10:22:57+00:00\",\"dateModified\":\"2019-09-23T04:22:31+00:00\",\"breadcrumb\":{\"@id\":\"https:\\\/\\\/cifreceramica.com\\\/en\\\/area-reservada-nueva-seleccion\\\/#breadcrumb\"},\"inLanguage\":\"en-US\",\"potentialAction\":[{\"@type\":\"ReadAction\",\"target\":[\"https:\\\/\\\/cifreceramica.com\\\/en\\\/area-reservada-nueva-seleccion\\\/\"]}]},{\"@type\":\"ImageObject\",\"inLanguage\":\"en-US\",\"@id\":\"https:\\\/\\\/cifreceramica.com\\\/en\\\/area-reservada-nueva-seleccion\\\/#primaryimage\",\"url\":\"https:\\\/\\\/cifreceramica.com\\\/wp-content\\\/uploads\\\/2019\\\/09\\\/add.png\",\"contentUrl\":\"https:\\\/\\\/cifreceramica.com\\\/wp-content\\\/uploads\\\/2019\\\/09\\\/add.png\"},{\"@type\":\"BreadcrumbList\",\"@id\":\"https:\\\/\\\/cifreceramica.com\\\/en\\\/area-reservada-nueva-seleccion\\\/#breadcrumb\",\"itemListElement\":[{\"@type\":\"ListItem\",\"position\":1,\"name\":\"Portada\",\"item\":\"https:\\\/\\\/cifreceramica.com\\\/en\\\/\"},{\"@type\":\"ListItem\",\"position\":2,\"name\":\"Customer area &#8211; New selection\"}]},{\"@type\":\"WebSite\",\"@id\":\"https:\\\/\\\/cifreceramica.com\\\/#website\",\"url\":\"https:\\\/\\\/cifreceramica.com\\\/\",\"name\":\"CIFRE CER\u00c1MICA\",\"description\":\"Azulejo, cer\u00e1mica, decoraci\u00f3n, pavimento, revestimiento\",\"publisher\":{\"@id\":\"https:\\\/\\\/cifreceramica.com\\\/#organization\"},\"potentialAction\":[{\"@type\":\"SearchAction\",\"target\":{\"@type\":\"EntryPoint\",\"urlTemplate\":\"https:\\\/\\\/cifreceramica.com\\\/?s={search_term_string}\"},\"query-input\":{\"@type\":\"PropertyValueSpecification\",\"valueRequired\":true,\"valueName\":\"search_term_string\"}}],\"inLanguage\":\"en-US\"},{\"@type\":\"Organization\",\"@id\":\"https:\\\/\\\/cifreceramica.com\\\/#organization\",\"name\":\"CIFRE CERAMICA SL.\",\"url\":\"https:\\\/\\\/cifreceramica.com\\\/\",\"logo\":{\"@type\":\"ImageObject\",\"inLanguage\":\"en-US\",\"@id\":\"https:\\\/\\\/cifreceramica.com\\\/#\\\/schema\\\/logo\\\/image\\\/\",\"url\":\"https:\\\/\\\/cifreceramica.com\\\/wp-content\\\/uploads\\\/2020\\\/03\\\/logo-cifre.jpg\",\"contentUrl\":\"https:\\\/\\\/cifreceramica.com\\\/wp-content\\\/uploads\\\/2020\\\/03\\\/logo-cifre.jpg\",\"width\":648,\"height\":320,\"caption\":\"CIFRE CERAMICA SL.\"},\"image\":{\"@id\":\"https:\\\/\\\/cifreceramica.com\\\/#\\\/schema\\\/logo\\\/image\\\/\"},\"sameAs\":[\"https:\\\/\\\/www.facebook.com\\\/Cifreceramica\\\/\",\"https:\\\/\\\/x.com\\\/cifreceramica\",\"https:\\\/\\\/www.instagram.com\\\/cifreceramica\\\/\",\"https:\\\/\\\/www.linkedin.com\\\/cifreceramica\",\"https:\\\/\\\/www.pinterest.es\\\/CifreReport\\\/_created\\\/\",\"https:\\\/\\\/www.youtube.com\\\/channel\\\/UC6T43U-C68ZKx58s-QVY0Eg\"]}]}<\/script>\n<!-- \/ Yoast SEO plugin. -->","yoast_head_json":{"title":"Customer area - New selection - CIFRE CER\u00c1MICA","robots":{"index":"index","follow":"follow","max-snippet":"max-snippet:-1","max-image-preview":"max-image-preview:large","max-video-preview":"max-video-preview:-1"},"canonical":"https:\/\/cifreceramica.com\/en\/area-reservada-nueva-seleccion\/","og_locale":"en_US","og_type":"article","og_title":"Customer area - New selection - CIFRE CER\u00c1MICA","og_description":"[vc_row full_width=&#8221;stretch_row_content&#8221; el_class=&#8221;breadcrumb&#8221;][vc_column][\/vc_column][\/vc_row][vc_row el_class=&#8221;titulares_top&#8221;][vc_column width=&#8221;1\/12&#8243;][\/vc_column][vc_column width=&#8221;10\/12&#8243;][vc_column_text] New Selection [\/vc_column_text][vc_column_text] List of selected items [\/vc_column_text][\/vc_column][vc_column width=&#8221;1\/12&#8243;][\/vc_column][\/vc_row][vc_row][vc_column width=&#8221;1\/12&#8243;][\/vc_column][vc_column width=&#8221;10\/12&#8243; el_class=&#8221;seleccion_acciones_top&#8221; css=&#8221;.vc_custom_1567593541023{padding-top: 0px !important;}&#8221;][vc_row_inner][vc_column_inner width=&#8221;1\/3&#8243;][vc_raw_html el_class=&#8221;guardar_seleccion item&#8221;]JTNDYSUyMGRhdGEtdG9nZ2xlJTNEJTIybW9kYWwlMjIlMjBkYXRhLXRhcmdldCUzRCUyMiUyM2d1YXJkYXJfc2VsZWNjaW9uJTIyJTIwY2xhc3MlM0QlMjJndWFyZGFyX3NlbGVjY2lvbiUyMiUzRSUzQ3AlM0UlM0NpbWclMjBjbGFzcyUzRCUyMmFsaWdubm9uZSUyMHNpemUtZnVsbCUyMHdwLWltYWdlLTU2NyUyMiUyMHNyYyUzRCUyMmh0dHBzJTNBJTJGJTJGY2lmcmV3ZWIuYXRpYy5ncmVlbiUyRndwLWNvbnRlbnQlMkZ1cGxvYWRzJTJGMjAxOSUyRjA5JTJGZ3VhcmRhci5wbmclMjIlMjBhbHQlM0QlMjIlMjIlMjB3aWR0aCUzRCUyMjE5JTIyJTIwaGVpZ2h0JTNEJTIyMTglMjIlMjAlMkYlM0VTYXZlJTNDJTJGcCUzRSUzQyUyRmElM0U=[\/vc_raw_html][\/vc_column_inner][vc_column_inner width=&#8221;1\/3&#8243;][vc_raw_html el_class=&#8221;descargar_pdf item&#8221;]JTNDYSUyMGhyZWYlM0QlMjIlMkZwZGYtc2VsZWNjaW9uJTIyJTIwdGFyZ2V0JTNEJTIyX2JsYW5rJTIyJTNFJTNDcCUzRSUzQ2ltZyUyMGNsYXNzJTNEJTIyYWxpZ25ub25lJTIwc2l6ZS1mdWxsJTIwd3AtaW1hZ2UtNTY5JTIyJTIwc3JjJTNEJTIyaHR0cHMlM0ElMkYlMkZjaWZyZXdlYi5hdGljLmdyZWVuJTJGd3AtY29udGVudCUyRnVwbG9hZHMlMkYyMDE5JTJGMDklMkZwZGYucG5nJTIyJTIwYWx0JTNEJTIyJTIyJTIwd2lkdGglM0QlMjIxNCUyMiUyMGhlaWdodCUzRCUyMjE3JTIyJTIwJTJGJTNFRG93bmxvYWQlMjBQREYlM0MlMkZwJTNFJTNDJTJGYSUzRQ==[\/vc_raw_html][\/vc_column_inner][vc_column_inner width=&#8221;1\/3&#8243;][vc_raw_html el_class=&#8221;descargar_imagen item&#8221;]JTNDYSUyMGhyZWYlM0QlMjIlMkZkZXNjYXJnYS1zZWxlY2Npb24lMjIlM0UlM0NwJTNFJTNDaW1nJTIwY2xhc3MlM0QlMjJhbGlnbm5vbmUlMjBzaXplLWZ1bGwlMjB3cC1pbWFnZS01NzIlMjIlMjBzcmMlM0QlMjJodHRwcyUzQSUyRiUyRmNpZnJld2ViLmF0aWMuZ3JlZW4lMkZ3cC1jb250ZW50JTJGdXBsb2FkcyUyRjIwMTklMkYwOSUyRmltYWdlbi0xLnBuZyUyMiUyMGFsdCUzRCUyMiUyMiUyMHdpZHRoJTNEJTIyMTYlMjIlMjBoZWlnaHQlM0QlMjIxOCUyMiUyMCUyRiUzRURvd25sb2FkJTIwaW1hZ2VzJTNDJTJGcCUzRSUzQyUyRmElM0U=[\/vc_raw_html][\/vc_column_inner][\/vc_row_inner][\/vc_column][vc_column width=&#8221;1\/12&#8243;][\/vc_column][\/vc_row][vc_row el_class=&#8221;seleccion_acciones_bottom&#8221;][vc_column width=&#8221;1\/12&#8243;][\/vc_column][vc_column width=&#8221;10\/12&#8243;][vc_row_inner][vc_column_inner width=&#8221;1\/2&#8243;][vc_column_text el_class=&#8221;add_seleccion&#8221;]Add more items[\/vc_column_text][\/vc_column_inner][vc_column_inner width=&#8221;1\/2&#8243;][vc_column_text el_class=&#8221;mis_selecciones&#8221;]My selections[\/vc_column_text][\/vc_column_inner][\/vc_row_inner][\/vc_column][vc_column width=&#8221;1\/12&#8243;][\/vc_column][\/vc_row][vc_row el_class=&#8221;elementos_seleccionados&#8221;][vc_column width=&#8221;1\/12&#8243;][\/vc_column][vc_column width=&#8221;10\/12&#8243;][\/vc_column][vc_column width=&#8221;1\/12&#8243;][\/vc_column][\/vc_row][vc_row][vc_column][\/vc_column][\/vc_row]","og_url":"https:\/\/cifreceramica.com\/en\/area-reservada-nueva-seleccion\/","og_site_name":"CIFRE CER\u00c1MICA","article_publisher":"https:\/\/www.facebook.com\/Cifreceramica\/","article_modified_time":"2019-09-23T04:22:31+00:00","og_image":[{"url":"https:\/\/cifreceramica.com\/wp-content\/uploads\/2019\/09\/add.png","type":"","width":"","height":""}],"twitter_card":"summary_large_image","twitter_site":"@cifreceramica","twitter_misc":{"Est. reading time":"2 minutes"},"schema":{"@context":"https:\/\/schema.org","@graph":[{"@type":"WebPage","@id":"https:\/\/cifreceramica.com\/en\/area-reservada-nueva-seleccion\/","url":"https:\/\/cifreceramica.com\/en\/area-reservada-nueva-seleccion\/","name":"Customer area - New selection - CIFRE CER\u00c1MICA","isPartOf":{"@id":"https:\/\/cifreceramica.com\/#website"},"primaryImageOfPage":{"@id":"https:\/\/cifreceramica.com\/en\/area-reservada-nueva-seleccion\/#primaryimage"},"image":{"@id":"https:\/\/cifreceramica.com\/en\/area-reservada-nueva-seleccion\/#primaryimage"},"thumbnailUrl":"https:\/\/cifreceramica.com\/wp-content\/uploads\/2019\/09\/add.png","datePublished":"2019-09-04T10:22:57+00:00","dateModified":"2019-09-23T04:22:31+00:00","breadcrumb":{"@id":"https:\/\/cifreceramica.com\/en\/area-reservada-nueva-seleccion\/#breadcrumb"},"inLanguage":"en-US","potentialAction":[{"@type":"ReadAction","target":["https:\/\/cifreceramica.com\/en\/area-reservada-nueva-seleccion\/"]}]},{"@type":"ImageObject","inLanguage":"en-US","@id":"https:\/\/cifreceramica.com\/en\/area-reservada-nueva-seleccion\/#primaryimage","url":"https:\/\/cifreceramica.com\/wp-content\/uploads\/2019\/09\/add.png","contentUrl":"https:\/\/cifreceramica.com\/wp-content\/uploads\/2019\/09\/add.png"},{"@type":"BreadcrumbList","@id":"https:\/\/cifreceramica.com\/en\/area-reservada-nueva-seleccion\/#breadcrumb","itemListElement":[{"@type":"ListItem","position":1,"name":"Portada","item":"https:\/\/cifreceramica.com\/en\/"},{"@type":"ListItem","position":2,"name":"Customer area &#8211; New selection"}]},{"@type":"WebSite","@id":"https:\/\/cifreceramica.com\/#website","url":"https:\/\/cifreceramica.com\/","name":"CIFRE CER\u00c1MICA","description":"Azulejo, cer\u00e1mica, decoraci\u00f3n, pavimento, revestimiento","publisher":{"@id":"https:\/\/cifreceramica.com\/#organization"},"potentialAction":[{"@type":"SearchAction","target":{"@type":"EntryPoint","urlTemplate":"https:\/\/cifreceramica.com\/?s={search_term_string}"},"query-input":{"@type":"PropertyValueSpecification","valueRequired":true,"valueName":"search_term_string"}}],"inLanguage":"en-US"},{"@type":"Organization","@id":"https:\/\/cifreceramica.com\/#organization","name":"CIFRE CERAMICA SL.","url":"https:\/\/cifreceramica.com\/","logo":{"@type":"ImageObject","inLanguage":"en-US","@id":"https:\/\/cifreceramica.com\/#\/schema\/logo\/image\/","url":"https:\/\/cifreceramica.com\/wp-content\/uploads\/2020\/03\/logo-cifre.jpg","contentUrl":"https:\/\/cifreceramica.com\/wp-content\/uploads\/2020\/03\/logo-cifre.jpg","width":648,"height":320,"caption":"CIFRE CERAMICA SL."},"image":{"@id":"https:\/\/cifreceramica.com\/#\/schema\/logo\/image\/"},"sameAs":["https:\/\/www.facebook.com\/Cifreceramica\/","https:\/\/x.com\/cifreceramica","https:\/\/www.instagram.com\/cifreceramica\/","https:\/\/www.linkedin.com\/cifreceramica","https:\/\/www.pinterest.es\/CifreReport\/_created\/","https:\/\/www.youtube.com\/channel\/UC6T43U-C68ZKx58s-QVY0Eg"]}]}},"_links":{"self":[{"href":"https:\/\/cifreceramica.com\/en\/wp-json\/wp\/v2\/pages\/1423","targetHints":{"allow":["GET"]}}],"collection":[{"href":"https:\/\/cifreceramica.com\/en\/wp-json\/wp\/v2\/pages"}],"about":[{"href":"https:\/\/cifreceramica.com\/en\/wp-json\/wp\/v2\/types\/page"}],"author":[{"embeddable":true,"href":"https:\/\/cifreceramica.com\/en\/wp-json\/wp\/v2\/users\/1"}],"replies":[{"embeddable":true,"href":"https:\/\/cifreceramica.com\/en\/wp-json\/wp\/v2\/comments?post=1423"}],"version-history":[{"count":7,"href":"https:\/\/cifreceramica.com\/en\/wp-json\/wp\/v2\/pages\/1423\/revisions"}],"predecessor-version":[{"id":2481,"href":"https:\/\/cifreceramica.com\/en\/wp-json\/wp\/v2\/pages\/1423\/revisions\/2481"}],"wp:attachment":[{"href":"https:\/\/cifreceramica.com\/en\/wp-json\/wp\/v2\/media?parent=1423"}],"curies":[{"name":"wp","href":"https:\/\/api.w.org\/{rel}","templated":true}]}}