{"id":1340,"date":"2019-08-19T12:32:05","date_gmt":"2019-08-19T10:32:05","guid":{"rendered":"https:\/\/cifreceramica.com\/descarga-certificados\/"},"modified":"2026-04-15T14:58:01","modified_gmt":"2026-04-15T12:58:01","slug":"downloads-certificates","status":"publish","type":"page","link":"https:\/\/cifreceramica.com\/en\/downloads-certificates\/","title":{"rendered":"Downloads Certificates"},"content":{"rendered":"<p>[vc_row full_width=&#8221;stretch_row_content&#8221; el_class=&#8221;breadcrumb&#8221;][vc_column][\/vc_column][\/vc_row][vc_row el_class=&#8221;titulares_top_new&#8221;][vc_column width=&#8221;1\/6&#8243;][\/vc_column][vc_column width=&#8221;2\/3&#8243;][vc_column_text]<\/p>\n<h1 style=\"text-align: center;\">Certificates<\/h1>\n<p>[\/vc_column_text][vc_column_text]<\/p>\n<p style=\"text-align: center;\">Here you can download our certificates.<\/p>\n<p>[\/vc_column_text][\/vc_column][vc_column width=&#8221;1\/6&#8243;][\/vc_column][\/vc_row][vc_row el_class=&#8221;menu_descargar_page&#8221;][vc_column][vc_wp_custommenu nav_menu=&#8221;213&#8243;][\/vc_column][\/vc_row][vc_row el_class=&#8221;titulares_top_new&#8221;][vc_column width=&#8221;1\/6&#8243;][\/vc_column][vc_column width=&#8221;2\/3&#8243;][vc_column_text]<\/p>\n<h1 style=\"text-align: center;\">Packing List formats<\/h1>\n<p>[\/vc_column_text][vc_column_text][\/vc_column_text][\/vc_column][vc_column width=&#8221;1\/6&#8243;][\/vc_column][\/vc_row][vc_row el_class=&#8221;descarga_certificados_page&#8221;][vc_column width=&#8221;1\/3&#8243; css=&#8221;.vc_custom_1565779469805{padding-top: 0px !important;}&#8221;][vc_btn title=&#8221;Packing List | Sept 2025&#8243; style=&#8221;outline-custom&#8221; outline_custom_color=&#8221;#0a0a0a&#8221; outline_custom_hover_background=&#8221;#0a0a0a&#8221; outline_custom_hover_text=&#8221;#ffffff&#8221; shape=&#8221;square&#8221; size=&#8221;sm&#8221; align=&#8221;center&#8221; el_class=&#8221;boton_descarga_certificado&#8221; link=&#8221;url:https%3A%2F%2Fcifreceramica.com%2Fwp-content%2Fuploads%2F2025%2F10%2FPACKING_LIST_CIFRECERAMICA_SEPT25_V2.pdf|title:ISO%209001%20%20CIFRE%20CERAMICA|target:_blank&#8221;][\/vc_column][vc_column width=&#8221;1\/3&#8243;][\/vc_column][vc_column width=&#8221;1\/3&#8243;][\/vc_column][\/vc_row][vc_row el_class=&#8221;titulares_top_new&#8221;][vc_column width=&#8221;1\/6&#8243;][\/vc_column][vc_column width=&#8221;2\/3&#8243;][vc_column_text]<\/p>\n<h1 style=\"text-align: center;\">Declaration of Performance<\/h1>\n<p>[\/vc_column_text][\/vc_column][vc_column width=&#8221;1\/6&#8243;][\/vc_column][\/vc_row][vc_row el_class=&#8221;descarga_certificados_page&#8221;][vc_column width=&#8221;1\/3&#8243; css=&#8221;.vc_custom_1565779469805{padding-top: 0px !important;}&#8221;][vc_btn title=&#8221;Declaration of Performance&#8221; style=&#8221;outline-custom&#8221; outline_custom_color=&#8221;#0a0a0a&#8221; outline_custom_hover_background=&#8221;#0a0a0a&#8221; outline_custom_hover_text=&#8221;#ffffff&#8221; shape=&#8221;square&#8221; size=&#8221;sm&#8221; align=&#8221;center&#8221; el_class=&#8221;boton_descarga_certificado&#8221; link=&#8221;url:https%3A%2F%2Fcifreceramica.com%2Fwp-content%2Fuploads%2F2024%2F10%2FDECLARACION-DE-PRESTACIONES-INGLES_2024.pdf|target:_blank&#8221;][\/vc_column][vc_column width=&#8221;1\/3&#8243;][vc_btn title=&#8221;Declaration of Performance PLAY CERAMIC&#8221; style=&#8221;outline-custom&#8221; outline_custom_color=&#8221;#0a0a0a&#8221; outline_custom_hover_background=&#8221;#0a0a0a&#8221; outline_custom_hover_text=&#8221;#ffffff&#8221; shape=&#8221;square&#8221; size=&#8221;sm&#8221; align=&#8221;center&#8221; el_class=&#8221;boton_descarga_certificado&#8221; link=&#8221;url:https%3A%2F%2Fcifreceramica.com%2Fwp-content%2Fuploads%2F2019%2F09%2FDECLARACION-DE-PRESTACIONES-PLAY-CERAMIC-ESPA%C3%91OL_2019.pdf||target:%20_blank|&#8221;][\/vc_column][vc_column width=&#8221;1\/3&#8243;][vc_btn title=&#8221;Declaration of Performance 2021 &#8211; ONLY FOR UNITED KINGDOM&#8221; style=&#8221;outline-custom&#8221; outline_custom_color=&#8221;#0a0a0a&#8221; outline_custom_hover_background=&#8221;#0a0a0a&#8221; outline_custom_hover_text=&#8221;#ffffff&#8221; shape=&#8221;square&#8221; size=&#8221;sm&#8221; align=&#8221;center&#8221; el_class=&#8221;boton_descarga_certificado&#8221; link=&#8221;url:https%3A%2F%2Fcifreceramica.com%2Fwp-content%2Fuploads%2F2021%2F03%2FDECLARATION-OF-PERFORMANCE-_2021_BS.pdf|target:_blank&#8221;][\/vc_column][\/vc_row][vc_row el_class=&#8221;descarga_certificados_page&#8221;][vc_column width=&#8221;1\/3&#8243; css=&#8221;.vc_custom_1565779469805{padding-top: 0px !important;}&#8221;][\/vc_column][vc_column width=&#8221;1\/3&#8243;][\/vc_column][vc_column width=&#8221;1\/3&#8243;][\/vc_column][\/vc_row][vc_row el_class=&#8221;titulares_top_new&#8221;][vc_column width=&#8221;1\/6&#8243;][\/vc_column][vc_column width=&#8221;2\/3&#8243;][vc_column_text]<\/p>\n<h1 style=\"text-align: center;\">UPEC Certificates<\/h1>\n<p>[\/vc_column_text][\/vc_column][vc_column width=&#8221;1\/6&#8243;][\/vc_column][\/vc_row][vc_row el_class=&#8221;descarga_certificados_page&#8221;][vc_column width=&#8221;1\/3&#8243; css=&#8221;.vc_custom_1565779469805{padding-top: 0px !important;}&#8221;][vc_btn title=&#8221;UPEC Pulsar, Concorde, Acron and Nexus Certificate&#8221; style=&#8221;outline-custom&#8221; outline_custom_color=&#8221;#0a0a0a&#8221; outline_custom_hover_background=&#8221;#0a0a0a&#8221; outline_custom_hover_text=&#8221;#ffffff&#8221; shape=&#8221;square&#8221; size=&#8221;sm&#8221; align=&#8221;center&#8221; el_class=&#8221;boton_descarga_certificado&#8221; link=&#8221;url:https%3A%2F%2Fcifreceramica.com%2Fwp-content%2Fuploads%2F2025%2F02%2FUPEC_ACRON_CONCORDE_NEXUS_PULSAR.pdf|target:_blank&#8221;][\/vc_column][vc_column width=&#8221;1\/3&#8243;][vc_btn title=&#8221;UPEC Midtown, Cricket, Vermont and Nebraska Certificates&#8221; style=&#8221;outline-custom&#8221; outline_custom_color=&#8221;#0a0a0a&#8221; outline_custom_hover_background=&#8221;#0a0a0a&#8221; outline_custom_hover_text=&#8221;#ffffff&#8221; shape=&#8221;square&#8221; size=&#8221;sm&#8221; align=&#8221;center&#8221; el_class=&#8221;boton_descarga_certificado&#8221; link=&#8221;url:https%3A%2F%2Fcifreceramica.com%2Fwp-content%2Fuploads%2F2025%2F12%2FQB32-6650aff32a53f60eba943753.pdf|target:_blank&#8221;][\/vc_column][vc_column width=&#8221;1\/3&#8243;][vc_btn title=&#8221;UPEC Concorde 45&#215;45 Certificates&#8221; style=&#8221;outline-custom&#8221; outline_custom_color=&#8221;#0a0a0a&#8221; outline_custom_hover_background=&#8221;#0a0a0a&#8221; outline_custom_hover_text=&#8221;#ffffff&#8221; shape=&#8221;square&#8221; size=&#8221;sm&#8221; align=&#8221;center&#8221; el_class=&#8221;boton_descarga_certificado&#8221; link=&#8221;url:https%3A%2F%2Fcifreceramica.com%2Fwp-content%2Fuploads%2F2025%2F07%2FUPEC-CONCORDE-45X45.pdf|target:_blank&#8221;][\/vc_column][\/vc_row][vc_row el_class=&#8221;titulares_top_new&#8221;][vc_column width=&#8221;1\/6&#8243;][\/vc_column][vc_column width=&#8221;2\/3&#8243;][vc_column_text]<\/p>\n<h1 style=\"text-align: center;\">DAP Certificates<\/h1>\n<p>[\/vc_column_text][\/vc_column][vc_column width=&#8221;1\/6&#8243;][\/vc_column][\/vc_row][vc_row el_class=&#8221;descarga_certificados_page&#8221;][vc_column width=&#8221;1\/3&#8243; css=&#8221;.vc_custom_1565779469805{padding-top: 0px !important;}&#8221;][vc_btn title=&#8221;Environmental Declaration (EPD &#8211; Bla)&#8221; style=&#8221;outline-custom&#8221; outline_custom_color=&#8221;#0a0a0a&#8221; outline_custom_hover_background=&#8221;#0a0a0a&#8221; outline_custom_hover_text=&#8221;#ffffff&#8221; shape=&#8221;square&#8221; size=&#8221;sm&#8221; align=&#8221;center&#8221; el_class=&#8221;boton_descarga_certificado&#8221; link=&#8221;url:https%3A%2F%2Fcifreceramica.com%2Fwp-content%2Fuploads%2F2024%2F09%2FGlobalEPD-EN-17160-032-CIFRE-Porcelanic-stoneware-BIa-EN.pdf|target:_blank&#8221;][\/vc_column][vc_column width=&#8221;1\/3&#8243;][vc_btn title=&#8221;Environmental statement (EPD | Blb)&#8221; style=&#8221;outline-custom&#8221; outline_custom_color=&#8221;#0a0a0a&#8221; outline_custom_hover_background=&#8221;#0a0a0a&#8221; outline_custom_hover_text=&#8221;#ffffff&#8221; shape=&#8221;square&#8221; size=&#8221;sm&#8221; align=&#8221;center&#8221; el_class=&#8221;boton_descarga_certificado&#8221; link=&#8221;url:https%3A%2F%2Fcifreceramica.com%2Fwp-content%2Fuploads%2F2024%2F09%2FGlobalEPD-EN-17160-033-CIFRE-Glazed-stoneware-BIb-EN.pdf|target:_blank&#8221;][\/vc_column][vc_column width=&#8221;1\/3&#8243;][vc_btn title=&#8221;Environmental statement (EPD | Blll)&#8221; style=&#8221;outline-custom&#8221; outline_custom_color=&#8221;#0a0a0a&#8221; outline_custom_hover_background=&#8221;#0a0a0a&#8221; outline_custom_hover_text=&#8221;#ffffff&#8221; shape=&#8221;square&#8221; size=&#8221;sm&#8221; align=&#8221;center&#8221; el_class=&#8221;boton_descarga_certificado&#8221; link=&#8221;url:https%3A%2F%2Fcifreceramica.com%2Fwp-content%2Fuploads%2F2024%2F09%2FGlobalEPD-EN-17160-034-CIFRE-Tile-BIII-EN.pdf|target:_blank&#8221;][\/vc_column][\/vc_row][vc_row el_class=&#8221;titulares_top_new&#8221;][vc_column width=&#8221;1\/6&#8243;][\/vc_column][vc_column width=&#8221;2\/3&#8243;][vc_column_text]<\/p>\n<h1 style=\"text-align: center;\">Various<\/h1>\n<p>[\/vc_column_text][\/vc_column][vc_column width=&#8221;1\/6&#8243;][\/vc_column][\/vc_row][vc_row el_class=&#8221;descarga_certificados_page&#8221;][vc_column width=&#8221;1\/3&#8243; css=&#8221;.vc_custom_1565779469805{padding-top: 0px !important;}&#8221;][vc_btn title=&#8221;ISO 9001 Certification CIFRE CERAMICA 2021&#8243; style=&#8221;outline-custom&#8221; outline_custom_color=&#8221;#0a0a0a&#8221; outline_custom_hover_background=&#8221;#0a0a0a&#8221; outline_custom_hover_text=&#8221;#ffffff&#8221; shape=&#8221;square&#8221; size=&#8221;sm&#8221; align=&#8221;center&#8221; el_class=&#8221;boton_descarga_certificado&#8221; link=&#8221;url:https%3A%2F%2Fcifreceramica.com%2Fwp-content%2Fuploads%2F2025%2F02%2FESCAS_003348_GenericCertificate_Final-ENG.pdf|title:ISO%209001%20%20CIFRE%20CERAMICA|target:_blank&#8221;][\/vc_column][vc_column width=&#8221;1\/3&#8243;][vc_btn title=&#8221;Safety instructions&#8221; style=&#8221;outline-custom&#8221; outline_custom_color=&#8221;#0a0a0a&#8221; outline_custom_hover_background=&#8221;#0a0a0a&#8221; outline_custom_hover_text=&#8221;#ffffff&#8221; shape=&#8221;square&#8221; size=&#8221;sm&#8221; align=&#8221;center&#8221; el_class=&#8221;boton_descarga_certificado&#8221; link=&#8221;url:https%3A%2F%2Fcifreceramica.com%2Fwp-content%2Fuploads%2F2025%2F07%2FInstrucciones_seguridad_Safety_instructions.pdf|target:_blank&#8221;][\/vc_column][vc_column width=&#8221;1\/3&#8243;][vc_btn title=&#8221;Quality Management Policy&#8221; style=&#8221;outline-custom&#8221; outline_custom_color=&#8221;#0a0a0a&#8221; outline_custom_hover_background=&#8221;#0a0a0a&#8221; outline_custom_hover_text=&#8221;#ffffff&#8221; shape=&#8221;square&#8221; size=&#8221;sm&#8221; align=&#8221;center&#8221; el_class=&#8221;boton_descarga_certificado&#8221; link=&#8221;url:https%3A%2F%2Fcifreceramica.com%2Fwp-content%2Fuploads%2F2025%2F03%2FPOLITICA-GESTION-CALIDAD-2025_ENG.pdf|target:_blank&#8221;][\/vc_column][\/vc_row][vc_row el_class=&#8221;descarga_certificados_page&#8221;][vc_column width=&#8221;1\/3&#8243; css=&#8221;.vc_custom_1565779469805{padding-top: 0px !important;}&#8221;][vc_btn title=&#8221;Shower Tray Tests Imagine (Spanish)&#8221; style=&#8221;outline-custom&#8221; outline_custom_color=&#8221;#0a0a0a&#8221; outline_custom_hover_background=&#8221;#0a0a0a&#8221; outline_custom_hover_text=&#8221;#ffffff&#8221; shape=&#8221;square&#8221; size=&#8221;sm&#8221; align=&#8221;center&#8221; el_class=&#8221;boton_descarga_certificado&#8221; link=&#8221;url:https%3A%2F%2Fcifreceramica.com%2Fwp-content%2Fuploads%2F2023%2F02%2FFichaTecnica-ZENON-IMAGINE.pdf|title:Technical%20data%20Imagine%20Shower%20tray|target:_blank&#8221;][\/vc_column][vc_column width=&#8221;1\/3&#8243;][vc_btn title=&#8221;Antibacterial efficacy test | Gravity Collection&#8221; style=&#8221;outline-custom&#8221; outline_custom_color=&#8221;#0a0a0a&#8221; outline_custom_hover_background=&#8221;#0a0a0a&#8221; outline_custom_hover_text=&#8221;#ffffff&#8221; shape=&#8221;square&#8221; size=&#8221;sm&#8221; align=&#8221;center&#8221; el_class=&#8221;boton_descarga_certificado&#8221; link=&#8221;url:https%3A%2F%2Fcifreceramica.com%2Fwp-content%2Fuploads%2F2022%2F11%2F22_111240-GRAVITY-ENG.pdf|target:_blank&#8221;][\/vc_column][vc_column width=&#8221;1\/3&#8243;][\/vc_column][\/vc_row]<\/p>\n","protected":false},"excerpt":{"rendered":"<p>[vc_row full_width=&#8221;stretch_row_content&#8221; el_class=&#8221;breadcrumb&#8221;][vc_column][\/vc_column][\/vc_row][vc_row el_class=&#8221;titulares_top_new&#8221;][vc_column width=&#8221;1\/6&#8243;][\/vc_column][vc_column width=&#8221;2\/3&#8243;][vc_column_text] Certificates [\/vc_column_text][vc_column_text] Here you can download our certificates. [\/vc_column_text][\/vc_column][vc_column width=&#8221;1\/6&#8243;][\/vc_column][\/vc_row][vc_row el_class=&#8221;menu_descargar_page&#8221;][vc_column][vc_wp_custommenu nav_menu=&#8221;213&#8243;][\/vc_column][\/vc_row][vc_row el_class=&#8221;titulares_top_new&#8221;][vc_column width=&#8221;1\/6&#8243;][\/vc_column][vc_column width=&#8221;2\/3&#8243;][vc_column_text] Packing List formats [\/vc_column_text][vc_column_text][\/vc_column_text][\/vc_column][vc_column width=&#8221;1\/6&#8243;][\/vc_column][\/vc_row][vc_row el_class=&#8221;descarga_certificados_page&#8221;][vc_column width=&#8221;1\/3&#8243; css=&#8221;.vc_custom_1565779469805{padding-top: 0px !important;}&#8221;][vc_btn title=&#8221;Packing List | Sept 2025&#8243; style=&#8221;outline-custom&#8221; outline_custom_color=&#8221;#0a0a0a&#8221; outline_custom_hover_background=&#8221;#0a0a0a&#8221; outline_custom_hover_text=&#8221;#ffffff&#8221; shape=&#8221;square&#8221; size=&#8221;sm&#8221; align=&#8221;center&#8221; el_class=&#8221;boton_descarga_certificado&#8221; link=&#8221;url:https%3A%2F%2Fcifreceramica.com%2Fwp-content%2Fuploads%2F2025%2F10%2FPACKING_LIST_CIFRECERAMICA_SEPT25_V2.pdf|title:ISO%209001%20%20CIFRE%20CERAMICA|target:_blank&#8221;][\/vc_column][vc_column width=&#8221;1\/3&#8243;][\/vc_column][vc_column width=&#8221;1\/3&#8243;][\/vc_column][\/vc_row][vc_row el_class=&#8221;titulares_top_new&#8221;][vc_column width=&#8221;1\/6&#8243;][\/vc_column][vc_column width=&#8221;2\/3&#8243;][vc_column_text] Declaration of Performance [\/vc_column_text][\/vc_column][vc_column width=&#8221;1\/6&#8243;][\/vc_column][\/vc_row][vc_row [&hellip;]<\/p>\n","protected":false},"author":1,"featured_media":0,"parent":0,"menu_order":0,"comment_status":"closed","ping_status":"closed","template":"","meta":{"footnotes":""},"class_list":["post-1340","page","type-page","status-publish","hentry"],"yoast_head":"<!-- This site is optimized with the Yoast SEO plugin v27.4 - https:\/\/yoast.com\/product\/yoast-seo-wordpress\/ -->\n<title>Downloads Certificates - CIFRE CER\u00c1MICA<\/title>\n<meta name=\"description\" content=\"Download our technical information and certificates of Cifre Cer\u00e1mica.\" \/>\n<meta name=\"robots\" content=\"index, follow, max-snippet:-1, max-image-preview:large, max-video-preview:-1\" \/>\n<link rel=\"canonical\" href=\"https:\/\/cifreceramica.com\/en\/downloads-certificates\/\" \/>\n<meta property=\"og:locale\" content=\"en_US\" \/>\n<meta property=\"og:type\" content=\"article\" \/>\n<meta property=\"og:title\" content=\"Downloads Certificates - CIFRE CER\u00c1MICA\" \/>\n<meta property=\"og:description\" content=\"Download our technical information and certificates of Cifre Cer\u00e1mica.\" \/>\n<meta property=\"og:url\" content=\"https:\/\/cifreceramica.com\/en\/downloads-certificates\/\" \/>\n<meta property=\"og:site_name\" content=\"CIFRE CER\u00c1MICA\" \/>\n<meta property=\"article:publisher\" content=\"https:\/\/www.facebook.com\/Cifreceramica\/\" \/>\n<meta property=\"article:modified_time\" content=\"2026-04-15T12:58:01+00:00\" \/>\n<meta name=\"twitter:card\" content=\"summary_large_image\" \/>\n<meta name=\"twitter:site\" content=\"@cifreceramica\" \/>\n<meta name=\"twitter:label1\" content=\"Est. reading time\" \/>\n\t<meta name=\"twitter:data1\" content=\"2 minutes\" \/>\n<script type=\"application\/ld+json\" class=\"yoast-schema-graph\">{\"@context\":\"https:\\\/\\\/schema.org\",\"@graph\":[{\"@type\":\"WebPage\",\"@id\":\"https:\\\/\\\/cifreceramica.com\\\/en\\\/downloads-certificates\\\/\",\"url\":\"https:\\\/\\\/cifreceramica.com\\\/en\\\/downloads-certificates\\\/\",\"name\":\"Downloads Certificates - CIFRE CER\u00c1MICA\",\"isPartOf\":{\"@id\":\"https:\\\/\\\/cifreceramica.com\\\/#website\"},\"datePublished\":\"2019-08-19T10:32:05+00:00\",\"dateModified\":\"2026-04-15T12:58:01+00:00\",\"description\":\"Download our technical information and certificates of Cifre Cer\u00e1mica.\",\"breadcrumb\":{\"@id\":\"https:\\\/\\\/cifreceramica.com\\\/en\\\/downloads-certificates\\\/#breadcrumb\"},\"inLanguage\":\"en-US\",\"potentialAction\":[{\"@type\":\"ReadAction\",\"target\":[\"https:\\\/\\\/cifreceramica.com\\\/en\\\/downloads-certificates\\\/\"]}]},{\"@type\":\"BreadcrumbList\",\"@id\":\"https:\\\/\\\/cifreceramica.com\\\/en\\\/downloads-certificates\\\/#breadcrumb\",\"itemListElement\":[{\"@type\":\"ListItem\",\"position\":1,\"name\":\"Portada\",\"item\":\"https:\\\/\\\/cifreceramica.com\\\/en\\\/\"},{\"@type\":\"ListItem\",\"position\":2,\"name\":\"Downloads Certificates\"}]},{\"@type\":\"WebSite\",\"@id\":\"https:\\\/\\\/cifreceramica.com\\\/#website\",\"url\":\"https:\\\/\\\/cifreceramica.com\\\/\",\"name\":\"CIFRE CER\u00c1MICA\",\"description\":\"Azulejo, cer\u00e1mica, decoraci\u00f3n, pavimento, revestimiento\",\"publisher\":{\"@id\":\"https:\\\/\\\/cifreceramica.com\\\/#organization\"},\"potentialAction\":[{\"@type\":\"SearchAction\",\"target\":{\"@type\":\"EntryPoint\",\"urlTemplate\":\"https:\\\/\\\/cifreceramica.com\\\/?s={search_term_string}\"},\"query-input\":{\"@type\":\"PropertyValueSpecification\",\"valueRequired\":true,\"valueName\":\"search_term_string\"}}],\"inLanguage\":\"en-US\"},{\"@type\":\"Organization\",\"@id\":\"https:\\\/\\\/cifreceramica.com\\\/#organization\",\"name\":\"CIFRE CERAMICA SL.\",\"url\":\"https:\\\/\\\/cifreceramica.com\\\/\",\"logo\":{\"@type\":\"ImageObject\",\"inLanguage\":\"en-US\",\"@id\":\"https:\\\/\\\/cifreceramica.com\\\/#\\\/schema\\\/logo\\\/image\\\/\",\"url\":\"https:\\\/\\\/cifreceramica.com\\\/wp-content\\\/uploads\\\/2020\\\/03\\\/logo-cifre.jpg\",\"contentUrl\":\"https:\\\/\\\/cifreceramica.com\\\/wp-content\\\/uploads\\\/2020\\\/03\\\/logo-cifre.jpg\",\"width\":648,\"height\":320,\"caption\":\"CIFRE CERAMICA SL.\"},\"image\":{\"@id\":\"https:\\\/\\\/cifreceramica.com\\\/#\\\/schema\\\/logo\\\/image\\\/\"},\"sameAs\":[\"https:\\\/\\\/www.facebook.com\\\/Cifreceramica\\\/\",\"https:\\\/\\\/x.com\\\/cifreceramica\",\"https:\\\/\\\/www.instagram.com\\\/cifreceramica\\\/\",\"https:\\\/\\\/www.linkedin.com\\\/cifreceramica\",\"https:\\\/\\\/www.pinterest.es\\\/CifreReport\\\/_created\\\/\",\"https:\\\/\\\/www.youtube.com\\\/channel\\\/UC6T43U-C68ZKx58s-QVY0Eg\"]}]}<\/script>\n<!-- \/ Yoast SEO plugin. -->","yoast_head_json":{"title":"Downloads Certificates - CIFRE CER\u00c1MICA","description":"Download our technical information and certificates of Cifre Cer\u00e1mica.","robots":{"index":"index","follow":"follow","max-snippet":"max-snippet:-1","max-image-preview":"max-image-preview:large","max-video-preview":"max-video-preview:-1"},"canonical":"https:\/\/cifreceramica.com\/en\/downloads-certificates\/","og_locale":"en_US","og_type":"article","og_title":"Downloads Certificates - CIFRE CER\u00c1MICA","og_description":"Download our technical information and certificates of Cifre Cer\u00e1mica.","og_url":"https:\/\/cifreceramica.com\/en\/downloads-certificates\/","og_site_name":"CIFRE CER\u00c1MICA","article_publisher":"https:\/\/www.facebook.com\/Cifreceramica\/","article_modified_time":"2026-04-15T12:58:01+00:00","twitter_card":"summary_large_image","twitter_site":"@cifreceramica","twitter_misc":{"Est. reading time":"2 minutes"},"schema":{"@context":"https:\/\/schema.org","@graph":[{"@type":"WebPage","@id":"https:\/\/cifreceramica.com\/en\/downloads-certificates\/","url":"https:\/\/cifreceramica.com\/en\/downloads-certificates\/","name":"Downloads Certificates - CIFRE CER\u00c1MICA","isPartOf":{"@id":"https:\/\/cifreceramica.com\/#website"},"datePublished":"2019-08-19T10:32:05+00:00","dateModified":"2026-04-15T12:58:01+00:00","description":"Download our technical information and certificates of Cifre Cer\u00e1mica.","breadcrumb":{"@id":"https:\/\/cifreceramica.com\/en\/downloads-certificates\/#breadcrumb"},"inLanguage":"en-US","potentialAction":[{"@type":"ReadAction","target":["https:\/\/cifreceramica.com\/en\/downloads-certificates\/"]}]},{"@type":"BreadcrumbList","@id":"https:\/\/cifreceramica.com\/en\/downloads-certificates\/#breadcrumb","itemListElement":[{"@type":"ListItem","position":1,"name":"Portada","item":"https:\/\/cifreceramica.com\/en\/"},{"@type":"ListItem","position":2,"name":"Downloads Certificates"}]},{"@type":"WebSite","@id":"https:\/\/cifreceramica.com\/#website","url":"https:\/\/cifreceramica.com\/","name":"CIFRE CER\u00c1MICA","description":"Azulejo, cer\u00e1mica, decoraci\u00f3n, pavimento, revestimiento","publisher":{"@id":"https:\/\/cifreceramica.com\/#organization"},"potentialAction":[{"@type":"SearchAction","target":{"@type":"EntryPoint","urlTemplate":"https:\/\/cifreceramica.com\/?s={search_term_string}"},"query-input":{"@type":"PropertyValueSpecification","valueRequired":true,"valueName":"search_term_string"}}],"inLanguage":"en-US"},{"@type":"Organization","@id":"https:\/\/cifreceramica.com\/#organization","name":"CIFRE CERAMICA SL.","url":"https:\/\/cifreceramica.com\/","logo":{"@type":"ImageObject","inLanguage":"en-US","@id":"https:\/\/cifreceramica.com\/#\/schema\/logo\/image\/","url":"https:\/\/cifreceramica.com\/wp-content\/uploads\/2020\/03\/logo-cifre.jpg","contentUrl":"https:\/\/cifreceramica.com\/wp-content\/uploads\/2020\/03\/logo-cifre.jpg","width":648,"height":320,"caption":"CIFRE CERAMICA SL."},"image":{"@id":"https:\/\/cifreceramica.com\/#\/schema\/logo\/image\/"},"sameAs":["https:\/\/www.facebook.com\/Cifreceramica\/","https:\/\/x.com\/cifreceramica","https:\/\/www.instagram.com\/cifreceramica\/","https:\/\/www.linkedin.com\/cifreceramica","https:\/\/www.pinterest.es\/CifreReport\/_created\/","https:\/\/www.youtube.com\/channel\/UC6T43U-C68ZKx58s-QVY0Eg"]}]}},"_links":{"self":[{"href":"https:\/\/cifreceramica.com\/en\/wp-json\/wp\/v2\/pages\/1340","targetHints":{"allow":["GET"]}}],"collection":[{"href":"https:\/\/cifreceramica.com\/en\/wp-json\/wp\/v2\/pages"}],"about":[{"href":"https:\/\/cifreceramica.com\/en\/wp-json\/wp\/v2\/types\/page"}],"author":[{"embeddable":true,"href":"https:\/\/cifreceramica.com\/en\/wp-json\/wp\/v2\/users\/1"}],"replies":[{"embeddable":true,"href":"https:\/\/cifreceramica.com\/en\/wp-json\/wp\/v2\/comments?post=1340"}],"version-history":[{"count":55,"href":"https:\/\/cifreceramica.com\/en\/wp-json\/wp\/v2\/pages\/1340\/revisions"}],"predecessor-version":[{"id":13829,"href":"https:\/\/cifreceramica.com\/en\/wp-json\/wp\/v2\/pages\/1340\/revisions\/13829"}],"wp:attachment":[{"href":"https:\/\/cifreceramica.com\/en\/wp-json\/wp\/v2\/media?parent=1340"}],"curies":[{"name":"wp","href":"https:\/\/api.w.org\/{rel}","templated":true}]}}