{"id":13252,"date":"2025-10-29T15:47:45","date_gmt":"2025-10-29T14:47:45","guid":{"rendered":"https:\/\/cifreceramica.com\/?page_id=13252"},"modified":"2025-10-30T09:37:18","modified_gmt":"2025-10-30T08:37:18","slug":"stand-cersaie-2025","status":"publish","type":"page","link":"https:\/\/cifreceramica.com\/en\/stand-cersaie-2025\/","title":{"rendered":"Stand Cersaie 2025"},"content":{"rendered":"<p>[vc_row full_width=&#8221;stretch_row_content&#8221; el_class=&#8221;breadcrumb&#8221;][vc_column][\/vc_column][\/vc_row][vc_row full_width=&#8221;stretch_row_content&#8221; css=&#8221;.vc_custom_1761746186476{margin-top: 40px !important;}&#8221;][vc_column width=&#8221;1\/4&#8243;][\/vc_column][vc_column width=&#8221;1\/2&#8243;][vc_single_image image=&#8221;11829&#8243; img_size=&#8221;full&#8221; alignment=&#8221;center&#8221;][vc_column_text]<\/p>\n<h1 style=\"text-align: center;\">Cersaie 2025 \u00b7 Innovation, material and form.<\/h1>\n<p style=\"text-align: center;\">A space where design is elevated, textures inspire and every surface redefines the way we inhabit our surroundings.<\/p>\n<p>[\/vc_column_text][\/vc_column][vc_column width=&#8221;1\/4&#8243;][\/vc_column][\/vc_row][vc_row css=&#8221;.vc_custom_1761745882291{margin-bottom: 40px !important;}&#8221;][vc_column][vc_single_image image=&#8221;13239&#8243; img_size=&#8221;full&#8221; alignment=&#8221;center&#8221;][\/vc_column][\/vc_row][vc_row css=&#8221;.vc_custom_1761749068280{margin-bottom: 40px !important;}&#8221;][vc_column width=&#8221;1\/4&#8243;][\/vc_column][vc_column width=&#8221;1\/4&#8243;][vc_single_image image=&#8221;13008&#8243; img_size=&#8221;full&#8221;][\/vc_column][vc_column width=&#8221;1\/4&#8243;][vc_column_text]<strong>Shaping the Space<\/strong><\/p>\n<p><b>Cifre Cer\u00e1mica<\/b> presented a space that reflected its commitment to <b>innovation, design and contemporary architecture<\/b>. A stand designed to inspire, where each collection <b>came to life through material, light and balance<\/b>. A meeting point between <b>creativity, technique and vision of the future<\/b>.[\/vc_column_text][\/vc_column][vc_column width=&#8221;1\/4&#8243;][\/vc_column][\/vc_row][vc_row css=&#8221;.vc_custom_1761747024822{margin-bottom: 40px !important;}&#8221;][vc_column width=&#8221;1\/4&#8243;][vc_column_text]This year, the stand is inspired by <b>Kumo<\/b>, the cloud that shapes space and symbolises lightness, change and harmony. A proposal that interprets ceramics as a living material, capable of adapting and transforming contemporary environments. Through ethereal volumes, fluid geometries and an enveloping atmosphere, the space expresses the material&#8217;s ability to evolve, connect and generate new architectural experiences.[\/vc_column_text][\/vc_column][vc_column width=&#8221;1\/4&#8243;][vc_single_image image=&#8221;13033&#8243; img_size=&#8221;full&#8221;][\/vc_column][vc_column width=&#8221;1\/4&#8243;][vc_single_image image=&#8221;13071&#8243; img_size=&#8221;full&#8221;][\/vc_column][vc_column width=&#8221;1\/4&#8243;][vc_single_image image=&#8221;13028&#8243; img_size=&#8221;full&#8221;][\/vc_column][\/vc_row][vc_row css=&#8221;.vc_custom_1761747030386{margin-bottom: 40px !important;}&#8221;][vc_column width=&#8221;1\/4&#8243;][vc_single_image image=&#8221;13062&#8243; img_size=&#8221;full&#8221;][\/vc_column][vc_column width=&#8221;1\/4&#8243;][vc_single_image image=&#8221;13058&#8243; img_size=&#8221;full&#8221;][\/vc_column][vc_column width=&#8221;1\/4&#8243;][vc_single_image image=&#8221;13054&#8243; img_size=&#8221;full&#8221;][\/vc_column][vc_column width=&#8221;1\/4&#8243;][vc_column_text]At <b>Cersaie 2025<\/b>, <b>we presented two exhibition spaces<\/b>: one dedicated to our <b>new products in large formats and architectural surfaces<\/b>, reinforcing our role as a benchmark brand in <b>innovation and design for high-end projects<\/b>; and another featuring <b>Brick&amp;More<\/b>, the group&#8217;s brand through which we promote <b>small-format ceramic tiles<\/b>, a segment undergoing a creative boom and with a constantly evolving identity of its own.[\/vc_column_text][\/vc_column][\/vc_row][vc_row css=&#8221;.vc_custom_1761747024822{margin-bottom: 40px !important;}&#8221;][vc_column width=&#8221;1\/4&#8243;][vc_column_text]The proposal <b>was structured around a dual strategy<\/b>: a single conceptual universe that <b>manifested itself in two complementary spaces<\/b>. This decision <b>did not imply a separation<\/b>, but rather <b>a design solution conceived to explore ceramics in all its magnitude<\/b>, offering visitors <b>a complete journey through the scales of design<\/b>, from <b>the architectural structure to the most expressive detail<\/b>.[\/vc_column_text][\/vc_column][vc_column width=&#8221;1\/4&#8243;][vc_single_image image=&#8221;13176&#8243; img_size=&#8221;full&#8221;][\/vc_column][vc_column width=&#8221;1\/4&#8243;][vc_single_image image=&#8221;13180&#8243; img_size=&#8221;full&#8221;][\/vc_column][vc_column width=&#8221;1\/4&#8243;][vc_single_image image=&#8221;13212&#8243; img_size=&#8221;full&#8221;][\/vc_column][\/vc_row][vc_row][vc_column width=&#8221;1\/4&#8243;][\/vc_column][vc_column width=&#8221;1\/2&#8243;][vc_gallery interval=&#8221;5&#8243; images=&#8221;13079,13083,13087,13091,13095,13099,13103,13107,13111,13115,13119,13123,13127,13131,13135,13139,13143,13147,13151,13155,13062,13067,13071,13075,13160,13164,13168,13172,13176,13180,13184,13188,13192,13196,13200,13204,13208,13212,13216,13220,13224,13228,13232&#8243; img_size=&#8221;large&#8221; onclick=&#8221;img_link_large&#8221; custom_links_target=&#8221;_blank&#8221;][\/vc_column][vc_column width=&#8221;1\/4&#8243;][\/vc_column][\/vc_row]<\/p>\n","protected":false},"excerpt":{"rendered":"<p>[vc_row full_width=&#8221;stretch_row_content&#8221; el_class=&#8221;breadcrumb&#8221;][vc_column][\/vc_column][\/vc_row][vc_row full_width=&#8221;stretch_row_content&#8221; css=&#8221;.vc_custom_1761746186476{margin-top: 40px !important;}&#8221;][vc_column width=&#8221;1\/4&#8243;][\/vc_column][vc_column width=&#8221;1\/2&#8243;][vc_single_image image=&#8221;11829&#8243; img_size=&#8221;full&#8221; alignment=&#8221;center&#8221;][vc_column_text] Cersaie 2025 \u00b7 Innovation, material and form. A space where design is elevated, textures inspire and every surface redefines the way we inhabit our surroundings. [\/vc_column_text][\/vc_column][vc_column width=&#8221;1\/4&#8243;][\/vc_column][\/vc_row][vc_row css=&#8221;.vc_custom_1761745882291{margin-bottom: 40px !important;}&#8221;][vc_column][vc_single_image image=&#8221;13239&#8243; img_size=&#8221;full&#8221; alignment=&#8221;center&#8221;][\/vc_column][\/vc_row][vc_row css=&#8221;.vc_custom_1761749068280{margin-bottom: 40px !important;}&#8221;][vc_column width=&#8221;1\/4&#8243;][\/vc_column][vc_column width=&#8221;1\/4&#8243;][vc_single_image image=&#8221;13008&#8243; img_size=&#8221;full&#8221;][\/vc_column][vc_column width=&#8221;1\/4&#8243;][vc_column_text]Shaping the Space [&hellip;]<\/p>\n","protected":false},"author":3,"featured_media":0,"parent":0,"menu_order":0,"comment_status":"closed","ping_status":"closed","template":"","meta":{"footnotes":""},"class_list":["post-13252","page","type-page","status-publish","hentry"],"yoast_head":"<!-- This site is optimized with the Yoast SEO plugin v27.3 - https:\/\/yoast.com\/product\/yoast-seo-wordpress\/ -->\n<title>Stand Cersaie 2025 - CIFRE CER\u00c1MICA<\/title>\n<meta name=\"robots\" content=\"index, follow, max-snippet:-1, max-image-preview:large, max-video-preview:-1\" \/>\n<link rel=\"canonical\" href=\"https:\/\/cifreceramica.com\/en\/stand-cersaie-2025\/\" \/>\n<meta property=\"og:locale\" content=\"en_US\" \/>\n<meta property=\"og:type\" content=\"article\" \/>\n<meta property=\"og:title\" content=\"Stand Cersaie 2025 - CIFRE CER\u00c1MICA\" \/>\n<meta property=\"og:description\" content=\"[vc_row full_width=&#8221;stretch_row_content&#8221; el_class=&#8221;breadcrumb&#8221;][vc_column][\/vc_column][\/vc_row][vc_row full_width=&#8221;stretch_row_content&#8221; css=&#8221;.vc_custom_1761746186476{margin-top: 40px !important;}&#8221;][vc_column width=&#8221;1\/4&#8243;][\/vc_column][vc_column width=&#8221;1\/2&#8243;][vc_single_image image=&#8221;11829&#8243; img_size=&#8221;full&#8221; alignment=&#8221;center&#8221;][vc_column_text] Cersaie 2025 \u00b7 Innovation, material and form. A space where design is elevated, textures inspire and every surface redefines the way we inhabit our surroundings. [\/vc_column_text][\/vc_column][vc_column width=&#8221;1\/4&#8243;][\/vc_column][\/vc_row][vc_row css=&#8221;.vc_custom_1761745882291{margin-bottom: 40px !important;}&#8221;][vc_column][vc_single_image image=&#8221;13239&#8243; img_size=&#8221;full&#8221; alignment=&#8221;center&#8221;][\/vc_column][\/vc_row][vc_row css=&#8221;.vc_custom_1761749068280{margin-bottom: 40px !important;}&#8221;][vc_column width=&#8221;1\/4&#8243;][\/vc_column][vc_column width=&#8221;1\/4&#8243;][vc_single_image image=&#8221;13008&#8243; img_size=&#8221;full&#8221;][\/vc_column][vc_column width=&#8221;1\/4&#8243;][vc_column_text]Shaping the Space [&hellip;]\" \/>\n<meta property=\"og:url\" content=\"https:\/\/cifreceramica.com\/en\/stand-cersaie-2025\/\" \/>\n<meta property=\"og:site_name\" content=\"CIFRE CER\u00c1MICA\" \/>\n<meta property=\"article:publisher\" content=\"https:\/\/www.facebook.com\/Cifreceramica\/\" \/>\n<meta property=\"article:modified_time\" content=\"2025-10-30T08:37:18+00:00\" \/>\n<meta name=\"twitter:card\" content=\"summary_large_image\" \/>\n<meta name=\"twitter:site\" content=\"@cifreceramica\" \/>\n<meta name=\"twitter:label1\" content=\"Est. reading time\" \/>\n\t<meta name=\"twitter:data1\" content=\"13 minutes\" \/>\n<script type=\"application\/ld+json\" class=\"yoast-schema-graph\">{\"@context\":\"https:\\\/\\\/schema.org\",\"@graph\":[{\"@type\":\"WebPage\",\"@id\":\"https:\\\/\\\/cifreceramica.com\\\/en\\\/stand-cersaie-2025\\\/\",\"url\":\"https:\\\/\\\/cifreceramica.com\\\/en\\\/stand-cersaie-2025\\\/\",\"name\":\"Stand Cersaie 2025 - CIFRE CER\u00c1MICA\",\"isPartOf\":{\"@id\":\"https:\\\/\\\/cifreceramica.com\\\/#website\"},\"datePublished\":\"2025-10-29T14:47:45+00:00\",\"dateModified\":\"2025-10-30T08:37:18+00:00\",\"breadcrumb\":{\"@id\":\"https:\\\/\\\/cifreceramica.com\\\/en\\\/stand-cersaie-2025\\\/#breadcrumb\"},\"inLanguage\":\"en-US\",\"potentialAction\":[{\"@type\":\"ReadAction\",\"target\":[\"https:\\\/\\\/cifreceramica.com\\\/en\\\/stand-cersaie-2025\\\/\"]}]},{\"@type\":\"BreadcrumbList\",\"@id\":\"https:\\\/\\\/cifreceramica.com\\\/en\\\/stand-cersaie-2025\\\/#breadcrumb\",\"itemListElement\":[{\"@type\":\"ListItem\",\"position\":1,\"name\":\"Portada\",\"item\":\"https:\\\/\\\/cifreceramica.com\\\/en\\\/\"},{\"@type\":\"ListItem\",\"position\":2,\"name\":\"Stand Cersaie 2025\"}]},{\"@type\":\"WebSite\",\"@id\":\"https:\\\/\\\/cifreceramica.com\\\/#website\",\"url\":\"https:\\\/\\\/cifreceramica.com\\\/\",\"name\":\"CIFRE CER\u00c1MICA\",\"description\":\"Azulejo, cer\u00e1mica, decoraci\u00f3n, pavimento, revestimiento\",\"publisher\":{\"@id\":\"https:\\\/\\\/cifreceramica.com\\\/#organization\"},\"potentialAction\":[{\"@type\":\"SearchAction\",\"target\":{\"@type\":\"EntryPoint\",\"urlTemplate\":\"https:\\\/\\\/cifreceramica.com\\\/?s={search_term_string}\"},\"query-input\":{\"@type\":\"PropertyValueSpecification\",\"valueRequired\":true,\"valueName\":\"search_term_string\"}}],\"inLanguage\":\"en-US\"},{\"@type\":\"Organization\",\"@id\":\"https:\\\/\\\/cifreceramica.com\\\/#organization\",\"name\":\"CIFRE CERAMICA SL.\",\"url\":\"https:\\\/\\\/cifreceramica.com\\\/\",\"logo\":{\"@type\":\"ImageObject\",\"inLanguage\":\"en-US\",\"@id\":\"https:\\\/\\\/cifreceramica.com\\\/#\\\/schema\\\/logo\\\/image\\\/\",\"url\":\"https:\\\/\\\/cifreceramica.com\\\/wp-content\\\/uploads\\\/2020\\\/03\\\/logo-cifre.jpg\",\"contentUrl\":\"https:\\\/\\\/cifreceramica.com\\\/wp-content\\\/uploads\\\/2020\\\/03\\\/logo-cifre.jpg\",\"width\":648,\"height\":320,\"caption\":\"CIFRE CERAMICA SL.\"},\"image\":{\"@id\":\"https:\\\/\\\/cifreceramica.com\\\/#\\\/schema\\\/logo\\\/image\\\/\"},\"sameAs\":[\"https:\\\/\\\/www.facebook.com\\\/Cifreceramica\\\/\",\"https:\\\/\\\/x.com\\\/cifreceramica\",\"https:\\\/\\\/www.instagram.com\\\/cifreceramica\\\/\",\"https:\\\/\\\/www.linkedin.com\\\/cifreceramica\",\"https:\\\/\\\/www.pinterest.es\\\/CifreReport\\\/_created\\\/\",\"https:\\\/\\\/www.youtube.com\\\/channel\\\/UC6T43U-C68ZKx58s-QVY0Eg\"]}]}<\/script>\n<!-- \/ Yoast SEO plugin. -->","yoast_head_json":{"title":"Stand Cersaie 2025 - CIFRE CER\u00c1MICA","robots":{"index":"index","follow":"follow","max-snippet":"max-snippet:-1","max-image-preview":"max-image-preview:large","max-video-preview":"max-video-preview:-1"},"canonical":"https:\/\/cifreceramica.com\/en\/stand-cersaie-2025\/","og_locale":"en_US","og_type":"article","og_title":"Stand Cersaie 2025 - CIFRE CER\u00c1MICA","og_description":"[vc_row full_width=&#8221;stretch_row_content&#8221; el_class=&#8221;breadcrumb&#8221;][vc_column][\/vc_column][\/vc_row][vc_row full_width=&#8221;stretch_row_content&#8221; css=&#8221;.vc_custom_1761746186476{margin-top: 40px !important;}&#8221;][vc_column width=&#8221;1\/4&#8243;][\/vc_column][vc_column width=&#8221;1\/2&#8243;][vc_single_image image=&#8221;11829&#8243; img_size=&#8221;full&#8221; alignment=&#8221;center&#8221;][vc_column_text] Cersaie 2025 \u00b7 Innovation, material and form. A space where design is elevated, textures inspire and every surface redefines the way we inhabit our surroundings. [\/vc_column_text][\/vc_column][vc_column width=&#8221;1\/4&#8243;][\/vc_column][\/vc_row][vc_row css=&#8221;.vc_custom_1761745882291{margin-bottom: 40px !important;}&#8221;][vc_column][vc_single_image image=&#8221;13239&#8243; img_size=&#8221;full&#8221; alignment=&#8221;center&#8221;][\/vc_column][\/vc_row][vc_row css=&#8221;.vc_custom_1761749068280{margin-bottom: 40px !important;}&#8221;][vc_column width=&#8221;1\/4&#8243;][\/vc_column][vc_column width=&#8221;1\/4&#8243;][vc_single_image image=&#8221;13008&#8243; img_size=&#8221;full&#8221;][\/vc_column][vc_column width=&#8221;1\/4&#8243;][vc_column_text]Shaping the Space [&hellip;]","og_url":"https:\/\/cifreceramica.com\/en\/stand-cersaie-2025\/","og_site_name":"CIFRE CER\u00c1MICA","article_publisher":"https:\/\/www.facebook.com\/Cifreceramica\/","article_modified_time":"2025-10-30T08:37:18+00:00","twitter_card":"summary_large_image","twitter_site":"@cifreceramica","twitter_misc":{"Est. reading time":"13 minutes"},"schema":{"@context":"https:\/\/schema.org","@graph":[{"@type":"WebPage","@id":"https:\/\/cifreceramica.com\/en\/stand-cersaie-2025\/","url":"https:\/\/cifreceramica.com\/en\/stand-cersaie-2025\/","name":"Stand Cersaie 2025 - CIFRE CER\u00c1MICA","isPartOf":{"@id":"https:\/\/cifreceramica.com\/#website"},"datePublished":"2025-10-29T14:47:45+00:00","dateModified":"2025-10-30T08:37:18+00:00","breadcrumb":{"@id":"https:\/\/cifreceramica.com\/en\/stand-cersaie-2025\/#breadcrumb"},"inLanguage":"en-US","potentialAction":[{"@type":"ReadAction","target":["https:\/\/cifreceramica.com\/en\/stand-cersaie-2025\/"]}]},{"@type":"BreadcrumbList","@id":"https:\/\/cifreceramica.com\/en\/stand-cersaie-2025\/#breadcrumb","itemListElement":[{"@type":"ListItem","position":1,"name":"Portada","item":"https:\/\/cifreceramica.com\/en\/"},{"@type":"ListItem","position":2,"name":"Stand Cersaie 2025"}]},{"@type":"WebSite","@id":"https:\/\/cifreceramica.com\/#website","url":"https:\/\/cifreceramica.com\/","name":"CIFRE CER\u00c1MICA","description":"Azulejo, cer\u00e1mica, decoraci\u00f3n, pavimento, revestimiento","publisher":{"@id":"https:\/\/cifreceramica.com\/#organization"},"potentialAction":[{"@type":"SearchAction","target":{"@type":"EntryPoint","urlTemplate":"https:\/\/cifreceramica.com\/?s={search_term_string}"},"query-input":{"@type":"PropertyValueSpecification","valueRequired":true,"valueName":"search_term_string"}}],"inLanguage":"en-US"},{"@type":"Organization","@id":"https:\/\/cifreceramica.com\/#organization","name":"CIFRE CERAMICA SL.","url":"https:\/\/cifreceramica.com\/","logo":{"@type":"ImageObject","inLanguage":"en-US","@id":"https:\/\/cifreceramica.com\/#\/schema\/logo\/image\/","url":"https:\/\/cifreceramica.com\/wp-content\/uploads\/2020\/03\/logo-cifre.jpg","contentUrl":"https:\/\/cifreceramica.com\/wp-content\/uploads\/2020\/03\/logo-cifre.jpg","width":648,"height":320,"caption":"CIFRE CERAMICA SL."},"image":{"@id":"https:\/\/cifreceramica.com\/#\/schema\/logo\/image\/"},"sameAs":["https:\/\/www.facebook.com\/Cifreceramica\/","https:\/\/x.com\/cifreceramica","https:\/\/www.instagram.com\/cifreceramica\/","https:\/\/www.linkedin.com\/cifreceramica","https:\/\/www.pinterest.es\/CifreReport\/_created\/","https:\/\/www.youtube.com\/channel\/UC6T43U-C68ZKx58s-QVY0Eg"]}]}},"_links":{"self":[{"href":"https:\/\/cifreceramica.com\/en\/wp-json\/wp\/v2\/pages\/13252","targetHints":{"allow":["GET"]}}],"collection":[{"href":"https:\/\/cifreceramica.com\/en\/wp-json\/wp\/v2\/pages"}],"about":[{"href":"https:\/\/cifreceramica.com\/en\/wp-json\/wp\/v2\/types\/page"}],"author":[{"embeddable":true,"href":"https:\/\/cifreceramica.com\/en\/wp-json\/wp\/v2\/users\/3"}],"replies":[{"embeddable":true,"href":"https:\/\/cifreceramica.com\/en\/wp-json\/wp\/v2\/comments?post=13252"}],"version-history":[{"count":4,"href":"https:\/\/cifreceramica.com\/en\/wp-json\/wp\/v2\/pages\/13252\/revisions"}],"predecessor-version":[{"id":13280,"href":"https:\/\/cifreceramica.com\/en\/wp-json\/wp\/v2\/pages\/13252\/revisions\/13280"}],"wp:attachment":[{"href":"https:\/\/cifreceramica.com\/en\/wp-json\/wp\/v2\/media?parent=13252"}],"curies":[{"name":"wp","href":"https:\/\/api.w.org\/{rel}","templated":true}]}}