{"id":10822,"date":"2023-09-21T16:05:46","date_gmt":"2023-09-21T14:05:46","guid":{"rendered":"https:\/\/cifreceramica.com\/?page_id=10822"},"modified":"2023-09-22T08:22:08","modified_gmt":"2023-09-22T06:22:08","slug":"stock-tiendas","status":"publish","type":"page","link":"https:\/\/cifreceramica.com\/en\/stock-tiendas\/","title":{"rendered":"Stock Tiendas"},"content":{"rendered":"<p>[vc_row full_width=&#8221;stretch_row_content&#8221; el_class=&#8221;breadcrumb&#8221;][vc_column][\/vc_column][\/vc_row][vc_row][vc_column width=&#8221;1\/3&#8243;][\/vc_column][vc_column width=&#8221;1\/3&#8243;][vc_column_text]<\/p>\n<h1 style=\"text-align: center;\">Stock in shops<\/h1>\n<p style=\"text-align: center;\">Cifre Cer\u00e1mica offers distributors Cifre Stock, a new digital tool to know the stock of products.<\/p>\n<p style=\"text-align: center;\">This website is designed to work with mobiles or tablets, copy this link in your mobile or tablet browser and save it in your favourites. This way you will access faster.<\/p>\n<p style=\"text-align: center;\"><a href=\"https:\/\/cifreceramica.com\/tiendas.\"><strong>https:\/\/cifreceramica.com\/tiendas.<\/strong><\/a><\/p>\n<p>[\/vc_column_text][\/vc_column][vc_column width=&#8221;1\/3&#8243;][\/vc_column][\/vc_row][vc_row el_class=&#8221;bloque&#8221;][vc_column][vc_single_image image=&#8221;10808&#8243; img_size=&#8221;full&#8221; alignment=&#8221;center&#8221;][\/vc_column][\/vc_row][vc_row full_width=&#8221;stretch_row&#8221;][vc_column width=&#8221;1\/4&#8243;][\/vc_column][vc_column width=&#8221;1\/2&#8243;][vc_column_text]<\/p>\n<p style=\"text-align: center;\">This new functionality, hosted on the web, works through QR codes located on the panels of the shops.<\/p>\n<p style=\"text-align: center;\">Thus, to find out the stock of a piece, all you have to do is scan the code using your mobile phone. Once inside the application, the user can choose the specific model or filter by parameters such as format, finish or colour. In addition to the stock, the user can consult other information with the technical characteristics of each product.<\/p>\n<p style=\"text-align: center;\">With this new tool, Cifre Cer\u00e1mica wants to facilitate the information to the staff of the establishment, as well as to speed up the orders.<\/p>\n<p style=\"text-align: center;\">Not in vain, it allows to know even in the presence of the customer, the available stock. This facilitates the work of distributors and speeds up sales.<\/p>\n<p style=\"text-align: center;\">Access to CifreStock is available from the menu on our website or via the following address: https:\/\/cifreceramica.com\/tiendas.<\/p>\n<p style=\"text-align: center;\">The use of the tool is free and it is not necessary to have a username and password, just access the url and follow the steps indicated in the interface.<\/p>\n<p style=\"text-align: center;\">The website is available in 4 languages: Spanish, English, French and German.<\/p>\n<p>[\/vc_column_text][\/vc_column][vc_column width=&#8221;1\/4&#8243;][\/vc_column][\/vc_row][vc_row full_width=&#8221;stretch_row_content&#8221; el_class=&#8221;boton_negro&#8221;][vc_column][vc_btn title=&#8221;Download the manual&#8221; align=&#8221;center&#8221; css_animation=&#8221;none&#8221; link=&#8221;url:https%3A%2F%2Fcifreceramica.com%2Fwp-content%2Fuploads%2F2023%2F09%2FMANUAL_APP_TIENDAS_ING.pdf|target:_blank&#8221;][\/vc_column][\/vc_row]<\/p>\n","protected":false},"excerpt":{"rendered":"<p>[vc_row full_width=&#8221;stretch_row_content&#8221; el_class=&#8221;breadcrumb&#8221;][vc_column][\/vc_column][\/vc_row][vc_row][vc_column width=&#8221;1\/3&#8243;][\/vc_column][vc_column width=&#8221;1\/3&#8243;][vc_column_text] Stock in shops Cifre Cer\u00e1mica offers distributors Cifre Stock, a new digital tool to know the stock of products. This website is designed to work with mobiles or tablets, copy this link in your mobile or tablet browser and save it in your favourites. This way you will access faster. [&hellip;]<\/p>\n","protected":false},"author":3,"featured_media":0,"parent":0,"menu_order":0,"comment_status":"closed","ping_status":"closed","template":"","meta":{"footnotes":""},"class_list":["post-10822","page","type-page","status-publish","hentry"],"yoast_head":"<!-- This site is optimized with the Yoast SEO plugin v27.4 - https:\/\/yoast.com\/product\/yoast-seo-wordpress\/ -->\n<title>Stock Tiendas - CIFRE CER\u00c1MICA<\/title>\n<meta name=\"robots\" content=\"index, follow, max-snippet:-1, max-image-preview:large, max-video-preview:-1\" \/>\n<link rel=\"canonical\" href=\"https:\/\/cifreceramica.com\/en\/stock-tiendas\/\" \/>\n<meta property=\"og:locale\" content=\"en_US\" \/>\n<meta property=\"og:type\" content=\"article\" \/>\n<meta property=\"og:title\" content=\"Stock Tiendas - CIFRE CER\u00c1MICA\" \/>\n<meta property=\"og:description\" content=\"[vc_row full_width=&#8221;stretch_row_content&#8221; el_class=&#8221;breadcrumb&#8221;][vc_column][\/vc_column][\/vc_row][vc_row][vc_column width=&#8221;1\/3&#8243;][\/vc_column][vc_column width=&#8221;1\/3&#8243;][vc_column_text] Stock in shops Cifre Cer\u00e1mica offers distributors Cifre Stock, a new digital tool to know the stock of products. This website is designed to work with mobiles or tablets, copy this link in your mobile or tablet browser and save it in your favourites. This way you will access faster. [&hellip;]\" \/>\n<meta property=\"og:url\" content=\"https:\/\/cifreceramica.com\/en\/stock-tiendas\/\" \/>\n<meta property=\"og:site_name\" content=\"CIFRE CER\u00c1MICA\" \/>\n<meta property=\"article:publisher\" content=\"https:\/\/www.facebook.com\/Cifreceramica\/\" \/>\n<meta property=\"article:modified_time\" content=\"2023-09-22T06:22:08+00:00\" \/>\n<meta name=\"twitter:card\" content=\"summary_large_image\" \/>\n<meta name=\"twitter:site\" content=\"@cifreceramica\" \/>\n<meta name=\"twitter:label1\" content=\"Est. reading time\" \/>\n\t<meta name=\"twitter:data1\" content=\"2 minutes\" \/>\n<script type=\"application\/ld+json\" class=\"yoast-schema-graph\">{\"@context\":\"https:\\\/\\\/schema.org\",\"@graph\":[{\"@type\":\"WebPage\",\"@id\":\"https:\\\/\\\/cifreceramica.com\\\/en\\\/stock-tiendas\\\/\",\"url\":\"https:\\\/\\\/cifreceramica.com\\\/en\\\/stock-tiendas\\\/\",\"name\":\"Stock Tiendas - CIFRE CER\u00c1MICA\",\"isPartOf\":{\"@id\":\"https:\\\/\\\/cifreceramica.com\\\/#website\"},\"datePublished\":\"2023-09-21T14:05:46+00:00\",\"dateModified\":\"2023-09-22T06:22:08+00:00\",\"breadcrumb\":{\"@id\":\"https:\\\/\\\/cifreceramica.com\\\/en\\\/stock-tiendas\\\/#breadcrumb\"},\"inLanguage\":\"en-US\",\"potentialAction\":[{\"@type\":\"ReadAction\",\"target\":[\"https:\\\/\\\/cifreceramica.com\\\/en\\\/stock-tiendas\\\/\"]}]},{\"@type\":\"BreadcrumbList\",\"@id\":\"https:\\\/\\\/cifreceramica.com\\\/en\\\/stock-tiendas\\\/#breadcrumb\",\"itemListElement\":[{\"@type\":\"ListItem\",\"position\":1,\"name\":\"Portada\",\"item\":\"https:\\\/\\\/cifreceramica.com\\\/en\\\/\"},{\"@type\":\"ListItem\",\"position\":2,\"name\":\"Stock Tiendas\"}]},{\"@type\":\"WebSite\",\"@id\":\"https:\\\/\\\/cifreceramica.com\\\/#website\",\"url\":\"https:\\\/\\\/cifreceramica.com\\\/\",\"name\":\"CIFRE CER\u00c1MICA\",\"description\":\"Azulejo, cer\u00e1mica, decoraci\u00f3n, pavimento, revestimiento\",\"publisher\":{\"@id\":\"https:\\\/\\\/cifreceramica.com\\\/#organization\"},\"potentialAction\":[{\"@type\":\"SearchAction\",\"target\":{\"@type\":\"EntryPoint\",\"urlTemplate\":\"https:\\\/\\\/cifreceramica.com\\\/?s={search_term_string}\"},\"query-input\":{\"@type\":\"PropertyValueSpecification\",\"valueRequired\":true,\"valueName\":\"search_term_string\"}}],\"inLanguage\":\"en-US\"},{\"@type\":\"Organization\",\"@id\":\"https:\\\/\\\/cifreceramica.com\\\/#organization\",\"name\":\"CIFRE CERAMICA SL.\",\"url\":\"https:\\\/\\\/cifreceramica.com\\\/\",\"logo\":{\"@type\":\"ImageObject\",\"inLanguage\":\"en-US\",\"@id\":\"https:\\\/\\\/cifreceramica.com\\\/#\\\/schema\\\/logo\\\/image\\\/\",\"url\":\"https:\\\/\\\/cifreceramica.com\\\/wp-content\\\/uploads\\\/2020\\\/03\\\/logo-cifre.jpg\",\"contentUrl\":\"https:\\\/\\\/cifreceramica.com\\\/wp-content\\\/uploads\\\/2020\\\/03\\\/logo-cifre.jpg\",\"width\":648,\"height\":320,\"caption\":\"CIFRE CERAMICA SL.\"},\"image\":{\"@id\":\"https:\\\/\\\/cifreceramica.com\\\/#\\\/schema\\\/logo\\\/image\\\/\"},\"sameAs\":[\"https:\\\/\\\/www.facebook.com\\\/Cifreceramica\\\/\",\"https:\\\/\\\/x.com\\\/cifreceramica\",\"https:\\\/\\\/www.instagram.com\\\/cifreceramica\\\/\",\"https:\\\/\\\/www.linkedin.com\\\/cifreceramica\",\"https:\\\/\\\/www.pinterest.es\\\/CifreReport\\\/_created\\\/\",\"https:\\\/\\\/www.youtube.com\\\/channel\\\/UC6T43U-C68ZKx58s-QVY0Eg\"]}]}<\/script>\n<!-- \/ Yoast SEO plugin. -->","yoast_head_json":{"title":"Stock Tiendas - CIFRE CER\u00c1MICA","robots":{"index":"index","follow":"follow","max-snippet":"max-snippet:-1","max-image-preview":"max-image-preview:large","max-video-preview":"max-video-preview:-1"},"canonical":"https:\/\/cifreceramica.com\/en\/stock-tiendas\/","og_locale":"en_US","og_type":"article","og_title":"Stock Tiendas - CIFRE CER\u00c1MICA","og_description":"[vc_row full_width=&#8221;stretch_row_content&#8221; el_class=&#8221;breadcrumb&#8221;][vc_column][\/vc_column][\/vc_row][vc_row][vc_column width=&#8221;1\/3&#8243;][\/vc_column][vc_column width=&#8221;1\/3&#8243;][vc_column_text] Stock in shops Cifre Cer\u00e1mica offers distributors Cifre Stock, a new digital tool to know the stock of products. This website is designed to work with mobiles or tablets, copy this link in your mobile or tablet browser and save it in your favourites. This way you will access faster. [&hellip;]","og_url":"https:\/\/cifreceramica.com\/en\/stock-tiendas\/","og_site_name":"CIFRE CER\u00c1MICA","article_publisher":"https:\/\/www.facebook.com\/Cifreceramica\/","article_modified_time":"2023-09-22T06:22:08+00:00","twitter_card":"summary_large_image","twitter_site":"@cifreceramica","twitter_misc":{"Est. reading time":"2 minutes"},"schema":{"@context":"https:\/\/schema.org","@graph":[{"@type":"WebPage","@id":"https:\/\/cifreceramica.com\/en\/stock-tiendas\/","url":"https:\/\/cifreceramica.com\/en\/stock-tiendas\/","name":"Stock Tiendas - CIFRE CER\u00c1MICA","isPartOf":{"@id":"https:\/\/cifreceramica.com\/#website"},"datePublished":"2023-09-21T14:05:46+00:00","dateModified":"2023-09-22T06:22:08+00:00","breadcrumb":{"@id":"https:\/\/cifreceramica.com\/en\/stock-tiendas\/#breadcrumb"},"inLanguage":"en-US","potentialAction":[{"@type":"ReadAction","target":["https:\/\/cifreceramica.com\/en\/stock-tiendas\/"]}]},{"@type":"BreadcrumbList","@id":"https:\/\/cifreceramica.com\/en\/stock-tiendas\/#breadcrumb","itemListElement":[{"@type":"ListItem","position":1,"name":"Portada","item":"https:\/\/cifreceramica.com\/en\/"},{"@type":"ListItem","position":2,"name":"Stock Tiendas"}]},{"@type":"WebSite","@id":"https:\/\/cifreceramica.com\/#website","url":"https:\/\/cifreceramica.com\/","name":"CIFRE CER\u00c1MICA","description":"Azulejo, cer\u00e1mica, decoraci\u00f3n, pavimento, revestimiento","publisher":{"@id":"https:\/\/cifreceramica.com\/#organization"},"potentialAction":[{"@type":"SearchAction","target":{"@type":"EntryPoint","urlTemplate":"https:\/\/cifreceramica.com\/?s={search_term_string}"},"query-input":{"@type":"PropertyValueSpecification","valueRequired":true,"valueName":"search_term_string"}}],"inLanguage":"en-US"},{"@type":"Organization","@id":"https:\/\/cifreceramica.com\/#organization","name":"CIFRE CERAMICA SL.","url":"https:\/\/cifreceramica.com\/","logo":{"@type":"ImageObject","inLanguage":"en-US","@id":"https:\/\/cifreceramica.com\/#\/schema\/logo\/image\/","url":"https:\/\/cifreceramica.com\/wp-content\/uploads\/2020\/03\/logo-cifre.jpg","contentUrl":"https:\/\/cifreceramica.com\/wp-content\/uploads\/2020\/03\/logo-cifre.jpg","width":648,"height":320,"caption":"CIFRE CERAMICA SL."},"image":{"@id":"https:\/\/cifreceramica.com\/#\/schema\/logo\/image\/"},"sameAs":["https:\/\/www.facebook.com\/Cifreceramica\/","https:\/\/x.com\/cifreceramica","https:\/\/www.instagram.com\/cifreceramica\/","https:\/\/www.linkedin.com\/cifreceramica","https:\/\/www.pinterest.es\/CifreReport\/_created\/","https:\/\/www.youtube.com\/channel\/UC6T43U-C68ZKx58s-QVY0Eg"]}]}},"_links":{"self":[{"href":"https:\/\/cifreceramica.com\/en\/wp-json\/wp\/v2\/pages\/10822","targetHints":{"allow":["GET"]}}],"collection":[{"href":"https:\/\/cifreceramica.com\/en\/wp-json\/wp\/v2\/pages"}],"about":[{"href":"https:\/\/cifreceramica.com\/en\/wp-json\/wp\/v2\/types\/page"}],"author":[{"embeddable":true,"href":"https:\/\/cifreceramica.com\/en\/wp-json\/wp\/v2\/users\/3"}],"replies":[{"embeddable":true,"href":"https:\/\/cifreceramica.com\/en\/wp-json\/wp\/v2\/comments?post=10822"}],"version-history":[{"count":4,"href":"https:\/\/cifreceramica.com\/en\/wp-json\/wp\/v2\/pages\/10822\/revisions"}],"predecessor-version":[{"id":10853,"href":"https:\/\/cifreceramica.com\/en\/wp-json\/wp\/v2\/pages\/10822\/revisions\/10853"}],"wp:attachment":[{"href":"https:\/\/cifreceramica.com\/en\/wp-json\/wp\/v2\/media?parent=10822"}],"curies":[{"name":"wp","href":"https:\/\/api.w.org\/{rel}","templated":true}]}}