{"id":4476,"date":"2020-06-29T22:18:49","date_gmt":"2020-06-29T20:18:49","guid":{"rendered":"https:\/\/cifreceramica.com\/xlifefusion-acabados\/"},"modified":"2022-03-14T10:56:23","modified_gmt":"2022-03-14T09:56:23","slug":"xlifefusion-acabados","status":"publish","type":"page","link":"https:\/\/cifreceramica.com\/de\/xlifefusion-acabados\/","title":{"rendered":"XlifeFusion Acabados"},"content":{"rendered":"<p>[vc_row full_width=&#8220;stretch_row_content&#8220; el_class=&#8220;breadcrumb&#8220;][vc_column][\/vc_column][\/vc_row][vc_row css=&#8220;.vc_custom_1592549085475{margin-bottom: 50px !important;}&#8220;][vc_column width=&#8220;1\/3&#8243;][\/vc_column][vc_column width=&#8220;1\/3&#8243;][vc_single_image image=&#8220;4320&#8243; img_size=&#8220;full&#8220; alignment=&#8220;center&#8220;][\/vc_column][vc_column width=&#8220;1\/3&#8243;][vc_column_text el_class=&#8220;xfusion_ordenar&#8220;]<a style=\"display: none;\" href=\"#\">Ordenar por inspiraci\u00f3n<\/a>[\/vc_column_text][\/vc_column][\/vc_row][vc_row full_width=&#8220;stretch_row&#8220; el_class=&#8220;menu-fusion&#8220;][vc_column][vc_column_text]<\/p>\n<ul>\n<li><a href=\"\/de\/xlifefusion\/\">Xlife Fusion<\/a><\/li>\n<li class=\"activo\"><a href=\"\/de\/xlifefusion-acabados\/\">Anwendung<\/a><\/li>\n<li><a href=\"\/de\/xlifefusion-productos\/\">Produkt<\/a><\/li>\n<li><a href=\"\/de\/xlifefusion-descargas\/\">Downloads<\/a><\/li>\n<\/ul>\n<p>[\/vc_column_text][\/vc_column][\/vc_row][vc_row el_class=&#8220;xfusion_filtro_acabados&#8220;][vc_column width=&#8220;1\/6&#8243;][vc_column_text el_class=&#8220;ver_todos&#8220;]<\/p>\n<ul class=\"filter-inspiracion\">\n<li style=\"text-align: left;\" data-filter=\"all\"><span style=\"color: #ffffff;\">Alle anzeigen<\/span><\/li>\n<\/ul>\n<p>[\/vc_column_text][\/vc_column][vc_column width=&#8220;5\/6&#8243;][vc_row_inner el_class=&#8220;fila_acabado&#8220;][vc_column_inner width=&#8220;1\/4&#8243;][vc_column_text]Inspiration[\/vc_column_text][\/vc_column_inner][vc_column_inner width=&#8220;3\/4&#8243;][vc_column_text]<\/p>\n<ul class=\"filter-inspiracion\">\n<li data-filter=\"M\u00c1RMOLES\">Marmor<\/li>\n<li data-filter=\"CEMENTOS\">Zement<\/li>\n<li data-filter=\"PIEDRAS\">Stein<\/li>\n<li data-filter=\"METALES\">Metallisch<\/li>\n<li data-filter=\"LISOS\">Farben<\/li>\n<li data-filter=\"BLANCOS\">Weisst\u00f6ne<\/li>\n<\/ul>\n<p>[\/vc_column_text][\/vc_column_inner][\/vc_row_inner][vc_row_inner el_class=&#8220;fila_acabado&#8220;][vc_column_inner width=&#8220;1\/4&#8243;][vc_column_text]Produkts[\/vc_column_text][\/vc_column_inner][vc_column_inner width=&#8220;3\/4&#8243;][vc_column_text]<\/p>\n<ul class=\"filter-cat\">\n<li data-filter=\"ENCIMERA_FUSSION\">Worktops<\/li>\n<li data-filter=\"LAVABOS_FUSSION\">Waschbecken<\/li>\n<li data-filter=\"PLATO_FUSSION\">Duschwannen<\/li>\n<\/ul>\n<p>[\/vc_column_text][\/vc_column_inner][\/vc_row_inner][\/vc_column][\/vc_row][vc_row][vc_column][vc_row el_class=\"xfusion_listado_acabados\"][\/vc_row][\/vc_column][\/vc_row][vc_row][vc_column][vc_empty_space height=&#8220;70px&#8220;][\/vc_column][\/vc_row]<\/p>\n","protected":false},"excerpt":{"rendered":"<p>[vc_row full_width=&#8220;stretch_row_content&#8220; el_class=&#8220;breadcrumb&#8220;][vc_column][\/vc_column][\/vc_row][vc_row css=&#8220;.vc_custom_1592549085475{margin-bottom: 50px !important;}&#8220;][vc_column width=&#8220;1\/3&#8243;][\/vc_column][vc_column width=&#8220;1\/3&#8243;][vc_single_image image=&#8220;4320&#8243; img_size=&#8220;full&#8220; alignment=&#8220;center&#8220;][\/vc_column][vc_column width=&#8220;1\/3&#8243;][vc_column_text el_class=&#8220;xfusion_ordenar&#8220;]Ordenar por inspiraci\u00f3n[\/vc_column_text][\/vc_column][\/vc_row][vc_row full_width=&#8220;stretch_row&#8220; el_class=&#8220;menu-fusion&#8220;][vc_column][vc_column_text] Xlife Fusion Anwendung Produkt Downloads [\/vc_column_text][\/vc_column][\/vc_row][vc_row el_class=&#8220;xfusion_filtro_acabados&#8220;][vc_column width=&#8220;1\/6&#8243;][vc_column_text el_class=&#8220;ver_todos&#8220;] Alle anzeigen [\/vc_column_text][\/vc_column][vc_column width=&#8220;5\/6&#8243;][vc_row_inner el_class=&#8220;fila_acabado&#8220;][vc_column_inner width=&#8220;1\/4&#8243;][vc_column_text]Inspiration[\/vc_column_text][\/vc_column_inner][vc_column_inner width=&#8220;3\/4&#8243;][vc_column_text] Marmor Zement Stein Metallisch Farben Weisst\u00f6ne [\/vc_column_text][\/vc_column_inner][\/vc_row_inner][vc_row_inner el_class=&#8220;fila_acabado&#8220;][vc_column_inner width=&#8220;1\/4&#8243;][vc_column_text]Produkts[\/vc_column_text][\/vc_column_inner][vc_column_inner width=&#8220;3\/4&#8243;][vc_column_text] Worktops Waschbecken Duschwannen [\/vc_column_text][\/vc_column_inner][\/vc_row_inner][\/vc_column][\/vc_row][vc_row][vc_column][\/vc_column][\/vc_row][vc_row][vc_column][vc_empty_space height=&#8220;70px&#8220;][\/vc_column][\/vc_row]<\/p>\n","protected":false},"author":1,"featured_media":0,"parent":0,"menu_order":0,"comment_status":"closed","ping_status":"closed","template":"","meta":{"footnotes":""},"class_list":["post-4476","page","type-page","status-publish","hentry"],"yoast_head":"<!-- This site is optimized with the Yoast SEO plugin v27.3 - https:\/\/yoast.com\/product\/yoast-seo-wordpress\/ -->\n<title>XlifeFusion Acabados - CIFRE CER\u00c1MICA<\/title>\n<meta name=\"robots\" content=\"index, follow, max-snippet:-1, max-image-preview:large, max-video-preview:-1\" \/>\n<link rel=\"canonical\" href=\"https:\/\/cifreceramica.com\/de\/xlifefusion-acabados\/\" \/>\n<meta property=\"og:locale\" content=\"de_DE\" \/>\n<meta property=\"og:type\" content=\"article\" \/>\n<meta property=\"og:title\" content=\"XlifeFusion Acabados - CIFRE CER\u00c1MICA\" \/>\n<meta property=\"og:description\" content=\"[vc_row full_width=&#8220;stretch_row_content&#8220; el_class=&#8220;breadcrumb&#8220;][vc_column][\/vc_column][\/vc_row][vc_row css=&#8220;.vc_custom_1592549085475{margin-bottom: 50px !important;}&#8220;][vc_column width=&#8220;1\/3&#8243;][\/vc_column][vc_column width=&#8220;1\/3&#8243;][vc_single_image image=&#8220;4320&#8243; img_size=&#8220;full&#8220; alignment=&#8220;center&#8220;][\/vc_column][vc_column width=&#8220;1\/3&#8243;][vc_column_text el_class=&#8220;xfusion_ordenar&#8220;]Ordenar por inspiraci\u00f3n[\/vc_column_text][\/vc_column][\/vc_row][vc_row full_width=&#8220;stretch_row&#8220; el_class=&#8220;menu-fusion&#8220;][vc_column][vc_column_text] Xlife Fusion Anwendung Produkt Downloads [\/vc_column_text][\/vc_column][\/vc_row][vc_row el_class=&#8220;xfusion_filtro_acabados&#8220;][vc_column width=&#8220;1\/6&#8243;][vc_column_text el_class=&#8220;ver_todos&#8220;] Alle anzeigen [\/vc_column_text][\/vc_column][vc_column width=&#8220;5\/6&#8243;][vc_row_inner el_class=&#8220;fila_acabado&#8220;][vc_column_inner width=&#8220;1\/4&#8243;][vc_column_text]Inspiration[\/vc_column_text][\/vc_column_inner][vc_column_inner width=&#8220;3\/4&#8243;][vc_column_text] Marmor Zement Stein Metallisch Farben Weisst\u00f6ne [\/vc_column_text][\/vc_column_inner][\/vc_row_inner][vc_row_inner el_class=&#8220;fila_acabado&#8220;][vc_column_inner width=&#8220;1\/4&#8243;][vc_column_text]Produkts[\/vc_column_text][\/vc_column_inner][vc_column_inner width=&#8220;3\/4&#8243;][vc_column_text] Worktops Waschbecken Duschwannen [\/vc_column_text][\/vc_column_inner][\/vc_row_inner][\/vc_column][\/vc_row][vc_row][vc_column][\/vc_column][\/vc_row][vc_row][vc_column][vc_empty_space height=&#8220;70px&#8220;][\/vc_column][\/vc_row]\" \/>\n<meta property=\"og:url\" content=\"https:\/\/cifreceramica.com\/de\/xlifefusion-acabados\/\" \/>\n<meta property=\"og:site_name\" content=\"CIFRE CER\u00c1MICA\" \/>\n<meta property=\"article:publisher\" content=\"https:\/\/www.facebook.com\/Cifreceramica\/\" \/>\n<meta property=\"article:modified_time\" content=\"2022-03-14T09:56:23+00:00\" \/>\n<meta name=\"twitter:card\" content=\"summary_large_image\" \/>\n<meta name=\"twitter:site\" content=\"@cifreceramica\" \/>\n<meta name=\"twitter:label1\" content=\"Gesch\u00e4tzte Lesezeit\" \/>\n\t<meta name=\"twitter:data1\" content=\"1\u00a0Minute\" \/>\n<script type=\"application\/ld+json\" class=\"yoast-schema-graph\">{\"@context\":\"https:\\\/\\\/schema.org\",\"@graph\":[{\"@type\":\"WebPage\",\"@id\":\"https:\\\/\\\/cifreceramica.com\\\/de\\\/xlifefusion-acabados\\\/\",\"url\":\"https:\\\/\\\/cifreceramica.com\\\/de\\\/xlifefusion-acabados\\\/\",\"name\":\"XlifeFusion Acabados - CIFRE CER\u00c1MICA\",\"isPartOf\":{\"@id\":\"https:\\\/\\\/cifreceramica.com\\\/#website\"},\"datePublished\":\"2020-06-29T20:18:49+00:00\",\"dateModified\":\"2022-03-14T09:56:23+00:00\",\"breadcrumb\":{\"@id\":\"https:\\\/\\\/cifreceramica.com\\\/de\\\/xlifefusion-acabados\\\/#breadcrumb\"},\"inLanguage\":\"de\",\"potentialAction\":[{\"@type\":\"ReadAction\",\"target\":[\"https:\\\/\\\/cifreceramica.com\\\/de\\\/xlifefusion-acabados\\\/\"]}]},{\"@type\":\"BreadcrumbList\",\"@id\":\"https:\\\/\\\/cifreceramica.com\\\/de\\\/xlifefusion-acabados\\\/#breadcrumb\",\"itemListElement\":[{\"@type\":\"ListItem\",\"position\":1,\"name\":\"Portada\",\"item\":\"https:\\\/\\\/cifreceramica.com\\\/de\\\/\"},{\"@type\":\"ListItem\",\"position\":2,\"name\":\"XlifeFusion Acabados\"}]},{\"@type\":\"WebSite\",\"@id\":\"https:\\\/\\\/cifreceramica.com\\\/#website\",\"url\":\"https:\\\/\\\/cifreceramica.com\\\/\",\"name\":\"CIFRE CER\u00c1MICA\",\"description\":\"Azulejo, cer\u00e1mica, decoraci\u00f3n, pavimento, revestimiento\",\"publisher\":{\"@id\":\"https:\\\/\\\/cifreceramica.com\\\/#organization\"},\"potentialAction\":[{\"@type\":\"SearchAction\",\"target\":{\"@type\":\"EntryPoint\",\"urlTemplate\":\"https:\\\/\\\/cifreceramica.com\\\/?s={search_term_string}\"},\"query-input\":{\"@type\":\"PropertyValueSpecification\",\"valueRequired\":true,\"valueName\":\"search_term_string\"}}],\"inLanguage\":\"de\"},{\"@type\":\"Organization\",\"@id\":\"https:\\\/\\\/cifreceramica.com\\\/#organization\",\"name\":\"CIFRE CERAMICA SL.\",\"url\":\"https:\\\/\\\/cifreceramica.com\\\/\",\"logo\":{\"@type\":\"ImageObject\",\"inLanguage\":\"de\",\"@id\":\"https:\\\/\\\/cifreceramica.com\\\/#\\\/schema\\\/logo\\\/image\\\/\",\"url\":\"https:\\\/\\\/cifreceramica.com\\\/wp-content\\\/uploads\\\/2020\\\/03\\\/logo-cifre.jpg\",\"contentUrl\":\"https:\\\/\\\/cifreceramica.com\\\/wp-content\\\/uploads\\\/2020\\\/03\\\/logo-cifre.jpg\",\"width\":648,\"height\":320,\"caption\":\"CIFRE CERAMICA SL.\"},\"image\":{\"@id\":\"https:\\\/\\\/cifreceramica.com\\\/#\\\/schema\\\/logo\\\/image\\\/\"},\"sameAs\":[\"https:\\\/\\\/www.facebook.com\\\/Cifreceramica\\\/\",\"https:\\\/\\\/x.com\\\/cifreceramica\",\"https:\\\/\\\/www.instagram.com\\\/cifreceramica\\\/\",\"https:\\\/\\\/www.linkedin.com\\\/cifreceramica\",\"https:\\\/\\\/www.pinterest.es\\\/CifreReport\\\/_created\\\/\",\"https:\\\/\\\/www.youtube.com\\\/channel\\\/UC6T43U-C68ZKx58s-QVY0Eg\"]}]}<\/script>\n<!-- \/ Yoast SEO plugin. -->","yoast_head_json":{"title":"XlifeFusion Acabados - CIFRE CER\u00c1MICA","robots":{"index":"index","follow":"follow","max-snippet":"max-snippet:-1","max-image-preview":"max-image-preview:large","max-video-preview":"max-video-preview:-1"},"canonical":"https:\/\/cifreceramica.com\/de\/xlifefusion-acabados\/","og_locale":"de_DE","og_type":"article","og_title":"XlifeFusion Acabados - CIFRE CER\u00c1MICA","og_description":"[vc_row full_width=&#8220;stretch_row_content&#8220; el_class=&#8220;breadcrumb&#8220;][vc_column][\/vc_column][\/vc_row][vc_row css=&#8220;.vc_custom_1592549085475{margin-bottom: 50px !important;}&#8220;][vc_column width=&#8220;1\/3&#8243;][\/vc_column][vc_column width=&#8220;1\/3&#8243;][vc_single_image image=&#8220;4320&#8243; img_size=&#8220;full&#8220; alignment=&#8220;center&#8220;][\/vc_column][vc_column width=&#8220;1\/3&#8243;][vc_column_text el_class=&#8220;xfusion_ordenar&#8220;]Ordenar por inspiraci\u00f3n[\/vc_column_text][\/vc_column][\/vc_row][vc_row full_width=&#8220;stretch_row&#8220; el_class=&#8220;menu-fusion&#8220;][vc_column][vc_column_text] Xlife Fusion Anwendung Produkt Downloads [\/vc_column_text][\/vc_column][\/vc_row][vc_row el_class=&#8220;xfusion_filtro_acabados&#8220;][vc_column width=&#8220;1\/6&#8243;][vc_column_text el_class=&#8220;ver_todos&#8220;] Alle anzeigen [\/vc_column_text][\/vc_column][vc_column width=&#8220;5\/6&#8243;][vc_row_inner el_class=&#8220;fila_acabado&#8220;][vc_column_inner width=&#8220;1\/4&#8243;][vc_column_text]Inspiration[\/vc_column_text][\/vc_column_inner][vc_column_inner width=&#8220;3\/4&#8243;][vc_column_text] Marmor Zement Stein Metallisch Farben Weisst\u00f6ne [\/vc_column_text][\/vc_column_inner][\/vc_row_inner][vc_row_inner el_class=&#8220;fila_acabado&#8220;][vc_column_inner width=&#8220;1\/4&#8243;][vc_column_text]Produkts[\/vc_column_text][\/vc_column_inner][vc_column_inner width=&#8220;3\/4&#8243;][vc_column_text] Worktops Waschbecken Duschwannen [\/vc_column_text][\/vc_column_inner][\/vc_row_inner][\/vc_column][\/vc_row][vc_row][vc_column][\/vc_column][\/vc_row][vc_row][vc_column][vc_empty_space height=&#8220;70px&#8220;][\/vc_column][\/vc_row]","og_url":"https:\/\/cifreceramica.com\/de\/xlifefusion-acabados\/","og_site_name":"CIFRE CER\u00c1MICA","article_publisher":"https:\/\/www.facebook.com\/Cifreceramica\/","article_modified_time":"2022-03-14T09:56:23+00:00","twitter_card":"summary_large_image","twitter_site":"@cifreceramica","twitter_misc":{"Gesch\u00e4tzte Lesezeit":"1\u00a0Minute"},"schema":{"@context":"https:\/\/schema.org","@graph":[{"@type":"WebPage","@id":"https:\/\/cifreceramica.com\/de\/xlifefusion-acabados\/","url":"https:\/\/cifreceramica.com\/de\/xlifefusion-acabados\/","name":"XlifeFusion Acabados - CIFRE CER\u00c1MICA","isPartOf":{"@id":"https:\/\/cifreceramica.com\/#website"},"datePublished":"2020-06-29T20:18:49+00:00","dateModified":"2022-03-14T09:56:23+00:00","breadcrumb":{"@id":"https:\/\/cifreceramica.com\/de\/xlifefusion-acabados\/#breadcrumb"},"inLanguage":"de","potentialAction":[{"@type":"ReadAction","target":["https:\/\/cifreceramica.com\/de\/xlifefusion-acabados\/"]}]},{"@type":"BreadcrumbList","@id":"https:\/\/cifreceramica.com\/de\/xlifefusion-acabados\/#breadcrumb","itemListElement":[{"@type":"ListItem","position":1,"name":"Portada","item":"https:\/\/cifreceramica.com\/de\/"},{"@type":"ListItem","position":2,"name":"XlifeFusion Acabados"}]},{"@type":"WebSite","@id":"https:\/\/cifreceramica.com\/#website","url":"https:\/\/cifreceramica.com\/","name":"CIFRE CER\u00c1MICA","description":"Azulejo, cer\u00e1mica, decoraci\u00f3n, pavimento, revestimiento","publisher":{"@id":"https:\/\/cifreceramica.com\/#organization"},"potentialAction":[{"@type":"SearchAction","target":{"@type":"EntryPoint","urlTemplate":"https:\/\/cifreceramica.com\/?s={search_term_string}"},"query-input":{"@type":"PropertyValueSpecification","valueRequired":true,"valueName":"search_term_string"}}],"inLanguage":"de"},{"@type":"Organization","@id":"https:\/\/cifreceramica.com\/#organization","name":"CIFRE CERAMICA SL.","url":"https:\/\/cifreceramica.com\/","logo":{"@type":"ImageObject","inLanguage":"de","@id":"https:\/\/cifreceramica.com\/#\/schema\/logo\/image\/","url":"https:\/\/cifreceramica.com\/wp-content\/uploads\/2020\/03\/logo-cifre.jpg","contentUrl":"https:\/\/cifreceramica.com\/wp-content\/uploads\/2020\/03\/logo-cifre.jpg","width":648,"height":320,"caption":"CIFRE CERAMICA SL."},"image":{"@id":"https:\/\/cifreceramica.com\/#\/schema\/logo\/image\/"},"sameAs":["https:\/\/www.facebook.com\/Cifreceramica\/","https:\/\/x.com\/cifreceramica","https:\/\/www.instagram.com\/cifreceramica\/","https:\/\/www.linkedin.com\/cifreceramica","https:\/\/www.pinterest.es\/CifreReport\/_created\/","https:\/\/www.youtube.com\/channel\/UC6T43U-C68ZKx58s-QVY0Eg"]}]}},"_links":{"self":[{"href":"https:\/\/cifreceramica.com\/de\/wp-json\/wp\/v2\/pages\/4476","targetHints":{"allow":["GET"]}}],"collection":[{"href":"https:\/\/cifreceramica.com\/de\/wp-json\/wp\/v2\/pages"}],"about":[{"href":"https:\/\/cifreceramica.com\/de\/wp-json\/wp\/v2\/types\/page"}],"author":[{"embeddable":true,"href":"https:\/\/cifreceramica.com\/de\/wp-json\/wp\/v2\/users\/1"}],"replies":[{"embeddable":true,"href":"https:\/\/cifreceramica.com\/de\/wp-json\/wp\/v2\/comments?post=4476"}],"version-history":[{"count":10,"href":"https:\/\/cifreceramica.com\/de\/wp-json\/wp\/v2\/pages\/4476\/revisions"}],"predecessor-version":[{"id":8699,"href":"https:\/\/cifreceramica.com\/de\/wp-json\/wp\/v2\/pages\/4476\/revisions\/8699"}],"wp:attachment":[{"href":"https:\/\/cifreceramica.com\/de\/wp-json\/wp\/v2\/media?parent=4476"}],"curies":[{"name":"wp","href":"https:\/\/api.w.org\/{rel}","templated":true}]}}