{"id":4470,"date":"2020-06-29T21:48:42","date_gmt":"2020-06-29T19:48:42","guid":{"rendered":"https:\/\/cifreceramica.com\/xlifefusion\/"},"modified":"2024-04-09T14:49:51","modified_gmt":"2024-04-09T12:49:51","slug":"xlifefusion","status":"publish","type":"page","link":"https:\/\/cifreceramica.com\/de\/xlifefusion\/","title":{"rendered":"XlifeFusion"},"content":{"rendered":"<p>[vc_row full_width=&#8220;stretch_row_content&#8220; el_class=&#8220;breadcrumb&#8220;][vc_column][\/vc_column][\/vc_row][vc_row][vc_column][vc_single_image image=&#8220;4320&#8243; img_size=&#8220;full&#8220; alignment=&#8220;center&#8220;][\/vc_column][\/vc_row][vc_row el_class=&#8220;menu-fusion&#8220;][vc_column][vc_column_text]<\/p>\n<ul>\n<li class=\"activo\"><a href=\"\/de\/xlifefusion\/\">Xlife Fusion<\/a><\/li>\n<li><a href=\"\/de\/xlifefusion-acabados\/\">Anwendung<\/a><\/li>\n<li><a href=\"\/de\/xlifefusion-productos\/\">Produkt<\/a><\/li>\n<li><a href=\"\/de\/xlifefusion-descargas\/\">Downloads<\/a><\/li>\n<\/ul>\n<p>[\/vc_column_text][\/vc_column][\/vc_row][vc_row][vc_column width=&#8220;1\/6&#8243;][\/vc_column][vc_column width=&#8220;2\/3&#8243;][vc_column_text el_class=&#8220;texto_xlife&#8220;]<\/p>\n<p style=\"text-align: center;\"><span style=\"color: #ffffff;\">XLIFE Fusion ist aus der Verbindung von Keramikplatte und Design entstanden. Die erlesensten Materialien von Cifre Cer\u00e1mica verbinden Design und Technologie, um Architektur- und Innenarchitekturprojekte zu einzigartigen und exklusiven F\u00e4llen zu machen.<\/span><\/p>\n<p style=\"text-align: center;\"><span style=\"color: #ffffff;\">Der Trend der Cifre Cer\u00e1mica auf der Suche nach neuen Produkten f\u00fcr den Fachmann, schafft es, die neuesten Trends in der Dekoration (gro\u00dfe Formate) und ihre direktesten Anwendungen f\u00fcr den Fachmann zusammenzubringen.<\/span><\/p>\n<p>[\/vc_column_text][\/vc_column][vc_column width=&#8220;1\/6&#8243;][\/vc_column][\/vc_row][vc_row css=&#8220;.vc_custom_1642423188628{margin-top: 50px !important;}&#8220;][vc_column][vc_single_image image=&#8220;7579&#8243; img_size=&#8220;full&#8220; alignment=&#8220;center&#8220;][\/vc_column][\/vc_row][vc_row full_width=&#8220;stretch_row&#8220; el_class=&#8220;tabs-fusion&#8220;][vc_column][vc_tta_tabs style=&#8220;modern&#8220; shape=&#8220;square&#8220; color=&#8220;black&#8220; active_section=&#8220;1&#8243;][vc_tta_section title=&#8220;Worktops&#8220; tab_id=&#8220;1592556458473-2590b7cc-0c6c44fe-ef41&#8243;][vc_row_inner][vc_column_inner width=&#8220;1\/6&#8243;][\/vc_column_inner][vc_column_inner width=&#8220;2\/3&#8243;][vc_column_text]<\/p>\n<h2>Worktops<\/h2>\n<p>Die Personalisierung ist ein wesentlicher Faktor in der Arbeitsplattenkollektion von XLIFE Fusion, da sie einer zeitgem\u00e4\u00dfen und eleganten Linie folgt und St\u00fccke pr\u00e4sentiert, die mit den Keramikoberfl\u00e4chen von Cifre Cer\u00e1mica, den M\u00f6glichkeiten der Oberfl\u00e4chen und der gro\u00dfen Auswahl an Xlife-Produkten verwandt sind, was die Personalisierung zum Hauptmerkmal dieses Projekts macht.<\/p>\n<p>Vielseitige und funktionelle St\u00fccke, die sich leicht an den verf\u00fcgbaren Raum anpassen.[\/vc_column_text][\/vc_column_inner][vc_column_inner width=&#8220;1\/6&#8243;][\/vc_column_inner][\/vc_row_inner][vc_row_inner equal_height=&#8220;yes&#8220; el_class=&#8220;slide-fusion&#8220;][vc_column_inner width=&#8220;1\/12&#8243;][\/vc_column_inner][vc_column_inner width=&#8220;10\/12&#8243;][vc_single_image image=&#8220;4406&#8243; img_size=&#8220;full&#8220;][\/vc_column_inner][vc_column_inner width=&#8220;1\/12&#8243;][\/vc_column_inner][\/vc_row_inner][\/vc_tta_section][vc_tta_section title=&#8220;Waschbecken&#8220; tab_id=&#8220;1592556457177-e23cb43b-e92144fe-ef41&#8243;][vc_row_inner][vc_column_inner width=&#8220;1\/6&#8243;][\/vc_column_inner][vc_column_inner width=&#8220;2\/3&#8243;][vc_column_text]<\/p>\n<h2>Waschbecken<\/h2>\n<p>Mit dieser Kollektion keramischer Badm\u00f6bel gibt Cifre Cer\u00e1mica die Hinweise, die zeigen, wie weit dieses Material gehen kann. Unsere XLIFE-St\u00fccke sind der einzige Protagonist dieser vollst\u00e4ndig aus Porzellan gefertigten Badm\u00f6bel, die sowohl im freistehenden Format als auch in einem Design erh\u00e4ltlich sind, das bereit ist, auf unsere M\u00f6bel gestellt zu werden.[\/vc_column_text][\/vc_column_inner][vc_column_inner width=&#8220;1\/6&#8243;][\/vc_column_inner][\/vc_row_inner][vc_row_inner equal_height=&#8220;yes&#8220; el_class=&#8220;slide-fusion&#8220;][vc_column_inner width=&#8220;1\/12&#8243;][\/vc_column_inner][vc_column_inner width=&#8220;10\/12&#8243;][vc_single_image image=&#8220;4419&#8243; img_size=&#8220;full&#8220;][\/vc_column_inner][vc_column_inner width=&#8220;1\/12&#8243;][\/vc_column_inner][\/vc_row_inner][\/vc_tta_section][\/vc_tta_tabs][\/vc_column][\/vc_row]<\/p>\n","protected":false},"excerpt":{"rendered":"<p>[vc_row full_width=&#8220;stretch_row_content&#8220; el_class=&#8220;breadcrumb&#8220;][vc_column][\/vc_column][\/vc_row][vc_row][vc_column][vc_single_image image=&#8220;4320&#8243; img_size=&#8220;full&#8220; alignment=&#8220;center&#8220;][\/vc_column][\/vc_row][vc_row el_class=&#8220;menu-fusion&#8220;][vc_column][vc_column_text] Xlife Fusion Anwendung Produkt Downloads [\/vc_column_text][\/vc_column][\/vc_row][vc_row][vc_column width=&#8220;1\/6&#8243;][\/vc_column][vc_column width=&#8220;2\/3&#8243;][vc_column_text el_class=&#8220;texto_xlife&#8220;] XLIFE Fusion ist aus der Verbindung von Keramikplatte und Design entstanden. Die erlesensten Materialien von Cifre Cer\u00e1mica verbinden Design und Technologie, um Architektur- und Innenarchitekturprojekte zu einzigartigen und exklusiven F\u00e4llen zu machen. Der Trend der Cifre Cer\u00e1mica auf der [&hellip;]<\/p>\n","protected":false},"author":1,"featured_media":0,"parent":0,"menu_order":0,"comment_status":"closed","ping_status":"closed","template":"","meta":{"footnotes":""},"class_list":["post-4470","page","type-page","status-publish","hentry"],"yoast_head":"<!-- This site is optimized with the Yoast SEO plugin v27.3 - https:\/\/yoast.com\/product\/yoast-seo-wordpress\/ -->\n<title>XlifeFusion - CIFRE CER\u00c1MICA<\/title>\n<meta name=\"robots\" content=\"index, follow, max-snippet:-1, max-image-preview:large, max-video-preview:-1\" \/>\n<link rel=\"canonical\" href=\"https:\/\/cifreceramica.com\/de\/xlifefusion\/\" \/>\n<meta property=\"og:locale\" content=\"de_DE\" \/>\n<meta property=\"og:type\" content=\"article\" \/>\n<meta property=\"og:title\" content=\"XlifeFusion - CIFRE CER\u00c1MICA\" \/>\n<meta property=\"og:description\" content=\"[vc_row full_width=&#8220;stretch_row_content&#8220; el_class=&#8220;breadcrumb&#8220;][vc_column][\/vc_column][\/vc_row][vc_row][vc_column][vc_single_image image=&#8220;4320&#8243; img_size=&#8220;full&#8220; alignment=&#8220;center&#8220;][\/vc_column][\/vc_row][vc_row el_class=&#8220;menu-fusion&#8220;][vc_column][vc_column_text] Xlife Fusion Anwendung Produkt Downloads [\/vc_column_text][\/vc_column][\/vc_row][vc_row][vc_column width=&#8220;1\/6&#8243;][\/vc_column][vc_column width=&#8220;2\/3&#8243;][vc_column_text el_class=&#8220;texto_xlife&#8220;] XLIFE Fusion ist aus der Verbindung von Keramikplatte und Design entstanden. Die erlesensten Materialien von Cifre Cer\u00e1mica verbinden Design und Technologie, um Architektur- und Innenarchitekturprojekte zu einzigartigen und exklusiven F\u00e4llen zu machen. Der Trend der Cifre Cer\u00e1mica auf der [&hellip;]\" \/>\n<meta property=\"og:url\" content=\"https:\/\/cifreceramica.com\/de\/xlifefusion\/\" \/>\n<meta property=\"og:site_name\" content=\"CIFRE CER\u00c1MICA\" \/>\n<meta property=\"article:publisher\" content=\"https:\/\/www.facebook.com\/Cifreceramica\/\" \/>\n<meta property=\"article:modified_time\" content=\"2024-04-09T12:49:51+00:00\" \/>\n<meta name=\"twitter:card\" content=\"summary_large_image\" \/>\n<meta name=\"twitter:site\" content=\"@cifreceramica\" \/>\n<meta name=\"twitter:label1\" content=\"Gesch\u00e4tzte Lesezeit\" \/>\n\t<meta name=\"twitter:data1\" content=\"2\u00a0Minuten\" \/>\n<script type=\"application\/ld+json\" class=\"yoast-schema-graph\">{\"@context\":\"https:\\\/\\\/schema.org\",\"@graph\":[{\"@type\":\"WebPage\",\"@id\":\"https:\\\/\\\/cifreceramica.com\\\/de\\\/xlifefusion\\\/\",\"url\":\"https:\\\/\\\/cifreceramica.com\\\/de\\\/xlifefusion\\\/\",\"name\":\"XlifeFusion - CIFRE CER\u00c1MICA\",\"isPartOf\":{\"@id\":\"https:\\\/\\\/cifreceramica.com\\\/#website\"},\"datePublished\":\"2020-06-29T19:48:42+00:00\",\"dateModified\":\"2024-04-09T12:49:51+00:00\",\"breadcrumb\":{\"@id\":\"https:\\\/\\\/cifreceramica.com\\\/de\\\/xlifefusion\\\/#breadcrumb\"},\"inLanguage\":\"de\",\"potentialAction\":[{\"@type\":\"ReadAction\",\"target\":[\"https:\\\/\\\/cifreceramica.com\\\/de\\\/xlifefusion\\\/\"]}]},{\"@type\":\"BreadcrumbList\",\"@id\":\"https:\\\/\\\/cifreceramica.com\\\/de\\\/xlifefusion\\\/#breadcrumb\",\"itemListElement\":[{\"@type\":\"ListItem\",\"position\":1,\"name\":\"Portada\",\"item\":\"https:\\\/\\\/cifreceramica.com\\\/de\\\/\"},{\"@type\":\"ListItem\",\"position\":2,\"name\":\"XlifeFusion\"}]},{\"@type\":\"WebSite\",\"@id\":\"https:\\\/\\\/cifreceramica.com\\\/#website\",\"url\":\"https:\\\/\\\/cifreceramica.com\\\/\",\"name\":\"CIFRE CER\u00c1MICA\",\"description\":\"Azulejo, cer\u00e1mica, decoraci\u00f3n, pavimento, revestimiento\",\"publisher\":{\"@id\":\"https:\\\/\\\/cifreceramica.com\\\/#organization\"},\"potentialAction\":[{\"@type\":\"SearchAction\",\"target\":{\"@type\":\"EntryPoint\",\"urlTemplate\":\"https:\\\/\\\/cifreceramica.com\\\/?s={search_term_string}\"},\"query-input\":{\"@type\":\"PropertyValueSpecification\",\"valueRequired\":true,\"valueName\":\"search_term_string\"}}],\"inLanguage\":\"de\"},{\"@type\":\"Organization\",\"@id\":\"https:\\\/\\\/cifreceramica.com\\\/#organization\",\"name\":\"CIFRE CERAMICA SL.\",\"url\":\"https:\\\/\\\/cifreceramica.com\\\/\",\"logo\":{\"@type\":\"ImageObject\",\"inLanguage\":\"de\",\"@id\":\"https:\\\/\\\/cifreceramica.com\\\/#\\\/schema\\\/logo\\\/image\\\/\",\"url\":\"https:\\\/\\\/cifreceramica.com\\\/wp-content\\\/uploads\\\/2020\\\/03\\\/logo-cifre.jpg\",\"contentUrl\":\"https:\\\/\\\/cifreceramica.com\\\/wp-content\\\/uploads\\\/2020\\\/03\\\/logo-cifre.jpg\",\"width\":648,\"height\":320,\"caption\":\"CIFRE CERAMICA SL.\"},\"image\":{\"@id\":\"https:\\\/\\\/cifreceramica.com\\\/#\\\/schema\\\/logo\\\/image\\\/\"},\"sameAs\":[\"https:\\\/\\\/www.facebook.com\\\/Cifreceramica\\\/\",\"https:\\\/\\\/x.com\\\/cifreceramica\",\"https:\\\/\\\/www.instagram.com\\\/cifreceramica\\\/\",\"https:\\\/\\\/www.linkedin.com\\\/cifreceramica\",\"https:\\\/\\\/www.pinterest.es\\\/CifreReport\\\/_created\\\/\",\"https:\\\/\\\/www.youtube.com\\\/channel\\\/UC6T43U-C68ZKx58s-QVY0Eg\"]}]}<\/script>\n<!-- \/ Yoast SEO plugin. -->","yoast_head_json":{"title":"XlifeFusion - CIFRE CER\u00c1MICA","robots":{"index":"index","follow":"follow","max-snippet":"max-snippet:-1","max-image-preview":"max-image-preview:large","max-video-preview":"max-video-preview:-1"},"canonical":"https:\/\/cifreceramica.com\/de\/xlifefusion\/","og_locale":"de_DE","og_type":"article","og_title":"XlifeFusion - CIFRE CER\u00c1MICA","og_description":"[vc_row full_width=&#8220;stretch_row_content&#8220; el_class=&#8220;breadcrumb&#8220;][vc_column][\/vc_column][\/vc_row][vc_row][vc_column][vc_single_image image=&#8220;4320&#8243; img_size=&#8220;full&#8220; alignment=&#8220;center&#8220;][\/vc_column][\/vc_row][vc_row el_class=&#8220;menu-fusion&#8220;][vc_column][vc_column_text] Xlife Fusion Anwendung Produkt Downloads [\/vc_column_text][\/vc_column][\/vc_row][vc_row][vc_column width=&#8220;1\/6&#8243;][\/vc_column][vc_column width=&#8220;2\/3&#8243;][vc_column_text el_class=&#8220;texto_xlife&#8220;] XLIFE Fusion ist aus der Verbindung von Keramikplatte und Design entstanden. Die erlesensten Materialien von Cifre Cer\u00e1mica verbinden Design und Technologie, um Architektur- und Innenarchitekturprojekte zu einzigartigen und exklusiven F\u00e4llen zu machen. Der Trend der Cifre Cer\u00e1mica auf der [&hellip;]","og_url":"https:\/\/cifreceramica.com\/de\/xlifefusion\/","og_site_name":"CIFRE CER\u00c1MICA","article_publisher":"https:\/\/www.facebook.com\/Cifreceramica\/","article_modified_time":"2024-04-09T12:49:51+00:00","twitter_card":"summary_large_image","twitter_site":"@cifreceramica","twitter_misc":{"Gesch\u00e4tzte Lesezeit":"2\u00a0Minuten"},"schema":{"@context":"https:\/\/schema.org","@graph":[{"@type":"WebPage","@id":"https:\/\/cifreceramica.com\/de\/xlifefusion\/","url":"https:\/\/cifreceramica.com\/de\/xlifefusion\/","name":"XlifeFusion - CIFRE CER\u00c1MICA","isPartOf":{"@id":"https:\/\/cifreceramica.com\/#website"},"datePublished":"2020-06-29T19:48:42+00:00","dateModified":"2024-04-09T12:49:51+00:00","breadcrumb":{"@id":"https:\/\/cifreceramica.com\/de\/xlifefusion\/#breadcrumb"},"inLanguage":"de","potentialAction":[{"@type":"ReadAction","target":["https:\/\/cifreceramica.com\/de\/xlifefusion\/"]}]},{"@type":"BreadcrumbList","@id":"https:\/\/cifreceramica.com\/de\/xlifefusion\/#breadcrumb","itemListElement":[{"@type":"ListItem","position":1,"name":"Portada","item":"https:\/\/cifreceramica.com\/de\/"},{"@type":"ListItem","position":2,"name":"XlifeFusion"}]},{"@type":"WebSite","@id":"https:\/\/cifreceramica.com\/#website","url":"https:\/\/cifreceramica.com\/","name":"CIFRE CER\u00c1MICA","description":"Azulejo, cer\u00e1mica, decoraci\u00f3n, pavimento, revestimiento","publisher":{"@id":"https:\/\/cifreceramica.com\/#organization"},"potentialAction":[{"@type":"SearchAction","target":{"@type":"EntryPoint","urlTemplate":"https:\/\/cifreceramica.com\/?s={search_term_string}"},"query-input":{"@type":"PropertyValueSpecification","valueRequired":true,"valueName":"search_term_string"}}],"inLanguage":"de"},{"@type":"Organization","@id":"https:\/\/cifreceramica.com\/#organization","name":"CIFRE CERAMICA SL.","url":"https:\/\/cifreceramica.com\/","logo":{"@type":"ImageObject","inLanguage":"de","@id":"https:\/\/cifreceramica.com\/#\/schema\/logo\/image\/","url":"https:\/\/cifreceramica.com\/wp-content\/uploads\/2020\/03\/logo-cifre.jpg","contentUrl":"https:\/\/cifreceramica.com\/wp-content\/uploads\/2020\/03\/logo-cifre.jpg","width":648,"height":320,"caption":"CIFRE CERAMICA SL."},"image":{"@id":"https:\/\/cifreceramica.com\/#\/schema\/logo\/image\/"},"sameAs":["https:\/\/www.facebook.com\/Cifreceramica\/","https:\/\/x.com\/cifreceramica","https:\/\/www.instagram.com\/cifreceramica\/","https:\/\/www.linkedin.com\/cifreceramica","https:\/\/www.pinterest.es\/CifreReport\/_created\/","https:\/\/www.youtube.com\/channel\/UC6T43U-C68ZKx58s-QVY0Eg"]}]}},"_links":{"self":[{"href":"https:\/\/cifreceramica.com\/de\/wp-json\/wp\/v2\/pages\/4470","targetHints":{"allow":["GET"]}}],"collection":[{"href":"https:\/\/cifreceramica.com\/de\/wp-json\/wp\/v2\/pages"}],"about":[{"href":"https:\/\/cifreceramica.com\/de\/wp-json\/wp\/v2\/types\/page"}],"author":[{"embeddable":true,"href":"https:\/\/cifreceramica.com\/de\/wp-json\/wp\/v2\/users\/1"}],"replies":[{"embeddable":true,"href":"https:\/\/cifreceramica.com\/de\/wp-json\/wp\/v2\/comments?post=4470"}],"version-history":[{"count":11,"href":"https:\/\/cifreceramica.com\/de\/wp-json\/wp\/v2\/pages\/4470\/revisions"}],"predecessor-version":[{"id":11725,"href":"https:\/\/cifreceramica.com\/de\/wp-json\/wp\/v2\/pages\/4470\/revisions\/11725"}],"wp:attachment":[{"href":"https:\/\/cifreceramica.com\/de\/wp-json\/wp\/v2\/media?parent=4470"}],"curies":[{"name":"wp","href":"https:\/\/api.w.org\/{rel}","templated":true}]}}