{"id":4252,"date":"2020-04-15T13:15:39","date_gmt":"2020-04-15T11:15:39","guid":{"rendered":"https:\/\/cifreceramica.com\/cifre-store-carrito\/"},"modified":"2023-10-10T17:40:54","modified_gmt":"2023-10-10T15:40:54","slug":"cifre-store-carrito","status":"publish","type":"page","link":"https:\/\/cifreceramica.com\/de\/cifre-store-carrito\/","title":{"rendered":"Cifre store carrito"},"content":{"rendered":"<p>[vc_row full_width=&#8220;stretch_row_content&#8220; el_class=&#8220;breadcrumb&#8220;][vc_column][\/vc_column][\/vc_row][vc_row full_width=&#8220;stretch_row&#8220; el_class=&#8220;cabecera_store&#8220;][vc_column width=&#8220;1\/3&#8243;][vc_btn title=&#8220;Zur\u00fcck zu Cifre Store&#8220; style=&#8220;outline-custom&#8220; outline_custom_color=&#8220;#000000&#8243; outline_custom_hover_background=&#8220;#000000&#8243; outline_custom_hover_text=&#8220;#ffffff&#8220; size=&#8220;sm&#8220; align=&#8220;center&#8220; i_icon_fontawesome=&#8220;far fa-arrow-alt-circle-left&#8220; add_icon=&#8220;true&#8220; link=&#8220;url:https%3A%2F%2Fcifreceramica.com%2Fcifre-store&#8220;][\/vc_column][vc_column width=&#8220;1\/3&#8243;][vc_column_text]<\/p>\n<h1>Cifre Store<\/h1>\n<p>[\/vc_column_text][vc_row_inner][vc_column_inner width=&#8220;1\/3&#8243;][vc_btn title=&#8220;PDF-Auswahl&#8220; style=&#8220;outline-custom&#8220; outline_custom_color=&#8220;#000000&#8243; outline_custom_hover_background=&#8220;#000000&#8243; outline_custom_hover_text=&#8220;#ffffff&#8220; size=&#8220;sm&#8220; align=&#8220;center&#8220; button_block=&#8220;true&#8220; link=&#8220;url:https%3A%2F%2Fcifreceramica.com%2Fpdf-cifrestore%2F%3Fseleccion%3Dtrue|target:_blank&#8220;][\/vc_column_inner][vc_column_inner width=&#8220;1\/3&#8243;][vc_btn title=&#8220;Vollst\u00e4ndiges PDF&#8220; style=&#8220;outline-custom&#8220; outline_custom_color=&#8220;#000000&#8243; outline_custom_hover_background=&#8220;#000000&#8243; outline_custom_hover_text=&#8220;#ffffff&#8220; size=&#8220;sm&#8220; align=&#8220;center&#8220; button_block=&#8220;true&#8220; link=&#8220;url:https%3A%2F%2Fcifreceramica.com%2Fpdf-cifrestore%2F|target:_blank&#8220;][\/vc_column_inner][vc_column_inner width=&#8220;1\/3&#8243;][vc_btn title=&#8220;Leeren Korb&#8220; style=&#8220;outline-custom&#8220; outline_custom_color=&#8220;#000000&#8243; outline_custom_hover_background=&#8220;#000000&#8243; outline_custom_hover_text=&#8220;#ffffff&#8220; size=&#8220;sm&#8220; align=&#8220;center&#8220; button_block=&#8220;true&#8220; custom_onclick=&#8220;true&#8220; link=&#8220;target:_blank&#8220; custom_onclick_code=&#8220;clear_all_store();&#8220;][\/vc_column_inner][\/vc_row_inner][\/vc_column][vc_column width=&#8220;1\/3&#8243;][vc_column_text el_class=\"carrito_store\"](<span id=\"num_el_cart\">0<\/span>)<a href=\"https:\/\/cifreceramica.com\/de\/\/cifre-store-carrito\"><img loading=\"lazy\" decoding=\"async\" class=\"alignnone size-full wp-image-4134\" src=\"https:\/\/cifreceramica.com\/wp-content\/uploads\/2020\/04\/carrito.png\" alt=\"\" width=\"30\" height=\"30\" \/><\/a>[\/vc_column_text][\/vc_column][\/vc_row][vc_row][vc_column][vc_column_text]<\/p>\n<p>[\/vc_column_text][\/vc_column][\/vc_row][vc_row el_class=&#8220;carrito_store_tabla&#8220;][vc_column width=&#8220;1\/6&#8243;][\/vc_column][vc_column width=&#8220;2\/3&#8243;][vc_row_inner ][vc_column][vc_custom_heading text=\"Lo sentimos, este apartado es de uso restringido.\n<br>Lamentamos las molestias. Un saludo.\" font_container=\"tag:div|font_size:20|text_align:center|color:%233f3f3f|line_height:30px\" use_theme_fonts=\"yes\"][\/vc_column][\/vc_row_inner][vc_row_inner el_class=&#8220;finalizar_pedido_store&#8220;][vc_column_inner width=&#8220;1\/2&#8243;][\/vc_column_inner][vc_column_inner width=&#8220;1\/2&#8243;][vc_column_text el_class=&#8220;total_pedido_store&#8220;]<\/p>\n<p style=\"text-align: left;\"><strong>Gesamtbestellung (ohne MwSt.)<\/strong><\/p>\n<p style=\"text-align: right; float: right;\"><strong><span class=\"total_price\"><\/span> \u20ac<\/strong><\/p>\n<p>[\/vc_column_text][vc_btn title=&#8220;Bestellung beenden&#8220; style=&#8220;custom&#8220; custom_background=&#8220;#0a0a0a&#8220; custom_text=&#8220;#ffffff&#8220; shape=&#8220;square&#8220; align=&#8220;left&#8220; link=&#8220;url:%23|||&#8220; el_class=&#8220;btn_left&#8220; el_id=&#8220;boton_finalizar_pedido&#8220;][vc_btn title=&#8220;Weiter einkaufen&#8220; style=&#8220;outline-custom&#8220; outline_custom_color=&#8220;#0a0a0a&#8220; outline_custom_hover_background=&#8220;#0a0a0a&#8220; outline_custom_hover_text=&#8220;#ffffff&#8220; shape=&#8220;square&#8220; align=&#8220;left&#8220; link=&#8220;url:https%3A%2F%2Fcifreceramica.com%2Fcifre-store%2F|title:Cifre%20Store||&#8220;][vc_column_text el_class=&#8220;info_carrito_store&#8220;]Diese E-Mail ist ein Bestellformular und stellt keine Kaufbest\u00e4tigung dar. Sie erhalten in K\u00fcrze eine Proforma- oder offizielle Bestellung mit Nummer und offizieller Best\u00e4tigung von Preis, Lagerbestand und Ladebedingungen.<br \/>\nDer in diesem Shop gezeigte Bestand dient nur zur Orientierung und wird nicht in Echtzeit angezeigt. Abweichungen k\u00f6nnen vom Zeitpunkt der Formalisierung der Bestellanforderung bis zur Bearbeitung der Bestellung durch das Unternehmen oder bis zur Vorbereitung der Verladung bestehen.<\/p>\n<p>Nur ganze Paletten<\/p>\n<p>Geringere Mengen von 300 m2 \u2013 Muss komplett bestellt werden<\/p>\n<p>Je nach Gegenstand der Bestandsanpassung kann die Ihnen zugesandte Proforma-Bestellung eine Abweichung von +\/- 10% Ihrer Bestellanforderung in Betracht ziehen.<\/p>\n<p>Die Preise der Produkte sind in Euro, enthalten keine Mehrwertsteuer oder andere Steuern und sind in den Bedingungen FRANCO FABRICA CIFRE CERAMICA, SL.<\/p>\n<p>Die Preise sind bis zum Ende des Lagerbestands g\u00fcltig.<\/p>\n<p>Komplem\u00e4nterteile m\u00fcssen in kompletten Kartons abgenommen werden, Bestellungen \u00fcber lose St\u00fccke sind nicht erlaubt.[\/vc_column_text][\/vc_column_inner][\/vc_row_inner][\/vc_column][vc_column width=&#8220;1\/6&#8243;][\/vc_column][\/vc_row]<\/p>\n","protected":false},"excerpt":{"rendered":"<p>[vc_row full_width=&#8220;stretch_row_content&#8220; el_class=&#8220;breadcrumb&#8220;][vc_column][\/vc_column][\/vc_row][vc_row full_width=&#8220;stretch_row&#8220; el_class=&#8220;cabecera_store&#8220;][vc_column width=&#8220;1\/3&#8243;][vc_btn title=&#8220;Zur\u00fcck zu Cifre Store&#8220; style=&#8220;outline-custom&#8220; outline_custom_color=&#8220;#000000&#8243; outline_custom_hover_background=&#8220;#000000&#8243; outline_custom_hover_text=&#8220;#ffffff&#8220; size=&#8220;sm&#8220; align=&#8220;center&#8220; i_icon_fontawesome=&#8220;far fa-arrow-alt-circle-left&#8220; add_icon=&#8220;true&#8220; link=&#8220;url:https%3A%2F%2Fcifreceramica.com%2Fcifre-store&#8220;][\/vc_column][vc_column width=&#8220;1\/3&#8243;][vc_column_text] Cifre Store [\/vc_column_text][vc_row_inner][vc_column_inner width=&#8220;1\/3&#8243;][vc_btn title=&#8220;PDF-Auswahl&#8220; style=&#8220;outline-custom&#8220; outline_custom_color=&#8220;#000000&#8243; outline_custom_hover_background=&#8220;#000000&#8243; outline_custom_hover_text=&#8220;#ffffff&#8220; size=&#8220;sm&#8220; align=&#8220;center&#8220; button_block=&#8220;true&#8220; link=&#8220;url:https%3A%2F%2Fcifreceramica.com%2Fpdf-cifrestore%2F%3Fseleccion%3Dtrue|target:_blank&#8220;][\/vc_column_inner][vc_column_inner width=&#8220;1\/3&#8243;][vc_btn title=&#8220;Vollst\u00e4ndiges PDF&#8220; style=&#8220;outline-custom&#8220; outline_custom_color=&#8220;#000000&#8243; outline_custom_hover_background=&#8220;#000000&#8243; outline_custom_hover_text=&#8220;#ffffff&#8220; size=&#8220;sm&#8220; align=&#8220;center&#8220; button_block=&#8220;true&#8220; link=&#8220;url:https%3A%2F%2Fcifreceramica.com%2Fpdf-cifrestore%2F|target:_blank&#8220;][\/vc_column_inner][vc_column_inner width=&#8220;1\/3&#8243;][vc_btn title=&#8220;Leeren Korb&#8220; style=&#8220;outline-custom&#8220; outline_custom_color=&#8220;#000000&#8243; outline_custom_hover_background=&#8220;#000000&#8243; outline_custom_hover_text=&#8220;#ffffff&#8220; size=&#8220;sm&#8220; align=&#8220;center&#8220; button_block=&#8220;true&#8220; [&hellip;]<\/p>\n","protected":false},"author":1,"featured_media":0,"parent":0,"menu_order":0,"comment_status":"closed","ping_status":"closed","template":"","meta":{"footnotes":""},"class_list":["post-4252","page","type-page","status-publish","hentry"],"yoast_head":"<!-- This site is optimized with the Yoast SEO plugin v27.4 - https:\/\/yoast.com\/product\/yoast-seo-wordpress\/ -->\n<title>Cifre store carrito - CIFRE CER\u00c1MICA<\/title>\n<meta name=\"robots\" content=\"index, follow, max-snippet:-1, max-image-preview:large, max-video-preview:-1\" \/>\n<link rel=\"canonical\" href=\"https:\/\/cifreceramica.com\/de\/cifre-store-carrito\/\" \/>\n<meta property=\"og:locale\" content=\"de_DE\" \/>\n<meta property=\"og:type\" content=\"article\" \/>\n<meta property=\"og:title\" content=\"Cifre store carrito - CIFRE CER\u00c1MICA\" \/>\n<meta property=\"og:description\" content=\"[vc_row full_width=&#8220;stretch_row_content&#8220; el_class=&#8220;breadcrumb&#8220;][vc_column][\/vc_column][\/vc_row][vc_row full_width=&#8220;stretch_row&#8220; el_class=&#8220;cabecera_store&#8220;][vc_column width=&#8220;1\/3&#8243;][vc_btn title=&#8220;Zur\u00fcck zu Cifre Store&#8220; style=&#8220;outline-custom&#8220; outline_custom_color=&#8220;#000000&#8243; outline_custom_hover_background=&#8220;#000000&#8243; outline_custom_hover_text=&#8220;#ffffff&#8220; size=&#8220;sm&#8220; align=&#8220;center&#8220; i_icon_fontawesome=&#8220;far fa-arrow-alt-circle-left&#8220; add_icon=&#8220;true&#8220; link=&#8220;url:https%3A%2F%2Fcifreceramica.com%2Fcifre-store&#8220;][\/vc_column][vc_column width=&#8220;1\/3&#8243;][vc_column_text] Cifre Store [\/vc_column_text][vc_row_inner][vc_column_inner width=&#8220;1\/3&#8243;][vc_btn title=&#8220;PDF-Auswahl&#8220; style=&#8220;outline-custom&#8220; outline_custom_color=&#8220;#000000&#8243; outline_custom_hover_background=&#8220;#000000&#8243; outline_custom_hover_text=&#8220;#ffffff&#8220; size=&#8220;sm&#8220; align=&#8220;center&#8220; button_block=&#8220;true&#8220; link=&#8220;url:https%3A%2F%2Fcifreceramica.com%2Fpdf-cifrestore%2F%3Fseleccion%3Dtrue|target:_blank&#8220;][\/vc_column_inner][vc_column_inner width=&#8220;1\/3&#8243;][vc_btn title=&#8220;Vollst\u00e4ndiges PDF&#8220; style=&#8220;outline-custom&#8220; outline_custom_color=&#8220;#000000&#8243; outline_custom_hover_background=&#8220;#000000&#8243; outline_custom_hover_text=&#8220;#ffffff&#8220; size=&#8220;sm&#8220; align=&#8220;center&#8220; button_block=&#8220;true&#8220; link=&#8220;url:https%3A%2F%2Fcifreceramica.com%2Fpdf-cifrestore%2F|target:_blank&#8220;][\/vc_column_inner][vc_column_inner width=&#8220;1\/3&#8243;][vc_btn title=&#8220;Leeren Korb&#8220; style=&#8220;outline-custom&#8220; outline_custom_color=&#8220;#000000&#8243; outline_custom_hover_background=&#8220;#000000&#8243; outline_custom_hover_text=&#8220;#ffffff&#8220; size=&#8220;sm&#8220; align=&#8220;center&#8220; button_block=&#8220;true&#8220; [&hellip;]\" \/>\n<meta property=\"og:url\" content=\"https:\/\/cifreceramica.com\/de\/cifre-store-carrito\/\" \/>\n<meta property=\"og:site_name\" content=\"CIFRE CER\u00c1MICA\" \/>\n<meta property=\"article:publisher\" content=\"https:\/\/www.facebook.com\/Cifreceramica\/\" \/>\n<meta property=\"article:modified_time\" content=\"2023-10-10T15:40:54+00:00\" \/>\n<meta name=\"twitter:card\" content=\"summary_large_image\" \/>\n<meta name=\"twitter:site\" content=\"@cifreceramica\" \/>\n<meta name=\"twitter:label1\" content=\"Gesch\u00e4tzte Lesezeit\" \/>\n\t<meta name=\"twitter:data1\" content=\"2\u00a0Minuten\" \/>\n<script type=\"application\/ld+json\" class=\"yoast-schema-graph\">{\"@context\":\"https:\\\/\\\/schema.org\",\"@graph\":[{\"@type\":\"WebPage\",\"@id\":\"https:\\\/\\\/cifreceramica.com\\\/de\\\/cifre-store-carrito\\\/\",\"url\":\"https:\\\/\\\/cifreceramica.com\\\/de\\\/cifre-store-carrito\\\/\",\"name\":\"Cifre store carrito - CIFRE CER\u00c1MICA\",\"isPartOf\":{\"@id\":\"https:\\\/\\\/cifreceramica.com\\\/#website\"},\"datePublished\":\"2020-04-15T11:15:39+00:00\",\"dateModified\":\"2023-10-10T15:40:54+00:00\",\"breadcrumb\":{\"@id\":\"https:\\\/\\\/cifreceramica.com\\\/de\\\/cifre-store-carrito\\\/#breadcrumb\"},\"inLanguage\":\"de\",\"potentialAction\":[{\"@type\":\"ReadAction\",\"target\":[\"https:\\\/\\\/cifreceramica.com\\\/de\\\/cifre-store-carrito\\\/\"]}]},{\"@type\":\"BreadcrumbList\",\"@id\":\"https:\\\/\\\/cifreceramica.com\\\/de\\\/cifre-store-carrito\\\/#breadcrumb\",\"itemListElement\":[{\"@type\":\"ListItem\",\"position\":1,\"name\":\"Portada\",\"item\":\"https:\\\/\\\/cifreceramica.com\\\/de\\\/\"},{\"@type\":\"ListItem\",\"position\":2,\"name\":\"Cifre store carrito\"}]},{\"@type\":\"WebSite\",\"@id\":\"https:\\\/\\\/cifreceramica.com\\\/#website\",\"url\":\"https:\\\/\\\/cifreceramica.com\\\/\",\"name\":\"CIFRE CER\u00c1MICA\",\"description\":\"Azulejo, cer\u00e1mica, decoraci\u00f3n, pavimento, revestimiento\",\"publisher\":{\"@id\":\"https:\\\/\\\/cifreceramica.com\\\/#organization\"},\"potentialAction\":[{\"@type\":\"SearchAction\",\"target\":{\"@type\":\"EntryPoint\",\"urlTemplate\":\"https:\\\/\\\/cifreceramica.com\\\/?s={search_term_string}\"},\"query-input\":{\"@type\":\"PropertyValueSpecification\",\"valueRequired\":true,\"valueName\":\"search_term_string\"}}],\"inLanguage\":\"de\"},{\"@type\":\"Organization\",\"@id\":\"https:\\\/\\\/cifreceramica.com\\\/#organization\",\"name\":\"CIFRE CERAMICA SL.\",\"url\":\"https:\\\/\\\/cifreceramica.com\\\/\",\"logo\":{\"@type\":\"ImageObject\",\"inLanguage\":\"de\",\"@id\":\"https:\\\/\\\/cifreceramica.com\\\/#\\\/schema\\\/logo\\\/image\\\/\",\"url\":\"https:\\\/\\\/cifreceramica.com\\\/wp-content\\\/uploads\\\/2020\\\/03\\\/logo-cifre.jpg\",\"contentUrl\":\"https:\\\/\\\/cifreceramica.com\\\/wp-content\\\/uploads\\\/2020\\\/03\\\/logo-cifre.jpg\",\"width\":648,\"height\":320,\"caption\":\"CIFRE CERAMICA SL.\"},\"image\":{\"@id\":\"https:\\\/\\\/cifreceramica.com\\\/#\\\/schema\\\/logo\\\/image\\\/\"},\"sameAs\":[\"https:\\\/\\\/www.facebook.com\\\/Cifreceramica\\\/\",\"https:\\\/\\\/x.com\\\/cifreceramica\",\"https:\\\/\\\/www.instagram.com\\\/cifreceramica\\\/\",\"https:\\\/\\\/www.linkedin.com\\\/cifreceramica\",\"https:\\\/\\\/www.pinterest.es\\\/CifreReport\\\/_created\\\/\",\"https:\\\/\\\/www.youtube.com\\\/channel\\\/UC6T43U-C68ZKx58s-QVY0Eg\"]}]}<\/script>\n<!-- \/ Yoast SEO plugin. -->","yoast_head_json":{"title":"Cifre store carrito - CIFRE CER\u00c1MICA","robots":{"index":"index","follow":"follow","max-snippet":"max-snippet:-1","max-image-preview":"max-image-preview:large","max-video-preview":"max-video-preview:-1"},"canonical":"https:\/\/cifreceramica.com\/de\/cifre-store-carrito\/","og_locale":"de_DE","og_type":"article","og_title":"Cifre store carrito - CIFRE CER\u00c1MICA","og_description":"[vc_row full_width=&#8220;stretch_row_content&#8220; el_class=&#8220;breadcrumb&#8220;][vc_column][\/vc_column][\/vc_row][vc_row full_width=&#8220;stretch_row&#8220; el_class=&#8220;cabecera_store&#8220;][vc_column width=&#8220;1\/3&#8243;][vc_btn title=&#8220;Zur\u00fcck zu Cifre Store&#8220; style=&#8220;outline-custom&#8220; outline_custom_color=&#8220;#000000&#8243; outline_custom_hover_background=&#8220;#000000&#8243; outline_custom_hover_text=&#8220;#ffffff&#8220; size=&#8220;sm&#8220; align=&#8220;center&#8220; i_icon_fontawesome=&#8220;far fa-arrow-alt-circle-left&#8220; add_icon=&#8220;true&#8220; link=&#8220;url:https%3A%2F%2Fcifreceramica.com%2Fcifre-store&#8220;][\/vc_column][vc_column width=&#8220;1\/3&#8243;][vc_column_text] Cifre Store [\/vc_column_text][vc_row_inner][vc_column_inner width=&#8220;1\/3&#8243;][vc_btn title=&#8220;PDF-Auswahl&#8220; style=&#8220;outline-custom&#8220; outline_custom_color=&#8220;#000000&#8243; outline_custom_hover_background=&#8220;#000000&#8243; outline_custom_hover_text=&#8220;#ffffff&#8220; size=&#8220;sm&#8220; align=&#8220;center&#8220; button_block=&#8220;true&#8220; link=&#8220;url:https%3A%2F%2Fcifreceramica.com%2Fpdf-cifrestore%2F%3Fseleccion%3Dtrue|target:_blank&#8220;][\/vc_column_inner][vc_column_inner width=&#8220;1\/3&#8243;][vc_btn title=&#8220;Vollst\u00e4ndiges PDF&#8220; style=&#8220;outline-custom&#8220; outline_custom_color=&#8220;#000000&#8243; outline_custom_hover_background=&#8220;#000000&#8243; outline_custom_hover_text=&#8220;#ffffff&#8220; size=&#8220;sm&#8220; align=&#8220;center&#8220; button_block=&#8220;true&#8220; link=&#8220;url:https%3A%2F%2Fcifreceramica.com%2Fpdf-cifrestore%2F|target:_blank&#8220;][\/vc_column_inner][vc_column_inner width=&#8220;1\/3&#8243;][vc_btn title=&#8220;Leeren Korb&#8220; style=&#8220;outline-custom&#8220; outline_custom_color=&#8220;#000000&#8243; outline_custom_hover_background=&#8220;#000000&#8243; outline_custom_hover_text=&#8220;#ffffff&#8220; size=&#8220;sm&#8220; align=&#8220;center&#8220; button_block=&#8220;true&#8220; [&hellip;]","og_url":"https:\/\/cifreceramica.com\/de\/cifre-store-carrito\/","og_site_name":"CIFRE CER\u00c1MICA","article_publisher":"https:\/\/www.facebook.com\/Cifreceramica\/","article_modified_time":"2023-10-10T15:40:54+00:00","twitter_card":"summary_large_image","twitter_site":"@cifreceramica","twitter_misc":{"Gesch\u00e4tzte Lesezeit":"2\u00a0Minuten"},"schema":{"@context":"https:\/\/schema.org","@graph":[{"@type":"WebPage","@id":"https:\/\/cifreceramica.com\/de\/cifre-store-carrito\/","url":"https:\/\/cifreceramica.com\/de\/cifre-store-carrito\/","name":"Cifre store carrito - CIFRE CER\u00c1MICA","isPartOf":{"@id":"https:\/\/cifreceramica.com\/#website"},"datePublished":"2020-04-15T11:15:39+00:00","dateModified":"2023-10-10T15:40:54+00:00","breadcrumb":{"@id":"https:\/\/cifreceramica.com\/de\/cifre-store-carrito\/#breadcrumb"},"inLanguage":"de","potentialAction":[{"@type":"ReadAction","target":["https:\/\/cifreceramica.com\/de\/cifre-store-carrito\/"]}]},{"@type":"BreadcrumbList","@id":"https:\/\/cifreceramica.com\/de\/cifre-store-carrito\/#breadcrumb","itemListElement":[{"@type":"ListItem","position":1,"name":"Portada","item":"https:\/\/cifreceramica.com\/de\/"},{"@type":"ListItem","position":2,"name":"Cifre store carrito"}]},{"@type":"WebSite","@id":"https:\/\/cifreceramica.com\/#website","url":"https:\/\/cifreceramica.com\/","name":"CIFRE CER\u00c1MICA","description":"Azulejo, cer\u00e1mica, decoraci\u00f3n, pavimento, revestimiento","publisher":{"@id":"https:\/\/cifreceramica.com\/#organization"},"potentialAction":[{"@type":"SearchAction","target":{"@type":"EntryPoint","urlTemplate":"https:\/\/cifreceramica.com\/?s={search_term_string}"},"query-input":{"@type":"PropertyValueSpecification","valueRequired":true,"valueName":"search_term_string"}}],"inLanguage":"de"},{"@type":"Organization","@id":"https:\/\/cifreceramica.com\/#organization","name":"CIFRE CERAMICA SL.","url":"https:\/\/cifreceramica.com\/","logo":{"@type":"ImageObject","inLanguage":"de","@id":"https:\/\/cifreceramica.com\/#\/schema\/logo\/image\/","url":"https:\/\/cifreceramica.com\/wp-content\/uploads\/2020\/03\/logo-cifre.jpg","contentUrl":"https:\/\/cifreceramica.com\/wp-content\/uploads\/2020\/03\/logo-cifre.jpg","width":648,"height":320,"caption":"CIFRE CERAMICA SL."},"image":{"@id":"https:\/\/cifreceramica.com\/#\/schema\/logo\/image\/"},"sameAs":["https:\/\/www.facebook.com\/Cifreceramica\/","https:\/\/x.com\/cifreceramica","https:\/\/www.instagram.com\/cifreceramica\/","https:\/\/www.linkedin.com\/cifreceramica","https:\/\/www.pinterest.es\/CifreReport\/_created\/","https:\/\/www.youtube.com\/channel\/UC6T43U-C68ZKx58s-QVY0Eg"]}]}},"_links":{"self":[{"href":"https:\/\/cifreceramica.com\/de\/wp-json\/wp\/v2\/pages\/4252","targetHints":{"allow":["GET"]}}],"collection":[{"href":"https:\/\/cifreceramica.com\/de\/wp-json\/wp\/v2\/pages"}],"about":[{"href":"https:\/\/cifreceramica.com\/de\/wp-json\/wp\/v2\/types\/page"}],"author":[{"embeddable":true,"href":"https:\/\/cifreceramica.com\/de\/wp-json\/wp\/v2\/users\/1"}],"replies":[{"embeddable":true,"href":"https:\/\/cifreceramica.com\/de\/wp-json\/wp\/v2\/comments?post=4252"}],"version-history":[{"count":8,"href":"https:\/\/cifreceramica.com\/de\/wp-json\/wp\/v2\/pages\/4252\/revisions"}],"predecessor-version":[{"id":10961,"href":"https:\/\/cifreceramica.com\/de\/wp-json\/wp\/v2\/pages\/4252\/revisions\/10961"}],"wp:attachment":[{"href":"https:\/\/cifreceramica.com\/de\/wp-json\/wp\/v2\/media?parent=4252"}],"curies":[{"name":"wp","href":"https:\/\/api.w.org\/{rel}","templated":true}]}}