{"id":2825,"date":"2019-09-05T10:13:54","date_gmt":"2019-09-05T08:13:54","guid":{"rendered":"https:\/\/cifreceramica.com\/area-reservada-promocion-paneles\/"},"modified":"2019-09-25T10:31:31","modified_gmt":"2019-09-25T08:31:31","slug":"vip-bereich-werbetafeln","status":"publish","type":"page","link":"https:\/\/cifreceramica.com\/de\/vip-bereich-werbetafeln\/","title":{"rendered":"VIP-Bereich \u2013 Werbetafeln"},"content":{"rendered":"<p>[vc_row full_width=&#8220;stretch_row_content&#8220; el_class=&#8220;breadcrumb&#8220;][vc_column][\/vc_column][\/vc_row][vc_row full_width=&#8220;stretch_row_content&#8220; equal_height=&#8220;yes&#8220; el_class=&#8220;busqueda_coleccion promociones_top&#8220;][vc_column width=&#8220;1\/4&#8243; el_class=&#8220;filtros_busqueda cesta_promocion&#8220;][vc_row_inner][vc_column_inner el_class=&#8220;cesta&#8220; width=&#8220;1\/2&#8243;][vc_column_text el_class=&#8220;titular&#8220;]<strong>Warenkorb<\/strong>[\/vc_column_text][\/vc_column_inner][vc_column_inner el_class=&#8220;nproductos&#8220; width=&#8220;1\/2&#8243;][vc_column_text el_class=&#8220;titular&#8220;]0 Produkte[\/vc_column_text][\/vc_column_inner][\/vc_row_inner][\/vc_column][vc_column width=&#8220;3\/4&#8243; el_class=&#8220;resultado_busqueda&#8220;][vc_row_inner][vc_column_inner width=&#8220;1\/2&#8243;][vc_btn title=&#8220;Home&#8220; style=&#8220;outline-custom&#8220; outline_custom_color=&#8220;#0a0a0a&#8220; outline_custom_hover_background=&#8220;#0a0a0a&#8220; outline_custom_hover_text=&#8220;#ffffff&#8220; shape=&#8220;square&#8220; size=&#8220;sm&#8220; align=&#8220;left&#8220; el_class=&#8220;boton_negro&#8220;][\/vc_column_inner][vc_column_inner width=&#8220;1\/2&#8243;][vc_btn title=&#8220;Zur\u00fcck&#8220; style=&#8220;outline-custom&#8220; outline_custom_color=&#8220;#0a0a0a&#8220; outline_custom_hover_background=&#8220;#0a0a0a&#8220; outline_custom_hover_text=&#8220;#ffffff&#8220; shape=&#8220;square&#8220; size=&#8220;sm&#8220; align=&#8220;right&#8220; el_class=&#8220;boton_negro&#8220;][\/vc_column_inner][\/vc_row_inner][\/vc_column][\/vc_row][vc_row full_width=&#8220;stretch_row_content&#8220; el_class=&#8220;busqueda_merchandising&#8220;][vc_column width=&#8220;3\/12&#8243; el_class=&#8220;filtros_busqueda promocion_filtros&#8220;][vc_row_inner el_class=&#8220;bloque_filtro&#8220;][vc_column_inner][vc_raw_html]JTNDc2VsZWN0JTNFJTBBJTIwJTIwJTNDb3B0aW9uJTIwdmFsdWUlM0QlMjJhJTIyJTNFQSUzQyUyRm9wdGlvbiUzRSUwQSUyMCUyMCUzQ29wdGlvbiUyMHZhbHVlJTNEJTIyYiUyMiUzRUIlM0MlMkZvcHRpb24lM0UlMEElMjAlMjAlM0NvcHRpb24lMjB2YWx1ZSUzRCUyMmMlMjIlM0VDJTNDJTJGb3B0aW9uJTNFJTBBJTNDJTJGc2VsZWN0JTNF[\/vc_raw_html][\/vc_column_inner][\/vc_row_inner][vc_row_inner][vc_column_inner][vc_toggle title=&#8220;Anwendung&#8220; style=&#8220;square&#8220; el_class=&#8220;acordeon_busqueda_avanzada&#8220;]<\/p>\n<div class=\"check_filtro\"><input type=\"checkbox\" \/> <label>Zement <span class=\"cantidad\">(24)<\/span><\/label><\/div>\n<div class=\"check_filtro\"><input type=\"checkbox\" \/> <label>Holz <span class=\"cantidad\">(24)<\/span><\/label><\/div>\n<div class=\"check_filtro\"><input type=\"checkbox\" \/> <label>Marmor <span class=\"cantidad\">(24)<\/span><\/label><\/div>\n<div class=\"check_filtro\"><input type=\"checkbox\" \/> <label>Metallisch <span class=\"cantidad\">(24)<\/span><\/label><\/div>\n<div class=\"check_filtro\"><input type=\"checkbox\" \/> <label>Stein <span class=\"cantidad\">(24)<\/span><\/label><\/div>\n<p>[\/vc_toggle][vc_toggle title=&#8220;Nicht Mehr Verf\u00fcgbar&#8220; style=&#8220;square&#8220; el_class=&#8220;acordeon_busqueda_avanzada&#8220;]<\/p>\n<div class=\"check_filtro\"><input type=\"checkbox\" \/> <label>Filtro <span class=\"cantidad\">(24)<\/span><\/label><\/div>\n<div class=\"check_filtro\"><input type=\"checkbox\" \/> <label>Filtro <span class=\"cantidad\">(24)<\/span><\/label><\/div>\n<p>[\/vc_toggle][vc_toggle title=&#8220;Format&#8220; style=&#8220;square&#8220; el_class=&#8220;acordeon_busqueda_avanzada&#8220;]<\/p>\n<div class=\"check_filtro\"><input type=\"checkbox\" \/> <label>Filtro <span class=\"cantidad\">(24)<\/span><\/label><\/div>\n<div class=\"check_filtro\"><input type=\"checkbox\" \/> <label>Filtro <span class=\"cantidad\">(24)<\/span><\/label><\/div>\n<p>[\/vc_toggle][vc_toggle title=&#8220;Pastenart&#8220; style=&#8220;square&#8220; el_class=&#8220;acordeon_busqueda_avanzada&#8220;]<\/p>\n<div class=\"check_filtro\"><input type=\"checkbox\" \/> <label>Filtro <span class=\"cantidad\">(24)<\/span><\/label><\/div>\n<div class=\"check_filtro\"><input type=\"checkbox\" \/> <label>Filtro <span class=\"cantidad\">(24)<\/span><\/label><\/div>\n<p>[\/vc_toggle][vc_toggle title=&#8220;Farbe&#8220; style=&#8220;square&#8220; el_class=&#8220;acordeon_busqueda_avanzada&#8220;]<\/p>\n<div class=\"check_filtro\"><input type=\"checkbox\" \/> <label>Filtro <span class=\"cantidad\">(24)<\/span><\/label><\/div>\n<div class=\"check_filtro\"><input type=\"checkbox\" \/> <label>Filtro <span class=\"cantidad\">(24)<\/span><\/label><\/div>\n<p>[\/vc_toggle][vc_toggle title=&#8220; Panel-Typ&#8220; style=&#8220;square&#8220; el_class=&#8220;acordeon_busqueda_avanzada&#8220;]<\/p>\n<div class=\"check_filtro\"><input type=\"checkbox\" \/> <label>Filtro <span class=\"cantidad\">(24)<\/span><\/label><\/div>\n<div class=\"check_filtro\"><input type=\"checkbox\" \/> <label>Filtro <span class=\"cantidad\">(24)<\/span><\/label><\/div>\n<p>[\/vc_toggle][\/vc_column_inner][\/vc_row_inner][vc_row_inner el_class=&#8220;bloque_filtro&#8220;][vc_column_inner][vc_raw_html]JTNDZGl2JTIwY2xhc3MlM0QlMjJtdWVzdHJhX2ZpbHRybyUyMiUzRUZpbHRybyUzQyUyRmRpdiUzRSUwQSUzQ2RpdiUyMGNsYXNzJTNEJTIybXVlc3RyYV9maWx0cm8lMjIlM0VGaWx0cm8lM0MlMkZkaXYlM0UlMEElM0NkaXYlMjBjbGFzcyUzRCUyMm11ZXN0cmFfZmlsdHJvJTIyJTNFRmlsdHJvJTNDJTJGZGl2JTNFJTBBJTNDZGl2JTIwY2xhc3MlM0QlMjJtdWVzdHJhX2ZpbHRybyUyMiUzRUZpbHRybyUzQyUyRmRpdiUzRSUwQQ==[\/vc_raw_html][\/vc_column_inner][\/vc_row_inner][vc_row_inner el_class=&#8220;bloque_filtro borrar_filtro&#8220;][vc_column_inner][vc_column_text]<strong>Alle l\u00f6schen<\/strong>[\/vc_column_text][\/vc_column_inner][\/vc_row_inner][\/vc_column][vc_column width=&#8220;2\/12&#8243; el_class=&#8220;promocion_colecciones&#8220;][vc_column_text el_class=&#8220;nombre_coleccion&#8220;]<\/p>\n<ul>\n<li>Colecci\u00f3n 1<\/li>\n<li>Colecci\u00f3n 2<\/li>\n<li>Colecci\u00f3n 3<\/li>\n<li>Colecci\u00f3n 4<\/li>\n<\/ul>\n<p>[\/vc_column_text][\/vc_column][vc_column width=&#8220;7\/12&#8243; el_class=&#8220;promocion_resultados&#8220;][vc_row_inner el_class=&#8220;fila_promocion_paneles&#8220;][vc_column_inner el_class=&#8220;item&#8220; width=&#8220;1\/4&#8243;][vc_single_image image=&#8220;1223&#8243; img_size=&#8220;full&#8220; el_class=&#8220;imagen_panel&#8220;][vc_single_image image=&#8220;1220&#8243; img_size=&#8220;full&#8220; el_class=&#8220;add_panel&#8220;][vc_single_image image=&#8220;1229&#8243; img_size=&#8220;full&#8220; alignment=&#8220;right&#8220; el_class=&#8220;descargar_panel&#8220;][vc_separator color=&#8220;black&#8220; css=&#8220;.vc_custom_1567671972996{margin-top: 1px !important;margin-bottom: 1px !important;padding-top: 5px !important;padding-bottom: 5px !important;}&#8220;][vc_column_text el_class=&#8220;titulo_panel&#8220;]<strong>Nombre panel<\/strong>[\/vc_column_text][vc_column_text el_class=&#8220;ref_panel&#8220;]Referencia[\/vc_column_text][\/vc_column_inner][vc_column_inner el_class=&#8220;item&#8220; width=&#8220;1\/4&#8243;][vc_single_image image=&#8220;1223&#8243; img_size=&#8220;full&#8220; el_class=&#8220;imagen_panel&#8220;][vc_single_image image=&#8220;1220&#8243; img_size=&#8220;full&#8220; el_class=&#8220;add_panel&#8220;][vc_single_image image=&#8220;1229&#8243; img_size=&#8220;full&#8220; alignment=&#8220;right&#8220; el_class=&#8220;descargar_panel&#8220;][vc_separator color=&#8220;black&#8220; css=&#8220;.vc_custom_1567671972996{margin-top: 1px !important;margin-bottom: 1px !important;padding-top: 5px !important;padding-bottom: 5px !important;}&#8220;][vc_column_text el_class=&#8220;titulo_panel&#8220;]<strong>Nombre panel<\/strong>[\/vc_column_text][vc_column_text el_class=&#8220;ref_panel&#8220;]Referencia[\/vc_column_text][\/vc_column_inner][vc_column_inner el_class=&#8220;item&#8220; width=&#8220;1\/4&#8243;][vc_single_image image=&#8220;1223&#8243; img_size=&#8220;full&#8220; el_class=&#8220;imagen_panel&#8220;][vc_single_image image=&#8220;1220&#8243; img_size=&#8220;full&#8220; el_class=&#8220;add_panel&#8220;][vc_single_image image=&#8220;1229&#8243; img_size=&#8220;full&#8220; alignment=&#8220;right&#8220; el_class=&#8220;descargar_panel&#8220;][vc_separator color=&#8220;black&#8220; css=&#8220;.vc_custom_1567671972996{margin-top: 1px !important;margin-bottom: 1px !important;padding-top: 5px !important;padding-bottom: 5px !important;}&#8220;][vc_column_text el_class=&#8220;titulo_panel&#8220;]<strong>Nombre panel<\/strong>[\/vc_column_text][vc_column_text el_class=&#8220;ref_panel&#8220;]Referencia[\/vc_column_text][\/vc_column_inner][vc_column_inner el_class=&#8220;item&#8220; width=&#8220;1\/4&#8243;][vc_single_image image=&#8220;1223&#8243; img_size=&#8220;full&#8220; el_class=&#8220;imagen_panel&#8220;][vc_single_image image=&#8220;1220&#8243; img_size=&#8220;full&#8220; el_class=&#8220;add_panel&#8220;][vc_single_image image=&#8220;1229&#8243; img_size=&#8220;full&#8220; alignment=&#8220;right&#8220; el_class=&#8220;descargar_panel&#8220;][vc_separator color=&#8220;black&#8220; css=&#8220;.vc_custom_1567671972996{margin-top: 1px !important;margin-bottom: 1px !important;padding-top: 5px !important;padding-bottom: 5px !important;}&#8220;][vc_column_text el_class=&#8220;titulo_panel&#8220;]<strong>Nombre panel<\/strong>[\/vc_column_text][vc_column_text el_class=&#8220;ref_panel&#8220;]Referencia[\/vc_column_text][\/vc_column_inner][\/vc_row_inner][\/vc_column][\/vc_row]<\/p>\n","protected":false},"excerpt":{"rendered":"<p>[vc_row full_width=&#8220;stretch_row_content&#8220; el_class=&#8220;breadcrumb&#8220;][vc_column][\/vc_column][\/vc_row][vc_row full_width=&#8220;stretch_row_content&#8220; equal_height=&#8220;yes&#8220; el_class=&#8220;busqueda_coleccion promociones_top&#8220;][vc_column width=&#8220;1\/4&#8243; el_class=&#8220;filtros_busqueda cesta_promocion&#8220;][vc_row_inner][vc_column_inner el_class=&#8220;cesta&#8220; width=&#8220;1\/2&#8243;][vc_column_text el_class=&#8220;titular&#8220;]Warenkorb[\/vc_column_text][\/vc_column_inner][vc_column_inner el_class=&#8220;nproductos&#8220; width=&#8220;1\/2&#8243;][vc_column_text el_class=&#8220;titular&#8220;]0 Produkte[\/vc_column_text][\/vc_column_inner][\/vc_row_inner][\/vc_column][vc_column width=&#8220;3\/4&#8243; el_class=&#8220;resultado_busqueda&#8220;][vc_row_inner][vc_column_inner width=&#8220;1\/2&#8243;][vc_btn title=&#8220;Home&#8220; style=&#8220;outline-custom&#8220; outline_custom_color=&#8220;#0a0a0a&#8220; outline_custom_hover_background=&#8220;#0a0a0a&#8220; outline_custom_hover_text=&#8220;#ffffff&#8220; shape=&#8220;square&#8220; size=&#8220;sm&#8220; align=&#8220;left&#8220; el_class=&#8220;boton_negro&#8220;][\/vc_column_inner][vc_column_inner width=&#8220;1\/2&#8243;][vc_btn title=&#8220;Zur\u00fcck&#8220; style=&#8220;outline-custom&#8220; outline_custom_color=&#8220;#0a0a0a&#8220; outline_custom_hover_background=&#8220;#0a0a0a&#8220; outline_custom_hover_text=&#8220;#ffffff&#8220; shape=&#8220;square&#8220; size=&#8220;sm&#8220; align=&#8220;right&#8220; el_class=&#8220;boton_negro&#8220;][\/vc_column_inner][\/vc_row_inner][\/vc_column][\/vc_row][vc_row full_width=&#8220;stretch_row_content&#8220; el_class=&#8220;busqueda_merchandising&#8220;][vc_column width=&#8220;3\/12&#8243; el_class=&#8220;filtros_busqueda promocion_filtros&#8220;][vc_row_inner el_class=&#8220;bloque_filtro&#8220;][vc_column_inner][vc_raw_html]JTNDc2VsZWN0JTNFJTBBJTIwJTIwJTNDb3B0aW9uJTIwdmFsdWUlM0QlMjJhJTIyJTNFQSUzQyUyRm9wdGlvbiUzRSUwQSUyMCUyMCUzQ29wdGlvbiUyMHZhbHVlJTNEJTIyYiUyMiUzRUIlM0MlMkZvcHRpb24lM0UlMEElMjAlMjAlM0NvcHRpb24lMjB2YWx1ZSUzRCUyMmMlMjIlM0VDJTNDJTJGb3B0aW9uJTNFJTBBJTNDJTJGc2VsZWN0JTNF[\/vc_raw_html][\/vc_column_inner][\/vc_row_inner][vc_row_inner][vc_column_inner][vc_toggle title=&#8220;Anwendung&#8220; style=&#8220;square&#8220; el_class=&#8220;acordeon_busqueda_avanzada&#8220;] Zement (24) Holz (24) Marmor (24) Metallisch [&hellip;]<\/p>\n","protected":false},"author":1,"featured_media":0,"parent":0,"menu_order":0,"comment_status":"closed","ping_status":"closed","template":"","meta":{"footnotes":""},"class_list":["post-2825","page","type-page","status-publish","hentry"],"yoast_head":"<!-- This site is optimized with the Yoast SEO plugin v27.3 - https:\/\/yoast.com\/product\/yoast-seo-wordpress\/ -->\n<title>VIP-Bereich \u2013 Werbetafeln - CIFRE CER\u00c1MICA<\/title>\n<meta name=\"robots\" content=\"index, follow, max-snippet:-1, max-image-preview:large, max-video-preview:-1\" \/>\n<link rel=\"canonical\" href=\"https:\/\/cifreceramica.com\/de\/vip-bereich-werbetafeln\/\" \/>\n<meta property=\"og:locale\" content=\"de_DE\" \/>\n<meta property=\"og:type\" content=\"article\" \/>\n<meta property=\"og:title\" content=\"VIP-Bereich \u2013 Werbetafeln - CIFRE CER\u00c1MICA\" \/>\n<meta property=\"og:description\" content=\"[vc_row full_width=&#8220;stretch_row_content&#8220; el_class=&#8220;breadcrumb&#8220;][vc_column][\/vc_column][\/vc_row][vc_row full_width=&#8220;stretch_row_content&#8220; equal_height=&#8220;yes&#8220; el_class=&#8220;busqueda_coleccion promociones_top&#8220;][vc_column width=&#8220;1\/4&#8243; el_class=&#8220;filtros_busqueda cesta_promocion&#8220;][vc_row_inner][vc_column_inner el_class=&#8220;cesta&#8220; width=&#8220;1\/2&#8243;][vc_column_text el_class=&#8220;titular&#8220;]Warenkorb[\/vc_column_text][\/vc_column_inner][vc_column_inner el_class=&#8220;nproductos&#8220; width=&#8220;1\/2&#8243;][vc_column_text el_class=&#8220;titular&#8220;]0 Produkte[\/vc_column_text][\/vc_column_inner][\/vc_row_inner][\/vc_column][vc_column width=&#8220;3\/4&#8243; el_class=&#8220;resultado_busqueda&#8220;][vc_row_inner][vc_column_inner width=&#8220;1\/2&#8243;][vc_btn title=&#8220;Home&#8220; style=&#8220;outline-custom&#8220; outline_custom_color=&#8220;#0a0a0a&#8220; outline_custom_hover_background=&#8220;#0a0a0a&#8220; outline_custom_hover_text=&#8220;#ffffff&#8220; shape=&#8220;square&#8220; size=&#8220;sm&#8220; align=&#8220;left&#8220; el_class=&#8220;boton_negro&#8220;][\/vc_column_inner][vc_column_inner width=&#8220;1\/2&#8243;][vc_btn title=&#8220;Zur\u00fcck&#8220; style=&#8220;outline-custom&#8220; outline_custom_color=&#8220;#0a0a0a&#8220; outline_custom_hover_background=&#8220;#0a0a0a&#8220; outline_custom_hover_text=&#8220;#ffffff&#8220; shape=&#8220;square&#8220; size=&#8220;sm&#8220; align=&#8220;right&#8220; el_class=&#8220;boton_negro&#8220;][\/vc_column_inner][\/vc_row_inner][\/vc_column][\/vc_row][vc_row full_width=&#8220;stretch_row_content&#8220; el_class=&#8220;busqueda_merchandising&#8220;][vc_column width=&#8220;3\/12&#8243; el_class=&#8220;filtros_busqueda promocion_filtros&#8220;][vc_row_inner el_class=&#8220;bloque_filtro&#8220;][vc_column_inner][vc_raw_html]JTNDc2VsZWN0JTNFJTBBJTIwJTIwJTNDb3B0aW9uJTIwdmFsdWUlM0QlMjJhJTIyJTNFQSUzQyUyRm9wdGlvbiUzRSUwQSUyMCUyMCUzQ29wdGlvbiUyMHZhbHVlJTNEJTIyYiUyMiUzRUIlM0MlMkZvcHRpb24lM0UlMEElMjAlMjAlM0NvcHRpb24lMjB2YWx1ZSUzRCUyMmMlMjIlM0VDJTNDJTJGb3B0aW9uJTNFJTBBJTNDJTJGc2VsZWN0JTNF[\/vc_raw_html][\/vc_column_inner][\/vc_row_inner][vc_row_inner][vc_column_inner][vc_toggle title=&#8220;Anwendung&#8220; style=&#8220;square&#8220; el_class=&#8220;acordeon_busqueda_avanzada&#8220;] Zement (24) Holz (24) Marmor (24) Metallisch [&hellip;]\" \/>\n<meta property=\"og:url\" content=\"https:\/\/cifreceramica.com\/de\/vip-bereich-werbetafeln\/\" \/>\n<meta property=\"og:site_name\" content=\"CIFRE CER\u00c1MICA\" \/>\n<meta property=\"article:publisher\" content=\"https:\/\/www.facebook.com\/Cifreceramica\/\" \/>\n<meta property=\"article:modified_time\" content=\"2019-09-25T08:31:31+00:00\" \/>\n<meta name=\"twitter:card\" content=\"summary_large_image\" \/>\n<meta name=\"twitter:site\" content=\"@cifreceramica\" \/>\n<meta name=\"twitter:label1\" content=\"Gesch\u00e4tzte Lesezeit\" \/>\n\t<meta name=\"twitter:data1\" content=\"4\u00a0Minuten\" \/>\n<script type=\"application\/ld+json\" class=\"yoast-schema-graph\">{\"@context\":\"https:\\\/\\\/schema.org\",\"@graph\":[{\"@type\":\"WebPage\",\"@id\":\"https:\\\/\\\/cifreceramica.com\\\/de\\\/vip-bereich-werbetafeln\\\/\",\"url\":\"https:\\\/\\\/cifreceramica.com\\\/de\\\/vip-bereich-werbetafeln\\\/\",\"name\":\"VIP-Bereich \u2013 Werbetafeln - CIFRE CER\u00c1MICA\",\"isPartOf\":{\"@id\":\"https:\\\/\\\/cifreceramica.com\\\/#website\"},\"datePublished\":\"2019-09-05T08:13:54+00:00\",\"dateModified\":\"2019-09-25T08:31:31+00:00\",\"breadcrumb\":{\"@id\":\"https:\\\/\\\/cifreceramica.com\\\/de\\\/vip-bereich-werbetafeln\\\/#breadcrumb\"},\"inLanguage\":\"de\",\"potentialAction\":[{\"@type\":\"ReadAction\",\"target\":[\"https:\\\/\\\/cifreceramica.com\\\/de\\\/vip-bereich-werbetafeln\\\/\"]}]},{\"@type\":\"BreadcrumbList\",\"@id\":\"https:\\\/\\\/cifreceramica.com\\\/de\\\/vip-bereich-werbetafeln\\\/#breadcrumb\",\"itemListElement\":[{\"@type\":\"ListItem\",\"position\":1,\"name\":\"Portada\",\"item\":\"https:\\\/\\\/cifreceramica.com\\\/de\\\/\"},{\"@type\":\"ListItem\",\"position\":2,\"name\":\"VIP-Bereich \u2013 Werbetafeln\"}]},{\"@type\":\"WebSite\",\"@id\":\"https:\\\/\\\/cifreceramica.com\\\/#website\",\"url\":\"https:\\\/\\\/cifreceramica.com\\\/\",\"name\":\"CIFRE CER\u00c1MICA\",\"description\":\"Azulejo, cer\u00e1mica, decoraci\u00f3n, pavimento, revestimiento\",\"publisher\":{\"@id\":\"https:\\\/\\\/cifreceramica.com\\\/#organization\"},\"potentialAction\":[{\"@type\":\"SearchAction\",\"target\":{\"@type\":\"EntryPoint\",\"urlTemplate\":\"https:\\\/\\\/cifreceramica.com\\\/?s={search_term_string}\"},\"query-input\":{\"@type\":\"PropertyValueSpecification\",\"valueRequired\":true,\"valueName\":\"search_term_string\"}}],\"inLanguage\":\"de\"},{\"@type\":\"Organization\",\"@id\":\"https:\\\/\\\/cifreceramica.com\\\/#organization\",\"name\":\"CIFRE CERAMICA SL.\",\"url\":\"https:\\\/\\\/cifreceramica.com\\\/\",\"logo\":{\"@type\":\"ImageObject\",\"inLanguage\":\"de\",\"@id\":\"https:\\\/\\\/cifreceramica.com\\\/#\\\/schema\\\/logo\\\/image\\\/\",\"url\":\"https:\\\/\\\/cifreceramica.com\\\/wp-content\\\/uploads\\\/2020\\\/03\\\/logo-cifre.jpg\",\"contentUrl\":\"https:\\\/\\\/cifreceramica.com\\\/wp-content\\\/uploads\\\/2020\\\/03\\\/logo-cifre.jpg\",\"width\":648,\"height\":320,\"caption\":\"CIFRE CERAMICA SL.\"},\"image\":{\"@id\":\"https:\\\/\\\/cifreceramica.com\\\/#\\\/schema\\\/logo\\\/image\\\/\"},\"sameAs\":[\"https:\\\/\\\/www.facebook.com\\\/Cifreceramica\\\/\",\"https:\\\/\\\/x.com\\\/cifreceramica\",\"https:\\\/\\\/www.instagram.com\\\/cifreceramica\\\/\",\"https:\\\/\\\/www.linkedin.com\\\/cifreceramica\",\"https:\\\/\\\/www.pinterest.es\\\/CifreReport\\\/_created\\\/\",\"https:\\\/\\\/www.youtube.com\\\/channel\\\/UC6T43U-C68ZKx58s-QVY0Eg\"]}]}<\/script>\n<!-- \/ Yoast SEO plugin. -->","yoast_head_json":{"title":"VIP-Bereich \u2013 Werbetafeln - CIFRE CER\u00c1MICA","robots":{"index":"index","follow":"follow","max-snippet":"max-snippet:-1","max-image-preview":"max-image-preview:large","max-video-preview":"max-video-preview:-1"},"canonical":"https:\/\/cifreceramica.com\/de\/vip-bereich-werbetafeln\/","og_locale":"de_DE","og_type":"article","og_title":"VIP-Bereich \u2013 Werbetafeln - CIFRE CER\u00c1MICA","og_description":"[vc_row full_width=&#8220;stretch_row_content&#8220; el_class=&#8220;breadcrumb&#8220;][vc_column][\/vc_column][\/vc_row][vc_row full_width=&#8220;stretch_row_content&#8220; equal_height=&#8220;yes&#8220; el_class=&#8220;busqueda_coleccion promociones_top&#8220;][vc_column width=&#8220;1\/4&#8243; el_class=&#8220;filtros_busqueda cesta_promocion&#8220;][vc_row_inner][vc_column_inner el_class=&#8220;cesta&#8220; width=&#8220;1\/2&#8243;][vc_column_text el_class=&#8220;titular&#8220;]Warenkorb[\/vc_column_text][\/vc_column_inner][vc_column_inner el_class=&#8220;nproductos&#8220; width=&#8220;1\/2&#8243;][vc_column_text el_class=&#8220;titular&#8220;]0 Produkte[\/vc_column_text][\/vc_column_inner][\/vc_row_inner][\/vc_column][vc_column width=&#8220;3\/4&#8243; el_class=&#8220;resultado_busqueda&#8220;][vc_row_inner][vc_column_inner width=&#8220;1\/2&#8243;][vc_btn title=&#8220;Home&#8220; style=&#8220;outline-custom&#8220; outline_custom_color=&#8220;#0a0a0a&#8220; outline_custom_hover_background=&#8220;#0a0a0a&#8220; outline_custom_hover_text=&#8220;#ffffff&#8220; shape=&#8220;square&#8220; size=&#8220;sm&#8220; align=&#8220;left&#8220; el_class=&#8220;boton_negro&#8220;][\/vc_column_inner][vc_column_inner width=&#8220;1\/2&#8243;][vc_btn title=&#8220;Zur\u00fcck&#8220; style=&#8220;outline-custom&#8220; outline_custom_color=&#8220;#0a0a0a&#8220; outline_custom_hover_background=&#8220;#0a0a0a&#8220; outline_custom_hover_text=&#8220;#ffffff&#8220; shape=&#8220;square&#8220; size=&#8220;sm&#8220; align=&#8220;right&#8220; el_class=&#8220;boton_negro&#8220;][\/vc_column_inner][\/vc_row_inner][\/vc_column][\/vc_row][vc_row full_width=&#8220;stretch_row_content&#8220; el_class=&#8220;busqueda_merchandising&#8220;][vc_column width=&#8220;3\/12&#8243; el_class=&#8220;filtros_busqueda promocion_filtros&#8220;][vc_row_inner el_class=&#8220;bloque_filtro&#8220;][vc_column_inner][vc_raw_html]JTNDc2VsZWN0JTNFJTBBJTIwJTIwJTNDb3B0aW9uJTIwdmFsdWUlM0QlMjJhJTIyJTNFQSUzQyUyRm9wdGlvbiUzRSUwQSUyMCUyMCUzQ29wdGlvbiUyMHZhbHVlJTNEJTIyYiUyMiUzRUIlM0MlMkZvcHRpb24lM0UlMEElMjAlMjAlM0NvcHRpb24lMjB2YWx1ZSUzRCUyMmMlMjIlM0VDJTNDJTJGb3B0aW9uJTNFJTBBJTNDJTJGc2VsZWN0JTNF[\/vc_raw_html][\/vc_column_inner][\/vc_row_inner][vc_row_inner][vc_column_inner][vc_toggle title=&#8220;Anwendung&#8220; style=&#8220;square&#8220; el_class=&#8220;acordeon_busqueda_avanzada&#8220;] Zement (24) Holz (24) Marmor (24) Metallisch [&hellip;]","og_url":"https:\/\/cifreceramica.com\/de\/vip-bereich-werbetafeln\/","og_site_name":"CIFRE CER\u00c1MICA","article_publisher":"https:\/\/www.facebook.com\/Cifreceramica\/","article_modified_time":"2019-09-25T08:31:31+00:00","twitter_card":"summary_large_image","twitter_site":"@cifreceramica","twitter_misc":{"Gesch\u00e4tzte Lesezeit":"4\u00a0Minuten"},"schema":{"@context":"https:\/\/schema.org","@graph":[{"@type":"WebPage","@id":"https:\/\/cifreceramica.com\/de\/vip-bereich-werbetafeln\/","url":"https:\/\/cifreceramica.com\/de\/vip-bereich-werbetafeln\/","name":"VIP-Bereich \u2013 Werbetafeln - CIFRE CER\u00c1MICA","isPartOf":{"@id":"https:\/\/cifreceramica.com\/#website"},"datePublished":"2019-09-05T08:13:54+00:00","dateModified":"2019-09-25T08:31:31+00:00","breadcrumb":{"@id":"https:\/\/cifreceramica.com\/de\/vip-bereich-werbetafeln\/#breadcrumb"},"inLanguage":"de","potentialAction":[{"@type":"ReadAction","target":["https:\/\/cifreceramica.com\/de\/vip-bereich-werbetafeln\/"]}]},{"@type":"BreadcrumbList","@id":"https:\/\/cifreceramica.com\/de\/vip-bereich-werbetafeln\/#breadcrumb","itemListElement":[{"@type":"ListItem","position":1,"name":"Portada","item":"https:\/\/cifreceramica.com\/de\/"},{"@type":"ListItem","position":2,"name":"VIP-Bereich \u2013 Werbetafeln"}]},{"@type":"WebSite","@id":"https:\/\/cifreceramica.com\/#website","url":"https:\/\/cifreceramica.com\/","name":"CIFRE CER\u00c1MICA","description":"Azulejo, cer\u00e1mica, decoraci\u00f3n, pavimento, revestimiento","publisher":{"@id":"https:\/\/cifreceramica.com\/#organization"},"potentialAction":[{"@type":"SearchAction","target":{"@type":"EntryPoint","urlTemplate":"https:\/\/cifreceramica.com\/?s={search_term_string}"},"query-input":{"@type":"PropertyValueSpecification","valueRequired":true,"valueName":"search_term_string"}}],"inLanguage":"de"},{"@type":"Organization","@id":"https:\/\/cifreceramica.com\/#organization","name":"CIFRE CERAMICA SL.","url":"https:\/\/cifreceramica.com\/","logo":{"@type":"ImageObject","inLanguage":"de","@id":"https:\/\/cifreceramica.com\/#\/schema\/logo\/image\/","url":"https:\/\/cifreceramica.com\/wp-content\/uploads\/2020\/03\/logo-cifre.jpg","contentUrl":"https:\/\/cifreceramica.com\/wp-content\/uploads\/2020\/03\/logo-cifre.jpg","width":648,"height":320,"caption":"CIFRE CERAMICA SL."},"image":{"@id":"https:\/\/cifreceramica.com\/#\/schema\/logo\/image\/"},"sameAs":["https:\/\/www.facebook.com\/Cifreceramica\/","https:\/\/x.com\/cifreceramica","https:\/\/www.instagram.com\/cifreceramica\/","https:\/\/www.linkedin.com\/cifreceramica","https:\/\/www.pinterest.es\/CifreReport\/_created\/","https:\/\/www.youtube.com\/channel\/UC6T43U-C68ZKx58s-QVY0Eg"]}]}},"_links":{"self":[{"href":"https:\/\/cifreceramica.com\/de\/wp-json\/wp\/v2\/pages\/2825","targetHints":{"allow":["GET"]}}],"collection":[{"href":"https:\/\/cifreceramica.com\/de\/wp-json\/wp\/v2\/pages"}],"about":[{"href":"https:\/\/cifreceramica.com\/de\/wp-json\/wp\/v2\/types\/page"}],"author":[{"embeddable":true,"href":"https:\/\/cifreceramica.com\/de\/wp-json\/wp\/v2\/users\/1"}],"replies":[{"embeddable":true,"href":"https:\/\/cifreceramica.com\/de\/wp-json\/wp\/v2\/comments?post=2825"}],"version-history":[{"count":3,"href":"https:\/\/cifreceramica.com\/de\/wp-json\/wp\/v2\/pages\/2825\/revisions"}],"predecessor-version":[{"id":2829,"href":"https:\/\/cifreceramica.com\/de\/wp-json\/wp\/v2\/pages\/2825\/revisions\/2829"}],"wp:attachment":[{"href":"https:\/\/cifreceramica.com\/de\/wp-json\/wp\/v2\/media?parent=2825"}],"curies":[{"name":"wp","href":"https:\/\/api.w.org\/{rel}","templated":true}]}}