{"id":2807,"date":"2019-09-04T12:22:57","date_gmt":"2019-09-04T10:22:57","guid":{"rendered":"https:\/\/cifreceramica.com\/area-reservada-nueva-seleccion\/"},"modified":"2019-09-24T14:25:01","modified_gmt":"2019-09-24T12:25:01","slug":"vip-bereich-neue-auswahl","status":"publish","type":"page","link":"https:\/\/cifreceramica.com\/de\/vip-bereich-neue-auswahl\/","title":{"rendered":"VIP-Bereich &#8211; Neue Auswahl"},"content":{"rendered":"<p>[vc_row full_width=&#8220;stretch_row_content&#8220; el_class=&#8220;breadcrumb&#8220;][vc_column][\/vc_column][\/vc_row][vc_row el_class=&#8220;titulares_top&#8220;][vc_column width=&#8220;1\/12&#8243;][\/vc_column][vc_column width=&#8220;10\/12&#8243;][vc_column_text]<\/p>\n<h1>Neue Auswahl<\/h1>\n<p>[\/vc_column_text][vc_column_text]<\/p>\n<p style=\"text-align: center;\">Liste der ausgew\u00e4hlten Elemente<\/p>\n<p>[\/vc_column_text][\/vc_column][vc_column width=&#8220;1\/12&#8243;][\/vc_column][\/vc_row][vc_row][vc_column width=&#8220;1\/12&#8243;][\/vc_column][vc_column width=&#8220;10\/12&#8243; el_class=&#8220;seleccion_acciones_top&#8220; css=&#8220;.vc_custom_1567593541023{padding-top: 0px !important;}&#8220;][vc_row_inner][vc_column_inner width=&#8220;1\/3&#8243;][vc_raw_html el_class=&#8220;guardar_seleccion item&#8220;]JTNDYSUyMGRhdGEtdG9nZ2xlJTNEJTIybW9kYWwlMjIlMjBkYXRhLXRhcmdldCUzRCUyMiUyM2d1YXJkYXJfc2VsZWNjaW9uJTIyJTIwY2xhc3MlM0QlMjJndWFyZGFyX3NlbGVjY2lvbiUyMiUzRSUzQ3AlM0UlM0NpbWclMjBjbGFzcyUzRCUyMmFsaWdubm9uZSUyMHNpemUtZnVsbCUyMHdwLWltYWdlLTU2NyUyMiUyMHNyYyUzRCUyMmh0dHBzJTNBJTJGJTJGY2lmcmV3ZWIuYXRpYy5ncmVlbiUyRndwLWNvbnRlbnQlMkZ1cGxvYWRzJTJGMjAxOSUyRjA5JTJGZ3VhcmRhci5wbmclMjIlMjBhbHQlM0QlMjIlMjIlMjB3aWR0aCUzRCUyMjE5JTIyJTIwaGVpZ2h0JTNEJTIyMTglMjIlMjAlMkYlM0VHdWFyZGFyJTNDJTJGcCUzRSUzQyUyRmElM0U=[\/vc_raw_html][\/vc_column_inner][vc_column_inner width=&#8220;1\/3&#8243;][vc_raw_html el_class=&#8220;descargar_pdf item&#8220;]JTNDYSUyMGhyZWYlM0QlMjIlMkZwZGYtc2VsZWNjaW9uJTIyJTIwdGFyZ2V0JTNEJTIyX2JsYW5rJTIyJTNFJTNDcCUzRSUzQ2ltZyUyMGNsYXNzJTNEJTIyYWxpZ25ub25lJTIwc2l6ZS1mdWxsJTIwd3AtaW1hZ2UtNTY5JTIyJTIwc3JjJTNEJTIyaHR0cHMlM0ElMkYlMkZjaWZyZXdlYi5hdGljLmdyZWVuJTJGd3AtY29udGVudCUyRnVwbG9hZHMlMkYyMDE5JTJGMDklMkZwZGYucG5nJTIyJTIwYWx0JTNEJTIyJTIyJTIwd2lkdGglM0QlMjIxNCUyMiUyMGhlaWdodCUzRCUyMjE3JTIyJTIwJTJGJTNFRGVzY2FyZ2FyJTIwUERGJTNDJTJGcCUzRSUzQyUyRmElM0U=[\/vc_raw_html][\/vc_column_inner][vc_column_inner width=&#8220;1\/3&#8243;][vc_raw_html el_class=&#8220;descargar_imagen item&#8220;]JTNDYSUyMGhyZWYlM0QlMjIlMkZkZXNjYXJnYS1zZWxlY2Npb24lMjIlM0UlM0NwJTNFJTNDaW1nJTIwY2xhc3MlM0QlMjJhbGlnbm5vbmUlMjBzaXplLWZ1bGwlMjB3cC1pbWFnZS01NzIlMjIlMjBzcmMlM0QlMjJodHRwcyUzQSUyRiUyRmNpZnJld2ViLmF0aWMuZ3JlZW4lMkZ3cC1jb250ZW50JTJGdXBsb2FkcyUyRjIwMTklMkYwOSUyRmltYWdlbi0xLnBuZyUyMiUyMGFsdCUzRCUyMiUyMiUyMHdpZHRoJTNEJTIyMTYlMjIlMjBoZWlnaHQlM0QlMjIxOCUyMiUyMCUyRiUzRURlc2NhcmdhciUyMGltYWdlbiUzQyUyRnAlM0UlM0MlMkZhJTNF[\/vc_raw_html][\/vc_column_inner][\/vc_row_inner][\/vc_column][vc_column width=&#8220;1\/12&#8243;][\/vc_column][\/vc_row][vc_row el_class=&#8220;seleccion_acciones_bottom&#8220;][vc_column width=&#8220;1\/12&#8243;][\/vc_column][vc_column width=&#8220;10\/12&#8243;][vc_row_inner][vc_column_inner width=&#8220;1\/2&#8243;][vc_column_text el_class=&#8220;add_seleccion&#8220;]<a href=\"\/colecciones\"><img loading=\"lazy\" decoding=\"async\" class=\"alignnone size-full wp-image-574\" src=\"https:\/\/cifreceramica.com\/wp-content\/uploads\/2019\/09\/add.png\" alt=\"\" width=\"13\" height=\"13\" \/>Weitere Elemente hinzuf\u00fcgen<\/a>[\/vc_column_text][\/vc_column_inner][vc_column_inner width=&#8220;1\/2&#8243;][vc_column_text el_class=&#8220;mis_selecciones&#8220;]<a href=\"\/area-reservada-mis-selecciones\/\"><img loading=\"lazy\" decoding=\"async\" class=\"alignnone size-full wp-image-575\" src=\"https:\/\/cifreceramica.com\/wp-content\/uploads\/2019\/09\/colecciones.png\" alt=\"\" width=\"5\" height=\"5\" \/>Meine Auswahl<\/a>[\/vc_column_text][\/vc_column_inner][\/vc_row_inner][\/vc_column][vc_column width=&#8220;1\/12&#8243;][\/vc_column][\/vc_row][vc_row el_class=&#8220;elementos_seleccionados&#8220;][vc_column width=&#8220;1\/12&#8243;][\/vc_column][vc_column width=&#8220;10\/12&#8243;]<a href=\"#\" class=\"deseleccionar_todos_los_productos\" style=\"margin-top:-30px;float:right;margin-right:0px;\">Alle l\u00f6schen<\/a>[vc_row_inner el_class=\"fila_seleccion\"][\/vc_row_inner][\/vc_column][vc_column width=&#8220;1\/12&#8243;][\/vc_column][\/vc_row][vc_row][vc_column]<!-- Modal -->\n\n<div class=\"modal fade\" id=\"guardar_seleccion\" tabindex=\"-1\" role=\"dialog\" aria-labelledby=\"exampleModalLabel\" aria-hidden=\"true\">\n  <div class=\"modal-dialog  modal-md\" role=\"document\" style=\"width:500px;margin-top:100px;\">\n    <div class=\"modal-content\">\n\t<form action=\"\/area-reservada-mis-selecciones\/\" method=\"POST\">\n\t  <div class=\"modal-header\">\n\t\t<h3><span>Speichern:<\/span> Nueva Selecci\u00f3n<\/h3>\n\t  <\/div>\n      <div class=\"modal-body\">\n\t\n\t\t<div class=\"form-group\">\n\t\t<label>Nombre<\/label><br>\n\t\t<input type=\"text\" name=\"nombre\" placeholder=\"Name\" class=\"form-control\">\n\t\t<\/div>\n\n      <\/div>\n\t\n\t\t<div class=\"modal-footer\">\n\t\t<button class=\"btn-guardar\">Speichern<\/button>\n\t\t<button class=\"btn-cancelar\" data-dismiss=\"modal\" aria-hidden=\"true\">Cancelar<\/button>\n\t\t<\/div>\n\n\t  <\/form>\n\t\t\n    <\/div>\n  <\/div>\n<\/div>\n[\/vc_column][\/vc_row]<\/p>\n","protected":false},"excerpt":{"rendered":"<p>[vc_row full_width=&#8220;stretch_row_content&#8220; el_class=&#8220;breadcrumb&#8220;][vc_column][\/vc_column][\/vc_row][vc_row el_class=&#8220;titulares_top&#8220;][vc_column width=&#8220;1\/12&#8243;][\/vc_column][vc_column width=&#8220;10\/12&#8243;][vc_column_text] Neue Auswahl [\/vc_column_text][vc_column_text] Liste der ausgew\u00e4hlten Elemente [\/vc_column_text][\/vc_column][vc_column width=&#8220;1\/12&#8243;][\/vc_column][\/vc_row][vc_row][vc_column width=&#8220;1\/12&#8243;][\/vc_column][vc_column width=&#8220;10\/12&#8243; el_class=&#8220;seleccion_acciones_top&#8220; css=&#8220;.vc_custom_1567593541023{padding-top: 0px !important;}&#8220;][vc_row_inner][vc_column_inner width=&#8220;1\/3&#8243;][vc_raw_html el_class=&#8220;guardar_seleccion item&#8220;]JTNDYSUyMGRhdGEtdG9nZ2xlJTNEJTIybW9kYWwlMjIlMjBkYXRhLXRhcmdldCUzRCUyMiUyM2d1YXJkYXJfc2VsZWNjaW9uJTIyJTIwY2xhc3MlM0QlMjJndWFyZGFyX3NlbGVjY2lvbiUyMiUzRSUzQ3AlM0UlM0NpbWclMjBjbGFzcyUzRCUyMmFsaWdubm9uZSUyMHNpemUtZnVsbCUyMHdwLWltYWdlLTU2NyUyMiUyMHNyYyUzRCUyMmh0dHBzJTNBJTJGJTJGY2lmcmV3ZWIuYXRpYy5ncmVlbiUyRndwLWNvbnRlbnQlMkZ1cGxvYWRzJTJGMjAxOSUyRjA5JTJGZ3VhcmRhci5wbmclMjIlMjBhbHQlM0QlMjIlMjIlMjB3aWR0aCUzRCUyMjE5JTIyJTIwaGVpZ2h0JTNEJTIyMTglMjIlMjAlMkYlM0VHdWFyZGFyJTNDJTJGcCUzRSUzQyUyRmElM0U=[\/vc_raw_html][\/vc_column_inner][vc_column_inner width=&#8220;1\/3&#8243;][vc_raw_html el_class=&#8220;descargar_pdf item&#8220;]JTNDYSUyMGhyZWYlM0QlMjIlMkZwZGYtc2VsZWNjaW9uJTIyJTIwdGFyZ2V0JTNEJTIyX2JsYW5rJTIyJTNFJTNDcCUzRSUzQ2ltZyUyMGNsYXNzJTNEJTIyYWxpZ25ub25lJTIwc2l6ZS1mdWxsJTIwd3AtaW1hZ2UtNTY5JTIyJTIwc3JjJTNEJTIyaHR0cHMlM0ElMkYlMkZjaWZyZXdlYi5hdGljLmdyZWVuJTJGd3AtY29udGVudCUyRnVwbG9hZHMlMkYyMDE5JTJGMDklMkZwZGYucG5nJTIyJTIwYWx0JTNEJTIyJTIyJTIwd2lkdGglM0QlMjIxNCUyMiUyMGhlaWdodCUzRCUyMjE3JTIyJTIwJTJGJTNFRGVzY2FyZ2FyJTIwUERGJTNDJTJGcCUzRSUzQyUyRmElM0U=[\/vc_raw_html][\/vc_column_inner][vc_column_inner width=&#8220;1\/3&#8243;][vc_raw_html el_class=&#8220;descargar_imagen item&#8220;]JTNDYSUyMGhyZWYlM0QlMjIlMkZkZXNjYXJnYS1zZWxlY2Npb24lMjIlM0UlM0NwJTNFJTNDaW1nJTIwY2xhc3MlM0QlMjJhbGlnbm5vbmUlMjBzaXplLWZ1bGwlMjB3cC1pbWFnZS01NzIlMjIlMjBzcmMlM0QlMjJodHRwcyUzQSUyRiUyRmNpZnJld2ViLmF0aWMuZ3JlZW4lMkZ3cC1jb250ZW50JTJGdXBsb2FkcyUyRjIwMTklMkYwOSUyRmltYWdlbi0xLnBuZyUyMiUyMGFsdCUzRCUyMiUyMiUyMHdpZHRoJTNEJTIyMTYlMjIlMjBoZWlnaHQlM0QlMjIxOCUyMiUyMCUyRiUzRURlc2NhcmdhciUyMGltYWdlbiUzQyUyRnAlM0UlM0MlMkZhJTNF[\/vc_raw_html][\/vc_column_inner][\/vc_row_inner][\/vc_column][vc_column width=&#8220;1\/12&#8243;][\/vc_column][\/vc_row][vc_row el_class=&#8220;seleccion_acciones_bottom&#8220;][vc_column width=&#8220;1\/12&#8243;][\/vc_column][vc_column width=&#8220;10\/12&#8243;][vc_row_inner][vc_column_inner width=&#8220;1\/2&#8243;][vc_column_text el_class=&#8220;add_seleccion&#8220;]Weitere Elemente hinzuf\u00fcgen[\/vc_column_text][\/vc_column_inner][vc_column_inner width=&#8220;1\/2&#8243;][vc_column_text el_class=&#8220;mis_selecciones&#8220;]Meine Auswahl[\/vc_column_text][\/vc_column_inner][\/vc_row_inner][\/vc_column][vc_column width=&#8220;1\/12&#8243;][\/vc_column][\/vc_row][vc_row el_class=&#8220;elementos_seleccionados&#8220;][vc_column width=&#8220;1\/12&#8243;][\/vc_column][vc_column width=&#8220;10\/12&#8243;][\/vc_column][vc_column width=&#8220;1\/12&#8243;][\/vc_column][\/vc_row][vc_row][vc_column][\/vc_column][\/vc_row]<\/p>\n","protected":false},"author":1,"featured_media":0,"parent":0,"menu_order":0,"comment_status":"closed","ping_status":"closed","template":"","meta":{"footnotes":""},"class_list":["post-2807","page","type-page","status-publish","hentry"],"yoast_head":"<!-- This site is optimized with the Yoast SEO plugin v27.3 - https:\/\/yoast.com\/product\/yoast-seo-wordpress\/ -->\n<title>VIP-Bereich - Neue Auswahl - CIFRE CER\u00c1MICA<\/title>\n<meta name=\"robots\" content=\"index, follow, max-snippet:-1, max-image-preview:large, max-video-preview:-1\" \/>\n<link rel=\"canonical\" href=\"https:\/\/cifreceramica.com\/de\/vip-bereich-neue-auswahl\/\" \/>\n<meta property=\"og:locale\" content=\"de_DE\" \/>\n<meta property=\"og:type\" content=\"article\" \/>\n<meta property=\"og:title\" content=\"VIP-Bereich - Neue Auswahl - CIFRE CER\u00c1MICA\" \/>\n<meta property=\"og:description\" content=\"[vc_row full_width=&#8220;stretch_row_content&#8220; el_class=&#8220;breadcrumb&#8220;][vc_column][\/vc_column][\/vc_row][vc_row el_class=&#8220;titulares_top&#8220;][vc_column width=&#8220;1\/12&#8243;][\/vc_column][vc_column width=&#8220;10\/12&#8243;][vc_column_text] Neue Auswahl [\/vc_column_text][vc_column_text] Liste der ausgew\u00e4hlten Elemente [\/vc_column_text][\/vc_column][vc_column width=&#8220;1\/12&#8243;][\/vc_column][\/vc_row][vc_row][vc_column width=&#8220;1\/12&#8243;][\/vc_column][vc_column width=&#8220;10\/12&#8243; el_class=&#8220;seleccion_acciones_top&#8220; css=&#8220;.vc_custom_1567593541023{padding-top: 0px !important;}&#8220;][vc_row_inner][vc_column_inner width=&#8220;1\/3&#8243;][vc_raw_html el_class=&#8220;guardar_seleccion item&#8220;]JTNDYSUyMGRhdGEtdG9nZ2xlJTNEJTIybW9kYWwlMjIlMjBkYXRhLXRhcmdldCUzRCUyMiUyM2d1YXJkYXJfc2VsZWNjaW9uJTIyJTIwY2xhc3MlM0QlMjJndWFyZGFyX3NlbGVjY2lvbiUyMiUzRSUzQ3AlM0UlM0NpbWclMjBjbGFzcyUzRCUyMmFsaWdubm9uZSUyMHNpemUtZnVsbCUyMHdwLWltYWdlLTU2NyUyMiUyMHNyYyUzRCUyMmh0dHBzJTNBJTJGJTJGY2lmcmV3ZWIuYXRpYy5ncmVlbiUyRndwLWNvbnRlbnQlMkZ1cGxvYWRzJTJGMjAxOSUyRjA5JTJGZ3VhcmRhci5wbmclMjIlMjBhbHQlM0QlMjIlMjIlMjB3aWR0aCUzRCUyMjE5JTIyJTIwaGVpZ2h0JTNEJTIyMTglMjIlMjAlMkYlM0VHdWFyZGFyJTNDJTJGcCUzRSUzQyUyRmElM0U=[\/vc_raw_html][\/vc_column_inner][vc_column_inner width=&#8220;1\/3&#8243;][vc_raw_html el_class=&#8220;descargar_pdf item&#8220;]JTNDYSUyMGhyZWYlM0QlMjIlMkZwZGYtc2VsZWNjaW9uJTIyJTIwdGFyZ2V0JTNEJTIyX2JsYW5rJTIyJTNFJTNDcCUzRSUzQ2ltZyUyMGNsYXNzJTNEJTIyYWxpZ25ub25lJTIwc2l6ZS1mdWxsJTIwd3AtaW1hZ2UtNTY5JTIyJTIwc3JjJTNEJTIyaHR0cHMlM0ElMkYlMkZjaWZyZXdlYi5hdGljLmdyZWVuJTJGd3AtY29udGVudCUyRnVwbG9hZHMlMkYyMDE5JTJGMDklMkZwZGYucG5nJTIyJTIwYWx0JTNEJTIyJTIyJTIwd2lkdGglM0QlMjIxNCUyMiUyMGhlaWdodCUzRCUyMjE3JTIyJTIwJTJGJTNFRGVzY2FyZ2FyJTIwUERGJTNDJTJGcCUzRSUzQyUyRmElM0U=[\/vc_raw_html][\/vc_column_inner][vc_column_inner width=&#8220;1\/3&#8243;][vc_raw_html el_class=&#8220;descargar_imagen item&#8220;]JTNDYSUyMGhyZWYlM0QlMjIlMkZkZXNjYXJnYS1zZWxlY2Npb24lMjIlM0UlM0NwJTNFJTNDaW1nJTIwY2xhc3MlM0QlMjJhbGlnbm5vbmUlMjBzaXplLWZ1bGwlMjB3cC1pbWFnZS01NzIlMjIlMjBzcmMlM0QlMjJodHRwcyUzQSUyRiUyRmNpZnJld2ViLmF0aWMuZ3JlZW4lMkZ3cC1jb250ZW50JTJGdXBsb2FkcyUyRjIwMTklMkYwOSUyRmltYWdlbi0xLnBuZyUyMiUyMGFsdCUzRCUyMiUyMiUyMHdpZHRoJTNEJTIyMTYlMjIlMjBoZWlnaHQlM0QlMjIxOCUyMiUyMCUyRiUzRURlc2NhcmdhciUyMGltYWdlbiUzQyUyRnAlM0UlM0MlMkZhJTNF[\/vc_raw_html][\/vc_column_inner][\/vc_row_inner][\/vc_column][vc_column width=&#8220;1\/12&#8243;][\/vc_column][\/vc_row][vc_row el_class=&#8220;seleccion_acciones_bottom&#8220;][vc_column width=&#8220;1\/12&#8243;][\/vc_column][vc_column width=&#8220;10\/12&#8243;][vc_row_inner][vc_column_inner width=&#8220;1\/2&#8243;][vc_column_text el_class=&#8220;add_seleccion&#8220;]Weitere Elemente hinzuf\u00fcgen[\/vc_column_text][\/vc_column_inner][vc_column_inner width=&#8220;1\/2&#8243;][vc_column_text el_class=&#8220;mis_selecciones&#8220;]Meine Auswahl[\/vc_column_text][\/vc_column_inner][\/vc_row_inner][\/vc_column][vc_column width=&#8220;1\/12&#8243;][\/vc_column][\/vc_row][vc_row el_class=&#8220;elementos_seleccionados&#8220;][vc_column width=&#8220;1\/12&#8243;][\/vc_column][vc_column width=&#8220;10\/12&#8243;][\/vc_column][vc_column width=&#8220;1\/12&#8243;][\/vc_column][\/vc_row][vc_row][vc_column][\/vc_column][\/vc_row]\" \/>\n<meta property=\"og:url\" content=\"https:\/\/cifreceramica.com\/de\/vip-bereich-neue-auswahl\/\" \/>\n<meta property=\"og:site_name\" content=\"CIFRE CER\u00c1MICA\" \/>\n<meta property=\"article:publisher\" content=\"https:\/\/www.facebook.com\/Cifreceramica\/\" \/>\n<meta property=\"article:modified_time\" content=\"2019-09-24T12:25:01+00:00\" \/>\n<meta property=\"og:image\" content=\"https:\/\/cifreceramica.com\/wp-content\/uploads\/2019\/09\/add.png\" \/>\n<meta name=\"twitter:card\" content=\"summary_large_image\" \/>\n<meta name=\"twitter:site\" content=\"@cifreceramica\" \/>\n<meta name=\"twitter:label1\" content=\"Gesch\u00e4tzte Lesezeit\" \/>\n\t<meta name=\"twitter:data1\" content=\"2\u00a0Minuten\" \/>\n<script type=\"application\/ld+json\" class=\"yoast-schema-graph\">{\"@context\":\"https:\\\/\\\/schema.org\",\"@graph\":[{\"@type\":\"WebPage\",\"@id\":\"https:\\\/\\\/cifreceramica.com\\\/de\\\/vip-bereich-neue-auswahl\\\/\",\"url\":\"https:\\\/\\\/cifreceramica.com\\\/de\\\/vip-bereich-neue-auswahl\\\/\",\"name\":\"VIP-Bereich - Neue Auswahl - CIFRE CER\u00c1MICA\",\"isPartOf\":{\"@id\":\"https:\\\/\\\/cifreceramica.com\\\/#website\"},\"primaryImageOfPage\":{\"@id\":\"https:\\\/\\\/cifreceramica.com\\\/de\\\/vip-bereich-neue-auswahl\\\/#primaryimage\"},\"image\":{\"@id\":\"https:\\\/\\\/cifreceramica.com\\\/de\\\/vip-bereich-neue-auswahl\\\/#primaryimage\"},\"thumbnailUrl\":\"https:\\\/\\\/cifreceramica.com\\\/wp-content\\\/uploads\\\/2019\\\/09\\\/add.png\",\"datePublished\":\"2019-09-04T10:22:57+00:00\",\"dateModified\":\"2019-09-24T12:25:01+00:00\",\"breadcrumb\":{\"@id\":\"https:\\\/\\\/cifreceramica.com\\\/de\\\/vip-bereich-neue-auswahl\\\/#breadcrumb\"},\"inLanguage\":\"de\",\"potentialAction\":[{\"@type\":\"ReadAction\",\"target\":[\"https:\\\/\\\/cifreceramica.com\\\/de\\\/vip-bereich-neue-auswahl\\\/\"]}]},{\"@type\":\"ImageObject\",\"inLanguage\":\"de\",\"@id\":\"https:\\\/\\\/cifreceramica.com\\\/de\\\/vip-bereich-neue-auswahl\\\/#primaryimage\",\"url\":\"https:\\\/\\\/cifreceramica.com\\\/wp-content\\\/uploads\\\/2019\\\/09\\\/add.png\",\"contentUrl\":\"https:\\\/\\\/cifreceramica.com\\\/wp-content\\\/uploads\\\/2019\\\/09\\\/add.png\"},{\"@type\":\"BreadcrumbList\",\"@id\":\"https:\\\/\\\/cifreceramica.com\\\/de\\\/vip-bereich-neue-auswahl\\\/#breadcrumb\",\"itemListElement\":[{\"@type\":\"ListItem\",\"position\":1,\"name\":\"Portada\",\"item\":\"https:\\\/\\\/cifreceramica.com\\\/de\\\/\"},{\"@type\":\"ListItem\",\"position\":2,\"name\":\"VIP-Bereich &#8211; Neue Auswahl\"}]},{\"@type\":\"WebSite\",\"@id\":\"https:\\\/\\\/cifreceramica.com\\\/#website\",\"url\":\"https:\\\/\\\/cifreceramica.com\\\/\",\"name\":\"CIFRE CER\u00c1MICA\",\"description\":\"Azulejo, cer\u00e1mica, decoraci\u00f3n, pavimento, revestimiento\",\"publisher\":{\"@id\":\"https:\\\/\\\/cifreceramica.com\\\/#organization\"},\"potentialAction\":[{\"@type\":\"SearchAction\",\"target\":{\"@type\":\"EntryPoint\",\"urlTemplate\":\"https:\\\/\\\/cifreceramica.com\\\/?s={search_term_string}\"},\"query-input\":{\"@type\":\"PropertyValueSpecification\",\"valueRequired\":true,\"valueName\":\"search_term_string\"}}],\"inLanguage\":\"de\"},{\"@type\":\"Organization\",\"@id\":\"https:\\\/\\\/cifreceramica.com\\\/#organization\",\"name\":\"CIFRE CERAMICA SL.\",\"url\":\"https:\\\/\\\/cifreceramica.com\\\/\",\"logo\":{\"@type\":\"ImageObject\",\"inLanguage\":\"de\",\"@id\":\"https:\\\/\\\/cifreceramica.com\\\/#\\\/schema\\\/logo\\\/image\\\/\",\"url\":\"https:\\\/\\\/cifreceramica.com\\\/wp-content\\\/uploads\\\/2020\\\/03\\\/logo-cifre.jpg\",\"contentUrl\":\"https:\\\/\\\/cifreceramica.com\\\/wp-content\\\/uploads\\\/2020\\\/03\\\/logo-cifre.jpg\",\"width\":648,\"height\":320,\"caption\":\"CIFRE CERAMICA SL.\"},\"image\":{\"@id\":\"https:\\\/\\\/cifreceramica.com\\\/#\\\/schema\\\/logo\\\/image\\\/\"},\"sameAs\":[\"https:\\\/\\\/www.facebook.com\\\/Cifreceramica\\\/\",\"https:\\\/\\\/x.com\\\/cifreceramica\",\"https:\\\/\\\/www.instagram.com\\\/cifreceramica\\\/\",\"https:\\\/\\\/www.linkedin.com\\\/cifreceramica\",\"https:\\\/\\\/www.pinterest.es\\\/CifreReport\\\/_created\\\/\",\"https:\\\/\\\/www.youtube.com\\\/channel\\\/UC6T43U-C68ZKx58s-QVY0Eg\"]}]}<\/script>\n<!-- \/ Yoast SEO plugin. -->","yoast_head_json":{"title":"VIP-Bereich - Neue Auswahl - CIFRE CER\u00c1MICA","robots":{"index":"index","follow":"follow","max-snippet":"max-snippet:-1","max-image-preview":"max-image-preview:large","max-video-preview":"max-video-preview:-1"},"canonical":"https:\/\/cifreceramica.com\/de\/vip-bereich-neue-auswahl\/","og_locale":"de_DE","og_type":"article","og_title":"VIP-Bereich - Neue Auswahl - CIFRE CER\u00c1MICA","og_description":"[vc_row full_width=&#8220;stretch_row_content&#8220; el_class=&#8220;breadcrumb&#8220;][vc_column][\/vc_column][\/vc_row][vc_row el_class=&#8220;titulares_top&#8220;][vc_column width=&#8220;1\/12&#8243;][\/vc_column][vc_column width=&#8220;10\/12&#8243;][vc_column_text] Neue Auswahl [\/vc_column_text][vc_column_text] Liste der ausgew\u00e4hlten Elemente [\/vc_column_text][\/vc_column][vc_column width=&#8220;1\/12&#8243;][\/vc_column][\/vc_row][vc_row][vc_column width=&#8220;1\/12&#8243;][\/vc_column][vc_column width=&#8220;10\/12&#8243; el_class=&#8220;seleccion_acciones_top&#8220; css=&#8220;.vc_custom_1567593541023{padding-top: 0px !important;}&#8220;][vc_row_inner][vc_column_inner width=&#8220;1\/3&#8243;][vc_raw_html el_class=&#8220;guardar_seleccion item&#8220;]JTNDYSUyMGRhdGEtdG9nZ2xlJTNEJTIybW9kYWwlMjIlMjBkYXRhLXRhcmdldCUzRCUyMiUyM2d1YXJkYXJfc2VsZWNjaW9uJTIyJTIwY2xhc3MlM0QlMjJndWFyZGFyX3NlbGVjY2lvbiUyMiUzRSUzQ3AlM0UlM0NpbWclMjBjbGFzcyUzRCUyMmFsaWdubm9uZSUyMHNpemUtZnVsbCUyMHdwLWltYWdlLTU2NyUyMiUyMHNyYyUzRCUyMmh0dHBzJTNBJTJGJTJGY2lmcmV3ZWIuYXRpYy5ncmVlbiUyRndwLWNvbnRlbnQlMkZ1cGxvYWRzJTJGMjAxOSUyRjA5JTJGZ3VhcmRhci5wbmclMjIlMjBhbHQlM0QlMjIlMjIlMjB3aWR0aCUzRCUyMjE5JTIyJTIwaGVpZ2h0JTNEJTIyMTglMjIlMjAlMkYlM0VHdWFyZGFyJTNDJTJGcCUzRSUzQyUyRmElM0U=[\/vc_raw_html][\/vc_column_inner][vc_column_inner width=&#8220;1\/3&#8243;][vc_raw_html el_class=&#8220;descargar_pdf item&#8220;]JTNDYSUyMGhyZWYlM0QlMjIlMkZwZGYtc2VsZWNjaW9uJTIyJTIwdGFyZ2V0JTNEJTIyX2JsYW5rJTIyJTNFJTNDcCUzRSUzQ2ltZyUyMGNsYXNzJTNEJTIyYWxpZ25ub25lJTIwc2l6ZS1mdWxsJTIwd3AtaW1hZ2UtNTY5JTIyJTIwc3JjJTNEJTIyaHR0cHMlM0ElMkYlMkZjaWZyZXdlYi5hdGljLmdyZWVuJTJGd3AtY29udGVudCUyRnVwbG9hZHMlMkYyMDE5JTJGMDklMkZwZGYucG5nJTIyJTIwYWx0JTNEJTIyJTIyJTIwd2lkdGglM0QlMjIxNCUyMiUyMGhlaWdodCUzRCUyMjE3JTIyJTIwJTJGJTNFRGVzY2FyZ2FyJTIwUERGJTNDJTJGcCUzRSUzQyUyRmElM0U=[\/vc_raw_html][\/vc_column_inner][vc_column_inner width=&#8220;1\/3&#8243;][vc_raw_html el_class=&#8220;descargar_imagen item&#8220;]JTNDYSUyMGhyZWYlM0QlMjIlMkZkZXNjYXJnYS1zZWxlY2Npb24lMjIlM0UlM0NwJTNFJTNDaW1nJTIwY2xhc3MlM0QlMjJhbGlnbm5vbmUlMjBzaXplLWZ1bGwlMjB3cC1pbWFnZS01NzIlMjIlMjBzcmMlM0QlMjJodHRwcyUzQSUyRiUyRmNpZnJld2ViLmF0aWMuZ3JlZW4lMkZ3cC1jb250ZW50JTJGdXBsb2FkcyUyRjIwMTklMkYwOSUyRmltYWdlbi0xLnBuZyUyMiUyMGFsdCUzRCUyMiUyMiUyMHdpZHRoJTNEJTIyMTYlMjIlMjBoZWlnaHQlM0QlMjIxOCUyMiUyMCUyRiUzRURlc2NhcmdhciUyMGltYWdlbiUzQyUyRnAlM0UlM0MlMkZhJTNF[\/vc_raw_html][\/vc_column_inner][\/vc_row_inner][\/vc_column][vc_column width=&#8220;1\/12&#8243;][\/vc_column][\/vc_row][vc_row el_class=&#8220;seleccion_acciones_bottom&#8220;][vc_column width=&#8220;1\/12&#8243;][\/vc_column][vc_column width=&#8220;10\/12&#8243;][vc_row_inner][vc_column_inner width=&#8220;1\/2&#8243;][vc_column_text el_class=&#8220;add_seleccion&#8220;]Weitere Elemente hinzuf\u00fcgen[\/vc_column_text][\/vc_column_inner][vc_column_inner width=&#8220;1\/2&#8243;][vc_column_text el_class=&#8220;mis_selecciones&#8220;]Meine Auswahl[\/vc_column_text][\/vc_column_inner][\/vc_row_inner][\/vc_column][vc_column width=&#8220;1\/12&#8243;][\/vc_column][\/vc_row][vc_row el_class=&#8220;elementos_seleccionados&#8220;][vc_column width=&#8220;1\/12&#8243;][\/vc_column][vc_column width=&#8220;10\/12&#8243;][\/vc_column][vc_column width=&#8220;1\/12&#8243;][\/vc_column][\/vc_row][vc_row][vc_column][\/vc_column][\/vc_row]","og_url":"https:\/\/cifreceramica.com\/de\/vip-bereich-neue-auswahl\/","og_site_name":"CIFRE CER\u00c1MICA","article_publisher":"https:\/\/www.facebook.com\/Cifreceramica\/","article_modified_time":"2019-09-24T12:25:01+00:00","og_image":[{"url":"https:\/\/cifreceramica.com\/wp-content\/uploads\/2019\/09\/add.png","type":"","width":"","height":""}],"twitter_card":"summary_large_image","twitter_site":"@cifreceramica","twitter_misc":{"Gesch\u00e4tzte Lesezeit":"2\u00a0Minuten"},"schema":{"@context":"https:\/\/schema.org","@graph":[{"@type":"WebPage","@id":"https:\/\/cifreceramica.com\/de\/vip-bereich-neue-auswahl\/","url":"https:\/\/cifreceramica.com\/de\/vip-bereich-neue-auswahl\/","name":"VIP-Bereich - Neue Auswahl - CIFRE CER\u00c1MICA","isPartOf":{"@id":"https:\/\/cifreceramica.com\/#website"},"primaryImageOfPage":{"@id":"https:\/\/cifreceramica.com\/de\/vip-bereich-neue-auswahl\/#primaryimage"},"image":{"@id":"https:\/\/cifreceramica.com\/de\/vip-bereich-neue-auswahl\/#primaryimage"},"thumbnailUrl":"https:\/\/cifreceramica.com\/wp-content\/uploads\/2019\/09\/add.png","datePublished":"2019-09-04T10:22:57+00:00","dateModified":"2019-09-24T12:25:01+00:00","breadcrumb":{"@id":"https:\/\/cifreceramica.com\/de\/vip-bereich-neue-auswahl\/#breadcrumb"},"inLanguage":"de","potentialAction":[{"@type":"ReadAction","target":["https:\/\/cifreceramica.com\/de\/vip-bereich-neue-auswahl\/"]}]},{"@type":"ImageObject","inLanguage":"de","@id":"https:\/\/cifreceramica.com\/de\/vip-bereich-neue-auswahl\/#primaryimage","url":"https:\/\/cifreceramica.com\/wp-content\/uploads\/2019\/09\/add.png","contentUrl":"https:\/\/cifreceramica.com\/wp-content\/uploads\/2019\/09\/add.png"},{"@type":"BreadcrumbList","@id":"https:\/\/cifreceramica.com\/de\/vip-bereich-neue-auswahl\/#breadcrumb","itemListElement":[{"@type":"ListItem","position":1,"name":"Portada","item":"https:\/\/cifreceramica.com\/de\/"},{"@type":"ListItem","position":2,"name":"VIP-Bereich &#8211; Neue Auswahl"}]},{"@type":"WebSite","@id":"https:\/\/cifreceramica.com\/#website","url":"https:\/\/cifreceramica.com\/","name":"CIFRE CER\u00c1MICA","description":"Azulejo, cer\u00e1mica, decoraci\u00f3n, pavimento, revestimiento","publisher":{"@id":"https:\/\/cifreceramica.com\/#organization"},"potentialAction":[{"@type":"SearchAction","target":{"@type":"EntryPoint","urlTemplate":"https:\/\/cifreceramica.com\/?s={search_term_string}"},"query-input":{"@type":"PropertyValueSpecification","valueRequired":true,"valueName":"search_term_string"}}],"inLanguage":"de"},{"@type":"Organization","@id":"https:\/\/cifreceramica.com\/#organization","name":"CIFRE CERAMICA SL.","url":"https:\/\/cifreceramica.com\/","logo":{"@type":"ImageObject","inLanguage":"de","@id":"https:\/\/cifreceramica.com\/#\/schema\/logo\/image\/","url":"https:\/\/cifreceramica.com\/wp-content\/uploads\/2020\/03\/logo-cifre.jpg","contentUrl":"https:\/\/cifreceramica.com\/wp-content\/uploads\/2020\/03\/logo-cifre.jpg","width":648,"height":320,"caption":"CIFRE CERAMICA SL."},"image":{"@id":"https:\/\/cifreceramica.com\/#\/schema\/logo\/image\/"},"sameAs":["https:\/\/www.facebook.com\/Cifreceramica\/","https:\/\/x.com\/cifreceramica","https:\/\/www.instagram.com\/cifreceramica\/","https:\/\/www.linkedin.com\/cifreceramica","https:\/\/www.pinterest.es\/CifreReport\/_created\/","https:\/\/www.youtube.com\/channel\/UC6T43U-C68ZKx58s-QVY0Eg"]}]}},"_links":{"self":[{"href":"https:\/\/cifreceramica.com\/de\/wp-json\/wp\/v2\/pages\/2807","targetHints":{"allow":["GET"]}}],"collection":[{"href":"https:\/\/cifreceramica.com\/de\/wp-json\/wp\/v2\/pages"}],"about":[{"href":"https:\/\/cifreceramica.com\/de\/wp-json\/wp\/v2\/types\/page"}],"author":[{"embeddable":true,"href":"https:\/\/cifreceramica.com\/de\/wp-json\/wp\/v2\/users\/1"}],"replies":[{"embeddable":true,"href":"https:\/\/cifreceramica.com\/de\/wp-json\/wp\/v2\/comments?post=2807"}],"version-history":[{"count":3,"href":"https:\/\/cifreceramica.com\/de\/wp-json\/wp\/v2\/pages\/2807\/revisions"}],"predecessor-version":[{"id":2810,"href":"https:\/\/cifreceramica.com\/de\/wp-json\/wp\/v2\/pages\/2807\/revisions\/2810"}],"wp:attachment":[{"href":"https:\/\/cifreceramica.com\/de\/wp-json\/wp\/v2\/media?parent=2807"}],"curies":[{"name":"wp","href":"https:\/\/api.w.org\/{rel}","templated":true}]}}