{"id":2799,"date":"2019-09-05T11:02:25","date_gmt":"2019-09-05T09:02:25","guid":{"rendered":"https:\/\/cifreceramica.com\/cesta\/"},"modified":"2019-09-24T13:52:21","modified_gmt":"2019-09-24T11:52:21","slug":"cesta","status":"publish","type":"page","link":"https:\/\/cifreceramica.com\/de\/cesta\/","title":{"rendered":"\u00c1rea reservada &#8211; Cesta"},"content":{"rendered":"<p>[vc_row full_width=&#8220;stretch_row_content&#8220; el_class=&#8220;breadcrumb&#8220;][vc_column][\/vc_column][\/vc_row][vc_row full_width=&#8220;stretch_row_content_no_spaces&#8220; el_class=&#8220;titulares_top&#8220; css=&#8220;.vc_custom_1568717957915{border-bottom-width: 1px !important;padding-top: 10px !important;padding-right: 35px !important;padding-bottom: 10px !important;padding-left: 35px !important;border-bottom-color: #0a0a0a !important;border-bottom-style: solid !important;}&#8220;][vc_column css=&#8220;.vc_custom_1567674242917{padding-top: 0px !important;}&#8220;][vc_btn title=&#8220;Zur\u00fcck&#8220; style=&#8220;outline-custom&#8220; outline_custom_color=&#8220;#0a0a0a&#8220; outline_custom_hover_background=&#8220;#0a0a0a&#8220; outline_custom_hover_text=&#8220;#ffffff&#8220; shape=&#8220;square&#8220; size=&#8220;sm&#8220; align=&#8220;right&#8220; el_class=&#8220;boton_negro&#8220; link=&#8220;url:%2Farea-reservada%2F|||&#8220;][\/vc_column][\/vc_row][vc_row full_width=&#8220;stretch_row_content_no_spaces&#8220; el_class=&#8220;titulares_top&#8220; css=&#8220;.vc_custom_1567674315435{border-bottom-width: 1px !important;padding-top: 15px !important;padding-bottom: 15px !important;border-bottom-color: #0a0a0a !important;border-bottom-style: solid !important;}&#8220;][vc_column css=&#8220;.vc_custom_1567674242917{padding-top: 0px !important;}&#8220;][vc_column_text]<\/p>\n<p style=\"text-align: center;\"><strong>Material auf Anfrage<\/strong><\/p>\n<p>[\/vc_column_text][\/vc_column][\/vc_row][vc_row el_class=&#8220;bloque material_solicitar&#8220;][vc_column width=&#8220;8\/12&#8243;][vc_row_inner][vc_column_inner width=&#8220;7\/12&#8243;][\/vc_column_inner][vc_column_inner width=&#8220;5\/12&#8243;][vc_column_text]<strong>Anmerkungen<\/strong>[\/vc_column_text][vc_raw_html]JTNDdGV4dGFyZWElMjBuYW1lJTNEJTIydGV4dGFyZWElMjIlMjByb3dzJTNEJTIyNyUyMiUzRSUzQyUyRnRleHRhcmVhJTNF[\/vc_raw_html][vc_btn title=&#8220;Bestellung beenden &#8220; style=&#8220;custom&#8220; custom_background=&#8220;#000000&#8243; custom_text=&#8220;#ffffff&#8220; shape=&#8220;square&#8220; size=&#8220;sm&#8220; align=&#8220;center&#8220; el_class=&#8220;boton_negro&#8220;][vc_btn title=&#8220;Bestellung fortsetzen&#8220; style=&#8220;outline-custom&#8220; outline_custom_color=&#8220;#0a0a0a&#8220; outline_custom_hover_background=&#8220;#0a0a0a&#8220; outline_custom_hover_text=&#8220;#ffffff&#8220; shape=&#8220;square&#8220; size=&#8220;sm&#8220; align=&#8220;center&#8220; el_class=&#8220;boton_negro&#8220; link=&#8220;url:%2Farea-reservada%2F|||&#8220;][\/vc_column_inner][\/vc_row_inner][\/vc_column][vc_column width=&#8220;2\/12&#8243; el_class=&#8220;seleccion_acciones_top&#8220;][\/vc_column][vc_column width=&#8220;2\/12&#8243;][\/vc_column][\/vc_row]<\/p>\n","protected":false},"excerpt":{"rendered":"<p>[vc_row full_width=&#8220;stretch_row_content&#8220; el_class=&#8220;breadcrumb&#8220;][vc_column][\/vc_column][\/vc_row][vc_row full_width=&#8220;stretch_row_content_no_spaces&#8220; el_class=&#8220;titulares_top&#8220; css=&#8220;.vc_custom_1568717957915{border-bottom-width: 1px !important;padding-top: 10px !important;padding-right: 35px !important;padding-bottom: 10px !important;padding-left: 35px !important;border-bottom-color: #0a0a0a !important;border-bottom-style: solid !important;}&#8220;][vc_column css=&#8220;.vc_custom_1567674242917{padding-top: 0px !important;}&#8220;][vc_btn title=&#8220;Zur\u00fcck&#8220; style=&#8220;outline-custom&#8220; outline_custom_color=&#8220;#0a0a0a&#8220; outline_custom_hover_background=&#8220;#0a0a0a&#8220; outline_custom_hover_text=&#8220;#ffffff&#8220; shape=&#8220;square&#8220; size=&#8220;sm&#8220; align=&#8220;right&#8220; el_class=&#8220;boton_negro&#8220; link=&#8220;url:%2Farea-reservada%2F|||&#8220;][\/vc_column][\/vc_row][vc_row full_width=&#8220;stretch_row_content_no_spaces&#8220; el_class=&#8220;titulares_top&#8220; css=&#8220;.vc_custom_1567674315435{border-bottom-width: 1px !important;padding-top: 15px !important;padding-bottom: 15px !important;border-bottom-color: #0a0a0a !important;border-bottom-style: solid !important;}&#8220;][vc_column css=&#8220;.vc_custom_1567674242917{padding-top: 0px !important;}&#8220;][vc_column_text] Material auf Anfrage [\/vc_column_text][\/vc_column][\/vc_row][vc_row el_class=&#8220;bloque material_solicitar&#8220;][vc_column [&hellip;]<\/p>\n","protected":false},"author":1,"featured_media":0,"parent":0,"menu_order":0,"comment_status":"closed","ping_status":"closed","template":"","meta":{"footnotes":""},"class_list":["post-2799","page","type-page","status-publish","hentry"],"yoast_head":"<!-- This site is optimized with the Yoast SEO plugin v27.2 - https:\/\/yoast.com\/product\/yoast-seo-wordpress\/ -->\n<title>\u00c1rea reservada - Cesta - CIFRE CER\u00c1MICA<\/title>\n<meta name=\"robots\" content=\"index, follow, max-snippet:-1, max-image-preview:large, max-video-preview:-1\" \/>\n<link rel=\"canonical\" href=\"https:\/\/cifreceramica.com\/de\/cesta\/\" \/>\n<meta property=\"og:locale\" content=\"de_DE\" \/>\n<meta property=\"og:type\" content=\"article\" \/>\n<meta property=\"og:title\" content=\"\u00c1rea reservada - Cesta - CIFRE CER\u00c1MICA\" \/>\n<meta property=\"og:description\" content=\"[vc_row full_width=&#8220;stretch_row_content&#8220; el_class=&#8220;breadcrumb&#8220;][vc_column][\/vc_column][\/vc_row][vc_row full_width=&#8220;stretch_row_content_no_spaces&#8220; el_class=&#8220;titulares_top&#8220; css=&#8220;.vc_custom_1568717957915{border-bottom-width: 1px !important;padding-top: 10px !important;padding-right: 35px !important;padding-bottom: 10px !important;padding-left: 35px !important;border-bottom-color: #0a0a0a !important;border-bottom-style: solid !important;}&#8220;][vc_column css=&#8220;.vc_custom_1567674242917{padding-top: 0px !important;}&#8220;][vc_btn title=&#8220;Zur\u00fcck&#8220; style=&#8220;outline-custom&#8220; outline_custom_color=&#8220;#0a0a0a&#8220; outline_custom_hover_background=&#8220;#0a0a0a&#8220; outline_custom_hover_text=&#8220;#ffffff&#8220; shape=&#8220;square&#8220; size=&#8220;sm&#8220; align=&#8220;right&#8220; el_class=&#8220;boton_negro&#8220; link=&#8220;url:%2Farea-reservada%2F|||&#8220;][\/vc_column][\/vc_row][vc_row full_width=&#8220;stretch_row_content_no_spaces&#8220; el_class=&#8220;titulares_top&#8220; css=&#8220;.vc_custom_1567674315435{border-bottom-width: 1px !important;padding-top: 15px !important;padding-bottom: 15px !important;border-bottom-color: #0a0a0a !important;border-bottom-style: solid !important;}&#8220;][vc_column css=&#8220;.vc_custom_1567674242917{padding-top: 0px !important;}&#8220;][vc_column_text] Material auf Anfrage [\/vc_column_text][\/vc_column][\/vc_row][vc_row el_class=&#8220;bloque material_solicitar&#8220;][vc_column [&hellip;]\" \/>\n<meta property=\"og:url\" content=\"https:\/\/cifreceramica.com\/de\/cesta\/\" \/>\n<meta property=\"og:site_name\" content=\"CIFRE CER\u00c1MICA\" \/>\n<meta property=\"article:publisher\" content=\"https:\/\/www.facebook.com\/Cifreceramica\/\" \/>\n<meta property=\"article:modified_time\" content=\"2019-09-24T11:52:21+00:00\" \/>\n<meta name=\"twitter:card\" content=\"summary_large_image\" \/>\n<meta name=\"twitter:site\" content=\"@cifreceramica\" \/>\n<meta name=\"twitter:label1\" content=\"Gesch\u00e4tzte Lesezeit\" \/>\n\t<meta name=\"twitter:data1\" content=\"2\u00a0Minuten\" \/>\n<script type=\"application\/ld+json\" class=\"yoast-schema-graph\">{\"@context\":\"https:\/\/schema.org\",\"@graph\":[{\"@type\":\"WebPage\",\"@id\":\"https:\/\/cifreceramica.com\/de\/cesta\/\",\"url\":\"https:\/\/cifreceramica.com\/de\/cesta\/\",\"name\":\"\u00c1rea reservada - Cesta - CIFRE CER\u00c1MICA\",\"isPartOf\":{\"@id\":\"https:\/\/cifreceramica.com\/#website\"},\"datePublished\":\"2019-09-05T09:02:25+00:00\",\"dateModified\":\"2019-09-24T11:52:21+00:00\",\"breadcrumb\":{\"@id\":\"https:\/\/cifreceramica.com\/de\/cesta\/#breadcrumb\"},\"inLanguage\":\"de\",\"potentialAction\":[{\"@type\":\"ReadAction\",\"target\":[\"https:\/\/cifreceramica.com\/de\/cesta\/\"]}]},{\"@type\":\"BreadcrumbList\",\"@id\":\"https:\/\/cifreceramica.com\/de\/cesta\/#breadcrumb\",\"itemListElement\":[{\"@type\":\"ListItem\",\"position\":1,\"name\":\"Portada\",\"item\":\"https:\/\/cifreceramica.com\/de\/\"},{\"@type\":\"ListItem\",\"position\":2,\"name\":\"\u00c1rea reservada &#8211; Cesta\"}]},{\"@type\":\"WebSite\",\"@id\":\"https:\/\/cifreceramica.com\/#website\",\"url\":\"https:\/\/cifreceramica.com\/\",\"name\":\"CIFRE CER\u00c1MICA\",\"description\":\"Azulejo, cer\u00e1mica, decoraci\u00f3n, pavimento, revestimiento\",\"publisher\":{\"@id\":\"https:\/\/cifreceramica.com\/#organization\"},\"potentialAction\":[{\"@type\":\"SearchAction\",\"target\":{\"@type\":\"EntryPoint\",\"urlTemplate\":\"https:\/\/cifreceramica.com\/?s={search_term_string}\"},\"query-input\":{\"@type\":\"PropertyValueSpecification\",\"valueRequired\":true,\"valueName\":\"search_term_string\"}}],\"inLanguage\":\"de\"},{\"@type\":\"Organization\",\"@id\":\"https:\/\/cifreceramica.com\/#organization\",\"name\":\"CIFRE CERAMICA SL.\",\"url\":\"https:\/\/cifreceramica.com\/\",\"logo\":{\"@type\":\"ImageObject\",\"inLanguage\":\"de\",\"@id\":\"https:\/\/cifreceramica.com\/#\/schema\/logo\/image\/\",\"url\":\"https:\/\/cifreceramica.com\/wp-content\/uploads\/2020\/03\/logo-cifre.jpg\",\"contentUrl\":\"https:\/\/cifreceramica.com\/wp-content\/uploads\/2020\/03\/logo-cifre.jpg\",\"width\":648,\"height\":320,\"caption\":\"CIFRE CERAMICA SL.\"},\"image\":{\"@id\":\"https:\/\/cifreceramica.com\/#\/schema\/logo\/image\/\"},\"sameAs\":[\"https:\/\/www.facebook.com\/Cifreceramica\/\",\"https:\/\/x.com\/cifreceramica\",\"https:\/\/www.instagram.com\/cifreceramica\/\",\"https:\/\/www.linkedin.com\/cifreceramica\",\"https:\/\/www.pinterest.es\/CifreReport\/_created\/\",\"https:\/\/www.youtube.com\/channel\/UC6T43U-C68ZKx58s-QVY0Eg\"]}]}<\/script>\n<!-- \/ Yoast SEO plugin. -->","yoast_head_json":{"title":"\u00c1rea reservada - Cesta - CIFRE CER\u00c1MICA","robots":{"index":"index","follow":"follow","max-snippet":"max-snippet:-1","max-image-preview":"max-image-preview:large","max-video-preview":"max-video-preview:-1"},"canonical":"https:\/\/cifreceramica.com\/de\/cesta\/","og_locale":"de_DE","og_type":"article","og_title":"\u00c1rea reservada - Cesta - CIFRE CER\u00c1MICA","og_description":"[vc_row full_width=&#8220;stretch_row_content&#8220; el_class=&#8220;breadcrumb&#8220;][vc_column][\/vc_column][\/vc_row][vc_row full_width=&#8220;stretch_row_content_no_spaces&#8220; el_class=&#8220;titulares_top&#8220; css=&#8220;.vc_custom_1568717957915{border-bottom-width: 1px !important;padding-top: 10px !important;padding-right: 35px !important;padding-bottom: 10px !important;padding-left: 35px !important;border-bottom-color: #0a0a0a !important;border-bottom-style: solid !important;}&#8220;][vc_column css=&#8220;.vc_custom_1567674242917{padding-top: 0px !important;}&#8220;][vc_btn title=&#8220;Zur\u00fcck&#8220; style=&#8220;outline-custom&#8220; outline_custom_color=&#8220;#0a0a0a&#8220; outline_custom_hover_background=&#8220;#0a0a0a&#8220; outline_custom_hover_text=&#8220;#ffffff&#8220; shape=&#8220;square&#8220; size=&#8220;sm&#8220; align=&#8220;right&#8220; el_class=&#8220;boton_negro&#8220; link=&#8220;url:%2Farea-reservada%2F|||&#8220;][\/vc_column][\/vc_row][vc_row full_width=&#8220;stretch_row_content_no_spaces&#8220; el_class=&#8220;titulares_top&#8220; css=&#8220;.vc_custom_1567674315435{border-bottom-width: 1px !important;padding-top: 15px !important;padding-bottom: 15px !important;border-bottom-color: #0a0a0a !important;border-bottom-style: solid !important;}&#8220;][vc_column css=&#8220;.vc_custom_1567674242917{padding-top: 0px !important;}&#8220;][vc_column_text] Material auf Anfrage [\/vc_column_text][\/vc_column][\/vc_row][vc_row el_class=&#8220;bloque material_solicitar&#8220;][vc_column [&hellip;]","og_url":"https:\/\/cifreceramica.com\/de\/cesta\/","og_site_name":"CIFRE CER\u00c1MICA","article_publisher":"https:\/\/www.facebook.com\/Cifreceramica\/","article_modified_time":"2019-09-24T11:52:21+00:00","twitter_card":"summary_large_image","twitter_site":"@cifreceramica","twitter_misc":{"Gesch\u00e4tzte Lesezeit":"2\u00a0Minuten"},"schema":{"@context":"https:\/\/schema.org","@graph":[{"@type":"WebPage","@id":"https:\/\/cifreceramica.com\/de\/cesta\/","url":"https:\/\/cifreceramica.com\/de\/cesta\/","name":"\u00c1rea reservada - Cesta - CIFRE CER\u00c1MICA","isPartOf":{"@id":"https:\/\/cifreceramica.com\/#website"},"datePublished":"2019-09-05T09:02:25+00:00","dateModified":"2019-09-24T11:52:21+00:00","breadcrumb":{"@id":"https:\/\/cifreceramica.com\/de\/cesta\/#breadcrumb"},"inLanguage":"de","potentialAction":[{"@type":"ReadAction","target":["https:\/\/cifreceramica.com\/de\/cesta\/"]}]},{"@type":"BreadcrumbList","@id":"https:\/\/cifreceramica.com\/de\/cesta\/#breadcrumb","itemListElement":[{"@type":"ListItem","position":1,"name":"Portada","item":"https:\/\/cifreceramica.com\/de\/"},{"@type":"ListItem","position":2,"name":"\u00c1rea reservada &#8211; Cesta"}]},{"@type":"WebSite","@id":"https:\/\/cifreceramica.com\/#website","url":"https:\/\/cifreceramica.com\/","name":"CIFRE CER\u00c1MICA","description":"Azulejo, cer\u00e1mica, decoraci\u00f3n, pavimento, revestimiento","publisher":{"@id":"https:\/\/cifreceramica.com\/#organization"},"potentialAction":[{"@type":"SearchAction","target":{"@type":"EntryPoint","urlTemplate":"https:\/\/cifreceramica.com\/?s={search_term_string}"},"query-input":{"@type":"PropertyValueSpecification","valueRequired":true,"valueName":"search_term_string"}}],"inLanguage":"de"},{"@type":"Organization","@id":"https:\/\/cifreceramica.com\/#organization","name":"CIFRE CERAMICA SL.","url":"https:\/\/cifreceramica.com\/","logo":{"@type":"ImageObject","inLanguage":"de","@id":"https:\/\/cifreceramica.com\/#\/schema\/logo\/image\/","url":"https:\/\/cifreceramica.com\/wp-content\/uploads\/2020\/03\/logo-cifre.jpg","contentUrl":"https:\/\/cifreceramica.com\/wp-content\/uploads\/2020\/03\/logo-cifre.jpg","width":648,"height":320,"caption":"CIFRE CERAMICA SL."},"image":{"@id":"https:\/\/cifreceramica.com\/#\/schema\/logo\/image\/"},"sameAs":["https:\/\/www.facebook.com\/Cifreceramica\/","https:\/\/x.com\/cifreceramica","https:\/\/www.instagram.com\/cifreceramica\/","https:\/\/www.linkedin.com\/cifreceramica","https:\/\/www.pinterest.es\/CifreReport\/_created\/","https:\/\/www.youtube.com\/channel\/UC6T43U-C68ZKx58s-QVY0Eg"]}]}},"_links":{"self":[{"href":"https:\/\/cifreceramica.com\/de\/wp-json\/wp\/v2\/pages\/2799","targetHints":{"allow":["GET"]}}],"collection":[{"href":"https:\/\/cifreceramica.com\/de\/wp-json\/wp\/v2\/pages"}],"about":[{"href":"https:\/\/cifreceramica.com\/de\/wp-json\/wp\/v2\/types\/page"}],"author":[{"embeddable":true,"href":"https:\/\/cifreceramica.com\/de\/wp-json\/wp\/v2\/users\/1"}],"replies":[{"embeddable":true,"href":"https:\/\/cifreceramica.com\/de\/wp-json\/wp\/v2\/comments?post=2799"}],"version-history":[{"count":3,"href":"https:\/\/cifreceramica.com\/de\/wp-json\/wp\/v2\/pages\/2799\/revisions"}],"predecessor-version":[{"id":2802,"href":"https:\/\/cifreceramica.com\/de\/wp-json\/wp\/v2\/pages\/2799\/revisions\/2802"}],"wp:attachment":[{"href":"https:\/\/cifreceramica.com\/de\/wp-json\/wp\/v2\/media?parent=2799"}],"curies":[{"name":"wp","href":"https:\/\/api.w.org\/{rel}","templated":true}]}}