{"id":2684,"date":"2019-09-23T11:12:57","date_gmt":"2019-09-23T09:12:57","guid":{"rendered":"https:\/\/cifreceramica.com\/?page_id=2684"},"modified":"2022-04-12T14:44:57","modified_gmt":"2022-04-12T12:44:57","slug":"cifrereport","status":"publish","type":"page","link":"https:\/\/cifreceramica.com\/de\/cifrereport\/","title":{"rendered":"CifreReport"},"content":{"rendered":"<p>[vc_row full_width=&#8220;stretch_row_content&#8220; el_class=&#8220;breadcrumb&#8220;][vc_column][\/vc_column][\/vc_row][vc_row el_class=&#8220;titulares_top_new filosofia&#8220;][vc_column width=&#8220;1\/6&#8243;][\/vc_column][vc_column width=&#8220;2\/3&#8243;][vc_column_text]<\/p>\n<h1 style=\"text-align: center;\"><a href=\"https:\/\/cifreceramica.com\/en\/cifrereport\/\">Cifre-Bericht<\/a><\/h1>\n<p style=\"text-align: center;\">Informieren Sie sich \u00fcber die neuesten Trends in Dekoration und Architektur und lassen Sie sich inspirieren. Im Cifre Report informieren wir Sie \u00fcber die Projekte, an denen unsere Materialien beteiligt sind, und \u00fcber die neuesten Nachrichten der Cifre-Gruppe.<\/p>\n<p>[\/vc_column_text][\/vc_column][vc_column width=&#8220;1\/6&#8243;][\/vc_column][\/vc_row][vc_row full_width=&#8220;stretch_row&#8220; el_class=&#8220;categorias_report&#8220;][vc_column][vc_row][vc_column width=&#8220;12\/12&#8243; el_class=&#8220;lista_categorias&#8220;]<ul><li><a href=\"https:\/\/cifreceramica.com\/cifrereport\/page\/1\/cat\/0\">Todo<\/a><\/li><li class=\"\"><a href=\"https:\/\/cifreceramica.com\/de\/cifrereport\/page\/1\/cat\/165\">[Heart]Ceramics<\/a><\/li><li class=\"\"><a href=\"https:\/\/cifreceramica.com\/de\/cifrereport\/page\/1\/cat\/156\">CifreProject<\/a><\/li><li class=\"\"><a href=\"https:\/\/cifreceramica.com\/de\/cifrereport\/page\/1\/cat\/168\">InTheNews<\/a><\/li><li class=\"\"><a href=\"https:\/\/cifreceramica.com\/de\/cifrereport\/page\/1\/cat\/171\">Projekte<\/a><\/li><li class=\"\"><a href=\"https:\/\/cifreceramica.com\/de\/cifrereport\/page\/1\/cat\/158\">ProTips<\/a><\/li><li class=\"\"><a href=\"https:\/\/cifreceramica.com\/de\/cifrereport\/page\/1\/cat\/161\">Trend&#039;n&#039;insp<\/a><\/li><li class=\"\"><a href=\"https:\/\/cifreceramica.com\/de\/cifrereport\/page\/1\/cat\/9\">Unkategorisiert<\/a><\/li><li class=\"\"><a href=\"https:\/\/cifreceramica.com\/de\/cifrereport\/page\/1\/cat\/163\">Zenon Solid Surface<\/a><\/li><\/ul>[\/vc_column][\/vc_row][\/vc_column][\/vc_row][vc_row][vc_column]<div class=\"listado_report\">[vc_row el_class=&#8220;&#8220; ][vc_column width=&#8220;12\/12&#8243; el_class=&#8220;item_listado_report&#8220;]<a href=\"https:\/\/cifreceramica.com\/de\/porzellanfliesen-fuer-grossprojekte\/\"><img decoding=\"async\" class=\"img_report_destacado\" src=\"https:\/\/cifreceramica.com\/wp-content\/uploads\/2025\/11\/pavimento_14_mm_grain_1.jpg\"><p>14\/11\/2025<\/p><h2>Cifre Max: 14 mm Porzellanfliesen f\u00fcr Gro\u00dfprojekte<\/h2>[\/vc_column][\/vc_row][vc_row el_class=&#8220;&#8220; ][vc_column width=&#8220;6\/12&#8243; el_class=&#8220;item_listado_report&#8220;]<a href=\"https:\/\/cifreceramica.com\/de\/die-neuen-serien-brickmore-setzen-auf-farbe-und-relief\/\"><img decoding=\"async\" src=\"https:\/\/cifreceramica.com\/wp-content\/uploads\/2025\/07\/revestimiento_relieve_spaced_principal.jpg\"><p>22\/07\/2025<\/p><h2>Die neuen Serien Brick&#038;More setzen auf Farbe und Relief<\/h2>[\/vc_column][vc_column width=&#8220;6\/12&#8243; el_class=&#8220;item_listado_report&#8220;]<a href=\"https:\/\/cifreceramica.com\/de\/argenta-group-erwirbt-mehrheitsbeteiligung-an-mercury-ceramica\/\"><img decoding=\"async\" src=\"https:\/\/cifreceramica.com\/wp-content\/uploads\/2025\/06\/MERCURY_002.jpg\"><p>03\/07\/2025<\/p><h2>Argenta Group erwirbt Mehrheitsbeteiligung an Mercury Cer\u00e1mica<\/h2>[\/vc_column][\/vc_row][vc_row el_class=&#8220;&#8220; ][vc_column width=&#8220;6\/12&#8243; el_class=&#8220;item_listado_report&#8220;]<a href=\"https:\/\/cifreceramica.com\/de\/fliesen-fuer-terrassen-die-besten-optionen\/\"><img decoding=\"async\" src=\"https:\/\/cifreceramica.com\/wp-content\/uploads\/2025\/06\/concorde_cemento_20mm.jpg\"><p>02\/07\/2025<\/p><h2>Fliesen f\u00fcr Terrassen, die besten Optionen<\/h2>[\/vc_column][vc_column width=&#8220;6\/12&#8243; el_class=&#8220;item_listado_report&#8220;]<a href=\"https:\/\/cifreceramica.com\/de\/commercial-intelligence-in-aktion-schulungen-fuer-internes-wachstum\/\"><img decoding=\"async\" src=\"https:\/\/cifreceramica.com\/wp-content\/uploads\/2025\/06\/principal.jpg\"><p>02\/07\/2025<\/p><h2>Commercial Intelligence in Aktion: Schulungen f\u00fcr internes Wachstum<\/h2>[\/vc_column][\/vc_row][vc_row el_class=&#8220;&#8220; ][vc_column width=&#8220;12\/12&#8243; el_class=&#8220;item_listado_report&#8220;]<a href=\"https:\/\/cifreceramica.com\/de\/grupo-argenta-erster-platz-im-firmenlauf-summer-games-2024\/\"><img decoding=\"async\" class=\"img_report_destacado\" src=\"https:\/\/cifreceramica.com\/wp-content\/uploads\/2024\/10\/summer_games_1.jpg\"><p>30\/06\/2025<\/p><h2>Grupo Argenta, erster Platz im Firmenlauf, Summer Games 2024<\/h2>[\/vc_column][\/vc_row]<\/div>[vc_row el_class=&#8220;paginador_listado&#8220; ][vc_column width=&#8220;12\/12&#8243; el_class=&#8220;lista_paginador&#8220;]<ul><li class=\"activo\"><a href=\"https:\/\/cifreceramica.com\/de\/cifrereport\/page\/1\/cat\/0\">1<\/a><\/li><li class=\"\"><a href=\"https:\/\/cifreceramica.com\/de\/cifrereport\/page\/2\/cat\/0\">2<\/a><\/li><li class=\"\"><a href=\"https:\/\/cifreceramica.com\/de\/cifrereport\/page\/3\/cat\/0\">3<\/a><\/li><li class=\"\"><a href=\"https:\/\/cifreceramica.com\/de\/cifrereport\/page\/4\/cat\/0\">4<\/a><\/li><li class=\"\"><a href=\"https:\/\/cifreceramica.com\/de\/cifrereport\/page\/5\/cat\/0\">5<\/a><\/li><li class=\"\"><a href=\"https:\/\/cifreceramica.com\/de\/cifrereport\/page\/6\/cat\/0\">6<\/a><\/li><li class=\"\"><a href=\"https:\/\/cifreceramica.com\/de\/cifrereport\/page\/7\/cat\/0\">7<\/a><\/li><li class=\"\"><a href=\"https:\/\/cifreceramica.com\/de\/cifrereport\/page\/8\/cat\/0\">8<\/a><\/li><\/ul>[\/vc_column][\/vc_row][\/vc_column][\/vc_row][vc_row full_width=&#8220;stretch_row_content_no_spaces&#8220; disable_element=&#8220;yes&#8220; el_class=&#8220;fila_report&#8220;][vc_column][vc_basic_grid post_type=&#8220;post&#8220; max_items=&#8220;1000&#8243; style=&#8220;pagination&#8220; items_per_page=&#8220;6&#8243; show_filter=&#8220;yes&#8220; filter_color=&#8220;white&#8220; paging_design=&#8220;pagination_default&#8220; paging_color=&#8220;black&#8220; loop=&#8220;yes&#8220; item=&#8220;925&#8243; grid_id=&#8220;vc_gid:1649767292192-2981f5bd-8a6a-7&#8243; filter_source=&#8220;category&#8220;][\/vc_column][\/vc_row]<\/p>\n","protected":false},"excerpt":{"rendered":"<p>[vc_row full_width=&#8220;stretch_row_content&#8220; el_class=&#8220;breadcrumb&#8220;][vc_column][\/vc_column][\/vc_row][vc_row el_class=&#8220;titulares_top_new filosofia&#8220;][vc_column width=&#8220;1\/6&#8243;][\/vc_column][vc_column width=&#8220;2\/3&#8243;][vc_column_text] Cifre-Bericht Informieren Sie sich \u00fcber die neuesten Trends in Dekoration und Architektur und lassen Sie sich inspirieren. Im Cifre Report informieren wir Sie \u00fcber die Projekte, an denen unsere Materialien beteiligt sind, und \u00fcber die neuesten Nachrichten der Cifre-Gruppe. [\/vc_column_text][\/vc_column][vc_column width=&#8220;1\/6&#8243;][\/vc_column][\/vc_row][vc_row full_width=&#8220;stretch_row&#8220; el_class=&#8220;categorias_report&#8220;][vc_column][\/vc_column][\/vc_row][vc_row][vc_column][\/vc_column][\/vc_row][vc_row full_width=&#8220;stretch_row_content_no_spaces&#8220; disable_element=&#8220;yes&#8220; el_class=&#8220;fila_report&#8220;][vc_column][vc_basic_grid post_type=&#8220;post&#8220; max_items=&#8220;1000&#8243; [&hellip;]<\/p>\n","protected":false},"author":1,"featured_media":0,"parent":0,"menu_order":0,"comment_status":"closed","ping_status":"closed","template":"plantilla_cifrereport.php","meta":{"footnotes":""},"class_list":["post-2684","page","type-page","status-publish","hentry"],"yoast_head":"<!-- This site is optimized with the Yoast SEO plugin v27.4 - https:\/\/yoast.com\/product\/yoast-seo-wordpress\/ -->\n<title>CifreReport - CIFRE CER\u00c1MICA<\/title>\n<meta name=\"robots\" content=\"index, follow, max-snippet:-1, max-image-preview:large, max-video-preview:-1\" \/>\n<link rel=\"canonical\" href=\"https:\/\/cifreceramica.com\/de\/cifrereport\/\" \/>\n<meta property=\"og:locale\" content=\"de_DE\" \/>\n<meta property=\"og:type\" content=\"article\" \/>\n<meta property=\"og:title\" content=\"CifreReport - CIFRE CER\u00c1MICA\" \/>\n<meta property=\"og:description\" content=\"[vc_row full_width=&#8220;stretch_row_content&#8220; el_class=&#8220;breadcrumb&#8220;][vc_column][\/vc_column][\/vc_row][vc_row el_class=&#8220;titulares_top_new filosofia&#8220;][vc_column width=&#8220;1\/6&#8243;][\/vc_column][vc_column width=&#8220;2\/3&#8243;][vc_column_text] Cifre-Bericht Informieren Sie sich \u00fcber die neuesten Trends in Dekoration und Architektur und lassen Sie sich inspirieren. Im Cifre Report informieren wir Sie \u00fcber die Projekte, an denen unsere Materialien beteiligt sind, und \u00fcber die neuesten Nachrichten der Cifre-Gruppe. [\/vc_column_text][\/vc_column][vc_column width=&#8220;1\/6&#8243;][\/vc_column][\/vc_row][vc_row full_width=&#8220;stretch_row&#8220; el_class=&#8220;categorias_report&#8220;][vc_column][\/vc_column][\/vc_row][vc_row][vc_column][\/vc_column][\/vc_row][vc_row full_width=&#8220;stretch_row_content_no_spaces&#8220; disable_element=&#8220;yes&#8220; el_class=&#8220;fila_report&#8220;][vc_column][vc_basic_grid post_type=&#8220;post&#8220; max_items=&#8220;1000&#8243; [&hellip;]\" \/>\n<meta property=\"og:url\" content=\"https:\/\/cifreceramica.com\/de\/cifrereport\/\" \/>\n<meta property=\"og:site_name\" content=\"CIFRE CER\u00c1MICA\" \/>\n<meta property=\"article:publisher\" content=\"https:\/\/www.facebook.com\/Cifreceramica\/\" \/>\n<meta property=\"article:modified_time\" content=\"2022-04-12T12:44:57+00:00\" \/>\n<meta name=\"twitter:card\" content=\"summary_large_image\" \/>\n<meta name=\"twitter:site\" content=\"@cifreceramica\" \/>\n<meta name=\"twitter:label1\" content=\"Gesch\u00e4tzte Lesezeit\" \/>\n\t<meta name=\"twitter:data1\" content=\"1\u00a0Minute\" \/>\n<script type=\"application\/ld+json\" class=\"yoast-schema-graph\">{\"@context\":\"https:\\\/\\\/schema.org\",\"@graph\":[{\"@type\":\"WebPage\",\"@id\":\"https:\\\/\\\/cifreceramica.com\\\/de\\\/cifrereport\\\/\",\"url\":\"https:\\\/\\\/cifreceramica.com\\\/de\\\/cifrereport\\\/\",\"name\":\"CifreReport - CIFRE CER\u00c1MICA\",\"isPartOf\":{\"@id\":\"https:\\\/\\\/cifreceramica.com\\\/#website\"},\"datePublished\":\"2019-09-23T09:12:57+00:00\",\"dateModified\":\"2022-04-12T12:44:57+00:00\",\"breadcrumb\":{\"@id\":\"https:\\\/\\\/cifreceramica.com\\\/de\\\/cifrereport\\\/#breadcrumb\"},\"inLanguage\":\"de\",\"potentialAction\":[{\"@type\":\"ReadAction\",\"target\":[\"https:\\\/\\\/cifreceramica.com\\\/de\\\/cifrereport\\\/\"]}]},{\"@type\":\"BreadcrumbList\",\"@id\":\"https:\\\/\\\/cifreceramica.com\\\/de\\\/cifrereport\\\/#breadcrumb\",\"itemListElement\":[{\"@type\":\"ListItem\",\"position\":1,\"name\":\"Portada\",\"item\":\"https:\\\/\\\/cifreceramica.com\\\/de\\\/\"},{\"@type\":\"ListItem\",\"position\":2,\"name\":\"CifreReport\"}]},{\"@type\":\"WebSite\",\"@id\":\"https:\\\/\\\/cifreceramica.com\\\/#website\",\"url\":\"https:\\\/\\\/cifreceramica.com\\\/\",\"name\":\"CIFRE CER\u00c1MICA\",\"description\":\"Azulejo, cer\u00e1mica, decoraci\u00f3n, pavimento, revestimiento\",\"publisher\":{\"@id\":\"https:\\\/\\\/cifreceramica.com\\\/#organization\"},\"potentialAction\":[{\"@type\":\"SearchAction\",\"target\":{\"@type\":\"EntryPoint\",\"urlTemplate\":\"https:\\\/\\\/cifreceramica.com\\\/?s={search_term_string}\"},\"query-input\":{\"@type\":\"PropertyValueSpecification\",\"valueRequired\":true,\"valueName\":\"search_term_string\"}}],\"inLanguage\":\"de\"},{\"@type\":\"Organization\",\"@id\":\"https:\\\/\\\/cifreceramica.com\\\/#organization\",\"name\":\"CIFRE CERAMICA SL.\",\"url\":\"https:\\\/\\\/cifreceramica.com\\\/\",\"logo\":{\"@type\":\"ImageObject\",\"inLanguage\":\"de\",\"@id\":\"https:\\\/\\\/cifreceramica.com\\\/#\\\/schema\\\/logo\\\/image\\\/\",\"url\":\"https:\\\/\\\/cifreceramica.com\\\/wp-content\\\/uploads\\\/2020\\\/03\\\/logo-cifre.jpg\",\"contentUrl\":\"https:\\\/\\\/cifreceramica.com\\\/wp-content\\\/uploads\\\/2020\\\/03\\\/logo-cifre.jpg\",\"width\":648,\"height\":320,\"caption\":\"CIFRE CERAMICA SL.\"},\"image\":{\"@id\":\"https:\\\/\\\/cifreceramica.com\\\/#\\\/schema\\\/logo\\\/image\\\/\"},\"sameAs\":[\"https:\\\/\\\/www.facebook.com\\\/Cifreceramica\\\/\",\"https:\\\/\\\/x.com\\\/cifreceramica\",\"https:\\\/\\\/www.instagram.com\\\/cifreceramica\\\/\",\"https:\\\/\\\/www.linkedin.com\\\/cifreceramica\",\"https:\\\/\\\/www.pinterest.es\\\/CifreReport\\\/_created\\\/\",\"https:\\\/\\\/www.youtube.com\\\/channel\\\/UC6T43U-C68ZKx58s-QVY0Eg\"]}]}<\/script>\n<!-- \/ Yoast SEO plugin. -->","yoast_head_json":{"title":"CifreReport - CIFRE CER\u00c1MICA","robots":{"index":"index","follow":"follow","max-snippet":"max-snippet:-1","max-image-preview":"max-image-preview:large","max-video-preview":"max-video-preview:-1"},"canonical":"https:\/\/cifreceramica.com\/de\/cifrereport\/","og_locale":"de_DE","og_type":"article","og_title":"CifreReport - CIFRE CER\u00c1MICA","og_description":"[vc_row full_width=&#8220;stretch_row_content&#8220; el_class=&#8220;breadcrumb&#8220;][vc_column][\/vc_column][\/vc_row][vc_row el_class=&#8220;titulares_top_new filosofia&#8220;][vc_column width=&#8220;1\/6&#8243;][\/vc_column][vc_column width=&#8220;2\/3&#8243;][vc_column_text] Cifre-Bericht Informieren Sie sich \u00fcber die neuesten Trends in Dekoration und Architektur und lassen Sie sich inspirieren. Im Cifre Report informieren wir Sie \u00fcber die Projekte, an denen unsere Materialien beteiligt sind, und \u00fcber die neuesten Nachrichten der Cifre-Gruppe. [\/vc_column_text][\/vc_column][vc_column width=&#8220;1\/6&#8243;][\/vc_column][\/vc_row][vc_row full_width=&#8220;stretch_row&#8220; el_class=&#8220;categorias_report&#8220;][vc_column][\/vc_column][\/vc_row][vc_row][vc_column][\/vc_column][\/vc_row][vc_row full_width=&#8220;stretch_row_content_no_spaces&#8220; disable_element=&#8220;yes&#8220; el_class=&#8220;fila_report&#8220;][vc_column][vc_basic_grid post_type=&#8220;post&#8220; max_items=&#8220;1000&#8243; [&hellip;]","og_url":"https:\/\/cifreceramica.com\/de\/cifrereport\/","og_site_name":"CIFRE CER\u00c1MICA","article_publisher":"https:\/\/www.facebook.com\/Cifreceramica\/","article_modified_time":"2022-04-12T12:44:57+00:00","twitter_card":"summary_large_image","twitter_site":"@cifreceramica","twitter_misc":{"Gesch\u00e4tzte Lesezeit":"1\u00a0Minute"},"schema":{"@context":"https:\/\/schema.org","@graph":[{"@type":"WebPage","@id":"https:\/\/cifreceramica.com\/de\/cifrereport\/","url":"https:\/\/cifreceramica.com\/de\/cifrereport\/","name":"CifreReport - CIFRE CER\u00c1MICA","isPartOf":{"@id":"https:\/\/cifreceramica.com\/#website"},"datePublished":"2019-09-23T09:12:57+00:00","dateModified":"2022-04-12T12:44:57+00:00","breadcrumb":{"@id":"https:\/\/cifreceramica.com\/de\/cifrereport\/#breadcrumb"},"inLanguage":"de","potentialAction":[{"@type":"ReadAction","target":["https:\/\/cifreceramica.com\/de\/cifrereport\/"]}]},{"@type":"BreadcrumbList","@id":"https:\/\/cifreceramica.com\/de\/cifrereport\/#breadcrumb","itemListElement":[{"@type":"ListItem","position":1,"name":"Portada","item":"https:\/\/cifreceramica.com\/de\/"},{"@type":"ListItem","position":2,"name":"CifreReport"}]},{"@type":"WebSite","@id":"https:\/\/cifreceramica.com\/#website","url":"https:\/\/cifreceramica.com\/","name":"CIFRE CER\u00c1MICA","description":"Azulejo, cer\u00e1mica, decoraci\u00f3n, pavimento, revestimiento","publisher":{"@id":"https:\/\/cifreceramica.com\/#organization"},"potentialAction":[{"@type":"SearchAction","target":{"@type":"EntryPoint","urlTemplate":"https:\/\/cifreceramica.com\/?s={search_term_string}"},"query-input":{"@type":"PropertyValueSpecification","valueRequired":true,"valueName":"search_term_string"}}],"inLanguage":"de"},{"@type":"Organization","@id":"https:\/\/cifreceramica.com\/#organization","name":"CIFRE CERAMICA SL.","url":"https:\/\/cifreceramica.com\/","logo":{"@type":"ImageObject","inLanguage":"de","@id":"https:\/\/cifreceramica.com\/#\/schema\/logo\/image\/","url":"https:\/\/cifreceramica.com\/wp-content\/uploads\/2020\/03\/logo-cifre.jpg","contentUrl":"https:\/\/cifreceramica.com\/wp-content\/uploads\/2020\/03\/logo-cifre.jpg","width":648,"height":320,"caption":"CIFRE CERAMICA SL."},"image":{"@id":"https:\/\/cifreceramica.com\/#\/schema\/logo\/image\/"},"sameAs":["https:\/\/www.facebook.com\/Cifreceramica\/","https:\/\/x.com\/cifreceramica","https:\/\/www.instagram.com\/cifreceramica\/","https:\/\/www.linkedin.com\/cifreceramica","https:\/\/www.pinterest.es\/CifreReport\/_created\/","https:\/\/www.youtube.com\/channel\/UC6T43U-C68ZKx58s-QVY0Eg"]}]}},"_links":{"self":[{"href":"https:\/\/cifreceramica.com\/de\/wp-json\/wp\/v2\/pages\/2684","targetHints":{"allow":["GET"]}}],"collection":[{"href":"https:\/\/cifreceramica.com\/de\/wp-json\/wp\/v2\/pages"}],"about":[{"href":"https:\/\/cifreceramica.com\/de\/wp-json\/wp\/v2\/types\/page"}],"author":[{"embeddable":true,"href":"https:\/\/cifreceramica.com\/de\/wp-json\/wp\/v2\/users\/1"}],"replies":[{"embeddable":true,"href":"https:\/\/cifreceramica.com\/de\/wp-json\/wp\/v2\/comments?post=2684"}],"version-history":[{"count":9,"href":"https:\/\/cifreceramica.com\/de\/wp-json\/wp\/v2\/pages\/2684\/revisions"}],"predecessor-version":[{"id":9005,"href":"https:\/\/cifreceramica.com\/de\/wp-json\/wp\/v2\/pages\/2684\/revisions\/9005"}],"wp:attachment":[{"href":"https:\/\/cifreceramica.com\/de\/wp-json\/wp\/v2\/media?parent=2684"}],"curies":[{"name":"wp","href":"https:\/\/api.w.org\/{rel}","templated":true}]}}