{"id":2560,"date":"2019-09-23T09:35:33","date_gmt":"2019-09-23T07:35:33","guid":{"rendered":"https:\/\/cifreceramica.com\/?page_id=2560"},"modified":"2025-12-09T14:44:57","modified_gmt":"2025-12-09T13:44:57","slug":"downloads-zertifikate-und-handbuecher","status":"publish","type":"page","link":"https:\/\/cifreceramica.com\/de\/downloads-zertifikate-und-handbuecher\/","title":{"rendered":"DOWNLOADS Zertifikate und Handb\u00fccher"},"content":{"rendered":"<p>[vc_row full_width=&#8220;stretch_row_content&#8220; el_class=&#8220;breadcrumb&#8220;][vc_column][\/vc_column][\/vc_row][vc_row el_class=&#8220;titulares_top_new&#8220;][vc_column width=&#8220;1\/6&#8243;][\/vc_column][vc_column width=&#8220;2\/3&#8243;][vc_column_text]<\/p>\n<h1 style=\"text-align: center;\">Zertifikate und Handb\u00fccher<\/h1>\n<p>[\/vc_column_text][vc_column_text]<\/p>\n<p style=\"text-align: center;\">Hier k\u00f6nnen Sie alle Kataloge von Cifre Cer\u00e1mica mit den neuesten Keramiktrends ansehen und herunterladen.<\/p>\n<p>[\/vc_column_text][\/vc_column][vc_column width=&#8220;1\/6&#8243;][\/vc_column][\/vc_row][vc_row el_class=&#8220;menu_descargar_page&#8220;][vc_column][vc_wp_custommenu nav_menu=&#8220;215&#8243;][\/vc_column][\/vc_row][vc_row el_class=&#8220;titulares_top_new&#8220;][vc_column width=&#8220;1\/6&#8243;][\/vc_column][vc_column width=&#8220;2\/3&#8243;][vc_column_text]<\/p>\n<h1 style=\"text-align: center;\">Packliste<\/h1>\n<p>[\/vc_column_text][\/vc_column][vc_column width=&#8220;1\/6&#8243;][\/vc_column][\/vc_row][vc_row el_class=&#8220;descarga_certificados_page&#8220;][vc_column width=&#8220;1\/3&#8243; css=&#8220;.vc_custom_1565779469805{padding-top: 0px !important;}&#8220;][vc_btn title=&#8220;Packliste | 25. September&#8220; style=&#8220;outline-custom&#8220; outline_custom_color=&#8220;#0a0a0a&#8220; outline_custom_hover_background=&#8220;#0a0a0a&#8220; outline_custom_hover_text=&#8220;#ffffff&#8220; shape=&#8220;square&#8220; size=&#8220;sm&#8220; align=&#8220;center&#8220; el_class=&#8220;boton_descarga_certificado&#8220; link=&#8220;url:https%3A%2F%2Fcifreceramica.com%2Fwp-content%2Fuploads%2F2025%2F10%2FPACKING_LIST_CIFRECERAMICA_SEPT25_V2.pdf|target:_blank&#8220;][\/vc_column][vc_column width=&#8220;1\/3&#8243;][\/vc_column][vc_column width=&#8220;1\/3&#8243;][\/vc_column][\/vc_row][vc_row el_class=&#8220;titulares_top_new&#8220;][vc_column width=&#8220;1\/6&#8243;][\/vc_column][vc_column width=&#8220;2\/3&#8243;][vc_column_text]<\/p>\n<h1 style=\"text-align: center;\">Leistungsbeschreibung<\/h1>\n<p>[\/vc_column_text][\/vc_column][vc_column width=&#8220;1\/6&#8243;][\/vc_column][\/vc_row][vc_row el_class=&#8220;descarga_certificados_page&#8220;][vc_column width=&#8220;1\/3&#8243; css=&#8220;.vc_custom_1565779469805{padding-top: 0px !important;}&#8220;][vc_btn title=&#8220;Leistungsbeschreibung&#8220; style=&#8220;outline-custom&#8220; outline_custom_color=&#8220;#0a0a0a&#8220; outline_custom_hover_background=&#8220;#0a0a0a&#8220; outline_custom_hover_text=&#8220;#ffffff&#8220; shape=&#8220;square&#8220; size=&#8220;sm&#8220; align=&#8220;center&#8220; el_class=&#8220;boton_descarga_certificado&#8220; link=&#8220;url:https%3A%2F%2Fcifreceramica.com%2Fwp-content%2Fuploads%2F2024%2F10%2FDECLARACION-DE-PRESTACIONES-INGLES_2024.pdf|target:_blank&#8220;][\/vc_column][vc_column width=&#8220;1\/3&#8243;][vc_btn title=&#8220;Leistungsbeschreibung PLAY CERAMIC&#8220; style=&#8220;outline-custom&#8220; outline_custom_color=&#8220;#0a0a0a&#8220; outline_custom_hover_background=&#8220;#0a0a0a&#8220; outline_custom_hover_text=&#8220;#ffffff&#8220; shape=&#8220;square&#8220; size=&#8220;sm&#8220; align=&#8220;center&#8220; el_class=&#8220;boton_descarga_certificado&#8220; link=&#8220;url:https%3A%2F%2Fcifreceramica.com%2Fwp-content%2Fuploads%2F2019%2F09%2FDECLARACION-DE-PRESTACIONES-PLAY-CERAMIC-ESPA%C3%91OL_2019.pdf||target:%20_blank|&#8220;][\/vc_column][vc_column width=&#8220;1\/3&#8243;][\/vc_column][\/vc_row][vc_row el_class=&#8220;titulares_top_new&#8220;][vc_column width=&#8220;1\/6&#8243;][\/vc_column][vc_column width=&#8220;2\/3&#8243;][vc_column_text]<\/p>\n<h1 style=\"text-align: center;\">DAP Zertifikate<\/h1>\n<p>[\/vc_column_text][\/vc_column][vc_column width=&#8220;1\/6&#8243;][\/vc_column][\/vc_row][vc_row el_class=&#8220;descarga_certificados_page&#8220;][vc_column width=&#8220;1\/3&#8243; css=&#8220;.vc_custom_1565779469805{padding-top: 0px !important;}&#8220;][vc_btn title=&#8220;Umweltdeklaration (EPD |Bla) (englische Fassung)&#8220; style=&#8220;outline-custom&#8220; outline_custom_color=&#8220;#0a0a0a&#8220; outline_custom_hover_background=&#8220;#0a0a0a&#8220; outline_custom_hover_text=&#8220;#ffffff&#8220; shape=&#8220;square&#8220; size=&#8220;sm&#8220; align=&#8220;center&#8220; el_class=&#8220;boton_descarga_certificado&#8220; link=&#8220;url:https%3A%2F%2Fcifreceramica.com%2Fwp-content%2Fuploads%2F2024%2F09%2FGlobalEPD-EN-17160-032-CIFRE-Porcelanic-stoneware-BIa-EN.pdf|target:_blank&#8220;][\/vc_column][vc_column width=&#8220;1\/3&#8243;][vc_btn title=&#8220;Umweltdeklaration (EPD |Blb) (englische Fassung)&#8220; style=&#8220;outline-custom&#8220; outline_custom_color=&#8220;#0a0a0a&#8220; outline_custom_hover_background=&#8220;#0a0a0a&#8220; outline_custom_hover_text=&#8220;#ffffff&#8220; shape=&#8220;square&#8220; size=&#8220;sm&#8220; align=&#8220;center&#8220; el_class=&#8220;boton_descarga_certificado&#8220; link=&#8220;url:https%3A%2F%2Fcifreceramica.com%2Fwp-content%2Fuploads%2F2024%2F09%2FGlobalEPD-EN-17160-033-CIFRE-Glazed-stoneware-BIb-EN.pdf|target:_blank&#8220;][\/vc_column][vc_column width=&#8220;1\/3&#8243;][vc_btn title=&#8220;Umweltdeklaration (EPD | Blll) (englische Fassung)&#8220; style=&#8220;outline-custom&#8220; outline_custom_color=&#8220;#0a0a0a&#8220; outline_custom_hover_background=&#8220;#0a0a0a&#8220; outline_custom_hover_text=&#8220;#ffffff&#8220; shape=&#8220;square&#8220; size=&#8220;sm&#8220; align=&#8220;center&#8220; el_class=&#8220;boton_descarga_certificado&#8220; link=&#8220;url:https%3A%2F%2Fcifreceramica.com%2Fwp-content%2Fuploads%2F2024%2F09%2FGlobalEPD-EN-17160-034-CIFRE-Tile-BIII-EN.pdf|target:_blank&#8220;][\/vc_column][\/vc_row][vc_row el_class=&#8220;titulares_top_new&#8220;][vc_column width=&#8220;1\/6&#8243;][\/vc_column][vc_column width=&#8220;2\/3&#8243;][vc_column_text]<\/p>\n<h1 style=\"text-align: center;\">UPEC Zertifikate<\/h1>\n<p>[\/vc_column_text][\/vc_column][vc_column width=&#8220;1\/6&#8243;][\/vc_column][\/vc_row][vc_row el_class=&#8220;descarga_certificados_page&#8220;][vc_column width=&#8220;1\/3&#8243; css=&#8220;.vc_custom_1565779469805{padding-top: 0px !important;}&#8220;][vc_btn title=&#8220;UPEC Zertifickate Pulsar, Concorde, Acron und Nexus&#8220; style=&#8220;outline-custom&#8220; outline_custom_color=&#8220;#0a0a0a&#8220; outline_custom_hover_background=&#8220;#0a0a0a&#8220; outline_custom_hover_text=&#8220;#ffffff&#8220; shape=&#8220;square&#8220; size=&#8220;sm&#8220; align=&#8220;center&#8220; el_class=&#8220;boton_descarga_certificado&#8220; link=&#8220;url:https%3A%2F%2Fcifreceramica.com%2Fwp-content%2Fuploads%2F2025%2F02%2FUPEC_ACRON_CONCORDE_NEXUS_PULSAR.pdf|target:_blank&#8220;][\/vc_column][vc_column width=&#8220;1\/3&#8243;][vc_btn title=&#8220;UPEC Zertifickate Midtown, Cricket, Nebraska und Vermont&#8220; style=&#8220;outline-custom&#8220; outline_custom_color=&#8220;#0a0a0a&#8220; outline_custom_hover_background=&#8220;#0a0a0a&#8220; outline_custom_hover_text=&#8220;#ffffff&#8220; shape=&#8220;square&#8220; size=&#8220;sm&#8220; align=&#8220;center&#8220; el_class=&#8220;boton_descarga_certificado&#8220; link=&#8220;url:https%3A%2F%2Fcifreceramica.com%2Fwp-content%2Fuploads%2F2025%2F12%2FQB32-6650aff32a53f60eba943753.pdf|target:_blank&#8220;][\/vc_column][vc_column width=&#8220;1\/3&#8243;][vc_btn title=&#8220;UPEC Zertifickate Concorde 45&#215;45&#8243; style=&#8220;outline-custom&#8220; outline_custom_color=&#8220;#0a0a0a&#8220; outline_custom_hover_background=&#8220;#0a0a0a&#8220; outline_custom_hover_text=&#8220;#ffffff&#8220; shape=&#8220;square&#8220; size=&#8220;sm&#8220; align=&#8220;center&#8220; el_class=&#8220;boton_descarga_certificado&#8220; link=&#8220;url:https%3A%2F%2Fcifreceramica.com%2Fwp-content%2Fuploads%2F2025%2F07%2FUPEC-CONCORDE-45X45.pdf|target:_blank&#8220;][\/vc_column][\/vc_row][vc_row el_class=&#8220;titulares_top_new&#8220;][vc_column width=&#8220;1\/6&#8243;][\/vc_column][vc_column width=&#8220;2\/3&#8243;][vc_column_text]<\/p>\n<h1 style=\"text-align: center;\">Verschiedenes<\/h1>\n<p>[\/vc_column_text][\/vc_column][vc_column width=&#8220;1\/6&#8243;][\/vc_column][\/vc_row][vc_row el_class=&#8220;descarga_certificados_page&#8220;][vc_column width=&#8220;1\/3&#8243; css=&#8220;.vc_custom_1565779469805{padding-top: 0px !important;}&#8220;][vc_btn title=&#8220;ISO 9001 Zertifikat CIFRE CERAMICA&#8220; style=&#8220;outline-custom&#8220; outline_custom_color=&#8220;#0a0a0a&#8220; outline_custom_hover_background=&#8220;#0a0a0a&#8220; outline_custom_hover_text=&#8220;#ffffff&#8220; shape=&#8220;square&#8220; size=&#8220;sm&#8220; align=&#8220;center&#8220; el_class=&#8220;boton_descarga_certificado&#8220; link=&#8220;url:https%3A%2F%2Fcifreceramica.com%2Fwp-content%2Fuploads%2F2025%2F02%2FESCAS_003348_GenericCertificate_Final-ENG.pdf|title:ISO%209001%20ZERTIFIKAT%20CIFRE%20CERAMICA|target:_blank&#8220;][\/vc_column][vc_column width=&#8220;1\/3&#8243;][vc_btn title=&#8220;Sicherheitshinweise (Englisch)&#8220; style=&#8220;outline-custom&#8220; outline_custom_color=&#8220;#0a0a0a&#8220; outline_custom_hover_background=&#8220;#0a0a0a&#8220; outline_custom_hover_text=&#8220;#ffffff&#8220; shape=&#8220;square&#8220; size=&#8220;sm&#8220; align=&#8220;center&#8220; el_class=&#8220;boton_descarga_certificado&#8220; link=&#8220;url:https%3A%2F%2Fcifreceramica.com%2Fwp-content%2Fuploads%2F2025%2F07%2FInstrucciones_seguridad_Safety_instructions.pdf|target:_blank&#8220;][\/vc_column][vc_column width=&#8220;1\/3&#8243;][vc_btn title=&#8220;Politik des Qualit\u00e4tsmanagements&#8220; style=&#8220;outline-custom&#8220; outline_custom_color=&#8220;#0a0a0a&#8220; outline_custom_hover_background=&#8220;#0a0a0a&#8220; outline_custom_hover_text=&#8220;#ffffff&#8220; shape=&#8220;square&#8220; size=&#8220;sm&#8220; align=&#8220;center&#8220; el_class=&#8220;boton_descarga_certificado&#8220; link=&#8220;url:https%3A%2F%2Fcifreceramica.com%2Fwp-content%2Fuploads%2F2025%2F03%2FPOLITICA-GESTION-CALIDAD-2025_GER.pdf|target:_blank&#8220;][\/vc_column][\/vc_row][vc_row el_class=&#8220;descarga_certificados_page&#8220;][vc_column width=&#8220;1\/3&#8243; css=&#8220;.vc_custom_1565779469805{padding-top: 0px !important;}&#8220;][vc_btn title=&#8220;Duschwannen Imagine (Spanische)&#8220; style=&#8220;outline-custom&#8220; outline_custom_color=&#8220;#0a0a0a&#8220; outline_custom_hover_background=&#8220;#0a0a0a&#8220; outline_custom_hover_text=&#8220;#ffffff&#8220; shape=&#8220;square&#8220; size=&#8220;sm&#8220; align=&#8220;center&#8220; el_class=&#8220;boton_descarga_certificado&#8220; link=&#8220;url:https%3A%2F%2Fcifreceramica.com%2Fwp-content%2Fuploads%2F2023%2F02%2FFichaTecnica-ZENON-IMAGINE.pdf|target:_blank&#8220;][\/vc_column][vc_column width=&#8220;1\/3&#8243;][vc_btn title=&#8220;Test der antibakteriellen Wirksamkeit | Kollektion Gravity&#8220; style=&#8220;outline-custom&#8220; outline_custom_color=&#8220;#0a0a0a&#8220; outline_custom_hover_background=&#8220;#0a0a0a&#8220; outline_custom_hover_text=&#8220;#ffffff&#8220; shape=&#8220;square&#8220; size=&#8220;sm&#8220; align=&#8220;center&#8220; el_class=&#8220;boton_descarga_certificado&#8220; link=&#8220;url:https%3A%2F%2Fcifreceramica.com%2Fwp-content%2Fuploads%2F2022%2F11%2F22_111240-GRAVITY-ENG.pdf|target:_blank&#8220;][\/vc_column][vc_column width=&#8220;1\/3&#8243;][\/vc_column][\/vc_row][vc_row disable_element=&#8220;yes&#8220; el_class=&#8220;bloque&#8220;][vc_column width=&#8220;1\/4&#8243; css=&#8220;.vc_custom_1565779469805{padding-top: 0px !important;}&#8220;][\/vc_column][vc_column width=&#8220;1\/2&#8243;][vc_btn title=&#8220;Parzellensystem f\u00fcr Doppelb\u00f6den&#8220; style=&#8220;outline-custom&#8220; outline_custom_color=&#8220;#0a0a0a&#8220; outline_custom_hover_background=&#8220;#0a0a0a&#8220; outline_custom_hover_text=&#8220;#ffffff&#8220; shape=&#8220;square&#8220; size=&#8220;sm&#8220; align=&#8220;center&#8220; el_class=&#8220;boton_descarga_certificado&#8220; link=&#8220;url:https%3A%2F%2Fcifreceramica.com%2Fwp-content%2Fuploads%2F2020%2F09%2FCATALOGO-PLOTS-INGLES-2020-V3.pdf|target:_blank&#8220;][vc_btn title=&#8220;Nivelliersystem Video&#8220; style=&#8220;outline-custom&#8220; outline_custom_color=&#8220;#0a0a0a&#8220; outline_custom_hover_background=&#8220;#0a0a0a&#8220; outline_custom_hover_text=&#8220;#ffffff&#8220; shape=&#8220;square&#8220; size=&#8220;sm&#8220; align=&#8220;center&#8220; el_class=&#8220;boton_descarga_certificado&#8220; link=&#8220;url:https%3A%2F%2Fwww.youtube.com%2Fwatch%3Fv%3DxwHHUlk6HtE||target:%20_blank|&#8220;][vc_btn title=&#8220;Nivelliersystem Katalog&#8220; style=&#8220;outline-custom&#8220; outline_custom_color=&#8220;#0a0a0a&#8220; outline_custom_hover_background=&#8220;#0a0a0a&#8220; outline_custom_hover_text=&#8220;#ffffff&#8220; shape=&#8220;square&#8220; size=&#8220;sm&#8220; align=&#8220;center&#8220; el_class=&#8220;boton_descarga_certificado&#8220; link=&#8220;url:https%3A%2F%2Fcifreceramica.com%2Fwp-content%2Fuploads%2F2020%2F09%2FCATALOGO-SISTEMA-NIVELACION-INGLES-2020-V3.pdf|target:_blank&#8220;][\/vc_column][vc_column width=&#8220;1\/4&#8243;][\/vc_column][\/vc_row]<\/p>\n","protected":false},"excerpt":{"rendered":"<p>[vc_row full_width=&#8220;stretch_row_content&#8220; el_class=&#8220;breadcrumb&#8220;][vc_column][\/vc_column][\/vc_row][vc_row el_class=&#8220;titulares_top_new&#8220;][vc_column width=&#8220;1\/6&#8243;][\/vc_column][vc_column width=&#8220;2\/3&#8243;][vc_column_text] Zertifikate und Handb\u00fccher [\/vc_column_text][vc_column_text] Hier k\u00f6nnen Sie alle Kataloge von Cifre Cer\u00e1mica mit den neuesten Keramiktrends ansehen und herunterladen. [\/vc_column_text][\/vc_column][vc_column width=&#8220;1\/6&#8243;][\/vc_column][\/vc_row][vc_row el_class=&#8220;menu_descargar_page&#8220;][vc_column][vc_wp_custommenu nav_menu=&#8220;215&#8243;][\/vc_column][\/vc_row][vc_row el_class=&#8220;titulares_top_new&#8220;][vc_column width=&#8220;1\/6&#8243;][\/vc_column][vc_column width=&#8220;2\/3&#8243;][vc_column_text] Packliste [\/vc_column_text][\/vc_column][vc_column width=&#8220;1\/6&#8243;][\/vc_column][\/vc_row][vc_row el_class=&#8220;descarga_certificados_page&#8220;][vc_column width=&#8220;1\/3&#8243; css=&#8220;.vc_custom_1565779469805{padding-top: 0px !important;}&#8220;][vc_btn title=&#8220;Packliste | 25. September&#8220; style=&#8220;outline-custom&#8220; outline_custom_color=&#8220;#0a0a0a&#8220; outline_custom_hover_background=&#8220;#0a0a0a&#8220; outline_custom_hover_text=&#8220;#ffffff&#8220; shape=&#8220;square&#8220; size=&#8220;sm&#8220; align=&#8220;center&#8220; el_class=&#8220;boton_descarga_certificado&#8220; link=&#8220;url:https%3A%2F%2Fcifreceramica.com%2Fwp-content%2Fuploads%2F2025%2F10%2FPACKING_LIST_CIFRECERAMICA_SEPT25_V2.pdf|target:_blank&#8220;][\/vc_column][vc_column width=&#8220;1\/3&#8243;][\/vc_column][vc_column width=&#8220;1\/3&#8243;][\/vc_column][\/vc_row][vc_row [&hellip;]<\/p>\n","protected":false},"author":1,"featured_media":0,"parent":0,"menu_order":0,"comment_status":"closed","ping_status":"closed","template":"","meta":{"footnotes":""},"class_list":["post-2560","page","type-page","status-publish","hentry"],"yoast_head":"<!-- This site is optimized with the Yoast SEO plugin v27.3 - https:\/\/yoast.com\/product\/yoast-seo-wordpress\/ -->\n<title>DOWNLOADS Zertifikate und Handb\u00fccher - CIFRE CER\u00c1MICA<\/title>\n<meta name=\"description\" content=\"Laden Sie unsere technischen Informationen und Zertifikate von Cifre Cer\u00e1mica herunter.\" \/>\n<meta name=\"robots\" content=\"index, follow, max-snippet:-1, max-image-preview:large, max-video-preview:-1\" \/>\n<link rel=\"canonical\" href=\"https:\/\/cifreceramica.com\/de\/downloads-zertifikate-und-handbuecher\/\" \/>\n<meta property=\"og:locale\" content=\"de_DE\" \/>\n<meta property=\"og:type\" content=\"article\" \/>\n<meta property=\"og:title\" content=\"DOWNLOADS Zertifikate und Handb\u00fccher - CIFRE CER\u00c1MICA\" \/>\n<meta property=\"og:description\" content=\"Laden Sie unsere technischen Informationen und Zertifikate von Cifre Cer\u00e1mica herunter.\" \/>\n<meta property=\"og:url\" content=\"https:\/\/cifreceramica.com\/de\/downloads-zertifikate-und-handbuecher\/\" \/>\n<meta property=\"og:site_name\" content=\"CIFRE CER\u00c1MICA\" \/>\n<meta property=\"article:publisher\" content=\"https:\/\/www.facebook.com\/Cifreceramica\/\" \/>\n<meta property=\"article:modified_time\" content=\"2025-12-09T13:44:57+00:00\" \/>\n<meta name=\"twitter:card\" content=\"summary_large_image\" \/>\n<meta name=\"twitter:site\" content=\"@cifreceramica\" \/>\n<meta name=\"twitter:label1\" content=\"Gesch\u00e4tzte Lesezeit\" \/>\n\t<meta name=\"twitter:data1\" content=\"2\u00a0Minuten\" \/>\n<script type=\"application\/ld+json\" class=\"yoast-schema-graph\">{\"@context\":\"https:\\\/\\\/schema.org\",\"@graph\":[{\"@type\":\"WebPage\",\"@id\":\"https:\\\/\\\/cifreceramica.com\\\/de\\\/downloads-zertifikate-und-handbuecher\\\/\",\"url\":\"https:\\\/\\\/cifreceramica.com\\\/de\\\/downloads-zertifikate-und-handbuecher\\\/\",\"name\":\"DOWNLOADS Zertifikate und Handb\u00fccher - CIFRE CER\u00c1MICA\",\"isPartOf\":{\"@id\":\"https:\\\/\\\/cifreceramica.com\\\/#website\"},\"datePublished\":\"2019-09-23T07:35:33+00:00\",\"dateModified\":\"2025-12-09T13:44:57+00:00\",\"description\":\"Laden Sie unsere technischen Informationen und Zertifikate von Cifre Cer\u00e1mica herunter.\",\"breadcrumb\":{\"@id\":\"https:\\\/\\\/cifreceramica.com\\\/de\\\/downloads-zertifikate-und-handbuecher\\\/#breadcrumb\"},\"inLanguage\":\"de\",\"potentialAction\":[{\"@type\":\"ReadAction\",\"target\":[\"https:\\\/\\\/cifreceramica.com\\\/de\\\/downloads-zertifikate-und-handbuecher\\\/\"]}]},{\"@type\":\"BreadcrumbList\",\"@id\":\"https:\\\/\\\/cifreceramica.com\\\/de\\\/downloads-zertifikate-und-handbuecher\\\/#breadcrumb\",\"itemListElement\":[{\"@type\":\"ListItem\",\"position\":1,\"name\":\"Portada\",\"item\":\"https:\\\/\\\/cifreceramica.com\\\/de\\\/\"},{\"@type\":\"ListItem\",\"position\":2,\"name\":\"DOWNLOADS Zertifikate und Handb\u00fccher\"}]},{\"@type\":\"WebSite\",\"@id\":\"https:\\\/\\\/cifreceramica.com\\\/#website\",\"url\":\"https:\\\/\\\/cifreceramica.com\\\/\",\"name\":\"CIFRE CER\u00c1MICA\",\"description\":\"Azulejo, cer\u00e1mica, decoraci\u00f3n, pavimento, revestimiento\",\"publisher\":{\"@id\":\"https:\\\/\\\/cifreceramica.com\\\/#organization\"},\"potentialAction\":[{\"@type\":\"SearchAction\",\"target\":{\"@type\":\"EntryPoint\",\"urlTemplate\":\"https:\\\/\\\/cifreceramica.com\\\/?s={search_term_string}\"},\"query-input\":{\"@type\":\"PropertyValueSpecification\",\"valueRequired\":true,\"valueName\":\"search_term_string\"}}],\"inLanguage\":\"de\"},{\"@type\":\"Organization\",\"@id\":\"https:\\\/\\\/cifreceramica.com\\\/#organization\",\"name\":\"CIFRE CERAMICA SL.\",\"url\":\"https:\\\/\\\/cifreceramica.com\\\/\",\"logo\":{\"@type\":\"ImageObject\",\"inLanguage\":\"de\",\"@id\":\"https:\\\/\\\/cifreceramica.com\\\/#\\\/schema\\\/logo\\\/image\\\/\",\"url\":\"https:\\\/\\\/cifreceramica.com\\\/wp-content\\\/uploads\\\/2020\\\/03\\\/logo-cifre.jpg\",\"contentUrl\":\"https:\\\/\\\/cifreceramica.com\\\/wp-content\\\/uploads\\\/2020\\\/03\\\/logo-cifre.jpg\",\"width\":648,\"height\":320,\"caption\":\"CIFRE CERAMICA SL.\"},\"image\":{\"@id\":\"https:\\\/\\\/cifreceramica.com\\\/#\\\/schema\\\/logo\\\/image\\\/\"},\"sameAs\":[\"https:\\\/\\\/www.facebook.com\\\/Cifreceramica\\\/\",\"https:\\\/\\\/x.com\\\/cifreceramica\",\"https:\\\/\\\/www.instagram.com\\\/cifreceramica\\\/\",\"https:\\\/\\\/www.linkedin.com\\\/cifreceramica\",\"https:\\\/\\\/www.pinterest.es\\\/CifreReport\\\/_created\\\/\",\"https:\\\/\\\/www.youtube.com\\\/channel\\\/UC6T43U-C68ZKx58s-QVY0Eg\"]}]}<\/script>\n<!-- \/ Yoast SEO plugin. -->","yoast_head_json":{"title":"DOWNLOADS Zertifikate und Handb\u00fccher - CIFRE CER\u00c1MICA","description":"Laden Sie unsere technischen Informationen und Zertifikate von Cifre Cer\u00e1mica herunter.","robots":{"index":"index","follow":"follow","max-snippet":"max-snippet:-1","max-image-preview":"max-image-preview:large","max-video-preview":"max-video-preview:-1"},"canonical":"https:\/\/cifreceramica.com\/de\/downloads-zertifikate-und-handbuecher\/","og_locale":"de_DE","og_type":"article","og_title":"DOWNLOADS Zertifikate und Handb\u00fccher - CIFRE CER\u00c1MICA","og_description":"Laden Sie unsere technischen Informationen und Zertifikate von Cifre Cer\u00e1mica herunter.","og_url":"https:\/\/cifreceramica.com\/de\/downloads-zertifikate-und-handbuecher\/","og_site_name":"CIFRE CER\u00c1MICA","article_publisher":"https:\/\/www.facebook.com\/Cifreceramica\/","article_modified_time":"2025-12-09T13:44:57+00:00","twitter_card":"summary_large_image","twitter_site":"@cifreceramica","twitter_misc":{"Gesch\u00e4tzte Lesezeit":"2\u00a0Minuten"},"schema":{"@context":"https:\/\/schema.org","@graph":[{"@type":"WebPage","@id":"https:\/\/cifreceramica.com\/de\/downloads-zertifikate-und-handbuecher\/","url":"https:\/\/cifreceramica.com\/de\/downloads-zertifikate-und-handbuecher\/","name":"DOWNLOADS Zertifikate und Handb\u00fccher - CIFRE CER\u00c1MICA","isPartOf":{"@id":"https:\/\/cifreceramica.com\/#website"},"datePublished":"2019-09-23T07:35:33+00:00","dateModified":"2025-12-09T13:44:57+00:00","description":"Laden Sie unsere technischen Informationen und Zertifikate von Cifre Cer\u00e1mica herunter.","breadcrumb":{"@id":"https:\/\/cifreceramica.com\/de\/downloads-zertifikate-und-handbuecher\/#breadcrumb"},"inLanguage":"de","potentialAction":[{"@type":"ReadAction","target":["https:\/\/cifreceramica.com\/de\/downloads-zertifikate-und-handbuecher\/"]}]},{"@type":"BreadcrumbList","@id":"https:\/\/cifreceramica.com\/de\/downloads-zertifikate-und-handbuecher\/#breadcrumb","itemListElement":[{"@type":"ListItem","position":1,"name":"Portada","item":"https:\/\/cifreceramica.com\/de\/"},{"@type":"ListItem","position":2,"name":"DOWNLOADS Zertifikate und Handb\u00fccher"}]},{"@type":"WebSite","@id":"https:\/\/cifreceramica.com\/#website","url":"https:\/\/cifreceramica.com\/","name":"CIFRE CER\u00c1MICA","description":"Azulejo, cer\u00e1mica, decoraci\u00f3n, pavimento, revestimiento","publisher":{"@id":"https:\/\/cifreceramica.com\/#organization"},"potentialAction":[{"@type":"SearchAction","target":{"@type":"EntryPoint","urlTemplate":"https:\/\/cifreceramica.com\/?s={search_term_string}"},"query-input":{"@type":"PropertyValueSpecification","valueRequired":true,"valueName":"search_term_string"}}],"inLanguage":"de"},{"@type":"Organization","@id":"https:\/\/cifreceramica.com\/#organization","name":"CIFRE CERAMICA SL.","url":"https:\/\/cifreceramica.com\/","logo":{"@type":"ImageObject","inLanguage":"de","@id":"https:\/\/cifreceramica.com\/#\/schema\/logo\/image\/","url":"https:\/\/cifreceramica.com\/wp-content\/uploads\/2020\/03\/logo-cifre.jpg","contentUrl":"https:\/\/cifreceramica.com\/wp-content\/uploads\/2020\/03\/logo-cifre.jpg","width":648,"height":320,"caption":"CIFRE CERAMICA SL."},"image":{"@id":"https:\/\/cifreceramica.com\/#\/schema\/logo\/image\/"},"sameAs":["https:\/\/www.facebook.com\/Cifreceramica\/","https:\/\/x.com\/cifreceramica","https:\/\/www.instagram.com\/cifreceramica\/","https:\/\/www.linkedin.com\/cifreceramica","https:\/\/www.pinterest.es\/CifreReport\/_created\/","https:\/\/www.youtube.com\/channel\/UC6T43U-C68ZKx58s-QVY0Eg"]}]}},"_links":{"self":[{"href":"https:\/\/cifreceramica.com\/de\/wp-json\/wp\/v2\/pages\/2560","targetHints":{"allow":["GET"]}}],"collection":[{"href":"https:\/\/cifreceramica.com\/de\/wp-json\/wp\/v2\/pages"}],"about":[{"href":"https:\/\/cifreceramica.com\/de\/wp-json\/wp\/v2\/types\/page"}],"author":[{"embeddable":true,"href":"https:\/\/cifreceramica.com\/de\/wp-json\/wp\/v2\/users\/1"}],"replies":[{"embeddable":true,"href":"https:\/\/cifreceramica.com\/de\/wp-json\/wp\/v2\/comments?post=2560"}],"version-history":[{"count":40,"href":"https:\/\/cifreceramica.com\/de\/wp-json\/wp\/v2\/pages\/2560\/revisions"}],"predecessor-version":[{"id":13596,"href":"https:\/\/cifreceramica.com\/de\/wp-json\/wp\/v2\/pages\/2560\/revisions\/13596"}],"wp:attachment":[{"href":"https:\/\/cifreceramica.com\/de\/wp-json\/wp\/v2\/media?parent=2560"}],"curies":[{"name":"wp","href":"https:\/\/api.w.org\/{rel}","templated":true}]}}