{"id":2552,"date":"2019-09-23T09:27:31","date_gmt":"2019-09-23T07:27:31","guid":{"rendered":"https:\/\/cifreceramica.com\/?page_id=2552"},"modified":"2022-02-03T12:34:04","modified_gmt":"2022-02-03T11:34:04","slug":"downloads-kataloge","status":"publish","type":"page","link":"https:\/\/cifreceramica.com\/de\/downloads-kataloge\/","title":{"rendered":"Downloads Kataloge"},"content":{"rendered":"<p>[vc_row full_width=&#8220;stretch_row_content&#8220; el_class=&#8220;breadcrumb&#8220;][vc_column][\/vc_column][\/vc_row][vc_row el_class=&#8220;titulares_top_new&#8220;][vc_column width=&#8220;1\/6&#8243;][\/vc_column][vc_column width=&#8220;2\/3&#8243;][vc_column_text]<\/p>\n<h1 style=\"text-align: center;\">Kataloge<\/h1>\n<p>[\/vc_column_text][vc_column_text]<\/p>\n<p style=\"text-align: center;\">Hier k\u00f6nnen Sie alle Kataloge von Cifre Cer\u00e1mica mit den neuesten Keramiktrends ansehen und herunterladen.<\/p>\n<p>[\/vc_column_text][\/vc_column][vc_column width=&#8220;1\/6&#8243;][\/vc_column][\/vc_row][vc_row el_class=&#8220;menu_descargar_page&#8220;][vc_column][vc_wp_custommenu nav_menu=&#8220;215&#8243;][\/vc_column][\/vc_row][vc_row][vc_column]<div class=\"vc_row wpb_row vc_inner vc_row-fluid\"><div class=\"wpb_column vc_column_container vc_col-sm-12\"><div class=\"vc_column-inner\"><div class=\"wpb_wrapper\">\n\t\t\t\t\t\t<div class=\"wpb_text_column wpb_content_element  titular seccion_central\">\n\t\t\t\t\t\t\t<div class=\"wpb_wrapper\">\n\t\t\t\t\t\t\t\t<p>Messen<\/p>\n\n\t\t\t\t\t\t\t<\/div>\n\t\t\t\t\t\t<\/div>\n\t\t\t\t\t<\/div><\/div><\/div><\/div><br>[vc_row_inner el_class=\"fila_descarga_catalogo\"][vc_column_inner width=\"1\/4\"]<a target=\"_blank\" href=\"https:\/\/d7rh5s3nxmpy4.cloudfront.net\/CMP8489\/files\/CATALOGO_CIFRE_SERIES_AHT_2026_web.pdf\">[vc_single_image source=\"external_link\" custom_src=\"https:\/\/d7rh5s3nxmpy4.cloudfront.net\/CMP8489\/PR95332BI79531_CAT_AT_HOME_26_NEW_AT_HOME_2026_IMD.jpg\" img_size=\"full\" alignment=\"center\"]<\/a>[vc_column_text el_class=\"titulo\"]New at home 2026[\/vc_column_text][\/vc_column_inner][vc_column_inner width=\"1\/4\"]<a target=\"_blank\" href=\"https:\/\/d7rh5s3nxmpy4.cloudfront.net\/CMP8489\/files\/CATALOGO_CIFRE_SERIES_B%26M_AHT_2026.pdf\">[vc_single_image source=\"external_link\" custom_src=\"https:\/\/d7rh5s3nxmpy4.cloudfront.net\/CMP8489\/PR95333BI79532_CAT_BRICK_ATHOME_26_CAT_BRICK_MORE_AT_HOME_2026_IMD.jpg\" img_size=\"full\" alignment=\"center\"]<\/a>[vc_column_text el_class=\"titulo\"]Brick&more at home 2026[\/vc_column_text][\/vc_column_inner][vc_column_inner width=\"1\/4\"]<a target=\"_blank\" href=\"https:\/\/d7rh5s3nxmpy4.cloudfront.net\/CMP8489\/files\/1\/CATALOGO_SERIES_COVERINGS_2026.pdf\">[vc_single_image source=\"external_link\" custom_src=\"https:\/\/d7rh5s3nxmpy4.cloudfront.net\/CMP8489\/PR83140BI79607_CAT_COVERINGS_26_NEWS_BOOK_COVERINGS_2026_IMD.jpg\" img_size=\"full\" alignment=\"center\"]<\/a>[vc_column_text el_class=\"titulo\"]News book coverings 2026[\/vc_column_text][\/vc_column_inner][vc_column_inner width=\"1\/4\"]<a target=\"_blank\" href=\"https:\/\/d7rh5s3nxmpy4.cloudfront.net\/CMP8489\/files\/CATALOGO_CIFRE_SERIES_B%26M_COVERINGS_2026.pdf\">[vc_single_image source=\"external_link\" custom_src=\"https:\/\/d7rh5s3nxmpy4.cloudfront.net\/CMP8489\/PR95340BI79608_CAT_COVERINGS_BRICK_26_NEWS_BRICK_MORE_COVERINGS_2026_IMD.jpg\" img_size=\"full\" alignment=\"center\"]<\/a>[vc_column_text el_class=\"titulo\"]News brick&more coverings 2026[\/vc_column_text][\/vc_column_inner][\/vc_row_inner][vc_row_inner el_class=\"fila_descarga_catalogo\"][\/vc_row_inner]<div class=\"vc_row wpb_row vc_inner vc_row-fluid\"><div class=\"wpb_column vc_column_container vc_col-sm-12\"><div class=\"vc_column-inner\"><div class=\"wpb_wrapper\">\n\t\t\t\t\t\t<div class=\"wpb_text_column wpb_content_element  titular seccion_central\">\n\t\t\t\t\t\t\t<div class=\"wpb_wrapper\">\n\t\t\t\t\t\t\t\t<p>Generalkatalog<\/p>\n\n\t\t\t\t\t\t\t<\/div>\n\t\t\t\t\t\t<\/div>\n\t\t\t\t\t<\/div><\/div><\/div><\/div><br>[vc_row_inner el_class=\"fila_descarga_catalogo\"][vc_column_inner width=\"1\/4\"]<a target=\"_blank\" href=\"https:\/\/d7rh5s3nxmpy4.cloudfront.net\/CMP8489\/files\/01_CIFRE_GENERAL_BOOK_RECTIFIED_2025_OPT.pdf\">[vc_single_image source=\"external_link\" custom_src=\"https:\/\/d7rh5s3nxmpy4.cloudfront.net\/CMP8489\/PR82839BI50598_700000000000010202_GENERAL_BOOK_RECTIFIED_25_CIFRE_IMD.jpg\" img_size=\"full\" alignment=\"center\"]<\/a>[vc_column_text el_class=\"titulo\"]General book rectified 25 cifre[\/vc_column_text][\/vc_column_inner][vc_column_inner width=\"1\/4\"]<a target=\"_blank\" href=\"https:\/\/d7rh5s3nxmpy4.cloudfront.net\/CMP8489\/files\/Brick_%26_More_2026_web.pdf\">[vc_single_image source=\"external_link\" custom_src=\"https:\/\/d7rh5s3nxmpy4.cloudfront.net\/CMP8489\/PR95148BI78806_700000000000010997_GENERAL_BOOK_BRICK_MORE_26_CF_IMD.jpg\" img_size=\"full\" alignment=\"center\"]<\/a>[vc_column_text el_class=\"titulo\"]General book brick&more 26 cf[\/vc_column_text][\/vc_column_inner][vc_column_inner width=\"1\/4\"]<a target=\"_blank\" href=\"https:\/\/d7rh5s3nxmpy4.cloudfront.net\/CMP8489\/files\/03_GENERAL_B_POR_NOT_RECTIFIED_2025_OPT.pdf\">[vc_single_image source=\"external_link\" custom_src=\"https:\/\/d7rh5s3nxmpy4.cloudfront.net\/CMP8489\/PR82841BI50597_CATALOGO_NO_RECT_2025_GENERAL_BOOK_NOT_RECTIFIED_2025_IMD.jpg\" img_size=\"full\" alignment=\"center\"]<\/a>[vc_column_text el_class=\"titulo\"]General book not rectified 2025[\/vc_column_text][\/vc_column_inner][\/vc_row_inner]<div class=\"vc_row wpb_row vc_inner vc_row-fluid\"><div class=\"wpb_column vc_column_container vc_col-sm-12\"><div class=\"vc_column-inner\"><div class=\"wpb_wrapper\">\n\t\t\t\t\t\t<div class=\"wpb_text_column wpb_content_element  titular seccion_central\">\n\t\t\t\t\t\t\t<div class=\"wpb_wrapper\">\n\t\t\t\t\t\t\t\t<p>Architorium<\/p>\n\n\t\t\t\t\t\t\t<\/div>\n\t\t\t\t\t\t<\/div>\n\t\t\t\t\t<\/div><\/div><\/div><\/div><br>[vc_row_inner el_class=\"fila_descarga_catalogo\"][vc_column_inner width=\"1\/4\"]<a target=\"_blank\" href=\"https:\/\/d7rh5s3nxmpy4.cloudfront.net\/CMP8489\/files\/Cifre_ARCHITORIUM_XLIFE_V2_2023.pdf\">[vc_single_image source=\"external_link\" custom_src=\"https:\/\/d7rh5s3nxmpy4.cloudfront.net\/CMP8489\/PR61648BI24624_700000000000007147_clone_CATALOGO_ARCHITORIUM_XLIFE_IMD.jpg\" img_size=\"full\" alignment=\"center\"]<\/a>[vc_column_text el_class=\"titulo\"]Catalogo architorium xlife[\/vc_column_text][\/vc_column_inner][\/vc_row_inner][vc_row_inner el_class=\"fila_descarga_catalogo\"][vc_column_inner width=\"1\/4\"]<a target=\"_blank\" href=\"https:\/\/d7rh5s3nxmpy4.cloudfront.net\/CMP8489\/files\/2\/architorium_GRANITE_V1_2022.pdf\">[vc_single_image source=\"external_link\" custom_src=\"https:\/\/d7rh5s3nxmpy4.cloudfront.net\/CMP8489\/PR61643BI24622_700000000000007145_clone_CATALOGO_ARCHITORIUM_GRANITE_IMD.jpg\" img_size=\"full\" alignment=\"center\"]<\/a>[vc_column_text el_class=\"titulo\"]Catalogo architorium granite[\/vc_column_text][\/vc_column_inner][vc_column_inner width=\"1\/4\"]<a target=\"_blank\" href=\"https:\/\/d7rh5s3nxmpy4.cloudfront.net\/CMP8489\/files\/2\/architorium_KLIFF_V1_2022.pdf\">[vc_single_image source=\"external_link\" custom_src=\"https:\/\/d7rh5s3nxmpy4.cloudfront.net\/CMP8489\/PR61645BI24619_700000000000007142_clone_CATALOGO_ARCHITORIUM_KLIFF_IMD.jpg\" img_size=\"full\" alignment=\"center\"]<\/a>[vc_column_text el_class=\"titulo\"]Catalogo architorium kliff[\/vc_column_text][\/vc_column_inner][vc_column_inner width=\"1\/4\"]<a target=\"_blank\" href=\"https:\/\/d7rh5s3nxmpy4.cloudfront.net\/CMP8489\/files\/2\/architorium_NEUTRA_V1_2022.pdf\">[vc_single_image source=\"external_link\" custom_src=\"https:\/\/d7rh5s3nxmpy4.cloudfront.net\/CMP8489\/PR61646BI24621_700000000000007144_clone_CATALOGO_ARCHITORIUM_NEUTRA_IMD.jpg\" img_size=\"full\" alignment=\"center\"]<\/a>[vc_column_text el_class=\"titulo\"]Catalogo architorium neutra[\/vc_column_text][\/vc_column_inner][vc_column_inner width=\"1\/4\"]<a target=\"_blank\" href=\"https:\/\/d7rh5s3nxmpy4.cloudfront.net\/CMP8489\/files\/2\/architorium_NEXUS_V1_2022.pdf\">[vc_single_image source=\"external_link\" custom_src=\"https:\/\/d7rh5s3nxmpy4.cloudfront.net\/CMP8489\/PR61647BI24623_700000000000007146_clone_CATALOGO_ARCHITORIUM_NEXUS_IMD.jpg\" img_size=\"full\" alignment=\"center\"]<\/a>[vc_column_text el_class=\"titulo\"]Catalogo architorium nexus[\/vc_column_text][\/vc_column_inner][\/vc_row_inner][vc_row_inner el_class=\"fila_descarga_catalogo\"][vc_column_inner width=\"1\/4\"]<a target=\"_blank\" href=\"https:\/\/d7rh5s3nxmpy4.cloudfront.net\/CMP8489\/files\/2\/ARCHITORIUM_INDUSTRIAL_OK.pdf\">[vc_single_image source=\"external_link\" custom_src=\"https:\/\/d7rh5s3nxmpy4.cloudfront.net\/CMP8489\/PR61644BI24618_700000000000007141_clone_CATALOGO_ARCHITORIUM_INDUSTRIAL_IMD.jpg\" img_size=\"full\" alignment=\"center\"]<\/a>[vc_column_text el_class=\"titulo\"]Catalogo architorium industrial[\/vc_column_text][\/vc_column_inner][vc_column_inner width=\"1\/4\"]<a target=\"_blank\" href=\"https:\/\/d7rh5s3nxmpy4.cloudfront.net\/CMP8489\/files\/CATALOGO_ARCHITORIUM_CONTRACT_2025.pdf\">[vc_single_image source=\"external_link\" custom_src=\"https:\/\/d7rh5s3nxmpy4.cloudfront.net\/CMP8489\/PR91075BI53204_700000000000010676_ARCHITORIUM_CONTRACT_CF_IMD.jpg\" img_size=\"full\" alignment=\"center\"]<\/a>[vc_column_text el_class=\"titulo\"]Architorium contract cf[\/vc_column_text][\/vc_column_inner][\/vc_row_inner]<div class=\"vc_row wpb_row vc_inner vc_row-fluid\"><div class=\"wpb_column vc_column_container vc_col-sm-12\"><div class=\"vc_column-inner\"><div class=\"wpb_wrapper\">\n\t\t\t\t\t\t<div class=\"wpb_text_column wpb_content_element  titular seccion_central\">\n\t\t\t\t\t\t\t<div class=\"wpb_wrapper\">\n\t\t\t\t\t\t\t\t<p>Andere<\/p>\n\n\t\t\t\t\t\t\t<\/div>\n\t\t\t\t\t\t<\/div>\n\t\t\t\t\t<\/div><\/div><\/div><\/div><br>[vc_row_inner el_class=\"fila_descarga_catalogo\"][vc_column_inner width=\"1\/4\"]<a target=\"_blank\" href=\"https:\/\/d7rh5s3nxmpy4.cloudfront.net\/CMP8489\/files\/Imagine_Smart_Evolution_habitar_sinlimites__V2_2024.pdf\">[vc_single_image source=\"external_link\" custom_src=\"https:\/\/d7rh5s3nxmpy4.cloudfront.net\/CMP8489\/PR28112BI45760_IMAGINE_CAT_2023_CAT_IMAGINE_2023_IMD.jpg\" img_size=\"full\" alignment=\"center\"]<\/a>[vc_column_text el_class=\"titulo\"]Imagine 2024[\/vc_column_text][\/vc_column_inner][vc_column_inner width=\"1\/4\"]<a target=\"_blank\" href=\"https:\/\/d7rh5s3nxmpy4.cloudfront.net\/CMP8489\/files\/TRIPTICO_SUMMERTILE_CIFRECERAMICA_2023.pdf\">[vc_single_image source=\"external_link\" custom_src=\"https:\/\/d7rh5s3nxmpy4.cloudfront.net\/CMP8489\/PR49468BI38667_700000000000009028_TRIPTICO_SUMMER_TILE_IMD.jpg\" img_size=\"full\" alignment=\"center\"]<\/a>[vc_column_text el_class=\"titulo\"]Triptico summer tile[\/vc_column_text][\/vc_column_inner][\/vc_row_inner][vc_row_inner el_class=\"fila_descarga_catalogo\"][vc_column_inner width=\"1\/4\"]<a target=\"_blank\" href=\"https:\/\/d7rh5s3nxmpy4.cloudfront.net\/CMP8489\/files\/CATALOGO_CIFRE_SERIES_UPEC_web.pdf\">[vc_single_image source=\"external_link\" custom_src=\"https:\/\/d7rh5s3nxmpy4.cloudfront.net\/CMP8489\/PR91045BI52611_700000000000010608_CATALOGUE_UPEC_FRANCE_25_CF_IMD.jpg\" img_size=\"full\" alignment=\"center\"]<\/a>[vc_column_text el_class=\"titulo\"]Catalogue upec france 25 cf[\/vc_column_text][\/vc_column_inner][vc_column_inner width=\"1\/4\"]<a target=\"_blank\" href=\"https:\/\/d7rh5s3nxmpy4.cloudfront.net\/CMP8489\/files\/CATALOGO_20MM_V1_2025_web.pdf\">[vc_single_image source=\"external_link\" custom_src=\"https:\/\/d7rh5s3nxmpy4.cloudfront.net\/CMP8489\/PR41453BI51946_CATALOGO_20MM_CAT_OUTSIDE_20MM_2025_IMD.jpg\" img_size=\"full\" alignment=\"center\"]<\/a>[vc_column_text el_class=\"titulo\"]Cat. outside 20mm 2025[\/vc_column_text][\/vc_column_inner][vc_column_inner width=\"1\/4\"]<a target=\"_blank\" href=\"https:\/\/d7rh5s3nxmpy4.cloudfront.net\/CMP8489\/files\/PROMOCION_CIFRE_MAYO25_OPT.pdf\">[vc_single_image source=\"external_link\" custom_src=\"https:\/\/d7rh5s3nxmpy4.cloudfront.net\/CMP8489\/PR41452BI45759_CATALOGO_PROMOCION_CAT_PROMOCION_2024_IMD.jpg\" img_size=\"full\" alignment=\"center\"]<\/a>[vc_column_text el_class=\"titulo\"]Promocion cifre ceramica 2025[\/vc_column_text][\/vc_column_inner][vc_column_inner width=\"1\/4\"]<a target=\"_blank\" href=\"https:\/\/d7rh5s3nxmpy4.cloudfront.net\/CMP8489\/files\/PDF_POOLS_15X15_WEB.pdf\">[vc_single_image source=\"external_link\" custom_src=\"https:\/\/d7rh5s3nxmpy4.cloudfront.net\/CMP8489\/PR48693BI38276_CATAL_POOL_TILES_CATALOGO_POOL_TILES_15X15_IMD.jpg\" img_size=\"full\" alignment=\"center\"]<\/a>[vc_column_text el_class=\"titulo\"]Cat. pool tiles 15x15[\/vc_column_text][\/vc_column_inner][\/vc_row_inner][vc_row_inner el_class=\"fila_descarga_catalogo\"][vc_column_inner width=\"1\/4\"]<a target=\"_blank\" href=\"https:\/\/d7rh5s3nxmpy4.cloudfront.net\/CMP8489\/files\/CIFRE_RODAPIE_8X60_2025.pdf\">[vc_single_image source=\"external_link\" custom_src=\"https:\/\/d7rh5s3nxmpy4.cloudfront.net\/CMP8489\/PR92012BI53863_CAT_RODAPIES_25_CATALOGO_RODAPIES_8X60_IMD.jpg\" img_size=\"full\" alignment=\"center\"]<\/a>[vc_column_text el_class=\"titulo\"]Catalogo rodapies 8x60[\/vc_column_text][\/vc_column_inner][vc_column_inner width=\"1\/4\"]<a target=\"_blank\" href=\"https:\/\/d7rh5s3nxmpy4.cloudfront.net\/CMP8489\/files\/PRESENTACION_CIFRE_2025_ENG_E.pdf\">[vc_single_image source=\"external_link\" custom_src=\"https:\/\/d7rh5s3nxmpy4.cloudfront.net\/CMP8489\/PR58874BI49868_PRESENT_EMPRESA_ENG_25_CORPORATE_PRESENTATION_2025_IMD.jpg\" img_size=\"full\" alignment=\"center\"]<\/a>[vc_column_text el_class=\"titulo\"]Corporate presentation 2025[\/vc_column_text][\/vc_column_inner][vc_column_inner width=\"1\/4\"]<a target=\"_blank\" href=\"https:\/\/d7rh5s3nxmpy4.cloudfront.net\/CMP8489\/files\/PRESENTACION_CIFRE_2025_ESP_E.pdf\">[vc_single_image source=\"external_link\" custom_src=\"https:\/\/d7rh5s3nxmpy4.cloudfront.net\/CMP8489\/PR58873BI49867_PRESENT_EMPRESA_ESP_25_PRESENTACION_EMPRESA_2025_IMD.jpg\" img_size=\"full\" alignment=\"center\"]<\/a>[vc_column_text el_class=\"titulo\"]Presentacion empresa 2025[\/vc_column_text][\/vc_column_inner][\/vc_row_inner][\/vc_column][\/vc_row]<\/p>\n","protected":false},"excerpt":{"rendered":"<p>[vc_row full_width=&#8220;stretch_row_content&#8220; el_class=&#8220;breadcrumb&#8220;][vc_column][\/vc_column][\/vc_row][vc_row el_class=&#8220;titulares_top_new&#8220;][vc_column width=&#8220;1\/6&#8243;][\/vc_column][vc_column width=&#8220;2\/3&#8243;][vc_column_text] Kataloge [\/vc_column_text][vc_column_text] Hier k\u00f6nnen Sie alle Kataloge von Cifre Cer\u00e1mica mit den neuesten Keramiktrends ansehen und herunterladen. [\/vc_column_text][\/vc_column][vc_column width=&#8220;1\/6&#8243;][\/vc_column][\/vc_row][vc_row el_class=&#8220;menu_descargar_page&#8220;][vc_column][vc_wp_custommenu nav_menu=&#8220;215&#8243;][\/vc_column][\/vc_row][vc_row][vc_column][\/vc_column][\/vc_row]<\/p>\n","protected":false},"author":1,"featured_media":0,"parent":0,"menu_order":0,"comment_status":"closed","ping_status":"closed","template":"","meta":{"footnotes":""},"class_list":["post-2552","page","type-page","status-publish","hentry"],"yoast_head":"<!-- This site is optimized with the Yoast SEO plugin v27.3 - https:\/\/yoast.com\/product\/yoast-seo-wordpress\/ -->\n<title>Downloads Kataloge - CIFRE CER\u00c1MICA<\/title>\n<meta name=\"robots\" content=\"index, follow, max-snippet:-1, max-image-preview:large, max-video-preview:-1\" \/>\n<link rel=\"canonical\" href=\"https:\/\/cifreceramica.com\/de\/downloads-kataloge\/\" \/>\n<meta property=\"og:locale\" content=\"de_DE\" \/>\n<meta property=\"og:type\" content=\"article\" \/>\n<meta property=\"og:title\" content=\"Downloads Kataloge - CIFRE CER\u00c1MICA\" \/>\n<meta property=\"og:description\" content=\"[vc_row full_width=&#8220;stretch_row_content&#8220; el_class=&#8220;breadcrumb&#8220;][vc_column][\/vc_column][\/vc_row][vc_row el_class=&#8220;titulares_top_new&#8220;][vc_column width=&#8220;1\/6&#8243;][\/vc_column][vc_column width=&#8220;2\/3&#8243;][vc_column_text] Kataloge [\/vc_column_text][vc_column_text] Hier k\u00f6nnen Sie alle Kataloge von Cifre Cer\u00e1mica mit den neuesten Keramiktrends ansehen und herunterladen. [\/vc_column_text][\/vc_column][vc_column width=&#8220;1\/6&#8243;][\/vc_column][\/vc_row][vc_row el_class=&#8220;menu_descargar_page&#8220;][vc_column][vc_wp_custommenu nav_menu=&#8220;215&#8243;][\/vc_column][\/vc_row][vc_row][vc_column][\/vc_column][\/vc_row]\" \/>\n<meta property=\"og:url\" content=\"https:\/\/cifreceramica.com\/de\/downloads-kataloge\/\" \/>\n<meta property=\"og:site_name\" content=\"CIFRE CER\u00c1MICA\" \/>\n<meta property=\"article:publisher\" content=\"https:\/\/www.facebook.com\/Cifreceramica\/\" \/>\n<meta property=\"article:modified_time\" content=\"2022-02-03T11:34:04+00:00\" \/>\n<meta name=\"twitter:card\" content=\"summary_large_image\" \/>\n<meta name=\"twitter:site\" content=\"@cifreceramica\" \/>\n<meta name=\"twitter:label1\" content=\"Gesch\u00e4tzte Lesezeit\" \/>\n\t<meta name=\"twitter:data1\" content=\"1\u00a0Minute\" \/>\n<script type=\"application\/ld+json\" class=\"yoast-schema-graph\">{\"@context\":\"https:\\\/\\\/schema.org\",\"@graph\":[{\"@type\":\"WebPage\",\"@id\":\"https:\\\/\\\/cifreceramica.com\\\/de\\\/downloads-kataloge\\\/\",\"url\":\"https:\\\/\\\/cifreceramica.com\\\/de\\\/downloads-kataloge\\\/\",\"name\":\"Downloads Kataloge - CIFRE CER\u00c1MICA\",\"isPartOf\":{\"@id\":\"https:\\\/\\\/cifreceramica.com\\\/#website\"},\"datePublished\":\"2019-09-23T07:27:31+00:00\",\"dateModified\":\"2022-02-03T11:34:04+00:00\",\"breadcrumb\":{\"@id\":\"https:\\\/\\\/cifreceramica.com\\\/de\\\/downloads-kataloge\\\/#breadcrumb\"},\"inLanguage\":\"de\",\"potentialAction\":[{\"@type\":\"ReadAction\",\"target\":[\"https:\\\/\\\/cifreceramica.com\\\/de\\\/downloads-kataloge\\\/\"]}]},{\"@type\":\"BreadcrumbList\",\"@id\":\"https:\\\/\\\/cifreceramica.com\\\/de\\\/downloads-kataloge\\\/#breadcrumb\",\"itemListElement\":[{\"@type\":\"ListItem\",\"position\":1,\"name\":\"Portada\",\"item\":\"https:\\\/\\\/cifreceramica.com\\\/de\\\/\"},{\"@type\":\"ListItem\",\"position\":2,\"name\":\"Downloads Kataloge\"}]},{\"@type\":\"WebSite\",\"@id\":\"https:\\\/\\\/cifreceramica.com\\\/#website\",\"url\":\"https:\\\/\\\/cifreceramica.com\\\/\",\"name\":\"CIFRE CER\u00c1MICA\",\"description\":\"Azulejo, cer\u00e1mica, decoraci\u00f3n, pavimento, revestimiento\",\"publisher\":{\"@id\":\"https:\\\/\\\/cifreceramica.com\\\/#organization\"},\"potentialAction\":[{\"@type\":\"SearchAction\",\"target\":{\"@type\":\"EntryPoint\",\"urlTemplate\":\"https:\\\/\\\/cifreceramica.com\\\/?s={search_term_string}\"},\"query-input\":{\"@type\":\"PropertyValueSpecification\",\"valueRequired\":true,\"valueName\":\"search_term_string\"}}],\"inLanguage\":\"de\"},{\"@type\":\"Organization\",\"@id\":\"https:\\\/\\\/cifreceramica.com\\\/#organization\",\"name\":\"CIFRE CERAMICA SL.\",\"url\":\"https:\\\/\\\/cifreceramica.com\\\/\",\"logo\":{\"@type\":\"ImageObject\",\"inLanguage\":\"de\",\"@id\":\"https:\\\/\\\/cifreceramica.com\\\/#\\\/schema\\\/logo\\\/image\\\/\",\"url\":\"https:\\\/\\\/cifreceramica.com\\\/wp-content\\\/uploads\\\/2020\\\/03\\\/logo-cifre.jpg\",\"contentUrl\":\"https:\\\/\\\/cifreceramica.com\\\/wp-content\\\/uploads\\\/2020\\\/03\\\/logo-cifre.jpg\",\"width\":648,\"height\":320,\"caption\":\"CIFRE CERAMICA SL.\"},\"image\":{\"@id\":\"https:\\\/\\\/cifreceramica.com\\\/#\\\/schema\\\/logo\\\/image\\\/\"},\"sameAs\":[\"https:\\\/\\\/www.facebook.com\\\/Cifreceramica\\\/\",\"https:\\\/\\\/x.com\\\/cifreceramica\",\"https:\\\/\\\/www.instagram.com\\\/cifreceramica\\\/\",\"https:\\\/\\\/www.linkedin.com\\\/cifreceramica\",\"https:\\\/\\\/www.pinterest.es\\\/CifreReport\\\/_created\\\/\",\"https:\\\/\\\/www.youtube.com\\\/channel\\\/UC6T43U-C68ZKx58s-QVY0Eg\"]}]}<\/script>\n<!-- \/ Yoast SEO plugin. -->","yoast_head_json":{"title":"Downloads Kataloge - CIFRE CER\u00c1MICA","robots":{"index":"index","follow":"follow","max-snippet":"max-snippet:-1","max-image-preview":"max-image-preview:large","max-video-preview":"max-video-preview:-1"},"canonical":"https:\/\/cifreceramica.com\/de\/downloads-kataloge\/","og_locale":"de_DE","og_type":"article","og_title":"Downloads Kataloge - CIFRE CER\u00c1MICA","og_description":"[vc_row full_width=&#8220;stretch_row_content&#8220; el_class=&#8220;breadcrumb&#8220;][vc_column][\/vc_column][\/vc_row][vc_row el_class=&#8220;titulares_top_new&#8220;][vc_column width=&#8220;1\/6&#8243;][\/vc_column][vc_column width=&#8220;2\/3&#8243;][vc_column_text] Kataloge [\/vc_column_text][vc_column_text] Hier k\u00f6nnen Sie alle Kataloge von Cifre Cer\u00e1mica mit den neuesten Keramiktrends ansehen und herunterladen. [\/vc_column_text][\/vc_column][vc_column width=&#8220;1\/6&#8243;][\/vc_column][\/vc_row][vc_row el_class=&#8220;menu_descargar_page&#8220;][vc_column][vc_wp_custommenu nav_menu=&#8220;215&#8243;][\/vc_column][\/vc_row][vc_row][vc_column][\/vc_column][\/vc_row]","og_url":"https:\/\/cifreceramica.com\/de\/downloads-kataloge\/","og_site_name":"CIFRE CER\u00c1MICA","article_publisher":"https:\/\/www.facebook.com\/Cifreceramica\/","article_modified_time":"2022-02-03T11:34:04+00:00","twitter_card":"summary_large_image","twitter_site":"@cifreceramica","twitter_misc":{"Gesch\u00e4tzte Lesezeit":"1\u00a0Minute"},"schema":{"@context":"https:\/\/schema.org","@graph":[{"@type":"WebPage","@id":"https:\/\/cifreceramica.com\/de\/downloads-kataloge\/","url":"https:\/\/cifreceramica.com\/de\/downloads-kataloge\/","name":"Downloads Kataloge - CIFRE CER\u00c1MICA","isPartOf":{"@id":"https:\/\/cifreceramica.com\/#website"},"datePublished":"2019-09-23T07:27:31+00:00","dateModified":"2022-02-03T11:34:04+00:00","breadcrumb":{"@id":"https:\/\/cifreceramica.com\/de\/downloads-kataloge\/#breadcrumb"},"inLanguage":"de","potentialAction":[{"@type":"ReadAction","target":["https:\/\/cifreceramica.com\/de\/downloads-kataloge\/"]}]},{"@type":"BreadcrumbList","@id":"https:\/\/cifreceramica.com\/de\/downloads-kataloge\/#breadcrumb","itemListElement":[{"@type":"ListItem","position":1,"name":"Portada","item":"https:\/\/cifreceramica.com\/de\/"},{"@type":"ListItem","position":2,"name":"Downloads Kataloge"}]},{"@type":"WebSite","@id":"https:\/\/cifreceramica.com\/#website","url":"https:\/\/cifreceramica.com\/","name":"CIFRE CER\u00c1MICA","description":"Azulejo, cer\u00e1mica, decoraci\u00f3n, pavimento, revestimiento","publisher":{"@id":"https:\/\/cifreceramica.com\/#organization"},"potentialAction":[{"@type":"SearchAction","target":{"@type":"EntryPoint","urlTemplate":"https:\/\/cifreceramica.com\/?s={search_term_string}"},"query-input":{"@type":"PropertyValueSpecification","valueRequired":true,"valueName":"search_term_string"}}],"inLanguage":"de"},{"@type":"Organization","@id":"https:\/\/cifreceramica.com\/#organization","name":"CIFRE CERAMICA SL.","url":"https:\/\/cifreceramica.com\/","logo":{"@type":"ImageObject","inLanguage":"de","@id":"https:\/\/cifreceramica.com\/#\/schema\/logo\/image\/","url":"https:\/\/cifreceramica.com\/wp-content\/uploads\/2020\/03\/logo-cifre.jpg","contentUrl":"https:\/\/cifreceramica.com\/wp-content\/uploads\/2020\/03\/logo-cifre.jpg","width":648,"height":320,"caption":"CIFRE CERAMICA SL."},"image":{"@id":"https:\/\/cifreceramica.com\/#\/schema\/logo\/image\/"},"sameAs":["https:\/\/www.facebook.com\/Cifreceramica\/","https:\/\/x.com\/cifreceramica","https:\/\/www.instagram.com\/cifreceramica\/","https:\/\/www.linkedin.com\/cifreceramica","https:\/\/www.pinterest.es\/CifreReport\/_created\/","https:\/\/www.youtube.com\/channel\/UC6T43U-C68ZKx58s-QVY0Eg"]}]}},"_links":{"self":[{"href":"https:\/\/cifreceramica.com\/de\/wp-json\/wp\/v2\/pages\/2552","targetHints":{"allow":["GET"]}}],"collection":[{"href":"https:\/\/cifreceramica.com\/de\/wp-json\/wp\/v2\/pages"}],"about":[{"href":"https:\/\/cifreceramica.com\/de\/wp-json\/wp\/v2\/types\/page"}],"author":[{"embeddable":true,"href":"https:\/\/cifreceramica.com\/de\/wp-json\/wp\/v2\/users\/1"}],"replies":[{"embeddable":true,"href":"https:\/\/cifreceramica.com\/de\/wp-json\/wp\/v2\/comments?post=2552"}],"version-history":[{"count":4,"href":"https:\/\/cifreceramica.com\/de\/wp-json\/wp\/v2\/pages\/2552\/revisions"}],"predecessor-version":[{"id":8026,"href":"https:\/\/cifreceramica.com\/de\/wp-json\/wp\/v2\/pages\/2552\/revisions\/8026"}],"wp:attachment":[{"href":"https:\/\/cifreceramica.com\/de\/wp-json\/wp\/v2\/media?parent=2552"}],"curies":[{"name":"wp","href":"https:\/\/api.w.org\/{rel}","templated":true}]}}