{"id":1390,"date":"2019-02-28T15:03:30","date_gmt":"2019-02-28T14:03:30","guid":{"rendered":"https:\/\/cifreceramica.com\/politica-privacidad\/"},"modified":"2025-01-15T16:24:16","modified_gmt":"2025-01-15T15:24:16","slug":"politica-privacidad","status":"publish","type":"page","link":"https:\/\/cifreceramica.com\/de\/politica-privacidad\/","title":{"rendered":"Datenschutzbestimmungen"},"content":{"rendered":"<p>[vc_row full_width=&#8220;stretch_row_content&#8220; el_class=&#8220;breadcrumb&#8220;][vc_column][\/vc_column][\/vc_row][vc_row el_class=&#8220;texto_legal bloque&#8220; css=&#8220;.vc_custom_1568796243304{margin-top: 40px !important;}&#8220;][vc_column width=&#8220;1\/4&#8243;][\/vc_column][vc_column width=&#8220;1\/2&#8243;][vc_column_text]<\/p>\n<h1>Datenschutzbestimmungen<\/h1>\n<p>[\/vc_column_text][\/vc_column][vc_column width=&#8220;1\/4&#8243;][\/vc_column][\/vc_row][vc_row][vc_column width=&#8220;1\/4&#8243;][\/vc_column][vc_column width=&#8220;1\/2&#8243;][vc_column_text]Bei CIFRE CERAMICA SL legen wir Wert auf Datenschutz und Transparenz.<\/p>\n<p>Im Folgenden geben wir die von uns durchgef\u00fchrten Verarbeitungen personenbezogener Daten sowie alle damit zusammenh\u00e4ngenden Informationen im Detail an.<\/p>\n<p>&nbsp;<\/p>\n<p>Vollst\u00e4ndige Informationen zum Datenschutz<\/p>\n<p>wer ist f\u00fcr die Verarbeitung Ihrer Daten verantwortlich?<\/p>\n<p>CIFRE CERAMICA SL<\/p>\n<p>ES B12284634<\/p>\n<p>Ctra. Villarreal &#8211; Onda,\u00a0 KM 10.<\/p>\n<p>CP. 12200 &#8211; Onda, Castell\u00f3n de la Plana<\/p>\n<p>Spain<\/p>\n<p>+34 964 50 69 69<\/p>\n<p><a href=\"mailto:rgpd@grupoargenta.com\">rgpd@grupoargenta.com<\/a><\/p>\n<p><strong>zu welchem Zweck verarbeiten wir Ihre personenbezogenen Daten?<\/strong><\/p>\n<p>Bei CIFRE CERAMICA SL werden die von den Interessenten zur Verf\u00fcgung gestellten Daten verarbeitet, um die administrative, kommerzielle oder professionelle Verwaltung gem\u00e4\u00df der erhaltenen Zustimmung durchzuf\u00fchren.<\/p>\n<p><strong>wie lange werden wir Ihre Daten aufbewahren?<\/strong><\/p>\n<p>Die Daten werden unter Beachtung der geltenden gesetzlichen Bestimmungen, insbesondere des Steuer-, Handels- und Arbeitsrechts, solange aufbewahrt, wie das Vertragsverh\u00e4ltnis besteht oder der Betroffene sich nicht gegen die Verarbeitung der Daten ausspricht. In jedem Fall werden diese Daten mindestens f\u00fcr die ersten zwei Jahre aufbewahrt, sowie f\u00fcr die Jahre, die notwendig sind, um den gesetzlichen Verpflichtungen nachzukommen und um eventuelle Verbindlichkeiten zu ermitteln, die entstehen k\u00f6nnten.<\/p>\n<p><strong>was ist die Legitimation f\u00fcr die Behandlung Ihrer Daten?<\/strong><\/p>\n<p>CIFRE CERAMICA SL ist legitimiert, personenbezogene Daten auf der Grundlage der Erf\u00fcllung eines Vertrages und der vom Betroffenen durch Unterzeichnung oder Annahme der Formulare oder Vertr\u00e4ge erteilten Zustimmung f\u00fcr einen oder mehrere bestimmte Zwecke zu verarbeiten, wie in Artikel 6.1 a) der Allgemeinen Verordnung zum Schutz personenbezogener Daten angegeben. Um sich als Nutzer auf den digitalen Plattformen von CIFRE CERAMICA SL zu registrieren, ist die Manifestation der Vollj\u00e4hrigkeit der Nutzer erforderlich, da diese f\u00fcr Minderj\u00e4hrige eingeschr\u00e4nkt ist, so dass Sie mit Ihrer Registrierung manifestieren und garantieren, dass Sie vollj\u00e4hrig sind. In jedem Fall entbindet sich CIFRE CERAMICA SL von der Verarbeitung der Daten von Minderj\u00e4hrigen, die ohne die Zustimmung der Eltern oder Erziehungsberechtigten erfolgt. Unter Beachtung der in den Artikeln 8 der RGPD und 13 der RDLOPD festgelegten Bestimmungen k\u00f6nnen nur Personen \u00fcber 14 Jahren ihre Zustimmung zur Behandlung ihrer pers\u00f6nlichen Daten auf rechtm\u00e4\u00dfige Weise geben. Bei Minderj\u00e4hrigen unter 14 Jahren ist f\u00fcr die Verarbeitung die Zustimmung der Erziehungsberechtigten erforderlich, die nur insoweit als rechtm\u00e4\u00dfig angesehen wird, als sie die Verarbeitung genehmigt haben.<\/p>\n<p><strong>an welche Empf\u00e4nger werden Ihre Daten weitergegeben?<\/strong><\/p>\n<p>Pers\u00f6nliche Daten werden nicht an Dritte weitergegeben oder mitgeteilt, au\u00dfer in den F\u00e4llen, die f\u00fcr die Entwicklung, Kontrolle und Erf\u00fcllung der angegebenen Zwecke notwendig sind, in den gesetzlich vorgesehenen F\u00e4llen. In jedem Fall k\u00f6nnen die Daten an die folgenden Empf\u00e4nger \u00fcbermittelt werden:<\/p>\n<p>&#8211; Steuerbeh\u00f6rde, zum Zwecke der Erf\u00fcllung der steuerlichen Pflichten.<\/p>\n<p>&#8211; Finanzinstitute, um die entsprechenden Zahlungen zu leisten.<\/p>\n<p>&#8211; Private Einrichtungen, die buchhalterische, steuerliche, juristische usw. Arbeiten ausf\u00fchren, die notwendig sind, um den gesetzlichen Verpflichtungen nachzukommen und eine optimale Erbringung der angeforderten Dienstleistung zu gew\u00e4hrleisten.<\/p>\n<p>&#8211; \u00d6ffentliche Verwaltungen mit Zust\u00e4ndigkeit in dieser Angelegenheit.<\/p>\n<p><strong>Daten\u00fcbertragung in Drittl\u00e4nder<\/strong><\/p>\n<p>Eine \u00dcbermittlung von Daten in Drittstaaten ist nicht vorgesehen. F\u00fcr den Fall, dass der Datenverantwortliche beabsichtigt, personenbezogene Daten an ein Drittland oder eine internationale Organisation zu \u00fcbermitteln, wird der Nutzer zum Zeitpunkt der Erhebung der personenbezogenen Daten \u00fcber das Drittland oder die internationale Organisation, an die die Daten \u00fcbermittelt werden sollen, sowie \u00fcber das Vorliegen oder Nichtvorliegen eines Angemessenheitsbeschlusses der Kommission informiert.<\/p>\n<p><strong>welche Rechte haben Sie, wenn Sie uns Ihre Daten zur Verf\u00fcgung stellen?<\/strong><\/p>\n<p>Die betroffene Person hat in jedem Fall die M\u00f6glichkeit, die ihr zustehenden Rechte gem\u00e4\u00df der Datenschutz-Grundverordnung auszu\u00fcben:<\/p>\n<p><strong>Zugriffsrecht:<\/strong> Dies ist das Recht des Nutzers, eine Best\u00e4tigung dar\u00fcber zu erhalten, ob CIFRE CERAMICA SL, seine pers\u00f6nlichen Daten verarbeitet oder nicht, und, falls dies der Fall ist, Informationen \u00fcber seine spezifischen pers\u00f6nlichen Daten und die Verarbeitung zu erhalten, die CIFRE CERAMICA SL, durchgef\u00fchrt hat oder durchf\u00fchren wird, sowie, unter anderem, die verf\u00fcgbaren Informationen \u00fcber die Herkunft dieser Daten und die Empf\u00e4nger der geplanten Mitteilungen derselben.<\/p>\n<p><strong>Recht auf Berichtigung:<\/strong> Dies ist das Recht des Nutzers, seine personenbezogenen Daten, die sich unter Ber\u00fccksichtigung der Zwecke der Verarbeitung als unrichtig erweisen, unvollst\u00e4ndig zu berichtigen.<\/p>\n<p><strong>Rechte auf L\u00f6schung (&#8222;das Recht auf Vergessenwerden&#8220;):<\/strong> Dies ist das Recht des Nutzers, sofern das geltende Recht nichts anderes vorsieht, die L\u00f6schung seiner personenbezogenen Daten zu erwirken, wenn diese f\u00fcr die Zwecke, f\u00fcr die sie erhoben oder verarbeitet wurden, nicht mehr erforderlich sind; der Nutzer seine Einwilligung zur Verarbeitung widerrufen hat und die Verarbeitung keine andere Rechtsgrundlage hat; der Nutzer widerspricht der Verarbeitung und es gibt keinen anderen legitimen Grund, die Verarbeitung fortzusetzen; die personenbezogenen Daten wurden unrechtm\u00e4\u00dfig verarbeitet; die personenbezogenen Daten m\u00fcssen in \u00dcbereinstimmung mit einer gesetzlichen Verpflichtung gel\u00f6scht werden; oder die personenbezogenen Daten wurden als Ergebnis eines direkten Angebots von Diensten der Informationsgesellschaft an ein Kind unter 14 Jahren erhalten. Zus\u00e4tzlich zur L\u00f6schung trifft der f\u00fcr die Verarbeitung Verantwortliche unter Ber\u00fccksichtigung der verf\u00fcgbaren Technologie und der Implementierungskosten angemessene Ma\u00dfnahmen, um die f\u00fcr die Datenverarbeitung Verantwortlichen \u00fcber das Verlangen der betroffenen Person nach L\u00f6schung aller Verkn\u00fcpfungen mit diesen personenbezogenen Daten zu informieren.<\/p>\n<p><strong>Recht auf Einschr\u00e4nkung der Verarbeitung:<\/strong> Dies ist das Recht des Benutzers, die Verarbeitung seiner personenbezogenen Daten einzuschr\u00e4nken. Der Benutzer hat das Recht, die Einschr\u00e4nkung der Verarbeitung zu erwirken, wenn er die Richtigkeit seiner personenbezogenen Daten bestreitet; die Verarbeitung unrechtm\u00e4\u00dfig ist; der Verantwortliche diese Daten nicht mehr ben\u00f6tigt, der Benutzer sie aber zur Geltendmachung von Anspr\u00fcchen ben\u00f6tigt; und wenn der Benutzer der Verarbeitung widersprochen hat.<\/p>\n<p><strong>Recht auf Daten\u00fcbertragbarkeit:<\/strong> Im Falle einer automatisierten Verarbeitung hat der Nutzer das Recht, von dem f\u00fcr die Verarbeitung Verantwortlichen seine personenbezogenen Daten in einem strukturierten, g\u00e4ngigen und maschinenlesbaren Format zu erhalten und sie einem anderen f\u00fcr die Verarbeitung Verantwortlichen zu \u00fcbermitteln. Soweit technisch machbar, \u00fcbermittelt der f\u00fcr die Verarbeitung Verantwortliche die Daten direkt an diesen anderen f\u00fcr die Verarbeitung Verantwortlichen.<\/p>\n<p><strong>Recht auf Widerspruch:<\/strong> Dies ist das Recht des Nutzers, die Verarbeitung seiner pers\u00f6nlichen Daten zu verweigern oder die Verarbeitung dieser Daten durch CIFRE CERAMICA SL zu beenden.<\/p>\n<p><strong>Recht, keiner Entscheidung unterworfen zu werden, die ausschlie\u00dflich auf einer automatisierten Verarbeitung, einschlie\u00dflich Profiling, beruht:<\/strong> Dies ist das Recht des Nutzers, keiner individualisierten Entscheidung unterworfen zu werden, die ausschlie\u00dflich auf einer automatisierten Verarbeitung seiner personenbezogenen Daten, einschlie\u00dflich Profiling, beruht, es sei denn, die geltende Gesetzgebung sieht etwas anderes vor.<\/p>\n<p><strong>Sie k\u00f6nnen Ihre materiellen Rechte wie folgt aus\u00fcben:<\/strong> Die betroffene Person kann sich zur Aus\u00fcbung ihrer Rechte auf Auskunft, Berichtigung, L\u00f6schung, \u00dcbertragbarkeit und Einschr\u00e4nkung oder Widerspruch gegen die Verarbeitung an<a href=\"mailto:rgpd@grupoargenta.com\"> rgpd@grupoargenta.com<\/a> wenden.<\/p>\n<p>Bei der Versendung von kommerzieller Kommunikation auf der Rechtsgrundlage des berechtigten Interesses des Datenverantwortlichen kann die betroffene Person der Verarbeitung ihrer Daten zu diesem Zweck widersprechen.<\/p>\n<p>Wenn Sie Ihre Einwilligung f\u00fcr einen bestimmten Zweck erteilt haben, haben Sie das Recht, die erteilte Einwilligung jederzeit zu widerrufen, ohne dass die Rechtm\u00e4\u00dfigkeit der aufgrund der Einwilligung bis zum Widerruf erfolgten Verarbeitung ber\u00fchrt wird.<\/p>\n<p>Falls Sie sich in Ihren Rechten bez\u00fcglich des Schutzes Ihrer pers\u00f6nlichen Daten verletzt f\u00fchlen, insbesondere wenn Sie bei der Aus\u00fcbung Ihrer Rechte keine Genugtuung erhalten haben, k\u00f6nnen Sie eine Beschwerde bei der zust\u00e4ndigen Datenschutzaufsichtsbeh\u00f6rde \u00fcber deren Website einreichen: <a href=\"http:\/\/www.agpd.es\">www.agpd.es<\/a>.<\/p>\n<p><strong>wie haben wir Ihre Daten erhalten?<\/strong><\/p>\n<p>Die pers\u00f6nlichen Daten, die wir in CIFRE CERAMICA SL verarbeiten, stammen von: Die betroffene Person selbst.<\/p>\n<p>Die Kategorien der verarbeiteten Daten sind:<\/p>\n<p>&#8211; Daten zur Identifizierung.<\/p>\n<p>&#8211; Post- und E-Mail-Adressen.<\/p>\n<p>&#8211; Kommerzielle Informationen.<\/p>\n<p>&#8211; Bankdaten (Kreditkarten, Kontonummern, etc.).<\/p>\n<p><strong>\u00c4nderungen unserer Datenschutz- und Datensicherheitspolitik.<\/strong><\/p>\n<p>CIFRE CERAMICA SL beh\u00e4lt sich das Recht vor, diese Politik zu \u00e4ndern, um sie an neue Gesetze, juristische Kriterien, Praktiken des Sektors oder Interessen des Unternehmens anzupassen. Bitte \u00fcberpr\u00fcfen Sie diesen Abschnitt regelm\u00e4\u00dfig, um zu erfahren, welche \u00c4nderungen vorgenommen wurden und wie diese Sie betreffen k\u00f6nnen.<\/p>\n<p>Bei Fragen zu unserer Datenschutzpolitik wenden Sie sich bitte an das Unternehmen unter der in Abschnitt eins angegebenen Adresse. Wir werden Ihnen gerne weiterhelfen und Ihre Fragen beantworten.<\/p>\n<p><strong>Gesetz \u00fcber die Dienste der Informationsgesellschaft und den elektronischen Handel (LSSI).<\/strong><\/p>\n<p>Gem\u00e4\u00df dem Gesetz 34\/2002 vom 11. Juli \u00fcber die Dienstleistungen der Informationsgesellschaft und den elektronischen Handel verpflichtet sich CIFRE CERAMICA SL, keine Werbung \u00fcber elektronische Post zu versenden, ohne vorher die ausdr\u00fcckliche Genehmigung des Empf\u00e4ngers eingeholt zu haben. Der Benutzer kann der Zusendung von Werbung widersprechen, indem er das entsprechende K\u00e4stchen ankreuzt.<\/p>\n<p><strong>Cookies<\/strong><\/p>\n<p>Unsere Website verwendet Cookies. Weitere Informationen zu Cookies finden Sie in <a href=\"https:\/\/cifreceramica.com\/de\/cookie-richtlinie-ue\/\">unserer Cookie-Erkl\u00e4rung<\/a>. Wir haben eine Datenverarbeitungsvereinbarung mit Google. Google darf diese Daten nicht f\u00fcr andere Google-Dienste verwenden.<\/p>\n<p><strong>Sicherheit<\/strong><\/p>\n<p>Wir verpflichten uns zur Sicherheit von personenbezogenen Daten. Wir ergreifen angemessene Sicherheitsma\u00dfnahmen, um Missbrauch und unbefugten Zugriff auf personenbezogene Daten einzuschr\u00e4nken. Damit ist sichergestellt, dass nur notwendige Personen Zugriff auf Ihre Daten haben, der Zugang zu den Daten gesch\u00fctzt ist und unsere Sicherheitsma\u00dfnahmen regelm\u00e4\u00dfig \u00fcberpr\u00fcft werden.<\/p>\n<p><strong>Websites von Drittanbietern<\/strong><\/p>\n<p>Diese Datenschutzerkl\u00e4rung gilt nicht f\u00fcr Websites von Dritten, die mit unserer Website verlinkt sind. Wir k\u00f6nnen nicht garantieren, dass diese Dritten Ihre pers\u00f6nlichen Daten zuverl\u00e4ssig oder sicher behandeln. Wir empfehlen Ihnen, die Datenschutzerkl\u00e4rungen dieser Websites zu lesen, bevor Sie sie nutzen.[\/vc_column_text][\/vc_column][vc_column width=&#8220;1\/4&#8243;][\/vc_column][\/vc_row]<\/p>\n","protected":false},"excerpt":{"rendered":"<p>[vc_row full_width=&#8220;stretch_row_content&#8220; el_class=&#8220;breadcrumb&#8220;][vc_column][\/vc_column][\/vc_row][vc_row el_class=&#8220;texto_legal bloque&#8220; css=&#8220;.vc_custom_1568796243304{margin-top: 40px !important;}&#8220;][vc_column width=&#8220;1\/4&#8243;][\/vc_column][vc_column width=&#8220;1\/2&#8243;][vc_column_text] Datenschutzbestimmungen [\/vc_column_text][\/vc_column][vc_column width=&#8220;1\/4&#8243;][\/vc_column][\/vc_row][vc_row][vc_column width=&#8220;1\/4&#8243;][\/vc_column][vc_column width=&#8220;1\/2&#8243;][vc_column_text]Bei CIFRE CERAMICA SL legen wir Wert auf Datenschutz und Transparenz. Im Folgenden geben wir die von uns durchgef\u00fchrten Verarbeitungen personenbezogener Daten sowie alle damit zusammenh\u00e4ngenden Informationen im Detail an. &nbsp; Vollst\u00e4ndige Informationen zum Datenschutz wer ist f\u00fcr die Verarbeitung Ihrer [&hellip;]<\/p>\n","protected":false},"author":1,"featured_media":0,"parent":0,"menu_order":0,"comment_status":"closed","ping_status":"closed","template":"","meta":{"footnotes":""},"class_list":["post-1390","page","type-page","status-publish","hentry"],"yoast_head":"<!-- This site is optimized with the Yoast SEO plugin v27.3 - https:\/\/yoast.com\/product\/yoast-seo-wordpress\/ -->\n<title>Datenschutzbestimmungen - CIFRE CER\u00c1MICA<\/title>\n<meta name=\"robots\" content=\"index, nofollow, max-snippet:-1, max-image-preview:large, max-video-preview:-1\" \/>\n<link rel=\"canonical\" href=\"https:\/\/cifreceramica.com\/de\/politica-privacidad\/\" \/>\n<meta property=\"og:locale\" content=\"de_DE\" \/>\n<meta property=\"og:type\" content=\"article\" \/>\n<meta property=\"og:title\" content=\"Datenschutzbestimmungen - CIFRE CER\u00c1MICA\" \/>\n<meta property=\"og:description\" content=\"[vc_row full_width=&#8220;stretch_row_content&#8220; el_class=&#8220;breadcrumb&#8220;][vc_column][\/vc_column][\/vc_row][vc_row el_class=&#8220;texto_legal bloque&#8220; css=&#8220;.vc_custom_1568796243304{margin-top: 40px !important;}&#8220;][vc_column width=&#8220;1\/4&#8243;][\/vc_column][vc_column width=&#8220;1\/2&#8243;][vc_column_text] Datenschutzbestimmungen [\/vc_column_text][\/vc_column][vc_column width=&#8220;1\/4&#8243;][\/vc_column][\/vc_row][vc_row][vc_column width=&#8220;1\/4&#8243;][\/vc_column][vc_column width=&#8220;1\/2&#8243;][vc_column_text]Bei CIFRE CERAMICA SL legen wir Wert auf Datenschutz und Transparenz. Im Folgenden geben wir die von uns durchgef\u00fchrten Verarbeitungen personenbezogener Daten sowie alle damit zusammenh\u00e4ngenden Informationen im Detail an. &nbsp; Vollst\u00e4ndige Informationen zum Datenschutz wer ist f\u00fcr die Verarbeitung Ihrer [&hellip;]\" \/>\n<meta property=\"og:url\" content=\"https:\/\/cifreceramica.com\/de\/politica-privacidad\/\" \/>\n<meta property=\"og:site_name\" content=\"CIFRE CER\u00c1MICA\" \/>\n<meta property=\"article:publisher\" content=\"https:\/\/www.facebook.com\/Cifreceramica\/\" \/>\n<meta property=\"article:modified_time\" content=\"2025-01-15T15:24:16+00:00\" \/>\n<meta name=\"twitter:card\" content=\"summary_large_image\" \/>\n<meta name=\"twitter:site\" content=\"@cifreceramica\" \/>\n<meta name=\"twitter:label1\" content=\"Gesch\u00e4tzte Lesezeit\" \/>\n\t<meta name=\"twitter:data1\" content=\"7\u00a0Minuten\" \/>\n<script type=\"application\/ld+json\" class=\"yoast-schema-graph\">{\"@context\":\"https:\\\/\\\/schema.org\",\"@graph\":[{\"@type\":\"WebPage\",\"@id\":\"https:\\\/\\\/cifreceramica.com\\\/de\\\/politica-privacidad\\\/\",\"url\":\"https:\\\/\\\/cifreceramica.com\\\/de\\\/politica-privacidad\\\/\",\"name\":\"Datenschutzbestimmungen - CIFRE CER\u00c1MICA\",\"isPartOf\":{\"@id\":\"https:\\\/\\\/cifreceramica.com\\\/#website\"},\"datePublished\":\"2019-02-28T14:03:30+00:00\",\"dateModified\":\"2025-01-15T15:24:16+00:00\",\"breadcrumb\":{\"@id\":\"https:\\\/\\\/cifreceramica.com\\\/de\\\/politica-privacidad\\\/#breadcrumb\"},\"inLanguage\":\"de\",\"potentialAction\":[{\"@type\":\"ReadAction\",\"target\":[\"https:\\\/\\\/cifreceramica.com\\\/de\\\/politica-privacidad\\\/\"]}]},{\"@type\":\"BreadcrumbList\",\"@id\":\"https:\\\/\\\/cifreceramica.com\\\/de\\\/politica-privacidad\\\/#breadcrumb\",\"itemListElement\":[{\"@type\":\"ListItem\",\"position\":1,\"name\":\"Portada\",\"item\":\"https:\\\/\\\/cifreceramica.com\\\/de\\\/\"},{\"@type\":\"ListItem\",\"position\":2,\"name\":\"Datenschutzbestimmungen\"}]},{\"@type\":\"WebSite\",\"@id\":\"https:\\\/\\\/cifreceramica.com\\\/#website\",\"url\":\"https:\\\/\\\/cifreceramica.com\\\/\",\"name\":\"CIFRE CER\u00c1MICA\",\"description\":\"Azulejo, cer\u00e1mica, decoraci\u00f3n, pavimento, revestimiento\",\"publisher\":{\"@id\":\"https:\\\/\\\/cifreceramica.com\\\/#organization\"},\"potentialAction\":[{\"@type\":\"SearchAction\",\"target\":{\"@type\":\"EntryPoint\",\"urlTemplate\":\"https:\\\/\\\/cifreceramica.com\\\/?s={search_term_string}\"},\"query-input\":{\"@type\":\"PropertyValueSpecification\",\"valueRequired\":true,\"valueName\":\"search_term_string\"}}],\"inLanguage\":\"de\"},{\"@type\":\"Organization\",\"@id\":\"https:\\\/\\\/cifreceramica.com\\\/#organization\",\"name\":\"CIFRE CERAMICA SL.\",\"url\":\"https:\\\/\\\/cifreceramica.com\\\/\",\"logo\":{\"@type\":\"ImageObject\",\"inLanguage\":\"de\",\"@id\":\"https:\\\/\\\/cifreceramica.com\\\/#\\\/schema\\\/logo\\\/image\\\/\",\"url\":\"https:\\\/\\\/cifreceramica.com\\\/wp-content\\\/uploads\\\/2020\\\/03\\\/logo-cifre.jpg\",\"contentUrl\":\"https:\\\/\\\/cifreceramica.com\\\/wp-content\\\/uploads\\\/2020\\\/03\\\/logo-cifre.jpg\",\"width\":648,\"height\":320,\"caption\":\"CIFRE CERAMICA SL.\"},\"image\":{\"@id\":\"https:\\\/\\\/cifreceramica.com\\\/#\\\/schema\\\/logo\\\/image\\\/\"},\"sameAs\":[\"https:\\\/\\\/www.facebook.com\\\/Cifreceramica\\\/\",\"https:\\\/\\\/x.com\\\/cifreceramica\",\"https:\\\/\\\/www.instagram.com\\\/cifreceramica\\\/\",\"https:\\\/\\\/www.linkedin.com\\\/cifreceramica\",\"https:\\\/\\\/www.pinterest.es\\\/CifreReport\\\/_created\\\/\",\"https:\\\/\\\/www.youtube.com\\\/channel\\\/UC6T43U-C68ZKx58s-QVY0Eg\"]}]}<\/script>\n<!-- \/ Yoast SEO plugin. -->","yoast_head_json":{"title":"Datenschutzbestimmungen - CIFRE CER\u00c1MICA","robots":{"index":"index","follow":"nofollow","max-snippet":"max-snippet:-1","max-image-preview":"max-image-preview:large","max-video-preview":"max-video-preview:-1"},"canonical":"https:\/\/cifreceramica.com\/de\/politica-privacidad\/","og_locale":"de_DE","og_type":"article","og_title":"Datenschutzbestimmungen - CIFRE CER\u00c1MICA","og_description":"[vc_row full_width=&#8220;stretch_row_content&#8220; el_class=&#8220;breadcrumb&#8220;][vc_column][\/vc_column][\/vc_row][vc_row el_class=&#8220;texto_legal bloque&#8220; css=&#8220;.vc_custom_1568796243304{margin-top: 40px !important;}&#8220;][vc_column width=&#8220;1\/4&#8243;][\/vc_column][vc_column width=&#8220;1\/2&#8243;][vc_column_text] Datenschutzbestimmungen [\/vc_column_text][\/vc_column][vc_column width=&#8220;1\/4&#8243;][\/vc_column][\/vc_row][vc_row][vc_column width=&#8220;1\/4&#8243;][\/vc_column][vc_column width=&#8220;1\/2&#8243;][vc_column_text]Bei CIFRE CERAMICA SL legen wir Wert auf Datenschutz und Transparenz. Im Folgenden geben wir die von uns durchgef\u00fchrten Verarbeitungen personenbezogener Daten sowie alle damit zusammenh\u00e4ngenden Informationen im Detail an. &nbsp; Vollst\u00e4ndige Informationen zum Datenschutz wer ist f\u00fcr die Verarbeitung Ihrer [&hellip;]","og_url":"https:\/\/cifreceramica.com\/de\/politica-privacidad\/","og_site_name":"CIFRE CER\u00c1MICA","article_publisher":"https:\/\/www.facebook.com\/Cifreceramica\/","article_modified_time":"2025-01-15T15:24:16+00:00","twitter_card":"summary_large_image","twitter_site":"@cifreceramica","twitter_misc":{"Gesch\u00e4tzte Lesezeit":"7\u00a0Minuten"},"schema":{"@context":"https:\/\/schema.org","@graph":[{"@type":"WebPage","@id":"https:\/\/cifreceramica.com\/de\/politica-privacidad\/","url":"https:\/\/cifreceramica.com\/de\/politica-privacidad\/","name":"Datenschutzbestimmungen - CIFRE CER\u00c1MICA","isPartOf":{"@id":"https:\/\/cifreceramica.com\/#website"},"datePublished":"2019-02-28T14:03:30+00:00","dateModified":"2025-01-15T15:24:16+00:00","breadcrumb":{"@id":"https:\/\/cifreceramica.com\/de\/politica-privacidad\/#breadcrumb"},"inLanguage":"de","potentialAction":[{"@type":"ReadAction","target":["https:\/\/cifreceramica.com\/de\/politica-privacidad\/"]}]},{"@type":"BreadcrumbList","@id":"https:\/\/cifreceramica.com\/de\/politica-privacidad\/#breadcrumb","itemListElement":[{"@type":"ListItem","position":1,"name":"Portada","item":"https:\/\/cifreceramica.com\/de\/"},{"@type":"ListItem","position":2,"name":"Datenschutzbestimmungen"}]},{"@type":"WebSite","@id":"https:\/\/cifreceramica.com\/#website","url":"https:\/\/cifreceramica.com\/","name":"CIFRE CER\u00c1MICA","description":"Azulejo, cer\u00e1mica, decoraci\u00f3n, pavimento, revestimiento","publisher":{"@id":"https:\/\/cifreceramica.com\/#organization"},"potentialAction":[{"@type":"SearchAction","target":{"@type":"EntryPoint","urlTemplate":"https:\/\/cifreceramica.com\/?s={search_term_string}"},"query-input":{"@type":"PropertyValueSpecification","valueRequired":true,"valueName":"search_term_string"}}],"inLanguage":"de"},{"@type":"Organization","@id":"https:\/\/cifreceramica.com\/#organization","name":"CIFRE CERAMICA SL.","url":"https:\/\/cifreceramica.com\/","logo":{"@type":"ImageObject","inLanguage":"de","@id":"https:\/\/cifreceramica.com\/#\/schema\/logo\/image\/","url":"https:\/\/cifreceramica.com\/wp-content\/uploads\/2020\/03\/logo-cifre.jpg","contentUrl":"https:\/\/cifreceramica.com\/wp-content\/uploads\/2020\/03\/logo-cifre.jpg","width":648,"height":320,"caption":"CIFRE CERAMICA SL."},"image":{"@id":"https:\/\/cifreceramica.com\/#\/schema\/logo\/image\/"},"sameAs":["https:\/\/www.facebook.com\/Cifreceramica\/","https:\/\/x.com\/cifreceramica","https:\/\/www.instagram.com\/cifreceramica\/","https:\/\/www.linkedin.com\/cifreceramica","https:\/\/www.pinterest.es\/CifreReport\/_created\/","https:\/\/www.youtube.com\/channel\/UC6T43U-C68ZKx58s-QVY0Eg"]}]}},"_links":{"self":[{"href":"https:\/\/cifreceramica.com\/de\/wp-json\/wp\/v2\/pages\/1390","targetHints":{"allow":["GET"]}}],"collection":[{"href":"https:\/\/cifreceramica.com\/de\/wp-json\/wp\/v2\/pages"}],"about":[{"href":"https:\/\/cifreceramica.com\/de\/wp-json\/wp\/v2\/types\/page"}],"author":[{"embeddable":true,"href":"https:\/\/cifreceramica.com\/de\/wp-json\/wp\/v2\/users\/1"}],"replies":[{"embeddable":true,"href":"https:\/\/cifreceramica.com\/de\/wp-json\/wp\/v2\/comments?post=1390"}],"version-history":[{"count":14,"href":"https:\/\/cifreceramica.com\/de\/wp-json\/wp\/v2\/pages\/1390\/revisions"}],"predecessor-version":[{"id":12375,"href":"https:\/\/cifreceramica.com\/de\/wp-json\/wp\/v2\/pages\/1390\/revisions\/12375"}],"wp:attachment":[{"href":"https:\/\/cifreceramica.com\/de\/wp-json\/wp\/v2\/media?parent=1390"}],"curies":[{"name":"wp","href":"https:\/\/api.w.org\/{rel}","templated":true}]}}