{"id":13631,"date":"2025-12-18T15:00:51","date_gmt":"2025-12-18T14:00:51","guid":{"rendered":"https:\/\/cifreceramica.com\/?page_id=13631"},"modified":"2025-12-18T15:00:51","modified_gmt":"2025-12-18T14:00:51","slug":"allgemeine-geschaeftsbedingungen","status":"publish","type":"page","link":"https:\/\/cifreceramica.com\/de\/allgemeine-geschaeftsbedingungen\/","title":{"rendered":"ALLGEMEINE GESCH\u00c4FTSBEDINGUNGEN"},"content":{"rendered":"<p>[vc_row full_width=&#8220;stretch_row_content&#8220; el_class=&#8220;breadcrumb&#8220;][vc_column][\/vc_column][\/vc_row][vc_row el_class=&#8220;titulares_top_new filosofia&#8220; css=&#8220;.vc_custom_1766058635251{margin-bottom: 20px !important;}&#8220;][vc_column][vc_column_text]<\/p>\n<h1 style=\"text-align: center;\">ALLGEMEINE GESCH\u00c4FTSBEDINGUNGEN.<\/h1>\n<p>[\/vc_column_text][\/vc_column][\/vc_row][vc_row][vc_column width=&#8220;1\/2&#8243;][vc_column_text]<strong>1.<\/strong> Die folgenden Allgemeinen Gesch\u00e4ftsbedingungen regeln den Kaufvertrag zwischen Cifre Ceramica S.L. als Verk\u00e4ufer und dem Kunden als K\u00e4ufer, der auf der Vorderseite dieses Dokuments dokumentiert ist.<br \/>\nJede \u00c4nderung dieser Allgemeinen Gesch\u00e4ftsbedingungen muss schriftlich mit ausdr\u00fccklicher Zustimmung von Cifre Ceramica S.L. erfolgen.<\/p>\n<p><strong>2.<\/strong> Die Annahme der vom K\u00e4ufer eingegangenen Bestellungen durch Cifre Ceramica S.L. gilt als erfolgt, wenn sie schriftlich best\u00e4tigt oder die bestellte Ware geliefert oder zur Verf\u00fcgung gestellt wird.<br \/>\nMit der Aufgabe einer Bestellung akzeptiert der K\u00e4ufer diese Allgemeinen Gesch\u00e4ftsbedingungen.<\/p>\n<p><strong>3.<\/strong> Der Versand der Ware erfolgt durch Cifre Ceramica S.L., die f\u00fcr die Lieferung zust\u00e4ndig ist. Als Bestimmungsort gilt die Anschrift des K\u00e4ufers, sofern nicht anders angegeben. Die Verpflichtungen der Parteien in Bezug auf die Lieferung der Waren (\u00dcbergang der Verantwortung, Versicherungskosten, Zollformalit\u00e4ten usw.) ergeben sich aus den auf der Vorderseite dieses Dokuments vereinbarten besonderen Bedingungen (INCOTERMS 2010).<\/p>\n<p><strong>4.<\/strong> Das Verladen und der Versand der Ware an den K\u00e4ufer setzt voraus, dass Cifre Ceramica S.L. die Ware vor dem Verladen \u00fcberpr\u00fcft hat und dass sie sich in dem vereinbarten Zustand befindet, ohne M\u00e4ngel oder Fehlmengen.<\/p>\n<p><strong>5.<\/strong> Nach Erhalt der Ware ist der K\u00e4ufer verpflichtet, diese unverz\u00fcglich auf M\u00e4ngel oder Fehler zu \u00fcberpr\u00fcfen. \u00c4u\u00dfere oder sichtbare M\u00e4ngel m\u00fcssen Cifre Ceramica S.L. innerhalb von vierzehn (14) Tagen nach Erhalt der Ware schriftlich gemeldet werden. Bei versteckten M\u00e4ngeln betr\u00e4gt die Reklamationsfrist drei\u00dfig (30) Tage ab Erhalt der Ware. Wenn der K\u00e4ufer innerhalb der festgelegten Fristen keine M\u00e4ngel meldet, gilt die Ware als konform. Der K\u00e4ufer einer mangelhaften Ware kann, sofern er die M\u00e4ngelr\u00fcge fristgerecht geltend gemacht hat, zwischen folgenden M\u00f6glichkeiten der Nachbesserung w\u00e4hlen: 1) Lieferung neuer Ware gegen R\u00fcckgabe der mangelhaften Ware; 2) R\u00fcckerstattung des Kaufpreises gegen R\u00fcckgabe der mangelhaften Ware. Die R\u00fcckgabe der beanstandeten Ware muss in der Originalverpackung und in einwandfreiem Zustand erfolgen. Die Annahme der R\u00fccksendung durch Cifre Ceramica S.L. bedeutet keine Anerkennung der Beanstandung wegen M\u00e4ngeln oder Fehlern.<\/p>\n<p><strong>6.<\/strong> Cifre Ceramica S.L. \u00fcbernimmt keine Verantwortung f\u00fcr die industriellen Folgen, die sich aus der Anwendung seiner Produkte ergeben. Daher m\u00fcssen die Kunden von Cifre Ceramica S.L. vor der Verwendung vorbeugende Tests durchf\u00fchren.<\/p>\n<p><strong>7.<\/strong> Bei M\u00e4ngeln in der von Cifre Ceramica S.L. gelieferten Menge hat der K\u00e4ufer lediglich das Recht, die nicht gelieferte Menge zu reklamieren.<\/p>\n<p><strong>8.<\/strong> Cifre Ceramica S.L. hat das Recht, alle vom K\u00e4ufer geschuldeten Betr\u00e4ge mit allen an den K\u00e4ufer zu zahlenden Betr\u00e4gen zu verrechnen.[\/vc_column_text][\/vc_column][vc_column width=&#8220;1\/2&#8243;][vc_column_text]<strong>9.<\/strong> Bei Nichteinhaltung der Zahlungsbedingungen und\/oder R\u00fcckgabe der verhandelten Waren gehen die Kosten f\u00fcr die R\u00fccksendung sowie die gegebenenfalls anfallenden Verwaltungs- und Rechtskosten, einschlie\u00dflich der Anwalts- und Gerichtskosten, zu Lasten des K\u00e4ufers.<\/p>\n<p><strong>10.<\/strong> Bei Zahlungsverzug des K\u00e4ufers sowie bei Pf\u00e4ndung seines Verm\u00f6gens oder bei einer wesentlichen Verschlechterung seiner Lage. Cifre Ceramica S.L. ist berechtigt, die sofortige Zahlung des Rechnungsbetrags zu verlangen und alle ausstehenden Lieferungen und Leistungen zur\u00fcckzuhalten und die Lieferung von Waren \u2013 auch wenn der K\u00e4ufer nicht mehr in Verzug ist \u2013 von der Vorauszahlung und Barzahlung derselben abh\u00e4ngig zu machen sowie eine entsprechende Entsch\u00e4digung zu verlangen.<\/p>\n<p><strong>11.<\/strong> Die von Cifre Ceramica S.L. gelieferten Waren unterliegen einer Eigentumsvorbehaltsklausel. Das Eigentum an der Ware geht erst dann auf den K\u00e4ufer \u00fcber, wenn diese vollst\u00e4ndig bezahlt ist.<br \/>\nDer Eigentumsvorbehalt zugunsten von Cifre Ceramica S.L. erstreckt sich auf neue oder bereits verarbeitete Produkte und bleibt von einem Weiterverkauf der Ware oder der sp\u00e4ter hergestellten Produkte unber\u00fchrt.<\/p>\n<p><strong>12.<\/strong> Die Parteien unterwerfen die sich aus dem Kauf und der Lieferung von Waren ergebenden Beziehungen den Bestimmungen der spanischen Gesetzgebung, insbesondere in Bezug auf diese Allgemeinen Verkaufsbedingungen.<\/p>\n<p><strong>13<\/strong>. Sollte eine der Klauseln dieser Allgemeinen Gesch\u00e4ftsbedingungen ganz oder teilweise f\u00fcr ung\u00fcltig oder nichtig erkl\u00e4rt werden, wird sie durch eine neue, g\u00fcltige Klausel ersetzt, die dem rechtlichen und wirtschaftlichen Zweck der ersetzten Klausel so nahe wie m\u00f6glich kommt.<br \/>\nDie \u00fcbrigen Klauseln bleiben in Kraft und weiterhin g\u00fcltig.<\/p>\n<p><strong>14.<\/strong> Die Parteien verzichten ausdr\u00fccklich auf ihren eigenen Gerichtsstand, unterwerfen sich den Gerichten von Castell\u00f3n, um alle Streitigkeiten, Konflikte oder Anspr\u00fcche zu kl\u00e4ren, die im Zusammenhang mit der zwischen den Parteien durch den Kauf und die Lieferung der Ware entstandenen Gesch\u00e4ftsbeziehung entstehen, insbesondere diejenigen, die in diesen Allgemeinen Verkaufsbedingungen vorgesehen sind, einschlie\u00dflich Streitigkeiten \u00fcber deren Entstehung, Rechtsg\u00fcltigkeit, \u00c4nderung oder Beendigung.<\/p>\n<p><strong>15.<\/strong> In \u00dcbereinstimmung mit der Verordnung (EU) 2016\/679 des Europ\u00e4ischen Parlaments und des Rates vom 27. April 2016 zum Schutz nat\u00fcrlicher Personen bei der Verarbeitung personenbezogener Daten und zum freien Datenverkehr werden die vom K\u00e4ufer bereitgestellten personenbezogenen Daten Teil einer Datenverarbeitung, f\u00fcr die Cifre Ceramica S.L. verantwortlich ist und deren Zweck die Verwaltung der kundenbezogenen Daten ist. Verwaltung Ihrer Bestellungen, Lieferscheine, Rechnungen, Ihrer finanziellen Situation und Ihrer Transaktionshistorie. Cifre Ceramica S.L. verarbeitet die bereitgestellten Daten gem\u00e4\u00df den Datenschutzverpflichtungen, die durch die geltende Gesetzgebung auferlegt werden. Sie k\u00f6nnen jederzeit Ihre Rechte auf Zugang, Berichtigung, L\u00f6schung, Einschr\u00e4nkung der Verarbeitung, \u00dcbertragbarkeit und Widerspruch durch einen Antrag an Cifre Ceramica S.L. aus\u00fcben sowie Ihre Einwilligung jederzeit widerrufen, ohne dass dies die Rechtm\u00e4\u00dfigkeit der Verarbeitung auf der Grundlage der vor dem Widerruf erteilten Einwilligung beeintr\u00e4chtigt, und Ihr Recht auf Beschwerde bei einer Aufsichtsbeh\u00f6rde aus\u00fcben.[\/vc_column_text][\/vc_column][\/vc_row][vc_row el_class=&#8220;btn_descargar_feria&#8220;][vc_column][vc_column_text el_class=&#8220;descargar_cat_feria izq&#8220;]<\/p>\n<p style=\"text-align: center;\"><a href=\"https:\/\/cifreceramica.com\/wp-content\/uploads\/2025\/12\/condiciones-de-venta_2026_GER.pdf\">Bedingungen herunterladen<\/a><\/p>\n<p>[\/vc_column_text][\/vc_column][\/vc_row]<\/p>\n","protected":false},"excerpt":{"rendered":"<p>[vc_row full_width=&#8220;stretch_row_content&#8220; el_class=&#8220;breadcrumb&#8220;][vc_column][\/vc_column][\/vc_row][vc_row el_class=&#8220;titulares_top_new filosofia&#8220; css=&#8220;.vc_custom_1766058635251{margin-bottom: 20px !important;}&#8220;][vc_column][vc_column_text] ALLGEMEINE GESCH\u00c4FTSBEDINGUNGEN. [\/vc_column_text][\/vc_column][\/vc_row][vc_row][vc_column width=&#8220;1\/2&#8243;][vc_column_text]1. Die folgenden Allgemeinen Gesch\u00e4ftsbedingungen regeln den Kaufvertrag zwischen Cifre Ceramica S.L. als Verk\u00e4ufer und dem Kunden als K\u00e4ufer, der auf der Vorderseite dieses Dokuments dokumentiert ist. Jede \u00c4nderung dieser Allgemeinen Gesch\u00e4ftsbedingungen muss schriftlich mit ausdr\u00fccklicher Zustimmung von Cifre Ceramica S.L. erfolgen. 2. Die [&hellip;]<\/p>\n","protected":false},"author":3,"featured_media":0,"parent":0,"menu_order":0,"comment_status":"closed","ping_status":"closed","template":"","meta":{"footnotes":""},"class_list":["post-13631","page","type-page","status-publish","hentry"],"yoast_head":"<!-- This site is optimized with the Yoast SEO plugin v27.3 - https:\/\/yoast.com\/product\/yoast-seo-wordpress\/ -->\n<title>ALLGEMEINE GESCH\u00c4FTSBEDINGUNGEN - CIFRE CER\u00c1MICA<\/title>\n<meta name=\"robots\" content=\"index, follow, max-snippet:-1, max-image-preview:large, max-video-preview:-1\" \/>\n<link rel=\"canonical\" href=\"https:\/\/cifreceramica.com\/de\/allgemeine-geschaeftsbedingungen\/\" \/>\n<meta property=\"og:locale\" content=\"de_DE\" \/>\n<meta property=\"og:type\" content=\"article\" \/>\n<meta property=\"og:title\" content=\"ALLGEMEINE GESCH\u00c4FTSBEDINGUNGEN - CIFRE CER\u00c1MICA\" \/>\n<meta property=\"og:description\" content=\"[vc_row full_width=&#8220;stretch_row_content&#8220; el_class=&#8220;breadcrumb&#8220;][vc_column][\/vc_column][\/vc_row][vc_row el_class=&#8220;titulares_top_new filosofia&#8220; css=&#8220;.vc_custom_1766058635251{margin-bottom: 20px !important;}&#8220;][vc_column][vc_column_text] ALLGEMEINE GESCH\u00c4FTSBEDINGUNGEN. [\/vc_column_text][\/vc_column][\/vc_row][vc_row][vc_column width=&#8220;1\/2&#8243;][vc_column_text]1. Die folgenden Allgemeinen Gesch\u00e4ftsbedingungen regeln den Kaufvertrag zwischen Cifre Ceramica S.L. als Verk\u00e4ufer und dem Kunden als K\u00e4ufer, der auf der Vorderseite dieses Dokuments dokumentiert ist. Jede \u00c4nderung dieser Allgemeinen Gesch\u00e4ftsbedingungen muss schriftlich mit ausdr\u00fccklicher Zustimmung von Cifre Ceramica S.L. erfolgen. 2. Die [&hellip;]\" \/>\n<meta property=\"og:url\" content=\"https:\/\/cifreceramica.com\/de\/allgemeine-geschaeftsbedingungen\/\" \/>\n<meta property=\"og:site_name\" content=\"CIFRE CER\u00c1MICA\" \/>\n<meta property=\"article:publisher\" content=\"https:\/\/www.facebook.com\/Cifreceramica\/\" \/>\n<meta name=\"twitter:card\" content=\"summary_large_image\" \/>\n<meta name=\"twitter:site\" content=\"@cifreceramica\" \/>\n<meta name=\"twitter:label1\" content=\"Gesch\u00e4tzte Lesezeit\" \/>\n\t<meta name=\"twitter:data1\" content=\"4\u00a0Minuten\" \/>\n<script type=\"application\/ld+json\" class=\"yoast-schema-graph\">{\"@context\":\"https:\\\/\\\/schema.org\",\"@graph\":[{\"@type\":\"WebPage\",\"@id\":\"https:\\\/\\\/cifreceramica.com\\\/de\\\/allgemeine-geschaeftsbedingungen\\\/\",\"url\":\"https:\\\/\\\/cifreceramica.com\\\/de\\\/allgemeine-geschaeftsbedingungen\\\/\",\"name\":\"ALLGEMEINE GESCH\u00c4FTSBEDINGUNGEN - CIFRE CER\u00c1MICA\",\"isPartOf\":{\"@id\":\"https:\\\/\\\/cifreceramica.com\\\/#website\"},\"datePublished\":\"2025-12-18T14:00:51+00:00\",\"breadcrumb\":{\"@id\":\"https:\\\/\\\/cifreceramica.com\\\/de\\\/allgemeine-geschaeftsbedingungen\\\/#breadcrumb\"},\"inLanguage\":\"de\",\"potentialAction\":[{\"@type\":\"ReadAction\",\"target\":[\"https:\\\/\\\/cifreceramica.com\\\/de\\\/allgemeine-geschaeftsbedingungen\\\/\"]}]},{\"@type\":\"BreadcrumbList\",\"@id\":\"https:\\\/\\\/cifreceramica.com\\\/de\\\/allgemeine-geschaeftsbedingungen\\\/#breadcrumb\",\"itemListElement\":[{\"@type\":\"ListItem\",\"position\":1,\"name\":\"Portada\",\"item\":\"https:\\\/\\\/cifreceramica.com\\\/de\\\/\"},{\"@type\":\"ListItem\",\"position\":2,\"name\":\"ALLGEMEINE GESCH\u00c4FTSBEDINGUNGEN\"}]},{\"@type\":\"WebSite\",\"@id\":\"https:\\\/\\\/cifreceramica.com\\\/#website\",\"url\":\"https:\\\/\\\/cifreceramica.com\\\/\",\"name\":\"CIFRE CER\u00c1MICA\",\"description\":\"Azulejo, cer\u00e1mica, decoraci\u00f3n, pavimento, revestimiento\",\"publisher\":{\"@id\":\"https:\\\/\\\/cifreceramica.com\\\/#organization\"},\"potentialAction\":[{\"@type\":\"SearchAction\",\"target\":{\"@type\":\"EntryPoint\",\"urlTemplate\":\"https:\\\/\\\/cifreceramica.com\\\/?s={search_term_string}\"},\"query-input\":{\"@type\":\"PropertyValueSpecification\",\"valueRequired\":true,\"valueName\":\"search_term_string\"}}],\"inLanguage\":\"de\"},{\"@type\":\"Organization\",\"@id\":\"https:\\\/\\\/cifreceramica.com\\\/#organization\",\"name\":\"CIFRE CERAMICA SL.\",\"url\":\"https:\\\/\\\/cifreceramica.com\\\/\",\"logo\":{\"@type\":\"ImageObject\",\"inLanguage\":\"de\",\"@id\":\"https:\\\/\\\/cifreceramica.com\\\/#\\\/schema\\\/logo\\\/image\\\/\",\"url\":\"https:\\\/\\\/cifreceramica.com\\\/wp-content\\\/uploads\\\/2020\\\/03\\\/logo-cifre.jpg\",\"contentUrl\":\"https:\\\/\\\/cifreceramica.com\\\/wp-content\\\/uploads\\\/2020\\\/03\\\/logo-cifre.jpg\",\"width\":648,\"height\":320,\"caption\":\"CIFRE CERAMICA SL.\"},\"image\":{\"@id\":\"https:\\\/\\\/cifreceramica.com\\\/#\\\/schema\\\/logo\\\/image\\\/\"},\"sameAs\":[\"https:\\\/\\\/www.facebook.com\\\/Cifreceramica\\\/\",\"https:\\\/\\\/x.com\\\/cifreceramica\",\"https:\\\/\\\/www.instagram.com\\\/cifreceramica\\\/\",\"https:\\\/\\\/www.linkedin.com\\\/cifreceramica\",\"https:\\\/\\\/www.pinterest.es\\\/CifreReport\\\/_created\\\/\",\"https:\\\/\\\/www.youtube.com\\\/channel\\\/UC6T43U-C68ZKx58s-QVY0Eg\"]}]}<\/script>\n<!-- \/ Yoast SEO plugin. -->","yoast_head_json":{"title":"ALLGEMEINE GESCH\u00c4FTSBEDINGUNGEN - CIFRE CER\u00c1MICA","robots":{"index":"index","follow":"follow","max-snippet":"max-snippet:-1","max-image-preview":"max-image-preview:large","max-video-preview":"max-video-preview:-1"},"canonical":"https:\/\/cifreceramica.com\/de\/allgemeine-geschaeftsbedingungen\/","og_locale":"de_DE","og_type":"article","og_title":"ALLGEMEINE GESCH\u00c4FTSBEDINGUNGEN - CIFRE CER\u00c1MICA","og_description":"[vc_row full_width=&#8220;stretch_row_content&#8220; el_class=&#8220;breadcrumb&#8220;][vc_column][\/vc_column][\/vc_row][vc_row el_class=&#8220;titulares_top_new filosofia&#8220; css=&#8220;.vc_custom_1766058635251{margin-bottom: 20px !important;}&#8220;][vc_column][vc_column_text] ALLGEMEINE GESCH\u00c4FTSBEDINGUNGEN. [\/vc_column_text][\/vc_column][\/vc_row][vc_row][vc_column width=&#8220;1\/2&#8243;][vc_column_text]1. Die folgenden Allgemeinen Gesch\u00e4ftsbedingungen regeln den Kaufvertrag zwischen Cifre Ceramica S.L. als Verk\u00e4ufer und dem Kunden als K\u00e4ufer, der auf der Vorderseite dieses Dokuments dokumentiert ist. Jede \u00c4nderung dieser Allgemeinen Gesch\u00e4ftsbedingungen muss schriftlich mit ausdr\u00fccklicher Zustimmung von Cifre Ceramica S.L. erfolgen. 2. Die [&hellip;]","og_url":"https:\/\/cifreceramica.com\/de\/allgemeine-geschaeftsbedingungen\/","og_site_name":"CIFRE CER\u00c1MICA","article_publisher":"https:\/\/www.facebook.com\/Cifreceramica\/","twitter_card":"summary_large_image","twitter_site":"@cifreceramica","twitter_misc":{"Gesch\u00e4tzte Lesezeit":"4\u00a0Minuten"},"schema":{"@context":"https:\/\/schema.org","@graph":[{"@type":"WebPage","@id":"https:\/\/cifreceramica.com\/de\/allgemeine-geschaeftsbedingungen\/","url":"https:\/\/cifreceramica.com\/de\/allgemeine-geschaeftsbedingungen\/","name":"ALLGEMEINE GESCH\u00c4FTSBEDINGUNGEN - CIFRE CER\u00c1MICA","isPartOf":{"@id":"https:\/\/cifreceramica.com\/#website"},"datePublished":"2025-12-18T14:00:51+00:00","breadcrumb":{"@id":"https:\/\/cifreceramica.com\/de\/allgemeine-geschaeftsbedingungen\/#breadcrumb"},"inLanguage":"de","potentialAction":[{"@type":"ReadAction","target":["https:\/\/cifreceramica.com\/de\/allgemeine-geschaeftsbedingungen\/"]}]},{"@type":"BreadcrumbList","@id":"https:\/\/cifreceramica.com\/de\/allgemeine-geschaeftsbedingungen\/#breadcrumb","itemListElement":[{"@type":"ListItem","position":1,"name":"Portada","item":"https:\/\/cifreceramica.com\/de\/"},{"@type":"ListItem","position":2,"name":"ALLGEMEINE GESCH\u00c4FTSBEDINGUNGEN"}]},{"@type":"WebSite","@id":"https:\/\/cifreceramica.com\/#website","url":"https:\/\/cifreceramica.com\/","name":"CIFRE CER\u00c1MICA","description":"Azulejo, cer\u00e1mica, decoraci\u00f3n, pavimento, revestimiento","publisher":{"@id":"https:\/\/cifreceramica.com\/#organization"},"potentialAction":[{"@type":"SearchAction","target":{"@type":"EntryPoint","urlTemplate":"https:\/\/cifreceramica.com\/?s={search_term_string}"},"query-input":{"@type":"PropertyValueSpecification","valueRequired":true,"valueName":"search_term_string"}}],"inLanguage":"de"},{"@type":"Organization","@id":"https:\/\/cifreceramica.com\/#organization","name":"CIFRE CERAMICA SL.","url":"https:\/\/cifreceramica.com\/","logo":{"@type":"ImageObject","inLanguage":"de","@id":"https:\/\/cifreceramica.com\/#\/schema\/logo\/image\/","url":"https:\/\/cifreceramica.com\/wp-content\/uploads\/2020\/03\/logo-cifre.jpg","contentUrl":"https:\/\/cifreceramica.com\/wp-content\/uploads\/2020\/03\/logo-cifre.jpg","width":648,"height":320,"caption":"CIFRE CERAMICA SL."},"image":{"@id":"https:\/\/cifreceramica.com\/#\/schema\/logo\/image\/"},"sameAs":["https:\/\/www.facebook.com\/Cifreceramica\/","https:\/\/x.com\/cifreceramica","https:\/\/www.instagram.com\/cifreceramica\/","https:\/\/www.linkedin.com\/cifreceramica","https:\/\/www.pinterest.es\/CifreReport\/_created\/","https:\/\/www.youtube.com\/channel\/UC6T43U-C68ZKx58s-QVY0Eg"]}]}},"_links":{"self":[{"href":"https:\/\/cifreceramica.com\/de\/wp-json\/wp\/v2\/pages\/13631","targetHints":{"allow":["GET"]}}],"collection":[{"href":"https:\/\/cifreceramica.com\/de\/wp-json\/wp\/v2\/pages"}],"about":[{"href":"https:\/\/cifreceramica.com\/de\/wp-json\/wp\/v2\/types\/page"}],"author":[{"embeddable":true,"href":"https:\/\/cifreceramica.com\/de\/wp-json\/wp\/v2\/users\/3"}],"replies":[{"embeddable":true,"href":"https:\/\/cifreceramica.com\/de\/wp-json\/wp\/v2\/comments?post=13631"}],"version-history":[{"count":1,"href":"https:\/\/cifreceramica.com\/de\/wp-json\/wp\/v2\/pages\/13631\/revisions"}],"predecessor-version":[{"id":13632,"href":"https:\/\/cifreceramica.com\/de\/wp-json\/wp\/v2\/pages\/13631\/revisions\/13632"}],"wp:attachment":[{"href":"https:\/\/cifreceramica.com\/de\/wp-json\/wp\/v2\/media?parent=13631"}],"curies":[{"name":"wp","href":"https:\/\/api.w.org\/{rel}","templated":true}]}}