{"id":13259,"date":"2025-10-29T15:53:56","date_gmt":"2025-10-29T14:53:56","guid":{"rendered":"https:\/\/cifreceramica.com\/?page_id=13259"},"modified":"2025-10-30T09:41:09","modified_gmt":"2025-10-30T08:41:09","slug":"stand-cersaie-2025","status":"publish","type":"page","link":"https:\/\/cifreceramica.com\/de\/stand-cersaie-2025\/","title":{"rendered":"Stand Cersaie 2025"},"content":{"rendered":"<p>[vc_row full_width=&#8220;stretch_row_content&#8220; el_class=&#8220;breadcrumb&#8220;][vc_column][\/vc_column][\/vc_row][vc_row full_width=&#8220;stretch_row_content&#8220; css=&#8220;.vc_custom_1761746186476{margin-top: 40px !important;}&#8220;][vc_column width=&#8220;1\/4&#8243;][\/vc_column][vc_column width=&#8220;1\/2&#8243;][vc_single_image image=&#8220;11831&#8243; img_size=&#8220;full&#8220; alignment=&#8220;center&#8220;][vc_column_text]<\/p>\n<h1 style=\"text-align: center;\">Cersaie 2025 \u00b7 Innovation, Material und Form.<\/h1>\n<p style=\"text-align: center;\">Ein Raum, in dem Design zur Geltung kommt, Texturen inspirieren und jede Oberfl\u00e4che die Art und Weise neu definiert, wie wir unsere Umgebung erleben.<\/p>\n<p>[\/vc_column_text][\/vc_column][vc_column width=&#8220;1\/4&#8243;][\/vc_column][\/vc_row][vc_row css=&#8220;.vc_custom_1761745882291{margin-bottom: 40px !important;}&#8220;][vc_column][vc_single_image image=&#8220;13241&#8243; img_size=&#8220;full&#8220; alignment=&#8220;center&#8220;][\/vc_column][\/vc_row][vc_row css=&#8220;.vc_custom_1761749068280{margin-bottom: 40px !important;}&#8220;][vc_column width=&#8220;1\/4&#8243;][\/vc_column][vc_column width=&#8220;1\/4&#8243;][vc_single_image image=&#8220;13010&#8243; img_size=&#8220;full&#8220;][\/vc_column][vc_column width=&#8220;1\/4&#8243;][vc_column_text]<strong>&#8222;Shaping the Space&#8220;<\/strong><\/p>\n<p><b>Cifre Cer\u00e1mica<\/b> pr\u00e4sentierte einen Raum, der sein Engagement f\u00fcr <b>Innovation, Design und zeitgen\u00f6ssische Architektur<\/b> widerspiegelte. Ein Stand, der inspirieren sollte und auf dem jede Kollektion <b>durch Materialien, Licht und Ausgewogenheit zum Leben erweckt wurde<\/b>. Ein Treffpunkt f\u00fcr <b>Kreativit\u00e4t, Technik und Zukunftsvisionen<\/b>.[\/vc_column_text][\/vc_column][vc_column width=&#8220;1\/4&#8243;][\/vc_column][\/vc_row][vc_row css=&#8220;.vc_custom_1761747024822{margin-bottom: 40px !important;}&#8220;][vc_column width=&#8220;1\/4&#8243;][vc_column_text]In diesem Jahr ist der Stand von <b>Kumo<\/b> inspiriert, der Wolke, die den Raum pr\u00e4gt und Leichtigkeit, Ver\u00e4nderung und Harmonie symbolisiert. Ein Vorschlag, der Keramik als lebendiges Material interpretiert, das sich anpassen und zeitgen\u00f6ssische Umgebungen verwandeln kann. Durch \u00e4therische Volumen, flie\u00dfende Geometrien und eine einh\u00fcllende Atmosph\u00e4re dr\u00fcckt der Raum die F\u00e4higkeit des Materials aus, sich zu entwickeln, Verbindungen herzustellen und neue architektonische Erfahrungen zu schaffen.[\/vc_column_text][\/vc_column][vc_column width=&#8220;1\/4&#8243;][vc_single_image image=&#8220;13035&#8243; img_size=&#8220;full&#8220;][\/vc_column][vc_column width=&#8220;1\/4&#8243;][vc_single_image image=&#8220;13073&#8243; img_size=&#8220;full&#8220;][\/vc_column][vc_column width=&#8220;1\/4&#8243;][vc_single_image image=&#8220;13030&#8243; img_size=&#8220;full&#8220;][\/vc_column][\/vc_row][vc_row css=&#8220;.vc_custom_1761747030386{margin-bottom: 40px !important;}&#8220;][vc_column width=&#8220;1\/4&#8243;][vc_single_image image=&#8220;13064&#8243; img_size=&#8220;full&#8220;][\/vc_column][vc_column width=&#8220;1\/4&#8243;][vc_single_image image=&#8220;13060&#8243; img_size=&#8220;full&#8220;][\/vc_column][vc_column width=&#8220;1\/4&#8243;][vc_single_image image=&#8220;13056&#8243; img_size=&#8220;full&#8220;][\/vc_column][vc_column width=&#8220;1\/4&#8243;][vc_column_text]Auf der Messe <b>Cersaie 2025<\/b> <b>haben wir zwei Ausstellungsbereiche<\/b> pr\u00e4sentiert: einen, der unseren <b>neuen Produkten in Gro\u00dfformaten und architektonischen Oberfl\u00e4chen<\/b> gewidmet war und damit unsere Rolle als Referenzmarke in Sachen <b>Innovation und Design f\u00fcr hochwertige Projekte<\/b> unterstreicht, und der andere war <b>Brick&amp;More<\/b> gewidmet, der Marke der Gruppe, mit der wir <b>kleinformatige Keramikfliesen<\/b> vermarkten, ein Segment, das sich in einer Phase kreativen Aufschwungs befindet und eine eigene, sich st\u00e4ndig weiterentwickelnde Identit\u00e4t hat.[\/vc_column_text][\/vc_column][\/vc_row][vc_row css=&#8220;.vc_custom_1761747024822{margin-bottom: 40px !important;}&#8220;][vc_column width=&#8220;1\/4&#8243;][vc_column_text]Der Vorschlag <b>basierte auf einer doppelten Strategie<\/b>: einem einzigen konzeptionellen Universum, das <b>sich in zwei sich erg\u00e4nzenden R\u00e4umen manifestierte<\/b>. Diese Entscheidung <b>bedeutete keine Trennung<\/b>, sondern <b>eine konzeptionelle L\u00f6sung, die darauf abzielte, Keramik in ihrer ganzen Bandbreite zu erkunden<\/b> und dem Besucher <b>einen umfassenden \u00dcberblick \u00fcber die verschiedenen Ebenen des Designs<\/b> zu bieten, von <b>der architektonischen Struktur bis hin zu den ausdrucksst\u00e4rksten Details<\/b>.[\/vc_column_text][\/vc_column][vc_column width=&#8220;1\/4&#8243;][vc_single_image image=&#8220;13178&#8243; img_size=&#8220;full&#8220;][\/vc_column][vc_column width=&#8220;1\/4&#8243;][vc_single_image image=&#8220;13182&#8243; img_size=&#8220;full&#8220;][\/vc_column][vc_column width=&#8220;1\/4&#8243;][vc_single_image image=&#8220;13214&#8243; img_size=&#8220;full&#8220;][\/vc_column][\/vc_row][vc_row][vc_column width=&#8220;1\/4&#8243;][\/vc_column][vc_column width=&#8220;1\/2&#8243;][vc_gallery interval=&#8220;5&#8243; images=&#8220;13081,13085,13089,13093,13097,13101,13105,13109,13113,13117,13121,13125,13129,13133,13137,13141,13145,13149,13153,13157,13064,13069,13073,13077,13162,13166,13170,13174,13178,13182,13186,13190,13194,13198,13202,13206,13210,13214,13218,13222,13226,13230,13234&#8243; img_size=&#8220;large&#8220; onclick=&#8220;img_link_large&#8220; custom_links_target=&#8220;_blank&#8220;][\/vc_column][vc_column width=&#8220;1\/4&#8243;][\/vc_column][\/vc_row]<\/p>\n","protected":false},"excerpt":{"rendered":"<p>[vc_row full_width=&#8220;stretch_row_content&#8220; el_class=&#8220;breadcrumb&#8220;][vc_column][\/vc_column][\/vc_row][vc_row full_width=&#8220;stretch_row_content&#8220; css=&#8220;.vc_custom_1761746186476{margin-top: 40px !important;}&#8220;][vc_column width=&#8220;1\/4&#8243;][\/vc_column][vc_column width=&#8220;1\/2&#8243;][vc_single_image image=&#8220;11831&#8243; img_size=&#8220;full&#8220; alignment=&#8220;center&#8220;][vc_column_text] Cersaie 2025 \u00b7 Innovation, Material und Form. Ein Raum, in dem Design zur Geltung kommt, Texturen inspirieren und jede Oberfl\u00e4che die Art und Weise neu definiert, wie wir unsere Umgebung erleben. [\/vc_column_text][\/vc_column][vc_column width=&#8220;1\/4&#8243;][\/vc_column][\/vc_row][vc_row css=&#8220;.vc_custom_1761745882291{margin-bottom: 40px !important;}&#8220;][vc_column][vc_single_image image=&#8220;13241&#8243; img_size=&#8220;full&#8220; alignment=&#8220;center&#8220;][\/vc_column][\/vc_row][vc_row css=&#8220;.vc_custom_1761749068280{margin-bottom: 40px !important;}&#8220;][vc_column width=&#8220;1\/4&#8243;][\/vc_column][vc_column [&hellip;]<\/p>\n","protected":false},"author":3,"featured_media":0,"parent":0,"menu_order":0,"comment_status":"closed","ping_status":"closed","template":"","meta":{"footnotes":""},"class_list":["post-13259","page","type-page","status-publish","hentry"],"yoast_head":"<!-- This site is optimized with the Yoast SEO plugin v27.3 - https:\/\/yoast.com\/product\/yoast-seo-wordpress\/ -->\n<title>Stand Cersaie 2025 - CIFRE CER\u00c1MICA<\/title>\n<meta name=\"robots\" content=\"index, follow, max-snippet:-1, max-image-preview:large, max-video-preview:-1\" \/>\n<link rel=\"canonical\" href=\"https:\/\/cifreceramica.com\/de\/stand-cersaie-2025\/\" \/>\n<meta property=\"og:locale\" content=\"de_DE\" \/>\n<meta property=\"og:type\" content=\"article\" \/>\n<meta property=\"og:title\" content=\"Stand Cersaie 2025 - CIFRE CER\u00c1MICA\" \/>\n<meta property=\"og:description\" content=\"[vc_row full_width=&#8220;stretch_row_content&#8220; el_class=&#8220;breadcrumb&#8220;][vc_column][\/vc_column][\/vc_row][vc_row full_width=&#8220;stretch_row_content&#8220; css=&#8220;.vc_custom_1761746186476{margin-top: 40px !important;}&#8220;][vc_column width=&#8220;1\/4&#8243;][\/vc_column][vc_column width=&#8220;1\/2&#8243;][vc_single_image image=&#8220;11831&#8243; img_size=&#8220;full&#8220; alignment=&#8220;center&#8220;][vc_column_text] Cersaie 2025 \u00b7 Innovation, Material und Form. Ein Raum, in dem Design zur Geltung kommt, Texturen inspirieren und jede Oberfl\u00e4che die Art und Weise neu definiert, wie wir unsere Umgebung erleben. [\/vc_column_text][\/vc_column][vc_column width=&#8220;1\/4&#8243;][\/vc_column][\/vc_row][vc_row css=&#8220;.vc_custom_1761745882291{margin-bottom: 40px !important;}&#8220;][vc_column][vc_single_image image=&#8220;13241&#8243; img_size=&#8220;full&#8220; alignment=&#8220;center&#8220;][\/vc_column][\/vc_row][vc_row css=&#8220;.vc_custom_1761749068280{margin-bottom: 40px !important;}&#8220;][vc_column width=&#8220;1\/4&#8243;][\/vc_column][vc_column [&hellip;]\" \/>\n<meta property=\"og:url\" content=\"https:\/\/cifreceramica.com\/de\/stand-cersaie-2025\/\" \/>\n<meta property=\"og:site_name\" content=\"CIFRE CER\u00c1MICA\" \/>\n<meta property=\"article:publisher\" content=\"https:\/\/www.facebook.com\/Cifreceramica\/\" \/>\n<meta property=\"article:modified_time\" content=\"2025-10-30T08:41:09+00:00\" \/>\n<meta name=\"twitter:card\" content=\"summary_large_image\" \/>\n<meta name=\"twitter:site\" content=\"@cifreceramica\" \/>\n<meta name=\"twitter:label1\" content=\"Gesch\u00e4tzte Lesezeit\" \/>\n\t<meta name=\"twitter:data1\" content=\"13\u00a0Minuten\" \/>\n<script type=\"application\/ld+json\" class=\"yoast-schema-graph\">{\"@context\":\"https:\\\/\\\/schema.org\",\"@graph\":[{\"@type\":\"WebPage\",\"@id\":\"https:\\\/\\\/cifreceramica.com\\\/de\\\/stand-cersaie-2025\\\/\",\"url\":\"https:\\\/\\\/cifreceramica.com\\\/de\\\/stand-cersaie-2025\\\/\",\"name\":\"Stand Cersaie 2025 - CIFRE CER\u00c1MICA\",\"isPartOf\":{\"@id\":\"https:\\\/\\\/cifreceramica.com\\\/#website\"},\"datePublished\":\"2025-10-29T14:53:56+00:00\",\"dateModified\":\"2025-10-30T08:41:09+00:00\",\"breadcrumb\":{\"@id\":\"https:\\\/\\\/cifreceramica.com\\\/de\\\/stand-cersaie-2025\\\/#breadcrumb\"},\"inLanguage\":\"de\",\"potentialAction\":[{\"@type\":\"ReadAction\",\"target\":[\"https:\\\/\\\/cifreceramica.com\\\/de\\\/stand-cersaie-2025\\\/\"]}]},{\"@type\":\"BreadcrumbList\",\"@id\":\"https:\\\/\\\/cifreceramica.com\\\/de\\\/stand-cersaie-2025\\\/#breadcrumb\",\"itemListElement\":[{\"@type\":\"ListItem\",\"position\":1,\"name\":\"Portada\",\"item\":\"https:\\\/\\\/cifreceramica.com\\\/de\\\/\"},{\"@type\":\"ListItem\",\"position\":2,\"name\":\"Stand Cersaie 2025\"}]},{\"@type\":\"WebSite\",\"@id\":\"https:\\\/\\\/cifreceramica.com\\\/#website\",\"url\":\"https:\\\/\\\/cifreceramica.com\\\/\",\"name\":\"CIFRE CER\u00c1MICA\",\"description\":\"Azulejo, cer\u00e1mica, decoraci\u00f3n, pavimento, revestimiento\",\"publisher\":{\"@id\":\"https:\\\/\\\/cifreceramica.com\\\/#organization\"},\"potentialAction\":[{\"@type\":\"SearchAction\",\"target\":{\"@type\":\"EntryPoint\",\"urlTemplate\":\"https:\\\/\\\/cifreceramica.com\\\/?s={search_term_string}\"},\"query-input\":{\"@type\":\"PropertyValueSpecification\",\"valueRequired\":true,\"valueName\":\"search_term_string\"}}],\"inLanguage\":\"de\"},{\"@type\":\"Organization\",\"@id\":\"https:\\\/\\\/cifreceramica.com\\\/#organization\",\"name\":\"CIFRE CERAMICA SL.\",\"url\":\"https:\\\/\\\/cifreceramica.com\\\/\",\"logo\":{\"@type\":\"ImageObject\",\"inLanguage\":\"de\",\"@id\":\"https:\\\/\\\/cifreceramica.com\\\/#\\\/schema\\\/logo\\\/image\\\/\",\"url\":\"https:\\\/\\\/cifreceramica.com\\\/wp-content\\\/uploads\\\/2020\\\/03\\\/logo-cifre.jpg\",\"contentUrl\":\"https:\\\/\\\/cifreceramica.com\\\/wp-content\\\/uploads\\\/2020\\\/03\\\/logo-cifre.jpg\",\"width\":648,\"height\":320,\"caption\":\"CIFRE CERAMICA SL.\"},\"image\":{\"@id\":\"https:\\\/\\\/cifreceramica.com\\\/#\\\/schema\\\/logo\\\/image\\\/\"},\"sameAs\":[\"https:\\\/\\\/www.facebook.com\\\/Cifreceramica\\\/\",\"https:\\\/\\\/x.com\\\/cifreceramica\",\"https:\\\/\\\/www.instagram.com\\\/cifreceramica\\\/\",\"https:\\\/\\\/www.linkedin.com\\\/cifreceramica\",\"https:\\\/\\\/www.pinterest.es\\\/CifreReport\\\/_created\\\/\",\"https:\\\/\\\/www.youtube.com\\\/channel\\\/UC6T43U-C68ZKx58s-QVY0Eg\"]}]}<\/script>\n<!-- \/ Yoast SEO plugin. -->","yoast_head_json":{"title":"Stand Cersaie 2025 - CIFRE CER\u00c1MICA","robots":{"index":"index","follow":"follow","max-snippet":"max-snippet:-1","max-image-preview":"max-image-preview:large","max-video-preview":"max-video-preview:-1"},"canonical":"https:\/\/cifreceramica.com\/de\/stand-cersaie-2025\/","og_locale":"de_DE","og_type":"article","og_title":"Stand Cersaie 2025 - CIFRE CER\u00c1MICA","og_description":"[vc_row full_width=&#8220;stretch_row_content&#8220; el_class=&#8220;breadcrumb&#8220;][vc_column][\/vc_column][\/vc_row][vc_row full_width=&#8220;stretch_row_content&#8220; css=&#8220;.vc_custom_1761746186476{margin-top: 40px !important;}&#8220;][vc_column width=&#8220;1\/4&#8243;][\/vc_column][vc_column width=&#8220;1\/2&#8243;][vc_single_image image=&#8220;11831&#8243; img_size=&#8220;full&#8220; alignment=&#8220;center&#8220;][vc_column_text] Cersaie 2025 \u00b7 Innovation, Material und Form. Ein Raum, in dem Design zur Geltung kommt, Texturen inspirieren und jede Oberfl\u00e4che die Art und Weise neu definiert, wie wir unsere Umgebung erleben. [\/vc_column_text][\/vc_column][vc_column width=&#8220;1\/4&#8243;][\/vc_column][\/vc_row][vc_row css=&#8220;.vc_custom_1761745882291{margin-bottom: 40px !important;}&#8220;][vc_column][vc_single_image image=&#8220;13241&#8243; img_size=&#8220;full&#8220; alignment=&#8220;center&#8220;][\/vc_column][\/vc_row][vc_row css=&#8220;.vc_custom_1761749068280{margin-bottom: 40px !important;}&#8220;][vc_column width=&#8220;1\/4&#8243;][\/vc_column][vc_column [&hellip;]","og_url":"https:\/\/cifreceramica.com\/de\/stand-cersaie-2025\/","og_site_name":"CIFRE CER\u00c1MICA","article_publisher":"https:\/\/www.facebook.com\/Cifreceramica\/","article_modified_time":"2025-10-30T08:41:09+00:00","twitter_card":"summary_large_image","twitter_site":"@cifreceramica","twitter_misc":{"Gesch\u00e4tzte Lesezeit":"13\u00a0Minuten"},"schema":{"@context":"https:\/\/schema.org","@graph":[{"@type":"WebPage","@id":"https:\/\/cifreceramica.com\/de\/stand-cersaie-2025\/","url":"https:\/\/cifreceramica.com\/de\/stand-cersaie-2025\/","name":"Stand Cersaie 2025 - CIFRE CER\u00c1MICA","isPartOf":{"@id":"https:\/\/cifreceramica.com\/#website"},"datePublished":"2025-10-29T14:53:56+00:00","dateModified":"2025-10-30T08:41:09+00:00","breadcrumb":{"@id":"https:\/\/cifreceramica.com\/de\/stand-cersaie-2025\/#breadcrumb"},"inLanguage":"de","potentialAction":[{"@type":"ReadAction","target":["https:\/\/cifreceramica.com\/de\/stand-cersaie-2025\/"]}]},{"@type":"BreadcrumbList","@id":"https:\/\/cifreceramica.com\/de\/stand-cersaie-2025\/#breadcrumb","itemListElement":[{"@type":"ListItem","position":1,"name":"Portada","item":"https:\/\/cifreceramica.com\/de\/"},{"@type":"ListItem","position":2,"name":"Stand Cersaie 2025"}]},{"@type":"WebSite","@id":"https:\/\/cifreceramica.com\/#website","url":"https:\/\/cifreceramica.com\/","name":"CIFRE CER\u00c1MICA","description":"Azulejo, cer\u00e1mica, decoraci\u00f3n, pavimento, revestimiento","publisher":{"@id":"https:\/\/cifreceramica.com\/#organization"},"potentialAction":[{"@type":"SearchAction","target":{"@type":"EntryPoint","urlTemplate":"https:\/\/cifreceramica.com\/?s={search_term_string}"},"query-input":{"@type":"PropertyValueSpecification","valueRequired":true,"valueName":"search_term_string"}}],"inLanguage":"de"},{"@type":"Organization","@id":"https:\/\/cifreceramica.com\/#organization","name":"CIFRE CERAMICA SL.","url":"https:\/\/cifreceramica.com\/","logo":{"@type":"ImageObject","inLanguage":"de","@id":"https:\/\/cifreceramica.com\/#\/schema\/logo\/image\/","url":"https:\/\/cifreceramica.com\/wp-content\/uploads\/2020\/03\/logo-cifre.jpg","contentUrl":"https:\/\/cifreceramica.com\/wp-content\/uploads\/2020\/03\/logo-cifre.jpg","width":648,"height":320,"caption":"CIFRE CERAMICA SL."},"image":{"@id":"https:\/\/cifreceramica.com\/#\/schema\/logo\/image\/"},"sameAs":["https:\/\/www.facebook.com\/Cifreceramica\/","https:\/\/x.com\/cifreceramica","https:\/\/www.instagram.com\/cifreceramica\/","https:\/\/www.linkedin.com\/cifreceramica","https:\/\/www.pinterest.es\/CifreReport\/_created\/","https:\/\/www.youtube.com\/channel\/UC6T43U-C68ZKx58s-QVY0Eg"]}]}},"_links":{"self":[{"href":"https:\/\/cifreceramica.com\/de\/wp-json\/wp\/v2\/pages\/13259","targetHints":{"allow":["GET"]}}],"collection":[{"href":"https:\/\/cifreceramica.com\/de\/wp-json\/wp\/v2\/pages"}],"about":[{"href":"https:\/\/cifreceramica.com\/de\/wp-json\/wp\/v2\/types\/page"}],"author":[{"embeddable":true,"href":"https:\/\/cifreceramica.com\/de\/wp-json\/wp\/v2\/users\/3"}],"replies":[{"embeddable":true,"href":"https:\/\/cifreceramica.com\/de\/wp-json\/wp\/v2\/comments?post=13259"}],"version-history":[{"count":4,"href":"https:\/\/cifreceramica.com\/de\/wp-json\/wp\/v2\/pages\/13259\/revisions"}],"predecessor-version":[{"id":13284,"href":"https:\/\/cifreceramica.com\/de\/wp-json\/wp\/v2\/pages\/13259\/revisions\/13284"}],"wp:attachment":[{"href":"https:\/\/cifreceramica.com\/de\/wp-json\/wp\/v2\/media?parent=13259"}],"curies":[{"name":"wp","href":"https:\/\/api.w.org\/{rel}","templated":true}]}}