{"id":11992,"date":"2024-07-16T16:21:05","date_gmt":"2024-07-16T14:21:05","guid":{"rendered":"https:\/\/cifreceramica.com\/?page_id=11992"},"modified":"2024-07-16T16:58:22","modified_gmt":"2024-07-16T14:58:22","slug":"besondere-empfehlungen-fuer-die-verlegung-von-fliesen-in-faellen-in-denen-wasser-eindringt","status":"publish","type":"page","link":"https:\/\/cifreceramica.com\/de\/besondere-empfehlungen-fuer-die-verlegung-von-fliesen-in-faellen-in-denen-wasser-eindringt\/","title":{"rendered":"Besondere Empfehlungen f\u00fcr die Verlegung von Fliesen in F\u00e4llen, in denen Wasser eindringt:"},"content":{"rendered":"<p>[vc_row el_class=&#8220;breadcrumb&#8220;][vc_column][\/vc_column][\/vc_row][vc_row][vc_column width=&#8220;1\/3&#8243;][\/vc_column][vc_column width=&#8220;1\/3&#8243;][vc_column_text]<\/p>\n<h1 style=\"text-align: center;\">Besondere Empfehlungen f\u00fcr die Verlegung von<\/h1>\n<h1 style=\"text-align: center;\">Fliesen in F\u00e4llen, in denen Wasser eindringt:<\/h1>\n<p>[\/vc_column_text][\/vc_column][vc_column width=&#8220;1\/3&#8243;][\/vc_column][\/vc_row][vc_row][vc_column width=&#8220;1\/3&#8243;][\/vc_column][vc_column width=&#8220;1\/3&#8243;][vc_empty_space height=&#8220;52px&#8220;][vc_column_text]Unabh\u00e4ngig von der Art des gew\u00e4hlten keramischen Materials ist es unerl\u00e4sslich, dass die Verlegung der Fliesen mit den f\u00fcr diese Art der Anwendung geeigneten Produkten (Kleber und Fugenm\u00f6rtel) und unter Beachtung einer Reihe von Empfehlungen erfolgt, um das Eindringen von Wasser in das Innere der Fliese zu verhindern.<\/p>\n<p><strong>Kleber:<\/strong><\/p>\n<p><em>Auswahl des Produkts:<\/em><\/p>\n<p>&#8211; Bei der Wahl des Klebstoffs sollte entweder die Bezeichnung C2 oder C1 gew\u00e4hlt werden, wobei der am besten geeignete je nach den Eigenschaften des Produkts (Format und Wasseraufnahme) und der Art des Untergrunds (Ziegel, Beton, Zement, Putz usw.) zu w\u00e4hlen ist. Die Norm UNE 138002 kann als Grundlage verwendet werden.<\/p>\n<p><em>Empfehlungen:<\/em><\/p>\n<p>&#8211; Pr\u00fcfen Sie die St\u00fccke vor der Verlegung, um zu verhindern, dass sie nass werden.<\/p>\n<p>&#8211; Weichen Sie die Teile vor dem Einbau NICHT vor, um eine bessere Haftung zu erreichen.<\/p>\n<p>&#8211; Mit der vom Hersteller empfohlenen Wassermenge mischen.<\/p>\n<p>&#8211; Verwenden Sie die vom Hersteller empfohlenen Millimeter in der Klebeschicht.<\/p>\n<p><strong>Verfugung:<\/strong><\/p>\n<p>Bei dieser Art von Anwendungen, bei denen das Material w\u00e4hrend des Gebrauchs mit Wasser in Ber\u00fchrung kommt (Badezimmer, Duschen usw.), kommt der Verfugung eine besondere Bedeutung zu. Deshalb haben wir in diesem Dokument eine Reihe von wichtigen Produkten und Techniken zusammengestellt, die zu ber\u00fccksichtigen sind, damit das Wasser nicht in das Innere der Fliese eindringt und sichtbare Feuchtigkeitsflecken oder Schimmel in den Fugen verursacht.<\/p>\n<p><em>Auswahl der Produkte:<\/em><\/p>\n<p>&#8211; F\u00fcr den h\u00e4uslichen Gebrauch in feuchten R\u00e4umen verwenden wir einen verbesserten zementhaltigen Fugenm\u00f6rtel mit zus\u00e4tzlichen Eigenschaften wie schnellem Abbinden, geringer Wasseraufnahme und hoher Abriebfestigkeit CG2FWA.<\/p>\n<p>&#8211; Bei Beschichtungen, die wasser- und dampfdicht sein m\u00fcssen, werden wir einen RG-Reaktionsharzm\u00f6rtel verwenden, da diese Materialien zwei besondere Eigenschaften aufweisen: Wasser- und Dampfdichtheit.<\/p>\n<p><em>Unsere Empfehlungen:<\/em><\/p>\n<p>&#8211; Der RG-Reaktionsharzm\u00f6rtel vom Typ Epoxidharz ist in jedem Fall wasserdichter als der CG2FWA-Fugenm\u00f6rtel, aber es muss auch mehr Wasser f\u00fcr die Reinigung nach der Arbeit verwendet werden, und es k\u00f6nnte in bestimmten F\u00e4llen Probleme geben, wenn das rektifizierte Material oder die frisch geschnittenen Seiten an der Oberfl\u00e4chenkante Wasser aufnehmen.<\/p>\n<p>&#8211; Die Mischung sollte wie vom Hersteller empfohlen gemischt werden, ohne mehr oder weniger Wasser hinzuzuf\u00fcgen.<\/p>\n<p>&#8211; Die Mischung sollte gr\u00fcndlich umger\u00fchrt werden, um sicherzustellen, dass der gesamte M\u00f6rtel die gleichen Eigenschaften aufweist.<\/p>\n<p>&#8211; Die Fuge sollte bis zur vollen Tiefe mit dem Material gef\u00fcllt werden, b\u00fcndig mit der Kante des Werkst\u00fccks, und es sollte darauf geachtet werden, dass das Material gereinigt und nicht entfernt wird.<\/p>\n<p>&nbsp;<\/p>\n<p>Nachstehend finden Sie 2 von MAPEI empfohlene Fugenm\u00f6rtel. Ein Beispiel f\u00fcr jeden der Typen:[\/vc_column_text][\/vc_column][vc_column width=&#8220;1\/3&#8243;][\/vc_column][\/vc_row][vc_row][vc_column width=&#8220;1\/6&#8243;][\/vc_column][vc_column width=&#8220;1\/6&#8243;][\/vc_column][vc_column width=&#8220;1\/6&#8243;][vc_column_text]<a href=\"https:\/\/www.mapei.com\/es\/es\/productos-y-soluciones\/lista-de-productos\/detalles-del-producto\/ultracolor-plus\">ULTRACOLOR PLUS CG2FWA<\/a>[\/vc_column_text][vc_single_image image=&#8220;11974&#8243; img_size=&#8220;medium&#8220;][\/vc_column][vc_column width=&#8220;1\/6&#8243;][vc_column_text]<a href=\"https:\/\/www.mapei.com\/es\/es\/productos-y-soluciones\/lista-de-productos\/detalles-del-producto\/kerapoxy-easy-design\">KERAPOXY EASY DESIGN RG<\/a>[\/vc_column_text][vc_single_image image=&#8220;11978&#8243;][\/vc_column][vc_column width=&#8220;1\/6&#8243;][\/vc_column][vc_column width=&#8220;1\/6&#8243;][\/vc_column][\/vc_row]<\/p>\n","protected":false},"excerpt":{"rendered":"<p>[vc_row el_class=&#8220;breadcrumb&#8220;][vc_column][\/vc_column][\/vc_row][vc_row][vc_column width=&#8220;1\/3&#8243;][\/vc_column][vc_column width=&#8220;1\/3&#8243;][vc_column_text] Besondere Empfehlungen f\u00fcr die Verlegung von Fliesen in F\u00e4llen, in denen Wasser eindringt: [\/vc_column_text][\/vc_column][vc_column width=&#8220;1\/3&#8243;][\/vc_column][\/vc_row][vc_row][vc_column width=&#8220;1\/3&#8243;][\/vc_column][vc_column width=&#8220;1\/3&#8243;][vc_empty_space height=&#8220;52px&#8220;][vc_column_text]Unabh\u00e4ngig von der Art des gew\u00e4hlten keramischen Materials ist es unerl\u00e4sslich, dass die Verlegung der Fliesen mit den f\u00fcr diese Art der Anwendung geeigneten Produkten (Kleber und Fugenm\u00f6rtel) und unter Beachtung einer Reihe von [&hellip;]<\/p>\n","protected":false},"author":3,"featured_media":0,"parent":0,"menu_order":0,"comment_status":"closed","ping_status":"closed","template":"","meta":{"footnotes":""},"class_list":["post-11992","page","type-page","status-publish","hentry"],"yoast_head":"<!-- This site is optimized with the Yoast SEO plugin v27.3 - https:\/\/yoast.com\/product\/yoast-seo-wordpress\/ -->\n<title>Besondere Empfehlungen f\u00fcr die Verlegung von Fliesen in F\u00e4llen, in denen Wasser eindringt: - CIFRE CER\u00c1MICA<\/title>\n<meta name=\"robots\" content=\"index, follow, max-snippet:-1, max-image-preview:large, max-video-preview:-1\" \/>\n<link rel=\"canonical\" href=\"https:\/\/cifreceramica.com\/de\/besondere-empfehlungen-fuer-die-verlegung-von-fliesen-in-faellen-in-denen-wasser-eindringt\/\" \/>\n<meta property=\"og:locale\" content=\"de_DE\" \/>\n<meta property=\"og:type\" content=\"article\" \/>\n<meta property=\"og:title\" content=\"Besondere Empfehlungen f\u00fcr die Verlegung von Fliesen in F\u00e4llen, in denen Wasser eindringt: - CIFRE CER\u00c1MICA\" \/>\n<meta property=\"og:description\" content=\"[vc_row el_class=&#8220;breadcrumb&#8220;][vc_column][\/vc_column][\/vc_row][vc_row][vc_column width=&#8220;1\/3&#8243;][\/vc_column][vc_column width=&#8220;1\/3&#8243;][vc_column_text] Besondere Empfehlungen f\u00fcr die Verlegung von Fliesen in F\u00e4llen, in denen Wasser eindringt: [\/vc_column_text][\/vc_column][vc_column width=&#8220;1\/3&#8243;][\/vc_column][\/vc_row][vc_row][vc_column width=&#8220;1\/3&#8243;][\/vc_column][vc_column width=&#8220;1\/3&#8243;][vc_empty_space height=&#8220;52px&#8220;][vc_column_text]Unabh\u00e4ngig von der Art des gew\u00e4hlten keramischen Materials ist es unerl\u00e4sslich, dass die Verlegung der Fliesen mit den f\u00fcr diese Art der Anwendung geeigneten Produkten (Kleber und Fugenm\u00f6rtel) und unter Beachtung einer Reihe von [&hellip;]\" \/>\n<meta property=\"og:url\" content=\"https:\/\/cifreceramica.com\/de\/besondere-empfehlungen-fuer-die-verlegung-von-fliesen-in-faellen-in-denen-wasser-eindringt\/\" \/>\n<meta property=\"og:site_name\" content=\"CIFRE CER\u00c1MICA\" \/>\n<meta property=\"article:publisher\" content=\"https:\/\/www.facebook.com\/Cifreceramica\/\" \/>\n<meta property=\"article:modified_time\" content=\"2024-07-16T14:58:22+00:00\" \/>\n<meta name=\"twitter:card\" content=\"summary_large_image\" \/>\n<meta name=\"twitter:site\" content=\"@cifreceramica\" \/>\n<meta name=\"twitter:label1\" content=\"Gesch\u00e4tzte Lesezeit\" \/>\n\t<meta name=\"twitter:data1\" content=\"3\u00a0Minuten\" \/>\n<script type=\"application\/ld+json\" class=\"yoast-schema-graph\">{\"@context\":\"https:\\\/\\\/schema.org\",\"@graph\":[{\"@type\":\"WebPage\",\"@id\":\"https:\\\/\\\/cifreceramica.com\\\/de\\\/besondere-empfehlungen-fuer-die-verlegung-von-fliesen-in-faellen-in-denen-wasser-eindringt\\\/\",\"url\":\"https:\\\/\\\/cifreceramica.com\\\/de\\\/besondere-empfehlungen-fuer-die-verlegung-von-fliesen-in-faellen-in-denen-wasser-eindringt\\\/\",\"name\":\"Besondere Empfehlungen f\u00fcr die Verlegung von Fliesen in F\u00e4llen, in denen Wasser eindringt: - CIFRE CER\u00c1MICA\",\"isPartOf\":{\"@id\":\"https:\\\/\\\/cifreceramica.com\\\/#website\"},\"datePublished\":\"2024-07-16T14:21:05+00:00\",\"dateModified\":\"2024-07-16T14:58:22+00:00\",\"breadcrumb\":{\"@id\":\"https:\\\/\\\/cifreceramica.com\\\/de\\\/besondere-empfehlungen-fuer-die-verlegung-von-fliesen-in-faellen-in-denen-wasser-eindringt\\\/#breadcrumb\"},\"inLanguage\":\"de\",\"potentialAction\":[{\"@type\":\"ReadAction\",\"target\":[\"https:\\\/\\\/cifreceramica.com\\\/de\\\/besondere-empfehlungen-fuer-die-verlegung-von-fliesen-in-faellen-in-denen-wasser-eindringt\\\/\"]}]},{\"@type\":\"BreadcrumbList\",\"@id\":\"https:\\\/\\\/cifreceramica.com\\\/de\\\/besondere-empfehlungen-fuer-die-verlegung-von-fliesen-in-faellen-in-denen-wasser-eindringt\\\/#breadcrumb\",\"itemListElement\":[{\"@type\":\"ListItem\",\"position\":1,\"name\":\"Portada\",\"item\":\"https:\\\/\\\/cifreceramica.com\\\/de\\\/\"},{\"@type\":\"ListItem\",\"position\":2,\"name\":\"Besondere Empfehlungen f\u00fcr die Verlegung von Fliesen in F\u00e4llen, in denen Wasser eindringt:\"}]},{\"@type\":\"WebSite\",\"@id\":\"https:\\\/\\\/cifreceramica.com\\\/#website\",\"url\":\"https:\\\/\\\/cifreceramica.com\\\/\",\"name\":\"CIFRE CER\u00c1MICA\",\"description\":\"Azulejo, cer\u00e1mica, decoraci\u00f3n, pavimento, revestimiento\",\"publisher\":{\"@id\":\"https:\\\/\\\/cifreceramica.com\\\/#organization\"},\"potentialAction\":[{\"@type\":\"SearchAction\",\"target\":{\"@type\":\"EntryPoint\",\"urlTemplate\":\"https:\\\/\\\/cifreceramica.com\\\/?s={search_term_string}\"},\"query-input\":{\"@type\":\"PropertyValueSpecification\",\"valueRequired\":true,\"valueName\":\"search_term_string\"}}],\"inLanguage\":\"de\"},{\"@type\":\"Organization\",\"@id\":\"https:\\\/\\\/cifreceramica.com\\\/#organization\",\"name\":\"CIFRE CERAMICA SL.\",\"url\":\"https:\\\/\\\/cifreceramica.com\\\/\",\"logo\":{\"@type\":\"ImageObject\",\"inLanguage\":\"de\",\"@id\":\"https:\\\/\\\/cifreceramica.com\\\/#\\\/schema\\\/logo\\\/image\\\/\",\"url\":\"https:\\\/\\\/cifreceramica.com\\\/wp-content\\\/uploads\\\/2020\\\/03\\\/logo-cifre.jpg\",\"contentUrl\":\"https:\\\/\\\/cifreceramica.com\\\/wp-content\\\/uploads\\\/2020\\\/03\\\/logo-cifre.jpg\",\"width\":648,\"height\":320,\"caption\":\"CIFRE CERAMICA SL.\"},\"image\":{\"@id\":\"https:\\\/\\\/cifreceramica.com\\\/#\\\/schema\\\/logo\\\/image\\\/\"},\"sameAs\":[\"https:\\\/\\\/www.facebook.com\\\/Cifreceramica\\\/\",\"https:\\\/\\\/x.com\\\/cifreceramica\",\"https:\\\/\\\/www.instagram.com\\\/cifreceramica\\\/\",\"https:\\\/\\\/www.linkedin.com\\\/cifreceramica\",\"https:\\\/\\\/www.pinterest.es\\\/CifreReport\\\/_created\\\/\",\"https:\\\/\\\/www.youtube.com\\\/channel\\\/UC6T43U-C68ZKx58s-QVY0Eg\"]}]}<\/script>\n<!-- \/ Yoast SEO plugin. -->","yoast_head_json":{"title":"Besondere Empfehlungen f\u00fcr die Verlegung von Fliesen in F\u00e4llen, in denen Wasser eindringt: - CIFRE CER\u00c1MICA","robots":{"index":"index","follow":"follow","max-snippet":"max-snippet:-1","max-image-preview":"max-image-preview:large","max-video-preview":"max-video-preview:-1"},"canonical":"https:\/\/cifreceramica.com\/de\/besondere-empfehlungen-fuer-die-verlegung-von-fliesen-in-faellen-in-denen-wasser-eindringt\/","og_locale":"de_DE","og_type":"article","og_title":"Besondere Empfehlungen f\u00fcr die Verlegung von Fliesen in F\u00e4llen, in denen Wasser eindringt: - CIFRE CER\u00c1MICA","og_description":"[vc_row el_class=&#8220;breadcrumb&#8220;][vc_column][\/vc_column][\/vc_row][vc_row][vc_column width=&#8220;1\/3&#8243;][\/vc_column][vc_column width=&#8220;1\/3&#8243;][vc_column_text] Besondere Empfehlungen f\u00fcr die Verlegung von Fliesen in F\u00e4llen, in denen Wasser eindringt: [\/vc_column_text][\/vc_column][vc_column width=&#8220;1\/3&#8243;][\/vc_column][\/vc_row][vc_row][vc_column width=&#8220;1\/3&#8243;][\/vc_column][vc_column width=&#8220;1\/3&#8243;][vc_empty_space height=&#8220;52px&#8220;][vc_column_text]Unabh\u00e4ngig von der Art des gew\u00e4hlten keramischen Materials ist es unerl\u00e4sslich, dass die Verlegung der Fliesen mit den f\u00fcr diese Art der Anwendung geeigneten Produkten (Kleber und Fugenm\u00f6rtel) und unter Beachtung einer Reihe von [&hellip;]","og_url":"https:\/\/cifreceramica.com\/de\/besondere-empfehlungen-fuer-die-verlegung-von-fliesen-in-faellen-in-denen-wasser-eindringt\/","og_site_name":"CIFRE CER\u00c1MICA","article_publisher":"https:\/\/www.facebook.com\/Cifreceramica\/","article_modified_time":"2024-07-16T14:58:22+00:00","twitter_card":"summary_large_image","twitter_site":"@cifreceramica","twitter_misc":{"Gesch\u00e4tzte Lesezeit":"3\u00a0Minuten"},"schema":{"@context":"https:\/\/schema.org","@graph":[{"@type":"WebPage","@id":"https:\/\/cifreceramica.com\/de\/besondere-empfehlungen-fuer-die-verlegung-von-fliesen-in-faellen-in-denen-wasser-eindringt\/","url":"https:\/\/cifreceramica.com\/de\/besondere-empfehlungen-fuer-die-verlegung-von-fliesen-in-faellen-in-denen-wasser-eindringt\/","name":"Besondere Empfehlungen f\u00fcr die Verlegung von Fliesen in F\u00e4llen, in denen Wasser eindringt: - CIFRE CER\u00c1MICA","isPartOf":{"@id":"https:\/\/cifreceramica.com\/#website"},"datePublished":"2024-07-16T14:21:05+00:00","dateModified":"2024-07-16T14:58:22+00:00","breadcrumb":{"@id":"https:\/\/cifreceramica.com\/de\/besondere-empfehlungen-fuer-die-verlegung-von-fliesen-in-faellen-in-denen-wasser-eindringt\/#breadcrumb"},"inLanguage":"de","potentialAction":[{"@type":"ReadAction","target":["https:\/\/cifreceramica.com\/de\/besondere-empfehlungen-fuer-die-verlegung-von-fliesen-in-faellen-in-denen-wasser-eindringt\/"]}]},{"@type":"BreadcrumbList","@id":"https:\/\/cifreceramica.com\/de\/besondere-empfehlungen-fuer-die-verlegung-von-fliesen-in-faellen-in-denen-wasser-eindringt\/#breadcrumb","itemListElement":[{"@type":"ListItem","position":1,"name":"Portada","item":"https:\/\/cifreceramica.com\/de\/"},{"@type":"ListItem","position":2,"name":"Besondere Empfehlungen f\u00fcr die Verlegung von Fliesen in F\u00e4llen, in denen Wasser eindringt:"}]},{"@type":"WebSite","@id":"https:\/\/cifreceramica.com\/#website","url":"https:\/\/cifreceramica.com\/","name":"CIFRE CER\u00c1MICA","description":"Azulejo, cer\u00e1mica, decoraci\u00f3n, pavimento, revestimiento","publisher":{"@id":"https:\/\/cifreceramica.com\/#organization"},"potentialAction":[{"@type":"SearchAction","target":{"@type":"EntryPoint","urlTemplate":"https:\/\/cifreceramica.com\/?s={search_term_string}"},"query-input":{"@type":"PropertyValueSpecification","valueRequired":true,"valueName":"search_term_string"}}],"inLanguage":"de"},{"@type":"Organization","@id":"https:\/\/cifreceramica.com\/#organization","name":"CIFRE CERAMICA SL.","url":"https:\/\/cifreceramica.com\/","logo":{"@type":"ImageObject","inLanguage":"de","@id":"https:\/\/cifreceramica.com\/#\/schema\/logo\/image\/","url":"https:\/\/cifreceramica.com\/wp-content\/uploads\/2020\/03\/logo-cifre.jpg","contentUrl":"https:\/\/cifreceramica.com\/wp-content\/uploads\/2020\/03\/logo-cifre.jpg","width":648,"height":320,"caption":"CIFRE CERAMICA SL."},"image":{"@id":"https:\/\/cifreceramica.com\/#\/schema\/logo\/image\/"},"sameAs":["https:\/\/www.facebook.com\/Cifreceramica\/","https:\/\/x.com\/cifreceramica","https:\/\/www.instagram.com\/cifreceramica\/","https:\/\/www.linkedin.com\/cifreceramica","https:\/\/www.pinterest.es\/CifreReport\/_created\/","https:\/\/www.youtube.com\/channel\/UC6T43U-C68ZKx58s-QVY0Eg"]}]}},"_links":{"self":[{"href":"https:\/\/cifreceramica.com\/de\/wp-json\/wp\/v2\/pages\/11992","targetHints":{"allow":["GET"]}}],"collection":[{"href":"https:\/\/cifreceramica.com\/de\/wp-json\/wp\/v2\/pages"}],"about":[{"href":"https:\/\/cifreceramica.com\/de\/wp-json\/wp\/v2\/types\/page"}],"author":[{"embeddable":true,"href":"https:\/\/cifreceramica.com\/de\/wp-json\/wp\/v2\/users\/3"}],"replies":[{"embeddable":true,"href":"https:\/\/cifreceramica.com\/de\/wp-json\/wp\/v2\/comments?post=11992"}],"version-history":[{"count":5,"href":"https:\/\/cifreceramica.com\/de\/wp-json\/wp\/v2\/pages\/11992\/revisions"}],"predecessor-version":[{"id":12010,"href":"https:\/\/cifreceramica.com\/de\/wp-json\/wp\/v2\/pages\/11992\/revisions\/12010"}],"wp:attachment":[{"href":"https:\/\/cifreceramica.com\/de\/wp-json\/wp\/v2\/media?parent=11992"}],"curies":[{"name":"wp","href":"https:\/\/api.w.org\/{rel}","templated":true}]}}