{"id":11398,"date":"2024-02-26T17:24:04","date_gmt":"2024-02-26T16:24:04","guid":{"rendered":"https:\/\/cifreceramica.com\/?page_id=11398"},"modified":"2025-11-14T15:44:28","modified_gmt":"2025-11-14T14:44:28","slug":"cifrecreate_3d","status":"publish","type":"page","link":"https:\/\/cifreceramica.com\/de\/cifrecreate_3d\/","title":{"rendered":"Cifrecreate_3d"},"content":{"rendered":"<p>[vc_row el_class=&#8220;breadcrumb&#8220;][vc_column][\/vc_column][\/vc_row][vc_row css=&#8220;.vc_custom_1705416730948{border-left-width: 50px !important;}&#8220;][vc_column][vc_column_text]<\/p>\n<h1 style=\"text-align: center;\">Entdecken Sie die Magie von Cifre Roomview!<\/h1>\n<h2 style=\"text-align: center;\">Ihr Verb\u00fcndeter, um Ihre R\u00e4ume schnell und einfach zu visualisieren.<\/h2>\n<p style=\"text-align: center;\">Mit uns \u00fcberlassen Sie nichts der Fantasie. M\u00f6chten Sie sehen, wie unsere Produkte in Ihrem Zuhause aussehen, bevor Sie sie kaufen? Das ist einfacher als Sie sich vorstellen k\u00f6nnen!<\/p>\n<p style=\"text-align: center;\">Laden Sie einfach ein Foto Ihres Zimmers hoch und lassen Sie den Zauber geschehen &#8211; Sie werden sehen, wie Ihr Raum mit unseren Produkten zum Leben erweckt wird! Warten Sie nicht l\u00e4nger und erwecken Sie Ihre Ideen mit Cifre Roomview zum Leben!<\/p>\n<p style=\"text-align: center;\">Erleben Sie die Magie der Verwandlung Ihres Raumes!<\/p>\n<p>[\/vc_column_text][\/vc_column][\/vc_row][vc_row css=&#8220;.vc_custom_1705416730948{border-left-width: 50px !important;}&#8220;][vc_column][vc_column_text el_class=&#8220;bloque enlace_buscador_producto_home&#8220; css=&#8220;.vc_custom_1763131463941{margin-top: -10px !important;}&#8220;]<\/p>\n<p style=\"text-align: center;\"><a href=\"https:\/\/cifreceramica.com\/de\/cifrecreate_aktualitat_erhoht\/\">Cifre Roomview betreten<\/a><\/p>\n<p>[\/vc_column_text][\/vc_column][\/vc_row][vc_row css=&#8220;.vc_custom_1705416730948{border-left-width: 50px !important;}&#8220;][vc_column][vc_column_text css=&#8220;.vc_custom_1712052383256{margin-bottom: 50px !important;}&#8220;]<\/p>\n<h2 style=\"text-align: center;\">siehe Anleitung (auf Englisch)<\/h2>\n<p>[\/vc_column_text][vc_video link=&#8220;https:\/\/vimeo.com\/928452246\/9efb8bbad5&#8243;][\/vc_column][\/vc_row]<\/p>\n","protected":false},"excerpt":{"rendered":"<p>[vc_row el_class=&#8220;breadcrumb&#8220;][vc_column][\/vc_column][\/vc_row][vc_row css=&#8220;.vc_custom_1705416730948{border-left-width: 50px !important;}&#8220;][vc_column][vc_column_text] Entdecken Sie die Magie von Cifre Roomview! Ihr Verb\u00fcndeter, um Ihre R\u00e4ume schnell und einfach zu visualisieren. Mit uns \u00fcberlassen Sie nichts der Fantasie. M\u00f6chten Sie sehen, wie unsere Produkte in Ihrem Zuhause aussehen, bevor Sie sie kaufen? Das ist einfacher als Sie sich vorstellen k\u00f6nnen! Laden Sie einfach ein [&hellip;]<\/p>\n","protected":false},"author":3,"featured_media":0,"parent":0,"menu_order":0,"comment_status":"closed","ping_status":"closed","template":"","meta":{"footnotes":""},"class_list":["post-11398","page","type-page","status-publish","hentry"],"yoast_head":"<!-- This site is optimized with the Yoast SEO plugin v27.4 - https:\/\/yoast.com\/product\/yoast-seo-wordpress\/ -->\n<title>Cifrecreate_3d - CIFRE CER\u00c1MICA<\/title>\n<meta name=\"robots\" content=\"index, follow, max-snippet:-1, max-image-preview:large, max-video-preview:-1\" \/>\n<link rel=\"canonical\" href=\"https:\/\/cifreceramica.com\/de\/cifrecreate_3d\/\" \/>\n<meta property=\"og:locale\" content=\"de_DE\" \/>\n<meta property=\"og:type\" content=\"article\" \/>\n<meta property=\"og:title\" content=\"Cifrecreate_3d - CIFRE CER\u00c1MICA\" \/>\n<meta property=\"og:description\" content=\"[vc_row el_class=&#8220;breadcrumb&#8220;][vc_column][\/vc_column][\/vc_row][vc_row css=&#8220;.vc_custom_1705416730948{border-left-width: 50px !important;}&#8220;][vc_column][vc_column_text] Entdecken Sie die Magie von Cifre Roomview! Ihr Verb\u00fcndeter, um Ihre R\u00e4ume schnell und einfach zu visualisieren. Mit uns \u00fcberlassen Sie nichts der Fantasie. M\u00f6chten Sie sehen, wie unsere Produkte in Ihrem Zuhause aussehen, bevor Sie sie kaufen? Das ist einfacher als Sie sich vorstellen k\u00f6nnen! Laden Sie einfach ein [&hellip;]\" \/>\n<meta property=\"og:url\" content=\"https:\/\/cifreceramica.com\/de\/cifrecreate_3d\/\" \/>\n<meta property=\"og:site_name\" content=\"CIFRE CER\u00c1MICA\" \/>\n<meta property=\"article:publisher\" content=\"https:\/\/www.facebook.com\/Cifreceramica\/\" \/>\n<meta property=\"article:modified_time\" content=\"2025-11-14T14:44:28+00:00\" \/>\n<meta name=\"twitter:card\" content=\"summary_large_image\" \/>\n<meta name=\"twitter:site\" content=\"@cifreceramica\" \/>\n<meta name=\"twitter:label1\" content=\"Gesch\u00e4tzte Lesezeit\" \/>\n\t<meta name=\"twitter:data1\" content=\"1\u00a0Minute\" \/>\n<script type=\"application\/ld+json\" class=\"yoast-schema-graph\">{\"@context\":\"https:\\\/\\\/schema.org\",\"@graph\":[{\"@type\":\"WebPage\",\"@id\":\"https:\\\/\\\/cifreceramica.com\\\/de\\\/cifrecreate_3d\\\/\",\"url\":\"https:\\\/\\\/cifreceramica.com\\\/de\\\/cifrecreate_3d\\\/\",\"name\":\"Cifrecreate_3d - CIFRE CER\u00c1MICA\",\"isPartOf\":{\"@id\":\"https:\\\/\\\/cifreceramica.com\\\/#website\"},\"datePublished\":\"2024-02-26T16:24:04+00:00\",\"dateModified\":\"2025-11-14T14:44:28+00:00\",\"breadcrumb\":{\"@id\":\"https:\\\/\\\/cifreceramica.com\\\/de\\\/cifrecreate_3d\\\/#breadcrumb\"},\"inLanguage\":\"de\",\"potentialAction\":[{\"@type\":\"ReadAction\",\"target\":[\"https:\\\/\\\/cifreceramica.com\\\/de\\\/cifrecreate_3d\\\/\"]}]},{\"@type\":\"BreadcrumbList\",\"@id\":\"https:\\\/\\\/cifreceramica.com\\\/de\\\/cifrecreate_3d\\\/#breadcrumb\",\"itemListElement\":[{\"@type\":\"ListItem\",\"position\":1,\"name\":\"Portada\",\"item\":\"https:\\\/\\\/cifreceramica.com\\\/de\\\/\"},{\"@type\":\"ListItem\",\"position\":2,\"name\":\"Cifrecreate_3d\"}]},{\"@type\":\"WebSite\",\"@id\":\"https:\\\/\\\/cifreceramica.com\\\/#website\",\"url\":\"https:\\\/\\\/cifreceramica.com\\\/\",\"name\":\"CIFRE CER\u00c1MICA\",\"description\":\"Azulejo, cer\u00e1mica, decoraci\u00f3n, pavimento, revestimiento\",\"publisher\":{\"@id\":\"https:\\\/\\\/cifreceramica.com\\\/#organization\"},\"potentialAction\":[{\"@type\":\"SearchAction\",\"target\":{\"@type\":\"EntryPoint\",\"urlTemplate\":\"https:\\\/\\\/cifreceramica.com\\\/?s={search_term_string}\"},\"query-input\":{\"@type\":\"PropertyValueSpecification\",\"valueRequired\":true,\"valueName\":\"search_term_string\"}}],\"inLanguage\":\"de\"},{\"@type\":\"Organization\",\"@id\":\"https:\\\/\\\/cifreceramica.com\\\/#organization\",\"name\":\"CIFRE CERAMICA SL.\",\"url\":\"https:\\\/\\\/cifreceramica.com\\\/\",\"logo\":{\"@type\":\"ImageObject\",\"inLanguage\":\"de\",\"@id\":\"https:\\\/\\\/cifreceramica.com\\\/#\\\/schema\\\/logo\\\/image\\\/\",\"url\":\"https:\\\/\\\/cifreceramica.com\\\/wp-content\\\/uploads\\\/2020\\\/03\\\/logo-cifre.jpg\",\"contentUrl\":\"https:\\\/\\\/cifreceramica.com\\\/wp-content\\\/uploads\\\/2020\\\/03\\\/logo-cifre.jpg\",\"width\":648,\"height\":320,\"caption\":\"CIFRE CERAMICA SL.\"},\"image\":{\"@id\":\"https:\\\/\\\/cifreceramica.com\\\/#\\\/schema\\\/logo\\\/image\\\/\"},\"sameAs\":[\"https:\\\/\\\/www.facebook.com\\\/Cifreceramica\\\/\",\"https:\\\/\\\/x.com\\\/cifreceramica\",\"https:\\\/\\\/www.instagram.com\\\/cifreceramica\\\/\",\"https:\\\/\\\/www.linkedin.com\\\/cifreceramica\",\"https:\\\/\\\/www.pinterest.es\\\/CifreReport\\\/_created\\\/\",\"https:\\\/\\\/www.youtube.com\\\/channel\\\/UC6T43U-C68ZKx58s-QVY0Eg\"]}]}<\/script>\n<!-- \/ Yoast SEO plugin. -->","yoast_head_json":{"title":"Cifrecreate_3d - CIFRE CER\u00c1MICA","robots":{"index":"index","follow":"follow","max-snippet":"max-snippet:-1","max-image-preview":"max-image-preview:large","max-video-preview":"max-video-preview:-1"},"canonical":"https:\/\/cifreceramica.com\/de\/cifrecreate_3d\/","og_locale":"de_DE","og_type":"article","og_title":"Cifrecreate_3d - CIFRE CER\u00c1MICA","og_description":"[vc_row el_class=&#8220;breadcrumb&#8220;][vc_column][\/vc_column][\/vc_row][vc_row css=&#8220;.vc_custom_1705416730948{border-left-width: 50px !important;}&#8220;][vc_column][vc_column_text] Entdecken Sie die Magie von Cifre Roomview! Ihr Verb\u00fcndeter, um Ihre R\u00e4ume schnell und einfach zu visualisieren. Mit uns \u00fcberlassen Sie nichts der Fantasie. M\u00f6chten Sie sehen, wie unsere Produkte in Ihrem Zuhause aussehen, bevor Sie sie kaufen? Das ist einfacher als Sie sich vorstellen k\u00f6nnen! Laden Sie einfach ein [&hellip;]","og_url":"https:\/\/cifreceramica.com\/de\/cifrecreate_3d\/","og_site_name":"CIFRE CER\u00c1MICA","article_publisher":"https:\/\/www.facebook.com\/Cifreceramica\/","article_modified_time":"2025-11-14T14:44:28+00:00","twitter_card":"summary_large_image","twitter_site":"@cifreceramica","twitter_misc":{"Gesch\u00e4tzte Lesezeit":"1\u00a0Minute"},"schema":{"@context":"https:\/\/schema.org","@graph":[{"@type":"WebPage","@id":"https:\/\/cifreceramica.com\/de\/cifrecreate_3d\/","url":"https:\/\/cifreceramica.com\/de\/cifrecreate_3d\/","name":"Cifrecreate_3d - CIFRE CER\u00c1MICA","isPartOf":{"@id":"https:\/\/cifreceramica.com\/#website"},"datePublished":"2024-02-26T16:24:04+00:00","dateModified":"2025-11-14T14:44:28+00:00","breadcrumb":{"@id":"https:\/\/cifreceramica.com\/de\/cifrecreate_3d\/#breadcrumb"},"inLanguage":"de","potentialAction":[{"@type":"ReadAction","target":["https:\/\/cifreceramica.com\/de\/cifrecreate_3d\/"]}]},{"@type":"BreadcrumbList","@id":"https:\/\/cifreceramica.com\/de\/cifrecreate_3d\/#breadcrumb","itemListElement":[{"@type":"ListItem","position":1,"name":"Portada","item":"https:\/\/cifreceramica.com\/de\/"},{"@type":"ListItem","position":2,"name":"Cifrecreate_3d"}]},{"@type":"WebSite","@id":"https:\/\/cifreceramica.com\/#website","url":"https:\/\/cifreceramica.com\/","name":"CIFRE CER\u00c1MICA","description":"Azulejo, cer\u00e1mica, decoraci\u00f3n, pavimento, revestimiento","publisher":{"@id":"https:\/\/cifreceramica.com\/#organization"},"potentialAction":[{"@type":"SearchAction","target":{"@type":"EntryPoint","urlTemplate":"https:\/\/cifreceramica.com\/?s={search_term_string}"},"query-input":{"@type":"PropertyValueSpecification","valueRequired":true,"valueName":"search_term_string"}}],"inLanguage":"de"},{"@type":"Organization","@id":"https:\/\/cifreceramica.com\/#organization","name":"CIFRE CERAMICA SL.","url":"https:\/\/cifreceramica.com\/","logo":{"@type":"ImageObject","inLanguage":"de","@id":"https:\/\/cifreceramica.com\/#\/schema\/logo\/image\/","url":"https:\/\/cifreceramica.com\/wp-content\/uploads\/2020\/03\/logo-cifre.jpg","contentUrl":"https:\/\/cifreceramica.com\/wp-content\/uploads\/2020\/03\/logo-cifre.jpg","width":648,"height":320,"caption":"CIFRE CERAMICA SL."},"image":{"@id":"https:\/\/cifreceramica.com\/#\/schema\/logo\/image\/"},"sameAs":["https:\/\/www.facebook.com\/Cifreceramica\/","https:\/\/x.com\/cifreceramica","https:\/\/www.instagram.com\/cifreceramica\/","https:\/\/www.linkedin.com\/cifreceramica","https:\/\/www.pinterest.es\/CifreReport\/_created\/","https:\/\/www.youtube.com\/channel\/UC6T43U-C68ZKx58s-QVY0Eg"]}]}},"_links":{"self":[{"href":"https:\/\/cifreceramica.com\/de\/wp-json\/wp\/v2\/pages\/11398","targetHints":{"allow":["GET"]}}],"collection":[{"href":"https:\/\/cifreceramica.com\/de\/wp-json\/wp\/v2\/pages"}],"about":[{"href":"https:\/\/cifreceramica.com\/de\/wp-json\/wp\/v2\/types\/page"}],"author":[{"embeddable":true,"href":"https:\/\/cifreceramica.com\/de\/wp-json\/wp\/v2\/users\/3"}],"replies":[{"embeddable":true,"href":"https:\/\/cifreceramica.com\/de\/wp-json\/wp\/v2\/comments?post=11398"}],"version-history":[{"count":8,"href":"https:\/\/cifreceramica.com\/de\/wp-json\/wp\/v2\/pages\/11398\/revisions"}],"predecessor-version":[{"id":13568,"href":"https:\/\/cifreceramica.com\/de\/wp-json\/wp\/v2\/pages\/11398\/revisions\/13568"}],"wp:attachment":[{"href":"https:\/\/cifreceramica.com\/de\/wp-json\/wp\/v2\/media?parent=11398"}],"curies":[{"name":"wp","href":"https:\/\/api.w.org\/{rel}","templated":true}]}}