{"id":10832,"date":"2023-09-21T16:09:50","date_gmt":"2023-09-21T14:09:50","guid":{"rendered":"https:\/\/cifreceramica.com\/?page_id=10832"},"modified":"2023-09-22T08:23:10","modified_gmt":"2023-09-22T06:23:10","slug":"stock-tiendas","status":"publish","type":"page","link":"https:\/\/cifreceramica.com\/de\/stock-tiendas\/","title":{"rendered":"Stock Tiendas"},"content":{"rendered":"<p>[vc_row full_width=&#8220;stretch_row_content&#8220; el_class=&#8220;breadcrumb&#8220;][vc_column][\/vc_column][\/vc_row][vc_row][vc_column width=&#8220;1\/3&#8243;][\/vc_column][vc_column width=&#8220;1\/3&#8243;][vc_column_text]<\/p>\n<h1 style=\"text-align: center;\">Lagerbestand in Gesch\u00e4ften<\/h1>\n<p style=\"text-align: center;\">Cifre Cer\u00e1mica bietet seinen H\u00e4ndlern mit Cifre Stock ein neues digitales Tool an, um den Lagerbestand der Produkte zu kennen.<\/p>\n<p style=\"text-align: center;\">Kopieren Sie diesen Link in den Browser Ihres Handys oder Tablets und speichern Sie ihn in Ihren Favoriten. Auf diese Weise erhalten Sie einen schnelleren Zugang.<\/p>\n<p style=\"text-align: center;\"><a href=\"https:\/\/cifreceramica.com\/tiendas.\"><strong>https:\/\/cifreceramica.com\/tiendas.<\/strong><\/a><\/p>\n<p>[\/vc_column_text][\/vc_column][vc_column width=&#8220;1\/3&#8243;][\/vc_column][\/vc_row][vc_row el_class=&#8220;bloque&#8220;][vc_column][vc_single_image image=&#8220;10810&#8243; img_size=&#8220;full&#8220; alignment=&#8220;center&#8220;][\/vc_column][\/vc_row][vc_row full_width=&#8220;stretch_row&#8220;][vc_column width=&#8220;1\/4&#8243;][\/vc_column][vc_column width=&#8220;1\/2&#8243;][vc_column_text]<\/p>\n<p style=\"text-align: center;\">Diese neue Funktionalit\u00e4t, die im Internet gehostet wird, funktioniert \u00fcber QR-Codes, die sich auf den Tafeln der Gesch\u00e4fte befinden.<\/p>\n<p style=\"text-align: center;\">Um herauszufinden, ob ein bestimmtes St\u00fcck vorr\u00e4tig ist, m\u00fcssen Sie nur den Code mit Ihrem Mobiltelefon scannen. In der Anwendung kann der Nutzer dann ein bestimmtes Modell ausw\u00e4hlen oder nach Parametern wie Format, Ausf\u00fchrung oder Farbe filtern. Zus\u00e4tzlich zum Lagerbestand kann der Nutzer weitere Informationen mit den technischen Merkmalen jedes Produkts abrufen.<\/p>\n<p style=\"text-align: center;\">Mit diesem neuen Tool m\u00f6chte Cifre Cer\u00e1mica die Information des Personals in den Betrieben erleichtern und die Bestellungen beschleunigen.<\/p>\n<p style=\"text-align: center;\">Nicht umsonst erlaubt es, sogar in Anwesenheit des Kunden, den verf\u00fcgbaren Bestand zu kennen. Dies erleichtert die Arbeit der Vertriebsh\u00e4ndler und beschleunigt den Verkauf.<\/p>\n<p style=\"text-align: center;\">Der Zugang zu CifreStock ist \u00fcber das Men\u00fc auf unserer Website oder \u00fcber die folgende Adresse m\u00f6glich: https:\/\/cifreceramica.com\/tiendas.<\/p>\n<p style=\"text-align: center;\">Die Nutzung des Tools ist kostenlos und es ist nicht notwendig, einen Benutzernamen und ein Passwort zu haben, es gen\u00fcgt, auf die URL zuzugreifen und den in der Schnittstelle angegebenen Schritten zu folgen.<\/p>\n<p style=\"text-align: center;\">Die Website ist in 4 Sprachen verf\u00fcgbar: Spanisch, Englisch, Franz\u00f6sisch und Deutsch.<\/p>\n<p>[\/vc_column_text][\/vc_column][vc_column width=&#8220;1\/4&#8243;][\/vc_column][\/vc_row][vc_row full_width=&#8220;stretch_row_content&#8220; el_class=&#8220;boton_negro&#8220;][vc_column][vc_btn title=&#8220;Laden Sie das Handbuch herunter&#8220; align=&#8220;center&#8220; css_animation=&#8220;none&#8220; link=&#8220;url:https%3A%2F%2Fcifreceramica.com%2Fwp-content%2Fuploads%2F2023%2F09%2FMANUAL_APP_TIENDAS_GER.pdf|target:_blank&#8220;][\/vc_column][\/vc_row]<\/p>\n","protected":false},"excerpt":{"rendered":"<p>[vc_row full_width=&#8220;stretch_row_content&#8220; el_class=&#8220;breadcrumb&#8220;][vc_column][\/vc_column][\/vc_row][vc_row][vc_column width=&#8220;1\/3&#8243;][\/vc_column][vc_column width=&#8220;1\/3&#8243;][vc_column_text] Lagerbestand in Gesch\u00e4ften Cifre Cer\u00e1mica bietet seinen H\u00e4ndlern mit Cifre Stock ein neues digitales Tool an, um den Lagerbestand der Produkte zu kennen. Kopieren Sie diesen Link in den Browser Ihres Handys oder Tablets und speichern Sie ihn in Ihren Favoriten. Auf diese Weise erhalten Sie einen schnelleren Zugang. https:\/\/cifreceramica.com\/tiendas. [&hellip;]<\/p>\n","protected":false},"author":3,"featured_media":0,"parent":0,"menu_order":0,"comment_status":"closed","ping_status":"closed","template":"","meta":{"footnotes":""},"class_list":["post-10832","page","type-page","status-publish","hentry"],"yoast_head":"<!-- This site is optimized with the Yoast SEO plugin v27.4 - https:\/\/yoast.com\/product\/yoast-seo-wordpress\/ -->\n<title>Stock Tiendas - CIFRE CER\u00c1MICA<\/title>\n<meta name=\"robots\" content=\"index, follow, max-snippet:-1, max-image-preview:large, max-video-preview:-1\" \/>\n<link rel=\"canonical\" href=\"https:\/\/cifreceramica.com\/de\/stock-tiendas\/\" \/>\n<meta property=\"og:locale\" content=\"de_DE\" \/>\n<meta property=\"og:type\" content=\"article\" \/>\n<meta property=\"og:title\" content=\"Stock Tiendas - CIFRE CER\u00c1MICA\" \/>\n<meta property=\"og:description\" content=\"[vc_row full_width=&#8220;stretch_row_content&#8220; el_class=&#8220;breadcrumb&#8220;][vc_column][\/vc_column][\/vc_row][vc_row][vc_column width=&#8220;1\/3&#8243;][\/vc_column][vc_column width=&#8220;1\/3&#8243;][vc_column_text] Lagerbestand in Gesch\u00e4ften Cifre Cer\u00e1mica bietet seinen H\u00e4ndlern mit Cifre Stock ein neues digitales Tool an, um den Lagerbestand der Produkte zu kennen. Kopieren Sie diesen Link in den Browser Ihres Handys oder Tablets und speichern Sie ihn in Ihren Favoriten. Auf diese Weise erhalten Sie einen schnelleren Zugang. https:\/\/cifreceramica.com\/tiendas. [&hellip;]\" \/>\n<meta property=\"og:url\" content=\"https:\/\/cifreceramica.com\/de\/stock-tiendas\/\" \/>\n<meta property=\"og:site_name\" content=\"CIFRE CER\u00c1MICA\" \/>\n<meta property=\"article:publisher\" content=\"https:\/\/www.facebook.com\/Cifreceramica\/\" \/>\n<meta property=\"article:modified_time\" content=\"2023-09-22T06:23:10+00:00\" \/>\n<meta name=\"twitter:card\" content=\"summary_large_image\" \/>\n<meta name=\"twitter:site\" content=\"@cifreceramica\" \/>\n<meta name=\"twitter:label1\" content=\"Gesch\u00e4tzte Lesezeit\" \/>\n\t<meta name=\"twitter:data1\" content=\"2\u00a0Minuten\" \/>\n<script type=\"application\/ld+json\" class=\"yoast-schema-graph\">{\"@context\":\"https:\\\/\\\/schema.org\",\"@graph\":[{\"@type\":\"WebPage\",\"@id\":\"https:\\\/\\\/cifreceramica.com\\\/de\\\/stock-tiendas\\\/\",\"url\":\"https:\\\/\\\/cifreceramica.com\\\/de\\\/stock-tiendas\\\/\",\"name\":\"Stock Tiendas - CIFRE CER\u00c1MICA\",\"isPartOf\":{\"@id\":\"https:\\\/\\\/cifreceramica.com\\\/#website\"},\"datePublished\":\"2023-09-21T14:09:50+00:00\",\"dateModified\":\"2023-09-22T06:23:10+00:00\",\"breadcrumb\":{\"@id\":\"https:\\\/\\\/cifreceramica.com\\\/de\\\/stock-tiendas\\\/#breadcrumb\"},\"inLanguage\":\"de\",\"potentialAction\":[{\"@type\":\"ReadAction\",\"target\":[\"https:\\\/\\\/cifreceramica.com\\\/de\\\/stock-tiendas\\\/\"]}]},{\"@type\":\"BreadcrumbList\",\"@id\":\"https:\\\/\\\/cifreceramica.com\\\/de\\\/stock-tiendas\\\/#breadcrumb\",\"itemListElement\":[{\"@type\":\"ListItem\",\"position\":1,\"name\":\"Portada\",\"item\":\"https:\\\/\\\/cifreceramica.com\\\/de\\\/\"},{\"@type\":\"ListItem\",\"position\":2,\"name\":\"Stock Tiendas\"}]},{\"@type\":\"WebSite\",\"@id\":\"https:\\\/\\\/cifreceramica.com\\\/#website\",\"url\":\"https:\\\/\\\/cifreceramica.com\\\/\",\"name\":\"CIFRE CER\u00c1MICA\",\"description\":\"Azulejo, cer\u00e1mica, decoraci\u00f3n, pavimento, revestimiento\",\"publisher\":{\"@id\":\"https:\\\/\\\/cifreceramica.com\\\/#organization\"},\"potentialAction\":[{\"@type\":\"SearchAction\",\"target\":{\"@type\":\"EntryPoint\",\"urlTemplate\":\"https:\\\/\\\/cifreceramica.com\\\/?s={search_term_string}\"},\"query-input\":{\"@type\":\"PropertyValueSpecification\",\"valueRequired\":true,\"valueName\":\"search_term_string\"}}],\"inLanguage\":\"de\"},{\"@type\":\"Organization\",\"@id\":\"https:\\\/\\\/cifreceramica.com\\\/#organization\",\"name\":\"CIFRE CERAMICA SL.\",\"url\":\"https:\\\/\\\/cifreceramica.com\\\/\",\"logo\":{\"@type\":\"ImageObject\",\"inLanguage\":\"de\",\"@id\":\"https:\\\/\\\/cifreceramica.com\\\/#\\\/schema\\\/logo\\\/image\\\/\",\"url\":\"https:\\\/\\\/cifreceramica.com\\\/wp-content\\\/uploads\\\/2020\\\/03\\\/logo-cifre.jpg\",\"contentUrl\":\"https:\\\/\\\/cifreceramica.com\\\/wp-content\\\/uploads\\\/2020\\\/03\\\/logo-cifre.jpg\",\"width\":648,\"height\":320,\"caption\":\"CIFRE CERAMICA SL.\"},\"image\":{\"@id\":\"https:\\\/\\\/cifreceramica.com\\\/#\\\/schema\\\/logo\\\/image\\\/\"},\"sameAs\":[\"https:\\\/\\\/www.facebook.com\\\/Cifreceramica\\\/\",\"https:\\\/\\\/x.com\\\/cifreceramica\",\"https:\\\/\\\/www.instagram.com\\\/cifreceramica\\\/\",\"https:\\\/\\\/www.linkedin.com\\\/cifreceramica\",\"https:\\\/\\\/www.pinterest.es\\\/CifreReport\\\/_created\\\/\",\"https:\\\/\\\/www.youtube.com\\\/channel\\\/UC6T43U-C68ZKx58s-QVY0Eg\"]}]}<\/script>\n<!-- \/ Yoast SEO plugin. -->","yoast_head_json":{"title":"Stock Tiendas - CIFRE CER\u00c1MICA","robots":{"index":"index","follow":"follow","max-snippet":"max-snippet:-1","max-image-preview":"max-image-preview:large","max-video-preview":"max-video-preview:-1"},"canonical":"https:\/\/cifreceramica.com\/de\/stock-tiendas\/","og_locale":"de_DE","og_type":"article","og_title":"Stock Tiendas - CIFRE CER\u00c1MICA","og_description":"[vc_row full_width=&#8220;stretch_row_content&#8220; el_class=&#8220;breadcrumb&#8220;][vc_column][\/vc_column][\/vc_row][vc_row][vc_column width=&#8220;1\/3&#8243;][\/vc_column][vc_column width=&#8220;1\/3&#8243;][vc_column_text] Lagerbestand in Gesch\u00e4ften Cifre Cer\u00e1mica bietet seinen H\u00e4ndlern mit Cifre Stock ein neues digitales Tool an, um den Lagerbestand der Produkte zu kennen. Kopieren Sie diesen Link in den Browser Ihres Handys oder Tablets und speichern Sie ihn in Ihren Favoriten. Auf diese Weise erhalten Sie einen schnelleren Zugang. https:\/\/cifreceramica.com\/tiendas. [&hellip;]","og_url":"https:\/\/cifreceramica.com\/de\/stock-tiendas\/","og_site_name":"CIFRE CER\u00c1MICA","article_publisher":"https:\/\/www.facebook.com\/Cifreceramica\/","article_modified_time":"2023-09-22T06:23:10+00:00","twitter_card":"summary_large_image","twitter_site":"@cifreceramica","twitter_misc":{"Gesch\u00e4tzte Lesezeit":"2\u00a0Minuten"},"schema":{"@context":"https:\/\/schema.org","@graph":[{"@type":"WebPage","@id":"https:\/\/cifreceramica.com\/de\/stock-tiendas\/","url":"https:\/\/cifreceramica.com\/de\/stock-tiendas\/","name":"Stock Tiendas - CIFRE CER\u00c1MICA","isPartOf":{"@id":"https:\/\/cifreceramica.com\/#website"},"datePublished":"2023-09-21T14:09:50+00:00","dateModified":"2023-09-22T06:23:10+00:00","breadcrumb":{"@id":"https:\/\/cifreceramica.com\/de\/stock-tiendas\/#breadcrumb"},"inLanguage":"de","potentialAction":[{"@type":"ReadAction","target":["https:\/\/cifreceramica.com\/de\/stock-tiendas\/"]}]},{"@type":"BreadcrumbList","@id":"https:\/\/cifreceramica.com\/de\/stock-tiendas\/#breadcrumb","itemListElement":[{"@type":"ListItem","position":1,"name":"Portada","item":"https:\/\/cifreceramica.com\/de\/"},{"@type":"ListItem","position":2,"name":"Stock Tiendas"}]},{"@type":"WebSite","@id":"https:\/\/cifreceramica.com\/#website","url":"https:\/\/cifreceramica.com\/","name":"CIFRE CER\u00c1MICA","description":"Azulejo, cer\u00e1mica, decoraci\u00f3n, pavimento, revestimiento","publisher":{"@id":"https:\/\/cifreceramica.com\/#organization"},"potentialAction":[{"@type":"SearchAction","target":{"@type":"EntryPoint","urlTemplate":"https:\/\/cifreceramica.com\/?s={search_term_string}"},"query-input":{"@type":"PropertyValueSpecification","valueRequired":true,"valueName":"search_term_string"}}],"inLanguage":"de"},{"@type":"Organization","@id":"https:\/\/cifreceramica.com\/#organization","name":"CIFRE CERAMICA SL.","url":"https:\/\/cifreceramica.com\/","logo":{"@type":"ImageObject","inLanguage":"de","@id":"https:\/\/cifreceramica.com\/#\/schema\/logo\/image\/","url":"https:\/\/cifreceramica.com\/wp-content\/uploads\/2020\/03\/logo-cifre.jpg","contentUrl":"https:\/\/cifreceramica.com\/wp-content\/uploads\/2020\/03\/logo-cifre.jpg","width":648,"height":320,"caption":"CIFRE CERAMICA SL."},"image":{"@id":"https:\/\/cifreceramica.com\/#\/schema\/logo\/image\/"},"sameAs":["https:\/\/www.facebook.com\/Cifreceramica\/","https:\/\/x.com\/cifreceramica","https:\/\/www.instagram.com\/cifreceramica\/","https:\/\/www.linkedin.com\/cifreceramica","https:\/\/www.pinterest.es\/CifreReport\/_created\/","https:\/\/www.youtube.com\/channel\/UC6T43U-C68ZKx58s-QVY0Eg"]}]}},"_links":{"self":[{"href":"https:\/\/cifreceramica.com\/de\/wp-json\/wp\/v2\/pages\/10832","targetHints":{"allow":["GET"]}}],"collection":[{"href":"https:\/\/cifreceramica.com\/de\/wp-json\/wp\/v2\/pages"}],"about":[{"href":"https:\/\/cifreceramica.com\/de\/wp-json\/wp\/v2\/types\/page"}],"author":[{"embeddable":true,"href":"https:\/\/cifreceramica.com\/de\/wp-json\/wp\/v2\/users\/3"}],"replies":[{"embeddable":true,"href":"https:\/\/cifreceramica.com\/de\/wp-json\/wp\/v2\/comments?post=10832"}],"version-history":[{"count":4,"href":"https:\/\/cifreceramica.com\/de\/wp-json\/wp\/v2\/pages\/10832\/revisions"}],"predecessor-version":[{"id":10855,"href":"https:\/\/cifreceramica.com\/de\/wp-json\/wp\/v2\/pages\/10832\/revisions\/10855"}],"wp:attachment":[{"href":"https:\/\/cifreceramica.com\/de\/wp-json\/wp\/v2\/media?parent=10832"}],"curies":[{"name":"wp","href":"https:\/\/api.w.org\/{rel}","templated":true}]}}